{"id":1336,"date":"2024-02-10T08:30:09","date_gmt":"2024-02-10T08:30:09","guid":{"rendered":"https:\/\/green-card-usa.net\/?page_id=1336"},"modified":"2025-08-23T16:46:44","modified_gmt":"2025-08-23T16:46:44","slug":"pays-non-autorises-participer-loterie-green-card","status":"publish","type":"page","link":"https:\/\/us-gc.net\/fr\/pays-non-autorises-participer-loterie-green-card\/","title":{"rendered":"Pays non autoris\u00e9s \u00e0 participer \u00e0 la loterie de la Green Card"},"content":{"rendered":"\n<h1 class=\"wp-block-heading\" id=\"h-liste-des-pays-non-participants-a-la-loterie-de-la-green-card\">Liste des pays non participants \u00e0 la loterie de la Green Card<\/h1>\n\n\n\n<p>Les \u00c9tats-Unis souhaitent conserver une mixit\u00e9 au sein de la population immigr\u00e9e. Le Diversity Visa Program \u00e9tabli donc chaque ann\u00e9e la liste des pays dont les ressortissants ne sont pas autoris\u00e9s \u00e0 participer \u00e0 la loterie de la Green Card. Ces pays non participants sont ceux dont plus de 50 000 ressortissants ont immigr\u00e9 aux \u00c9tats-Unis au cours des cinq ann\u00e9es pr\u00e9c\u00e9dentes ne peuvent pas participer au tirage au sort de l\u2019ann\u00e9e.<\/p>\n\n\n\n<h2 class=\"wp-block-heading\" id=\"h-pays-exclus-de-la-loterie-green-card-dv-2024\">Pays exclus de la loterie Green Card DV-2024<\/h2>\n\n\n\n<p>Pour le tirage annuel de la loterie <a href=\"https:\/\/us-gc.net\/fr\/green-card-loterie-2024\/\">Green Card DV-2024<\/a>, les natifs des pays et r\u00e9gions suivants n&rsquo;\u00e9taient pas \u00e9ligibles, car plus de 50 000 natifs de ces pays ont immigr\u00e9 aux \u00c9tats-Unis au cours des cinq ann\u00e9es pr\u00e9c\u00e9dentes\u00a0: Bangladesh, Br\u00e9sil, Canada, Chine (Hong Kong inclus), Colombie, R\u00e9publique dominicaine, El Salvador, Ha\u00efti, Honduras, Inde, Jama\u00efque, Mexique, Nig\u00e9ria, Pakistan, Philippines, R\u00e9publique de Cor\u00e9e, Royaume-Uni (\u00e0 l&rsquo;exception de l&rsquo;Irlande du Nord) et ses territoires d\u00e9pendants, Venezuela et Vietnam.<\/p>\n\n\n\n<p><strong>Exception chinoise<\/strong> : Les natifs de Macao et de Taiwan \u00e9taient \u00e9ligibles.<\/p>\n\n\n\n<h2 class=\"wp-block-heading\" id=\"h-pays-exclus-de-la-loterie-green-card-dv-2025\">Pays exclus de la loterie Green Card DV-2025<\/h2>\n\n\n\n<p>Pour le tirage annuel de la loterie <a href=\"https:\/\/us-gc.net\/fr\/loterie-green-card-2025\/\">Green Card DV-2025<\/a>, les ressortissants des pays suivants ne sont pas \u00e9ligibles :\u00a0Bangladesh, Br\u00e9sil, Canada, Chine (Hong Kong inclus), Colombie, R\u00e9publique dominicaine, El Salvador, Ha\u00efti, Honduras, Inde, Jama\u00efque, Mexique, Nigeria, Pakistan, Philippines, R\u00e9publique de Cor\u00e9e, le Venezuela et le Vietnam.<\/p>\n\n\n\n<p><strong>Exception chinoise<\/strong> : Les natifs de Macao et de Taiwan \u00e9taient \u00e9ligibles.<\/p>\n\n\n\n<p>Un seul territoire est sorti de la liste des pays exclus entre le programme DV-2024 et DV-2025 : <strong>Il s&rsquo;agit du Royaume Uni<\/strong>. Donc les citoyens britanniques ont pu de nouveau postuler \u00e0 la <a href=\"https:\/\/us-gc.net\/fr\/loterie-carte-verte-americaine\/\">loterie de la Carte Verte<\/a> dans le cadre du tirage au sort DV-2025.<\/p>\n","protected":false},"excerpt":{"rendered":"<p>Liste des pays non participants \u00e0 la loterie de la Green Card Les \u00c9tats-Unis souhaitent conserver une mixit\u00e9 au sein de la population immigr\u00e9e. Le Diversity Visa Program \u00e9tabli donc chaque ann\u00e9e la liste des pays dont les ressortissants ne sont pas autoris\u00e9s \u00e0 participer \u00e0 la loterie de la Green Card. Ces pays non [&hellip;]<\/p>\n","protected":false},"author":1,"featured_media":0,"parent":0,"menu_order":0,"comment_status":"closed","ping_status":"closed","template":"","meta":{"footnotes":""},"class_list":["post-1336","page","type-page","status-publish","hentry"],"yoast_head":"<!-- This site is optimized with the Yoast SEO plugin v27.2 - https:\/\/yoast.com\/product\/yoast-seo-wordpress\/ -->\n<title>Pays non autoris\u00e9s \u00e0 participer \u00e0 la loterie de la Green Card - USA GC<\/title>\n<meta name=\"robots\" content=\"index, follow, max-snippet:-1, max-image-preview:large, max-video-preview:-1\" \/>\n<link rel=\"canonical\" href=\"https:\/\/us-gc.net\/fr\/pays-non-autorises-participer-loterie-green-card\/\" \/>\n<meta property=\"og:locale\" content=\"fr_FR\" \/>\n<meta property=\"og:type\" content=\"article\" \/>\n<meta property=\"og:title\" content=\"Pays non autoris\u00e9s \u00e0 participer \u00e0 la loterie de la Green Card - USA GC\" \/>\n<meta property=\"og:description\" content=\"Liste des pays non participants \u00e0 la loterie de la Green Card Les \u00c9tats-Unis souhaitent conserver une mixit\u00e9 au sein de la population immigr\u00e9e. Le Diversity Visa Program \u00e9tabli donc chaque ann\u00e9e la liste des pays dont les ressortissants ne sont pas autoris\u00e9s \u00e0 participer \u00e0 la loterie de la Green Card. Ces pays non [&hellip;]\" \/>\n<meta property=\"og:url\" content=\"https:\/\/us-gc.net\/fr\/pays-non-autorises-participer-loterie-green-card\/\" \/>\n<meta property=\"og:site_name\" content=\"USA GC\" \/>\n<meta property=\"article:modified_time\" content=\"2025-08-23T16:46:44+00:00\" \/>\n<meta name=\"twitter:card\" content=\"summary_large_image\" \/>\n<meta name=\"twitter:label1\" content=\"Dur\u00e9e de lecture estim\u00e9e\" \/>\n\t<meta name=\"twitter:data1\" content=\"2 minutes\" \/>\n<script type=\"application\/ld+json\" class=\"yoast-schema-graph\">{\"@context\":\"https:\/\/schema.org\",\"@graph\":[{\"@type\":\"WebPage\",\"@id\":\"https:\/\/us-gc.net\/fr\/pays-non-autorises-participer-loterie-green-card\/\",\"url\":\"https:\/\/us-gc.net\/fr\/pays-non-autorises-participer-loterie-green-card\/\",\"name\":\"Pays non autoris\u00e9s \u00e0 participer \u00e0 la loterie de la Green Card - USA GC\",\"isPartOf\":{\"@id\":\"https:\/\/us-gc.net\/fr\/#website\"},\"datePublished\":\"2024-02-10T08:30:09+00:00\",\"dateModified\":\"2025-08-23T16:46:44+00:00\",\"breadcrumb\":{\"@id\":\"https:\/\/us-gc.net\/fr\/pays-non-autorises-participer-loterie-green-card\/#breadcrumb\"},\"inLanguage\":\"fr-FR\",\"potentialAction\":[{\"@type\":\"ReadAction\",\"target\":[\"https:\/\/us-gc.net\/fr\/pays-non-autorises-participer-loterie-green-card\/\"]}]},{\"@type\":\"BreadcrumbList\",\"@id\":\"https:\/\/us-gc.net\/fr\/pays-non-autorises-participer-loterie-green-card\/#breadcrumb\",\"itemListElement\":[{\"@type\":\"ListItem\",\"position\":1,\"name\":\"Accueil\",\"item\":\"https:\/\/us-gc.net\/fr\/\"},{\"@type\":\"ListItem\",\"position\":2,\"name\":\"Pays non autoris\u00e9s \u00e0 participer \u00e0 la loterie de la Green Card\"}]},{\"@type\":\"WebSite\",\"@id\":\"https:\/\/us-gc.net\/fr\/#website\",\"url\":\"https:\/\/us-gc.net\/fr\/\",\"name\":\"USA GC\",\"description\":\"\",\"potentialAction\":[{\"@type\":\"SearchAction\",\"target\":{\"@type\":\"EntryPoint\",\"urlTemplate\":\"https:\/\/us-gc.net\/fr\/?s={search_term_string}\"},\"query-input\":{\"@type\":\"PropertyValueSpecification\",\"valueRequired\":true,\"valueName\":\"search_term_string\"}}],\"inLanguage\":\"fr-FR\"}]}<\/script>\n<!-- \/ Yoast SEO plugin. -->","yoast_head_json":{"title":"Pays non autoris\u00e9s \u00e0 participer \u00e0 la loterie de la Green Card - USA GC","robots":{"index":"index","follow":"follow","max-snippet":"max-snippet:-1","max-image-preview":"max-image-preview:large","max-video-preview":"max-video-preview:-1"},"canonical":"https:\/\/us-gc.net\/fr\/pays-non-autorises-participer-loterie-green-card\/","og_locale":"fr_FR","og_type":"article","og_title":"Pays non autoris\u00e9s \u00e0 participer \u00e0 la loterie de la Green Card - USA GC","og_description":"Liste des pays non participants \u00e0 la loterie de la Green Card Les \u00c9tats-Unis souhaitent conserver une mixit\u00e9 au sein de la population immigr\u00e9e. Le Diversity Visa Program \u00e9tabli donc chaque ann\u00e9e la liste des pays dont les ressortissants ne sont pas autoris\u00e9s \u00e0 participer \u00e0 la loterie de la Green Card. Ces pays non [&hellip;]","og_url":"https:\/\/us-gc.net\/fr\/pays-non-autorises-participer-loterie-green-card\/","og_site_name":"USA GC","article_modified_time":"2025-08-23T16:46:44+00:00","twitter_card":"summary_large_image","twitter_misc":{"Dur\u00e9e de lecture estim\u00e9e":"2 minutes"},"schema":{"@context":"https:\/\/schema.org","@graph":[{"@type":"WebPage","@id":"https:\/\/us-gc.net\/fr\/pays-non-autorises-participer-loterie-green-card\/","url":"https:\/\/us-gc.net\/fr\/pays-non-autorises-participer-loterie-green-card\/","name":"Pays non autoris\u00e9s \u00e0 participer \u00e0 la loterie de la Green Card - USA GC","isPartOf":{"@id":"https:\/\/us-gc.net\/fr\/#website"},"datePublished":"2024-02-10T08:30:09+00:00","dateModified":"2025-08-23T16:46:44+00:00","breadcrumb":{"@id":"https:\/\/us-gc.net\/fr\/pays-non-autorises-participer-loterie-green-card\/#breadcrumb"},"inLanguage":"fr-FR","potentialAction":[{"@type":"ReadAction","target":["https:\/\/us-gc.net\/fr\/pays-non-autorises-participer-loterie-green-card\/"]}]},{"@type":"BreadcrumbList","@id":"https:\/\/us-gc.net\/fr\/pays-non-autorises-participer-loterie-green-card\/#breadcrumb","itemListElement":[{"@type":"ListItem","position":1,"name":"Accueil","item":"https:\/\/us-gc.net\/fr\/"},{"@type":"ListItem","position":2,"name":"Pays non autoris\u00e9s \u00e0 participer \u00e0 la loterie de la Green Card"}]},{"@type":"WebSite","@id":"https:\/\/us-gc.net\/fr\/#website","url":"https:\/\/us-gc.net\/fr\/","name":"USA GC","description":"","potentialAction":[{"@type":"SearchAction","target":{"@type":"EntryPoint","urlTemplate":"https:\/\/us-gc.net\/fr\/?s={search_term_string}"},"query-input":{"@type":"PropertyValueSpecification","valueRequired":true,"valueName":"search_term_string"}}],"inLanguage":"fr-FR"}]}},"_links":{"self":[{"href":"https:\/\/us-gc.net\/fr\/wp-json\/wp\/v2\/pages\/1336","targetHints":{"allow":["GET"]}}],"collection":[{"href":"https:\/\/us-gc.net\/fr\/wp-json\/wp\/v2\/pages"}],"about":[{"href":"https:\/\/us-gc.net\/fr\/wp-json\/wp\/v2\/types\/page"}],"author":[{"embeddable":true,"href":"https:\/\/us-gc.net\/fr\/wp-json\/wp\/v2\/users\/1"}],"replies":[{"embeddable":true,"href":"https:\/\/us-gc.net\/fr\/wp-json\/wp\/v2\/comments?post=1336"}],"version-history":[{"count":1,"href":"https:\/\/us-gc.net\/fr\/wp-json\/wp\/v2\/pages\/1336\/revisions"}],"predecessor-version":[{"id":8025,"href":"https:\/\/us-gc.net\/fr\/wp-json\/wp\/v2\/pages\/1336\/revisions\/8025"}],"wp:attachment":[{"href":"https:\/\/us-gc.net\/fr\/wp-json\/wp\/v2\/media?parent=1336"}],"curies":[{"name":"wp","href":"https:\/\/api.w.org\/{rel}","templated":true}]}}