{"id":1302,"date":"2024-02-08T15:57:06","date_gmt":"2024-02-08T15:57:06","guid":{"rendered":"https:\/\/green-card-usa.net\/?page_id=1302"},"modified":"2025-08-23T16:46:57","modified_gmt":"2025-08-23T16:46:57","slug":"prix-green-card","status":"publish","type":"page","link":"https:\/\/us-gc.net\/fr\/prix-green-card\/","title":{"rendered":"Quel est le prix \u00e0 payer pour la Green Card"},"content":{"rendered":"\n<h1 class=\"wp-block-heading\" id=\"h-prix-a-payer-pour-obtenir-la-green-card\">Prix \u00e0 payer pour obtenir la Green Card<\/h1>\n\n\n\n<p>Les frais \u00e0 payer pour obtenir une Green Card d\u00e9pendent du type de Green Card et de la situation du candidat. Il existe des frais \u00e0 payer dans les quatre principales situation d&rsquo;obtention d&rsquo;une Green Card.<\/p>\n\n\n\n<h2 class=\"wp-block-heading\" id=\"h-quels-sont-les-frais-d-une-green-card-obtenue-a-la-loterie\">Quels sont les frais d&rsquo;une Green Card obtenue \u00e0 la loterie ?<\/h2>\n\n\n\n<p>La <a href=\"https:\/\/us-gc.net\/fr\/loterie-green-card\/\">loterie de la Green Card<\/a> permet \u00e0 plus de 50 000 ressortissants \u00e9trangers de gagner le droit d&rsquo;obtenir une <a href=\"https:\/\/us-gc.net\/fr\/green-card\/\">Green Card<\/a>. La participation au tirage au sort est gratuite. Cependant, les candidats devront payer des frais de visa de diversit\u00e9 \u00e0 l&rsquo;administration am\u00e9ricaine pour obtenir la Green Card gagn\u00e9e \u00e0 la loterie.<\/p>\n\n\n\n<p>Ces frais sont non remboursables et directement au D\u00e9partement d&rsquo;\u00c9tat am\u00e9ricain. Les frais sont \u00e9valu\u00e9s pour couvrir les co\u00fbts engag\u00e9s par le D\u00e9partement pour g\u00e9rer le programme DV et sont distincts de tous les frais que vous devrez payer \u00e0 l&rsquo;USCIS dans le cadre de votre demande de visa.<\/p>\n\n\n\n<p><strong>Le montant des frais d&rsquo;un visa de diversit\u00e9 obtenu \u00e0 la loterie de la Green Card est de 330 $ US<\/strong> par personne postulant comme candidat s\u00e9lectionn\u00e9 \u00e0 la loterie. Le paiement de ces frais doit \u00eatre effectu\u00e9 avant que le traitement du dossier accept\u00e9 par l&rsquo;<a href=\"https:\/\/www.uscis.gov\/\">USCIS<\/a> puisse continuer. Le montant d\u00e9pend du statut initial du demandeur de la Green Card.<\/p>\n\n\n\n<p><strong>Pour s\u00e9curiser votre participation au prochain tirage annuel<\/strong> : vous devez compl\u00e9ter le <a href=\"https:\/\/us-gc.net\/fr\/formulaire-loterie-green-card\/\">formulaire d&rsquo;inscription \u00e0 la loterie de la Green Card<\/a>.<\/p>\n\n\n\n<div style=\"height:10px\" aria-hidden=\"true\" class=\"wp-block-spacer\"><\/div>\n\n\n\n<h2 class=\"wp-block-heading\" id=\"h-quels-sont-les-frais-d-une-green-card-par-rapprochement-familial\">Quels sont les frais d&rsquo;une Green Card par rapprochement familial ?<\/h2>\n\n\n\n<p>Un citoyen \u00e9tranger souhaitant vivre de mani\u00e8re permanente aux \u00c9tats-Unis a besoin d&rsquo;un visa d&rsquo;immigrant. Il peut obtenir ce visa en \u00e9tant parrain\u00e9 par un parent imm\u00e9diat citoyen am\u00e9ricain ou r\u00e9sident permanent l\u00e9gal des \u00c9tats-Unis.<\/p>\n\n\n\n<h3 class=\"wp-block-heading\" id=\"h-il-existe-deux-types-de-visas-d-immigrant-familiaux\">Il existe deux types de visas d&rsquo;immigrant familiaux<\/h3>\n\n\n\n<ul class=\"wp-block-list\">\n<li><strong>Venant d&rsquo;un parent imm\u00e9diat<\/strong> : Ces visas sont bas\u00e9s sur une relation familiale directe avec un citoyen am\u00e9ricain, comme un conjoint, un enfant ou un parent. Le nombre d&rsquo;immigrants dans ces cat\u00e9gories n&rsquo;est pas limit\u00e9 en nombre chaque ann\u00e9e.<\/li>\n\n\n\n<li><strong>Pr\u00e9f\u00e9rence familiale<\/strong> : Ces visas sont destin\u00e9s \u00e0 des relations familiales sp\u00e9cifiques, plus \u00e9loign\u00e9es, avec un citoyen am\u00e9ricain et \u00e0 certaines relations sp\u00e9cifi\u00e9es avec un r\u00e9sident permanent l\u00e9gal. Le nombre d&rsquo;immigrants dans cette cat\u00e9gorie de visa est limit\u00e9 en nombre chaque ann\u00e9e.<\/li>\n<\/ul>\n\n\n\n<div style=\"height:10px\" aria-hidden=\"true\" class=\"wp-block-spacer\"><\/div>\n\n\n\n<p>Dans le cadre de ces deux types de visas: <strong>Les frais \u00e0 payer sont d&rsquo;un montant de 325 $ US par personne<\/strong>. Ces frais sont non remboursables.<\/p>\n","protected":false},"excerpt":{"rendered":"<p>Prix \u00e0 payer pour obtenir la Green Card Les frais \u00e0 payer pour obtenir une Green Card d\u00e9pendent du type de Green Card et de la situation du candidat. Il existe des frais \u00e0 payer dans les quatre principales situation d&rsquo;obtention d&rsquo;une Green Card. Quels sont les frais d&rsquo;une Green Card obtenue \u00e0 la loterie [&hellip;]<\/p>\n","protected":false},"author":1,"featured_media":0,"parent":0,"menu_order":0,"comment_status":"closed","ping_status":"closed","template":"","meta":{"footnotes":""},"class_list":["post-1302","page","type-page","status-publish","hentry"],"yoast_head":"<!-- This site is optimized with the Yoast SEO plugin v27.4 - https:\/\/yoast.com\/product\/yoast-seo-wordpress\/ -->\n<title>Quel est le prix \u00e0 payer pour la Green Card - USA GC<\/title>\n<meta name=\"description\" content=\"Quels sont les frais \u00e0 payer dans le cadre d&#039;une demande de Green Card am\u00e9ricaine, cela d\u00e9pend des conditions d&#039;obtention.\" \/>\n<meta name=\"robots\" content=\"index, follow, max-snippet:-1, max-image-preview:large, max-video-preview:-1\" \/>\n<link rel=\"canonical\" href=\"https:\/\/us-gc.net\/fr\/prix-green-card\/\" \/>\n<meta property=\"og:locale\" content=\"fr_FR\" \/>\n<meta property=\"og:type\" content=\"article\" \/>\n<meta property=\"og:title\" content=\"Quel est le prix \u00e0 payer pour la Green Card - USA GC\" \/>\n<meta property=\"og:description\" content=\"Quels sont les frais \u00e0 payer dans le cadre d&#039;une demande de Green Card am\u00e9ricaine, cela d\u00e9pend des conditions d&#039;obtention.\" \/>\n<meta property=\"og:url\" content=\"https:\/\/us-gc.net\/fr\/prix-green-card\/\" \/>\n<meta property=\"og:site_name\" content=\"USA GC\" \/>\n<meta property=\"article:modified_time\" content=\"2025-08-23T16:46:57+00:00\" \/>\n<meta name=\"twitter:card\" content=\"summary_large_image\" \/>\n<meta name=\"twitter:label1\" content=\"Dur\u00e9e de lecture estim\u00e9e\" \/>\n\t<meta name=\"twitter:data1\" content=\"3 minutes\" \/>\n<script type=\"application\/ld+json\" class=\"yoast-schema-graph\">{\"@context\":\"https:\\\/\\\/schema.org\",\"@graph\":[{\"@type\":\"WebPage\",\"@id\":\"https:\\\/\\\/us-gc.net\\\/fr\\\/prix-green-card\\\/\",\"url\":\"https:\\\/\\\/us-gc.net\\\/fr\\\/prix-green-card\\\/\",\"name\":\"Quel est le prix \u00e0 payer pour la Green Card - USA GC\",\"isPartOf\":{\"@id\":\"https:\\\/\\\/us-gc.net\\\/fr\\\/#website\"},\"datePublished\":\"2024-02-08T15:57:06+00:00\",\"dateModified\":\"2025-08-23T16:46:57+00:00\",\"description\":\"Quels sont les frais \u00e0 payer dans le cadre d'une demande de Green Card am\u00e9ricaine, cela d\u00e9pend des conditions d'obtention.\",\"breadcrumb\":{\"@id\":\"https:\\\/\\\/us-gc.net\\\/fr\\\/prix-green-card\\\/#breadcrumb\"},\"inLanguage\":\"fr-FR\",\"potentialAction\":[{\"@type\":\"ReadAction\",\"target\":[\"https:\\\/\\\/us-gc.net\\\/fr\\\/prix-green-card\\\/\"]}]},{\"@type\":\"BreadcrumbList\",\"@id\":\"https:\\\/\\\/us-gc.net\\\/fr\\\/prix-green-card\\\/#breadcrumb\",\"itemListElement\":[{\"@type\":\"ListItem\",\"position\":1,\"name\":\"Accueil\",\"item\":\"https:\\\/\\\/us-gc.net\\\/fr\\\/\"},{\"@type\":\"ListItem\",\"position\":2,\"name\":\"Quel est le prix \u00e0 payer pour la Green Card\"}]},{\"@type\":\"WebSite\",\"@id\":\"https:\\\/\\\/us-gc.net\\\/fr\\\/#website\",\"url\":\"https:\\\/\\\/us-gc.net\\\/fr\\\/\",\"name\":\"USA GC\",\"description\":\"\",\"potentialAction\":[{\"@type\":\"SearchAction\",\"target\":{\"@type\":\"EntryPoint\",\"urlTemplate\":\"https:\\\/\\\/us-gc.net\\\/fr\\\/?s={search_term_string}\"},\"query-input\":{\"@type\":\"PropertyValueSpecification\",\"valueRequired\":true,\"valueName\":\"search_term_string\"}}],\"inLanguage\":\"fr-FR\"}]}<\/script>\n<!-- \/ Yoast SEO plugin. -->","yoast_head_json":{"title":"Quel est le prix \u00e0 payer pour la Green Card - USA GC","description":"Quels sont les frais \u00e0 payer dans le cadre d'une demande de Green Card am\u00e9ricaine, cela d\u00e9pend des conditions d'obtention.","robots":{"index":"index","follow":"follow","max-snippet":"max-snippet:-1","max-image-preview":"max-image-preview:large","max-video-preview":"max-video-preview:-1"},"canonical":"https:\/\/us-gc.net\/fr\/prix-green-card\/","og_locale":"fr_FR","og_type":"article","og_title":"Quel est le prix \u00e0 payer pour la Green Card - USA GC","og_description":"Quels sont les frais \u00e0 payer dans le cadre d'une demande de Green Card am\u00e9ricaine, cela d\u00e9pend des conditions d'obtention.","og_url":"https:\/\/us-gc.net\/fr\/prix-green-card\/","og_site_name":"USA GC","article_modified_time":"2025-08-23T16:46:57+00:00","twitter_card":"summary_large_image","twitter_misc":{"Dur\u00e9e de lecture estim\u00e9e":"3 minutes"},"schema":{"@context":"https:\/\/schema.org","@graph":[{"@type":"WebPage","@id":"https:\/\/us-gc.net\/fr\/prix-green-card\/","url":"https:\/\/us-gc.net\/fr\/prix-green-card\/","name":"Quel est le prix \u00e0 payer pour la Green Card - USA GC","isPartOf":{"@id":"https:\/\/us-gc.net\/fr\/#website"},"datePublished":"2024-02-08T15:57:06+00:00","dateModified":"2025-08-23T16:46:57+00:00","description":"Quels sont les frais \u00e0 payer dans le cadre d'une demande de Green Card am\u00e9ricaine, cela d\u00e9pend des conditions d'obtention.","breadcrumb":{"@id":"https:\/\/us-gc.net\/fr\/prix-green-card\/#breadcrumb"},"inLanguage":"fr-FR","potentialAction":[{"@type":"ReadAction","target":["https:\/\/us-gc.net\/fr\/prix-green-card\/"]}]},{"@type":"BreadcrumbList","@id":"https:\/\/us-gc.net\/fr\/prix-green-card\/#breadcrumb","itemListElement":[{"@type":"ListItem","position":1,"name":"Accueil","item":"https:\/\/us-gc.net\/fr\/"},{"@type":"ListItem","position":2,"name":"Quel est le prix \u00e0 payer pour la Green Card"}]},{"@type":"WebSite","@id":"https:\/\/us-gc.net\/fr\/#website","url":"https:\/\/us-gc.net\/fr\/","name":"USA GC","description":"","potentialAction":[{"@type":"SearchAction","target":{"@type":"EntryPoint","urlTemplate":"https:\/\/us-gc.net\/fr\/?s={search_term_string}"},"query-input":{"@type":"PropertyValueSpecification","valueRequired":true,"valueName":"search_term_string"}}],"inLanguage":"fr-FR"}]}},"_links":{"self":[{"href":"https:\/\/us-gc.net\/fr\/wp-json\/wp\/v2\/pages\/1302","targetHints":{"allow":["GET"]}}],"collection":[{"href":"https:\/\/us-gc.net\/fr\/wp-json\/wp\/v2\/pages"}],"about":[{"href":"https:\/\/us-gc.net\/fr\/wp-json\/wp\/v2\/types\/page"}],"author":[{"embeddable":true,"href":"https:\/\/us-gc.net\/fr\/wp-json\/wp\/v2\/users\/1"}],"replies":[{"embeddable":true,"href":"https:\/\/us-gc.net\/fr\/wp-json\/wp\/v2\/comments?post=1302"}],"version-history":[{"count":2,"href":"https:\/\/us-gc.net\/fr\/wp-json\/wp\/v2\/pages\/1302\/revisions"}],"predecessor-version":[{"id":9837,"href":"https:\/\/us-gc.net\/fr\/wp-json\/wp\/v2\/pages\/1302\/revisions\/9837"}],"wp:attachment":[{"href":"https:\/\/us-gc.net\/fr\/wp-json\/wp\/v2\/media?parent=1302"}],"curies":[{"name":"wp","href":"https:\/\/api.w.org\/{rel}","templated":true}]}}