{"id":124,"date":"2024-01-31T16:45:20","date_gmt":"2024-01-31T16:45:20","guid":{"rendered":"https:\/\/green-card-usa.net\/?page_id=124"},"modified":"2025-08-23T16:29:36","modified_gmt":"2025-08-23T16:29:36","slug":"difference-entre-green-card-et-visa","status":"publish","type":"page","link":"https:\/\/us-gc.net\/fr\/difference-entre-green-card-et-visa\/","title":{"rendered":"Diff\u00e9rence entre une Green Card et un visa pour les USA"},"content":{"rendered":"\n<h1 class=\"wp-block-heading\" id=\"h-quelle-est-la-difference-entre-une-green-card-et-un-visa-americain\">Quelle est la diff\u00e9rence entre une Green Card et un visa am\u00e9ricain ?<\/h1>\n\n\n\n<p>Les termes Green Card et visa am\u00e9ricain sont parfois confondus mais ils repr\u00e9sentent des titres de s\u00e9jour bien distincts aux \u00c9tats-Unis. Pour comprendre les diff\u00e9rences, nous rappelons les principes des deux autorisations et leurs principales diff\u00e9rences.<\/p>\n\n\n\n<h2 class=\"wp-block-heading\" id=\"h-qu-est-ce-qu-une-green-card\">Qu&rsquo;est-ce qu&rsquo;une Green Card ?<\/h2>\n\n\n\n<p>La <a href=\"https:\/\/us-gc.net\/fr\/\">Green Card<\/a> est une carte de r\u00e9sident permanent. Elle offre \u00e0 son titulaire la possibilit\u00e9 de vivre et travailler de mani\u00e8re permanente aux \u00c9tats-Unis. Contrairement \u00e0 un visa qui a un caract\u00e8re temporaire, la Green Card conf\u00e8re un statut de r\u00e9sident permanent. Elle ouvre la voie \u00e0 la citoyennet\u00e9 am\u00e9ricaine apr\u00e8s une p\u00e9riode sp\u00e9cifique.<\/p>\n\n\n\n<h2 class=\"wp-block-heading\" id=\"h-qu-est-ce-qu-un-visa-americain\">Qu&rsquo;est-ce qu&rsquo;un visa am\u00e9ricain ?<\/h2>\n\n\n\n<p>Un visa am\u00e9ricain est un document d\u00e9livr\u00e9 par une ambassade des \u00c9tats-Unis permettant \u00e0 une personne de voyager jusqu&rsquo;\u00e0 la fronti\u00e8re am\u00e9ricaine et de demander la permission d&rsquo;entrer dans le pays. Les visas concernent les s\u00e9jours temporaires ou une immigration permanente, mais ne conf\u00e8rent pas le statut de r\u00e9sident permanent.<\/p>\n\n\n\n<h2 class=\"wp-block-heading\" id=\"h-les-differences-cles-entre-visa-et-green-card\">Les diff\u00e9rences cl\u00e9s entre visa et Green Card<\/h2>\n\n\n\n<ol class=\"wp-block-list\">\n<li><strong>Objectif<\/strong> : La Green Card est destin\u00e9e \u00e0 ceux qui cherchent \u00e0 devenir r\u00e9sidents permanents des \u00c9tats-Unis. Un visa am\u00e9ricain est utilis\u00e9 pour entrer aux \u00c9tats-Unis temporairement ou pour immigrer avant d&rsquo;obtenir la Green Card.<\/li>\n\n\n\n<li><strong>Dur\u00e9e<\/strong> : Une Green Card est valide pour 10 ans pour les r\u00e9sidents permanents et doit \u00eatre renouvel\u00e9e, mais le statut reste permanent. Les visas ont une dur\u00e9e sp\u00e9cifique, d\u00e9termin\u00e9e par le type de visa et le but du s\u00e9jour.<\/li>\n\n\n\n<li><strong>Droits accord\u00e9s<\/strong> : Les d\u00e9tenteurs d&rsquo;une Green Card peuvent travailler n&rsquo;importe o\u00f9 aux \u00c9tats-Unis et b\u00e9n\u00e9ficier de certains avantages sociaux. Les d\u00e9tenteurs de visas sont limit\u00e9s par les conditions de leur visa sp\u00e9cifique.<\/li>\n\n\n\n<li><strong>Processus d&rsquo;obtention<\/strong> : La proc\u00e9dure pour obtenir une Green Card est souvent bas\u00e9 sur la famille, l&#8217;emploi, ou d&rsquo;autres cat\u00e9gories sp\u00e9ciales. Il est \u00e9galement possible d&rsquo;obtenir une <a href=\"https:\/\/us-gc.net\/fr\/loterie-green-card\/\">Green Card \u00e0 la loterie<\/a>. Le processus de visa commence g\u00e9n\u00e9ralement par une demande \u00e0 l&rsquo;ambassade ou au consulat des \u00c9tats-Unis.<\/li>\n<\/ol>\n","protected":false},"excerpt":{"rendered":"<p>Quelle est la diff\u00e9rence entre une Green Card et un visa am\u00e9ricain ? Les termes Green Card et visa am\u00e9ricain sont parfois confondus mais ils repr\u00e9sentent des titres de s\u00e9jour bien distincts aux \u00c9tats-Unis. Pour comprendre les diff\u00e9rences, nous rappelons les principes des deux autorisations et leurs principales diff\u00e9rences. Qu&rsquo;est-ce qu&rsquo;une Green Card ? La [&hellip;]<\/p>\n","protected":false},"author":1,"featured_media":0,"parent":0,"menu_order":0,"comment_status":"closed","ping_status":"closed","template":"","meta":{"footnotes":""},"class_list":["post-124","page","type-page","status-publish","hentry"],"yoast_head":"<!-- This site is optimized with the Yoast SEO plugin v27.4 - https:\/\/yoast.com\/product\/yoast-seo-wordpress\/ -->\n<title>Diff\u00e9rence entre une Green Card et un visa pour les USA - USA GC<\/title>\n<meta name=\"description\" content=\"Quelle est la diff\u00e9rence entre une Green Card et un visa am\u00e9ricain pour voyager. Ces deux documents n&#039;ont pas la m\u00eame fonction.\" \/>\n<meta name=\"robots\" content=\"index, follow, max-snippet:-1, max-image-preview:large, max-video-preview:-1\" \/>\n<link rel=\"canonical\" href=\"https:\/\/us-gc.net\/fr\/difference-entre-green-card-et-visa\/\" \/>\n<meta property=\"og:locale\" content=\"fr_FR\" \/>\n<meta property=\"og:type\" content=\"article\" \/>\n<meta property=\"og:title\" content=\"Diff\u00e9rence entre une Green Card et un visa pour les USA - USA GC\" \/>\n<meta property=\"og:description\" content=\"Quelle est la diff\u00e9rence entre une Green Card et un visa am\u00e9ricain pour voyager. Ces deux documents n&#039;ont pas la m\u00eame fonction.\" \/>\n<meta property=\"og:url\" content=\"https:\/\/us-gc.net\/fr\/difference-entre-green-card-et-visa\/\" \/>\n<meta property=\"og:site_name\" content=\"USA GC\" \/>\n<meta property=\"article:modified_time\" content=\"2025-08-23T16:29:36+00:00\" \/>\n<meta name=\"twitter:card\" content=\"summary_large_image\" \/>\n<meta name=\"twitter:label1\" content=\"Dur\u00e9e de lecture estim\u00e9e\" \/>\n\t<meta name=\"twitter:data1\" content=\"2 minutes\" \/>\n<script type=\"application\/ld+json\" class=\"yoast-schema-graph\">{\"@context\":\"https:\\\/\\\/schema.org\",\"@graph\":[{\"@type\":\"WebPage\",\"@id\":\"https:\\\/\\\/us-gc.net\\\/fr\\\/difference-entre-green-card-et-visa\\\/\",\"url\":\"https:\\\/\\\/us-gc.net\\\/fr\\\/difference-entre-green-card-et-visa\\\/\",\"name\":\"Diff\u00e9rence entre une Green Card et un visa pour les USA - USA GC\",\"isPartOf\":{\"@id\":\"https:\\\/\\\/us-gc.net\\\/fr\\\/#website\"},\"datePublished\":\"2024-01-31T16:45:20+00:00\",\"dateModified\":\"2025-08-23T16:29:36+00:00\",\"description\":\"Quelle est la diff\u00e9rence entre une Green Card et un visa am\u00e9ricain pour voyager. Ces deux documents n'ont pas la m\u00eame fonction.\",\"breadcrumb\":{\"@id\":\"https:\\\/\\\/us-gc.net\\\/fr\\\/difference-entre-green-card-et-visa\\\/#breadcrumb\"},\"inLanguage\":\"fr-FR\",\"potentialAction\":[{\"@type\":\"ReadAction\",\"target\":[\"https:\\\/\\\/us-gc.net\\\/fr\\\/difference-entre-green-card-et-visa\\\/\"]}]},{\"@type\":\"BreadcrumbList\",\"@id\":\"https:\\\/\\\/us-gc.net\\\/fr\\\/difference-entre-green-card-et-visa\\\/#breadcrumb\",\"itemListElement\":[{\"@type\":\"ListItem\",\"position\":1,\"name\":\"Accueil\",\"item\":\"https:\\\/\\\/us-gc.net\\\/fr\\\/\"},{\"@type\":\"ListItem\",\"position\":2,\"name\":\"Diff\u00e9rence entre une Green Card et un visa pour les USA\"}]},{\"@type\":\"WebSite\",\"@id\":\"https:\\\/\\\/us-gc.net\\\/fr\\\/#website\",\"url\":\"https:\\\/\\\/us-gc.net\\\/fr\\\/\",\"name\":\"USA GC\",\"description\":\"\",\"potentialAction\":[{\"@type\":\"SearchAction\",\"target\":{\"@type\":\"EntryPoint\",\"urlTemplate\":\"https:\\\/\\\/us-gc.net\\\/fr\\\/?s={search_term_string}\"},\"query-input\":{\"@type\":\"PropertyValueSpecification\",\"valueRequired\":true,\"valueName\":\"search_term_string\"}}],\"inLanguage\":\"fr-FR\"}]}<\/script>\n<!-- \/ Yoast SEO plugin. -->","yoast_head_json":{"title":"Diff\u00e9rence entre une Green Card et un visa pour les USA - USA GC","description":"Quelle est la diff\u00e9rence entre une Green Card et un visa am\u00e9ricain pour voyager. Ces deux documents n'ont pas la m\u00eame fonction.","robots":{"index":"index","follow":"follow","max-snippet":"max-snippet:-1","max-image-preview":"max-image-preview:large","max-video-preview":"max-video-preview:-1"},"canonical":"https:\/\/us-gc.net\/fr\/difference-entre-green-card-et-visa\/","og_locale":"fr_FR","og_type":"article","og_title":"Diff\u00e9rence entre une Green Card et un visa pour les USA - USA GC","og_description":"Quelle est la diff\u00e9rence entre une Green Card et un visa am\u00e9ricain pour voyager. Ces deux documents n'ont pas la m\u00eame fonction.","og_url":"https:\/\/us-gc.net\/fr\/difference-entre-green-card-et-visa\/","og_site_name":"USA GC","article_modified_time":"2025-08-23T16:29:36+00:00","twitter_card":"summary_large_image","twitter_misc":{"Dur\u00e9e de lecture estim\u00e9e":"2 minutes"},"schema":{"@context":"https:\/\/schema.org","@graph":[{"@type":"WebPage","@id":"https:\/\/us-gc.net\/fr\/difference-entre-green-card-et-visa\/","url":"https:\/\/us-gc.net\/fr\/difference-entre-green-card-et-visa\/","name":"Diff\u00e9rence entre une Green Card et un visa pour les USA - USA GC","isPartOf":{"@id":"https:\/\/us-gc.net\/fr\/#website"},"datePublished":"2024-01-31T16:45:20+00:00","dateModified":"2025-08-23T16:29:36+00:00","description":"Quelle est la diff\u00e9rence entre une Green Card et un visa am\u00e9ricain pour voyager. Ces deux documents n'ont pas la m\u00eame fonction.","breadcrumb":{"@id":"https:\/\/us-gc.net\/fr\/difference-entre-green-card-et-visa\/#breadcrumb"},"inLanguage":"fr-FR","potentialAction":[{"@type":"ReadAction","target":["https:\/\/us-gc.net\/fr\/difference-entre-green-card-et-visa\/"]}]},{"@type":"BreadcrumbList","@id":"https:\/\/us-gc.net\/fr\/difference-entre-green-card-et-visa\/#breadcrumb","itemListElement":[{"@type":"ListItem","position":1,"name":"Accueil","item":"https:\/\/us-gc.net\/fr\/"},{"@type":"ListItem","position":2,"name":"Diff\u00e9rence entre une Green Card et un visa pour les USA"}]},{"@type":"WebSite","@id":"https:\/\/us-gc.net\/fr\/#website","url":"https:\/\/us-gc.net\/fr\/","name":"USA GC","description":"","potentialAction":[{"@type":"SearchAction","target":{"@type":"EntryPoint","urlTemplate":"https:\/\/us-gc.net\/fr\/?s={search_term_string}"},"query-input":{"@type":"PropertyValueSpecification","valueRequired":true,"valueName":"search_term_string"}}],"inLanguage":"fr-FR"}]}},"_links":{"self":[{"href":"https:\/\/us-gc.net\/fr\/wp-json\/wp\/v2\/pages\/124","targetHints":{"allow":["GET"]}}],"collection":[{"href":"https:\/\/us-gc.net\/fr\/wp-json\/wp\/v2\/pages"}],"about":[{"href":"https:\/\/us-gc.net\/fr\/wp-json\/wp\/v2\/types\/page"}],"author":[{"embeddable":true,"href":"https:\/\/us-gc.net\/fr\/wp-json\/wp\/v2\/users\/1"}],"replies":[{"embeddable":true,"href":"https:\/\/us-gc.net\/fr\/wp-json\/wp\/v2\/comments?post=124"}],"version-history":[{"count":1,"href":"https:\/\/us-gc.net\/fr\/wp-json\/wp\/v2\/pages\/124\/revisions"}],"predecessor-version":[{"id":7583,"href":"https:\/\/us-gc.net\/fr\/wp-json\/wp\/v2\/pages\/124\/revisions\/7583"}],"wp:attachment":[{"href":"https:\/\/us-gc.net\/fr\/wp-json\/wp\/v2\/media?parent=124"}],"curies":[{"name":"wp","href":"https:\/\/api.w.org\/{rel}","templated":true}]}}