{"id":121,"date":"2024-01-31T16:36:26","date_gmt":"2024-01-31T16:36:26","guid":{"rendered":"https:\/\/green-card-usa.net\/?page_id=121"},"modified":"2025-08-23T16:46:26","modified_gmt":"2025-08-23T16:46:26","slug":"green-card-parrainage","status":"publish","type":"page","link":"https:\/\/us-gc.net\/fr\/green-card-parrainage\/","title":{"rendered":"Parrainer un candidat \u00e0 la Green Card"},"content":{"rendered":"\n<h1 class=\"wp-block-heading\" id=\"h-obtenir-la-green-card-grace-au-parrainage\">Obtenir la Green Card gr\u00e2ce au parrainage<\/h1>\n\n\n\n<p>Obtenir une Green Card am\u00e9ricaine gr\u00e2ce \u00e0 un sponsor permet aux immigrants de devenir r\u00e9sidents permanents aux \u00c9tats-Unis. Voici les aspects essentiels du parrainage de la Green Card et les obligations du parrain.<\/p>\n\n\n\n<h2 class=\"wp-block-heading\" id=\"h-qu-est-ce-que-le-parrainage-de-la-green-card\">Qu&rsquo;est-ce que le parrainage de la Green Card ?<\/h2>\n\n\n\n<p>Le parrainage de la Green Card fait r\u00e9f\u00e9rence \u00e0 l&rsquo;acte de soutenir la demande de r\u00e9sidence permanente d&rsquo;une personne aux \u00c9tats-Unis. Ce soutien peut venir d&rsquo;un membre de la famille qui est d\u00e9j\u00e0 citoyen am\u00e9ricain ou d\u00e9tenteur d&rsquo;une <a href=\"https:\/\/us-gc.net\/fr\/\">Green Card<\/a>, ou d&rsquo;un employeur am\u00e9ricain.<\/p>\n\n\n\n<p>Le sponsor est une sorte de caution morale pour le candidat \u00e0 la Green Card. <\/p>\n\n\n\n<h2 class=\"wp-block-heading\" id=\"h-parrainage-familial\">Parrainage familial<\/h2>\n\n\n\n<h3 class=\"wp-block-heading\" id=\"h-le-titulaire-d-une-green-card-peut-il-parrainer-ses-parents\">Le titulaire d\u2019une Green Card peut-il parrainer ses parents ?<\/h3>\n\n\n\n<p>Non, les d\u00e9tenteurs de Green Card ne peuvent pas parrainer leurs parents. Seuls les citoyens am\u00e9ricains peuvent parrainer leurs parents pour une Green Card en tant que proches imm\u00e9diats.<\/p>\n\n\n\n<h3 class=\"wp-block-heading\" id=\"h-le-titulaire-d-une-green-card-peut-il-parrainer-son-conjoint\">Le titulaire d\u2019une Green Card peut-il parrainer son conjoint ?<\/h3>\n\n\n\n<p>Oui, les d\u00e9tenteurs de Green Card peuvent parrainer leur conjoint pour obtenir la r\u00e9sidence permanente aux \u00c9tats-Unis.<\/p>\n\n\n\n<h3 class=\"wp-block-heading\" id=\"h-le-titulaire-d-une-green-card-peut-il-parrainer-ses-freres-et-soeurs\">Le titulaire d\u2019une Green Card peut-il parrainer ses fr\u00e8res et s\u0153urs ?<\/h3>\n\n\n\n<p>Non, les d\u00e9tenteurs de Green Card ne peuvent pas parrainer leurs fr\u00e8res et s\u0153urs. Cette option est uniquement disponible pour les citoyens am\u00e9ricains.<\/p>\n\n\n\n<h3 class=\"wp-block-heading\" id=\"h-le-titulaire-d-une-green-card-peut-il-parrainer-un-enfant-de-plus-de-21-ans\">Le titulaire d\u2019une Green Card peut-il parrainer un enfant de plus de 21 ans ?<\/h3>\n\n\n\n<p>Oui, les d\u00e9tenteurs de Green Card peuvent parrainer leurs enfants non mari\u00e9s de plus de 21 ans, mais ils entrent dans une cat\u00e9gorie de pr\u00e9f\u00e9rence, ce qui peut entra\u00eener des d\u00e9lais plus longs.<\/p>\n\n\n\n<h2 class=\"wp-block-heading\" id=\"h-une-entreprise-peut-elle-sponsoriser-une-green-card\">Une entreprise peut-elle sponsoriser une Green Card ?<\/h2>\n\n\n\n<p>Oui, une entreprise peut sponsoriser un employ\u00e9 pour une Green Card \u00e0 travers le processus de certification du travail ou d&rsquo;autres cat\u00e9gories d&#8217;emploi.<\/p>\n\n\n\n<h2 class=\"wp-block-heading\" id=\"h-les-etapes-pour-obtenir-une-green-card-grace-a-un-sponsor\">Les \u00e9tapes pour obtenir une Green Card gr\u00e2ce \u00e0 un sponsor<\/h2>\n\n\n\n<ol class=\"wp-block-list\">\n<li><strong>Identification du parrain<\/strong> : D\u00e9terminez si vous \u00eates \u00e9ligible \u00e0 \u00eatre parrain\u00e9 par un membre de la famille ou un employeur.<\/li>\n\n\n\n<li><strong>Soumission du formulaire I-130<\/strong> pour un parrainage familial. Dans le cadre d&rsquo;un employeur sponsor il faut lancer un processus de certification du travail.<\/li>\n\n\n\n<li><strong>Attente de l&rsquo;approbation<\/strong> : Les d\u00e9lais varient en fonction de la cat\u00e9gorie de parrainage et de l&rsquo;origine nationale du demandeur.<\/li>\n\n\n\n<li><strong>Ajustement de statut ou processus consulaire<\/strong> : Si vous \u00eates d\u00e9j\u00e0 aux \u00c9tats-Unis, vous pouvez ajuster votre statut. Sinon, vous passerez par le processus consulaire dans votre pays d&rsquo;origine.<\/li>\n\n\n\n<li><strong>Entretien et approbation<\/strong> : Assister \u00e0 un <a href=\"https:\/\/us-gc.net\/fr\/entretien-green-card\/\">entretien pour la Green Card<\/a> au consulat ou avec les \u00e9quipes de <a href=\"https:\/\/www.uscis.gov\/\">USCIS<\/a> pour valider votre dossier.<\/li>\n<\/ol>\n\n\n\n<h2 class=\"wp-block-heading\" id=\"h-le-sponsor-peut-il-revoquer-la-green-card\">Le sponsor peut-il r\u00e9voquer la Green Card ?<\/h2>\n\n\n\n<p>Une fois la Green Card accord\u00e9e, le sponsor ne peut g\u00e9n\u00e9ralement pas la r\u00e9voquer. Cependant, des exceptions existent, notamment si la Green Card a \u00e9t\u00e9 obtenue par fraude.<\/p>\n\n\n\n<h2 class=\"wp-block-heading\" id=\"h-faut-il-un-sponsor-pour-participer-a-la-loterie\">Faut-il un sponsor pour participer \u00e0 la loterie ?<\/h2>\n\n\n\n<p>Non, il n&rsquo;est pas n\u00e9cessaire d&rsquo;avoir un parrain pour participer \u00e0 la <a href=\"https:\/\/us-gc.net\/fr\/loterie-green-card\/\">loterie de la Carte Verte<\/a>. L&rsquo;inscription se fait enti\u00e8rement en ligne en quelques minutes. Pour s\u00e9curiser votre participation, cliquez sur <a href=\"https:\/\/us-gc.net\/fr\/formulaire-loterie-green-card\/\">formulaire en ligne<\/a>.<\/p>\n","protected":false},"excerpt":{"rendered":"<p>Obtenir la Green Card gr\u00e2ce au parrainage Obtenir une Green Card am\u00e9ricaine gr\u00e2ce \u00e0 un sponsor permet aux immigrants de devenir r\u00e9sidents permanents aux \u00c9tats-Unis. Voici les aspects essentiels du parrainage de la Green Card et les obligations du parrain. Qu&rsquo;est-ce que le parrainage de la Green Card ? Le parrainage de la Green Card [&hellip;]<\/p>\n","protected":false},"author":1,"featured_media":0,"parent":0,"menu_order":0,"comment_status":"closed","ping_status":"closed","template":"","meta":{"footnotes":""},"class_list":["post-121","page","type-page","status-publish","hentry"],"yoast_head":"<!-- This site is optimized with the Yoast SEO plugin v27.4 - https:\/\/yoast.com\/product\/yoast-seo-wordpress\/ -->\n<title>Parrainer un candidat \u00e0 la Green Card - USA GC<\/title>\n<meta name=\"description\" content=\"Le d\u00e9tenteur d&#039;une Green Card peut parrainer un candidat \u00e0 l&#039;obtention de la Green Card dans certaines circonstances\" \/>\n<meta name=\"robots\" content=\"index, follow, max-snippet:-1, max-image-preview:large, max-video-preview:-1\" \/>\n<link rel=\"canonical\" href=\"https:\/\/us-gc.net\/fr\/green-card-parrainage\/\" \/>\n<meta property=\"og:locale\" content=\"fr_FR\" \/>\n<meta property=\"og:type\" content=\"article\" \/>\n<meta property=\"og:title\" content=\"Parrainer un candidat \u00e0 la Green Card - USA GC\" \/>\n<meta property=\"og:description\" content=\"Le d\u00e9tenteur d&#039;une Green Card peut parrainer un candidat \u00e0 l&#039;obtention de la Green Card dans certaines circonstances\" \/>\n<meta property=\"og:url\" content=\"https:\/\/us-gc.net\/fr\/green-card-parrainage\/\" \/>\n<meta property=\"og:site_name\" content=\"USA GC\" \/>\n<meta property=\"article:modified_time\" content=\"2025-08-23T16:46:26+00:00\" \/>\n<meta name=\"twitter:card\" content=\"summary_large_image\" \/>\n<meta name=\"twitter:label1\" content=\"Dur\u00e9e de lecture estim\u00e9e\" \/>\n\t<meta name=\"twitter:data1\" content=\"3 minutes\" \/>\n<script type=\"application\/ld+json\" class=\"yoast-schema-graph\">{\"@context\":\"https:\\\/\\\/schema.org\",\"@graph\":[{\"@type\":\"WebPage\",\"@id\":\"https:\\\/\\\/us-gc.net\\\/fr\\\/green-card-parrainage\\\/\",\"url\":\"https:\\\/\\\/us-gc.net\\\/fr\\\/green-card-parrainage\\\/\",\"name\":\"Parrainer un candidat \u00e0 la Green Card - USA GC\",\"isPartOf\":{\"@id\":\"https:\\\/\\\/us-gc.net\\\/fr\\\/#website\"},\"datePublished\":\"2024-01-31T16:36:26+00:00\",\"dateModified\":\"2025-08-23T16:46:26+00:00\",\"description\":\"Le d\u00e9tenteur d'une Green Card peut parrainer un candidat \u00e0 l'obtention de la Green Card dans certaines circonstances\",\"breadcrumb\":{\"@id\":\"https:\\\/\\\/us-gc.net\\\/fr\\\/green-card-parrainage\\\/#breadcrumb\"},\"inLanguage\":\"fr-FR\",\"potentialAction\":[{\"@type\":\"ReadAction\",\"target\":[\"https:\\\/\\\/us-gc.net\\\/fr\\\/green-card-parrainage\\\/\"]}]},{\"@type\":\"BreadcrumbList\",\"@id\":\"https:\\\/\\\/us-gc.net\\\/fr\\\/green-card-parrainage\\\/#breadcrumb\",\"itemListElement\":[{\"@type\":\"ListItem\",\"position\":1,\"name\":\"Accueil\",\"item\":\"https:\\\/\\\/us-gc.net\\\/fr\\\/\"},{\"@type\":\"ListItem\",\"position\":2,\"name\":\"Parrainer un candidat \u00e0 la Green Card\"}]},{\"@type\":\"WebSite\",\"@id\":\"https:\\\/\\\/us-gc.net\\\/fr\\\/#website\",\"url\":\"https:\\\/\\\/us-gc.net\\\/fr\\\/\",\"name\":\"USA GC\",\"description\":\"\",\"potentialAction\":[{\"@type\":\"SearchAction\",\"target\":{\"@type\":\"EntryPoint\",\"urlTemplate\":\"https:\\\/\\\/us-gc.net\\\/fr\\\/?s={search_term_string}\"},\"query-input\":{\"@type\":\"PropertyValueSpecification\",\"valueRequired\":true,\"valueName\":\"search_term_string\"}}],\"inLanguage\":\"fr-FR\"}]}<\/script>\n<!-- \/ Yoast SEO plugin. -->","yoast_head_json":{"title":"Parrainer un candidat \u00e0 la Green Card - USA GC","description":"Le d\u00e9tenteur d'une Green Card peut parrainer un candidat \u00e0 l'obtention de la Green Card dans certaines circonstances","robots":{"index":"index","follow":"follow","max-snippet":"max-snippet:-1","max-image-preview":"max-image-preview:large","max-video-preview":"max-video-preview:-1"},"canonical":"https:\/\/us-gc.net\/fr\/green-card-parrainage\/","og_locale":"fr_FR","og_type":"article","og_title":"Parrainer un candidat \u00e0 la Green Card - USA GC","og_description":"Le d\u00e9tenteur d'une Green Card peut parrainer un candidat \u00e0 l'obtention de la Green Card dans certaines circonstances","og_url":"https:\/\/us-gc.net\/fr\/green-card-parrainage\/","og_site_name":"USA GC","article_modified_time":"2025-08-23T16:46:26+00:00","twitter_card":"summary_large_image","twitter_misc":{"Dur\u00e9e de lecture estim\u00e9e":"3 minutes"},"schema":{"@context":"https:\/\/schema.org","@graph":[{"@type":"WebPage","@id":"https:\/\/us-gc.net\/fr\/green-card-parrainage\/","url":"https:\/\/us-gc.net\/fr\/green-card-parrainage\/","name":"Parrainer un candidat \u00e0 la Green Card - USA GC","isPartOf":{"@id":"https:\/\/us-gc.net\/fr\/#website"},"datePublished":"2024-01-31T16:36:26+00:00","dateModified":"2025-08-23T16:46:26+00:00","description":"Le d\u00e9tenteur d'une Green Card peut parrainer un candidat \u00e0 l'obtention de la Green Card dans certaines circonstances","breadcrumb":{"@id":"https:\/\/us-gc.net\/fr\/green-card-parrainage\/#breadcrumb"},"inLanguage":"fr-FR","potentialAction":[{"@type":"ReadAction","target":["https:\/\/us-gc.net\/fr\/green-card-parrainage\/"]}]},{"@type":"BreadcrumbList","@id":"https:\/\/us-gc.net\/fr\/green-card-parrainage\/#breadcrumb","itemListElement":[{"@type":"ListItem","position":1,"name":"Accueil","item":"https:\/\/us-gc.net\/fr\/"},{"@type":"ListItem","position":2,"name":"Parrainer un candidat \u00e0 la Green Card"}]},{"@type":"WebSite","@id":"https:\/\/us-gc.net\/fr\/#website","url":"https:\/\/us-gc.net\/fr\/","name":"USA GC","description":"","potentialAction":[{"@type":"SearchAction","target":{"@type":"EntryPoint","urlTemplate":"https:\/\/us-gc.net\/fr\/?s={search_term_string}"},"query-input":{"@type":"PropertyValueSpecification","valueRequired":true,"valueName":"search_term_string"}}],"inLanguage":"fr-FR"}]}},"_links":{"self":[{"href":"https:\/\/us-gc.net\/fr\/wp-json\/wp\/v2\/pages\/121","targetHints":{"allow":["GET"]}}],"collection":[{"href":"https:\/\/us-gc.net\/fr\/wp-json\/wp\/v2\/pages"}],"about":[{"href":"https:\/\/us-gc.net\/fr\/wp-json\/wp\/v2\/types\/page"}],"author":[{"embeddable":true,"href":"https:\/\/us-gc.net\/fr\/wp-json\/wp\/v2\/users\/1"}],"replies":[{"embeddable":true,"href":"https:\/\/us-gc.net\/fr\/wp-json\/wp\/v2\/comments?post=121"}],"version-history":[{"count":1,"href":"https:\/\/us-gc.net\/fr\/wp-json\/wp\/v2\/pages\/121\/revisions"}],"predecessor-version":[{"id":7981,"href":"https:\/\/us-gc.net\/fr\/wp-json\/wp\/v2\/pages\/121\/revisions\/7981"}],"wp:attachment":[{"href":"https:\/\/us-gc.net\/fr\/wp-json\/wp\/v2\/media?parent=121"}],"curies":[{"name":"wp","href":"https:\/\/api.w.org\/{rel}","templated":true}]}}