{"id":112,"date":"2024-01-31T16:18:19","date_gmt":"2024-01-31T16:18:19","guid":{"rendered":"https:\/\/green-card-usa.net\/?page_id=112"},"modified":"2025-08-23T16:47:12","modified_gmt":"2025-08-23T16:47:12","slug":"voyager-etranger-avec-green-card","status":"publish","type":"page","link":"https:\/\/us-gc.net\/fr\/voyager-etranger-avec-green-card\/","title":{"rendered":"Voyager \u00e0 l&rsquo;\u00e9tranger avec la Green Card"},"content":{"rendered":"\n<h1 class=\"wp-block-heading\" id=\"h-voyager-hors-des-etats-unis-avec-une-green-card\">Voyager hors des Etats Unis avec une Green Card<\/h1>\n\n\n\n<p>La puissance du passeport am\u00e9ricain permet aux citoyens am\u00e9ricains de voyager dans plus de 140 pays dans le monde sans avoir de visa. Certains de ces pays ont \u00e9tendu ce droit de voyager sans visa aux titulaires d&rsquo;une <a href=\"https:\/\/us-gc.net\/fr\/green-card\/\">Green Card am\u00e9ricaine<\/a>.<\/p>\n\n\n\n<h2 class=\"wp-block-heading\" id=\"h-ou-peut-on-voyager-a-l-etranger-avec-une-green-card\">O\u00f9 peut-on voyager \u00e0 l&rsquo;\u00e9tranger avec une Green Card ?<\/h2>\n\n\n\n<p>Un accord r\u00e9gional est en vigueur avec certains pays voisins des Etats Unis pour traverser leurs fronti\u00e8res en tant que titulaire d&rsquo;une Green Card. Les r\u00e9sidents am\u00e9ricains peuvent franchir les fronti\u00e8res des pays suivants :<\/p>\n\n\n\n<ul class=\"wp-block-list\">\n<li>Canada<\/li>\n\n\n\n<li>Mexico<\/li>\n\n\n\n<li>Costa Rica<\/li>\n\n\n\n<li>Les Iles vierges britanniques<\/li>\n\n\n\n<li>Aruba and Cura\u00e7ao<\/li>\n<\/ul>\n\n\n\n<p>D&rsquo;autres pays beaucoup plus lointain dans le monde autorisent \u00e9galement les titulaires d&rsquo;une Green Card am\u00e9ricaine \u00e0 voyager sur leur territoire sans visa, comme par exemple :  La G\u00e9orgie, Singapour ou les pays des Balkans que sont l&rsquo;Albanie, la Bosnie Herz\u00e9govine, le Kosovo, le Mont\u00e9n\u00e9gro, la Serbie.<\/p>\n\n\n\n<p>Que vous ayez obtenu votre <a href=\"https:\/\/us-gc.net\/fr\/green-card-par-mariage\/\">Green Card par mariage<\/a>, ou que vous ayez gagn\u00e9 une <a href=\"https:\/\/us-gc.net\/fr\/loterie-green-card\/\">Green Card \u00e0 la loterie<\/a>, vous b\u00e9n\u00e9ficiez des m\u00eames droits que l&rsquo;ensemble des titulaires de la Green Card am\u00e9ricaine.<\/p>\n\n\n\n<h2 class=\"wp-block-heading\" id=\"h-comment-voyager-au-canada-avec-une-green-card\">Comment voyager au Canada avec une Green Card ?<\/h2>\n\n\n\n<p>Si vous poss\u00e9dez une Green Card am\u00e9ricaine, vous pouvez traverser la fronti\u00e8re vers le Canada sans obtenir au pr\u00e9alable un visa touristique canadien. Cette r\u00e8gle fonctionne pour tous les titulaires d&rsquo;une Green Card, quelle que soit leur nationalit\u00e9. <\/p>\n\n\n\n<p>En revanche, si vous voyagez par avion ou si vous transitez au Canada, vous devrez obtenir une autorisation de voyage \u00e9lectronique ETA du Canada avant d&#8217;embarquer. Pour finir, si vous traversez la fronti\u00e8re par voie terrestre, vous n&rsquo;avez besoin que de votre passeport et de votre Green Card.<\/p>\n\n\n\n<h2 class=\"wp-block-heading\" id=\"h-peut-on-voyager-a-l-etranger-avec-une-green-card-sans-passeport\">Peut-on voyager \u00e0 l&rsquo;\u00e9tranger avec une Green Card sans passeport ?<\/h2>\n\n\n\n<p>Il est g\u00e9n\u00e9ralement indispensable de poss\u00e9der un passeport pour voyager \u00e0 l&rsquo;\u00e9tranger. La d\u00e9tention d&rsquo;une Green Card seule ne suffit pas pour franchir les fronti\u00e8res internationales. Que ce soit par voies a\u00e9riennes ou terrestres, les autorit\u00e9s douani\u00e8res et d&rsquo;immigration exigent la pr\u00e9sentation d&rsquo;un passeport valide. Seul le passeport peut prouver l&rsquo;identit\u00e9 et la nationalit\u00e9 d&rsquo;un voyageur.<\/p>\n\n\n\n<p>Toutefois, il existe des exceptions limit\u00e9es \u00e0 cette r\u00e8gle. Dans certains cas sp\u00e9cifiques, des pays ont conclu un accord r\u00e9gional pour traverser leurs fronti\u00e8res sans pr\u00e9senter un passeport. L&rsquo;exemple le plus important concernent les ressortissants des pays de l&rsquo;espace Schengen. Ils peuvent se d\u00e9placer librement entre les \u00c9tats membres sans pr\u00e9senter de passeport.<\/p>\n\n\n\n<h2 class=\"wp-block-heading\" id=\"h-peut-on-voyager-avec-une-copie-de-la-green-card\">Peut-on voyager avec une copie de la Green Card ?<\/h2>\n\n\n\n<p>La Green Card est un document officiel qui prouve le statut de r\u00e9sident permanent aux \u00c9tats-Unis. Voyager \u00e0 l&rsquo;\u00e9tranger uniquement avec une copie de la Green Card n&rsquo;est pas conseill\u00e9. Pour les voyages internationaux, les autorit\u00e9s frontali\u00e8res exigent de voir les documents originaux pour v\u00e9rifier l&rsquo;identit\u00e9 et le statut du voyageur.<\/p>\n\n\n\n<p>Si vous voyagez en dehors des \u00c9tats-Unis, vous devez emporter votre Green Card originale pour pouvoir r\u00e9int\u00e9grer le pays. Une copie de la Green Card ne suffit pas pour prouver votre statut de r\u00e9sident permanent.<\/p>\n\n\n\n<p>En cas de perte ou de vol de votre Green Card pendant que vous \u00eates \u00e0 l&rsquo;\u00e9tranger, vous devez contacter imm\u00e9diatement l&rsquo;ambassade ou le consulat am\u00e9ricain. L&rsquo;ambassade vous fournira un document de remplacement vous permettant d&#8217;embarquer et de retourner aux \u00c9tats-Unis.<\/p>\n","protected":false},"excerpt":{"rendered":"<p>Voyager hors des Etats Unis avec une Green Card La puissance du passeport am\u00e9ricain permet aux citoyens am\u00e9ricains de voyager dans plus de 140 pays dans le monde sans avoir de visa. Certains de ces pays ont \u00e9tendu ce droit de voyager sans visa aux titulaires d&rsquo;une Green Card am\u00e9ricaine. O\u00f9 peut-on voyager \u00e0 l&rsquo;\u00e9tranger [&hellip;]<\/p>\n","protected":false},"author":1,"featured_media":0,"parent":0,"menu_order":0,"comment_status":"closed","ping_status":"closed","template":"","meta":{"footnotes":""},"class_list":["post-112","page","type-page","status-publish","hentry"],"yoast_head":"<!-- This site is optimized with the Yoast SEO plugin v27.4 - https:\/\/yoast.com\/product\/yoast-seo-wordpress\/ -->\n<title>Voyager \u00e0 l&#039;\u00e9tranger avec la Green Card - USA GC<\/title>\n<meta name=\"description\" content=\"Quelles sont les r\u00e8gles en vigueur concernant les voyages avec une Green Card \u00e0 l&#039;\u00e9tranger pour un r\u00e9sident am\u00e9ricain\" \/>\n<meta name=\"robots\" content=\"index, follow, max-snippet:-1, max-image-preview:large, max-video-preview:-1\" \/>\n<link rel=\"canonical\" href=\"https:\/\/us-gc.net\/fr\/voyager-etranger-avec-green-card\/\" \/>\n<meta property=\"og:locale\" content=\"fr_FR\" \/>\n<meta property=\"og:type\" content=\"article\" \/>\n<meta property=\"og:title\" content=\"Voyager \u00e0 l&#039;\u00e9tranger avec la Green Card - USA GC\" \/>\n<meta property=\"og:description\" content=\"Quelles sont les r\u00e8gles en vigueur concernant les voyages avec une Green Card \u00e0 l&#039;\u00e9tranger pour un r\u00e9sident am\u00e9ricain\" \/>\n<meta property=\"og:url\" content=\"https:\/\/us-gc.net\/fr\/voyager-etranger-avec-green-card\/\" \/>\n<meta property=\"og:site_name\" content=\"USA GC\" \/>\n<meta property=\"article:modified_time\" content=\"2025-08-23T16:47:12+00:00\" \/>\n<meta name=\"twitter:card\" content=\"summary_large_image\" \/>\n<meta name=\"twitter:label1\" content=\"Dur\u00e9e de lecture estim\u00e9e\" \/>\n\t<meta name=\"twitter:data1\" content=\"3 minutes\" \/>\n<script type=\"application\/ld+json\" class=\"yoast-schema-graph\">{\"@context\":\"https:\\\/\\\/schema.org\",\"@graph\":[{\"@type\":\"WebPage\",\"@id\":\"https:\\\/\\\/us-gc.net\\\/fr\\\/voyager-etranger-avec-green-card\\\/\",\"url\":\"https:\\\/\\\/us-gc.net\\\/fr\\\/voyager-etranger-avec-green-card\\\/\",\"name\":\"Voyager \u00e0 l'\u00e9tranger avec la Green Card - USA GC\",\"isPartOf\":{\"@id\":\"https:\\\/\\\/us-gc.net\\\/fr\\\/#website\"},\"datePublished\":\"2024-01-31T16:18:19+00:00\",\"dateModified\":\"2025-08-23T16:47:12+00:00\",\"description\":\"Quelles sont les r\u00e8gles en vigueur concernant les voyages avec une Green Card \u00e0 l'\u00e9tranger pour un r\u00e9sident am\u00e9ricain\",\"breadcrumb\":{\"@id\":\"https:\\\/\\\/us-gc.net\\\/fr\\\/voyager-etranger-avec-green-card\\\/#breadcrumb\"},\"inLanguage\":\"fr-FR\",\"potentialAction\":[{\"@type\":\"ReadAction\",\"target\":[\"https:\\\/\\\/us-gc.net\\\/fr\\\/voyager-etranger-avec-green-card\\\/\"]}]},{\"@type\":\"BreadcrumbList\",\"@id\":\"https:\\\/\\\/us-gc.net\\\/fr\\\/voyager-etranger-avec-green-card\\\/#breadcrumb\",\"itemListElement\":[{\"@type\":\"ListItem\",\"position\":1,\"name\":\"Accueil\",\"item\":\"https:\\\/\\\/us-gc.net\\\/fr\\\/\"},{\"@type\":\"ListItem\",\"position\":2,\"name\":\"Voyager \u00e0 l&rsquo;\u00e9tranger avec la Green Card\"}]},{\"@type\":\"WebSite\",\"@id\":\"https:\\\/\\\/us-gc.net\\\/fr\\\/#website\",\"url\":\"https:\\\/\\\/us-gc.net\\\/fr\\\/\",\"name\":\"USA GC\",\"description\":\"\",\"potentialAction\":[{\"@type\":\"SearchAction\",\"target\":{\"@type\":\"EntryPoint\",\"urlTemplate\":\"https:\\\/\\\/us-gc.net\\\/fr\\\/?s={search_term_string}\"},\"query-input\":{\"@type\":\"PropertyValueSpecification\",\"valueRequired\":true,\"valueName\":\"search_term_string\"}}],\"inLanguage\":\"fr-FR\"}]}<\/script>\n<!-- \/ Yoast SEO plugin. -->","yoast_head_json":{"title":"Voyager \u00e0 l'\u00e9tranger avec la Green Card - USA GC","description":"Quelles sont les r\u00e8gles en vigueur concernant les voyages avec une Green Card \u00e0 l'\u00e9tranger pour un r\u00e9sident am\u00e9ricain","robots":{"index":"index","follow":"follow","max-snippet":"max-snippet:-1","max-image-preview":"max-image-preview:large","max-video-preview":"max-video-preview:-1"},"canonical":"https:\/\/us-gc.net\/fr\/voyager-etranger-avec-green-card\/","og_locale":"fr_FR","og_type":"article","og_title":"Voyager \u00e0 l'\u00e9tranger avec la Green Card - USA GC","og_description":"Quelles sont les r\u00e8gles en vigueur concernant les voyages avec une Green Card \u00e0 l'\u00e9tranger pour un r\u00e9sident am\u00e9ricain","og_url":"https:\/\/us-gc.net\/fr\/voyager-etranger-avec-green-card\/","og_site_name":"USA GC","article_modified_time":"2025-08-23T16:47:12+00:00","twitter_card":"summary_large_image","twitter_misc":{"Dur\u00e9e de lecture estim\u00e9e":"3 minutes"},"schema":{"@context":"https:\/\/schema.org","@graph":[{"@type":"WebPage","@id":"https:\/\/us-gc.net\/fr\/voyager-etranger-avec-green-card\/","url":"https:\/\/us-gc.net\/fr\/voyager-etranger-avec-green-card\/","name":"Voyager \u00e0 l'\u00e9tranger avec la Green Card - USA GC","isPartOf":{"@id":"https:\/\/us-gc.net\/fr\/#website"},"datePublished":"2024-01-31T16:18:19+00:00","dateModified":"2025-08-23T16:47:12+00:00","description":"Quelles sont les r\u00e8gles en vigueur concernant les voyages avec une Green Card \u00e0 l'\u00e9tranger pour un r\u00e9sident am\u00e9ricain","breadcrumb":{"@id":"https:\/\/us-gc.net\/fr\/voyager-etranger-avec-green-card\/#breadcrumb"},"inLanguage":"fr-FR","potentialAction":[{"@type":"ReadAction","target":["https:\/\/us-gc.net\/fr\/voyager-etranger-avec-green-card\/"]}]},{"@type":"BreadcrumbList","@id":"https:\/\/us-gc.net\/fr\/voyager-etranger-avec-green-card\/#breadcrumb","itemListElement":[{"@type":"ListItem","position":1,"name":"Accueil","item":"https:\/\/us-gc.net\/fr\/"},{"@type":"ListItem","position":2,"name":"Voyager \u00e0 l&rsquo;\u00e9tranger avec la Green Card"}]},{"@type":"WebSite","@id":"https:\/\/us-gc.net\/fr\/#website","url":"https:\/\/us-gc.net\/fr\/","name":"USA GC","description":"","potentialAction":[{"@type":"SearchAction","target":{"@type":"EntryPoint","urlTemplate":"https:\/\/us-gc.net\/fr\/?s={search_term_string}"},"query-input":{"@type":"PropertyValueSpecification","valueRequired":true,"valueName":"search_term_string"}}],"inLanguage":"fr-FR"}]}},"_links":{"self":[{"href":"https:\/\/us-gc.net\/fr\/wp-json\/wp\/v2\/pages\/112","targetHints":{"allow":["GET"]}}],"collection":[{"href":"https:\/\/us-gc.net\/fr\/wp-json\/wp\/v2\/pages"}],"about":[{"href":"https:\/\/us-gc.net\/fr\/wp-json\/wp\/v2\/types\/page"}],"author":[{"embeddable":true,"href":"https:\/\/us-gc.net\/fr\/wp-json\/wp\/v2\/users\/1"}],"replies":[{"embeddable":true,"href":"https:\/\/us-gc.net\/fr\/wp-json\/wp\/v2\/comments?post=112"}],"version-history":[{"count":2,"href":"https:\/\/us-gc.net\/fr\/wp-json\/wp\/v2\/pages\/112\/revisions"}],"predecessor-version":[{"id":9717,"href":"https:\/\/us-gc.net\/fr\/wp-json\/wp\/v2\/pages\/112\/revisions\/9717"}],"wp:attachment":[{"href":"https:\/\/us-gc.net\/fr\/wp-json\/wp\/v2\/media?parent=112"}],"curies":[{"name":"wp","href":"https:\/\/api.w.org\/{rel}","templated":true}]}}