{"id":105,"date":"2024-01-31T15:56:24","date_gmt":"2024-01-31T15:56:24","guid":{"rendered":"https:\/\/green-card-usa.net\/?page_id=105"},"modified":"2025-08-23T16:43:31","modified_gmt":"2025-08-23T16:43:31","slug":"green-card-loterie-2024","status":"publish","type":"page","link":"https:\/\/us-gc.net\/fr\/green-card-loterie-2024\/","title":{"rendered":"Loterie Green Card 2024"},"content":{"rendered":"\n<h1 class=\"wp-block-heading\" id=\"h-loterie-de-la-green-card-en-2024\">Loterie de la Green Card en 2024<\/h1>\n\n\n\n<p>Le tirage au sort de la loterie de la Green Card se d\u00e9roule qu&rsquo;une fois par an. Il existe deux fa\u00e7ons de d\u00e9signer l&rsquo;ann\u00e9e de la loterie :<\/p>\n\n\n\n<ul class=\"wp-block-list\">\n<li>Le d\u00e9partement d&rsquo;Etat am\u00e9ricain nomme chaque promotion de la loterie par l&rsquo;ann\u00e9e au cours de laquelle les candidats recevront leur <a href=\"https:\/\/us-gc.net\/fr\/green-card\/\">Green Card<\/a>. Donc le tirage au sort qui se d\u00e9roule au quatri\u00e8me trimestre 2024 est celui du programme de <a href=\"https:\/\/us-gc.net\/fr\/loterie-green-card-2026\/\">Green Card 2026<\/a> ;<\/li>\n\n\n\n<li>La plupart des candidats au tirage au sort donnent le nom de loterie de la Green Card 2024 au tirage au sort qui a lieu au cours de l&rsquo;ann\u00e9e 2024.<\/li>\n<\/ul>\n\n\n\n<h2 class=\"wp-block-heading\" id=\"h-qu-est-ce-que-la-loterie-2024-de-la-green-card\">Qu&rsquo;est ce que la loterie 2024 de la Green Card ?<\/h2>\n\n\n\n<p>On d\u00e9signe le plus souvent la loterie 2024 de la Green Card comme \u00e9tant le tirage au sort annuel qui se d\u00e9roule au cours de l&rsquo;ann\u00e9e 2024. Ce tirage au sort se d\u00e9roule une fois par an et permet \u00e0 plus de 50 000 ressortissants \u00e9trangers de gagner le droit d&rsquo;effectuer une demande de Green Card dans le cadre du Diversity Visa Program des Etats Unis.<\/p>\n\n\n\n<h2 class=\"wp-block-heading\" id=\"h-quand-se-deroule-la-loterie-de-la-green-card-pour-l-annee-2024\">Quand se d\u00e9roule la loterie de la Green Card pour l&rsquo;ann\u00e9e 2024 ?<\/h2>\n\n\n\n<p>Les inscriptions d\u00e9finitives pour le tirage au sort en 2024 ont eu lieu au mois d&rsquo;octobre 2024. Les dates pr\u00e9cises pour 2024 \u00e9taient :<\/p>\n\n\n\n<ul class=\"wp-block-list\">\n<li>La p\u00e9riode d&rsquo;inscription a d\u00e9marr\u00e9e le 2 octobre 2024 ;<\/li>\n\n\n\n<li>La cl\u00f4ture des inscriptions s&rsquo;est effectu\u00e9e le 5 novembre 2024.<\/li>\n<\/ul>\n\n\n\n<div style=\"height:10px\" aria-hidden=\"true\" class=\"wp-block-spacer\"><\/div>\n\n\n\n<p>La prochaine phase d&rsquo;inscription se fera pour participer au tirage au sort qui aura lieur en 2025. Il est dors et d\u00e9j\u00e0 possible de se pr\u00e9-inscrire en cliquant sur <a href=\"https:\/\/us-gc.net\/fr\/formulaire-loterie-green-card\/\">formulaire en ligne<\/a> pour compl\u00e9ter votre demande de participation au tirage au sort.<\/p>\n\n\n\n<h2 class=\"wp-block-heading\" id=\"h-quelles-sont-les-resultats-de-la-loterie-de-la-green-card-2024\">Quelles sont les r\u00e9sultats de la loterie de la Green Card 2024 ?<\/h2>\n\n\n\n<p>Les <a href=\"https:\/\/us-gc.net\/fr\/resultats-loterie-green-card\/\">r\u00e9sultats du tirage au sort de la Green Card<\/a> sont publi\u00e9s chaque ann\u00e9e environ 6 mois apr\u00e8s le tirage au sort qui se d\u00e9roule au mois de novembre. Les r\u00e9sultats du tirage de la loterie qui se d\u00e9roule en 2024 seront publi\u00e9s en ligne \u00e0 partir du mois de mai 2025.<\/p>\n\n\n\n<h2 class=\"wp-block-heading\" id=\"h-comment-s-inscrire-a-la-loterie-de-la-green-card-2024\">Comment s&rsquo;inscrire \u00e0 la loterie de la Green Card 2024 ?<\/h2>\n\n\n\n<p>L&rsquo;inscription \u00e0 la <a href=\"https:\/\/us-gc.net\/fr\/loterie-carte-verte-americaine\/\">loterie de la Carte Verte USA<\/a> s&rsquo;effectue enti\u00e8rement en ligne. <strong>Participer \u00e0 cette loterie annuelle en vous inscrivant en ligne<\/strong> en quelques minutes en cliquant sur <a href=\"https:\/\/us-gc.net\/fr\/formulaire-loterie-green-card\/\">formulaire en ligne<\/a>.&nbsp;La d\u00e9marche ne prend que quelques minutes.<\/p>\n\n\n\n<h2 class=\"wp-block-heading\" id=\"h-quel-sont-les-etapes-suivantes-pour-les-gagnants-de-la-loterie\">Quel sont les \u00e9tapes suivantes pour les gagnants de la loterie ?<\/h2>\n\n\n\n<p>Les gagnants de la loterie doivent ensuite obtenir un visa Diversit\u00e9. Les \u00e9tapes suivantes de la proc\u00e9dure sont :<\/p>\n\n\n\n<ul class=\"wp-block-list\">\n<li>Compl\u00e9ter le <a href=\"https:\/\/travel.state.gov\/content\/travel\/en\/us-visas\/visa-information-resources\/forms\/online-immigrant-visa-forms\/ds-260-faqs.html\">formulaire DS-260<\/a> de demande de visa.<\/li>\n\n\n\n<li>Effectuer le paiement des <a href=\"https:\/\/us-gc.net\/fr\/prix-green-card\/\">frais \u00e0 payer pour obtenir la Green Card<\/a> dans le cadre de cette demande obligatoire de visa ;<\/li>\n\n\n\n<li>Passer un <a href=\"https:\/\/us-gc.net\/fr\/entretien-green-card\/\">entretien pour la Green Card<\/a> avec un agent de l&rsquo;USCIS du Diversity Visa Program ;<\/li>\n\n\n\n<li>Effectuer un examen m\u00e9dical.<\/li>\n<\/ul>\n\n\n\n<div style=\"height:10px\" aria-hidden=\"true\" class=\"wp-block-spacer\"><\/div>\n\n\n\n<p>La <a href=\"https:\/\/us-gc.net\/fr\/difference-entre-green-card-et-visa\/\">Green Card et le visa sont des documents diff\u00e9rents<\/a>. L&rsquo;obtention d&rsquo;un Visa Diversit\u00e9 est une des \u00e9tapes pour obtenir une Green Card.<\/p>\n","protected":false},"excerpt":{"rendered":"<p>Loterie de la Green Card en 2024 Le tirage au sort de la loterie de la Green Card se d\u00e9roule qu&rsquo;une fois par an. Il existe deux fa\u00e7ons de d\u00e9signer l&rsquo;ann\u00e9e de la loterie : Qu&rsquo;est ce que la loterie 2024 de la Green Card ? On d\u00e9signe le plus souvent la loterie 2024 de [&hellip;]<\/p>\n","protected":false},"author":1,"featured_media":0,"parent":0,"menu_order":0,"comment_status":"closed","ping_status":"closed","template":"","meta":{"footnotes":""},"class_list":["post-105","page","type-page","status-publish","hentry"],"yoast_head":"<!-- This site is optimized with the Yoast SEO plugin v27.4 - https:\/\/yoast.com\/product\/yoast-seo-wordpress\/ -->\n<title>Loterie Green Card 2024 - USA GC<\/title>\n<meta name=\"description\" content=\"Participez au tirage de la loterie pour la Green Card en 2024. Le tirage au sort est r\u00e9alis\u00e9 chaque ann\u00e9e et permet de gagner une Green Card.\" \/>\n<meta name=\"robots\" content=\"index, follow, max-snippet:-1, max-image-preview:large, max-video-preview:-1\" \/>\n<link rel=\"canonical\" href=\"https:\/\/us-gc.net\/fr\/green-card-loterie-2024\/\" \/>\n<meta property=\"og:locale\" content=\"fr_FR\" \/>\n<meta property=\"og:type\" content=\"article\" \/>\n<meta property=\"og:title\" content=\"Loterie Green Card 2024 - USA GC\" \/>\n<meta property=\"og:description\" content=\"Participez au tirage de la loterie pour la Green Card en 2024. Le tirage au sort est r\u00e9alis\u00e9 chaque ann\u00e9e et permet de gagner une Green Card.\" \/>\n<meta property=\"og:url\" content=\"https:\/\/us-gc.net\/fr\/green-card-loterie-2024\/\" \/>\n<meta property=\"og:site_name\" content=\"USA GC\" \/>\n<meta property=\"article:modified_time\" content=\"2025-08-23T16:43:31+00:00\" \/>\n<meta name=\"twitter:card\" content=\"summary_large_image\" \/>\n<meta name=\"twitter:label1\" content=\"Dur\u00e9e de lecture estim\u00e9e\" \/>\n\t<meta name=\"twitter:data1\" content=\"3 minutes\" \/>\n<script type=\"application\/ld+json\" class=\"yoast-schema-graph\">{\"@context\":\"https:\\\/\\\/schema.org\",\"@graph\":[{\"@type\":\"WebPage\",\"@id\":\"https:\\\/\\\/us-gc.net\\\/fr\\\/green-card-loterie-2024\\\/\",\"url\":\"https:\\\/\\\/us-gc.net\\\/fr\\\/green-card-loterie-2024\\\/\",\"name\":\"Loterie Green Card 2024 - USA GC\",\"isPartOf\":{\"@id\":\"https:\\\/\\\/us-gc.net\\\/fr\\\/#website\"},\"datePublished\":\"2024-01-31T15:56:24+00:00\",\"dateModified\":\"2025-08-23T16:43:31+00:00\",\"description\":\"Participez au tirage de la loterie pour la Green Card en 2024. Le tirage au sort est r\u00e9alis\u00e9 chaque ann\u00e9e et permet de gagner une Green Card.\",\"breadcrumb\":{\"@id\":\"https:\\\/\\\/us-gc.net\\\/fr\\\/green-card-loterie-2024\\\/#breadcrumb\"},\"inLanguage\":\"fr-FR\",\"potentialAction\":[{\"@type\":\"ReadAction\",\"target\":[\"https:\\\/\\\/us-gc.net\\\/fr\\\/green-card-loterie-2024\\\/\"]}]},{\"@type\":\"BreadcrumbList\",\"@id\":\"https:\\\/\\\/us-gc.net\\\/fr\\\/green-card-loterie-2024\\\/#breadcrumb\",\"itemListElement\":[{\"@type\":\"ListItem\",\"position\":1,\"name\":\"Accueil\",\"item\":\"https:\\\/\\\/us-gc.net\\\/fr\\\/\"},{\"@type\":\"ListItem\",\"position\":2,\"name\":\"Loterie Green Card 2024\"}]},{\"@type\":\"WebSite\",\"@id\":\"https:\\\/\\\/us-gc.net\\\/fr\\\/#website\",\"url\":\"https:\\\/\\\/us-gc.net\\\/fr\\\/\",\"name\":\"USA GC\",\"description\":\"\",\"potentialAction\":[{\"@type\":\"SearchAction\",\"target\":{\"@type\":\"EntryPoint\",\"urlTemplate\":\"https:\\\/\\\/us-gc.net\\\/fr\\\/?s={search_term_string}\"},\"query-input\":{\"@type\":\"PropertyValueSpecification\",\"valueRequired\":true,\"valueName\":\"search_term_string\"}}],\"inLanguage\":\"fr-FR\"}]}<\/script>\n<!-- \/ Yoast SEO plugin. -->","yoast_head_json":{"title":"Loterie Green Card 2024 - USA GC","description":"Participez au tirage de la loterie pour la Green Card en 2024. Le tirage au sort est r\u00e9alis\u00e9 chaque ann\u00e9e et permet de gagner une Green Card.","robots":{"index":"index","follow":"follow","max-snippet":"max-snippet:-1","max-image-preview":"max-image-preview:large","max-video-preview":"max-video-preview:-1"},"canonical":"https:\/\/us-gc.net\/fr\/green-card-loterie-2024\/","og_locale":"fr_FR","og_type":"article","og_title":"Loterie Green Card 2024 - USA GC","og_description":"Participez au tirage de la loterie pour la Green Card en 2024. Le tirage au sort est r\u00e9alis\u00e9 chaque ann\u00e9e et permet de gagner une Green Card.","og_url":"https:\/\/us-gc.net\/fr\/green-card-loterie-2024\/","og_site_name":"USA GC","article_modified_time":"2025-08-23T16:43:31+00:00","twitter_card":"summary_large_image","twitter_misc":{"Dur\u00e9e de lecture estim\u00e9e":"3 minutes"},"schema":{"@context":"https:\/\/schema.org","@graph":[{"@type":"WebPage","@id":"https:\/\/us-gc.net\/fr\/green-card-loterie-2024\/","url":"https:\/\/us-gc.net\/fr\/green-card-loterie-2024\/","name":"Loterie Green Card 2024 - USA GC","isPartOf":{"@id":"https:\/\/us-gc.net\/fr\/#website"},"datePublished":"2024-01-31T15:56:24+00:00","dateModified":"2025-08-23T16:43:31+00:00","description":"Participez au tirage de la loterie pour la Green Card en 2024. Le tirage au sort est r\u00e9alis\u00e9 chaque ann\u00e9e et permet de gagner une Green Card.","breadcrumb":{"@id":"https:\/\/us-gc.net\/fr\/green-card-loterie-2024\/#breadcrumb"},"inLanguage":"fr-FR","potentialAction":[{"@type":"ReadAction","target":["https:\/\/us-gc.net\/fr\/green-card-loterie-2024\/"]}]},{"@type":"BreadcrumbList","@id":"https:\/\/us-gc.net\/fr\/green-card-loterie-2024\/#breadcrumb","itemListElement":[{"@type":"ListItem","position":1,"name":"Accueil","item":"https:\/\/us-gc.net\/fr\/"},{"@type":"ListItem","position":2,"name":"Loterie Green Card 2024"}]},{"@type":"WebSite","@id":"https:\/\/us-gc.net\/fr\/#website","url":"https:\/\/us-gc.net\/fr\/","name":"USA GC","description":"","potentialAction":[{"@type":"SearchAction","target":{"@type":"EntryPoint","urlTemplate":"https:\/\/us-gc.net\/fr\/?s={search_term_string}"},"query-input":{"@type":"PropertyValueSpecification","valueRequired":true,"valueName":"search_term_string"}}],"inLanguage":"fr-FR"}]}},"_links":{"self":[{"href":"https:\/\/us-gc.net\/fr\/wp-json\/wp\/v2\/pages\/105","targetHints":{"allow":["GET"]}}],"collection":[{"href":"https:\/\/us-gc.net\/fr\/wp-json\/wp\/v2\/pages"}],"about":[{"href":"https:\/\/us-gc.net\/fr\/wp-json\/wp\/v2\/types\/page"}],"author":[{"embeddable":true,"href":"https:\/\/us-gc.net\/fr\/wp-json\/wp\/v2\/users\/1"}],"replies":[{"embeddable":true,"href":"https:\/\/us-gc.net\/fr\/wp-json\/wp\/v2\/comments?post=105"}],"version-history":[{"count":2,"href":"https:\/\/us-gc.net\/fr\/wp-json\/wp\/v2\/pages\/105\/revisions"}],"predecessor-version":[{"id":9741,"href":"https:\/\/us-gc.net\/fr\/wp-json\/wp\/v2\/pages\/105\/revisions\/9741"}],"wp:attachment":[{"href":"https:\/\/us-gc.net\/fr\/wp-json\/wp\/v2\/media?parent=105"}],"curies":[{"name":"wp","href":"https:\/\/api.w.org\/{rel}","templated":true}]}}