{"id":102,"date":"2024-01-31T15:53:04","date_gmt":"2024-01-31T15:53:04","guid":{"rendered":"https:\/\/green-card-usa.net\/?page_id=102"},"modified":"2025-08-23T16:46:33","modified_gmt":"2025-08-23T16:46:33","slug":"loterie-carte-verte-americaine","status":"publish","type":"page","link":"https:\/\/us-gc.net\/fr\/loterie-carte-verte-americaine\/","title":{"rendered":"Participer \u00e0 la loterie am\u00e9ricaine pour la Carte Verte"},"content":{"rendered":"\n<h1 class=\"wp-block-heading\" id=\"h-la-carte-verte-permet-de-vivre-aux-etats-unis\">La Carte Verte permet de vivre aux Etats Unis<\/h1>\n\n\n\n<p>Des milliers de citoyens du monde entier tentent chaque ann\u00e9e d&rsquo;obtenir une Carte Verte de r\u00e9sident am\u00e9ricain pour pouvoir vivre aux Etats Unis.<\/p>\n\n\n\n<h2 class=\"wp-block-heading\" id=\"h-qu-est-ce-que-la-carte-verte\">Qu\u2019est ce que la Carte Verte ?<\/h2>\n\n\n\n<p>La Carte Verte est une carte am\u00e9ricaine qui donne le droit de devenir un r\u00e9sident permanent aux \u00c9tats-Unis. Elle permet \u00e0 des \u00e9trangers de venir travailler l\u00e9galement aux \u00c9tats-Unis. Ce permis de r\u00e9sidence s&rsquo;appelle mondialement la Carte Verte am\u00e9ricaine car il s&rsquo;agit d&rsquo;une carte de couleur verte.<\/p>\n\n\n\n<h2 class=\"wp-block-heading\" id=\"h-comment-obtenir-une-carte-verte\">Comment obtenir une Carte Verte ?<\/h2>\n\n\n\n<p>Il existe plusieurs moyens pour obtenir la Carte Verte aux USA. Les candidats \u00e9trangers \u00e0 l&rsquo;obtention de la Carte Verte peuvent faire une demande pour les raisons suivantes :<\/p>\n\n\n\n<ul class=\"wp-block-list\">\n<li><a href=\"https:\/\/us-gc.net\/fr\/green-card-par-mariage\/\">Carte Verte gr\u00e2ce au mariage<\/a> avec un d\u00e9tenteur d&rsquo;une Carte Verte am\u00e9ricaine ;<\/li>\n\n\n\n<li>Obtenir une <a href=\"https:\/\/us-gc.net\/fr\/green-card-pour-emploi\/\">Carte Verte gr\u00e2ce \u00e0 son emploi<\/a> ;<\/li>\n\n\n\n<li>Obtenir une <a href=\"https:\/\/us-gc.net\/fr\/green-card-parrainage\/\">Carte Verte gr\u00e2ce \u00e0 un sponsor<\/a> familiale ou d&rsquo;une entreprise ;<\/li>\n<\/ul>\n\n\n\n<div style=\"height:10px\" aria-hidden=\"true\" class=\"wp-block-spacer\"><\/div>\n\n\n\n<p>Il existe d&rsquo;autres fa\u00e7on d&rsquo;obtenir une Carte Verte. La solution la plus convoit\u00e9e mondialement pour obtenir la Carte Verte est la loterie am\u00e9ricaine. <strong>Vous pouvez participer \u00e0 cette loterie annuelle en vous inscrivant en ligne<\/strong> en quelques minutes en cliquant sur <a href=\"https:\/\/us-gc.net\/fr\/formulaire-loterie-green-card\/\">formulaire en ligne<\/a>.<\/p>\n\n\n\n<div style=\"height:10px\" aria-hidden=\"true\" class=\"wp-block-spacer\"><\/div>\n\n\n\n<h2 class=\"wp-block-heading\" id=\"h-qu-est-ce-que-la-loterie-americaine-de-la-carte-verte\">Qu\u2019est ce que la loterie am\u00e9ricaine de la Carte Verte ?<\/h2>\n\n\n\n<p>Les Etats Unis ont mis en place le Diversity Visa Program pour g\u00e9rer leur immigration \u00e9trang\u00e8re. Il s&rsquo;agit d&rsquo;une loterie annuelle \u00e0 laquelle participent plusieurs millions d&rsquo;\u00e9trangers chaque ann\u00e9e pour obtenir une des 50 000 Carte Vertes offertes par tirage au sort.<\/p>\n\n\n\n<h2 class=\"wp-block-heading\" id=\"h-quand-se-deroule-le-tirage-de-la-loterie-carte-verte\">Quand se d\u00e9roule le tirage de la loterie Carte Verte ?<\/h2>\n\n\n\n<p>La loterie de la Carte Verte a lieu une fois par an. Elle se d\u00e9roule en fin d&rsquo;ann\u00e9e au mois de Novembre. Les tirages au sort de la loterie sont donc d\u00e9sign\u00e9s par leur ann\u00e9e : Il y a la <a href=\"https:\/\/us-gc.net\/fr\/green-card-loterie-2024\/\">Loterie Carte Verte 2024<\/a>, la <a href=\"https:\/\/us-gc.net\/fr\/loterie-green-card-2025\/\">loterie Carte Verte 2025<\/a> et la <a href=\"https:\/\/us-gc.net\/fr\/loterie-green-card-2026\/\">Loterie de la Carte Verte 2026<\/a>. Les candidats d&rsquo;inscrivent avant la cl\u00f4ture des inscriptions pour participer au tirage au sort. Les <a href=\"https:\/\/us-gc.net\/fr\/resultats-loterie-green-card\/\">r\u00e9sultats de la loterie de la Carte Verte<\/a> sont ensuite publi\u00e9s directement sur le web.<\/p>\n\n\n\n<h2 class=\"wp-block-heading\" id=\"h-comment-s-inscrire-a-la-loterie\">Comment s\u2019inscrire \u00e0 la loterie ?<\/h2>\n\n\n\n<p>Les candidats doivent au pr\u00e9alable v\u00e9rifier leur \u00e9ligibilit\u00e9 pour participer \u00e0 la loterie. En effet, chaque ann\u00e9e l&rsquo;administration am\u00e9ricaine publie une liste des <a href=\"https:\/\/us-gc.net\/fr\/pays-non-autorises-participer-loterie-green-card\/\">pays non autoris\u00e9s \u00e0 participer \u00e0 la loterie de la Carte Verte<\/a>.<\/p>\n\n\n\n<p>Les candidats \u00e0 la loterie de la Carte Verte doivent s&rsquo;inscrire directement en ligne sur le web. ils doivent compl\u00e9ter un <a href=\"https:\/\/us-gc.net\/fr\/formulaire-loterie-green-card\/\">formulaire en ligne<\/a> pour enregistrer leur inscription \u00e0 la loterie.<\/p>\n","protected":false},"excerpt":{"rendered":"<p>La Carte Verte permet de vivre aux Etats Unis Des milliers de citoyens du monde entier tentent chaque ann\u00e9e d&rsquo;obtenir une Carte Verte de r\u00e9sident am\u00e9ricain pour pouvoir vivre aux Etats Unis. Qu\u2019est ce que la Carte Verte ? La Carte Verte est une carte am\u00e9ricaine qui donne le droit de devenir un r\u00e9sident permanent [&hellip;]<\/p>\n","protected":false},"author":1,"featured_media":0,"parent":0,"menu_order":0,"comment_status":"closed","ping_status":"closed","template":"","meta":{"footnotes":""},"class_list":["post-102","page","type-page","status-publish","hentry"],"yoast_head":"<!-- This site is optimized with the Yoast SEO plugin v27.4 - https:\/\/yoast.com\/product\/yoast-seo-wordpress\/ -->\n<title>Participer \u00e0 la loterie am\u00e9ricaine pour la Carte Verte - USA GC<\/title>\n<meta name=\"description\" content=\"Participez \u00e0 la loterie am\u00e9ricaine pour remporter une Carte Verte. Il s&#039;agit de la carte de r\u00e9sident permanent pour vivre aux Etats Unis\" \/>\n<meta name=\"robots\" content=\"index, follow, max-snippet:-1, max-image-preview:large, max-video-preview:-1\" \/>\n<link rel=\"canonical\" href=\"https:\/\/us-gc.net\/fr\/loterie-carte-verte-americaine\/\" \/>\n<meta property=\"og:locale\" content=\"fr_FR\" \/>\n<meta property=\"og:type\" content=\"article\" \/>\n<meta property=\"og:title\" content=\"Participer \u00e0 la loterie am\u00e9ricaine pour la Carte Verte - USA GC\" \/>\n<meta property=\"og:description\" content=\"Participez \u00e0 la loterie am\u00e9ricaine pour remporter une Carte Verte. Il s&#039;agit de la carte de r\u00e9sident permanent pour vivre aux Etats Unis\" \/>\n<meta property=\"og:url\" content=\"https:\/\/us-gc.net\/fr\/loterie-carte-verte-americaine\/\" \/>\n<meta property=\"og:site_name\" content=\"USA GC\" \/>\n<meta property=\"article:modified_time\" content=\"2025-08-23T16:46:33+00:00\" \/>\n<meta name=\"twitter:card\" content=\"summary_large_image\" \/>\n<meta name=\"twitter:label1\" content=\"Dur\u00e9e de lecture estim\u00e9e\" \/>\n\t<meta name=\"twitter:data1\" content=\"3 minutes\" \/>\n<script type=\"application\/ld+json\" class=\"yoast-schema-graph\">{\"@context\":\"https:\\\/\\\/schema.org\",\"@graph\":[{\"@type\":\"WebPage\",\"@id\":\"https:\\\/\\\/us-gc.net\\\/fr\\\/loterie-carte-verte-americaine\\\/\",\"url\":\"https:\\\/\\\/us-gc.net\\\/fr\\\/loterie-carte-verte-americaine\\\/\",\"name\":\"Participer \u00e0 la loterie am\u00e9ricaine pour la Carte Verte - USA GC\",\"isPartOf\":{\"@id\":\"https:\\\/\\\/us-gc.net\\\/fr\\\/#website\"},\"datePublished\":\"2024-01-31T15:53:04+00:00\",\"dateModified\":\"2025-08-23T16:46:33+00:00\",\"description\":\"Participez \u00e0 la loterie am\u00e9ricaine pour remporter une Carte Verte. Il s'agit de la carte de r\u00e9sident permanent pour vivre aux Etats Unis\",\"breadcrumb\":{\"@id\":\"https:\\\/\\\/us-gc.net\\\/fr\\\/loterie-carte-verte-americaine\\\/#breadcrumb\"},\"inLanguage\":\"fr-FR\",\"potentialAction\":[{\"@type\":\"ReadAction\",\"target\":[\"https:\\\/\\\/us-gc.net\\\/fr\\\/loterie-carte-verte-americaine\\\/\"]}]},{\"@type\":\"BreadcrumbList\",\"@id\":\"https:\\\/\\\/us-gc.net\\\/fr\\\/loterie-carte-verte-americaine\\\/#breadcrumb\",\"itemListElement\":[{\"@type\":\"ListItem\",\"position\":1,\"name\":\"Accueil\",\"item\":\"https:\\\/\\\/us-gc.net\\\/fr\\\/\"},{\"@type\":\"ListItem\",\"position\":2,\"name\":\"Participer \u00e0 la loterie am\u00e9ricaine pour la Carte Verte\"}]},{\"@type\":\"WebSite\",\"@id\":\"https:\\\/\\\/us-gc.net\\\/fr\\\/#website\",\"url\":\"https:\\\/\\\/us-gc.net\\\/fr\\\/\",\"name\":\"USA GC\",\"description\":\"\",\"potentialAction\":[{\"@type\":\"SearchAction\",\"target\":{\"@type\":\"EntryPoint\",\"urlTemplate\":\"https:\\\/\\\/us-gc.net\\\/fr\\\/?s={search_term_string}\"},\"query-input\":{\"@type\":\"PropertyValueSpecification\",\"valueRequired\":true,\"valueName\":\"search_term_string\"}}],\"inLanguage\":\"fr-FR\"}]}<\/script>\n<!-- \/ Yoast SEO plugin. -->","yoast_head_json":{"title":"Participer \u00e0 la loterie am\u00e9ricaine pour la Carte Verte - USA GC","description":"Participez \u00e0 la loterie am\u00e9ricaine pour remporter une Carte Verte. Il s'agit de la carte de r\u00e9sident permanent pour vivre aux Etats Unis","robots":{"index":"index","follow":"follow","max-snippet":"max-snippet:-1","max-image-preview":"max-image-preview:large","max-video-preview":"max-video-preview:-1"},"canonical":"https:\/\/us-gc.net\/fr\/loterie-carte-verte-americaine\/","og_locale":"fr_FR","og_type":"article","og_title":"Participer \u00e0 la loterie am\u00e9ricaine pour la Carte Verte - USA GC","og_description":"Participez \u00e0 la loterie am\u00e9ricaine pour remporter une Carte Verte. Il s'agit de la carte de r\u00e9sident permanent pour vivre aux Etats Unis","og_url":"https:\/\/us-gc.net\/fr\/loterie-carte-verte-americaine\/","og_site_name":"USA GC","article_modified_time":"2025-08-23T16:46:33+00:00","twitter_card":"summary_large_image","twitter_misc":{"Dur\u00e9e de lecture estim\u00e9e":"3 minutes"},"schema":{"@context":"https:\/\/schema.org","@graph":[{"@type":"WebPage","@id":"https:\/\/us-gc.net\/fr\/loterie-carte-verte-americaine\/","url":"https:\/\/us-gc.net\/fr\/loterie-carte-verte-americaine\/","name":"Participer \u00e0 la loterie am\u00e9ricaine pour la Carte Verte - USA GC","isPartOf":{"@id":"https:\/\/us-gc.net\/fr\/#website"},"datePublished":"2024-01-31T15:53:04+00:00","dateModified":"2025-08-23T16:46:33+00:00","description":"Participez \u00e0 la loterie am\u00e9ricaine pour remporter une Carte Verte. Il s'agit de la carte de r\u00e9sident permanent pour vivre aux Etats Unis","breadcrumb":{"@id":"https:\/\/us-gc.net\/fr\/loterie-carte-verte-americaine\/#breadcrumb"},"inLanguage":"fr-FR","potentialAction":[{"@type":"ReadAction","target":["https:\/\/us-gc.net\/fr\/loterie-carte-verte-americaine\/"]}]},{"@type":"BreadcrumbList","@id":"https:\/\/us-gc.net\/fr\/loterie-carte-verte-americaine\/#breadcrumb","itemListElement":[{"@type":"ListItem","position":1,"name":"Accueil","item":"https:\/\/us-gc.net\/fr\/"},{"@type":"ListItem","position":2,"name":"Participer \u00e0 la loterie am\u00e9ricaine pour la Carte Verte"}]},{"@type":"WebSite","@id":"https:\/\/us-gc.net\/fr\/#website","url":"https:\/\/us-gc.net\/fr\/","name":"USA GC","description":"","potentialAction":[{"@type":"SearchAction","target":{"@type":"EntryPoint","urlTemplate":"https:\/\/us-gc.net\/fr\/?s={search_term_string}"},"query-input":{"@type":"PropertyValueSpecification","valueRequired":true,"valueName":"search_term_string"}}],"inLanguage":"fr-FR"}]}},"_links":{"self":[{"href":"https:\/\/us-gc.net\/fr\/wp-json\/wp\/v2\/pages\/102","targetHints":{"allow":["GET"]}}],"collection":[{"href":"https:\/\/us-gc.net\/fr\/wp-json\/wp\/v2\/pages"}],"about":[{"href":"https:\/\/us-gc.net\/fr\/wp-json\/wp\/v2\/types\/page"}],"author":[{"embeddable":true,"href":"https:\/\/us-gc.net\/fr\/wp-json\/wp\/v2\/users\/1"}],"replies":[{"embeddable":true,"href":"https:\/\/us-gc.net\/fr\/wp-json\/wp\/v2\/comments?post=102"}],"version-history":[{"count":1,"href":"https:\/\/us-gc.net\/fr\/wp-json\/wp\/v2\/pages\/102\/revisions"}],"predecessor-version":[{"id":8003,"href":"https:\/\/us-gc.net\/fr\/wp-json\/wp\/v2\/pages\/102\/revisions\/8003"}],"wp:attachment":[{"href":"https:\/\/us-gc.net\/fr\/wp-json\/wp\/v2\/media?parent=102"}],"curies":[{"name":"wp","href":"https:\/\/api.w.org\/{rel}","templated":true}]}}