{"id":885,"date":"2024-01-31T07:57:06","date_gmt":"2024-01-31T07:57:06","guid":{"rendered":"https:\/\/green-card-usa.net\/arpajaiset-green-card\/"},"modified":"2025-02-21T09:17:40","modified_gmt":"2025-02-21T09:17:40","slug":"arpajaiset-green-card","status":"publish","type":"page","link":"https:\/\/us-gc.net\/fi\/arpajaiset-green-card\/","title":{"rendered":"American Green Card arpajaiset"},"content":{"rendered":"\n<h1 class=\"wp-block-heading\" id=\"h-loterie-americaine-pour-obtenir-une-green-card\">Amerikkalainen arpajaiset Green Card saamiseksi<\/h1>\n\n<p>Joka vuosi yli 50 000 ihmist\u00e4 ymp\u00e4ri maailmaa saa Green Card amerikkalaisen arvonnan ansiosta. Voittaakseen oikeuden Green Card hakijat osallistuvat kerran vuodessa j\u00e4rjestett\u00e4v\u00e4\u00e4n satunnaiseen tietokonearvontaan.<\/p>\n\n<p><strong>Osallistu t\u00e4h\u00e4n vuosittaiseen arvontaan rekister\u00f6itym\u00e4ll\u00e4 verkossa<\/strong> vain muutamassa minuutissa klikkaamalla <a href=\"https:\/\/us-gc.net\/fi\/green-card-lottolomake\/\">verkkolomaketta<\/a>.  <\/p>\n\n<div style=\"height:10px\" aria-hidden=\"true\" class=\"wp-block-spacer\"><\/div>\n\n<h2 class=\"wp-block-heading\" id=\"h-qu-est-ce-que-la-loterie-de-la-green-card\">Mik\u00e4 on Green Card arvonta?<\/h2>\n\n<p>Yhdysvallat on perustanut ohjelman, jolla hallitaan ulkomaisen maahanmuuton monimuotoisuutta. T\u00e4t\u00e4 prosessia kutsutaan monimuotoisuusviisumiohjelmaksi. Siihen kuuluu vuosittainen arvonta Yhdysvaltoihin muuttavien hakijoiden kesken. Voittajat voivat hakea <a href=\"https:\/\/us-gc.net\/fi\/green-card\/\">Green Card<\/a> monimuotoisuusviisumiohjelman puitteissa.<\/p>\n\n<h2 class=\"wp-block-heading\" id=\"h-quand-se-deroule-la-loterie-de-la-green-card\">Milloin Green Card arvonta suoritetaan?<\/h2>\n\n<p>Green Card-arvontaan osallistutaan Yhdysvaltain hallinnon asettaman ajanjakson aikana. T\u00e4m\u00e4 rekister\u00f6intivaihe tapahtuu seuraavasti:<\/p>\n\n<ul class=\"wp-block-list\">\n<li>Ilmoittautumisaika alkaa lokakuun ensimm\u00e4isell\u00e4 viikolla;<\/li>\n\n\n\n<li>Ilmoittautumiset p\u00e4\u00e4ttyv\u00e4t marraskuun ensimm\u00e4isell\u00e4 viikolla.<\/li>\n<\/ul>\n\n<div style=\"height:10px\" aria-hidden=\"true\" class=\"wp-block-spacer\"><\/div>\n\n<p>Lopullinen arvonta suoritetaan vuosittain marraskuussa.<\/p>\n\n<h2 class=\"wp-block-heading\" id=\"h-comment-s-inscrire-a-la-loterie\">Miten osallistun arvontaan?<\/h2>\n\n<p>Ilmoittautuminen tapahtuu vain verkossa. Rekister\u00f6inniss\u00e4 on kaksi p\u00e4\u00e4vaihetta:<\/p>\n\n<ul class=\"wp-block-list\">\n<li>Hakijoiden on tarkistettava kelpoisuutensa osallistua Diversity-viisumiohjelman arvontaan.<\/li>\n\n\n\n<li>Hakijoiden on t\u00e4ytett\u00e4v\u00e4 verkkolomake rekister\u00f6ity\u00e4kseen arvontaan.<\/li>\n<\/ul>\n\n<h3 class=\"wp-block-heading\" id=\"h-verifier-son-eligibilite-pour-participer-a-la-loterie\">Tarkista kelpoisuutesi osallistua arvontaan<\/h3>\n\n<p><strong>Ensimm\u00e4inen kelpoisuusehto<\/strong>: Ensimm\u00e4inen edellytys Green Card arvontaan osallistumiselle on, ett\u00e4 et saa olla sellaisen maan kansalainen, jolla ei ole lupaa osallistua arvontaan.<\/p>\n\n<p>Yhdysvallat haluaa s\u00e4ilytt\u00e4\u00e4 sekoittuneen maahanmuuttajav\u00e4est\u00f6n. Yhdysvaltain hallitus p\u00e4\u00e4tt\u00e4\u00e4 joka vuosi, mitk\u00e4 <a href=\"https:\/\/us-gc.net\/fi\/osallistumattomien-maiden-green-card-arpajaiset\/\">maat eiv\u00e4t saa osallistua Green Card arvontaan<\/a>. Osallistumattomien maiden valinta perustuu seuraavaan s\u00e4\u00e4nt\u00f6\u00f6n: Niiden maiden kansalaiset, joiden yli 50 000 kansalaista on muuttanut Yhdysvaltoihin viiden edellisen vuoden aikana, eiv\u00e4t voi osallistua t\u00e4m\u00e4n vuoden arvontaan.<\/p>\n\n<p><strong>Toinen kelpoisuusehto <\/strong>: Hakijalla on oltava ylioppilastutkinto tai h\u00e4n on toiminut v\u00e4hint\u00e4\u00e4n kaksi vuotta viimeisten viiden vuoden aikana teht\u00e4v\u00e4ss\u00e4, joka edellytt\u00e4\u00e4 v\u00e4hint\u00e4\u00e4n kahden vuoden koulutusta tai kokemusta.<\/p>\n\n<h3 class=\"wp-block-heading\" id=\"h-s-inscrire-en-ligne-a-la-loterie\">Rekister\u00f6idy arvontaan verkossa<\/h3>\n\n<p>Voit rekister\u00f6ity\u00e4 <a href=\"https:\/\/us-gc.net\/fi\/american-arvontaan-vihrea-kortti\/\">Green Card arvontaan<\/a> verkossa muutamassa minuutissa t\u00e4ytt\u00e4m\u00e4ll\u00e4 <a href=\"https:\/\/us-gc.net\/fi\/green-card-lottolomake\/\">verkkolomakkeen<\/a>. <\/p>\n\n<h2 class=\"wp-block-heading\" id=\"h-comment-connaitre-les-resultats-de-la-loterie-de-la-green-card\">Miten saan tiet\u00e4\u00e4 Green Card arvonnan tulokset?<\/h2>\n\n<p><a href=\"https:\/\/us-gc.net\/fi\/tulokset-lottery-green-card\/\">Green Card arvonnan tulokset<\/a> julkaistaan vuosittain v\u00e4hint\u00e4\u00e4n 6 kuukautta marraskuun arvonnan j\u00e4lkeen. Arvonnan tulokset julkaistaan verkossa seuraavan vuoden toukokuussa.<\/p>\n\n<p>Yhdysvaltain ulkoministeri\u00f6, joka hallinnoi Diversity-viisumiohjelmaa, julkaisee verkossa tilastoja vuosittain arvontaan osallistuvista hakijoista.  <\/p>\n\n<h2 class=\"wp-block-heading\" id=\"h-est-ce-qu-il-y-a-des-quotas-par-pays-pour-la-loterie\">Onko arvonnassa maakohtaisia kiinti\u00f6it\u00e4?<\/h2>\n\n<p>Maakohtaisia kiinti\u00f6it\u00e4 ei ole, kun rekister\u00f6idyt osallistumaan vihre\u00e4n kortin arvontaan. Toisaalta moninaisuusviisumiohjelmassa asetetaan maakohtaiset kiinti\u00f6t moninaisuusohjelman tuloksena my\u00f6nnett\u00e4vien viisumien lopulliselle jakamiselle: <strong>mink\u00e4\u00e4n maan kansalaiset eiv\u00e4t saa edustaa yli 7:\u00e4\u00e4 prosenttia viisumin saajien kokonaism\u00e4\u00e4r\u00e4st\u00e4<\/strong>.<\/p>\n\n<p><strong>Esimerkki vuodelle 2023<\/strong>: Vuonna 2023 my\u00f6nnett\u00e4vien 55 000 vihre\u00e4n kortin kokonaism\u00e4\u00e4r\u00e4st\u00e4 mik\u00e4\u00e4n maa ei voi saada yli 7 prosenttia, eli enint\u00e4\u00e4n 3 850 vihre\u00e4\u00e4 korttia.<\/p>\n\n<h2 class=\"wp-block-heading\" id=\"h-synthese-des-candidats-ayant-participes-a-la-loterie-de-2019-a-2021\">Yhteenveto arvontaan osallistuneista ehdokkaista vuosina 2019-2021<\/h2>\n\n<p>Yhdysvaltain ulkoministeri\u00f6n julkaisemat viimeisimm\u00e4t luvut vihre\u00e4n kortin arvontaan liittyvien verkkohakemusten m\u00e4\u00e4r\u00e4st\u00e4 koskevat vuotta 2021. Seuraavassa on yhteenveto osallistumisesta vuosina 2019-2021 maantieteellisen alueen mukaan jaoteltuna:  <\/p>\n\n<figure class=\"wp-block-table\"><table><tbody><tr><td><strong>Maantieteelliset alueet <\/strong><\/td><td class=\"has-text-align-center\" data-align=\"center\"><strong>2019<\/strong><\/td><td class=\"has-text-align-center\" data-align=\"center\"><strong>2020<\/strong><\/td><td class=\"has-text-align-center\" data-align=\"center\"><strong>2021<\/strong><\/td><\/tr><tr><td><a href=\"https:\/\/us-gc.net\/fi\/lotto-green-card-maat-afrikka\/\">Afrikan maat<\/a><\/td><td class=\"has-text-align-center\" data-align=\"center\">7 832 894<\/td><td class=\"has-text-align-center\" data-align=\"center\">8 145 390<\/td><td class=\"has-text-align-center\" data-align=\"center\">3 100 982<\/td><\/tr><tr><td><a href=\"https:\/\/us-gc.net\/fi\/green-card-lottomaa-aasia\/\">Aasian maat<\/a><\/td><td class=\"has-text-align-center\" data-align=\"center\">1 871 824<\/td><td class=\"has-text-align-center\" data-align=\"center\">1 952 489<\/td><td class=\"has-text-align-center\" data-align=\"center\">1 281 046<\/td><\/tr><tr><td><a href=\"https:\/\/us-gc.net\/fi\/arpajaiset-green-card-eurooppa\/\">Euroopan maat<\/a><\/td><td class=\"has-text-align-center\" data-align=\"center\">4 349 555<\/td><td class=\"has-text-align-center\" data-align=\"center\">4 072 324<\/td><td class=\"has-text-align-center\" data-align=\"center\">2 014 089<\/td><\/tr><tr><td>Pohjois-Amerikan maat (Bahama)<\/td><td class=\"has-text-align-center\" data-align=\"center\">1 506<\/td><td class=\"has-text-align-center\" data-align=\"center\">1 445<\/td><td class=\"has-text-align-center\" data-align=\"center\">937<\/td><\/tr><tr><td>Oseania<\/td><td class=\"has-text-align-center\" data-align=\"center\">23 201<\/td><td class=\"has-text-align-center\" data-align=\"center\">22 722<\/td><td class=\"has-text-align-center\" data-align=\"center\">16 672<\/td><\/tr><tr><td>Keski- ja Etel\u00e4-Amerikan maat<\/td><td class=\"has-text-align-center\" data-align=\"center\">273 033<\/td><td class=\"has-text-align-center\" data-align=\"center\">528 428<\/td><td class=\"has-text-align-center\" data-align=\"center\">327 402<\/td><\/tr><tr><td><strong>Hakemusten kokonaism\u00e4\u00e4r\u00e4<\/strong><\/td><td class=\"has-text-align-center\" data-align=\"center\"><strong>14 352 013<\/strong><\/td><td class=\"has-text-align-center\" data-align=\"center\"><strong>14 722 798<\/strong><\/td><td class=\"has-text-align-center\" data-align=\"center\"><strong>6 741 128<\/strong><\/td><\/tr><\/tbody><\/table><\/figure>\n\n<p>N\u00e4m\u00e4 tilastot on koottu ulkoministeri\u00f6n <a href=\"https:\/\/travel.state.gov\/content\/travel\/en\/us-visas\/immigrate\/diversity-visa-program-entry\/diversity-visa-program-statistics.html\">travel.state.gov-sivustolla<\/a> julkaisemista julkisista tiedoista.<\/p>\n\n<h2 class=\"wp-block-heading\" id=\"h-qu-est-ce-qu-il-se-passe-apres-la-loterie-de-la-green-card\">Mit\u00e4 tapahtuu Green Card arvonnan j\u00e4lkeen?<\/h2>\n\n<p>Lottovoittajien on noudatettava useita vaiheita lottovoiton j\u00e4lkeen. Menettelyn seuraavat vaiheet ovat :<\/p>\n\n<ul class=\"wp-block-list\">\n<li>T\u00e4yt\u00e4 <a href=\"https:\/\/travel.state.gov\/content\/travel\/en\/us-visas\/visa-information-resources\/forms\/online-immigrant-visa-forms\/ds-260-faqs.html\">viisumihakemuslomake DS-260<\/a>.<\/li>\n\n\n\n<li>Maksa <a href=\"https:\/\/us-gc.net\/fi\/green-card-maksaa\/\">Green Card saamiseksi vaadittavat maksut<\/a> osana t\u00e4t\u00e4 pakollista viisumihakemusta;<\/li>\n\n\n\n<li><a href=\"https:\/\/us-gc.net\/fi\/green-card-haastatella\/\">Haastattelu Green Card varten<\/a> USCIS Diversity Visa Program -ohjelman virkailijan kanssa;<\/li>\n\n\n\n<li>Suorita l\u00e4\u00e4k\u00e4rintarkastus.<\/li>\n<\/ul>\n\n<div style=\"height:10px\" aria-hidden=\"true\" class=\"wp-block-spacer\"><\/div>\n","protected":false},"excerpt":{"rendered":"<p>Amerikkalainen arpajaiset Green Card saamiseksi Joka vuosi yli 50 000 ihmist\u00e4 ymp\u00e4ri maailmaa saa Green Card amerikkalaisen arvonnan ansiosta. Voittaakseen oikeuden Green Card hakijat osallistuvat kerran vuodessa j\u00e4rjestett\u00e4v\u00e4\u00e4n satunnaiseen tietokonearvontaan. Osallistu t\u00e4h\u00e4n vuosittaiseen arvontaan rekister\u00f6itym\u00e4ll\u00e4 verkossa vain muutamassa minuutissa klikkaamalla verkkolomaketta. Mik\u00e4 on Green Card arvonta? Yhdysvallat on perustanut ohjelman, jolla hallitaan ulkomaisen maahanmuuton monimuotoisuutta. [&hellip;]<\/p>\n","protected":false},"author":1,"featured_media":0,"parent":0,"menu_order":0,"comment_status":"closed","ping_status":"closed","template":"","meta":{"footnotes":""},"class_list":["post-885","page","type-page","status-publish","hentry"],"yoast_head":"<!-- This site is optimized with the Yoast SEO plugin v27.4 - https:\/\/yoast.com\/product\/yoast-seo-wordpress\/ -->\n<title>American Green Card arpajaiset - USA GC<\/title>\n<meta name=\"description\" content=\"Osallistu vuotuiseen amerikkalaiseen arvontaan saadaksesi Green Cardin 50 000 muun voittajan tavoin satunnaisarvonnassa.\" \/>\n<meta name=\"robots\" content=\"index, follow, max-snippet:-1, max-image-preview:large, max-video-preview:-1\" \/>\n<link rel=\"canonical\" href=\"https:\/\/us-gc.net\/fi\/arpajaiset-green-card\/\" \/>\n<meta property=\"og:locale\" content=\"fi_FI\" \/>\n<meta property=\"og:type\" content=\"article\" \/>\n<meta property=\"og:title\" content=\"American Green Card arpajaiset - USA GC\" \/>\n<meta property=\"og:description\" content=\"Osallistu vuotuiseen amerikkalaiseen arvontaan saadaksesi Green Cardin 50 000 muun voittajan tavoin satunnaisarvonnassa.\" \/>\n<meta property=\"og:url\" content=\"https:\/\/us-gc.net\/fi\/arpajaiset-green-card\/\" \/>\n<meta property=\"og:site_name\" content=\"USA GC\" \/>\n<meta property=\"article:modified_time\" content=\"2025-02-21T09:17:40+00:00\" \/>\n<meta name=\"twitter:card\" content=\"summary_large_image\" \/>\n<meta name=\"twitter:label1\" content=\"Arvioitu lukuaika\" \/>\n\t<meta name=\"twitter:data1\" content=\"3 minuuttia\" \/>\n<script type=\"application\/ld+json\" class=\"yoast-schema-graph\">{\"@context\":\"https:\\\/\\\/schema.org\",\"@graph\":[{\"@type\":\"WebPage\",\"@id\":\"https:\\\/\\\/us-gc.net\\\/fi\\\/arpajaiset-green-card\\\/\",\"url\":\"https:\\\/\\\/us-gc.net\\\/fi\\\/arpajaiset-green-card\\\/\",\"name\":\"American Green Card arpajaiset - USA GC\",\"isPartOf\":{\"@id\":\"https:\\\/\\\/us-gc.net\\\/fi\\\/#website\"},\"datePublished\":\"2024-01-31T07:57:06+00:00\",\"dateModified\":\"2025-02-21T09:17:40+00:00\",\"description\":\"Osallistu vuotuiseen amerikkalaiseen arvontaan saadaksesi Green Cardin 50 000 muun voittajan tavoin satunnaisarvonnassa.\",\"breadcrumb\":{\"@id\":\"https:\\\/\\\/us-gc.net\\\/fi\\\/arpajaiset-green-card\\\/#breadcrumb\"},\"inLanguage\":\"fi\",\"potentialAction\":[{\"@type\":\"ReadAction\",\"target\":[\"https:\\\/\\\/us-gc.net\\\/fi\\\/arpajaiset-green-card\\\/\"]}]},{\"@type\":\"BreadcrumbList\",\"@id\":\"https:\\\/\\\/us-gc.net\\\/fi\\\/arpajaiset-green-card\\\/#breadcrumb\",\"itemListElement\":[{\"@type\":\"ListItem\",\"position\":1,\"name\":\"Accueil\",\"item\":\"https:\\\/\\\/us-gc.net\\\/fi\\\/green-card\\\/\"},{\"@type\":\"ListItem\",\"position\":2,\"name\":\"American Green Card arpajaiset\"}]},{\"@type\":\"WebSite\",\"@id\":\"https:\\\/\\\/us-gc.net\\\/fi\\\/#website\",\"url\":\"https:\\\/\\\/us-gc.net\\\/fi\\\/\",\"name\":\"USA GC\",\"description\":\"\",\"potentialAction\":[{\"@type\":\"SearchAction\",\"target\":{\"@type\":\"EntryPoint\",\"urlTemplate\":\"https:\\\/\\\/us-gc.net\\\/fi\\\/?s={search_term_string}\"},\"query-input\":{\"@type\":\"PropertyValueSpecification\",\"valueRequired\":true,\"valueName\":\"search_term_string\"}}],\"inLanguage\":\"fi\"}]}<\/script>\n<!-- \/ Yoast SEO plugin. -->","yoast_head_json":{"title":"American Green Card arpajaiset - USA GC","description":"Osallistu vuotuiseen amerikkalaiseen arvontaan saadaksesi Green Cardin 50 000 muun voittajan tavoin satunnaisarvonnassa.","robots":{"index":"index","follow":"follow","max-snippet":"max-snippet:-1","max-image-preview":"max-image-preview:large","max-video-preview":"max-video-preview:-1"},"canonical":"https:\/\/us-gc.net\/fi\/arpajaiset-green-card\/","og_locale":"fi_FI","og_type":"article","og_title":"American Green Card arpajaiset - USA GC","og_description":"Osallistu vuotuiseen amerikkalaiseen arvontaan saadaksesi Green Cardin 50 000 muun voittajan tavoin satunnaisarvonnassa.","og_url":"https:\/\/us-gc.net\/fi\/arpajaiset-green-card\/","og_site_name":"USA GC","article_modified_time":"2025-02-21T09:17:40+00:00","twitter_card":"summary_large_image","twitter_misc":{"Arvioitu lukuaika":"3 minuuttia"},"schema":{"@context":"https:\/\/schema.org","@graph":[{"@type":"WebPage","@id":"https:\/\/us-gc.net\/fi\/arpajaiset-green-card\/","url":"https:\/\/us-gc.net\/fi\/arpajaiset-green-card\/","name":"American Green Card arpajaiset - USA GC","isPartOf":{"@id":"https:\/\/us-gc.net\/fi\/#website"},"datePublished":"2024-01-31T07:57:06+00:00","dateModified":"2025-02-21T09:17:40+00:00","description":"Osallistu vuotuiseen amerikkalaiseen arvontaan saadaksesi Green Cardin 50 000 muun voittajan tavoin satunnaisarvonnassa.","breadcrumb":{"@id":"https:\/\/us-gc.net\/fi\/arpajaiset-green-card\/#breadcrumb"},"inLanguage":"fi","potentialAction":[{"@type":"ReadAction","target":["https:\/\/us-gc.net\/fi\/arpajaiset-green-card\/"]}]},{"@type":"BreadcrumbList","@id":"https:\/\/us-gc.net\/fi\/arpajaiset-green-card\/#breadcrumb","itemListElement":[{"@type":"ListItem","position":1,"name":"Accueil","item":"https:\/\/us-gc.net\/fi\/green-card\/"},{"@type":"ListItem","position":2,"name":"American Green Card arpajaiset"}]},{"@type":"WebSite","@id":"https:\/\/us-gc.net\/fi\/#website","url":"https:\/\/us-gc.net\/fi\/","name":"USA GC","description":"","potentialAction":[{"@type":"SearchAction","target":{"@type":"EntryPoint","urlTemplate":"https:\/\/us-gc.net\/fi\/?s={search_term_string}"},"query-input":{"@type":"PropertyValueSpecification","valueRequired":true,"valueName":"search_term_string"}}],"inLanguage":"fi"}]}},"_links":{"self":[{"href":"https:\/\/us-gc.net\/fi\/wp-json\/wp\/v2\/pages\/885","targetHints":{"allow":["GET"]}}],"collection":[{"href":"https:\/\/us-gc.net\/fi\/wp-json\/wp\/v2\/pages"}],"about":[{"href":"https:\/\/us-gc.net\/fi\/wp-json\/wp\/v2\/types\/page"}],"author":[{"embeddable":true,"href":"https:\/\/us-gc.net\/fi\/wp-json\/wp\/v2\/users\/1"}],"replies":[{"embeddable":true,"href":"https:\/\/us-gc.net\/fi\/wp-json\/wp\/v2\/comments?post=885"}],"version-history":[{"count":2,"href":"https:\/\/us-gc.net\/fi\/wp-json\/wp\/v2\/pages\/885\/revisions"}],"predecessor-version":[{"id":9827,"href":"https:\/\/us-gc.net\/fi\/wp-json\/wp\/v2\/pages\/885\/revisions\/9827"}],"wp:attachment":[{"href":"https:\/\/us-gc.net\/fi\/wp-json\/wp\/v2\/media?parent=885"}],"curies":[{"name":"wp","href":"https:\/\/api.w.org\/{rel}","templated":true}]}}