{"id":835,"date":"2024-01-31T16:18:19","date_gmt":"2024-01-31T16:18:19","guid":{"rendered":"https:\/\/green-card-usa.net\/matkustaa-ulkomaille-green-card\/"},"modified":"2025-03-31T11:23:13","modified_gmt":"2025-03-31T11:23:13","slug":"matkustaa-ulkomaille-green-card","status":"publish","type":"page","link":"https:\/\/us-gc.net\/fi\/matkustaa-ulkomaille-green-card\/","title":{"rendered":"Matkustaminen ulkomaille vihre\u00e4ll\u00e4 kortilla"},"content":{"rendered":"\n<h1 class=\"wp-block-heading\" id=\"h-voyager-hors-des-etats-unis-avec-une-green-card\">Matkustaminen Yhdysvaltojen ulkopuolelle vihre\u00e4ll\u00e4 kortilla<\/h1>\n\n<p>Yhdysvaltain passin voiman ansiosta Yhdysvaltain kansalaiset voivat matkustaa yli 140 maahan ymp\u00e4ri maailmaa ilman viisumia. Jotkin n\u00e4ist\u00e4 maista ovat laajentaneet t\u00e4m\u00e4n oikeuden viisumivapaaseen matkustamiseen koskemaan <a href=\"https:\/\/us-gc.net\/fi\/\">Yhdysvaltojen vihre\u00e4n kortin<\/a> haltijoita.<\/p>\n\n<h2 class=\"wp-block-heading\" id=\"h-ou-peut-on-voyager-a-l-etranger-avec-une-green-card\">Minne voin matkustaa ulkomaille vihre\u00e4ll\u00e4 kortilla?<\/h2>\n\n<p>Tiettyjen Yhdysvaltojen naapurimaiden kanssa on voimassa alueellinen sopimus, jonka mukaan vihre\u00e4n kortin haltijat voivat ylitt\u00e4\u00e4 niiden rajat. Yhdysvaltojen asukkaat voivat ylitt\u00e4\u00e4 seuraavien maiden rajat:<\/p>\n\n<ul class=\"wp-block-list\">\n<li>Kanada<\/li>\n\n\n\n<li>Meksiko<\/li>\n\n\n\n<li>Costa Rica<\/li>\n\n\n\n<li>Brittil\u00e4iset Neitsytsaaret<\/li>\n\n\n\n<li>Aruba ja Cura\u00e7ao<\/li>\n<\/ul>\n\n<p>My\u00f6s muissa, paljon kauempana sijaitsevissa maissa, kuten Georgiassa, Singaporessa ja Balkanin maissa Albaniassa, Bosnia ja Hertsegovinassa, Kosovossa, Montenegrossa ja Serbiassa, Yhdysvaltain vihre\u00e4n kortin haltijat voivat matkustaa ilman viisumia.<\/p>\n\n<p>Riippumatta siit\u00e4, saitko <a href=\"https:\/\/us-gc.net\/fi\/green-card-avioliitosta\/\">vihre\u00e4n kortin avioliiton kautta<\/a> vai voititko sen <a href=\"https:\/\/us-gc.net\/fi\/arpajaiset-green-card\/\">arvonnassa<\/a>, sinulla on samat oikeudet kuin kaikilla amerikkalaisilla vihre\u00e4n kortin haltijoilla.<\/p>\n\n<h2 class=\"wp-block-heading\" id=\"h-comment-voyager-au-canada-avec-une-green-card\">Miten matkustan Kanadaan vihre\u00e4ll\u00e4 kortilla?<\/h2>\n\n<p>Jos sinulla on amerikkalainen vihre\u00e4 kortti, voit ylitt\u00e4\u00e4 rajan Kanadaan ilman, ett\u00e4 tarvitset ensin Kanadan turistiviisumia. T\u00e4t\u00e4 s\u00e4\u00e4nt\u00f6\u00e4 sovelletaan kaikkiin vihre\u00e4n kortin haltijoihin heid\u00e4n kansalaisuudestaan riippumatta.  <\/p>\n\n<p>Jos kuitenkin matkustat lent\u00e4en tai Kanadan kautta, sinun on hankittava kanadalainen ETA-todistus ennen koneeseen nousemista. Jos ylit\u00e4t rajan maitse, tarvitset vain passin ja vihre\u00e4n kortin.<\/p>\n\n<h2 class=\"wp-block-heading\" id=\"h-peut-on-voyager-a-l-etranger-avec-une-green-card-sans-passeport\">Voinko matkustaa ulkomaille vihre\u00e4ll\u00e4 kortilla ilman passia?<\/h2>\n\n<p>Passi on yleens\u00e4 v\u00e4ltt\u00e4m\u00e4t\u00f6n ulkomaille matkustettaessa. Pelkk\u00e4 vihre\u00e4 kortti ei riit\u00e4 kansainv\u00e4listen rajojen ylitt\u00e4miseen. Tulli- ja maahanmuuttoviranomaiset vaativat voimassa olevan passin esitt\u00e4mist\u00e4 riippumatta siit\u00e4, matkustatko lent\u00e4en tai maitse. Vain passi voi todistaa matkustajan henkil\u00f6llisyyden ja kansalaisuuden.<\/p>\n\n<p>T\u00e4h\u00e4n s\u00e4\u00e4nt\u00f6\u00f6n on kuitenkin olemassa rajoitettuja poikkeuksia. Joissakin erityistapauksissa maat ovat tehneet alueellisen sopimuksen, jonka mukaan niiden rajat voidaan ylitt\u00e4\u00e4 ilman passia. T\u00e4rkein esimerkki koskee Schengen-alueen maiden kansalaisia. He voivat liikkua vapaasti j\u00e4senvaltioiden v\u00e4lill\u00e4 ilman passia.<\/p>\n\n<h2 class=\"wp-block-heading\" id=\"h-peut-on-voyager-avec-une-copie-de-la-green-card\">Voinko matkustaa kopion vihre\u00e4st\u00e4 kortistani kanssa?<\/h2>\n\n<p>Vihre\u00e4 kortti on virallinen asiakirja, joka osoittaa pysyv\u00e4n oleskeluluvan Yhdysvalloissa. Ei ole suositeltavaa matkustaa ulkomaille pelkk\u00e4 kopio vihre\u00e4st\u00e4 kortista mukanasi. Ulkomaanmatkoilla rajaviranomaiset vaativat alkuper\u00e4iset asiakirjat todentaakseen matkustajan henkil\u00f6llisyyden ja aseman.<\/p>\n\n<p>Jos matkustat Yhdysvaltojen ulkopuolelle, sinun on otettava alkuper\u00e4inen vihre\u00e4 korttisi mukaasi, jotta voit palata maahan. Kopio vihre\u00e4st\u00e4 kortistasi ei riit\u00e4 todistamaan pysyv\u00e4n oleskeluluvan saaneen henkil\u00f6n asemaa.<\/p>\n\n<p>Jos vihre\u00e4 korttisi katoaa tai varastetaan ulkomailla ollessasi, ota v\u00e4litt\u00f6m\u00e4sti yhteytt\u00e4 Yhdysvaltain suurl\u00e4hetyst\u00f6\u00f6n tai konsulaattiin. Suurl\u00e4hetyst\u00f6 antaa sinulle korvaavan asiakirjan, jonka avulla voit l\u00e4hte\u00e4 matkalle ja palata Yhdysvaltoihin.<\/p>\n","protected":false},"excerpt":{"rendered":"<p>Matkustaminen Yhdysvaltojen ulkopuolelle vihre\u00e4ll\u00e4 kortilla Yhdysvaltain passin voiman ansiosta Yhdysvaltain kansalaiset voivat matkustaa yli 140 maahan ymp\u00e4ri maailmaa ilman viisumia. Jotkin n\u00e4ist\u00e4 maista ovat laajentaneet t\u00e4m\u00e4n oikeuden viisumivapaaseen matkustamiseen koskemaan Yhdysvaltojen vihre\u00e4n kortin haltijoita. Minne voin matkustaa ulkomaille vihre\u00e4ll\u00e4 kortilla? Tiettyjen Yhdysvaltojen naapurimaiden kanssa on voimassa alueellinen sopimus, jonka mukaan vihre\u00e4n kortin haltijat voivat ylitt\u00e4\u00e4 [&hellip;]<\/p>\n","protected":false},"author":1,"featured_media":0,"parent":0,"menu_order":0,"comment_status":"closed","ping_status":"closed","template":"","meta":{"footnotes":""},"class_list":["post-835","page","type-page","status-publish","hentry"],"yoast_head":"<!-- This site is optimized with the Yoast SEO plugin v27.4 - https:\/\/yoast.com\/product\/yoast-seo-wordpress\/ -->\n<title>Matkustaminen ulkomaille vihre\u00e4ll\u00e4 kortilla - USA GC<\/title>\n<meta name=\"description\" content=\"Mit\u00e4 s\u00e4\u00e4nt\u00f6j\u00e4 sovelletaan matkustettaessa ulkomaille Yhdysvalloissa asuvan henkil\u00f6n vihre\u00e4n kortin kanssa?\" \/>\n<meta name=\"robots\" content=\"index, follow, max-snippet:-1, max-image-preview:large, max-video-preview:-1\" \/>\n<link rel=\"canonical\" href=\"https:\/\/us-gc.net\/fi\/matkustaa-ulkomaille-green-card\/\" \/>\n<meta property=\"og:locale\" content=\"fi_FI\" \/>\n<meta property=\"og:type\" content=\"article\" \/>\n<meta property=\"og:title\" content=\"Matkustaminen ulkomaille vihre\u00e4ll\u00e4 kortilla - USA GC\" \/>\n<meta property=\"og:description\" content=\"Mit\u00e4 s\u00e4\u00e4nt\u00f6j\u00e4 sovelletaan matkustettaessa ulkomaille Yhdysvalloissa asuvan henkil\u00f6n vihre\u00e4n kortin kanssa?\" \/>\n<meta property=\"og:url\" content=\"https:\/\/us-gc.net\/fi\/matkustaa-ulkomaille-green-card\/\" \/>\n<meta property=\"og:site_name\" content=\"USA GC\" \/>\n<meta property=\"article:modified_time\" content=\"2025-03-31T11:23:13+00:00\" \/>\n<meta name=\"twitter:card\" content=\"summary_large_image\" \/>\n<meta name=\"twitter:label1\" content=\"Arvioitu lukuaika\" \/>\n\t<meta name=\"twitter:data1\" content=\"2 minuuttia\" \/>\n<script type=\"application\/ld+json\" class=\"yoast-schema-graph\">{\"@context\":\"https:\\\/\\\/schema.org\",\"@graph\":[{\"@type\":\"WebPage\",\"@id\":\"https:\\\/\\\/us-gc.net\\\/fi\\\/matkustaa-ulkomaille-green-card\\\/\",\"url\":\"https:\\\/\\\/us-gc.net\\\/fi\\\/matkustaa-ulkomaille-green-card\\\/\",\"name\":\"Matkustaminen ulkomaille vihre\u00e4ll\u00e4 kortilla - USA GC\",\"isPartOf\":{\"@id\":\"https:\\\/\\\/us-gc.net\\\/fi\\\/#website\"},\"datePublished\":\"2024-01-31T16:18:19+00:00\",\"dateModified\":\"2025-03-31T11:23:13+00:00\",\"description\":\"Mit\u00e4 s\u00e4\u00e4nt\u00f6j\u00e4 sovelletaan matkustettaessa ulkomaille Yhdysvalloissa asuvan henkil\u00f6n vihre\u00e4n kortin kanssa?\",\"breadcrumb\":{\"@id\":\"https:\\\/\\\/us-gc.net\\\/fi\\\/matkustaa-ulkomaille-green-card\\\/#breadcrumb\"},\"inLanguage\":\"fi\",\"potentialAction\":[{\"@type\":\"ReadAction\",\"target\":[\"https:\\\/\\\/us-gc.net\\\/fi\\\/matkustaa-ulkomaille-green-card\\\/\"]}]},{\"@type\":\"BreadcrumbList\",\"@id\":\"https:\\\/\\\/us-gc.net\\\/fi\\\/matkustaa-ulkomaille-green-card\\\/#breadcrumb\",\"itemListElement\":[{\"@type\":\"ListItem\",\"position\":1,\"name\":\"Accueil\",\"item\":\"https:\\\/\\\/us-gc.net\\\/fi\\\/green-card\\\/\"},{\"@type\":\"ListItem\",\"position\":2,\"name\":\"Matkustaminen ulkomaille vihre\u00e4ll\u00e4 kortilla\"}]},{\"@type\":\"WebSite\",\"@id\":\"https:\\\/\\\/us-gc.net\\\/fi\\\/#website\",\"url\":\"https:\\\/\\\/us-gc.net\\\/fi\\\/\",\"name\":\"USA GC\",\"description\":\"\",\"potentialAction\":[{\"@type\":\"SearchAction\",\"target\":{\"@type\":\"EntryPoint\",\"urlTemplate\":\"https:\\\/\\\/us-gc.net\\\/fi\\\/?s={search_term_string}\"},\"query-input\":{\"@type\":\"PropertyValueSpecification\",\"valueRequired\":true,\"valueName\":\"search_term_string\"}}],\"inLanguage\":\"fi\"}]}<\/script>\n<!-- \/ Yoast SEO plugin. -->","yoast_head_json":{"title":"Matkustaminen ulkomaille vihre\u00e4ll\u00e4 kortilla - USA GC","description":"Mit\u00e4 s\u00e4\u00e4nt\u00f6j\u00e4 sovelletaan matkustettaessa ulkomaille Yhdysvalloissa asuvan henkil\u00f6n vihre\u00e4n kortin kanssa?","robots":{"index":"index","follow":"follow","max-snippet":"max-snippet:-1","max-image-preview":"max-image-preview:large","max-video-preview":"max-video-preview:-1"},"canonical":"https:\/\/us-gc.net\/fi\/matkustaa-ulkomaille-green-card\/","og_locale":"fi_FI","og_type":"article","og_title":"Matkustaminen ulkomaille vihre\u00e4ll\u00e4 kortilla - USA GC","og_description":"Mit\u00e4 s\u00e4\u00e4nt\u00f6j\u00e4 sovelletaan matkustettaessa ulkomaille Yhdysvalloissa asuvan henkil\u00f6n vihre\u00e4n kortin kanssa?","og_url":"https:\/\/us-gc.net\/fi\/matkustaa-ulkomaille-green-card\/","og_site_name":"USA GC","article_modified_time":"2025-03-31T11:23:13+00:00","twitter_card":"summary_large_image","twitter_misc":{"Arvioitu lukuaika":"2 minuuttia"},"schema":{"@context":"https:\/\/schema.org","@graph":[{"@type":"WebPage","@id":"https:\/\/us-gc.net\/fi\/matkustaa-ulkomaille-green-card\/","url":"https:\/\/us-gc.net\/fi\/matkustaa-ulkomaille-green-card\/","name":"Matkustaminen ulkomaille vihre\u00e4ll\u00e4 kortilla - USA GC","isPartOf":{"@id":"https:\/\/us-gc.net\/fi\/#website"},"datePublished":"2024-01-31T16:18:19+00:00","dateModified":"2025-03-31T11:23:13+00:00","description":"Mit\u00e4 s\u00e4\u00e4nt\u00f6j\u00e4 sovelletaan matkustettaessa ulkomaille Yhdysvalloissa asuvan henkil\u00f6n vihre\u00e4n kortin kanssa?","breadcrumb":{"@id":"https:\/\/us-gc.net\/fi\/matkustaa-ulkomaille-green-card\/#breadcrumb"},"inLanguage":"fi","potentialAction":[{"@type":"ReadAction","target":["https:\/\/us-gc.net\/fi\/matkustaa-ulkomaille-green-card\/"]}]},{"@type":"BreadcrumbList","@id":"https:\/\/us-gc.net\/fi\/matkustaa-ulkomaille-green-card\/#breadcrumb","itemListElement":[{"@type":"ListItem","position":1,"name":"Accueil","item":"https:\/\/us-gc.net\/fi\/green-card\/"},{"@type":"ListItem","position":2,"name":"Matkustaminen ulkomaille vihre\u00e4ll\u00e4 kortilla"}]},{"@type":"WebSite","@id":"https:\/\/us-gc.net\/fi\/#website","url":"https:\/\/us-gc.net\/fi\/","name":"USA GC","description":"","potentialAction":[{"@type":"SearchAction","target":{"@type":"EntryPoint","urlTemplate":"https:\/\/us-gc.net\/fi\/?s={search_term_string}"},"query-input":{"@type":"PropertyValueSpecification","valueRequired":true,"valueName":"search_term_string"}}],"inLanguage":"fi"}]}},"_links":{"self":[{"href":"https:\/\/us-gc.net\/fi\/wp-json\/wp\/v2\/pages\/835","targetHints":{"allow":["GET"]}}],"collection":[{"href":"https:\/\/us-gc.net\/fi\/wp-json\/wp\/v2\/pages"}],"about":[{"href":"https:\/\/us-gc.net\/fi\/wp-json\/wp\/v2\/types\/page"}],"author":[{"embeddable":true,"href":"https:\/\/us-gc.net\/fi\/wp-json\/wp\/v2\/users\/1"}],"replies":[{"embeddable":true,"href":"https:\/\/us-gc.net\/fi\/wp-json\/wp\/v2\/comments?post=835"}],"version-history":[{"count":3,"href":"https:\/\/us-gc.net\/fi\/wp-json\/wp\/v2\/pages\/835\/revisions"}],"predecessor-version":[{"id":10162,"href":"https:\/\/us-gc.net\/fi\/wp-json\/wp\/v2\/pages\/835\/revisions\/10162"}],"wp:attachment":[{"href":"https:\/\/us-gc.net\/fi\/wp-json\/wp\/v2\/media?parent=835"}],"curies":[{"name":"wp","href":"https:\/\/api.w.org\/{rel}","templated":true}]}}