{"id":775,"date":"2024-02-02T15:07:30","date_gmt":"2024-02-02T15:07:30","guid":{"rendered":"https:\/\/green-card-usa.net\/tulokset-lottery-green-card\/"},"modified":"2024-12-30T09:47:01","modified_gmt":"2024-12-30T09:47:01","slug":"tulokset-lottery-green-card","status":"publish","type":"page","link":"https:\/\/us-gc.net\/fi\/tulokset-lottery-green-card\/","title":{"rendered":"Green Card lottotulokset"},"content":{"rendered":"\n<h1 class=\"wp-block-heading\" id=\"h-les-resultats-du-tirage-au-sort-de-la-loterie-de-la-green-card\">Vihre\u00e4n kortin arvonnan tulokset<\/h1>\n\n<p>Amerikkalaisten vihreiden korttien arvonnan tulokset julkaistaan vuosittain osana <a href=\"https:\/\/us-gc.net\/fi\/monimuotoisuusvisa-ohjelma\/\">Diversity-viisumiohjelmaa<\/a>. Kaikki <a href=\"https:\/\/us-gc.net\/fi\/american-arvontaan-vihrea-kortti\/\">vihre\u00e4n kortin arvonnan<\/a> hakijat voivat saada henkil\u00f6kohtaiset tuloksensa verkossa.<\/p>\n\n<h2 class=\"wp-block-heading\" id=\"h-quand-a-lieu-le-tirage-de-la-loterie-de-la-green-card\">Milloin Green Card -arvonta suoritetaan?<\/h2>\n\n<p>Arvonta suoritetaan vuosittain marraskuussa. Ilmoittautumisten tarkat avaamis- ja p\u00e4\u00e4ttymisp\u00e4iv\u00e4t julkaistaan muutamaa kuukautta ennen kutakin vuotta.<\/p>\n\n<h2 class=\"wp-block-heading\" id=\"h-quand-est-ce-que-les-resultats-sont-publies\">Milloin tulokset julkaistaan?<\/h2>\n\n<p><a href=\"https:\/\/us-gc.net\/fi\/arpajaiset-green-card\/\">Vihre\u00e4n kortin arvonnan<\/a> tulokset ovat saatavilla noin 6 kuukauden kuluttua hakuajan p\u00e4\u00e4ttymisest\u00e4. Siksi ne julkaistaan joka vuosi toukokuun tienoilla. Marraskuussa 2023 j\u00e4rjestetyn Diversity Visa 2025 -arvonnan tulokset julkaistiin verkossa 4. toukokuuta 2024 t\u00e4ll\u00e4 <a href=\"https:\/\/dvprogram.state.gov\/ESC\/CheckStatus.aspx\">dvprogram.state.<\/a>gov-sivulla.<\/p>\n\n<h2 class=\"wp-block-heading\" id=\"h-resultats-de-la-loterie-de-2018-a-2022\">Lotto tulokset 2018-2022<\/h2>\n\n<p>Ulkoministeri\u00f6n vuosittain julkaisemien tilastojen perusteella t\u00e4ss\u00e4 ovat lottotulokset viidelt\u00e4 viimeiselt\u00e4 vuodelta, joiden tulokset ovat julkisia:<\/p>\n\n<figure class=\"wp-block-table\"><table><tbody><tr><td><strong>Maantieteelliset alueet <\/strong><\/td><td class=\"has-text-align-center\" data-align=\"center\"><strong>2018<\/strong><\/td><td class=\"has-text-align-center\" data-align=\"center\"><strong>2019<\/strong><\/td><td class=\"has-text-align-center\" data-align=\"center\"><strong>2020<\/strong><\/td><td class=\"has-text-align-center\" data-align=\"center\"><strong>2021<\/strong><\/td><td class=\"has-text-align-center\" data-align=\"center\"><strong>2022<\/strong><\/td><\/tr><tr><td><a href=\"https:\/\/us-gc.net\/fi\/lotto-green-card-maat-afrikka\/\">Afrikan maat<\/a><\/td><td class=\"has-text-align-center\" data-align=\"center\">20 532<\/td><td class=\"has-text-align-center\" data-align=\"center\">20 336<\/td><td class=\"has-text-align-center\" data-align=\"center\">6 017<\/td><td class=\"has-text-align-center\" data-align=\"center\">5 801<\/td><td class=\"has-text-align-center\" data-align=\"center\">19 215<\/td><\/tr><tr><td><a href=\"https:\/\/us-gc.net\/fi\/green-card-lottomaa-aasia\/\">Aasian maat<\/a><\/td><td class=\"has-text-align-center\" data-align=\"center\">6 290<\/td><td class=\"has-text-align-center\" data-align=\"center\">6 079<\/td><td class=\"has-text-align-center\" data-align=\"center\">4 055<\/td><td class=\"has-text-align-center\" data-align=\"center\">4 498<\/td><td class=\"has-text-align-center\" data-align=\"center\">11 693<\/td><\/tr><tr><td><a href=\"https:\/\/us-gc.net\/fi\/arpajaiset-green-card-eurooppa\/\">Euroopan maat<\/a><\/td><td class=\"has-text-align-center\" data-align=\"center\">20 434<\/td><td class=\"has-text-align-center\" data-align=\"center\">17 897<\/td><td class=\"has-text-align-center\" data-align=\"center\">7 643<\/td><td class=\"has-text-align-center\" data-align=\"center\">5 795<\/td><td class=\"has-text-align-center\" data-align=\"center\">21 806<\/td><\/tr><tr><td>Pohjois-Amerikan maat (Bahama)<\/td><td class=\"has-text-align-center\" data-align=\"center\">2<\/td><td class=\"has-text-align-center\" data-align=\"center\">8<\/td><td class=\"has-text-align-center\" data-align=\"center\">13<\/td><td class=\"has-text-align-center\" data-align=\"center\">21<\/td><td class=\"has-text-align-center\" data-align=\"center\">12<\/td><\/tr><tr><td>Oseania<\/td><td class=\"has-text-align-center\" data-align=\"center\">824<\/td><td class=\"has-text-align-center\" data-align=\"center\">592<\/td><td class=\"has-text-align-center\" data-align=\"center\">543<\/td><td class=\"has-text-align-center\" data-align=\"center\">631<\/td><td class=\"has-text-align-center\" data-align=\"center\">1 195<\/td><\/tr><tr><td>Keski- ja Etel\u00e4-Amerikan maat<\/td><td class=\"has-text-align-center\" data-align=\"center\">1 631<\/td><td class=\"has-text-align-center\" data-align=\"center\">977<\/td><td class=\"has-text-align-center\" data-align=\"center\">854<\/td><td class=\"has-text-align-center\" data-align=\"center\">2 166<\/td><td class=\"has-text-align-center\" data-align=\"center\">1 961<\/td><\/tr><tr><td><strong>Yhteens\u00e4  <\/strong><\/td><td class=\"has-text-align-center\" data-align=\"center\"><strong>49 713<\/strong><\/td><td class=\"has-text-align-center\" data-align=\"center\"><strong><strong>45 889<\/strong><\/strong><\/td><td class=\"has-text-align-center\" data-align=\"center\"><strong><strong>19 125<\/strong><\/strong><\/td><td class=\"has-text-align-center\" data-align=\"center\"><strong><strong>18 912<\/strong><\/strong><\/td><td class=\"has-text-align-center\" data-align=\"center\"><strong>55 882<\/strong><\/td><\/tr><\/tbody><\/table><figcaption class=\"wp-element-caption\">Arpajaisissa vuosina 2018-2022 saatujen vihreiden korttien m\u00e4\u00e4r\u00e4 maantieteellisen alueen mukaan jaoteltuna<\/figcaption><\/figure>\n\n<h2 class=\"wp-block-heading\" id=\"h-ou-trouver-les-resultats-en-ligne-de-la-loterie-de-la-green-card\">Mist\u00e4 l\u00f6yd\u00e4n vihre\u00e4n kortin arvonnan tulokset verkossa?<\/h2>\n\n<p>Yhdysvaltain monimuotoisuusohjelman erityisell\u00e4 verkkosivustolla voit tarkistaa vihre\u00e4n kortin arvonnan hakijan tulokset suoraan verkossa. Henkil\u00f6kohtaisten tulosten tarkastaminen suoraan on mahdollista osoitteessa <a href=\"https:\/\/dvprogram.state.gov\/ESC\/CheckStatus.aspx\">https:\/\/dvprogram.state.gov\/ESC\/CheckStatus.aspx<\/a>.<\/p>\n\n<p>Tulosten saamiseksi sinun on :<\/p>\n\n<ul class=\"wp-block-list\">\n<li>Kirjoita arvonnan <strong>vahvistusnumero<\/strong> <\/li>\n\n\n\n<li>Kirjoita sukunimesi, jolla rekister\u00f6idyit vihre\u00e4n kortin arvontaan.<\/li>\n\n\n\n<li>Anna syntym\u00e4aikasi henkil\u00f6llisyytesi vahvistamiseksi<\/li>\n\n\n\n<li>Kirjoita lopuksi CAPTCHA-kent\u00e4ss\u00e4 n\u00e4kyv\u00e4 teksti todentaaksesi itsesi.<\/li>\n<\/ul>\n\n<div style=\"height:9px\" aria-hidden=\"true\" class=\"wp-block-spacer\"><\/div>\n\n<p>Klikkaa Vahvista n\u00e4hd\u00e4ksesi tulokset osallistumisestasi vihre\u00e4n kortin arvontaan.<\/p>\n\n<p>T\u00e4ss\u00e4 on kuva lomakkeesta, joka sinun on t\u00e4ytett\u00e4v\u00e4 saadaksesi arpajaisten tulokset verkossa.<\/p>\n\n<figure class=\"wp-block-image size-large\" id=\"Formulaire-de-r&#xE9;sultat-de-la-loterie\"><img fetchpriority=\"high\" decoding=\"async\" width=\"1024\" height=\"953\" src=\"https:\/\/us-gc.net\/wp-content\/uploads\/2024\/02\/check-lotery-green-card-usa-1024x953.jpg\" alt=\"Green Card lottotulokset\" class=\"wp-image-182\" title=\"Green Card lottotulokset\" srcset=\"https:\/\/us-gc.net\/wp-content\/uploads\/2024\/02\/check-lotery-green-card-usa-1024x953.jpg 1024w, https:\/\/us-gc.net\/wp-content\/uploads\/2024\/02\/check-lotery-green-card-usa-300x279.jpg 300w, https:\/\/us-gc.net\/wp-content\/uploads\/2024\/02\/check-lotery-green-card-usa-768x714.jpg 768w, https:\/\/us-gc.net\/wp-content\/uploads\/2024\/02\/check-lotery-green-card-usa.jpg 1119w\" sizes=\"(max-width: 1024px) 100vw, 1024px\" \/><\/figure>\n\n<p><\/p>\n","protected":false},"excerpt":{"rendered":"<p>Vihre\u00e4n kortin arvonnan tulokset Amerikkalaisten vihreiden korttien arvonnan tulokset julkaistaan vuosittain osana Diversity-viisumiohjelmaa. Kaikki vihre\u00e4n kortin arvonnan hakijat voivat saada henkil\u00f6kohtaiset tuloksensa verkossa. Milloin Green Card -arvonta suoritetaan? Arvonta suoritetaan vuosittain marraskuussa. Ilmoittautumisten tarkat avaamis- ja p\u00e4\u00e4ttymisp\u00e4iv\u00e4t julkaistaan muutamaa kuukautta ennen kutakin vuotta. Milloin tulokset julkaistaan? Vihre\u00e4n kortin arvonnan tulokset ovat saatavilla noin 6 kuukauden [&hellip;]<\/p>\n","protected":false},"author":1,"featured_media":0,"parent":0,"menu_order":0,"comment_status":"closed","ping_status":"closed","template":"","meta":{"footnotes":""},"class_list":["post-775","page","type-page","status-publish","hentry"],"yoast_head":"<!-- This site is optimized with the Yoast SEO plugin v27.4 - https:\/\/yoast.com\/product\/yoast-seo-wordpress\/ -->\n<title>Green Card lottotulokset - USA GC<\/title>\n<meta name=\"description\" content=\"Kuuntele tulokset Yhdysvaltain Green Card arpajaiset verkossa vahvistusnumerosi kanssa\" \/>\n<meta name=\"robots\" content=\"index, follow, max-snippet:-1, max-image-preview:large, max-video-preview:-1\" \/>\n<link rel=\"canonical\" href=\"https:\/\/us-gc.net\/fi\/tulokset-lottery-green-card\/\" \/>\n<meta property=\"og:locale\" content=\"fi_FI\" \/>\n<meta property=\"og:type\" content=\"article\" \/>\n<meta property=\"og:title\" content=\"Green Card lottotulokset - USA GC\" \/>\n<meta property=\"og:description\" content=\"Kuuntele tulokset Yhdysvaltain Green Card arpajaiset verkossa vahvistusnumerosi kanssa\" \/>\n<meta property=\"og:url\" content=\"https:\/\/us-gc.net\/fi\/tulokset-lottery-green-card\/\" \/>\n<meta property=\"og:site_name\" content=\"USA GC\" \/>\n<meta property=\"article:modified_time\" content=\"2024-12-30T09:47:01+00:00\" \/>\n<meta property=\"og:image\" content=\"https:\/\/us-gc.net\/wp-content\/uploads\/2024\/02\/check-lotery-green-card-usa-1024x953.jpg\" \/>\n<meta name=\"twitter:card\" content=\"summary_large_image\" \/>\n<meta name=\"twitter:label1\" content=\"Arvioitu lukuaika\" \/>\n\t<meta name=\"twitter:data1\" content=\"1 minuutti\" \/>\n<script type=\"application\/ld+json\" class=\"yoast-schema-graph\">{\"@context\":\"https:\\\/\\\/schema.org\",\"@graph\":[{\"@type\":\"WebPage\",\"@id\":\"https:\\\/\\\/us-gc.net\\\/fi\\\/tulokset-lottery-green-card\\\/\",\"url\":\"https:\\\/\\\/us-gc.net\\\/fi\\\/tulokset-lottery-green-card\\\/\",\"name\":\"Green Card lottotulokset - USA GC\",\"isPartOf\":{\"@id\":\"https:\\\/\\\/us-gc.net\\\/fi\\\/#website\"},\"primaryImageOfPage\":{\"@id\":\"https:\\\/\\\/us-gc.net\\\/fi\\\/tulokset-lottery-green-card\\\/#primaryimage\"},\"image\":{\"@id\":\"https:\\\/\\\/us-gc.net\\\/fi\\\/tulokset-lottery-green-card\\\/#primaryimage\"},\"thumbnailUrl\":\"https:\\\/\\\/us-gc.net\\\/wp-content\\\/uploads\\\/2024\\\/02\\\/check-lotery-green-card-usa-1024x953.jpg\",\"datePublished\":\"2024-02-02T15:07:30+00:00\",\"dateModified\":\"2024-12-30T09:47:01+00:00\",\"description\":\"Kuuntele tulokset Yhdysvaltain Green Card arpajaiset verkossa vahvistusnumerosi kanssa\",\"breadcrumb\":{\"@id\":\"https:\\\/\\\/us-gc.net\\\/fi\\\/tulokset-lottery-green-card\\\/#breadcrumb\"},\"inLanguage\":\"fi\",\"potentialAction\":[{\"@type\":\"ReadAction\",\"target\":[\"https:\\\/\\\/us-gc.net\\\/fi\\\/tulokset-lottery-green-card\\\/\"]}]},{\"@type\":\"ImageObject\",\"inLanguage\":\"fi\",\"@id\":\"https:\\\/\\\/us-gc.net\\\/fi\\\/tulokset-lottery-green-card\\\/#primaryimage\",\"url\":\"https:\\\/\\\/us-gc.net\\\/wp-content\\\/uploads\\\/2024\\\/02\\\/check-lotery-green-card-usa-1024x953.jpg\",\"contentUrl\":\"https:\\\/\\\/us-gc.net\\\/wp-content\\\/uploads\\\/2024\\\/02\\\/check-lotery-green-card-usa-1024x953.jpg\"},{\"@type\":\"BreadcrumbList\",\"@id\":\"https:\\\/\\\/us-gc.net\\\/fi\\\/tulokset-lottery-green-card\\\/#breadcrumb\",\"itemListElement\":[{\"@type\":\"ListItem\",\"position\":1,\"name\":\"Accueil\",\"item\":\"https:\\\/\\\/us-gc.net\\\/fi\\\/green-card\\\/\"},{\"@type\":\"ListItem\",\"position\":2,\"name\":\"Green Card lottotulokset\"}]},{\"@type\":\"WebSite\",\"@id\":\"https:\\\/\\\/us-gc.net\\\/fi\\\/#website\",\"url\":\"https:\\\/\\\/us-gc.net\\\/fi\\\/\",\"name\":\"USA GC\",\"description\":\"\",\"potentialAction\":[{\"@type\":\"SearchAction\",\"target\":{\"@type\":\"EntryPoint\",\"urlTemplate\":\"https:\\\/\\\/us-gc.net\\\/fi\\\/?s={search_term_string}\"},\"query-input\":{\"@type\":\"PropertyValueSpecification\",\"valueRequired\":true,\"valueName\":\"search_term_string\"}}],\"inLanguage\":\"fi\"}]}<\/script>\n<!-- \/ Yoast SEO plugin. -->","yoast_head_json":{"title":"Green Card lottotulokset - USA GC","description":"Kuuntele tulokset Yhdysvaltain Green Card arpajaiset verkossa vahvistusnumerosi kanssa","robots":{"index":"index","follow":"follow","max-snippet":"max-snippet:-1","max-image-preview":"max-image-preview:large","max-video-preview":"max-video-preview:-1"},"canonical":"https:\/\/us-gc.net\/fi\/tulokset-lottery-green-card\/","og_locale":"fi_FI","og_type":"article","og_title":"Green Card lottotulokset - USA GC","og_description":"Kuuntele tulokset Yhdysvaltain Green Card arpajaiset verkossa vahvistusnumerosi kanssa","og_url":"https:\/\/us-gc.net\/fi\/tulokset-lottery-green-card\/","og_site_name":"USA GC","article_modified_time":"2024-12-30T09:47:01+00:00","og_image":[{"url":"https:\/\/us-gc.net\/wp-content\/uploads\/2024\/02\/check-lotery-green-card-usa-1024x953.jpg","type":"","width":"","height":""}],"twitter_card":"summary_large_image","twitter_misc":{"Arvioitu lukuaika":"1 minuutti"},"schema":{"@context":"https:\/\/schema.org","@graph":[{"@type":"WebPage","@id":"https:\/\/us-gc.net\/fi\/tulokset-lottery-green-card\/","url":"https:\/\/us-gc.net\/fi\/tulokset-lottery-green-card\/","name":"Green Card lottotulokset - USA GC","isPartOf":{"@id":"https:\/\/us-gc.net\/fi\/#website"},"primaryImageOfPage":{"@id":"https:\/\/us-gc.net\/fi\/tulokset-lottery-green-card\/#primaryimage"},"image":{"@id":"https:\/\/us-gc.net\/fi\/tulokset-lottery-green-card\/#primaryimage"},"thumbnailUrl":"https:\/\/us-gc.net\/wp-content\/uploads\/2024\/02\/check-lotery-green-card-usa-1024x953.jpg","datePublished":"2024-02-02T15:07:30+00:00","dateModified":"2024-12-30T09:47:01+00:00","description":"Kuuntele tulokset Yhdysvaltain Green Card arpajaiset verkossa vahvistusnumerosi kanssa","breadcrumb":{"@id":"https:\/\/us-gc.net\/fi\/tulokset-lottery-green-card\/#breadcrumb"},"inLanguage":"fi","potentialAction":[{"@type":"ReadAction","target":["https:\/\/us-gc.net\/fi\/tulokset-lottery-green-card\/"]}]},{"@type":"ImageObject","inLanguage":"fi","@id":"https:\/\/us-gc.net\/fi\/tulokset-lottery-green-card\/#primaryimage","url":"https:\/\/us-gc.net\/wp-content\/uploads\/2024\/02\/check-lotery-green-card-usa-1024x953.jpg","contentUrl":"https:\/\/us-gc.net\/wp-content\/uploads\/2024\/02\/check-lotery-green-card-usa-1024x953.jpg"},{"@type":"BreadcrumbList","@id":"https:\/\/us-gc.net\/fi\/tulokset-lottery-green-card\/#breadcrumb","itemListElement":[{"@type":"ListItem","position":1,"name":"Accueil","item":"https:\/\/us-gc.net\/fi\/green-card\/"},{"@type":"ListItem","position":2,"name":"Green Card lottotulokset"}]},{"@type":"WebSite","@id":"https:\/\/us-gc.net\/fi\/#website","url":"https:\/\/us-gc.net\/fi\/","name":"USA GC","description":"","potentialAction":[{"@type":"SearchAction","target":{"@type":"EntryPoint","urlTemplate":"https:\/\/us-gc.net\/fi\/?s={search_term_string}"},"query-input":{"@type":"PropertyValueSpecification","valueRequired":true,"valueName":"search_term_string"}}],"inLanguage":"fi"}]}},"_links":{"self":[{"href":"https:\/\/us-gc.net\/fi\/wp-json\/wp\/v2\/pages\/775","targetHints":{"allow":["GET"]}}],"collection":[{"href":"https:\/\/us-gc.net\/fi\/wp-json\/wp\/v2\/pages"}],"about":[{"href":"https:\/\/us-gc.net\/fi\/wp-json\/wp\/v2\/types\/page"}],"author":[{"embeddable":true,"href":"https:\/\/us-gc.net\/fi\/wp-json\/wp\/v2\/users\/1"}],"replies":[{"embeddable":true,"href":"https:\/\/us-gc.net\/fi\/wp-json\/wp\/v2\/comments?post=775"}],"version-history":[{"count":1,"href":"https:\/\/us-gc.net\/fi\/wp-json\/wp\/v2\/pages\/775\/revisions"}],"predecessor-version":[{"id":8096,"href":"https:\/\/us-gc.net\/fi\/wp-json\/wp\/v2\/pages\/775\/revisions\/8096"}],"wp:attachment":[{"href":"https:\/\/us-gc.net\/fi\/wp-json\/wp\/v2\/media?parent=775"}],"curies":[{"name":"wp","href":"https:\/\/api.w.org\/{rel}","templated":true}]}}