{"id":751,"date":"2024-01-31T14:45:08","date_gmt":"2024-01-31T14:45:08","guid":{"rendered":"https:\/\/green-card-usa.net\/valokuva-green-card\/"},"modified":"2024-12-30T09:39:52","modified_gmt":"2024-12-30T09:39:52","slug":"valokuva-green-card","status":"publish","type":"page","link":"https:\/\/us-gc.net\/fi\/valokuva-green-card\/","title":{"rendered":"Green Card henkil\u00f6llisyyskuvan eritelm\u00e4t"},"content":{"rendered":"\n<h1 class=\"wp-block-heading\" id=\"h-les-specificites-de-la-photo-pour-la-green-card\">Green Card valokuvam\u00e4\u00e4rittelyt<\/h1>\n\n<p>Vihre\u00e4\u00e4 korttia hakiessaan hakijan on toimitettava passikuva. T\u00e4m\u00e4n kuvan muoto on erityinen, ja on olemassa useita s\u00e4\u00e4nt\u00f6j\u00e4, joita on noudatettava, jotta kuvaa ei hyl\u00e4t\u00e4.  <\/p>\n\n<h2 class=\"wp-block-heading\" id=\"h-quelles-sont-les-principales-regles-concernant-la-photo\">Mitk\u00e4 ovat valokuvauksen t\u00e4rkeimm\u00e4t s\u00e4\u00e4nn\u00f6t?<\/h2>\n\n<p>Green Card valokuvan p\u00e4\u00e4s\u00e4\u00e4nn\u00f6t ovat seuraavat:<\/p>\n\n<ol class=\"wp-block-list\">\n<li>Kuvaformaatti<\/li>\n\n\n\n<li>Kuvan ik\u00e4<\/li>\n\n\n\n<li>P\u00e4\u00e4n sijainti kuvassa<\/li>\n\n\n\n<li>Laukauksen tausta<\/li>\n\n\n\n<li>Mit\u00e4 voin k\u00e4ytt\u00e4\u00e4 kuvassa?<\/li>\n<\/ol>\n\n<h3 class=\"wp-block-heading\" id=\"h-1-quel-est-le-format-de-la-photo-pour-la-green-card\">1. Miss\u00e4 muodossa valokuva on otettava vihre\u00e4\u00e4 korttia varten?<\/h3>\n\n<p>Valokuvan digitaalisen version on oltava JPEG-tiedosto. Kuvan v\u00e4himm\u00e4iskoon on oltava v\u00e4hint\u00e4\u00e4n 600 x 600 pikseli\u00e4 ja v\u00e4hint\u00e4\u00e4n 54 kilotavua.<\/p>\n\n<h3 class=\"wp-block-heading\" id=\"h-2-quelle-peut-etre-l-anciennete-de-la-photo\">2. Kuinka vanha kuva on?<\/h3>\n\n<p>Green Card saamiseksi toimitettu valokuva saa olla enint\u00e4\u00e4n 6 kuukautta vanha. N\u00e4in Yhdysvaltain ulkoministeri\u00f6 voi varmistaa, ett\u00e4 valokuva vastaa hakijan kasvoja. T\u00e4m\u00e4 s\u00e4\u00e4nt\u00f6 on ehdottoman t\u00e4rke\u00e4, ja siihen on suhtauduttava eritt\u00e4in vakavasti. Kuva vahvistetaan lopullisesti <a href=\"https:\/\/us-gc.net\/fi\/green-card-haastatella\/\">vihre\u00e4n kortin lopullisessa haastattelussa<\/a>.<\/p>\n\n<h3 class=\"wp-block-heading\" id=\"h-3-quelle-doit-etre-la-position-de-la-tete-sur-la-photo\">3. Miss\u00e4 asennossa p\u00e4\u00e4n pit\u00e4isi olla kuvassa?<\/h3>\n\n<p>Ehdokkaan ilmeen on oltava neutraali eik\u00e4 h\u00e4n saa hymyill\u00e4. Kasvojen on oltava t\u00e4ysin n\u00e4kyviss\u00e4 ja keskell\u00e4 kuvaa. Ehdokkaiden on oltava kameraan p\u00e4in, ja heid\u00e4n p\u00e4\u00e4ns\u00e4 on oltava 60 prosenttia kuvan kokonaiskorkeudesta. H\u00e4nen silm\u00e4ns\u00e4 ovat varmasti auki.<\/p>\n\n<h3 class=\"wp-block-heading\" id=\"h-4-comment-doit-etre-l-arriere-plan-de-la-prise-de-vue\">4. Milt\u00e4 kuvan taustan pit\u00e4isi n\u00e4ytt\u00e4\u00e4?<\/h3>\n\n<p>Valokuvan taustan on oltava kiinte\u00e4, vaalea ja varjoeton. Taustan v\u00e4ri voi olla valkoinen tai luonnonvalkoinen.<\/p>\n\n<h3 class=\"wp-block-heading\" id=\"h-5-peut-on-porter-des-lunettes-ou-le-voile-sur-la-photo\">5. Voinko k\u00e4ytt\u00e4\u00e4 silm\u00e4laseja tai huntua valokuvassa?<\/h3>\n\n<p>Green Card valokuvassa ei saa k\u00e4ytt\u00e4\u00e4 silm\u00e4laseja. Green Card hakijat eiv\u00e4t my\u00f6sk\u00e4\u00e4n saa k\u00e4ytt\u00e4\u00e4 lippiksi\u00e4 tai hattuja.<\/p>\n\n<p>Green Card valokuvassa voi kuitenkin k\u00e4ytt\u00e4\u00e4 uskonnollista huivia. Kasvojen on kuitenkin oltava n\u00e4kyviss\u00e4 otsan yl\u00e4reunasta leuan alaosaan.<\/p>\n\n<p>N\u00e4it\u00e4 s\u00e4\u00e4nt\u00f6j\u00e4 sovelletaan kaikkiin menettelyihin, jotka koskevat Green Card saamista, riippumatta siit\u00e4, onko :<\/p>\n\n<ul class=\"wp-block-list\">\n<li>Kuva <a href=\"https:\/\/us-gc.net\/fi\/arpajaiset-green-card\/\">Green Card-arvonnasta<\/a>;<\/li>\n\n\n\n<li>Valokuva, joka on otettu <a href=\"https:\/\/us-gc.net\/fi\/green-card-avioliitosta\/\">avioliiton kautta my\u00f6nnett\u00e4v\u00e4\u00e4 Green Card<\/a>, <a href=\"https:\/\/us-gc.net\/fi\/green-card-sponsoroi\/\">toimeksiantajan kautta my\u00f6nnett\u00e4v\u00e4\u00e4 Green Card<\/a> tai muuta vihre\u00e4n kortin hankkimismenettely\u00e4 varten.<\/li>\n<\/ul>\n\n<div style=\"height:10px\" aria-hidden=\"true\" class=\"wp-block-spacer\"><\/div>\n\n<h2 class=\"wp-block-heading\" id=\"h-dimensions-de-la-photo-d-identite-de-la-green-card\">Vihre\u00e4n kortin passikuvan mitat<\/h2>\n\n<figure class=\"wp-block-image size-full\"><img fetchpriority=\"high\" decoding=\"async\" width=\"601\" height=\"378\" src=\"https:\/\/us-gc.net\/wp-content\/uploads\/2024\/05\/Green-card-2024.jpg\" alt=\"Kuva vuonna 2024 voimassa olevasta vihre&#xE4;st&#xE4; kortista\" class=\"wp-image-4826\" srcset=\"https:\/\/us-gc.net\/wp-content\/uploads\/2024\/05\/Green-card-2024.jpg 601w, https:\/\/us-gc.net\/wp-content\/uploads\/2024\/05\/Green-card-2024-300x189.jpg 300w\" sizes=\"(max-width: 601px) 100vw, 601px\" \/><figcaption class=\"wp-element-caption\">Green Card Yhdysvalloissa pysyv\u00e4sti asuville<\/figcaption><\/figure>\n","protected":false},"excerpt":{"rendered":"<p>Green Card valokuvam\u00e4\u00e4rittelyt Vihre\u00e4\u00e4 korttia hakiessaan hakijan on toimitettava passikuva. T\u00e4m\u00e4n kuvan muoto on erityinen, ja on olemassa useita s\u00e4\u00e4nt\u00f6j\u00e4, joita on noudatettava, jotta kuvaa ei hyl\u00e4t\u00e4. Mitk\u00e4 ovat valokuvauksen t\u00e4rkeimm\u00e4t s\u00e4\u00e4nn\u00f6t? Green Card valokuvan p\u00e4\u00e4s\u00e4\u00e4nn\u00f6t ovat seuraavat: 1. Miss\u00e4 muodossa valokuva on otettava vihre\u00e4\u00e4 korttia varten? Valokuvan digitaalisen version on oltava JPEG-tiedosto. Kuvan v\u00e4himm\u00e4iskoon [&hellip;]<\/p>\n","protected":false},"author":1,"featured_media":0,"parent":0,"menu_order":0,"comment_status":"closed","ping_status":"closed","template":"","meta":{"footnotes":""},"class_list":["post-751","page","type-page","status-publish","hentry"],"yoast_head":"<!-- This site is optimized with the Yoast SEO plugin v27.4 - https:\/\/yoast.com\/product\/yoast-seo-wordpress\/ -->\n<title>Green Card henkil\u00f6llisyyskuvan eritelm\u00e4t - USA GC<\/title>\n<meta name=\"description\" content=\"Saadakseen tai uusiakseen Green Card hakijan on toimitettava passikuvansa tiettyjen s\u00e4\u00e4nt\u00f6jen mukaisesti.\" \/>\n<meta name=\"robots\" content=\"index, follow, max-snippet:-1, max-image-preview:large, max-video-preview:-1\" \/>\n<link rel=\"canonical\" href=\"https:\/\/us-gc.net\/fi\/valokuva-green-card\/\" \/>\n<meta property=\"og:locale\" content=\"fi_FI\" \/>\n<meta property=\"og:type\" content=\"article\" \/>\n<meta property=\"og:title\" content=\"Green Card henkil\u00f6llisyyskuvan eritelm\u00e4t - USA GC\" \/>\n<meta property=\"og:description\" content=\"Saadakseen tai uusiakseen Green Card hakijan on toimitettava passikuvansa tiettyjen s\u00e4\u00e4nt\u00f6jen mukaisesti.\" \/>\n<meta property=\"og:url\" content=\"https:\/\/us-gc.net\/fi\/valokuva-green-card\/\" \/>\n<meta property=\"og:site_name\" content=\"USA GC\" \/>\n<meta property=\"article:modified_time\" content=\"2024-12-30T09:39:52+00:00\" \/>\n<meta property=\"og:image\" content=\"https:\/\/us-gc.net\/wp-content\/uploads\/2024\/05\/Green-card-2024.jpg\" \/>\n<meta name=\"twitter:card\" content=\"summary_large_image\" \/>\n<meta name=\"twitter:label1\" content=\"Arvioitu lukuaika\" \/>\n\t<meta name=\"twitter:data1\" content=\"2 minuuttia\" \/>\n<script type=\"application\/ld+json\" class=\"yoast-schema-graph\">{\"@context\":\"https:\\\/\\\/schema.org\",\"@graph\":[{\"@type\":\"WebPage\",\"@id\":\"https:\\\/\\\/us-gc.net\\\/fi\\\/valokuva-green-card\\\/\",\"url\":\"https:\\\/\\\/us-gc.net\\\/fi\\\/valokuva-green-card\\\/\",\"name\":\"Green Card henkil\u00f6llisyyskuvan eritelm\u00e4t - USA GC\",\"isPartOf\":{\"@id\":\"https:\\\/\\\/us-gc.net\\\/fi\\\/#website\"},\"primaryImageOfPage\":{\"@id\":\"https:\\\/\\\/us-gc.net\\\/fi\\\/valokuva-green-card\\\/#primaryimage\"},\"image\":{\"@id\":\"https:\\\/\\\/us-gc.net\\\/fi\\\/valokuva-green-card\\\/#primaryimage\"},\"thumbnailUrl\":\"https:\\\/\\\/us-gc.net\\\/wp-content\\\/uploads\\\/2024\\\/05\\\/Green-card-2024.jpg\",\"datePublished\":\"2024-01-31T14:45:08+00:00\",\"dateModified\":\"2024-12-30T09:39:52+00:00\",\"description\":\"Saadakseen tai uusiakseen Green Card hakijan on toimitettava passikuvansa tiettyjen s\u00e4\u00e4nt\u00f6jen mukaisesti.\",\"breadcrumb\":{\"@id\":\"https:\\\/\\\/us-gc.net\\\/fi\\\/valokuva-green-card\\\/#breadcrumb\"},\"inLanguage\":\"fi\",\"potentialAction\":[{\"@type\":\"ReadAction\",\"target\":[\"https:\\\/\\\/us-gc.net\\\/fi\\\/valokuva-green-card\\\/\"]}]},{\"@type\":\"ImageObject\",\"inLanguage\":\"fi\",\"@id\":\"https:\\\/\\\/us-gc.net\\\/fi\\\/valokuva-green-card\\\/#primaryimage\",\"url\":\"https:\\\/\\\/us-gc.net\\\/wp-content\\\/uploads\\\/2024\\\/05\\\/Green-card-2024.jpg\",\"contentUrl\":\"https:\\\/\\\/us-gc.net\\\/wp-content\\\/uploads\\\/2024\\\/05\\\/Green-card-2024.jpg\"},{\"@type\":\"BreadcrumbList\",\"@id\":\"https:\\\/\\\/us-gc.net\\\/fi\\\/valokuva-green-card\\\/#breadcrumb\",\"itemListElement\":[{\"@type\":\"ListItem\",\"position\":1,\"name\":\"Accueil\",\"item\":\"https:\\\/\\\/us-gc.net\\\/fi\\\/green-card\\\/\"},{\"@type\":\"ListItem\",\"position\":2,\"name\":\"Green Card henkil\u00f6llisyyskuvan eritelm\u00e4t\"}]},{\"@type\":\"WebSite\",\"@id\":\"https:\\\/\\\/us-gc.net\\\/fi\\\/#website\",\"url\":\"https:\\\/\\\/us-gc.net\\\/fi\\\/\",\"name\":\"USA GC\",\"description\":\"\",\"potentialAction\":[{\"@type\":\"SearchAction\",\"target\":{\"@type\":\"EntryPoint\",\"urlTemplate\":\"https:\\\/\\\/us-gc.net\\\/fi\\\/?s={search_term_string}\"},\"query-input\":{\"@type\":\"PropertyValueSpecification\",\"valueRequired\":true,\"valueName\":\"search_term_string\"}}],\"inLanguage\":\"fi\"}]}<\/script>\n<!-- \/ Yoast SEO plugin. -->","yoast_head_json":{"title":"Green Card henkil\u00f6llisyyskuvan eritelm\u00e4t - USA GC","description":"Saadakseen tai uusiakseen Green Card hakijan on toimitettava passikuvansa tiettyjen s\u00e4\u00e4nt\u00f6jen mukaisesti.","robots":{"index":"index","follow":"follow","max-snippet":"max-snippet:-1","max-image-preview":"max-image-preview:large","max-video-preview":"max-video-preview:-1"},"canonical":"https:\/\/us-gc.net\/fi\/valokuva-green-card\/","og_locale":"fi_FI","og_type":"article","og_title":"Green Card henkil\u00f6llisyyskuvan eritelm\u00e4t - USA GC","og_description":"Saadakseen tai uusiakseen Green Card hakijan on toimitettava passikuvansa tiettyjen s\u00e4\u00e4nt\u00f6jen mukaisesti.","og_url":"https:\/\/us-gc.net\/fi\/valokuva-green-card\/","og_site_name":"USA GC","article_modified_time":"2024-12-30T09:39:52+00:00","og_image":[{"url":"https:\/\/us-gc.net\/wp-content\/uploads\/2024\/05\/Green-card-2024.jpg","type":"","width":"","height":""}],"twitter_card":"summary_large_image","twitter_misc":{"Arvioitu lukuaika":"2 minuuttia"},"schema":{"@context":"https:\/\/schema.org","@graph":[{"@type":"WebPage","@id":"https:\/\/us-gc.net\/fi\/valokuva-green-card\/","url":"https:\/\/us-gc.net\/fi\/valokuva-green-card\/","name":"Green Card henkil\u00f6llisyyskuvan eritelm\u00e4t - USA GC","isPartOf":{"@id":"https:\/\/us-gc.net\/fi\/#website"},"primaryImageOfPage":{"@id":"https:\/\/us-gc.net\/fi\/valokuva-green-card\/#primaryimage"},"image":{"@id":"https:\/\/us-gc.net\/fi\/valokuva-green-card\/#primaryimage"},"thumbnailUrl":"https:\/\/us-gc.net\/wp-content\/uploads\/2024\/05\/Green-card-2024.jpg","datePublished":"2024-01-31T14:45:08+00:00","dateModified":"2024-12-30T09:39:52+00:00","description":"Saadakseen tai uusiakseen Green Card hakijan on toimitettava passikuvansa tiettyjen s\u00e4\u00e4nt\u00f6jen mukaisesti.","breadcrumb":{"@id":"https:\/\/us-gc.net\/fi\/valokuva-green-card\/#breadcrumb"},"inLanguage":"fi","potentialAction":[{"@type":"ReadAction","target":["https:\/\/us-gc.net\/fi\/valokuva-green-card\/"]}]},{"@type":"ImageObject","inLanguage":"fi","@id":"https:\/\/us-gc.net\/fi\/valokuva-green-card\/#primaryimage","url":"https:\/\/us-gc.net\/wp-content\/uploads\/2024\/05\/Green-card-2024.jpg","contentUrl":"https:\/\/us-gc.net\/wp-content\/uploads\/2024\/05\/Green-card-2024.jpg"},{"@type":"BreadcrumbList","@id":"https:\/\/us-gc.net\/fi\/valokuva-green-card\/#breadcrumb","itemListElement":[{"@type":"ListItem","position":1,"name":"Accueil","item":"https:\/\/us-gc.net\/fi\/green-card\/"},{"@type":"ListItem","position":2,"name":"Green Card henkil\u00f6llisyyskuvan eritelm\u00e4t"}]},{"@type":"WebSite","@id":"https:\/\/us-gc.net\/fi\/#website","url":"https:\/\/us-gc.net\/fi\/","name":"USA GC","description":"","potentialAction":[{"@type":"SearchAction","target":{"@type":"EntryPoint","urlTemplate":"https:\/\/us-gc.net\/fi\/?s={search_term_string}"},"query-input":{"@type":"PropertyValueSpecification","valueRequired":true,"valueName":"search_term_string"}}],"inLanguage":"fi"}]}},"_links":{"self":[{"href":"https:\/\/us-gc.net\/fi\/wp-json\/wp\/v2\/pages\/751","targetHints":{"allow":["GET"]}}],"collection":[{"href":"https:\/\/us-gc.net\/fi\/wp-json\/wp\/v2\/pages"}],"about":[{"href":"https:\/\/us-gc.net\/fi\/wp-json\/wp\/v2\/types\/page"}],"author":[{"embeddable":true,"href":"https:\/\/us-gc.net\/fi\/wp-json\/wp\/v2\/users\/1"}],"replies":[{"embeddable":true,"href":"https:\/\/us-gc.net\/fi\/wp-json\/wp\/v2\/comments?post=751"}],"version-history":[{"count":1,"href":"https:\/\/us-gc.net\/fi\/wp-json\/wp\/v2\/pages\/751\/revisions"}],"predecessor-version":[{"id":7677,"href":"https:\/\/us-gc.net\/fi\/wp-json\/wp\/v2\/pages\/751\/revisions\/7677"}],"wp:attachment":[{"href":"https:\/\/us-gc.net\/fi\/wp-json\/wp\/v2\/media?parent=751"}],"curies":[{"name":"wp","href":"https:\/\/api.w.org\/{rel}","templated":true}]}}