{"id":710,"date":"2024-01-31T14:27:27","date_gmt":"2024-01-31T14:27:27","guid":{"rendered":"https:\/\/green-card-usa.net\/green-card-tyollistymiseen\/"},"modified":"2024-12-30T09:39:25","modified_gmt":"2024-12-30T09:39:25","slug":"green-card-tyollistymiseen","status":"publish","type":"page","link":"https:\/\/us-gc.net\/fi\/green-card-tyollistymiseen\/","title":{"rendered":"Ty\u00f6h\u00f6n perustuva Green Card maahanmuuttajille"},"content":{"rendered":"\n<h1 class=\"wp-block-heading\" id=\"h-obtenir-une-green-card-basee-sur-l-emploi\">Green Card saaminen ty\u00f6suhteen perusteella<\/h1>\n\n<p>Selvit\u00e4, miten saat <a href=\"https:\/\/us-gc.net\/fi\/\">Green Card <\/a> Yhdysvaltoihin ty\u00f6llistym\u00e4ll\u00e4. Ty\u00f6h\u00f6n perustuva Green Card on eritt\u00e4in suosittu ammattitaitoisten maahanmuuttajien keskuudessa, jotka haluavat ty\u00f6skennell\u00e4 ja oleskella laillisesti Yhdysvalloissa.<\/p>\n\n<h2 class=\"wp-block-heading\" id=\"h-qu-est-ce-qu-une-green-card-basee-sur-l-emploi\">Mik\u00e4 on ty\u00f6perusteinen Green Card ?<\/h2>\n\n<p>Ty\u00f6h\u00f6n perustuva Green Card on tapa, jolla ammattitaitoiset ulkomaiset ty\u00f6ntekij\u00e4t voivat saada pysyv\u00e4n oleskeluluvan Yhdysvaltoihin ty\u00f6n kautta. Toisin kuin muut maahanmuuttovaihtoehdot, t\u00e4m\u00e4 vaihtoehto on suunnattu erityisesti henkil\u00f6ille, joilla on ammattitaitoa, jota amerikkalaiset ty\u00f6nantajat tarvitsevat. Sen ansiosta ty\u00f6viisumin haltijoista voi tulla pysyvi\u00e4 asukkaita.<\/p>\n\n<h2 class=\"wp-block-heading\" id=\"h-eligibilite-et-criteres-de-qualification\">Kelpoisuus- ja p\u00e4tevyysvaatimukset<\/h2>\n\n<p>Jotta hakija voi saada ty\u00f6perusteisen Green Card , h\u00e4nen on t\u00e4ytett\u00e4v\u00e4 tietyt ehdot:<\/p>\n\n<ul class=\"wp-block-list\">\n<li>Asianmukainen ty\u00f6kokemus tietylt\u00e4 alalta;<\/li>\n\n\n\n<li>Voimassa oleva ty\u00f6tarjous amerikkalaiselta ty\u00f6nantajalta ;<\/li>\n\n\n\n<li>Koulutus tai ammatillinen p\u00e4tevyys, joka vastaa tarjotun teht\u00e4v\u00e4n vaatimuksia.  <\/li>\n<\/ul>\n\n<p>Ty\u00f6nantajan on my\u00f6s oltava valmis <a href=\"https:\/\/us-gc.net\/fi\/green-card-sponsoroi\/\">sponsoroimaan hakijaa Green Card varten<\/a> ja noudattamaan kaikkia ulkomaalaisten ty\u00f6ntekij\u00f6iden rekrytointiin liittyvi\u00e4 lakis\u00e4\u00e4teisi\u00e4 velvoitteita.<\/p>\n\n<h2 class=\"wp-block-heading\" id=\"h-processus-de-demande\">Hakuprosessi<\/h2>\n\n<p>Ty\u00f6suhteeseen perustuvassa Green Card hakuprosessissa on useita vaiheita. Ty\u00f6nantajan on ensinn\u00e4kin hankittava Yhdysvaltojen ty\u00f6ministeri\u00f6lt\u00e4 ty\u00f6voimatodistus. Hakijan on t\u00e4m\u00e4n j\u00e4lkeen j\u00e4tett\u00e4v\u00e4 ty\u00f6viisumihakemus <a href=\"https:\/\/www.uscis.gov\/\">USCIS:lle<\/a>. Kun ty\u00f6viisumi on hyv\u00e4ksytty, hakija voi aloittaa Green Card hakuprosessin. T\u00e4m\u00e4 menettely sis\u00e4lt\u00e4\u00e4:<\/p>\n\n<ul class=\"wp-block-list\">\n<li>Hakulomakkeen toimittaminen ;<\/li>\n\n\n\n<li>Tositteiden ker\u00e4\u00e4minen ;<\/li>\n\n\n\n<li><a href=\"https:\/\/us-gc.net\/fi\/green-card-haastatella\/\">Haastattelu Green Card varten<\/a>;<\/li>\n\n\n\n<li>L\u00e4\u00e4k\u00e4rintarkastus.<\/li>\n<\/ul>\n\n<h2 class=\"wp-block-heading\" id=\"h-duree-et-delais-de-traitement\">K\u00e4sittelyajat ja m\u00e4\u00e4r\u00e4ajat<\/h2>\n\n<p>Ty\u00f6suhteeseen perustuvan Green Card saamiseen kuluva aika voi vaihdella huomattavasti eri tekij\u00f6ist\u00e4, kuten viisumiluokasta, <a href=\"https:\/\/www.uscis.gov\/green-card\/green-card-processes-and-procedures\">USCIS:n<\/a> ty\u00f6m\u00e4\u00e4r\u00e4st\u00e4 ja muista yksil\u00f6llisist\u00e4 olosuhteista riippuen. <\/p>\n\n<p>Prosessi voi yleens\u00e4 kest\u00e4\u00e4 useista kuukausista useisiin vuosiin. On t\u00e4rke\u00e4\u00e4, ett\u00e4 hakijat ovat k\u00e4rsiv\u00e4llisi\u00e4 ja valmiita selviytym\u00e4\u00e4n mahdollisista viiv\u00e4styksist\u00e4 prosessin aikana. Hakijat voivat my\u00f6s hakea <a href=\"https:\/\/us-gc.net\/fi\/arpajaiset-green-card\/\">Green Card arvonnassa<\/a>.<\/p>\n\n<p><\/p>\n","protected":false},"excerpt":{"rendered":"<p>Green Card saaminen ty\u00f6suhteen perusteella Selvit\u00e4, miten saat Green Card Yhdysvaltoihin ty\u00f6llistym\u00e4ll\u00e4. Ty\u00f6h\u00f6n perustuva Green Card on eritt\u00e4in suosittu ammattitaitoisten maahanmuuttajien keskuudessa, jotka haluavat ty\u00f6skennell\u00e4 ja oleskella laillisesti Yhdysvalloissa. Mik\u00e4 on ty\u00f6perusteinen Green Card ? Ty\u00f6h\u00f6n perustuva Green Card on tapa, jolla ammattitaitoiset ulkomaiset ty\u00f6ntekij\u00e4t voivat saada pysyv\u00e4n oleskeluluvan Yhdysvaltoihin ty\u00f6n kautta. Toisin kuin muut [&hellip;]<\/p>\n","protected":false},"author":1,"featured_media":0,"parent":0,"menu_order":0,"comment_status":"closed","ping_status":"closed","template":"","meta":{"footnotes":""},"class_list":["post-710","page","type-page","status-publish","hentry"],"yoast_head":"<!-- This site is optimized with the Yoast SEO plugin v27.4 - https:\/\/yoast.com\/product\/yoast-seo-wordpress\/ -->\n<title>Ty\u00f6h\u00f6n perustuva Green Card maahanmuuttajille - USA GC<\/title>\n<meta name=\"description\" content=\"Hanki amerikkalainen Green Card, joka perustuu ty\u00f6skentelyyn Yhdysvalloissa. Kaikki tiedot, joita tarvitset Green Card hankkimiseen.\" \/>\n<meta name=\"robots\" content=\"index, follow, max-snippet:-1, max-image-preview:large, max-video-preview:-1\" \/>\n<link rel=\"canonical\" href=\"https:\/\/us-gc.net\/fi\/green-card-tyollistymiseen\/\" \/>\n<meta property=\"og:locale\" content=\"fi_FI\" \/>\n<meta property=\"og:type\" content=\"article\" \/>\n<meta property=\"og:title\" content=\"Ty\u00f6h\u00f6n perustuva Green Card maahanmuuttajille - USA GC\" \/>\n<meta property=\"og:description\" content=\"Hanki amerikkalainen Green Card, joka perustuu ty\u00f6skentelyyn Yhdysvalloissa. Kaikki tiedot, joita tarvitset Green Card hankkimiseen.\" \/>\n<meta property=\"og:url\" content=\"https:\/\/us-gc.net\/fi\/green-card-tyollistymiseen\/\" \/>\n<meta property=\"og:site_name\" content=\"USA GC\" \/>\n<meta property=\"article:modified_time\" content=\"2024-12-30T09:39:25+00:00\" \/>\n<meta name=\"twitter:card\" content=\"summary_large_image\" \/>\n<meta name=\"twitter:label1\" content=\"Arvioitu lukuaika\" \/>\n\t<meta name=\"twitter:data1\" content=\"1 minuutti\" \/>\n<script type=\"application\/ld+json\" class=\"yoast-schema-graph\">{\"@context\":\"https:\\\/\\\/schema.org\",\"@graph\":[{\"@type\":\"WebPage\",\"@id\":\"https:\\\/\\\/us-gc.net\\\/fi\\\/green-card-tyollistymiseen\\\/\",\"url\":\"https:\\\/\\\/us-gc.net\\\/fi\\\/green-card-tyollistymiseen\\\/\",\"name\":\"Ty\u00f6h\u00f6n perustuva Green Card maahanmuuttajille - USA GC\",\"isPartOf\":{\"@id\":\"https:\\\/\\\/us-gc.net\\\/fi\\\/#website\"},\"datePublished\":\"2024-01-31T14:27:27+00:00\",\"dateModified\":\"2024-12-30T09:39:25+00:00\",\"description\":\"Hanki amerikkalainen Green Card, joka perustuu ty\u00f6skentelyyn Yhdysvalloissa. Kaikki tiedot, joita tarvitset Green Card hankkimiseen.\",\"breadcrumb\":{\"@id\":\"https:\\\/\\\/us-gc.net\\\/fi\\\/green-card-tyollistymiseen\\\/#breadcrumb\"},\"inLanguage\":\"fi\",\"potentialAction\":[{\"@type\":\"ReadAction\",\"target\":[\"https:\\\/\\\/us-gc.net\\\/fi\\\/green-card-tyollistymiseen\\\/\"]}]},{\"@type\":\"BreadcrumbList\",\"@id\":\"https:\\\/\\\/us-gc.net\\\/fi\\\/green-card-tyollistymiseen\\\/#breadcrumb\",\"itemListElement\":[{\"@type\":\"ListItem\",\"position\":1,\"name\":\"Accueil\",\"item\":\"https:\\\/\\\/us-gc.net\\\/fi\\\/green-card\\\/\"},{\"@type\":\"ListItem\",\"position\":2,\"name\":\"Ty\u00f6h\u00f6n perustuva Green Card maahanmuuttajille\"}]},{\"@type\":\"WebSite\",\"@id\":\"https:\\\/\\\/us-gc.net\\\/fi\\\/#website\",\"url\":\"https:\\\/\\\/us-gc.net\\\/fi\\\/\",\"name\":\"USA GC\",\"description\":\"\",\"potentialAction\":[{\"@type\":\"SearchAction\",\"target\":{\"@type\":\"EntryPoint\",\"urlTemplate\":\"https:\\\/\\\/us-gc.net\\\/fi\\\/?s={search_term_string}\"},\"query-input\":{\"@type\":\"PropertyValueSpecification\",\"valueRequired\":true,\"valueName\":\"search_term_string\"}}],\"inLanguage\":\"fi\"}]}<\/script>\n<!-- \/ Yoast SEO plugin. -->","yoast_head_json":{"title":"Ty\u00f6h\u00f6n perustuva Green Card maahanmuuttajille - USA GC","description":"Hanki amerikkalainen Green Card, joka perustuu ty\u00f6skentelyyn Yhdysvalloissa. Kaikki tiedot, joita tarvitset Green Card hankkimiseen.","robots":{"index":"index","follow":"follow","max-snippet":"max-snippet:-1","max-image-preview":"max-image-preview:large","max-video-preview":"max-video-preview:-1"},"canonical":"https:\/\/us-gc.net\/fi\/green-card-tyollistymiseen\/","og_locale":"fi_FI","og_type":"article","og_title":"Ty\u00f6h\u00f6n perustuva Green Card maahanmuuttajille - USA GC","og_description":"Hanki amerikkalainen Green Card, joka perustuu ty\u00f6skentelyyn Yhdysvalloissa. Kaikki tiedot, joita tarvitset Green Card hankkimiseen.","og_url":"https:\/\/us-gc.net\/fi\/green-card-tyollistymiseen\/","og_site_name":"USA GC","article_modified_time":"2024-12-30T09:39:25+00:00","twitter_card":"summary_large_image","twitter_misc":{"Arvioitu lukuaika":"1 minuutti"},"schema":{"@context":"https:\/\/schema.org","@graph":[{"@type":"WebPage","@id":"https:\/\/us-gc.net\/fi\/green-card-tyollistymiseen\/","url":"https:\/\/us-gc.net\/fi\/green-card-tyollistymiseen\/","name":"Ty\u00f6h\u00f6n perustuva Green Card maahanmuuttajille - USA GC","isPartOf":{"@id":"https:\/\/us-gc.net\/fi\/#website"},"datePublished":"2024-01-31T14:27:27+00:00","dateModified":"2024-12-30T09:39:25+00:00","description":"Hanki amerikkalainen Green Card, joka perustuu ty\u00f6skentelyyn Yhdysvalloissa. Kaikki tiedot, joita tarvitset Green Card hankkimiseen.","breadcrumb":{"@id":"https:\/\/us-gc.net\/fi\/green-card-tyollistymiseen\/#breadcrumb"},"inLanguage":"fi","potentialAction":[{"@type":"ReadAction","target":["https:\/\/us-gc.net\/fi\/green-card-tyollistymiseen\/"]}]},{"@type":"BreadcrumbList","@id":"https:\/\/us-gc.net\/fi\/green-card-tyollistymiseen\/#breadcrumb","itemListElement":[{"@type":"ListItem","position":1,"name":"Accueil","item":"https:\/\/us-gc.net\/fi\/green-card\/"},{"@type":"ListItem","position":2,"name":"Ty\u00f6h\u00f6n perustuva Green Card maahanmuuttajille"}]},{"@type":"WebSite","@id":"https:\/\/us-gc.net\/fi\/#website","url":"https:\/\/us-gc.net\/fi\/","name":"USA GC","description":"","potentialAction":[{"@type":"SearchAction","target":{"@type":"EntryPoint","urlTemplate":"https:\/\/us-gc.net\/fi\/?s={search_term_string}"},"query-input":{"@type":"PropertyValueSpecification","valueRequired":true,"valueName":"search_term_string"}}],"inLanguage":"fi"}]}},"_links":{"self":[{"href":"https:\/\/us-gc.net\/fi\/wp-json\/wp\/v2\/pages\/710","targetHints":{"allow":["GET"]}}],"collection":[{"href":"https:\/\/us-gc.net\/fi\/wp-json\/wp\/v2\/pages"}],"about":[{"href":"https:\/\/us-gc.net\/fi\/wp-json\/wp\/v2\/types\/page"}],"author":[{"embeddable":true,"href":"https:\/\/us-gc.net\/fi\/wp-json\/wp\/v2\/users\/1"}],"replies":[{"embeddable":true,"href":"https:\/\/us-gc.net\/fi\/wp-json\/wp\/v2\/comments?post=710"}],"version-history":[{"count":1,"href":"https:\/\/us-gc.net\/fi\/wp-json\/wp\/v2\/pages\/710\/revisions"}],"predecessor-version":[{"id":7633,"href":"https:\/\/us-gc.net\/fi\/wp-json\/wp\/v2\/pages\/710\/revisions\/7633"}],"wp:attachment":[{"href":"https:\/\/us-gc.net\/fi\/wp-json\/wp\/v2\/media?parent=710"}],"curies":[{"name":"wp","href":"https:\/\/api.w.org\/{rel}","templated":true}]}}