{"id":662,"date":"2024-01-31T08:01:49","date_gmt":"2024-01-31T08:01:49","guid":{"rendered":"https:\/\/green-card-usa.net\/privacy-policy\/"},"modified":"2025-03-31T11:22:13","modified_gmt":"2025-03-31T11:22:13","slug":"privacy-policy","status":"publish","type":"page","link":"https:\/\/us-gc.net\/fi\/privacy-policy\/","title":{"rendered":"Henkil\u00f6tietojen luottamuksellisuutta koskeva politiikka"},"content":{"rendered":"\n<h1 class=\"wp-block-heading\" id=\"h-politique-de-confidentialite\">Tietosuojak\u00e4yt\u00e4nt\u00f6<\/h1>\n\n<p>Olemme Amerikan ty\u00f6markkinoita k\u00e4sittelev\u00e4 tietosivusto. Emme tarjoa verkkopalveluja, eik\u00e4 sivustollamme ole rekister\u00f6itymislomaketta. Sivuston ainoa lomake on <a href=\"https:\/\/us-gc.net\/fi\/contact\/\">yhteydenottolomakkeemme<\/a>.<\/p>\n\n<h2 class=\"wp-block-heading\" id=\"h-la-collecte-d-informations-sur-le-site\">Tietojen ker\u00e4\u00e4minen sivustolla<\/h2>\n\n<p>T\u00e4ss\u00e4 on luettelo henkil\u00f6tiedoista, joita sivustollamme voidaan ker\u00e4t\u00e4:<\/p>\n\n<ul class=\"wp-block-list\">\n<li>Yhteystiedot, kun l\u00e4het\u00e4t s\u00e4hk\u00f6postia tukitiimillemme, kuten nimesi, etunimesi ja s\u00e4hk\u00f6postiosoitteesi. l\u00e4hett\u00e4miesi s\u00e4hk\u00f6postiviestien sis\u00e4lt\u00e4m\u00e4t tiedot.<\/li>\n<\/ul>\n\n<div style=\"height:10px\" aria-hidden=\"true\" class=\"wp-block-spacer\"><\/div>\n\n<h2 class=\"wp-block-heading\" id=\"h-duree-de-conservation-des-donnees\">Tietojen s\u00e4ilytt\u00e4misen kesto<\/h2>\n\n<p>Ker\u00e4tyt tiedot poistetaan s\u00e4\u00e4nn\u00f6llisesti, mik\u00e4 tarkoittaa, ett\u00e4 emme s\u00e4ilyt\u00e4 meille l\u00e4hetettyj\u00e4 s\u00e4hk\u00f6postiviestej\u00e4 viikkoa pidemp\u00e4\u00e4n.  <\/p>\n\n<p>S\u00e4ilytettyjen tietojen p\u00e4ivitt\u00e4minen: Ilmoita meille, jos haluat, ett\u00e4 sinusta s\u00e4ilytt\u00e4mi\u00e4mme henkil\u00f6tietoja korjataan tai p\u00e4ivitet\u00e4\u00e4n niiden s\u00e4ilytyksen aikana.<\/p>\n\n<h2 class=\"wp-block-heading\" id=\"h-securite-de-vos-donnees-personnelles\">Henkil\u00f6tietojesi turvallisuus<\/h2>\n\n<p>Toteutamme teknisi\u00e4 varotoimia est\u00e4\u00e4kseen tietokantaamme sis\u00e4ltyvien henkil\u00f6tietojen varastamisen s\u00e4ilytysaikana, vaikka se olisikin rajoitettua. S\u00e4ilyt\u00e4mme kaikki toimitetut henkil\u00f6tiedot suojatuilla palvelimillamme.<\/p>\n\n<p>Hyv\u00e4ksyt sen, ett\u00e4 tietojen l\u00e4hett\u00e4minen Internetin kautta ei periaatteessa ole kovin turvallista. Meid\u00e4n on l\u00e4hes mahdotonta taata siirrettyjen tietojesi t\u00e4ydellist\u00e4 turvallisuutta.<\/p>\n\n<h2 class=\"wp-block-heading\" id=\"h-vos-droits-en-matiere-de-donnees-personnelles\">Henkil\u00f6tietoja koskevat oikeutesi<\/h2>\n\n<p>Sinulla on oikeus pyyt\u00e4\u00e4 meit\u00e4 luovuttamaan sinulle kaikki sinusta hallussamme olevat henkil\u00f6tiedot. T\u00e4m\u00e4 voidaan tehd\u00e4 esitt\u00e4m\u00e4ll\u00e4 todiste henkil\u00f6llisyydest\u00e4si (oikeaksi todistettu valokopio passista + lasku, josta k\u00e4y ilmi kotiosoitteesi).<\/p>\n\n<h2 class=\"wp-block-heading\" id=\"h-mise-a-jour-de-cette-politique-de-confidentialite\">T\u00e4m\u00e4n tietosuojak\u00e4yt\u00e4nn\u00f6n p\u00e4ivitt\u00e4minen<\/h2>\n\n<p>P\u00e4ivit\u00e4mme t\u00e4t\u00e4 k\u00e4yt\u00e4nt\u00f6\u00e4 s\u00e4\u00e4nn\u00f6llisesti. On tarpeen tarkistaa t\u00e4m\u00e4 sivu, kun k\u00e4yt\u00e4t sivustoa henkil\u00f6tietojen luottamuksellisuutta koskevien muutosten varalta.<\/p>\n\n<h2 class=\"wp-block-heading\" id=\"h-liens-contextuels-vers-des-sites-web-tiers\">Kontekstisidonnaiset linkit kolmansien osapuolten verkkosivustoille<\/h2>\n\n<p>Verkkosivustomme sis\u00e4lt\u00e4\u00e4 hyperlinkkej\u00e4 kolmansien osapuolten verkkosivustoille. Emme valvo n\u00e4it\u00e4 sivustoja, emmek\u00e4 ole vastuussa niiden tietosuojak\u00e4yt\u00e4nn\u00f6ist\u00e4 tai liiketoiminta- tai markkinointik\u00e4yt\u00e4nn\u00f6ist\u00e4. Emme ota vastuuta n\u00e4ist\u00e4 linkeist\u00e4.<\/p>\n","protected":false},"excerpt":{"rendered":"<p>Tietosuojak\u00e4yt\u00e4nt\u00f6 Olemme Amerikan ty\u00f6markkinoita k\u00e4sittelev\u00e4 tietosivusto. Emme tarjoa verkkopalveluja, eik\u00e4 sivustollamme ole rekister\u00f6itymislomaketta. Sivuston ainoa lomake on yhteydenottolomakkeemme. Tietojen ker\u00e4\u00e4minen sivustolla T\u00e4ss\u00e4 on luettelo henkil\u00f6tiedoista, joita sivustollamme voidaan ker\u00e4t\u00e4: Tietojen s\u00e4ilytt\u00e4misen kesto Ker\u00e4tyt tiedot poistetaan s\u00e4\u00e4nn\u00f6llisesti, mik\u00e4 tarkoittaa, ett\u00e4 emme s\u00e4ilyt\u00e4 meille l\u00e4hetettyj\u00e4 s\u00e4hk\u00f6postiviestej\u00e4 viikkoa pidemp\u00e4\u00e4n. S\u00e4ilytettyjen tietojen p\u00e4ivitt\u00e4minen: Ilmoita meille, jos haluat, ett\u00e4 sinusta [&hellip;]<\/p>\n","protected":false},"author":1,"featured_media":0,"parent":0,"menu_order":0,"comment_status":"closed","ping_status":"closed","template":"","meta":{"footnotes":""},"class_list":["post-662","page","type-page","status-publish","hentry"],"yoast_head":"<!-- This site is optimized with the Yoast SEO plugin v27.4 - https:\/\/yoast.com\/product\/yoast-seo-wordpress\/ -->\n<title>Henkil\u00f6tietojen luottamuksellisuutta koskeva politiikka - USA GC<\/title>\n<meta name=\"description\" content=\"Yksityiskohtainen tietosuojak\u00e4yt\u00e4nt\u00f6, joka on voimassa olevien tietosuojas\u00e4\u00e4nn\u00f6sten mukainen.\" \/>\n<meta name=\"robots\" content=\"noindex, nofollow\" \/>\n<meta property=\"og:locale\" content=\"fi_FI\" \/>\n<meta property=\"og:type\" content=\"article\" \/>\n<meta property=\"og:title\" content=\"Henkil\u00f6tietojen luottamuksellisuutta koskeva politiikka - USA GC\" \/>\n<meta property=\"og:description\" content=\"Yksityiskohtainen tietosuojak\u00e4yt\u00e4nt\u00f6, joka on voimassa olevien tietosuojas\u00e4\u00e4nn\u00f6sten mukainen.\" \/>\n<meta property=\"og:url\" content=\"https:\/\/us-gc.net\/fi\/privacy-policy\/\" \/>\n<meta property=\"og:site_name\" content=\"USA GC\" \/>\n<meta property=\"article:modified_time\" content=\"2025-03-31T11:22:13+00:00\" \/>\n<meta name=\"twitter:card\" content=\"summary_large_image\" \/>\n<meta name=\"twitter:label1\" content=\"Arvioitu lukuaika\" \/>\n\t<meta name=\"twitter:data1\" content=\"1 minuutti\" \/>\n<script type=\"application\/ld+json\" class=\"yoast-schema-graph\">{\"@context\":\"https:\\\/\\\/schema.org\",\"@graph\":[{\"@type\":\"WebPage\",\"@id\":\"https:\\\/\\\/us-gc.net\\\/fi\\\/privacy-policy\\\/\",\"url\":\"https:\\\/\\\/us-gc.net\\\/fi\\\/privacy-policy\\\/\",\"name\":\"Henkil\u00f6tietojen luottamuksellisuutta koskeva politiikka - USA GC\",\"isPartOf\":{\"@id\":\"https:\\\/\\\/us-gc.net\\\/fi\\\/#website\"},\"datePublished\":\"2024-01-31T08:01:49+00:00\",\"dateModified\":\"2025-03-31T11:22:13+00:00\",\"description\":\"Yksityiskohtainen tietosuojak\u00e4yt\u00e4nt\u00f6, joka on voimassa olevien tietosuojas\u00e4\u00e4nn\u00f6sten mukainen.\",\"breadcrumb\":{\"@id\":\"https:\\\/\\\/us-gc.net\\\/fi\\\/privacy-policy\\\/#breadcrumb\"},\"inLanguage\":\"fi\",\"potentialAction\":[{\"@type\":\"ReadAction\",\"target\":[\"https:\\\/\\\/us-gc.net\\\/fi\\\/privacy-policy\\\/\"]}]},{\"@type\":\"BreadcrumbList\",\"@id\":\"https:\\\/\\\/us-gc.net\\\/fi\\\/privacy-policy\\\/#breadcrumb\",\"itemListElement\":[{\"@type\":\"ListItem\",\"position\":1,\"name\":\"Accueil\",\"item\":\"https:\\\/\\\/us-gc.net\\\/fi\\\/green-card\\\/\"},{\"@type\":\"ListItem\",\"position\":2,\"name\":\"Henkil\u00f6tietojen luottamuksellisuutta koskeva politiikka\"}]},{\"@type\":\"WebSite\",\"@id\":\"https:\\\/\\\/us-gc.net\\\/fi\\\/#website\",\"url\":\"https:\\\/\\\/us-gc.net\\\/fi\\\/\",\"name\":\"USA GC\",\"description\":\"\",\"potentialAction\":[{\"@type\":\"SearchAction\",\"target\":{\"@type\":\"EntryPoint\",\"urlTemplate\":\"https:\\\/\\\/us-gc.net\\\/fi\\\/?s={search_term_string}\"},\"query-input\":{\"@type\":\"PropertyValueSpecification\",\"valueRequired\":true,\"valueName\":\"search_term_string\"}}],\"inLanguage\":\"fi\"}]}<\/script>\n<!-- \/ Yoast SEO plugin. -->","yoast_head_json":{"title":"Henkil\u00f6tietojen luottamuksellisuutta koskeva politiikka - USA GC","description":"Yksityiskohtainen tietosuojak\u00e4yt\u00e4nt\u00f6, joka on voimassa olevien tietosuojas\u00e4\u00e4nn\u00f6sten mukainen.","robots":{"index":"noindex","follow":"nofollow"},"og_locale":"fi_FI","og_type":"article","og_title":"Henkil\u00f6tietojen luottamuksellisuutta koskeva politiikka - USA GC","og_description":"Yksityiskohtainen tietosuojak\u00e4yt\u00e4nt\u00f6, joka on voimassa olevien tietosuojas\u00e4\u00e4nn\u00f6sten mukainen.","og_url":"https:\/\/us-gc.net\/fi\/privacy-policy\/","og_site_name":"USA GC","article_modified_time":"2025-03-31T11:22:13+00:00","twitter_card":"summary_large_image","twitter_misc":{"Arvioitu lukuaika":"1 minuutti"},"schema":{"@context":"https:\/\/schema.org","@graph":[{"@type":"WebPage","@id":"https:\/\/us-gc.net\/fi\/privacy-policy\/","url":"https:\/\/us-gc.net\/fi\/privacy-policy\/","name":"Henkil\u00f6tietojen luottamuksellisuutta koskeva politiikka - USA GC","isPartOf":{"@id":"https:\/\/us-gc.net\/fi\/#website"},"datePublished":"2024-01-31T08:01:49+00:00","dateModified":"2025-03-31T11:22:13+00:00","description":"Yksityiskohtainen tietosuojak\u00e4yt\u00e4nt\u00f6, joka on voimassa olevien tietosuojas\u00e4\u00e4nn\u00f6sten mukainen.","breadcrumb":{"@id":"https:\/\/us-gc.net\/fi\/privacy-policy\/#breadcrumb"},"inLanguage":"fi","potentialAction":[{"@type":"ReadAction","target":["https:\/\/us-gc.net\/fi\/privacy-policy\/"]}]},{"@type":"BreadcrumbList","@id":"https:\/\/us-gc.net\/fi\/privacy-policy\/#breadcrumb","itemListElement":[{"@type":"ListItem","position":1,"name":"Accueil","item":"https:\/\/us-gc.net\/fi\/green-card\/"},{"@type":"ListItem","position":2,"name":"Henkil\u00f6tietojen luottamuksellisuutta koskeva politiikka"}]},{"@type":"WebSite","@id":"https:\/\/us-gc.net\/fi\/#website","url":"https:\/\/us-gc.net\/fi\/","name":"USA GC","description":"","potentialAction":[{"@type":"SearchAction","target":{"@type":"EntryPoint","urlTemplate":"https:\/\/us-gc.net\/fi\/?s={search_term_string}"},"query-input":{"@type":"PropertyValueSpecification","valueRequired":true,"valueName":"search_term_string"}}],"inLanguage":"fi"}]}},"_links":{"self":[{"href":"https:\/\/us-gc.net\/fi\/wp-json\/wp\/v2\/pages\/662","targetHints":{"allow":["GET"]}}],"collection":[{"href":"https:\/\/us-gc.net\/fi\/wp-json\/wp\/v2\/pages"}],"about":[{"href":"https:\/\/us-gc.net\/fi\/wp-json\/wp\/v2\/types\/page"}],"author":[{"embeddable":true,"href":"https:\/\/us-gc.net\/fi\/wp-json\/wp\/v2\/users\/1"}],"replies":[{"embeddable":true,"href":"https:\/\/us-gc.net\/fi\/wp-json\/wp\/v2\/comments?post=662"}],"version-history":[{"count":2,"href":"https:\/\/us-gc.net\/fi\/wp-json\/wp\/v2\/pages\/662\/revisions"}],"predecessor-version":[{"id":8671,"href":"https:\/\/us-gc.net\/fi\/wp-json\/wp\/v2\/pages\/662\/revisions\/8671"}],"wp:attachment":[{"href":"https:\/\/us-gc.net\/fi\/wp-json\/wp\/v2\/media?parent=662"}],"curies":[{"name":"wp","href":"https:\/\/api.w.org\/{rel}","templated":true}]}}