{"id":619,"date":"2024-01-31T07:59:57","date_gmt":"2024-01-31T07:59:57","guid":{"rendered":"https:\/\/green-card-usa.net\/oikeudellinen-huomautus\/"},"modified":"2025-03-31T10:09:46","modified_gmt":"2025-03-31T10:09:46","slug":"oikeudellinen-huomautus","status":"publish","type":"page","link":"https:\/\/us-gc.net\/fi\/oikeudellinen-huomautus\/","title":{"rendered":"Oikeudelliset tiedot"},"content":{"rendered":"\n<h1 class=\"wp-block-heading\" id=\"h-mentions-legales-du-site\">Sivuston oikeudellinen ilmoitus<\/h1>\n\n<h2 class=\"wp-block-heading\" id=\"h-editeur-du-site\">Verkkosivuston toimittaja<\/h2>\n\n<p>Olemme Yhdysvaltojen ty\u00f6markkinoita k\u00e4sittelev\u00e4 tietosivusto. Sivustomme julkaisee yksityinen maltalainen yritys <a href=\"https:\/\/alma-consulting.org\/\">Alma Consulting<\/a>. Olemme riippumattomia julkishallinnosta.    <\/p>\n\n<p>Sivuston julkaisemisesta vastaa Kevin Borg. Ota meihin yhteytt\u00e4 k\u00e4ytt\u00e4m\u00e4ll\u00e4 <a href=\"https:\/\/us-gc.net\/fi\/contact\/\">yhteydenottolomaketta<\/a>.<\/p>\n\n<h2 class=\"wp-block-heading\" id=\"h-hebergement-du-site\">Verkkosivuston hosting<\/h2>\n\n<p>Verkkosivustoa is\u00e4nn\u00f6i OVH, joka on Roubaixissa Ranskassa sijaitseva yritys.\nOVH on yritys, joka on rekister\u00f6ity Lille M\u00e9tropolen yritysrekisteriin numerolla B424 761 419. <\/p>\n\n<h2 class=\"wp-block-heading\" id=\"h-traitement-des-donnees-personnelles\">Henkil\u00f6tietojen k\u00e4sittely<\/h2>\n\n<p>Emme ker\u00e4\u00e4 henkil\u00f6tietoja verkkolomakkeella. Sivuston k\u00e4vij\u00f6ist\u00e4 ker\u00e4t\u00e4\u00e4n ainoastaan yhteystietolomakkeessa annettuja henkil\u00f6tietoja. N\u00e4m\u00e4 tiedot tuhotaan eik\u00e4 niit\u00e4 s\u00e4ilytet\u00e4, kun s\u00e4hk\u00f6posti on k\u00e4sitelty. <\/p>\n\n<p>Selainev\u00e4steiden osalta k\u00e4vij\u00e4t voivat itse est\u00e4\u00e4 selainev\u00e4steiden k\u00e4yt\u00f6n. Sinulla on my\u00f6s oikeus tutustua n\u00e4ihin tietoihin, muuttaa, oikaista ja poistaa ne. Jos haluat k\u00e4ytt\u00e4\u00e4 t\u00e4t\u00e4 oikeutta, ota meihin yhteytt\u00e4 <a href=\"https:\/\/us-gc.net\/fi\/contact\/\">yhteydenottolomakkeella<\/a>.<\/p>\n","protected":false},"excerpt":{"rendered":"<p>Sivuston oikeudellinen ilmoitus Verkkosivuston toimittaja Olemme Yhdysvaltojen ty\u00f6markkinoita k\u00e4sittelev\u00e4 tietosivusto. Sivustomme julkaisee yksityinen maltalainen yritys Alma Consulting. Olemme riippumattomia julkishallinnosta. Sivuston julkaisemisesta vastaa Kevin Borg. Ota meihin yhteytt\u00e4 k\u00e4ytt\u00e4m\u00e4ll\u00e4 yhteydenottolomaketta. Verkkosivuston hosting Verkkosivustoa is\u00e4nn\u00f6i OVH, joka on Roubaixissa Ranskassa sijaitseva yritys. OVH on yritys, joka on rekister\u00f6ity Lille M\u00e9tropolen yritysrekisteriin numerolla B424 761 419. Henkil\u00f6tietojen [&hellip;]<\/p>\n","protected":false},"author":1,"featured_media":0,"parent":0,"menu_order":0,"comment_status":"closed","ping_status":"closed","template":"","meta":{"footnotes":""},"class_list":["post-619","page","type-page","status-publish","hentry"],"yoast_head":"<!-- This site is optimized with the Yoast SEO plugin v27.4 - https:\/\/yoast.com\/product\/yoast-seo-wordpress\/ -->\n<title>Oikeudelliset tiedot - USA GC<\/title>\n<meta name=\"description\" content=\"Oikeudellinen huomautus us-gc.net-sivustolle, tietoa Yhdysvaltojen ty\u00f6- ja maahanmuuttomarkkinoista.\" \/>\n<meta name=\"robots\" content=\"noindex, nofollow\" \/>\n<meta property=\"og:locale\" content=\"fi_FI\" \/>\n<meta property=\"og:type\" content=\"article\" \/>\n<meta property=\"og:title\" content=\"Oikeudelliset tiedot - USA GC\" \/>\n<meta property=\"og:description\" content=\"Oikeudellinen huomautus us-gc.net-sivustolle, tietoa Yhdysvaltojen ty\u00f6- ja maahanmuuttomarkkinoista.\" \/>\n<meta property=\"og:url\" content=\"https:\/\/us-gc.net\/fi\/oikeudellinen-huomautus\/\" \/>\n<meta property=\"og:site_name\" content=\"USA GC\" \/>\n<meta property=\"article:modified_time\" content=\"2025-03-31T10:09:46+00:00\" \/>\n<meta name=\"twitter:card\" content=\"summary_large_image\" \/>\n<meta name=\"twitter:label1\" content=\"Arvioitu lukuaika\" \/>\n\t<meta name=\"twitter:data1\" content=\"1 minuutti\" \/>\n<script type=\"application\/ld+json\" class=\"yoast-schema-graph\">{\"@context\":\"https:\\\/\\\/schema.org\",\"@graph\":[{\"@type\":\"WebPage\",\"@id\":\"https:\\\/\\\/us-gc.net\\\/fi\\\/oikeudellinen-huomautus\\\/\",\"url\":\"https:\\\/\\\/us-gc.net\\\/fi\\\/oikeudellinen-huomautus\\\/\",\"name\":\"Oikeudelliset tiedot - USA GC\",\"isPartOf\":{\"@id\":\"https:\\\/\\\/us-gc.net\\\/fi\\\/#website\"},\"datePublished\":\"2024-01-31T07:59:57+00:00\",\"dateModified\":\"2025-03-31T10:09:46+00:00\",\"description\":\"Oikeudellinen huomautus us-gc.net-sivustolle, tietoa Yhdysvaltojen ty\u00f6- ja maahanmuuttomarkkinoista.\",\"breadcrumb\":{\"@id\":\"https:\\\/\\\/us-gc.net\\\/fi\\\/oikeudellinen-huomautus\\\/#breadcrumb\"},\"inLanguage\":\"fi\",\"potentialAction\":[{\"@type\":\"ReadAction\",\"target\":[\"https:\\\/\\\/us-gc.net\\\/fi\\\/oikeudellinen-huomautus\\\/\"]}]},{\"@type\":\"BreadcrumbList\",\"@id\":\"https:\\\/\\\/us-gc.net\\\/fi\\\/oikeudellinen-huomautus\\\/#breadcrumb\",\"itemListElement\":[{\"@type\":\"ListItem\",\"position\":1,\"name\":\"Accueil\",\"item\":\"https:\\\/\\\/us-gc.net\\\/fi\\\/green-card\\\/\"},{\"@type\":\"ListItem\",\"position\":2,\"name\":\"Oikeudelliset tiedot\"}]},{\"@type\":\"WebSite\",\"@id\":\"https:\\\/\\\/us-gc.net\\\/fi\\\/#website\",\"url\":\"https:\\\/\\\/us-gc.net\\\/fi\\\/\",\"name\":\"USA GC\",\"description\":\"\",\"potentialAction\":[{\"@type\":\"SearchAction\",\"target\":{\"@type\":\"EntryPoint\",\"urlTemplate\":\"https:\\\/\\\/us-gc.net\\\/fi\\\/?s={search_term_string}\"},\"query-input\":{\"@type\":\"PropertyValueSpecification\",\"valueRequired\":true,\"valueName\":\"search_term_string\"}}],\"inLanguage\":\"fi\"}]}<\/script>\n<!-- \/ Yoast SEO plugin. -->","yoast_head_json":{"title":"Oikeudelliset tiedot - USA GC","description":"Oikeudellinen huomautus us-gc.net-sivustolle, tietoa Yhdysvaltojen ty\u00f6- ja maahanmuuttomarkkinoista.","robots":{"index":"noindex","follow":"nofollow"},"og_locale":"fi_FI","og_type":"article","og_title":"Oikeudelliset tiedot - USA GC","og_description":"Oikeudellinen huomautus us-gc.net-sivustolle, tietoa Yhdysvaltojen ty\u00f6- ja maahanmuuttomarkkinoista.","og_url":"https:\/\/us-gc.net\/fi\/oikeudellinen-huomautus\/","og_site_name":"USA GC","article_modified_time":"2025-03-31T10:09:46+00:00","twitter_card":"summary_large_image","twitter_misc":{"Arvioitu lukuaika":"1 minuutti"},"schema":{"@context":"https:\/\/schema.org","@graph":[{"@type":"WebPage","@id":"https:\/\/us-gc.net\/fi\/oikeudellinen-huomautus\/","url":"https:\/\/us-gc.net\/fi\/oikeudellinen-huomautus\/","name":"Oikeudelliset tiedot - USA GC","isPartOf":{"@id":"https:\/\/us-gc.net\/fi\/#website"},"datePublished":"2024-01-31T07:59:57+00:00","dateModified":"2025-03-31T10:09:46+00:00","description":"Oikeudellinen huomautus us-gc.net-sivustolle, tietoa Yhdysvaltojen ty\u00f6- ja maahanmuuttomarkkinoista.","breadcrumb":{"@id":"https:\/\/us-gc.net\/fi\/oikeudellinen-huomautus\/#breadcrumb"},"inLanguage":"fi","potentialAction":[{"@type":"ReadAction","target":["https:\/\/us-gc.net\/fi\/oikeudellinen-huomautus\/"]}]},{"@type":"BreadcrumbList","@id":"https:\/\/us-gc.net\/fi\/oikeudellinen-huomautus\/#breadcrumb","itemListElement":[{"@type":"ListItem","position":1,"name":"Accueil","item":"https:\/\/us-gc.net\/fi\/green-card\/"},{"@type":"ListItem","position":2,"name":"Oikeudelliset tiedot"}]},{"@type":"WebSite","@id":"https:\/\/us-gc.net\/fi\/#website","url":"https:\/\/us-gc.net\/fi\/","name":"USA GC","description":"","potentialAction":[{"@type":"SearchAction","target":{"@type":"EntryPoint","urlTemplate":"https:\/\/us-gc.net\/fi\/?s={search_term_string}"},"query-input":{"@type":"PropertyValueSpecification","valueRequired":true,"valueName":"search_term_string"}}],"inLanguage":"fi"}]}},"_links":{"self":[{"href":"https:\/\/us-gc.net\/fi\/wp-json\/wp\/v2\/pages\/619","targetHints":{"allow":["GET"]}}],"collection":[{"href":"https:\/\/us-gc.net\/fi\/wp-json\/wp\/v2\/pages"}],"about":[{"href":"https:\/\/us-gc.net\/fi\/wp-json\/wp\/v2\/types\/page"}],"author":[{"embeddable":true,"href":"https:\/\/us-gc.net\/fi\/wp-json\/wp\/v2\/users\/1"}],"replies":[{"embeddable":true,"href":"https:\/\/us-gc.net\/fi\/wp-json\/wp\/v2\/comments?post=619"}],"version-history":[{"count":2,"href":"https:\/\/us-gc.net\/fi\/wp-json\/wp\/v2\/pages\/619\/revisions"}],"predecessor-version":[{"id":8456,"href":"https:\/\/us-gc.net\/fi\/wp-json\/wp\/v2\/pages\/619\/revisions\/8456"}],"wp:attachment":[{"href":"https:\/\/us-gc.net\/fi\/wp-json\/wp\/v2\/media?parent=619"}],"curies":[{"name":"wp","href":"https:\/\/api.w.org\/{rel}","templated":true}]}}