{"id":563,"date":"2024-02-05T09:01:51","date_gmt":"2024-02-05T09:01:51","guid":{"rendered":"https:\/\/green-card-usa.net\/contact\/"},"modified":"2025-03-31T10:05:25","modified_gmt":"2025-03-31T10:05:25","slug":"contact","status":"publish","type":"page","link":"https:\/\/us-gc.net\/fi\/contact\/","title":{"rendered":"Ota yhteytt\u00e4"},"content":{"rendered":"\n<h1 class=\"wp-block-heading\" id=\"h-formulaire-pour-nous-contacter\">Yhteydenottolomake<\/h1>\n\n<p>Olemme yksityinen online-uutissivusto. Ainoa tarkoituksemme on tiedottaa Internetin k\u00e4ytt\u00e4jille Yhdysvaltojen ty\u00f6markkinoista. Emme tarjoa sivustolla mit\u00e4\u00e4n kaupallisia palveluja. <\/p>\n\n<p>Emme ole mill\u00e4\u00e4n tavoin sidoksissa Yhdysvaltojen tai mink\u00e4\u00e4n muunkaan hallinnon toimintaan. Emme voi antaa tukea menettelyyn, joka suoritetaan virallisella verkkosivustolla tai yksityisell\u00e4 verkkosivustolla, joka tarjoaa apua hallinnollisissa muodollisuuksissa.<\/p>\n<div class=\"wpforms-container wpforms-container-full wpforms-block wpforms-block-c46b6f82-8106-4617-8172-d428defcc7bc wpforms-render-modern\" id=\"wpforms-492\"><form id=\"wpforms-form-492\" class=\"wpforms-validate wpforms-form wpforms-ajax-form\" data-formid=\"492\" method=\"post\" enctype=\"multipart\/form-data\" action=\"\/fi\/wp-json\/wp\/v2\/pages\/563\" data-token=\"50899a1fef15029fd4a27e8bf24bf101\" data-token-time=\"1776772899\"><noscript class=\"wpforms-error-noscript\">Please enable JavaScript in your browser to complete this form.<\/noscript><div class=\"wpforms-hidden\" id=\"wpforms-error-noscript\">Please enable JavaScript in your browser to complete this form.<\/div><div class=\"wpforms-field-container\"><div id=\"wpforms-492-field_0-container\" class=\"wpforms-field wpforms-field-name\" data-field-id=\"0\"><label class=\"wpforms-field-label\" for=\"wpforms-492-field_0\">Nom <span class=\"wpforms-required-label\" aria-hidden=\"true\">*<\/span><\/label><input type=\"text\" id=\"wpforms-492-field_0\" class=\"wpforms-field-medium wpforms-field-required\" name=\"wpforms[fields][0]\" aria-errormessage=\"wpforms-492-field_0-error\" required><\/div><div id=\"wpforms-492-field_1-container\" class=\"wpforms-field wpforms-field-email\" data-field-id=\"1\"><label class=\"wpforms-field-label\" for=\"wpforms-492-field_1\">E-mail <span class=\"wpforms-required-label\" aria-hidden=\"true\">*<\/span><\/label><input type=\"email\" id=\"wpforms-492-field_1\" class=\"wpforms-field-medium wpforms-field-required\" name=\"wpforms[fields][1]\" spellcheck=\"false\" aria-errormessage=\"wpforms-492-field_1-error\" required><\/div><div id=\"wpforms-492-field_2-container\" class=\"wpforms-field wpforms-field-textarea\" data-field-id=\"2\"><label class=\"wpforms-field-label\" for=\"wpforms-492-field_2\">Message <span class=\"wpforms-required-label\" aria-hidden=\"true\">*<\/span><\/label><textarea id=\"wpforms-492-field_2\" class=\"wpforms-field-medium wpforms-field-required\" name=\"wpforms[fields][2]\" aria-errormessage=\"wpforms-492-field_2-error\" required><\/textarea><\/div><\/div><!-- .wpforms-field-container --><div class=\"wpforms-submit-container\" ><input type=\"hidden\" name=\"wpforms[id]\" value=\"492\"><input type=\"hidden\" name=\"page_title\" value=\"\"><input type=\"hidden\" name=\"page_url\" value=\"https:\/\/us-gc.net\/fi\/wp-json\/wp\/v2\/pages\/563\"><input type=\"hidden\" name=\"url_referer\" value=\"\"><button type=\"submit\" name=\"wpforms[submit]\" id=\"wpforms-submit-492\" class=\"wpforms-submit\" data-alt-text=\"Envoi...\" data-submit-text=\"Envoyer\" aria-live=\"assertive\" value=\"wpforms-submit\">Envoyer<\/button><img decoding=\"async\" src=\"https:\/\/us-gc.net\/wp-content\/plugins\/wpforms\/assets\/images\/submit-spin.svg\" class=\"wpforms-submit-spinner\" style=\"display: none;\" width=\"26\" height=\"26\" alt=\"Loading\"><\/div><\/form><\/div>  <!-- .wpforms-container -->","protected":false},"excerpt":{"rendered":"<p>Yhteydenottolomake Olemme yksityinen online-uutissivusto. Ainoa tarkoituksemme on tiedottaa Internetin k\u00e4ytt\u00e4jille Yhdysvaltojen ty\u00f6markkinoista. Emme tarjoa sivustolla mit\u00e4\u00e4n kaupallisia palveluja. Emme ole mill\u00e4\u00e4n tavoin sidoksissa Yhdysvaltojen tai mink\u00e4\u00e4n muunkaan hallinnon toimintaan. Emme voi antaa tukea menettelyyn, joka suoritetaan virallisella verkkosivustolla tai yksityisell\u00e4 verkkosivustolla, joka tarjoaa apua hallinnollisissa muodollisuuksissa.<\/p>\n","protected":false},"author":1,"featured_media":0,"parent":0,"menu_order":0,"comment_status":"closed","ping_status":"closed","template":"","meta":{"footnotes":""},"class_list":["post-563","page","type-page","status-publish","hentry"],"yoast_head":"<!-- This site is optimized with the Yoast SEO plugin v27.4 - https:\/\/yoast.com\/product\/yoast-seo-wordpress\/ -->\n<title>Ota yhteytt\u00e4 - USA GC<\/title>\n<meta name=\"description\" content=\"us-gc.net yhteydenottolomake\" \/>\n<meta name=\"robots\" content=\"noindex, nofollow\" \/>\n<meta property=\"og:locale\" content=\"fi_FI\" \/>\n<meta property=\"og:type\" content=\"article\" \/>\n<meta property=\"og:title\" content=\"Ota yhteytt\u00e4 - USA GC\" \/>\n<meta property=\"og:description\" content=\"us-gc.net yhteydenottolomake\" \/>\n<meta property=\"og:url\" content=\"https:\/\/us-gc.net\/fi\/contact\/\" \/>\n<meta property=\"og:site_name\" content=\"USA GC\" \/>\n<meta property=\"article:modified_time\" content=\"2025-03-31T10:05:25+00:00\" \/>\n<meta name=\"twitter:card\" content=\"summary_large_image\" \/>\n<script type=\"application\/ld+json\" class=\"yoast-schema-graph\">{\"@context\":\"https:\\\/\\\/schema.org\",\"@graph\":[{\"@type\":\"WebPage\",\"@id\":\"https:\\\/\\\/us-gc.net\\\/fi\\\/contact\\\/\",\"url\":\"https:\\\/\\\/us-gc.net\\\/fi\\\/contact\\\/\",\"name\":\"Ota yhteytt\u00e4 - USA GC\",\"isPartOf\":{\"@id\":\"https:\\\/\\\/us-gc.net\\\/fi\\\/#website\"},\"datePublished\":\"2024-02-05T09:01:51+00:00\",\"dateModified\":\"2025-03-31T10:05:25+00:00\",\"description\":\"us-gc.net yhteydenottolomake\",\"breadcrumb\":{\"@id\":\"https:\\\/\\\/us-gc.net\\\/fi\\\/contact\\\/#breadcrumb\"},\"inLanguage\":\"fi\",\"potentialAction\":[{\"@type\":\"ReadAction\",\"target\":[\"https:\\\/\\\/us-gc.net\\\/fi\\\/contact\\\/\"]}]},{\"@type\":\"BreadcrumbList\",\"@id\":\"https:\\\/\\\/us-gc.net\\\/fi\\\/contact\\\/#breadcrumb\",\"itemListElement\":[{\"@type\":\"ListItem\",\"position\":1,\"name\":\"Accueil\",\"item\":\"https:\\\/\\\/us-gc.net\\\/fi\\\/green-card\\\/\"},{\"@type\":\"ListItem\",\"position\":2,\"name\":\"Ota yhteytt\u00e4\"}]},{\"@type\":\"WebSite\",\"@id\":\"https:\\\/\\\/us-gc.net\\\/fi\\\/#website\",\"url\":\"https:\\\/\\\/us-gc.net\\\/fi\\\/\",\"name\":\"USA GC\",\"description\":\"\",\"potentialAction\":[{\"@type\":\"SearchAction\",\"target\":{\"@type\":\"EntryPoint\",\"urlTemplate\":\"https:\\\/\\\/us-gc.net\\\/fi\\\/?s={search_term_string}\"},\"query-input\":{\"@type\":\"PropertyValueSpecification\",\"valueRequired\":true,\"valueName\":\"search_term_string\"}}],\"inLanguage\":\"fi\"}]}<\/script>\n<!-- \/ Yoast SEO plugin. -->","yoast_head_json":{"title":"Ota yhteytt\u00e4 - USA GC","description":"us-gc.net yhteydenottolomake","robots":{"index":"noindex","follow":"nofollow"},"og_locale":"fi_FI","og_type":"article","og_title":"Ota yhteytt\u00e4 - USA GC","og_description":"us-gc.net yhteydenottolomake","og_url":"https:\/\/us-gc.net\/fi\/contact\/","og_site_name":"USA GC","article_modified_time":"2025-03-31T10:05:25+00:00","twitter_card":"summary_large_image","schema":{"@context":"https:\/\/schema.org","@graph":[{"@type":"WebPage","@id":"https:\/\/us-gc.net\/fi\/contact\/","url":"https:\/\/us-gc.net\/fi\/contact\/","name":"Ota yhteytt\u00e4 - USA GC","isPartOf":{"@id":"https:\/\/us-gc.net\/fi\/#website"},"datePublished":"2024-02-05T09:01:51+00:00","dateModified":"2025-03-31T10:05:25+00:00","description":"us-gc.net yhteydenottolomake","breadcrumb":{"@id":"https:\/\/us-gc.net\/fi\/contact\/#breadcrumb"},"inLanguage":"fi","potentialAction":[{"@type":"ReadAction","target":["https:\/\/us-gc.net\/fi\/contact\/"]}]},{"@type":"BreadcrumbList","@id":"https:\/\/us-gc.net\/fi\/contact\/#breadcrumb","itemListElement":[{"@type":"ListItem","position":1,"name":"Accueil","item":"https:\/\/us-gc.net\/fi\/green-card\/"},{"@type":"ListItem","position":2,"name":"Ota yhteytt\u00e4"}]},{"@type":"WebSite","@id":"https:\/\/us-gc.net\/fi\/#website","url":"https:\/\/us-gc.net\/fi\/","name":"USA GC","description":"","potentialAction":[{"@type":"SearchAction","target":{"@type":"EntryPoint","urlTemplate":"https:\/\/us-gc.net\/fi\/?s={search_term_string}"},"query-input":{"@type":"PropertyValueSpecification","valueRequired":true,"valueName":"search_term_string"}}],"inLanguage":"fi"}]}},"_links":{"self":[{"href":"https:\/\/us-gc.net\/fi\/wp-json\/wp\/v2\/pages\/563","targetHints":{"allow":["GET"]}}],"collection":[{"href":"https:\/\/us-gc.net\/fi\/wp-json\/wp\/v2\/pages"}],"about":[{"href":"https:\/\/us-gc.net\/fi\/wp-json\/wp\/v2\/types\/page"}],"author":[{"embeddable":true,"href":"https:\/\/us-gc.net\/fi\/wp-json\/wp\/v2\/users\/1"}],"replies":[{"embeddable":true,"href":"https:\/\/us-gc.net\/fi\/wp-json\/wp\/v2\/comments?post=563"}],"version-history":[{"count":2,"href":"https:\/\/us-gc.net\/fi\/wp-json\/wp\/v2\/pages\/563\/revisions"}],"predecessor-version":[{"id":8516,"href":"https:\/\/us-gc.net\/fi\/wp-json\/wp\/v2\/pages\/563\/revisions\/8516"}],"wp:attachment":[{"href":"https:\/\/us-gc.net\/fi\/wp-json\/wp\/v2\/media?parent=563"}],"curies":[{"name":"wp","href":"https:\/\/api.w.org\/{rel}","templated":true}]}}