{"id":432,"date":"2024-02-01T08:19:27","date_gmt":"2024-02-01T08:19:27","guid":{"rendered":"https:\/\/green-card-usa.net\/green-card-lottolomake\/"},"modified":"2025-03-31T10:05:53","modified_gmt":"2025-03-31T10:05:53","slug":"green-card-lottolomake","status":"publish","type":"page","link":"https:\/\/us-gc.net\/fi\/green-card-lottolomake\/","title":{"rendered":"Vihre\u00e4n kortin arpajaiset online-rekister\u00f6intilomake"},"content":{"rendered":"\t\t<div data-elementor-type=\"wp-page\" data-elementor-id=\"432\" class=\"elementor elementor-432 elementor-145\" data-elementor-post-type=\"page\">\n\t\t\t\t<div class=\"elementor-element elementor-element-75ef7d8 e-flex e-con-boxed e-con e-parent\" data-id=\"75ef7d8\" data-element_type=\"container\" data-e-type=\"container\">\n\t\t\t\t\t<div class=\"e-con-inner\">\n\t\t\t\t<div class=\"elementor-element elementor-element-3149e08 elementor-widget elementor-widget-heading\" data-id=\"3149e08\" data-element_type=\"widget\" data-e-type=\"widget\" data-widget_type=\"heading.default\">\n\t\t\t\t<div class=\"elementor-widget-container\">\n\t\t\t\t\t<h1 class=\"elementor-heading-title elementor-size-default\">Vihre\u00e4n kortin arvonnan rekister\u00f6intilomake<\/h1>\t\t\t\t<\/div>\n\t\t\t\t<\/div>\n\t\t\t\t\t<\/div>\n\t\t\t\t<\/div>\n\t\t<div class=\"elementor-element elementor-element-1c60801 e-flex e-con-boxed e-con e-parent\" data-id=\"1c60801\" data-element_type=\"container\" data-e-type=\"container\">\n\t\t\t\t\t<div class=\"e-con-inner\">\n\t\t\t\t<div class=\"elementor-element elementor-element-2e9ffc9 elementor-widget elementor-widget-text-editor\" data-id=\"2e9ffc9\" data-element_type=\"widget\" data-e-type=\"widget\" data-widget_type=\"text-editor.default\">\n\t\t\t\t<div class=\"elementor-widget-container\">\n\t\t\t\t\t\t\t\t\t<p>Rekister\u00f6ityminen seuraavaan vihre\u00e4n kortin arvontaan tapahtuu kokonaan verkossa. Lomakkeen t\u00e4ytt\u00e4minen vie vain muutaman minuutin. Varmista hakemuksesi mahdollisimman pian, jotta et my\u00f6h\u00e4sty hakuajasta.<\/p>\n\t\t\t\t\t\t\t\t<\/div>\n\t\t\t\t<\/div>\n\t\t\t\t\t<\/div>\n\t\t\t\t<\/div>\n\t\t<div class=\"elementor-element elementor-element-9d42428 e-flex e-con-boxed e-con e-parent\" data-id=\"9d42428\" data-element_type=\"container\" data-e-type=\"container\">\n\t\t\t\t\t<div class=\"e-con-inner\">\n\t\t\t\t<div class=\"elementor-element elementor-element-6933e78 elementor-widget elementor-widget-text-editor\" data-id=\"6933e78\" data-element_type=\"widget\" data-e-type=\"widget\" data-widget_type=\"text-editor.default\">\n\t\t\t\t<div class=\"elementor-widget-container\">\n\t\t\t\t\t\t\t\t\t<p>Rekister\u00f6intilomake on melko nopea t\u00e4ytt\u00e4\u00e4. Sinun on t\u00e4ytett\u00e4v\u00e4 joukko henkil\u00f6tietoja ja t\u00e4ytett\u00e4v\u00e4 tietyt kelpoisuusehdot.<\/p>\n\t\t\t\t\t\t\t\t<\/div>\n\t\t\t\t<\/div>\n\t\t\t\t\t<\/div>\n\t\t\t\t<\/div>\n\t\t<div class=\"elementor-element elementor-element-6306da8 e-flex e-con-boxed e-con e-parent\" data-id=\"6306da8\" data-element_type=\"container\" data-e-type=\"container\">\n\t\t\t\t\t<div class=\"e-con-inner\">\n\t\t\t\t<div class=\"elementor-element elementor-element-b506912 elementor-widget elementor-widget-heading\" data-id=\"b506912\" data-element_type=\"widget\" data-e-type=\"widget\" data-widget_type=\"heading.default\">\n\t\t\t\t<div class=\"elementor-widget-container\">\n\t\t\t\t\t<h2 class=\"elementor-heading-title elementor-size-default\">Miten lomake t\u00e4ytet\u00e4\u00e4n<\/h2>\t\t\t\t<\/div>\n\t\t\t\t<\/div>\n\t\t\t\t\t<\/div>\n\t\t\t\t<\/div>\n\t\t<div class=\"elementor-element elementor-element-e5c6b45 e-flex e-con-boxed e-con e-parent\" data-id=\"e5c6b45\" data-element_type=\"container\" data-e-type=\"container\">\n\t\t\t\t\t<div class=\"e-con-inner\">\n\t\t\t\t<div class=\"elementor-element elementor-element-e90f36f elementor-widget elementor-widget-text-editor\" data-id=\"e90f36f\" data-element_type=\"widget\" data-e-type=\"widget\" data-widget_type=\"text-editor.default\">\n\t\t\t\t<div class=\"elementor-widget-container\">\n\t\t\t\t\t\t\t\t\t<p>Lomake t\u00e4ytet\u00e4\u00e4n kokonaan verkossa. rekister\u00f6innin vahvistamiseksi tarvittavat tiedot ovat :<\/p>\n<ul>\n<li>Siviilis\u00e4\u00e4tysi ;<\/li>\n<li>Asuinpaikkanne ;<\/li>\n<li>S\u00e4hk\u00f6postiosoitteesi ja puhelinnumerosi ;<\/li>\n<li>Koulutustaso ;<\/li>\n<li>Perhetilanteesi ;<\/li>\n<li>Voimassa oleva passi.<\/li>\n<\/ul>\n<div> <\/div>\n<div>Viimeistell\u00e4ksesi rekister\u00f6itymisesi vihre\u00e4n kortin arvontaan, sinun on l\u00e4hetett\u00e4v\u00e4 <span style=\"text-decoration: underline;\"><a href=\"https:\/\/us-gc.net\/fi\/valokuva-green-card\/\">valokuva vihre\u00e4\u00e4 korttia varten<\/a><\/span> joka on alle 6 kuukautta vanha, vaaditussa muodossa.<\/div>\n\t\t\t\t\t\t\t\t<\/div>\n\t\t\t\t<\/div>\n\t\t\t\t\t<\/div>\n\t\t\t\t<\/div>\n\t\t<div class=\"elementor-element elementor-element-b40a6c1 e-flex e-con-boxed e-con e-parent\" data-id=\"b40a6c1\" data-element_type=\"container\" data-e-type=\"container\">\n\t\t\t\t\t<div class=\"e-con-inner\">\n\t\t\t\t<div class=\"elementor-element elementor-element-844f7e4 elementor-widget elementor-widget-heading\" data-id=\"844f7e4\" data-element_type=\"widget\" data-e-type=\"widget\" data-widget_type=\"heading.default\">\n\t\t\t\t<div class=\"elementor-widget-container\">\n\t\t\t\t\t<h2 class=\"elementor-heading-title elementor-size-default\">Kelpoisuusehdot<\/h2>\t\t\t\t<\/div>\n\t\t\t\t<\/div>\n\t\t\t\t\t<\/div>\n\t\t\t\t<\/div>\n\t\t<div class=\"elementor-element elementor-element-905f167 e-flex e-con-boxed e-con e-parent\" data-id=\"905f167\" data-element_type=\"container\" data-e-type=\"container\">\n\t\t\t\t\t<div class=\"e-con-inner\">\n\t\t\t\t<div class=\"elementor-element elementor-element-a70162a elementor-widget elementor-widget-text-editor\" data-id=\"a70162a\" data-element_type=\"widget\" data-e-type=\"widget\" data-widget_type=\"text-editor.default\">\n\t\t\t\t<div class=\"elementor-widget-container\">\n\t\t\t\t\t\t\t\t\t<p>Kelpoisuusvaatimukset vuosittaiseen amerikkalaisen vihre\u00e4n kortin arvontaan osallistumiselle ovat hyvin yksinkertaiset. Kaksi p\u00e4\u00e4kriteeri\u00e4 on t\u00e4ytett\u00e4v\u00e4:<\/p>\n<h3>Sinun on oltava tukikelpoisen maan kansalainen.<\/h3>\n<p>Kaikki maat eiv\u00e4t saa osallistua kilpailuun. <span style=\"text-decoration: underline;\"><a href=\"https:\/\/us-gc.net\/fi\/arpajaiset-green-card\/\">Vihre\u00e4n kortin arvontaan<\/a><\/span>. Yhdysvallat pyrkii s\u00e4ilytt\u00e4m\u00e4\u00e4n sekoittuneen maahanmuuttajav\u00e4est\u00f6n. Niiden maiden kansalaiset, joiden kansalaisista yli 50 000 on muuttanut Yhdysvaltoihin viimeisten viiden vuoden aikana, eiv\u00e4t voi hakea oleskelulupaa. <span style=\"text-decoration: underline;\"><a href=\"https:\/\/us-gc.net\/fi\/\">vihre\u00e4\u00e4 korttia<\/a><\/span>. USCIS julkaisee vuosittain luettelon maista, joiden kansalaiset eiv\u00e4t saa osallistua. T\u00e4ss\u00e4 on luettelo maista, jotka eiv\u00e4t saa osallistua arvontaan. <span style=\"text-decoration: underline;\"><a href=\"https:\/\/us-gc.net\/fi\/green-card-arpajaiset-2025\/\">Green Card 2025 -arvontaan<\/a><\/span>.<\/p>\n<h3>Hakijalla on oltava v\u00e4hint\u00e4\u00e4n korkea-asteen koulutus<\/h3>\n<p>Osallistuaksesi <span style=\"text-decoration: underline;\"><a href=\"https:\/\/us-gc.net\/fi\/american-arvontaan-vihrea-kortti\/\">vihre\u00e4n kortin arvontaan<\/a><\/span> sinulla on oltava akateeminen v\u00e4himm\u00e4istaso. T\u00e4t\u00e4 korkeampaa koulutustasoa voidaan perustella kahdella tavalla:<\/p>\n<ul>\n<li>Hakijan on oltava suorittanut ylioppilastutkinnon tai vastaavan tutkinnon;<\/li>\n<li>Olet toiminut v\u00e4hint\u00e4\u00e4n 2 vuotta viimeisten 5 vuoden aikana teht\u00e4v\u00e4ss\u00e4, joka edellytt\u00e4\u00e4 v\u00e4hint\u00e4\u00e4n 2 vuoden koulutusta tai kokemusta.<\/li>\n<\/ul>\n\t\t\t\t\t\t\t\t<\/div>\n\t\t\t\t<\/div>\n\t\t\t\t\t<\/div>\n\t\t\t\t<\/div>\n\t\t<div class=\"elementor-element elementor-element-6a0528e e-flex e-con-boxed e-con e-parent\" data-id=\"6a0528e\" data-element_type=\"container\" data-e-type=\"container\">\n\t\t\t\t\t<div class=\"e-con-inner\">\n\t\t\t\t<div class=\"elementor-element elementor-element-57b8aba elementor-widget elementor-widget-heading\" data-id=\"57b8aba\" data-element_type=\"widget\" data-e-type=\"widget\" data-widget_type=\"heading.default\">\n\t\t\t\t<div class=\"elementor-widget-container\">\n\t\t\t\t\t<h2 class=\"elementor-heading-title elementor-size-default\">Green Card lottotulokset<\/h2>\t\t\t\t<\/div>\n\t\t\t\t<\/div>\n\t\t\t\t\t<\/div>\n\t\t\t\t<\/div>\n\t\t<div class=\"elementor-element elementor-element-5bfb210 e-flex e-con-boxed e-con e-parent\" data-id=\"5bfb210\" data-element_type=\"container\" data-e-type=\"container\">\n\t\t\t\t\t<div class=\"e-con-inner\">\n\t\t\t\t<div class=\"elementor-element elementor-element-2e3ef98 elementor-widget elementor-widget-text-editor\" data-id=\"2e3ef98\" data-element_type=\"widget\" data-e-type=\"widget\" data-widget_type=\"text-editor.default\">\n\t\t\t\t<div class=\"elementor-widget-container\">\n\t\t\t\t\t\t\t\t\t<p>K\u00e4y osoitteessa <span style=\"text-decoration: underline;\"><a href=\"https:\/\/us-gc.net\/fi\/tulokset-lottery-green-card\/\">Green Card lottotulokset<\/a><\/span> arpajaiset julkaistaan verkossa joka vuosi. Kaikille hakijoille, jotka voittavat arvonnan, alkaa prosessi vihre\u00e4n kortin saamiseksi. T\u00e4m\u00e4 prosessi kest\u00e4\u00e4 useita kuukausia. Viimeinen vaihe on <span style=\"text-decoration: underline;\"><a href=\"https:\/\/us-gc.net\/fi\/green-card-haastatella\/\">haastattelu vihre\u00e4n kortin saamiseksi<\/a><\/span>. T\u00e4m\u00e4 haastattelu tapahtuu USCIS:n virkailijan kanssa, ja se viimeistelee prosessin.<\/p>\n\t\t\t\t\t\t\t\t<\/div>\n\t\t\t\t<\/div>\n\t\t\t\t\t<\/div>\n\t\t\t\t<\/div>\n\t\t\t\t<\/div>\n\t\t","protected":false},"excerpt":{"rendered":"<p>Vihre\u00e4n kortin arvonnan rekister\u00f6intilomake Rekister\u00f6ityminen seuraavaan vihre\u00e4n kortin arvontaan tapahtuu kokonaan verkossa. Lomakkeen t\u00e4ytt\u00e4minen vie vain muutaman minuutin. Varmista hakemuksesi mahdollisimman pian, jotta et my\u00f6h\u00e4sty hakuajasta. Rekister\u00f6intilomake on melko nopea t\u00e4ytt\u00e4\u00e4. Sinun on t\u00e4ytett\u00e4v\u00e4 joukko henkil\u00f6tietoja ja t\u00e4ytett\u00e4v\u00e4 tietyt kelpoisuusehdot. Miten lomake t\u00e4ytet\u00e4\u00e4n Lomake t\u00e4ytet\u00e4\u00e4n kokonaan verkossa. rekister\u00f6innin vahvistamiseksi tarvittavat tiedot ovat : Siviilis\u00e4\u00e4tysi ; [&hellip;]<\/p>\n","protected":false},"author":1,"featured_media":0,"parent":0,"menu_order":0,"comment_status":"closed","ping_status":"closed","template":"","meta":{"footnotes":""},"class_list":["post-432","page","type-page","status-publish","hentry"],"yoast_head":"<!-- This site is optimized with the Yoast SEO plugin v27.4 - https:\/\/yoast.com\/product\/yoast-seo-wordpress\/ -->\n<title>Vihre\u00e4n kortin arpajaiset online-rekister\u00f6intilomake - USA GC<\/title>\n<meta name=\"description\" content=\"Rekister\u00f6idy suoraan verkossa osallistuaksesi seuraavaan amerikkalaisen vihre\u00e4n kortin arvontaan.\" \/>\n<meta name=\"robots\" content=\"index, follow, max-snippet:-1, max-image-preview:large, max-video-preview:-1\" \/>\n<link rel=\"canonical\" href=\"https:\/\/us-gc.net\/fi\/green-card-lottolomake\/\" \/>\n<meta property=\"og:locale\" content=\"fi_FI\" \/>\n<meta property=\"og:type\" content=\"article\" \/>\n<meta property=\"og:title\" content=\"Vihre\u00e4n kortin arpajaiset online-rekister\u00f6intilomake - USA GC\" \/>\n<meta property=\"og:description\" content=\"Rekister\u00f6idy suoraan verkossa osallistuaksesi seuraavaan amerikkalaisen vihre\u00e4n kortin arvontaan.\" \/>\n<meta property=\"og:url\" content=\"https:\/\/us-gc.net\/fi\/green-card-lottolomake\/\" \/>\n<meta property=\"og:site_name\" content=\"USA GC\" \/>\n<meta property=\"article:modified_time\" content=\"2025-03-31T10:05:53+00:00\" \/>\n<meta name=\"twitter:card\" content=\"summary_large_image\" \/>\n<meta name=\"twitter:label1\" content=\"Arvioitu lukuaika\" \/>\n\t<meta name=\"twitter:data1\" content=\"2 minuuttia\" \/>\n<script type=\"application\/ld+json\" class=\"yoast-schema-graph\">{\"@context\":\"https:\\\/\\\/schema.org\",\"@graph\":[{\"@type\":\"WebPage\",\"@id\":\"https:\\\/\\\/us-gc.net\\\/fi\\\/green-card-lottolomake\\\/\",\"url\":\"https:\\\/\\\/us-gc.net\\\/fi\\\/green-card-lottolomake\\\/\",\"name\":\"Vihre\u00e4n kortin arpajaiset online-rekister\u00f6intilomake - USA GC\",\"isPartOf\":{\"@id\":\"https:\\\/\\\/us-gc.net\\\/fi\\\/#website\"},\"datePublished\":\"2024-02-01T08:19:27+00:00\",\"dateModified\":\"2025-03-31T10:05:53+00:00\",\"description\":\"Rekister\u00f6idy suoraan verkossa osallistuaksesi seuraavaan amerikkalaisen vihre\u00e4n kortin arvontaan.\",\"breadcrumb\":{\"@id\":\"https:\\\/\\\/us-gc.net\\\/fi\\\/green-card-lottolomake\\\/#breadcrumb\"},\"inLanguage\":\"fi\",\"potentialAction\":[{\"@type\":\"ReadAction\",\"target\":[\"https:\\\/\\\/us-gc.net\\\/fi\\\/green-card-lottolomake\\\/\"]}]},{\"@type\":\"BreadcrumbList\",\"@id\":\"https:\\\/\\\/us-gc.net\\\/fi\\\/green-card-lottolomake\\\/#breadcrumb\",\"itemListElement\":[{\"@type\":\"ListItem\",\"position\":1,\"name\":\"Accueil\",\"item\":\"https:\\\/\\\/us-gc.net\\\/fi\\\/green-card\\\/\"},{\"@type\":\"ListItem\",\"position\":2,\"name\":\"Vihre\u00e4n kortin arpajaiset online-rekister\u00f6intilomake\"}]},{\"@type\":\"WebSite\",\"@id\":\"https:\\\/\\\/us-gc.net\\\/fi\\\/#website\",\"url\":\"https:\\\/\\\/us-gc.net\\\/fi\\\/\",\"name\":\"USA GC\",\"description\":\"\",\"potentialAction\":[{\"@type\":\"SearchAction\",\"target\":{\"@type\":\"EntryPoint\",\"urlTemplate\":\"https:\\\/\\\/us-gc.net\\\/fi\\\/?s={search_term_string}\"},\"query-input\":{\"@type\":\"PropertyValueSpecification\",\"valueRequired\":true,\"valueName\":\"search_term_string\"}}],\"inLanguage\":\"fi\"}]}<\/script>\n<!-- \/ Yoast SEO plugin. -->","yoast_head_json":{"title":"Vihre\u00e4n kortin arpajaiset online-rekister\u00f6intilomake - USA GC","description":"Rekister\u00f6idy suoraan verkossa osallistuaksesi seuraavaan amerikkalaisen vihre\u00e4n kortin arvontaan.","robots":{"index":"index","follow":"follow","max-snippet":"max-snippet:-1","max-image-preview":"max-image-preview:large","max-video-preview":"max-video-preview:-1"},"canonical":"https:\/\/us-gc.net\/fi\/green-card-lottolomake\/","og_locale":"fi_FI","og_type":"article","og_title":"Vihre\u00e4n kortin arpajaiset online-rekister\u00f6intilomake - USA GC","og_description":"Rekister\u00f6idy suoraan verkossa osallistuaksesi seuraavaan amerikkalaisen vihre\u00e4n kortin arvontaan.","og_url":"https:\/\/us-gc.net\/fi\/green-card-lottolomake\/","og_site_name":"USA GC","article_modified_time":"2025-03-31T10:05:53+00:00","twitter_card":"summary_large_image","twitter_misc":{"Arvioitu lukuaika":"2 minuuttia"},"schema":{"@context":"https:\/\/schema.org","@graph":[{"@type":"WebPage","@id":"https:\/\/us-gc.net\/fi\/green-card-lottolomake\/","url":"https:\/\/us-gc.net\/fi\/green-card-lottolomake\/","name":"Vihre\u00e4n kortin arpajaiset online-rekister\u00f6intilomake - USA GC","isPartOf":{"@id":"https:\/\/us-gc.net\/fi\/#website"},"datePublished":"2024-02-01T08:19:27+00:00","dateModified":"2025-03-31T10:05:53+00:00","description":"Rekister\u00f6idy suoraan verkossa osallistuaksesi seuraavaan amerikkalaisen vihre\u00e4n kortin arvontaan.","breadcrumb":{"@id":"https:\/\/us-gc.net\/fi\/green-card-lottolomake\/#breadcrumb"},"inLanguage":"fi","potentialAction":[{"@type":"ReadAction","target":["https:\/\/us-gc.net\/fi\/green-card-lottolomake\/"]}]},{"@type":"BreadcrumbList","@id":"https:\/\/us-gc.net\/fi\/green-card-lottolomake\/#breadcrumb","itemListElement":[{"@type":"ListItem","position":1,"name":"Accueil","item":"https:\/\/us-gc.net\/fi\/green-card\/"},{"@type":"ListItem","position":2,"name":"Vihre\u00e4n kortin arpajaiset online-rekister\u00f6intilomake"}]},{"@type":"WebSite","@id":"https:\/\/us-gc.net\/fi\/#website","url":"https:\/\/us-gc.net\/fi\/","name":"USA GC","description":"","potentialAction":[{"@type":"SearchAction","target":{"@type":"EntryPoint","urlTemplate":"https:\/\/us-gc.net\/fi\/?s={search_term_string}"},"query-input":{"@type":"PropertyValueSpecification","valueRequired":true,"valueName":"search_term_string"}}],"inLanguage":"fi"}]}},"_links":{"self":[{"href":"https:\/\/us-gc.net\/fi\/wp-json\/wp\/v2\/pages\/432","targetHints":{"allow":["GET"]}}],"collection":[{"href":"https:\/\/us-gc.net\/fi\/wp-json\/wp\/v2\/pages"}],"about":[{"href":"https:\/\/us-gc.net\/fi\/wp-json\/wp\/v2\/types\/page"}],"author":[{"embeddable":true,"href":"https:\/\/us-gc.net\/fi\/wp-json\/wp\/v2\/users\/1"}],"replies":[{"embeddable":true,"href":"https:\/\/us-gc.net\/fi\/wp-json\/wp\/v2\/comments?post=432"}],"version-history":[{"count":4,"href":"https:\/\/us-gc.net\/fi\/wp-json\/wp\/v2\/pages\/432\/revisions"}],"predecessor-version":[{"id":10078,"href":"https:\/\/us-gc.net\/fi\/wp-json\/wp\/v2\/pages\/432\/revisions\/10078"}],"wp:attachment":[{"href":"https:\/\/us-gc.net\/fi\/wp-json\/wp\/v2\/media?parent=432"}],"curies":[{"name":"wp","href":"https:\/\/api.w.org\/{rel}","templated":true}]}}