{"id":389,"date":"2024-01-30T17:24:00","date_gmt":"2024-01-30T17:24:00","guid":{"rendered":"https:\/\/green-card-usa.net\/green-card\/"},"modified":"2024-12-30T09:40:07","modified_gmt":"2024-12-30T09:40:07","slug":"green-card","status":"publish","type":"page","link":"https:\/\/us-gc.net\/fi\/","title":{"rendered":"Green Card USA | Pysyv\u00e4 oleskelulupa"},"content":{"rendered":"\n<h1 class=\"wp-block-heading\" id=\"h-la-green-card-pour-resider-aux-etats-unis\">Green Card Yhdysvalloissa asumista varten<\/h1>\n\n<p>Yhdysvallat on maailman halutuin maa ulkomaalaisten keskuudessa, jotka haluavat muuttaa maahan. Green Card on monille ulkomaalaisille mahdollisuus saada oikeus asua ja ty\u00f6skennell\u00e4 Yhdysvalloissa.<\/p>\n\n<h2 class=\"wp-block-heading\" id=\"h-qu-est-ce-que-la-green-card\">Mik\u00e4 on Green Card?<\/h2>\n\n<p>Green Card on pysyv\u00e4 oleskelulupa Yhdysvaltoihin. Sen ansiosta ulkomaalaiset voivat asua ja ty\u00f6skennell\u00e4 pysyv\u00e4sti Yhdysvalloissa. Vihre\u00e4n kortin saamisen edellytykset riippuvat hakemuksen perusteesta.<\/p>\n\n<h2 class=\"wp-block-heading\" id=\"h-quelle-est-son-utilite\">Mik\u00e4 on sen tarkoitus?<\/h2>\n\n<p>Green Card hy\u00f6dyllisyys on siin\u00e4, ett\u00e4 se tarjoaa p\u00e4\u00e4syn Yhdysvaltoihin ja sen laajoille ty\u00f6markkinoille. Joka vuosi sadattuhannet hakijat toivovat saavansa Green Card voidakseen tulla Yhdysvaltoihin ty\u00f6skentelem\u00e4\u00e4n.<\/p>\n\n<h2 class=\"wp-block-heading\" id=\"h-comment-obtenir-une-green-card\">Miten saan Green Card?<\/h2>\n\n<p>Green Card voi saada usealla eri tavalla. Kortin saamista koskeva menettely riippuu siit\u00e4, mist\u00e4 syyst\u00e4 hakija hakee Yhdysvalloissa oleskelukorttia. Seuraavassa luetellaan nelj\u00e4 t\u00e4rkeint\u00e4 syyt\u00e4 Green Card saamiseen:<\/p>\n\n<ul class=\"wp-block-list\">\n<li><a href=\"https:\/\/us-gc.net\/fi\/green-card-tyollistymiseen\/\">Ty\u00f6h\u00f6n perustuva Green Card<\/a><\/li>\n\n\n\n<li><a href=\"https:\/\/us-gc.net\/fi\/green-card-avioliitosta\/\">Green Card avioliiton kautta<\/a><\/li>\n\n\n\n<li>Green Card perheenj\u00e4senen tai yrityksen <a href=\"https:\/\/us-gc.net\/fi\/green-card-sponsoroi\/\">sponsoroimana<\/a>.<\/li>\n\n\n\n<li>Osallistuminen <a href=\"https:\/\/us-gc.net\/fi\/arpajaiset-green-card\/\">Green Card arvontaan<\/a><\/li>\n<\/ul>\n\n<div style=\"height:10px\" aria-hidden=\"true\" class=\"wp-block-spacer\"><\/div>\n\n<p>Kukin menettely eroaa toisistaan Green Card saamiseksi vaadittavien asiakirjojen ja ehtojen osalta. <\/p>\n\n<h2 class=\"wp-block-heading\" id=\"h-quand-effectuer-la-demande-d-une-green-card\">Milloin minun pit\u00e4isi hakea Green Card?<\/h2>\n\n<p>On olemassa kaksi erilaista tilannetta riippuen siit\u00e4, mink\u00e4 tyyppist\u00e4 Green Card haetaan. <\/p>\n\n<ol class=\"wp-block-list\">\n<li>Kaikki Green Card-hakemukset, perustuivatpa ne sitten ty\u00f6h\u00f6n, sponsorointiin tai avioliittoon, voidaan tehd\u00e4 mihin aikaan vuodesta tahansa. Hakemusprosessi alkaa heti, kun hakemus on valmis.<\/li>\n\n\n\n<li><a href=\"https:\/\/us-gc.net\/fi\/american-arvontaan-vihrea-kortti\/\">Amerikkalaisten Green Card-lotto<\/a> j\u00e4rjestet\u00e4\u00e4n vain kerran vuodessa. Vuoden 2024 lopussa suoritettava arvonta koskee <a href=\"https:\/\/us-gc.net\/fi\/arpajaiset-green-card-2026\/\">vuoden 2026 Green Card arvonnan<\/a> jakamista. Ilmoittautuminen arvontaan on teht\u00e4v\u00e4 viimeist\u00e4\u00e4n kunkin vuoden marraskuun ensimm\u00e4isell\u00e4 viikolla. Vuoden 2024 aikana USCIS viimeistelee prosessin, jolla <a href=\"https:\/\/us-gc.net\/fi\/green-card-arpajaiset-2024\/\">vuoden 2024 Green Card arvonnassa<\/a> voitetut vihre\u00e4t kortit my\u00f6nnet\u00e4\u00e4n. Se jatkaa my\u00f6s <a href=\"https:\/\/us-gc.net\/fi\/green-card-arpajaiset-2025\/\">Green Card 2025-arvonnan<\/a> tulosten k\u00e4sittely\u00e4.<\/li>\n<\/ol>\n\n<div style=\"height:10px\" aria-hidden=\"true\" class=\"wp-block-spacer\"><\/div>\n\n<p>Kaikissa tapauksissa Green Card saaminen edellytt\u00e4\u00e4 <a href=\"https:\/\/us-gc.net\/fi\/green-card-haastatella\/\">USCIS:n virkailijan haastattelua<\/a>. Hakijoiden on tuotava tapaamiseen alkuper\u00e4iset todistusasiakirjat, jotka koskevat heid\u00e4n Green Card koskevaa hakemustaan.<\/p>\n\n<h2 class=\"wp-block-heading\" id=\"h-comment-renouveler-une-green-card\">Miten uusin Green Card?<\/h2>\n\n<p>Green Card uusiminen edellytt\u00e4\u00e4 I-90-lomakkeen toimittamista USCIS-virastoon ennen nykyisen kortin voimassaolon p\u00e4\u00e4ttymist\u00e4, yleens\u00e4 10 vuoden v\u00e4lein.<\/p>\n\n<h2 class=\"wp-block-heading\" id=\"h-a-quoi-ressemble-une-green-card\">Milt\u00e4 Green Card n\u00e4ytt\u00e4\u00e4?<\/h2>\n\n<p>Green Card on nimens\u00e4 mukaisesti vihre\u00e4 kortti. Se n\u00e4ytt\u00e4\u00e4 henkil\u00f6kortilta, jossa on haltijan kuva. T\u00e4ss\u00e4 <a href=\"https:\/\/us-gc.net\/fi\/valokuva-green-card\/\">vihre\u00e4n kortin kuvassa<\/a> on erityiset mitat, kuten alla olevasta kuvasta n\u00e4kyy. Sen on oltava alle 6 kuukautta vanha, kun sit\u00e4 k\u00e4ytet\u00e4\u00e4n vihre\u00e4n kortin my\u00f6nt\u00e4miseen.<\/p>\n\n<figure class=\"wp-block-image size-full\"><img decoding=\"async\" src=\"https:\/\/us-gc.net\/wp-content\/uploads\/2024\/05\/Green-card-2024-1.jpg\" alt=\"kuva vuonna 2024 voimassa olevasta vihre&#xE4;st&#xE4; kortista\" class=\"wp-image-4848\"\/><figcaption class=\"wp-element-caption\">Vihre\u00e4n kortin kuva Yhdysvaltoja varten<\/figcaption><\/figure>\n\n<h2 class=\"wp-block-heading\" id=\"h-combien-coute-une-green-card\">Kuinka paljon Green Card maksaa?<\/h2>\n\n<p>Vihre\u00e4n kortin saamiseen liittyy pakollisten hallinnollisten maksujen maksaminen. <a href=\"https:\/\/us-gc.net\/fi\/green-card-maksaa\/\">Vihre\u00e4n kortin maksut<\/a> vaihtelevat haetun vihre\u00e4n kortin tyypin mukaan.<\/p>\n\n<h2 class=\"wp-block-heading\" id=\"h-peut-on-voyager-avec-une-green-card\">Voinko matkustaa Green Card kanssa?<\/h2>\n\n<p>Green Card haltijat voivat matkustaa tiettyihin maihin ymp\u00e4ri maailmaa samoin edellytyksin kuin Yhdysvaltain passin haltijat. T\u00e4m\u00e4 mahdollisuus <a href=\"https:\/\/us-gc.net\/fi\/matkustaa-ulkomaille-green-card\/\">matkustaa Green Card<\/a> koskee vain tiettyj\u00e4 maita, jotka ovat allekirjoittaneet erityissopimukset Yhdysvaltojen kanssa. T\u00e4rkeimm\u00e4t kumppanimaat ovat maantieteellisi\u00e4 naapurimaita, kuten Kanada ja Meksiko.<\/p>\n","protected":false},"excerpt":{"rendered":"<p>Green Card Yhdysvalloissa asumista varten Yhdysvallat on maailman halutuin maa ulkomaalaisten keskuudessa, jotka haluavat muuttaa maahan. Green Card on monille ulkomaalaisille mahdollisuus saada oikeus asua ja ty\u00f6skennell\u00e4 Yhdysvalloissa. Mik\u00e4 on Green Card? Green Card on pysyv\u00e4 oleskelulupa Yhdysvaltoihin. Sen ansiosta ulkomaalaiset voivat asua ja ty\u00f6skennell\u00e4 pysyv\u00e4sti Yhdysvalloissa. Vihre\u00e4n kortin saamisen edellytykset riippuvat hakemuksen perusteesta. Mik\u00e4 [&hellip;]<\/p>\n","protected":false},"author":1,"featured_media":0,"parent":0,"menu_order":0,"comment_status":"closed","ping_status":"closed","template":"","meta":{"footnotes":""},"class_list":["post-389","page","type-page","status-publish","hentry"],"yoast_head":"<!-- This site is optimized with the Yoast SEO plugin v27.4 - https:\/\/yoast.com\/product\/yoast-seo-wordpress\/ -->\n<title>Green Card USA | Pysyv\u00e4 oleskelulupa - USA GC<\/title>\n<meta name=\"description\" content=\"Green Card on pysyv\u00e4 oleskelulupa Yhdysvaltoihin. Oleskeluluvan Yhdysvalloissa asumiseen ja ty\u00f6skentelyyn voi saada usealla eri tavalla.\" \/>\n<meta name=\"robots\" content=\"index, follow, max-snippet:-1, max-image-preview:large, max-video-preview:-1\" \/>\n<link rel=\"canonical\" href=\"https:\/\/us-gc.net\/fi\/\" \/>\n<meta property=\"og:locale\" content=\"fi_FI\" \/>\n<meta property=\"og:type\" content=\"article\" \/>\n<meta property=\"og:title\" content=\"Green Card USA | Pysyv\u00e4 oleskelulupa - USA GC\" \/>\n<meta property=\"og:description\" content=\"Green Card on pysyv\u00e4 oleskelulupa Yhdysvaltoihin. Oleskeluluvan Yhdysvalloissa asumiseen ja ty\u00f6skentelyyn voi saada usealla eri tavalla.\" \/>\n<meta property=\"og:url\" content=\"https:\/\/us-gc.net\/fi\/\" \/>\n<meta property=\"og:site_name\" content=\"USA GC\" \/>\n<meta property=\"article:modified_time\" content=\"2024-12-30T09:40:07+00:00\" \/>\n<meta property=\"og:image\" content=\"https:\/\/us-gc.net\/wp-content\/uploads\/2024\/05\/Green-card-2024-1.jpg\" \/>\n<meta name=\"twitter:card\" content=\"summary_large_image\" \/>\n<meta name=\"twitter:label1\" content=\"Arvioitu lukuaika\" \/>\n\t<meta name=\"twitter:data1\" content=\"2 minuuttia\" \/>\n<script type=\"application\/ld+json\" class=\"yoast-schema-graph\">{\"@context\":\"https:\\\/\\\/schema.org\",\"@graph\":[{\"@type\":\"WebPage\",\"@id\":\"https:\\\/\\\/us-gc.net\\\/fi\\\/\",\"url\":\"https:\\\/\\\/us-gc.net\\\/fi\\\/\",\"name\":\"Green Card USA | Pysyv\u00e4 oleskelulupa - USA GC\",\"isPartOf\":{\"@id\":\"https:\\\/\\\/us-gc.net\\\/fi\\\/#website\"},\"primaryImageOfPage\":{\"@id\":\"https:\\\/\\\/us-gc.net\\\/fi\\\/#primaryimage\"},\"image\":{\"@id\":\"https:\\\/\\\/us-gc.net\\\/fi\\\/#primaryimage\"},\"thumbnailUrl\":\"https:\\\/\\\/us-gc.net\\\/wp-content\\\/uploads\\\/2024\\\/05\\\/Green-card-2024-1.jpg\",\"datePublished\":\"2024-01-30T17:24:00+00:00\",\"dateModified\":\"2024-12-30T09:40:07+00:00\",\"description\":\"Green Card on pysyv\u00e4 oleskelulupa Yhdysvaltoihin. Oleskeluluvan Yhdysvalloissa asumiseen ja ty\u00f6skentelyyn voi saada usealla eri tavalla.\",\"breadcrumb\":{\"@id\":\"https:\\\/\\\/us-gc.net\\\/fi\\\/#breadcrumb\"},\"inLanguage\":\"fi\",\"potentialAction\":[{\"@type\":\"ReadAction\",\"target\":[\"https:\\\/\\\/us-gc.net\\\/fi\\\/\"]}]},{\"@type\":\"ImageObject\",\"inLanguage\":\"fi\",\"@id\":\"https:\\\/\\\/us-gc.net\\\/fi\\\/#primaryimage\",\"url\":\"https:\\\/\\\/us-gc.net\\\/wp-content\\\/uploads\\\/2024\\\/05\\\/Green-card-2024-1.jpg\",\"contentUrl\":\"https:\\\/\\\/us-gc.net\\\/wp-content\\\/uploads\\\/2024\\\/05\\\/Green-card-2024-1.jpg\"},{\"@type\":\"BreadcrumbList\",\"@id\":\"https:\\\/\\\/us-gc.net\\\/fi\\\/#breadcrumb\",\"itemListElement\":[{\"@type\":\"ListItem\",\"position\":1,\"name\":\"Accueil\",\"item\":\"https:\\\/\\\/us-gc.net\\\/fi\\\/green-card\\\/\"},{\"@type\":\"ListItem\",\"position\":2,\"name\":\"Green Card USA | Pysyv\u00e4 oleskelulupa\"}]},{\"@type\":\"WebSite\",\"@id\":\"https:\\\/\\\/us-gc.net\\\/fi\\\/#website\",\"url\":\"https:\\\/\\\/us-gc.net\\\/fi\\\/\",\"name\":\"USA GC\",\"description\":\"\",\"potentialAction\":[{\"@type\":\"SearchAction\",\"target\":{\"@type\":\"EntryPoint\",\"urlTemplate\":\"https:\\\/\\\/us-gc.net\\\/fi\\\/?s={search_term_string}\"},\"query-input\":{\"@type\":\"PropertyValueSpecification\",\"valueRequired\":true,\"valueName\":\"search_term_string\"}}],\"inLanguage\":\"fi\"}]}<\/script>\n<!-- \/ Yoast SEO plugin. -->","yoast_head_json":{"title":"Green Card USA | Pysyv\u00e4 oleskelulupa - USA GC","description":"Green Card on pysyv\u00e4 oleskelulupa Yhdysvaltoihin. Oleskeluluvan Yhdysvalloissa asumiseen ja ty\u00f6skentelyyn voi saada usealla eri tavalla.","robots":{"index":"index","follow":"follow","max-snippet":"max-snippet:-1","max-image-preview":"max-image-preview:large","max-video-preview":"max-video-preview:-1"},"canonical":"https:\/\/us-gc.net\/fi\/","og_locale":"fi_FI","og_type":"article","og_title":"Green Card USA | Pysyv\u00e4 oleskelulupa - USA GC","og_description":"Green Card on pysyv\u00e4 oleskelulupa Yhdysvaltoihin. Oleskeluluvan Yhdysvalloissa asumiseen ja ty\u00f6skentelyyn voi saada usealla eri tavalla.","og_url":"https:\/\/us-gc.net\/fi\/","og_site_name":"USA GC","article_modified_time":"2024-12-30T09:40:07+00:00","og_image":[{"url":"https:\/\/us-gc.net\/wp-content\/uploads\/2024\/05\/Green-card-2024-1.jpg","type":"","width":"","height":""}],"twitter_card":"summary_large_image","twitter_misc":{"Arvioitu lukuaika":"2 minuuttia"},"schema":{"@context":"https:\/\/schema.org","@graph":[{"@type":"WebPage","@id":"https:\/\/us-gc.net\/fi\/","url":"https:\/\/us-gc.net\/fi\/","name":"Green Card USA | Pysyv\u00e4 oleskelulupa - USA GC","isPartOf":{"@id":"https:\/\/us-gc.net\/fi\/#website"},"primaryImageOfPage":{"@id":"https:\/\/us-gc.net\/fi\/#primaryimage"},"image":{"@id":"https:\/\/us-gc.net\/fi\/#primaryimage"},"thumbnailUrl":"https:\/\/us-gc.net\/wp-content\/uploads\/2024\/05\/Green-card-2024-1.jpg","datePublished":"2024-01-30T17:24:00+00:00","dateModified":"2024-12-30T09:40:07+00:00","description":"Green Card on pysyv\u00e4 oleskelulupa Yhdysvaltoihin. Oleskeluluvan Yhdysvalloissa asumiseen ja ty\u00f6skentelyyn voi saada usealla eri tavalla.","breadcrumb":{"@id":"https:\/\/us-gc.net\/fi\/#breadcrumb"},"inLanguage":"fi","potentialAction":[{"@type":"ReadAction","target":["https:\/\/us-gc.net\/fi\/"]}]},{"@type":"ImageObject","inLanguage":"fi","@id":"https:\/\/us-gc.net\/fi\/#primaryimage","url":"https:\/\/us-gc.net\/wp-content\/uploads\/2024\/05\/Green-card-2024-1.jpg","contentUrl":"https:\/\/us-gc.net\/wp-content\/uploads\/2024\/05\/Green-card-2024-1.jpg"},{"@type":"BreadcrumbList","@id":"https:\/\/us-gc.net\/fi\/#breadcrumb","itemListElement":[{"@type":"ListItem","position":1,"name":"Accueil","item":"https:\/\/us-gc.net\/fi\/green-card\/"},{"@type":"ListItem","position":2,"name":"Green Card USA | Pysyv\u00e4 oleskelulupa"}]},{"@type":"WebSite","@id":"https:\/\/us-gc.net\/fi\/#website","url":"https:\/\/us-gc.net\/fi\/","name":"USA GC","description":"","potentialAction":[{"@type":"SearchAction","target":{"@type":"EntryPoint","urlTemplate":"https:\/\/us-gc.net\/fi\/?s={search_term_string}"},"query-input":{"@type":"PropertyValueSpecification","valueRequired":true,"valueName":"search_term_string"}}],"inLanguage":"fi"}]}},"_links":{"self":[{"href":"https:\/\/us-gc.net\/fi\/wp-json\/wp\/v2\/pages\/389","targetHints":{"allow":["GET"]}}],"collection":[{"href":"https:\/\/us-gc.net\/fi\/wp-json\/wp\/v2\/pages"}],"about":[{"href":"https:\/\/us-gc.net\/fi\/wp-json\/wp\/v2\/types\/page"}],"author":[{"embeddable":true,"href":"https:\/\/us-gc.net\/fi\/wp-json\/wp\/v2\/users\/1"}],"replies":[{"embeddable":true,"href":"https:\/\/us-gc.net\/fi\/wp-json\/wp\/v2\/comments?post=389"}],"version-history":[{"count":1,"href":"https:\/\/us-gc.net\/fi\/wp-json\/wp\/v2\/pages\/389\/revisions"}],"predecessor-version":[{"id":7699,"href":"https:\/\/us-gc.net\/fi\/wp-json\/wp\/v2\/pages\/389\/revisions\/7699"}],"wp:attachment":[{"href":"https:\/\/us-gc.net\/fi\/wp-json\/wp\/v2\/media?parent=389"}],"curies":[{"name":"wp","href":"https:\/\/api.w.org\/{rel}","templated":true}]}}