{"id":3543,"date":"2024-02-13T10:11:47","date_gmt":"2024-02-13T10:11:47","guid":{"rendered":"https:\/\/green-card-usa.net\/arpajaiset-green-card-eurooppa\/"},"modified":"2024-12-30T09:43:02","modified_gmt":"2024-12-30T09:43:02","slug":"arpajaiset-green-card-eurooppa","status":"publish","type":"page","link":"https:\/\/us-gc.net\/fi\/arpajaiset-green-card-eurooppa\/","title":{"rendered":"Vihre\u00e4n kortin arvonta Euroopan kansalaisille"},"content":{"rendered":"\n<h1 class=\"wp-block-heading\" id=\"h-la-loterie-de-la-carte-verte-pour-les-pays-europeens\">Vihre\u00e4n kortin arvonta Euroopan maissa<\/h1>\n\n<p>Joka vuosi miljoonat hakijat osallistuvat amerikkalaisen Green Card arvontaan. Olemme koonneet ulkoministeri\u00f6n <a href=\"https:\/\/travel.state.gov\/content\/travel\/en\/us-visas\/immigrate\/diversity-visa-program-entry\/diversity-visa-program-statistics.html\">travel.state.gov<\/a>-sivustolla julkaisemat tilastot ja antaneet sinulle keskeiset luvut Euroopan kansalaisten osallistumisesta vihre\u00e4n kortin arvontaan.<\/p>\n\n<h2 class=\"wp-block-heading\" id=\"h-quelle-est-la-participation-des-europeens-a-la-loterie-de-la-carte-verte\">Kuinka monta eurooppalaista osallistuu vihre\u00e4n kortin arvontaan?<\/h2>\n\n<p>Noin 30 prosenttia <a href=\"https:\/\/us-gc.net\/fi\/arpajaiset-green-card\/\">Green Card arvontaan<\/a> osallistuneista hakijoista on ollut jonkin Euroopan maan kansalaisia viime vuosina, joista on saatavilla tilastoja.<\/p>\n\n<figure class=\"wp-block-table\"><table><tbody><tr><td><strong>Vuodet<\/strong><\/td><td class=\"has-text-align-center\" data-align=\"center\"><strong>2019<\/strong><\/td><td class=\"has-text-align-center\" data-align=\"center\"><strong>2020<\/strong><\/td><td class=\"has-text-align-center\" data-align=\"center\"><strong>2021<\/strong><\/td><\/tr><tr><td>Eurooppalaisten rekister\u00f6ijien m\u00e4\u00e4r\u00e4<\/td><td class=\"has-text-align-center\" data-align=\"center\">4 349 555<\/td><td class=\"has-text-align-center\" data-align=\"center\">4 072 324<\/td><td class=\"has-text-align-center\" data-align=\"center\">2 014 089<\/td><\/tr><tr><td>Rekister\u00f6intitiedostot yhteens\u00e4<\/td><td class=\"has-text-align-center\" data-align=\"center\">14 352 013<\/td><td class=\"has-text-align-center\" data-align=\"center\">14 722 798<\/td><td class=\"has-text-align-center\" data-align=\"center\">6 741 128<\/td><\/tr><tr><td><strong>Prosenttiosuus eurooppalaisista rekister\u00f6ijist\u00e4<\/strong><\/td><td class=\"has-text-align-center\" data-align=\"center\"><strong>30%<\/strong><\/td><td class=\"has-text-align-center\" data-align=\"center\"><strong>28%<\/strong><\/td><td class=\"has-text-align-center\" data-align=\"center\"><strong>30%<\/strong><\/td><\/tr><\/tbody><\/table><figcaption class=\"wp-element-caption\">Vihre\u00e4n kortin arvontaan ilmoittautuneiden eurooppalaisten prosenttiosuus<\/figcaption><\/figure>\n\n<h2 class=\"wp-block-heading\" id=\"h-quels-sont-les-principaux-pays-d-europe-d-ou-proviennent-les-candidats\">Mist\u00e4 Euroopan maista hakijat tulevat p\u00e4\u00e4asiassa?<\/h2>\n\n<p>Seuraavassa esitet\u00e4\u00e4n vihre\u00e4n kortin arvontaan osallistuneiden hakemusten m\u00e4\u00e4r\u00e4 20 t\u00e4rkeimm\u00e4ss\u00e4 Euroopan maassa. Viimeisimm\u00e4t ulkoministeri\u00f6n julkaisemat luvut kattavat vuodet 2019-2021:<\/p>\n\n<figure class=\"wp-block-table\"><table><tbody><tr><td><strong>Euroopan maat<\/strong><\/td><td class=\"has-text-align-center\" data-align=\"center\"><strong>2019<\/strong><\/td><td class=\"has-text-align-center\" data-align=\"center\"><strong>2020<\/strong><\/td><td class=\"has-text-align-center\" data-align=\"center\"><strong>2021<\/strong><\/td><\/tr><tr><td>Uzbekistan<\/td><td class=\"has-text-align-center\" data-align=\"center\">1 813 357<\/td><td class=\"has-text-align-center\" data-align=\"center\">1 674 787<\/td><td class=\"has-text-align-center\" data-align=\"center\">466 480<\/td><\/tr><tr><td>Ven\u00e4j\u00e4<\/td><td class=\"has-text-align-center\" data-align=\"center\">240 323<\/td><td class=\"has-text-align-center\" data-align=\"center\">289 910<\/td><td class=\"has-text-align-center\" data-align=\"center\">260 292<\/td><\/tr><tr><td>Ukraina<\/td><td class=\"has-text-align-center\" data-align=\"center\">665 764<\/td><td class=\"has-text-align-center\" data-align=\"center\">586 088<\/td><td class=\"has-text-align-center\" data-align=\"center\">210 570<\/td><\/tr><tr><td>Moldova<\/td><td class=\"has-text-align-center\" data-align=\"center\">323 102<\/td><td class=\"has-text-align-center\" data-align=\"center\">200 204<\/td><td class=\"has-text-align-center\" data-align=\"center\">135 992<\/td><\/tr><tr><td>Albania<\/td><td class=\"has-text-align-center\" data-align=\"center\">172 817<\/td><td class=\"has-text-align-center\" data-align=\"center\">181 270<\/td><td class=\"has-text-align-center\" data-align=\"center\">128 871<\/td><\/tr><tr><td>Turkki<\/td><td class=\"has-text-align-center\" data-align=\"center\">188 579<\/td><td class=\"has-text-align-center\" data-align=\"center\">221 271<\/td><td class=\"has-text-align-center\" data-align=\"center\">128 743<\/td><\/tr><tr><td>Valko-Ven\u00e4j\u00e4<\/td><td class=\"has-text-align-center\" data-align=\"center\">107 223<\/td><td class=\"has-text-align-center\" data-align=\"center\">98 617<\/td><td class=\"has-text-align-center\" data-align=\"center\">83 001<\/td><\/tr><tr><td>Armenia<\/td><td class=\"has-text-align-center\" data-align=\"center\">102 653<\/td><td class=\"has-text-align-center\" data-align=\"center\">79 628<\/td><td class=\"has-text-align-center\" data-align=\"center\">68 309<\/td><\/tr><tr><td>Kazakstan<\/td><td class=\"has-text-align-center\" data-align=\"center\">55 686<\/td><td class=\"has-text-align-center\" data-align=\"center\">82 180<\/td><td class=\"has-text-align-center\" data-align=\"center\">67 593<\/td><\/tr><tr><td>Tad\u017eikistan<\/td><td class=\"has-text-align-center\" data-align=\"center\">62 581<\/td><td class=\"has-text-align-center\" data-align=\"center\">77 745<\/td><td class=\"has-text-align-center\" data-align=\"center\">63 944<\/td><\/tr><tr><td>Kirgisia<\/td><td class=\"has-text-align-center\" data-align=\"center\">46 045<\/td><td class=\"has-text-align-center\" data-align=\"center\">77 540<\/td><td class=\"has-text-align-center\" data-align=\"center\">55 178<\/td><\/tr><tr><td>Azerbaid\u017ean<\/td><td class=\"has-text-align-center\" data-align=\"center\">93 736<\/td><td class=\"has-text-align-center\" data-align=\"center\">91 137<\/td><td class=\"has-text-align-center\" data-align=\"center\">52 659<\/td><\/tr><tr><td>Georgia<\/td><td class=\"has-text-align-center\" data-align=\"center\">56 781<\/td><td class=\"has-text-align-center\" data-align=\"center\">61 292<\/td><td class=\"has-text-align-center\" data-align=\"center\">50 272<\/td><\/tr><tr><td>Saksa<\/td><td class=\"has-text-align-center\" data-align=\"center\">45 947<\/td><td class=\"has-text-align-center\" data-align=\"center\">38 618<\/td><td class=\"has-text-align-center\" data-align=\"center\">30 417<\/td><\/tr><tr><td>Turkmenistan<\/td><td class=\"has-text-align-center\" data-align=\"center\">15 057<\/td><td class=\"has-text-align-center\" data-align=\"center\">23 362<\/td><td class=\"has-text-align-center\" data-align=\"center\">23 907<\/td><\/tr><tr><td>Italia<\/td><td class=\"has-text-align-center\" data-align=\"center\">35 326<\/td><td class=\"has-text-align-center\" data-align=\"center\">28 947<\/td><td class=\"has-text-align-center\" data-align=\"center\">22 693<\/td><\/tr><tr><td>Ranska<\/td><td class=\"has-text-align-center\" data-align=\"center\">34 077<\/td><td class=\"has-text-align-center\" data-align=\"center\">27 304<\/td><td class=\"has-text-align-center\" data-align=\"center\">19 947<\/td><\/tr><tr><td>Puola<\/td><td class=\"has-text-align-center\" data-align=\"center\">38 539<\/td><td class=\"has-text-align-center\" data-align=\"center\">25 215<\/td><td class=\"has-text-align-center\" data-align=\"center\">16 150<\/td><\/tr><tr><td>Romania<\/td><td class=\"has-text-align-center\" data-align=\"center\">35 367<\/td><td class=\"has-text-align-center\" data-align=\"center\">23 830<\/td><td class=\"has-text-align-center\" data-align=\"center\">15 637<\/td><\/tr><tr><td>Bulgaria<\/td><td class=\"has-text-align-center\" data-align=\"center\">30 649<\/td><td class=\"has-text-align-center\" data-align=\"center\">22 696<\/td><td class=\"has-text-align-center\" data-align=\"center\">14 407<\/td><\/tr><\/tbody><\/table><figcaption class=\"wp-element-caption\">T\u00e4rkeimm\u00e4t Euroopan maat Yhdysvaltojen vihre\u00e4n kortin arvontaan osallistuvien m\u00e4\u00e4r\u00e4n mukaan mitattuna.<\/figcaption><\/figure>\n\n<h2 class=\"wp-block-heading\" id=\"h-quels-sont-les-gagnants-a-la-loterie-provenant-de-pays-europeens\">Keit\u00e4 ovat Euroopan maiden lottovoittajat?<\/h2>\n\n<p>Ulkoministeri\u00f6 julkaisee my\u00f6s moninaisuusohjelman kautta vuosittain saatujen viisumien m\u00e4\u00e4r\u00e4n. <a href=\"https:\/\/us-gc.net\/fi\/tulokset-lottery-green-card\/\">Lottotulokset<\/a> julkaistaan maantieteellisesti ja maittain eriteltyin\u00e4.<\/p>\n\n<p>Seuraavassa esitet\u00e4\u00e4n <a href=\"https:\/\/us-gc.net\/fi\/american-arvontaan-vihrea-kortti\/\">vihre\u00e4 kortti arvonnan<\/a> ansiosta saatujen viisumien m\u00e4\u00e4r\u00e4 20 t\u00e4rkeimm\u00e4ss\u00e4 Euroopan maassa vuosina 2018-2022:<\/p>\n\n<figure class=\"wp-block-table\"><table><tbody><tr><td><strong>Euroopan maat<\/strong><\/td><td class=\"has-text-align-center\" data-align=\"center\"><strong>2018<\/strong><\/td><td class=\"has-text-align-center\" data-align=\"center\"><strong>2019<\/strong><\/td><td class=\"has-text-align-center\" data-align=\"center\"><strong>2020<\/strong><\/td><td class=\"has-text-align-center\" data-align=\"center\"><strong>2021<\/strong><\/td><td class=\"has-text-align-center\" data-align=\"center\"><strong>2022<\/strong><\/td><\/tr><tr><td>Ven\u00e4j\u00e4<\/td><td class=\"has-text-align-center\" data-align=\"center\">2 175<\/td><td class=\"has-text-align-center\" data-align=\"center\">2 506<\/td><td class=\"has-text-align-center\" data-align=\"center\">947<\/td><td class=\"has-text-align-center\" data-align=\"center\">414<\/td><td class=\"has-text-align-center\" data-align=\"center\">2 784<\/td><\/tr><tr><td>Ukraina<\/td><td class=\"has-text-align-center\" data-align=\"center\">2 653<\/td><td class=\"has-text-align-center\" data-align=\"center\">2 062<\/td><td class=\"has-text-align-center\" data-align=\"center\">1 101<\/td><td class=\"has-text-align-center\" data-align=\"center\">938<\/td><td class=\"has-text-align-center\" data-align=\"center\">2 636<\/td><\/tr><tr><td>Uzbekistan<\/td><td class=\"has-text-align-center\" data-align=\"center\">2 058<\/td><td class=\"has-text-align-center\" data-align=\"center\">823<\/td><td class=\"has-text-align-center\" data-align=\"center\">314<\/td><td class=\"has-text-align-center\" data-align=\"center\">89<\/td><td class=\"has-text-align-center\" data-align=\"center\">  2 413<\/td><\/tr><tr><td>Albania<\/td><td class=\"has-text-align-center\" data-align=\"center\">2 630<\/td><td class=\"has-text-align-center\" data-align=\"center\">2 284<\/td><td class=\"has-text-align-center\" data-align=\"center\">460<\/td><td class=\"has-text-align-center\" data-align=\"center\">653<\/td><td class=\"has-text-align-center\" data-align=\"center\">2 054<\/td><\/tr><tr><td>Kirgisia<\/td><td class=\"has-text-align-center\" data-align=\"center\">383<\/td><td class=\"has-text-align-center\" data-align=\"center\">383<\/td><td class=\"has-text-align-center\" data-align=\"center\">149<\/td><td class=\"has-text-align-center\" data-align=\"center\">358<\/td><td class=\"has-text-align-center\" data-align=\"center\">1 394<\/td><\/tr><tr><td>Turkki<\/td><td class=\"has-text-align-center\" data-align=\"center\">1 821<\/td><td class=\"has-text-align-center\" data-align=\"center\">1 387<\/td><td class=\"has-text-align-center\" data-align=\"center\">708<\/td><td class=\"has-text-align-center\" data-align=\"center\">588<\/td><td class=\"has-text-align-center\" data-align=\"center\">1 330<\/td><\/tr><tr><td>Armenia<\/td><td class=\"has-text-align-center\" data-align=\"center\">1 662<\/td><td class=\"has-text-align-center\" data-align=\"center\">1 313<\/td><td class=\"has-text-align-center\" data-align=\"center\">373<\/td><td class=\"has-text-align-center\" data-align=\"center\">133<\/td><td class=\"has-text-align-center\" data-align=\"center\">1 308<\/td><\/tr><tr><td>Georgia<\/td><td class=\"has-text-align-center\" data-align=\"center\">676<\/td><td class=\"has-text-align-center\" data-align=\"center\">662<\/td><td class=\"has-text-align-center\" data-align=\"center\">399<\/td><td class=\"has-text-align-center\" data-align=\"center\">265<\/td><td class=\"has-text-align-center\" data-align=\"center\">1 290<\/td><\/tr><tr><td>Kazakstan<\/td><td class=\"has-text-align-center\" data-align=\"center\">514<\/td><td class=\"has-text-align-center\" data-align=\"center\">576<\/td><td class=\"has-text-align-center\" data-align=\"center\">392<\/td><td class=\"has-text-align-center\" data-align=\"center\">325<\/td><td class=\"has-text-align-center\" data-align=\"center\">865<\/td><\/tr><tr><td>Valko-Ven\u00e4j\u00e4<\/td><td class=\"has-text-align-center\" data-align=\"center\">828<\/td><td class=\"has-text-align-center\" data-align=\"center\">929<\/td><td class=\"has-text-align-center\" data-align=\"center\">361<\/td><td class=\"has-text-align-center\" data-align=\"center\">503<\/td><td class=\"has-text-align-center\" data-align=\"center\">863<\/td><\/tr><tr><td>Tad\u017eikistan<\/td><td class=\"has-text-align-center\" data-align=\"center\">698<\/td><td class=\"has-text-align-center\" data-align=\"center\">919<\/td><td class=\"has-text-align-center\" data-align=\"center\">159<\/td><td class=\"has-text-align-center\" data-align=\"center\">243<\/td><td class=\"has-text-align-center\" data-align=\"center\">723<\/td><\/tr><tr><td>Azerbaid\u017ean<\/td><td class=\"has-text-align-center\" data-align=\"center\">508<\/td><td class=\"has-text-align-center\" data-align=\"center\">822<\/td><td class=\"has-text-align-center\" data-align=\"center\">189<\/td><td class=\"has-text-align-center\" data-align=\"center\">188<\/td><td class=\"has-text-align-center\" data-align=\"center\">720<\/td><\/tr><tr><td>Turkmenistan<\/td><td class=\"has-text-align-center\" data-align=\"center\">157<\/td><td class=\"has-text-align-center\" data-align=\"center\">177<\/td><td class=\"has-text-align-center\" data-align=\"center\">61<\/td><td class=\"has-text-align-center\" data-align=\"center\">235<\/td><td class=\"has-text-align-center\" data-align=\"center\">547<\/td><\/tr><tr><td>Moldova<\/td><td class=\"has-text-align-center\" data-align=\"center\">574<\/td><td class=\"has-text-align-center\" data-align=\"center\">626<\/td><td class=\"has-text-align-center\" data-align=\"center\">226<\/td><td class=\"has-text-align-center\" data-align=\"center\">168<\/td><td class=\"has-text-align-center\" data-align=\"center\">481<\/td><\/tr><tr><td>Saksa<\/td><td class=\"has-text-align-center\" data-align=\"center\">311<\/td><td class=\"has-text-align-center\" data-align=\"center\">203<\/td><td class=\"has-text-align-center\" data-align=\"center\">92<\/td><td class=\"has-text-align-center\" data-align=\"center\">88<\/td><td class=\"has-text-align-center\" data-align=\"center\">309<\/td><\/tr><tr><td>Kosovo<\/td><td class=\"has-text-align-center\" data-align=\"center\">230<\/td><td class=\"has-text-align-center\" data-align=\"center\">232<\/td><td class=\"has-text-align-center\" data-align=\"center\">113<\/td><td class=\"has-text-align-center\" data-align=\"center\">114<\/td><td class=\"has-text-align-center\" data-align=\"center\">295<\/td><\/tr><tr><td>Pohjois-Makedonia<\/td><td class=\"has-text-align-center\" data-align=\"center\">284<\/td><td class=\"has-text-align-center\" data-align=\"center\">194<\/td><td class=\"has-text-align-center\" data-align=\"center\">61<\/td><td class=\"has-text-align-center\" data-align=\"center\">61<\/td><td class=\"has-text-align-center\" data-align=\"center\">224<\/td><\/tr><tr><td>Puola<\/td><td class=\"has-text-align-center\" data-align=\"center\">277<\/td><td class=\"has-text-align-center\" data-align=\"center\">215<\/td><td class=\"has-text-align-center\" data-align=\"center\">37<\/td><td class=\"has-text-align-center\" data-align=\"center\">92<\/td><td class=\"has-text-align-center\" data-align=\"center\">192<\/td><\/tr><tr><td>Romania<\/td><td class=\"has-text-align-center\" data-align=\"center\">199<\/td><td class=\"has-text-align-center\" data-align=\"center\">242<\/td><td class=\"has-text-align-center\" data-align=\"center\">94<\/td><td class=\"has-text-align-center\" data-align=\"center\">106<\/td><td class=\"has-text-align-center\" data-align=\"center\">188<\/td><\/tr><tr><td>Italia<\/td><td class=\"has-text-align-center\" data-align=\"center\">162<\/td><td class=\"has-text-align-center\" data-align=\"center\">141<\/td><td class=\"has-text-align-center\" data-align=\"center\">66<\/td><td class=\"has-text-align-center\" data-align=\"center\">120<\/td><td class=\"has-text-align-center\" data-align=\"center\">161<\/td><\/tr><\/tbody><\/table><figcaption class=\"wp-element-caption\"><a href=\"https:\/\/us-gc.net\/fi\/monimuotoisuusvisa-ohjelma\/\">Monimuotoisuusviisumiohjelman<\/a> puitteissa my\u00f6nnettyjen viisumien m\u00e4\u00e4r\u00e4 t\u00e4rkeimmille Euroopan maille.<\/figcaption><\/figure>\n\n<p><\/p>\n","protected":false},"excerpt":{"rendered":"<p>Vihre\u00e4n kortin arvonta Euroopan maissa Joka vuosi miljoonat hakijat osallistuvat amerikkalaisen Green Card arvontaan. Olemme koonneet ulkoministeri\u00f6n travel.state.gov-sivustolla julkaisemat tilastot ja antaneet sinulle keskeiset luvut Euroopan kansalaisten osallistumisesta vihre\u00e4n kortin arvontaan. Kuinka monta eurooppalaista osallistuu vihre\u00e4n kortin arvontaan? Noin 30 prosenttia Green Card arvontaan osallistuneista hakijoista on ollut jonkin Euroopan maan kansalaisia viime vuosina, joista [&hellip;]<\/p>\n","protected":false},"author":1,"featured_media":0,"parent":0,"menu_order":0,"comment_status":"closed","ping_status":"closed","template":"","meta":{"footnotes":""},"class_list":["post-3543","page","type-page","status-publish","hentry"],"yoast_head":"<!-- This site is optimized with the Yoast SEO plugin v27.4 - https:\/\/yoast.com\/product\/yoast-seo-wordpress\/ -->\n<title>Vihre\u00e4n kortin arvonta Euroopan kansalaisille - USA GC<\/title>\n<meta name=\"description\" content=\"Euroopan kansalaisten osallistuminen Yhdysvaltojen vihre\u00e4n kortin arvontaan viime vuosina.\" \/>\n<meta name=\"robots\" content=\"index, follow, max-snippet:-1, max-image-preview:large, max-video-preview:-1\" \/>\n<link rel=\"canonical\" href=\"https:\/\/us-gc.net\/fi\/arpajaiset-green-card-eurooppa\/\" \/>\n<meta property=\"og:locale\" content=\"fi_FI\" \/>\n<meta property=\"og:type\" content=\"article\" \/>\n<meta property=\"og:title\" content=\"Vihre\u00e4n kortin arvonta Euroopan kansalaisille - USA GC\" \/>\n<meta property=\"og:description\" content=\"Euroopan kansalaisten osallistuminen Yhdysvaltojen vihre\u00e4n kortin arvontaan viime vuosina.\" \/>\n<meta property=\"og:url\" content=\"https:\/\/us-gc.net\/fi\/arpajaiset-green-card-eurooppa\/\" \/>\n<meta property=\"og:site_name\" content=\"USA GC\" \/>\n<meta property=\"article:modified_time\" content=\"2024-12-30T09:43:02+00:00\" \/>\n<meta name=\"twitter:card\" content=\"summary_large_image\" \/>\n<meta name=\"twitter:label1\" content=\"Arvioitu lukuaika\" \/>\n\t<meta name=\"twitter:data1\" content=\"1 minuutti\" \/>\n<script type=\"application\/ld+json\" class=\"yoast-schema-graph\">{\"@context\":\"https:\\\/\\\/schema.org\",\"@graph\":[{\"@type\":\"WebPage\",\"@id\":\"https:\\\/\\\/us-gc.net\\\/fi\\\/arpajaiset-green-card-eurooppa\\\/\",\"url\":\"https:\\\/\\\/us-gc.net\\\/fi\\\/arpajaiset-green-card-eurooppa\\\/\",\"name\":\"Vihre\u00e4n kortin arvonta Euroopan kansalaisille - USA GC\",\"isPartOf\":{\"@id\":\"https:\\\/\\\/us-gc.net\\\/fi\\\/#website\"},\"datePublished\":\"2024-02-13T10:11:47+00:00\",\"dateModified\":\"2024-12-30T09:43:02+00:00\",\"description\":\"Euroopan kansalaisten osallistuminen Yhdysvaltojen vihre\u00e4n kortin arvontaan viime vuosina.\",\"breadcrumb\":{\"@id\":\"https:\\\/\\\/us-gc.net\\\/fi\\\/arpajaiset-green-card-eurooppa\\\/#breadcrumb\"},\"inLanguage\":\"fi\",\"potentialAction\":[{\"@type\":\"ReadAction\",\"target\":[\"https:\\\/\\\/us-gc.net\\\/fi\\\/arpajaiset-green-card-eurooppa\\\/\"]}]},{\"@type\":\"BreadcrumbList\",\"@id\":\"https:\\\/\\\/us-gc.net\\\/fi\\\/arpajaiset-green-card-eurooppa\\\/#breadcrumb\",\"itemListElement\":[{\"@type\":\"ListItem\",\"position\":1,\"name\":\"Accueil\",\"item\":\"https:\\\/\\\/us-gc.net\\\/fi\\\/green-card\\\/\"},{\"@type\":\"ListItem\",\"position\":2,\"name\":\"Vihre\u00e4n kortin arvonta Euroopan kansalaisille\"}]},{\"@type\":\"WebSite\",\"@id\":\"https:\\\/\\\/us-gc.net\\\/fi\\\/#website\",\"url\":\"https:\\\/\\\/us-gc.net\\\/fi\\\/\",\"name\":\"USA GC\",\"description\":\"\",\"potentialAction\":[{\"@type\":\"SearchAction\",\"target\":{\"@type\":\"EntryPoint\",\"urlTemplate\":\"https:\\\/\\\/us-gc.net\\\/fi\\\/?s={search_term_string}\"},\"query-input\":{\"@type\":\"PropertyValueSpecification\",\"valueRequired\":true,\"valueName\":\"search_term_string\"}}],\"inLanguage\":\"fi\"}]}<\/script>\n<!-- \/ Yoast SEO plugin. -->","yoast_head_json":{"title":"Vihre\u00e4n kortin arvonta Euroopan kansalaisille - USA GC","description":"Euroopan kansalaisten osallistuminen Yhdysvaltojen vihre\u00e4n kortin arvontaan viime vuosina.","robots":{"index":"index","follow":"follow","max-snippet":"max-snippet:-1","max-image-preview":"max-image-preview:large","max-video-preview":"max-video-preview:-1"},"canonical":"https:\/\/us-gc.net\/fi\/arpajaiset-green-card-eurooppa\/","og_locale":"fi_FI","og_type":"article","og_title":"Vihre\u00e4n kortin arvonta Euroopan kansalaisille - USA GC","og_description":"Euroopan kansalaisten osallistuminen Yhdysvaltojen vihre\u00e4n kortin arvontaan viime vuosina.","og_url":"https:\/\/us-gc.net\/fi\/arpajaiset-green-card-eurooppa\/","og_site_name":"USA GC","article_modified_time":"2024-12-30T09:43:02+00:00","twitter_card":"summary_large_image","twitter_misc":{"Arvioitu lukuaika":"1 minuutti"},"schema":{"@context":"https:\/\/schema.org","@graph":[{"@type":"WebPage","@id":"https:\/\/us-gc.net\/fi\/arpajaiset-green-card-eurooppa\/","url":"https:\/\/us-gc.net\/fi\/arpajaiset-green-card-eurooppa\/","name":"Vihre\u00e4n kortin arvonta Euroopan kansalaisille - USA GC","isPartOf":{"@id":"https:\/\/us-gc.net\/fi\/#website"},"datePublished":"2024-02-13T10:11:47+00:00","dateModified":"2024-12-30T09:43:02+00:00","description":"Euroopan kansalaisten osallistuminen Yhdysvaltojen vihre\u00e4n kortin arvontaan viime vuosina.","breadcrumb":{"@id":"https:\/\/us-gc.net\/fi\/arpajaiset-green-card-eurooppa\/#breadcrumb"},"inLanguage":"fi","potentialAction":[{"@type":"ReadAction","target":["https:\/\/us-gc.net\/fi\/arpajaiset-green-card-eurooppa\/"]}]},{"@type":"BreadcrumbList","@id":"https:\/\/us-gc.net\/fi\/arpajaiset-green-card-eurooppa\/#breadcrumb","itemListElement":[{"@type":"ListItem","position":1,"name":"Accueil","item":"https:\/\/us-gc.net\/fi\/green-card\/"},{"@type":"ListItem","position":2,"name":"Vihre\u00e4n kortin arvonta Euroopan kansalaisille"}]},{"@type":"WebSite","@id":"https:\/\/us-gc.net\/fi\/#website","url":"https:\/\/us-gc.net\/fi\/","name":"USA GC","description":"","potentialAction":[{"@type":"SearchAction","target":{"@type":"EntryPoint","urlTemplate":"https:\/\/us-gc.net\/fi\/?s={search_term_string}"},"query-input":{"@type":"PropertyValueSpecification","valueRequired":true,"valueName":"search_term_string"}}],"inLanguage":"fi"}]}},"_links":{"self":[{"href":"https:\/\/us-gc.net\/fi\/wp-json\/wp\/v2\/pages\/3543","targetHints":{"allow":["GET"]}}],"collection":[{"href":"https:\/\/us-gc.net\/fi\/wp-json\/wp\/v2\/pages"}],"about":[{"href":"https:\/\/us-gc.net\/fi\/wp-json\/wp\/v2\/types\/page"}],"author":[{"embeddable":true,"href":"https:\/\/us-gc.net\/fi\/wp-json\/wp\/v2\/users\/1"}],"replies":[{"embeddable":true,"href":"https:\/\/us-gc.net\/fi\/wp-json\/wp\/v2\/comments?post=3543"}],"version-history":[{"count":1,"href":"https:\/\/us-gc.net\/fi\/wp-json\/wp\/v2\/pages\/3543\/revisions"}],"predecessor-version":[{"id":7833,"href":"https:\/\/us-gc.net\/fi\/wp-json\/wp\/v2\/pages\/3543\/revisions\/7833"}],"wp:attachment":[{"href":"https:\/\/us-gc.net\/fi\/wp-json\/wp\/v2\/media?parent=3543"}],"curies":[{"name":"wp","href":"https:\/\/api.w.org\/{rel}","templated":true}]}}