{"id":2222,"date":"2024-02-13T09:26:58","date_gmt":"2024-02-13T09:26:58","guid":{"rendered":"https:\/\/green-card-usa.net\/monimuotoisuusvisa-ohjelma\/"},"modified":"2024-12-30T09:40:50","modified_gmt":"2024-12-30T09:40:50","slug":"monimuotoisuusvisa-ohjelma","status":"publish","type":"page","link":"https:\/\/us-gc.net\/fi\/monimuotoisuusvisa-ohjelma\/","title":{"rendered":"Amerikan monimuotoisuusviisumiohjelma"},"content":{"rendered":"\n<h1 class=\"wp-block-heading\" id=\"h-le-diversity-visa-program-des-etats-unis\">Monimuotoisuusviisumiohjelma Yhdysvalloissa  <\/h1>\n\n<h2 class=\"wp-block-heading\" id=\"h-qu-est-ce-que-le-diversity-visa-program\">Mik\u00e4 on monimuotoisuusviisumiohjelma?<\/h2>\n\n<p>Monimuotoisuusviisumiohjelma on Yhdysvaltain hallituksen aloite, jonka tarkoituksena on monipuolistaa Yhdysvaltain maahanmuuttajav\u00e4est\u00f6\u00e4. Joka vuosi my\u00f6nnet\u00e4\u00e4n yli 50 000 viisumia henkil\u00f6ille, jotka tulevat maista, joissa maahanmuutto Yhdysvaltoihin on v\u00e4h\u00e4ist\u00e4. DV-ohjelma tunnetaan nimell\u00e4 <a href=\"https:\/\/us-gc.net\/fi\/american-arvontaan-vihrea-kortti\/\">green card lottery<\/a>.<\/p>\n\n<h2 class=\"wp-block-heading\" id=\"h-comment-fonctionne-t-il\">Miten se toimii?<\/h2>\n\n<p>Monimuotoisuusviisumiohjelmaan osallistuminen edellytt\u00e4\u00e4 satunnaisvalintaa. Hakijoiden on j\u00e4tett\u00e4v\u00e4 <a href=\"https:\/\/us-gc.net\/fi\/green-card-lottolomake\/\">s\u00e4hk\u00f6inen hakemus<\/a> kunkin vuoden lokakuun loppuun menness\u00e4. Kelpoisuusvaatimuksena on keskiasteen tutkinto tai sit\u00e4 vastaava tutkinto tai kahden vuoden ty\u00f6kokemus alalta, joka edellytt\u00e4\u00e4 v\u00e4hint\u00e4\u00e4n kahden vuoden koulutusta tai ty\u00f6kokemusta viimeisten viiden vuoden aikana.<\/p>\n\n<h2 class=\"wp-block-heading\" id=\"h-qui-peut-en-beneficier\">Kuka voi hy\u00f6ty\u00e4?<\/h2>\n\n<p>Hakukelpoisia ovat sellaisten maiden kansalaiset, joiden maahanmuutto Yhdysvaltoihin on v\u00e4h\u00e4ist\u00e4. Yhdysvaltain ulkoministeri\u00f6 julkaisee joka vuosi luettelon <a href=\"https:\/\/us-gc.net\/fi\/osallistumattomien-maiden-green-card-arpajaiset\/\">maista, joiden kansalaiset eiv\u00e4t voi osallistua<\/a>. Henkil\u00f6t, jotka tulevat maista, joissa Yhdysvaltoihin suuntautuva maahanmuutto on yleist\u00e4, on suljettu pois. Voit tutustua tilastoihin omilla sivuillamme:<\/p>\n\n<ul class=\"wp-block-list\">\n<li><a href=\"https:\/\/us-gc.net\/fi\/arpajaiset-green-card-eurooppa\/\">Vihre\u00e4 kortti Euroopan kansalaisille<\/a><\/li>\n\n\n\n<li><a href=\"https:\/\/us-gc.net\/fi\/lotto-green-card-maat-afrikka\/\">Vihre\u00e4 kortti Afrikan kansalaisille<\/a><\/li>\n\n\n\n<li><a href=\"https:\/\/us-gc.net\/fi\/green-card-lottomaa-aasia\/\">Vihre\u00e4 kortti Aasian kansalaisille<\/a><\/li>\n<\/ul>\n\n<div style=\"height:10px\" aria-hidden=\"true\" class=\"wp-block-spacer\"><\/div>\n\n<h2 class=\"wp-block-heading\" id=\"h-qu-apporte-le-programme\">Mit\u00e4 ohjelma tarjoaa?<\/h2>\n\n<p>Monimuotoisuusviisumiohjelma tarjoaa ainutlaatuisen mahdollisuuden saada pysyv\u00e4 oleskelulupa Yhdysvaltoihin, mik\u00e4 avaa mahdollisuuden ty\u00f6llistymiseen, koulutukseen ja mahdollisuuteen saada Yhdysvaltojen kansalaisuus viiden vuoden kuluttua. Se on edunsaajille mahdollisuus kokea amerikkalainen unelma ja edist\u00e4\u00e4 Yhdysvaltojen kulttuurista monimuotoisuutta.<\/p>\n\n<h2 class=\"wp-block-heading\" id=\"h-qu-est-ce-que-la-loterie-du-dv\">Mik\u00e4 on DV-arpajaiset?<\/h2>\n\n<p>DV <a href=\"https:\/\/us-gc.net\/fi\/arpajaiset-green-card\/\">Green Card -arvonta<\/a> on Diversity-viisumiohjelman ytimess\u00e4 oleva valintaprosessi. Rekister\u00f6innit tehd\u00e4\u00e4n <a href=\"https:\/\/us-gc.net\/fi\/green-card-lottolomake\/\">verkkolomakkeella<\/a> kunkin vuoden viimeisell\u00e4 nelj\u00e4nneksell\u00e4. <a href=\"https:\/\/us-gc.net\/fi\/tulokset-lottery-green-card\/\">Arpajaisten tulokset<\/a> julkaistaan 6 kuukautta my\u00f6hemmin. Voittajat valitaan satunnaisesti kaikkien osallistumiskelpoisten osallistujien joukosta. T\u00e4ll\u00e4 menettelyll\u00e4 varmistetaan, ett\u00e4 kaikilla osallistujilla on yht\u00e4l\u00e4iset mahdollisuudet voittaa sosiaalisesta, taloudellisesta tai koulutuksellisesta asemastaan riippumatta.<\/p>\n\n<p><\/p>\n","protected":false},"excerpt":{"rendered":"<p>Monimuotoisuusviisumiohjelma Yhdysvalloissa Mik\u00e4 on monimuotoisuusviisumiohjelma? Monimuotoisuusviisumiohjelma on Yhdysvaltain hallituksen aloite, jonka tarkoituksena on monipuolistaa Yhdysvaltain maahanmuuttajav\u00e4est\u00f6\u00e4. Joka vuosi my\u00f6nnet\u00e4\u00e4n yli 50 000 viisumia henkil\u00f6ille, jotka tulevat maista, joissa maahanmuutto Yhdysvaltoihin on v\u00e4h\u00e4ist\u00e4. DV-ohjelma tunnetaan nimell\u00e4 green card lottery. Miten se toimii? Monimuotoisuusviisumiohjelmaan osallistuminen edellytt\u00e4\u00e4 satunnaisvalintaa. Hakijoiden on j\u00e4tett\u00e4v\u00e4 s\u00e4hk\u00f6inen hakemus kunkin vuoden lokakuun loppuun menness\u00e4. [&hellip;]<\/p>\n","protected":false},"author":1,"featured_media":0,"parent":0,"menu_order":0,"comment_status":"closed","ping_status":"closed","template":"","meta":{"footnotes":""},"class_list":["post-2222","page","type-page","status-publish","hentry"],"yoast_head":"<!-- This site is optimized with the Yoast SEO plugin v27.4 - https:\/\/yoast.com\/product\/yoast-seo-wordpress\/ -->\n<title>Amerikan monimuotoisuusviisumiohjelma - USA GC<\/title>\n<meta name=\"robots\" content=\"index, follow, max-snippet:-1, max-image-preview:large, max-video-preview:-1\" \/>\n<link rel=\"canonical\" href=\"https:\/\/us-gc.net\/fi\/monimuotoisuusvisa-ohjelma\/\" \/>\n<meta property=\"og:locale\" content=\"fi_FI\" \/>\n<meta property=\"og:type\" content=\"article\" \/>\n<meta property=\"og:title\" content=\"Amerikan monimuotoisuusviisumiohjelma - USA GC\" \/>\n<meta property=\"og:description\" content=\"Monimuotoisuusviisumiohjelma Yhdysvalloissa Mik\u00e4 on monimuotoisuusviisumiohjelma? Monimuotoisuusviisumiohjelma on Yhdysvaltain hallituksen aloite, jonka tarkoituksena on monipuolistaa Yhdysvaltain maahanmuuttajav\u00e4est\u00f6\u00e4. Joka vuosi my\u00f6nnet\u00e4\u00e4n yli 50 000 viisumia henkil\u00f6ille, jotka tulevat maista, joissa maahanmuutto Yhdysvaltoihin on v\u00e4h\u00e4ist\u00e4. DV-ohjelma tunnetaan nimell\u00e4 green card lottery. Miten se toimii? Monimuotoisuusviisumiohjelmaan osallistuminen edellytt\u00e4\u00e4 satunnaisvalintaa. Hakijoiden on j\u00e4tett\u00e4v\u00e4 s\u00e4hk\u00f6inen hakemus kunkin vuoden lokakuun loppuun menness\u00e4. [&hellip;]\" \/>\n<meta property=\"og:url\" content=\"https:\/\/us-gc.net\/fi\/monimuotoisuusvisa-ohjelma\/\" \/>\n<meta property=\"og:site_name\" content=\"USA GC\" \/>\n<meta property=\"article:modified_time\" content=\"2024-12-30T09:40:50+00:00\" \/>\n<meta name=\"twitter:card\" content=\"summary_large_image\" \/>\n<meta name=\"twitter:label1\" content=\"Arvioitu lukuaika\" \/>\n\t<meta name=\"twitter:data1\" content=\"1 minuutti\" \/>\n<script type=\"application\/ld+json\" class=\"yoast-schema-graph\">{\"@context\":\"https:\\\/\\\/schema.org\",\"@graph\":[{\"@type\":\"WebPage\",\"@id\":\"https:\\\/\\\/us-gc.net\\\/fi\\\/monimuotoisuusvisa-ohjelma\\\/\",\"url\":\"https:\\\/\\\/us-gc.net\\\/fi\\\/monimuotoisuusvisa-ohjelma\\\/\",\"name\":\"Amerikan monimuotoisuusviisumiohjelma - USA GC\",\"isPartOf\":{\"@id\":\"https:\\\/\\\/us-gc.net\\\/fi\\\/#website\"},\"datePublished\":\"2024-02-13T09:26:58+00:00\",\"dateModified\":\"2024-12-30T09:40:50+00:00\",\"breadcrumb\":{\"@id\":\"https:\\\/\\\/us-gc.net\\\/fi\\\/monimuotoisuusvisa-ohjelma\\\/#breadcrumb\"},\"inLanguage\":\"fi\",\"potentialAction\":[{\"@type\":\"ReadAction\",\"target\":[\"https:\\\/\\\/us-gc.net\\\/fi\\\/monimuotoisuusvisa-ohjelma\\\/\"]}]},{\"@type\":\"BreadcrumbList\",\"@id\":\"https:\\\/\\\/us-gc.net\\\/fi\\\/monimuotoisuusvisa-ohjelma\\\/#breadcrumb\",\"itemListElement\":[{\"@type\":\"ListItem\",\"position\":1,\"name\":\"Accueil\",\"item\":\"https:\\\/\\\/us-gc.net\\\/fi\\\/green-card\\\/\"},{\"@type\":\"ListItem\",\"position\":2,\"name\":\"Amerikan monimuotoisuusviisumiohjelma\"}]},{\"@type\":\"WebSite\",\"@id\":\"https:\\\/\\\/us-gc.net\\\/fi\\\/#website\",\"url\":\"https:\\\/\\\/us-gc.net\\\/fi\\\/\",\"name\":\"USA GC\",\"description\":\"\",\"potentialAction\":[{\"@type\":\"SearchAction\",\"target\":{\"@type\":\"EntryPoint\",\"urlTemplate\":\"https:\\\/\\\/us-gc.net\\\/fi\\\/?s={search_term_string}\"},\"query-input\":{\"@type\":\"PropertyValueSpecification\",\"valueRequired\":true,\"valueName\":\"search_term_string\"}}],\"inLanguage\":\"fi\"}]}<\/script>\n<!-- \/ Yoast SEO plugin. -->","yoast_head_json":{"title":"Amerikan monimuotoisuusviisumiohjelma - USA GC","robots":{"index":"index","follow":"follow","max-snippet":"max-snippet:-1","max-image-preview":"max-image-preview:large","max-video-preview":"max-video-preview:-1"},"canonical":"https:\/\/us-gc.net\/fi\/monimuotoisuusvisa-ohjelma\/","og_locale":"fi_FI","og_type":"article","og_title":"Amerikan monimuotoisuusviisumiohjelma - USA GC","og_description":"Monimuotoisuusviisumiohjelma Yhdysvalloissa Mik\u00e4 on monimuotoisuusviisumiohjelma? Monimuotoisuusviisumiohjelma on Yhdysvaltain hallituksen aloite, jonka tarkoituksena on monipuolistaa Yhdysvaltain maahanmuuttajav\u00e4est\u00f6\u00e4. Joka vuosi my\u00f6nnet\u00e4\u00e4n yli 50 000 viisumia henkil\u00f6ille, jotka tulevat maista, joissa maahanmuutto Yhdysvaltoihin on v\u00e4h\u00e4ist\u00e4. DV-ohjelma tunnetaan nimell\u00e4 green card lottery. Miten se toimii? Monimuotoisuusviisumiohjelmaan osallistuminen edellytt\u00e4\u00e4 satunnaisvalintaa. Hakijoiden on j\u00e4tett\u00e4v\u00e4 s\u00e4hk\u00f6inen hakemus kunkin vuoden lokakuun loppuun menness\u00e4. [&hellip;]","og_url":"https:\/\/us-gc.net\/fi\/monimuotoisuusvisa-ohjelma\/","og_site_name":"USA GC","article_modified_time":"2024-12-30T09:40:50+00:00","twitter_card":"summary_large_image","twitter_misc":{"Arvioitu lukuaika":"1 minuutti"},"schema":{"@context":"https:\/\/schema.org","@graph":[{"@type":"WebPage","@id":"https:\/\/us-gc.net\/fi\/monimuotoisuusvisa-ohjelma\/","url":"https:\/\/us-gc.net\/fi\/monimuotoisuusvisa-ohjelma\/","name":"Amerikan monimuotoisuusviisumiohjelma - USA GC","isPartOf":{"@id":"https:\/\/us-gc.net\/fi\/#website"},"datePublished":"2024-02-13T09:26:58+00:00","dateModified":"2024-12-30T09:40:50+00:00","breadcrumb":{"@id":"https:\/\/us-gc.net\/fi\/monimuotoisuusvisa-ohjelma\/#breadcrumb"},"inLanguage":"fi","potentialAction":[{"@type":"ReadAction","target":["https:\/\/us-gc.net\/fi\/monimuotoisuusvisa-ohjelma\/"]}]},{"@type":"BreadcrumbList","@id":"https:\/\/us-gc.net\/fi\/monimuotoisuusvisa-ohjelma\/#breadcrumb","itemListElement":[{"@type":"ListItem","position":1,"name":"Accueil","item":"https:\/\/us-gc.net\/fi\/green-card\/"},{"@type":"ListItem","position":2,"name":"Amerikan monimuotoisuusviisumiohjelma"}]},{"@type":"WebSite","@id":"https:\/\/us-gc.net\/fi\/#website","url":"https:\/\/us-gc.net\/fi\/","name":"USA GC","description":"","potentialAction":[{"@type":"SearchAction","target":{"@type":"EntryPoint","urlTemplate":"https:\/\/us-gc.net\/fi\/?s={search_term_string}"},"query-input":{"@type":"PropertyValueSpecification","valueRequired":true,"valueName":"search_term_string"}}],"inLanguage":"fi"}]}},"_links":{"self":[{"href":"https:\/\/us-gc.net\/fi\/wp-json\/wp\/v2\/pages\/2222","targetHints":{"allow":["GET"]}}],"collection":[{"href":"https:\/\/us-gc.net\/fi\/wp-json\/wp\/v2\/pages"}],"about":[{"href":"https:\/\/us-gc.net\/fi\/wp-json\/wp\/v2\/types\/page"}],"author":[{"embeddable":true,"href":"https:\/\/us-gc.net\/fi\/wp-json\/wp\/v2\/users\/1"}],"replies":[{"embeddable":true,"href":"https:\/\/us-gc.net\/fi\/wp-json\/wp\/v2\/comments?post=2222"}],"version-history":[{"count":1,"href":"https:\/\/us-gc.net\/fi\/wp-json\/wp\/v2\/pages\/2222\/revisions"}],"predecessor-version":[{"id":7721,"href":"https:\/\/us-gc.net\/fi\/wp-json\/wp\/v2\/pages\/2222\/revisions\/7721"}],"wp:attachment":[{"href":"https:\/\/us-gc.net\/fi\/wp-json\/wp\/v2\/media?parent=2222"}],"curies":[{"name":"wp","href":"https:\/\/api.w.org\/{rel}","templated":true}]}}