{"id":1515,"date":"2024-02-08T15:57:06","date_gmt":"2024-02-08T15:57:06","guid":{"rendered":"https:\/\/green-card-usa.net\/green-card-maksaa\/"},"modified":"2025-03-31T11:22:35","modified_gmt":"2025-03-31T11:22:35","slug":"green-card-maksaa","status":"publish","type":"page","link":"https:\/\/us-gc.net\/fi\/green-card-maksaa\/","title":{"rendered":"Kuinka paljon Green Card maksaa?"},"content":{"rendered":"\n<h1 class=\"wp-block-heading\" id=\"h-prix-a-payer-pour-obtenir-la-green-card\">Green Card saamisen kustannukset<\/h1>\n\n<p>Green Card saamisen kustannukset riippuvat vihre\u00e4n kortin tyypist\u00e4 ja hakijan tilanteesta. Vihre\u00e4n kortin saaminen edellytt\u00e4\u00e4 maksuja nelj\u00e4ss\u00e4 eri tilanteessa.<\/p>\n\n<h2 class=\"wp-block-heading\" id=\"h-quels-sont-les-frais-d-une-green-card-obtenue-a-la-loterie\">Kuinka paljon arpajaisten kautta saatu Green Card maksaa?<\/h2>\n\n<p><a href=\"https:\/\/us-gc.net\/fi\/arpajaiset-green-card\/\">Green Card arvonnassa<\/a> yli 50 000 ulkomaalaista voi voittaa oikeuden saada <a href=\"https:\/\/us-gc.net\/fi\/\">Green Card<\/a>. Osallistuminen arvontaan on maksutonta. Hakijoiden on kuitenkin maksettava Yhdysvaltain viranomaisille monimuotoisuusviisumimaksu saadakseen arvonnassa voittamansa vihre\u00e4n kortin.<\/p>\n\n<p>N\u00e4it\u00e4 maksuja ei palauteta, ja ne menev\u00e4t suoraan Yhdysvaltain ulkoministeri\u00f6lle. Maksun tarkoituksena on kattaa ministeri\u00f6lle DV-ohjelman hallinnoinnista aiheutuvat kustannukset, ja se on erillinen maksuista, jotka sinun on maksettava USCIS:lle viisumihakemuksesi yhteydess\u00e4.<\/p>\n\n<p><strong>Vihre\u00e4n kortin arvonnan kautta saadun monimuotoisuusviisumin maksu on 330 Yhdysvaltain dollaria<\/strong> arvonnassa valittua hakijaa kohti. N\u00e4m\u00e4 maksut on maksettava ennen kuin <a href=\"https:\/\/www.uscis.gov\/\">USCIS:<\/a> n hyv\u00e4ksym\u00e4n hakemuksen k\u00e4sittely\u00e4 voidaan jatkaa. M\u00e4\u00e4r\u00e4 riippuu vihre\u00e4n kortin hakijan alkuper\u00e4isest\u00e4 asemasta.<\/p>\n\n<p><strong>Varmistaaksesi paikkasi seuraavassa vuosittaisessa arvonnassa<\/strong> sinun on t\u00e4ytett\u00e4v\u00e4 <a href=\"https:\/\/us-gc.net\/fi\/green-card-lottolomake\/\">Green Card arvonnan rekister\u00f6intilomake<\/a>.<\/p>\n\n<div style=\"height:10px\" aria-hidden=\"true\" class=\"wp-block-spacer\"><\/div>\n\n<h2 class=\"wp-block-heading\" id=\"h-quels-sont-les-frais-d-une-green-card-par-rapprochement-familial\">Kuinka paljon perheenyhdist\u00e4mist\u00e4 varten my\u00f6nnett\u00e4v\u00e4 vihre\u00e4 kortti maksaa?<\/h2>\n\n<p>Ulkomaan kansalainen, joka haluaa asua pysyv\u00e4sti Yhdysvalloissa, tarvitsee maahanmuuttajaviisumin. Viisumin voi saada, jos l\u00e4hisukulainen, joka on Yhdysvaltojen kansalainen tai Yhdysvalloissa laillisesti pysyv\u00e4sti asuva henkil\u00f6, tukee h\u00e4nt\u00e4.<\/p>\n\n<h3 class=\"wp-block-heading\" id=\"h-il-existe-deux-types-de-visas-d-immigrant-familiaux\">Perhemaahanmuuttoviisumeita on kahta eri tyyppi\u00e4<\/h3>\n\n<ul class=\"wp-block-list\">\n<li><strong>L\u00e4hisukulaiselta<\/strong>: N\u00e4m\u00e4 viisumit perustuvat suoraan perhesuhteeseen Yhdysvaltojen kansalaisen kanssa, kuten puolison, lapsen tai vanhemman kanssa. N\u00e4ihin luokkiin kuuluvien maahanmuuttajien vuosittaista m\u00e4\u00e4r\u00e4\u00e4 ei ole rajoitettu.<\/li>\n\n\n\n<li><strong>Perhe-etuusviisumi<\/strong>: N\u00e4m\u00e4 viisumit on tarkoitettu erityisiin, et\u00e4isempiin perhesuhteisiin Yhdysvaltojen kansalaisen kanssa ja tiettyihin erityisiin suhteisiin laillisen pysyv\u00e4n oleskeluluvan saaneen henkil\u00f6n kanssa. T\u00e4m\u00e4n viisumiluokan maahanmuuttajien m\u00e4\u00e4r\u00e4 on vuosittain rajoitettu.<\/li>\n<\/ul>\n\n<div style=\"height:10px\" aria-hidden=\"true\" class=\"wp-block-spacer\"><\/div>\n\n<p>Molempien viisumityyppien osalta <strong>maksu on 325 Yhdysvaltain dollaria henkil\u00f6\u00e4 kohti<\/strong>. N\u00e4it\u00e4 maksuja ei palauteta.<\/p>\n","protected":false},"excerpt":{"rendered":"<p>Green Card saamisen kustannukset Green Card saamisen kustannukset riippuvat vihre\u00e4n kortin tyypist\u00e4 ja hakijan tilanteesta. Vihre\u00e4n kortin saaminen edellytt\u00e4\u00e4 maksuja nelj\u00e4ss\u00e4 eri tilanteessa. Kuinka paljon arpajaisten kautta saatu Green Card maksaa? Green Card arvonnassa yli 50 000 ulkomaalaista voi voittaa oikeuden saada Green Card. Osallistuminen arvontaan on maksutonta. Hakijoiden on kuitenkin maksettava Yhdysvaltain viranomaisille monimuotoisuusviisumimaksu [&hellip;]<\/p>\n","protected":false},"author":1,"featured_media":0,"parent":0,"menu_order":0,"comment_status":"closed","ping_status":"closed","template":"","meta":{"footnotes":""},"class_list":["post-1515","page","type-page","status-publish","hentry"],"yoast_head":"<!-- This site is optimized with the Yoast SEO plugin v27.4 - https:\/\/yoast.com\/product\/yoast-seo-wordpress\/ -->\n<title>Kuinka paljon Green Card maksaa? - USA GC<\/title>\n<meta name=\"description\" content=\"Kuinka paljon amerikkalaisen Green Card hakeminen maksaa? Se riippuu kortin saamisen edellytyksist\u00e4.\" \/>\n<meta name=\"robots\" content=\"index, follow, max-snippet:-1, max-image-preview:large, max-video-preview:-1\" \/>\n<link rel=\"canonical\" href=\"https:\/\/us-gc.net\/fi\/green-card-maksaa\/\" \/>\n<meta property=\"og:locale\" content=\"fi_FI\" \/>\n<meta property=\"og:type\" content=\"article\" \/>\n<meta property=\"og:title\" content=\"Kuinka paljon Green Card maksaa? - USA GC\" \/>\n<meta property=\"og:description\" content=\"Kuinka paljon amerikkalaisen Green Card hakeminen maksaa? Se riippuu kortin saamisen edellytyksist\u00e4.\" \/>\n<meta property=\"og:url\" content=\"https:\/\/us-gc.net\/fi\/green-card-maksaa\/\" \/>\n<meta property=\"og:site_name\" content=\"USA GC\" \/>\n<meta property=\"article:modified_time\" content=\"2025-03-31T11:22:35+00:00\" \/>\n<meta name=\"twitter:card\" content=\"summary_large_image\" \/>\n<meta name=\"twitter:label1\" content=\"Arvioitu lukuaika\" \/>\n\t<meta name=\"twitter:data1\" content=\"1 minuutti\" \/>\n<script type=\"application\/ld+json\" class=\"yoast-schema-graph\">{\"@context\":\"https:\\\/\\\/schema.org\",\"@graph\":[{\"@type\":\"WebPage\",\"@id\":\"https:\\\/\\\/us-gc.net\\\/fi\\\/green-card-maksaa\\\/\",\"url\":\"https:\\\/\\\/us-gc.net\\\/fi\\\/green-card-maksaa\\\/\",\"name\":\"Kuinka paljon Green Card maksaa? - USA GC\",\"isPartOf\":{\"@id\":\"https:\\\/\\\/us-gc.net\\\/fi\\\/#website\"},\"datePublished\":\"2024-02-08T15:57:06+00:00\",\"dateModified\":\"2025-03-31T11:22:35+00:00\",\"description\":\"Kuinka paljon amerikkalaisen Green Card hakeminen maksaa? Se riippuu kortin saamisen edellytyksist\u00e4.\",\"breadcrumb\":{\"@id\":\"https:\\\/\\\/us-gc.net\\\/fi\\\/green-card-maksaa\\\/#breadcrumb\"},\"inLanguage\":\"fi\",\"potentialAction\":[{\"@type\":\"ReadAction\",\"target\":[\"https:\\\/\\\/us-gc.net\\\/fi\\\/green-card-maksaa\\\/\"]}]},{\"@type\":\"BreadcrumbList\",\"@id\":\"https:\\\/\\\/us-gc.net\\\/fi\\\/green-card-maksaa\\\/#breadcrumb\",\"itemListElement\":[{\"@type\":\"ListItem\",\"position\":1,\"name\":\"Accueil\",\"item\":\"https:\\\/\\\/us-gc.net\\\/fi\\\/green-card\\\/\"},{\"@type\":\"ListItem\",\"position\":2,\"name\":\"Kuinka paljon Green Card maksaa?\"}]},{\"@type\":\"WebSite\",\"@id\":\"https:\\\/\\\/us-gc.net\\\/fi\\\/#website\",\"url\":\"https:\\\/\\\/us-gc.net\\\/fi\\\/\",\"name\":\"USA GC\",\"description\":\"\",\"potentialAction\":[{\"@type\":\"SearchAction\",\"target\":{\"@type\":\"EntryPoint\",\"urlTemplate\":\"https:\\\/\\\/us-gc.net\\\/fi\\\/?s={search_term_string}\"},\"query-input\":{\"@type\":\"PropertyValueSpecification\",\"valueRequired\":true,\"valueName\":\"search_term_string\"}}],\"inLanguage\":\"fi\"}]}<\/script>\n<!-- \/ Yoast SEO plugin. -->","yoast_head_json":{"title":"Kuinka paljon Green Card maksaa? - USA GC","description":"Kuinka paljon amerikkalaisen Green Card hakeminen maksaa? Se riippuu kortin saamisen edellytyksist\u00e4.","robots":{"index":"index","follow":"follow","max-snippet":"max-snippet:-1","max-image-preview":"max-image-preview:large","max-video-preview":"max-video-preview:-1"},"canonical":"https:\/\/us-gc.net\/fi\/green-card-maksaa\/","og_locale":"fi_FI","og_type":"article","og_title":"Kuinka paljon Green Card maksaa? - USA GC","og_description":"Kuinka paljon amerikkalaisen Green Card hakeminen maksaa? Se riippuu kortin saamisen edellytyksist\u00e4.","og_url":"https:\/\/us-gc.net\/fi\/green-card-maksaa\/","og_site_name":"USA GC","article_modified_time":"2025-03-31T11:22:35+00:00","twitter_card":"summary_large_image","twitter_misc":{"Arvioitu lukuaika":"1 minuutti"},"schema":{"@context":"https:\/\/schema.org","@graph":[{"@type":"WebPage","@id":"https:\/\/us-gc.net\/fi\/green-card-maksaa\/","url":"https:\/\/us-gc.net\/fi\/green-card-maksaa\/","name":"Kuinka paljon Green Card maksaa? - USA GC","isPartOf":{"@id":"https:\/\/us-gc.net\/fi\/#website"},"datePublished":"2024-02-08T15:57:06+00:00","dateModified":"2025-03-31T11:22:35+00:00","description":"Kuinka paljon amerikkalaisen Green Card hakeminen maksaa? Se riippuu kortin saamisen edellytyksist\u00e4.","breadcrumb":{"@id":"https:\/\/us-gc.net\/fi\/green-card-maksaa\/#breadcrumb"},"inLanguage":"fi","potentialAction":[{"@type":"ReadAction","target":["https:\/\/us-gc.net\/fi\/green-card-maksaa\/"]}]},{"@type":"BreadcrumbList","@id":"https:\/\/us-gc.net\/fi\/green-card-maksaa\/#breadcrumb","itemListElement":[{"@type":"ListItem","position":1,"name":"Accueil","item":"https:\/\/us-gc.net\/fi\/green-card\/"},{"@type":"ListItem","position":2,"name":"Kuinka paljon Green Card maksaa?"}]},{"@type":"WebSite","@id":"https:\/\/us-gc.net\/fi\/#website","url":"https:\/\/us-gc.net\/fi\/","name":"USA GC","description":"","potentialAction":[{"@type":"SearchAction","target":{"@type":"EntryPoint","urlTemplate":"https:\/\/us-gc.net\/fi\/?s={search_term_string}"},"query-input":{"@type":"PropertyValueSpecification","valueRequired":true,"valueName":"search_term_string"}}],"inLanguage":"fi"}]}},"_links":{"self":[{"href":"https:\/\/us-gc.net\/fi\/wp-json\/wp\/v2\/pages\/1515","targetHints":{"allow":["GET"]}}],"collection":[{"href":"https:\/\/us-gc.net\/fi\/wp-json\/wp\/v2\/pages"}],"about":[{"href":"https:\/\/us-gc.net\/fi\/wp-json\/wp\/v2\/types\/page"}],"author":[{"embeddable":true,"href":"https:\/\/us-gc.net\/fi\/wp-json\/wp\/v2\/users\/1"}],"replies":[{"embeddable":true,"href":"https:\/\/us-gc.net\/fi\/wp-json\/wp\/v2\/comments?post=1515"}],"version-history":[{"count":3,"href":"https:\/\/us-gc.net\/fi\/wp-json\/wp\/v2\/pages\/1515\/revisions"}],"predecessor-version":[{"id":10141,"href":"https:\/\/us-gc.net\/fi\/wp-json\/wp\/v2\/pages\/1515\/revisions\/10141"}],"wp:attachment":[{"href":"https:\/\/us-gc.net\/fi\/wp-json\/wp\/v2\/media?parent=1515"}],"curies":[{"name":"wp","href":"https:\/\/api.w.org\/{rel}","templated":true}]}}