{"id":1356,"date":"2024-02-10T08:30:09","date_gmt":"2024-02-10T08:30:09","guid":{"rendered":"https:\/\/green-card-usa.net\/osallistumattomien-maiden-green-card-arpajaiset\/"},"modified":"2024-12-30T09:46:25","modified_gmt":"2024-12-30T09:46:25","slug":"osallistumattomien-maiden-green-card-arpajaiset","status":"publish","type":"page","link":"https:\/\/us-gc.net\/fi\/osallistumattomien-maiden-green-card-arpajaiset\/","title":{"rendered":"Maat, jotka eiv\u00e4t voi osallistua vihre\u00e4n kortin arvontaan"},"content":{"rendered":"\n<h1 class=\"wp-block-heading\" id=\"h-liste-des-pays-non-participants-a-la-loterie-de-la-green-card\">Luettelo maista, jotka eiv\u00e4t osallistu vihre\u00e4n kortin arvontaan<\/h1>\n\n<p>Yhdysvallat haluaa s\u00e4ilytt\u00e4\u00e4 sekoittuneen maahanmuuttajav\u00e4est\u00f6n. Monimuotoisuusviisumiohjelmassa laaditaan vuosittain luettelo maista, joiden kansalaiset eiv\u00e4t saa osallistua vihre\u00e4n kortin arvontaan. N\u00e4m\u00e4 maat, jotka eiv\u00e4t osallistu arvontaan, ovat maita, joiden yli 50 000 kansalaista on muuttanut Yhdysvaltoihin viiden edellisen vuoden aikana, eiv\u00e4tk\u00e4 ne voi osallistua t\u00e4m\u00e4n vuoden arvontaan.<\/p>\n\n<h2 class=\"wp-block-heading\" id=\"h-pays-exclus-de-la-loterie-green-card-dv-2024\">Vihre\u00e4n kortin DV-2024-arvonnan ulkopuolelle j\u00e4\u00e4v\u00e4t maat<\/h2>\n\n<p>Seuraavista maista ja alueilta kotoisin olevat henkil\u00f6t eiv\u00e4t voineet osallistua vuosittaiseen <a href=\"https:\/\/us-gc.net\/fi\/green-card-arpajaiset-2024\/\">DV-2024 Green Card<\/a>-arvontaan, koska yli 50 000 n\u00e4ist\u00e4 maista kotoisin olevaa henkil\u00f6\u00e4 on muuttanut Yhdysvaltoihin viiden edellisen vuoden aikana: Bangladesh, Brasilia, Kanada, Kiina (Hongkong mukaan luettuna), Kolumbia, Dominikaaninen tasavalta, El Salvador, Haiti, Honduras, Intia, Jamaika, Meksiko, Nigeria, Pakistan, Filippiinit, Korean tasavalta, Iso-Britannia (Pohjois-Irlantia lukuun ottamatta) ja siit\u00e4 riippuvaiset alueet, Venezuela ja Vietnam.<\/p>\n\n<p><strong>Kiinalaiset poikkeus<\/strong>: Macaossa ja Taiwanissa syntyneet olivat tukikelpoisia.<\/p>\n\n<h2 class=\"wp-block-heading\" id=\"h-pays-exclus-de-la-loterie-green-card-dv-2025\">Green Card DV-2025 -arvonnan ulkopuolelle j\u00e4\u00e4v\u00e4t maat<\/h2>\n\n<p>Seuraavien maiden kansalaiset eiv\u00e4t voi osallistua vuosittaiseen <a href=\"https:\/\/us-gc.net\/fi\/green-card-arpajaiset-2025\/\">DV-2025 Green Card<\/a>-arvontaan: Bangladesh, Brasilia, Kanada, Kiina (Hongkong mukaan lukien), Kolumbia, Dominikaaninen tasavalta, El Salvador, Haiti, Honduras, Intia, Jamaika, Meksiko, Nigeria, Pakistan, Filippiinit, Korean tasavalta, Venezuela ja Vietnam.<\/p>\n\n<p><strong>Kiinalaiset poikkeus<\/strong>: Macaossa ja Taiwanissa syntyneet olivat tukikelpoisia.<\/p>\n\n<p>DV-2024- ja DV-2025-ohjelmien v\u00e4lisen\u00e4 aikana ainoastaan yksi alue on poistettu luettelosta: <strong>Yhdistynyt kuningaskunta<\/strong>. Yhdistyneen kuningaskunnan kansalaiset saattoivat siis j\u00e4lleen kerran hakea <a href=\"https:\/\/us-gc.net\/fi\/american-arvontaan-vihrea-kortti\/\">vihre\u00e4\u00e4 korttia<\/a> DV-2025-arvonnan yhteydess\u00e4.<\/p>\n","protected":false},"excerpt":{"rendered":"<p>Luettelo maista, jotka eiv\u00e4t osallistu vihre\u00e4n kortin arvontaan Yhdysvallat haluaa s\u00e4ilytt\u00e4\u00e4 sekoittuneen maahanmuuttajav\u00e4est\u00f6n. Monimuotoisuusviisumiohjelmassa laaditaan vuosittain luettelo maista, joiden kansalaiset eiv\u00e4t saa osallistua vihre\u00e4n kortin arvontaan. N\u00e4m\u00e4 maat, jotka eiv\u00e4t osallistu arvontaan, ovat maita, joiden yli 50 000 kansalaista on muuttanut Yhdysvaltoihin viiden edellisen vuoden aikana, eiv\u00e4tk\u00e4 ne voi osallistua t\u00e4m\u00e4n vuoden arvontaan. Vihre\u00e4n kortin [&hellip;]<\/p>\n","protected":false},"author":1,"featured_media":0,"parent":0,"menu_order":0,"comment_status":"closed","ping_status":"closed","template":"","meta":{"footnotes":""},"class_list":["post-1356","page","type-page","status-publish","hentry"],"yoast_head":"<!-- This site is optimized with the Yoast SEO plugin v27.4 - https:\/\/yoast.com\/product\/yoast-seo-wordpress\/ -->\n<title>Maat, jotka eiv\u00e4t voi osallistua vihre\u00e4n kortin arvontaan - USA GC<\/title>\n<meta name=\"robots\" content=\"index, follow, max-snippet:-1, max-image-preview:large, max-video-preview:-1\" \/>\n<link rel=\"canonical\" href=\"https:\/\/us-gc.net\/fi\/osallistumattomien-maiden-green-card-arpajaiset\/\" \/>\n<meta property=\"og:locale\" content=\"fi_FI\" \/>\n<meta property=\"og:type\" content=\"article\" \/>\n<meta property=\"og:title\" content=\"Maat, jotka eiv\u00e4t voi osallistua vihre\u00e4n kortin arvontaan - USA GC\" \/>\n<meta property=\"og:description\" content=\"Luettelo maista, jotka eiv\u00e4t osallistu vihre\u00e4n kortin arvontaan Yhdysvallat haluaa s\u00e4ilytt\u00e4\u00e4 sekoittuneen maahanmuuttajav\u00e4est\u00f6n. Monimuotoisuusviisumiohjelmassa laaditaan vuosittain luettelo maista, joiden kansalaiset eiv\u00e4t saa osallistua vihre\u00e4n kortin arvontaan. N\u00e4m\u00e4 maat, jotka eiv\u00e4t osallistu arvontaan, ovat maita, joiden yli 50 000 kansalaista on muuttanut Yhdysvaltoihin viiden edellisen vuoden aikana, eiv\u00e4tk\u00e4 ne voi osallistua t\u00e4m\u00e4n vuoden arvontaan. Vihre\u00e4n kortin [&hellip;]\" \/>\n<meta property=\"og:url\" content=\"https:\/\/us-gc.net\/fi\/osallistumattomien-maiden-green-card-arpajaiset\/\" \/>\n<meta property=\"og:site_name\" content=\"USA GC\" \/>\n<meta property=\"article:modified_time\" content=\"2024-12-30T09:46:25+00:00\" \/>\n<meta name=\"twitter:card\" content=\"summary_large_image\" \/>\n<meta name=\"twitter:label1\" content=\"Arvioitu lukuaika\" \/>\n\t<meta name=\"twitter:data1\" content=\"1 minuutti\" \/>\n<script type=\"application\/ld+json\" class=\"yoast-schema-graph\">{\"@context\":\"https:\\\/\\\/schema.org\",\"@graph\":[{\"@type\":\"WebPage\",\"@id\":\"https:\\\/\\\/us-gc.net\\\/fi\\\/osallistumattomien-maiden-green-card-arpajaiset\\\/\",\"url\":\"https:\\\/\\\/us-gc.net\\\/fi\\\/osallistumattomien-maiden-green-card-arpajaiset\\\/\",\"name\":\"Maat, jotka eiv\u00e4t voi osallistua vihre\u00e4n kortin arvontaan - USA GC\",\"isPartOf\":{\"@id\":\"https:\\\/\\\/us-gc.net\\\/fi\\\/#website\"},\"datePublished\":\"2024-02-10T08:30:09+00:00\",\"dateModified\":\"2024-12-30T09:46:25+00:00\",\"breadcrumb\":{\"@id\":\"https:\\\/\\\/us-gc.net\\\/fi\\\/osallistumattomien-maiden-green-card-arpajaiset\\\/#breadcrumb\"},\"inLanguage\":\"fi\",\"potentialAction\":[{\"@type\":\"ReadAction\",\"target\":[\"https:\\\/\\\/us-gc.net\\\/fi\\\/osallistumattomien-maiden-green-card-arpajaiset\\\/\"]}]},{\"@type\":\"BreadcrumbList\",\"@id\":\"https:\\\/\\\/us-gc.net\\\/fi\\\/osallistumattomien-maiden-green-card-arpajaiset\\\/#breadcrumb\",\"itemListElement\":[{\"@type\":\"ListItem\",\"position\":1,\"name\":\"Accueil\",\"item\":\"https:\\\/\\\/us-gc.net\\\/fi\\\/green-card\\\/\"},{\"@type\":\"ListItem\",\"position\":2,\"name\":\"Maat, jotka eiv\u00e4t voi osallistua vihre\u00e4n kortin arvontaan\"}]},{\"@type\":\"WebSite\",\"@id\":\"https:\\\/\\\/us-gc.net\\\/fi\\\/#website\",\"url\":\"https:\\\/\\\/us-gc.net\\\/fi\\\/\",\"name\":\"USA GC\",\"description\":\"\",\"potentialAction\":[{\"@type\":\"SearchAction\",\"target\":{\"@type\":\"EntryPoint\",\"urlTemplate\":\"https:\\\/\\\/us-gc.net\\\/fi\\\/?s={search_term_string}\"},\"query-input\":{\"@type\":\"PropertyValueSpecification\",\"valueRequired\":true,\"valueName\":\"search_term_string\"}}],\"inLanguage\":\"fi\"}]}<\/script>\n<!-- \/ Yoast SEO plugin. -->","yoast_head_json":{"title":"Maat, jotka eiv\u00e4t voi osallistua vihre\u00e4n kortin arvontaan - USA GC","robots":{"index":"index","follow":"follow","max-snippet":"max-snippet:-1","max-image-preview":"max-image-preview:large","max-video-preview":"max-video-preview:-1"},"canonical":"https:\/\/us-gc.net\/fi\/osallistumattomien-maiden-green-card-arpajaiset\/","og_locale":"fi_FI","og_type":"article","og_title":"Maat, jotka eiv\u00e4t voi osallistua vihre\u00e4n kortin arvontaan - USA GC","og_description":"Luettelo maista, jotka eiv\u00e4t osallistu vihre\u00e4n kortin arvontaan Yhdysvallat haluaa s\u00e4ilytt\u00e4\u00e4 sekoittuneen maahanmuuttajav\u00e4est\u00f6n. Monimuotoisuusviisumiohjelmassa laaditaan vuosittain luettelo maista, joiden kansalaiset eiv\u00e4t saa osallistua vihre\u00e4n kortin arvontaan. N\u00e4m\u00e4 maat, jotka eiv\u00e4t osallistu arvontaan, ovat maita, joiden yli 50 000 kansalaista on muuttanut Yhdysvaltoihin viiden edellisen vuoden aikana, eiv\u00e4tk\u00e4 ne voi osallistua t\u00e4m\u00e4n vuoden arvontaan. Vihre\u00e4n kortin [&hellip;]","og_url":"https:\/\/us-gc.net\/fi\/osallistumattomien-maiden-green-card-arpajaiset\/","og_site_name":"USA GC","article_modified_time":"2024-12-30T09:46:25+00:00","twitter_card":"summary_large_image","twitter_misc":{"Arvioitu lukuaika":"1 minuutti"},"schema":{"@context":"https:\/\/schema.org","@graph":[{"@type":"WebPage","@id":"https:\/\/us-gc.net\/fi\/osallistumattomien-maiden-green-card-arpajaiset\/","url":"https:\/\/us-gc.net\/fi\/osallistumattomien-maiden-green-card-arpajaiset\/","name":"Maat, jotka eiv\u00e4t voi osallistua vihre\u00e4n kortin arvontaan - USA GC","isPartOf":{"@id":"https:\/\/us-gc.net\/fi\/#website"},"datePublished":"2024-02-10T08:30:09+00:00","dateModified":"2024-12-30T09:46:25+00:00","breadcrumb":{"@id":"https:\/\/us-gc.net\/fi\/osallistumattomien-maiden-green-card-arpajaiset\/#breadcrumb"},"inLanguage":"fi","potentialAction":[{"@type":"ReadAction","target":["https:\/\/us-gc.net\/fi\/osallistumattomien-maiden-green-card-arpajaiset\/"]}]},{"@type":"BreadcrumbList","@id":"https:\/\/us-gc.net\/fi\/osallistumattomien-maiden-green-card-arpajaiset\/#breadcrumb","itemListElement":[{"@type":"ListItem","position":1,"name":"Accueil","item":"https:\/\/us-gc.net\/fi\/green-card\/"},{"@type":"ListItem","position":2,"name":"Maat, jotka eiv\u00e4t voi osallistua vihre\u00e4n kortin arvontaan"}]},{"@type":"WebSite","@id":"https:\/\/us-gc.net\/fi\/#website","url":"https:\/\/us-gc.net\/fi\/","name":"USA GC","description":"","potentialAction":[{"@type":"SearchAction","target":{"@type":"EntryPoint","urlTemplate":"https:\/\/us-gc.net\/fi\/?s={search_term_string}"},"query-input":{"@type":"PropertyValueSpecification","valueRequired":true,"valueName":"search_term_string"}}],"inLanguage":"fi"}]}},"_links":{"self":[{"href":"https:\/\/us-gc.net\/fi\/wp-json\/wp\/v2\/pages\/1356","targetHints":{"allow":["GET"]}}],"collection":[{"href":"https:\/\/us-gc.net\/fi\/wp-json\/wp\/v2\/pages"}],"about":[{"href":"https:\/\/us-gc.net\/fi\/wp-json\/wp\/v2\/types\/page"}],"author":[{"embeddable":true,"href":"https:\/\/us-gc.net\/fi\/wp-json\/wp\/v2\/users\/1"}],"replies":[{"embeddable":true,"href":"https:\/\/us-gc.net\/fi\/wp-json\/wp\/v2\/comments?post=1356"}],"version-history":[{"count":1,"href":"https:\/\/us-gc.net\/fi\/wp-json\/wp\/v2\/pages\/1356\/revisions"}],"predecessor-version":[{"id":8031,"href":"https:\/\/us-gc.net\/fi\/wp-json\/wp\/v2\/pages\/1356\/revisions\/8031"}],"wp:attachment":[{"href":"https:\/\/us-gc.net\/fi\/wp-json\/wp\/v2\/media?parent=1356"}],"curies":[{"name":"wp","href":"https:\/\/api.w.org\/{rel}","templated":true}]}}