{"id":1280,"date":"2024-01-31T16:45:20","date_gmt":"2024-01-31T16:45:20","guid":{"rendered":"https:\/\/green-card-usa.net\/ero-green-card-viisumi\/"},"modified":"2024-12-30T09:38:52","modified_gmt":"2024-12-30T09:38:52","slug":"ero-green-card-viisumi","status":"publish","type":"page","link":"https:\/\/us-gc.net\/fi\/ero-green-card-viisumi\/","title":{"rendered":"Green Card ja viisumin ero Yhdysvaltoihin saapumisen v\u00e4lill\u00e4"},"content":{"rendered":"\n<h1 class=\"wp-block-heading\" id=\"h-quelle-est-la-difference-entre-une-green-card-et-un-visa-americain\">Mit\u00e4 eroa on vihre\u00e4ll\u00e4 kortilla ja Yhdysvaltain viisumilla?<\/h1>\n\n<p>Termit &#8221;vihre\u00e4 kortti&#8221; ja &#8221;Yhdysvaltain viisumi&#8221; sekoitetaan toisinaan, mutta ne edustavat aivan eri oleskelulupia Yhdysvalloissa. Jotta ymm\u00e4rt\u00e4isit erot paremmin, esittelemme n\u00e4iden kahden luvan periaatteet ja niiden t\u00e4rkeimm\u00e4t erot.<\/p>\n\n<h2 class=\"wp-block-heading\" id=\"h-qu-est-ce-qu-une-green-card\">Mik\u00e4 on vihre\u00e4 kortti?<\/h2>\n\n<p><a href=\"https:\/\/us-gc.net\/fi\/\">Green Card<\/a> on pysyv\u00e4 oleskelulupa. Sen haltija voi asua ja ty\u00f6skennell\u00e4 pysyv\u00e4sti Yhdysvalloissa. Toisin kuin v\u00e4liaikainen viisumi, vihre\u00e4 kortti antaa pysyv\u00e4n oleskeluluvan. Se avaa tien Yhdysvaltain kansalaisuuteen tietyn ajan kuluttua.<\/p>\n\n<h2 class=\"wp-block-heading\" id=\"h-qu-est-ce-qu-un-visa-americain\">Mik\u00e4 on Yhdysvaltain viisumi?<\/h2>\n\n<p>Yhdysvaltain viisumi on Yhdysvaltain suurl\u00e4hetyst\u00f6n my\u00f6nt\u00e4m\u00e4 asiakirja, jonka avulla henkil\u00f6 voi matkustaa Yhdysvaltain rajalle ja hakea lupaa saapua maahan. Viisumit on tarkoitettu tilap\u00e4ist\u00e4 oleskelua tai pysyv\u00e4\u00e4 maahanmuuttoa varten, mutta ne eiv\u00e4t anna pysyv\u00e4n asukkaan asemaa.<\/p>\n\n<h2 class=\"wp-block-heading\" id=\"h-les-differences-cles-entre-visa-et-green-card\">Viisumin ja vihre\u00e4n kortin t\u00e4rkeimm\u00e4t erot<\/h2>\n\n<ol class=\"wp-block-list\">\n<li><strong>Tarkoitus<\/strong>: Vihre\u00e4 kortti on tarkoitettu henkil\u00f6ille, jotka haluavat asua pysyv\u00e4sti Yhdysvalloissa. Yhdysvaltain viisumia k\u00e4ytet\u00e4\u00e4n tilap\u00e4iseen maahantuloon Yhdysvaltoihin tai maahanmuuttoon ennen vihre\u00e4n kortin saamista.<\/li>\n\n\n\n<li><strong>Kesto<\/strong>: Pysyv\u00e4sti maassa oleskelevien vihre\u00e4 kortti on voimassa 10 vuotta, ja se on uusittava, mutta asema pysyy pysyv\u00e4n\u00e4. Viisumilla on tietty kesto, joka m\u00e4\u00e4r\u00e4ytyy viisumityypin ja oleskelun tarkoituksen mukaan.<\/li>\n\n\n\n<li><strong>My\u00f6nnetyt oikeudet<\/strong>: Vihre\u00e4n kortin haltijat voivat ty\u00f6skennell\u00e4 miss\u00e4 tahansa Yhdysvalloissa ja nauttia tietyist\u00e4 sosiaalietuuksista. Viisuminhaltijoita rajoittavat heid\u00e4n viisuminsa ehdot.<\/li>\n\n\n\n<li><strong>Hakuprosessi<\/strong>: Vihre\u00e4n kortin saaminen perustuu usein perhe-, ty\u00f6- tai muihin erityisryhmiin. <a href=\"https:\/\/us-gc.net\/fi\/arpajaiset-green-card\/\">Vihre\u00e4 kortti<\/a> on mahdollista saada my\u00f6s <a href=\"https:\/\/us-gc.net\/fi\/arpajaiset-green-card\/\">arpomalla<\/a>. Viisumiprosessi alkaa yleens\u00e4 hakemuksella Yhdysvaltain suurl\u00e4hetyst\u00f6\u00f6n tai konsulaattiin.<\/li>\n<\/ol>\n","protected":false},"excerpt":{"rendered":"<p>Mit\u00e4 eroa on vihre\u00e4ll\u00e4 kortilla ja Yhdysvaltain viisumilla? Termit &#8221;vihre\u00e4 kortti&#8221; ja &#8221;Yhdysvaltain viisumi&#8221; sekoitetaan toisinaan, mutta ne edustavat aivan eri oleskelulupia Yhdysvalloissa. Jotta ymm\u00e4rt\u00e4isit erot paremmin, esittelemme n\u00e4iden kahden luvan periaatteet ja niiden t\u00e4rkeimm\u00e4t erot. Mik\u00e4 on vihre\u00e4 kortti? Green Card on pysyv\u00e4 oleskelulupa. Sen haltija voi asua ja ty\u00f6skennell\u00e4 pysyv\u00e4sti Yhdysvalloissa. Toisin kuin [&hellip;]<\/p>\n","protected":false},"author":1,"featured_media":0,"parent":0,"menu_order":0,"comment_status":"closed","ping_status":"closed","template":"","meta":{"footnotes":""},"class_list":["post-1280","page","type-page","status-publish","hentry"],"yoast_head":"<!-- This site is optimized with the Yoast SEO plugin v27.4 - https:\/\/yoast.com\/product\/yoast-seo-wordpress\/ -->\n<title>Green Card ja viisumin ero Yhdysvaltoihin saapumisen v\u00e4lill\u00e4 - USA GC<\/title>\n<meta name=\"description\" content=\"Mit\u00e4 eroa on Green Card ja Yhdysvaltain matkustusviisumilla? N\u00e4ill\u00e4 kahdella asiakirjalla ei ole sama teht\u00e4v\u00e4.\" \/>\n<meta name=\"robots\" content=\"index, follow, max-snippet:-1, max-image-preview:large, max-video-preview:-1\" \/>\n<link rel=\"canonical\" href=\"https:\/\/us-gc.net\/fi\/ero-green-card-viisumi\/\" \/>\n<meta property=\"og:locale\" content=\"fi_FI\" \/>\n<meta property=\"og:type\" content=\"article\" \/>\n<meta property=\"og:title\" content=\"Green Card ja viisumin ero Yhdysvaltoihin saapumisen v\u00e4lill\u00e4 - USA GC\" \/>\n<meta property=\"og:description\" content=\"Mit\u00e4 eroa on Green Card ja Yhdysvaltain matkustusviisumilla? N\u00e4ill\u00e4 kahdella asiakirjalla ei ole sama teht\u00e4v\u00e4.\" \/>\n<meta property=\"og:url\" content=\"https:\/\/us-gc.net\/fi\/ero-green-card-viisumi\/\" \/>\n<meta property=\"og:site_name\" content=\"USA GC\" \/>\n<meta property=\"article:modified_time\" content=\"2024-12-30T09:38:52+00:00\" \/>\n<meta name=\"twitter:card\" content=\"summary_large_image\" \/>\n<meta name=\"twitter:label1\" content=\"Arvioitu lukuaika\" \/>\n\t<meta name=\"twitter:data1\" content=\"1 minuutti\" \/>\n<script type=\"application\/ld+json\" class=\"yoast-schema-graph\">{\"@context\":\"https:\\\/\\\/schema.org\",\"@graph\":[{\"@type\":\"WebPage\",\"@id\":\"https:\\\/\\\/us-gc.net\\\/fi\\\/ero-green-card-viisumi\\\/\",\"url\":\"https:\\\/\\\/us-gc.net\\\/fi\\\/ero-green-card-viisumi\\\/\",\"name\":\"Green Card ja viisumin ero Yhdysvaltoihin saapumisen v\u00e4lill\u00e4 - USA GC\",\"isPartOf\":{\"@id\":\"https:\\\/\\\/us-gc.net\\\/fi\\\/#website\"},\"datePublished\":\"2024-01-31T16:45:20+00:00\",\"dateModified\":\"2024-12-30T09:38:52+00:00\",\"description\":\"Mit\u00e4 eroa on Green Card ja Yhdysvaltain matkustusviisumilla? N\u00e4ill\u00e4 kahdella asiakirjalla ei ole sama teht\u00e4v\u00e4.\",\"breadcrumb\":{\"@id\":\"https:\\\/\\\/us-gc.net\\\/fi\\\/ero-green-card-viisumi\\\/#breadcrumb\"},\"inLanguage\":\"fi\",\"potentialAction\":[{\"@type\":\"ReadAction\",\"target\":[\"https:\\\/\\\/us-gc.net\\\/fi\\\/ero-green-card-viisumi\\\/\"]}]},{\"@type\":\"BreadcrumbList\",\"@id\":\"https:\\\/\\\/us-gc.net\\\/fi\\\/ero-green-card-viisumi\\\/#breadcrumb\",\"itemListElement\":[{\"@type\":\"ListItem\",\"position\":1,\"name\":\"Accueil\",\"item\":\"https:\\\/\\\/us-gc.net\\\/fi\\\/green-card\\\/\"},{\"@type\":\"ListItem\",\"position\":2,\"name\":\"Green Card ja viisumin ero Yhdysvaltoihin saapumisen v\u00e4lill\u00e4\"}]},{\"@type\":\"WebSite\",\"@id\":\"https:\\\/\\\/us-gc.net\\\/fi\\\/#website\",\"url\":\"https:\\\/\\\/us-gc.net\\\/fi\\\/\",\"name\":\"USA GC\",\"description\":\"\",\"potentialAction\":[{\"@type\":\"SearchAction\",\"target\":{\"@type\":\"EntryPoint\",\"urlTemplate\":\"https:\\\/\\\/us-gc.net\\\/fi\\\/?s={search_term_string}\"},\"query-input\":{\"@type\":\"PropertyValueSpecification\",\"valueRequired\":true,\"valueName\":\"search_term_string\"}}],\"inLanguage\":\"fi\"}]}<\/script>\n<!-- \/ Yoast SEO plugin. -->","yoast_head_json":{"title":"Green Card ja viisumin ero Yhdysvaltoihin saapumisen v\u00e4lill\u00e4 - USA GC","description":"Mit\u00e4 eroa on Green Card ja Yhdysvaltain matkustusviisumilla? N\u00e4ill\u00e4 kahdella asiakirjalla ei ole sama teht\u00e4v\u00e4.","robots":{"index":"index","follow":"follow","max-snippet":"max-snippet:-1","max-image-preview":"max-image-preview:large","max-video-preview":"max-video-preview:-1"},"canonical":"https:\/\/us-gc.net\/fi\/ero-green-card-viisumi\/","og_locale":"fi_FI","og_type":"article","og_title":"Green Card ja viisumin ero Yhdysvaltoihin saapumisen v\u00e4lill\u00e4 - USA GC","og_description":"Mit\u00e4 eroa on Green Card ja Yhdysvaltain matkustusviisumilla? N\u00e4ill\u00e4 kahdella asiakirjalla ei ole sama teht\u00e4v\u00e4.","og_url":"https:\/\/us-gc.net\/fi\/ero-green-card-viisumi\/","og_site_name":"USA GC","article_modified_time":"2024-12-30T09:38:52+00:00","twitter_card":"summary_large_image","twitter_misc":{"Arvioitu lukuaika":"1 minuutti"},"schema":{"@context":"https:\/\/schema.org","@graph":[{"@type":"WebPage","@id":"https:\/\/us-gc.net\/fi\/ero-green-card-viisumi\/","url":"https:\/\/us-gc.net\/fi\/ero-green-card-viisumi\/","name":"Green Card ja viisumin ero Yhdysvaltoihin saapumisen v\u00e4lill\u00e4 - USA GC","isPartOf":{"@id":"https:\/\/us-gc.net\/fi\/#website"},"datePublished":"2024-01-31T16:45:20+00:00","dateModified":"2024-12-30T09:38:52+00:00","description":"Mit\u00e4 eroa on Green Card ja Yhdysvaltain matkustusviisumilla? N\u00e4ill\u00e4 kahdella asiakirjalla ei ole sama teht\u00e4v\u00e4.","breadcrumb":{"@id":"https:\/\/us-gc.net\/fi\/ero-green-card-viisumi\/#breadcrumb"},"inLanguage":"fi","potentialAction":[{"@type":"ReadAction","target":["https:\/\/us-gc.net\/fi\/ero-green-card-viisumi\/"]}]},{"@type":"BreadcrumbList","@id":"https:\/\/us-gc.net\/fi\/ero-green-card-viisumi\/#breadcrumb","itemListElement":[{"@type":"ListItem","position":1,"name":"Accueil","item":"https:\/\/us-gc.net\/fi\/green-card\/"},{"@type":"ListItem","position":2,"name":"Green Card ja viisumin ero Yhdysvaltoihin saapumisen v\u00e4lill\u00e4"}]},{"@type":"WebSite","@id":"https:\/\/us-gc.net\/fi\/#website","url":"https:\/\/us-gc.net\/fi\/","name":"USA GC","description":"","potentialAction":[{"@type":"SearchAction","target":{"@type":"EntryPoint","urlTemplate":"https:\/\/us-gc.net\/fi\/?s={search_term_string}"},"query-input":{"@type":"PropertyValueSpecification","valueRequired":true,"valueName":"search_term_string"}}],"inLanguage":"fi"}]}},"_links":{"self":[{"href":"https:\/\/us-gc.net\/fi\/wp-json\/wp\/v2\/pages\/1280","targetHints":{"allow":["GET"]}}],"collection":[{"href":"https:\/\/us-gc.net\/fi\/wp-json\/wp\/v2\/pages"}],"about":[{"href":"https:\/\/us-gc.net\/fi\/wp-json\/wp\/v2\/types\/page"}],"author":[{"embeddable":true,"href":"https:\/\/us-gc.net\/fi\/wp-json\/wp\/v2\/users\/1"}],"replies":[{"embeddable":true,"href":"https:\/\/us-gc.net\/fi\/wp-json\/wp\/v2\/comments?post=1280"}],"version-history":[{"count":1,"href":"https:\/\/us-gc.net\/fi\/wp-json\/wp\/v2\/pages\/1280\/revisions"}],"predecessor-version":[{"id":7589,"href":"https:\/\/us-gc.net\/fi\/wp-json\/wp\/v2\/pages\/1280\/revisions\/7589"}],"wp:attachment":[{"href":"https:\/\/us-gc.net\/fi\/wp-json\/wp\/v2\/media?parent=1280"}],"curies":[{"name":"wp","href":"https:\/\/api.w.org\/{rel}","templated":true}]}}