{"id":1240,"date":"2024-01-31T16:27:17","date_gmt":"2024-01-31T16:27:17","guid":{"rendered":"https:\/\/green-card-usa.net\/green-card-haastatella\/"},"modified":"2024-12-30T09:41:03","modified_gmt":"2024-12-30T09:41:03","slug":"green-card-haastatella","status":"publish","type":"page","link":"https:\/\/us-gc.net\/fi\/green-card-haastatella\/","title":{"rendered":"Miten saat Green Card"},"content":{"rendered":"\n<h1 class=\"wp-block-heading\" id=\"h-comment-preparer-l-entretien-pour-la-green-card\">Miten valmistautua vihre\u00e4n kortin haastatteluun<\/h1>\n\n<h3 class=\"wp-block-heading\" id=\"h-confirmation-du-rendez-vous-pour-passer-l-entretien\">Haastatteluun kutsumisen vahvistaminen<\/h3>\n\n<p>Kun Yhdysvaltojen viranomaiset ovat tarkastaneet t\u00e4ytetyn DS-260-lomakkeen, hakija saa s\u00e4hk\u00f6postiviestin, jossa h\u00e4nelle ilmoitetaan, ett\u00e4 haastattelu on sovittu Yhdysvaltain suurl\u00e4hetyst\u00f6\u00f6n tai konsulaattiin. Hakijoiden on kirjauduttava <a href=\"https:\/\/us-gc.net\/fi\/monimuotoisuusvisa-ohjelma\/\">Diversity-viisumiohjelman<\/a> verkkosivustolle rekister\u00f6intinumerollaan. T\u00e4m\u00e4n yhteyden avulla he voivat vahvistaa haastattelun p\u00e4iv\u00e4m\u00e4\u00e4r\u00e4n, kellonajan ja paikan.<\/p>\n\n<h3 class=\"wp-block-heading\" id=\"h-preparation-de-l-interview\">Valmistautuminen haastatteluun<\/h3>\n\n<p>Haastatteluun valmistautuminen on t\u00e4rke\u00e4\u00e4. Hakijan on suoritettava seuraavat t\u00e4rke\u00e4t vaiheet ennen haastattelup\u00e4iv\u00e4\u00e4:<\/p>\n\n<ol class=\"wp-block-list\">\n<li>Tutustu osallistujana <a href=\"https:\/\/us-gc.net\/fi\/monimuotoisuusvisa-ohjelma\/\">DV-ohjelman<\/a> verkkosivuston tietoihin;<\/li>\n\n\n\n<li>Tutustu sen suurl\u00e4hetyst\u00f6n haastatteluohjeisiin, jossa haastattelu tapahtuu;<\/li>\n\n\n\n<li>L\u00e4\u00e4k\u00e4rintarkastuksen suunnittelu ja suorittaminen. Sinun on varattava aika hyv\u00e4ksytyn l\u00e4\u00e4k\u00e4rin vastaanotolle siin\u00e4 maassa, jossa sinua haastatellaan. Sinun on l\u00e4p\u00e4ist\u00e4v\u00e4 l\u00e4\u00e4k\u00e4rintarkastus ja kaikki vaaditut rokotukset ennen viisumihaastattelua. Kun l\u00e4\u00e4k\u00e4rintarkastus on valmis, saat sinet\u00f6idyn l\u00e4\u00e4k\u00e4rintarkastuskuoren, jonka voit tuoda viisumihaastatteluun. Jotkut l\u00e4\u00e4k\u00e4rit l\u00e4hett\u00e4v\u00e4t l\u00e4\u00e4k\u00e4rintarkastuksen tulokset suoraan suurl\u00e4hetyst\u00f6\u00f6n tai konsulaattiin.<\/li>\n\n\n\n<li>Ker\u00e4\u00e4 valokuvat ja kaikki tarvittavat asiakirjat. Jokaisen hakijan on tuotava haastatteluun kaksi samanlaista <a href=\"https:\/\/us-gc.net\/fi\/valokuva-green-card\/\">Green Card -valokuvaa<\/a>.<\/li>\n<\/ol>\n\n<div style=\"height:10px\" aria-hidden=\"true\" class=\"wp-block-spacer\"><\/div>\n\n<h3 class=\"wp-block-heading\" id=\"h-documents-a-fournir-lors-de-l-entretien-pour-la-green-card\">Vihre\u00e4n kortin haastattelussa toimitettavat asiakirjat<\/h3>\n\n<p><a href=\"https:\/\/www.usembassy.gov\/\">Yhdysvaltojen suurl\u00e4hetyst\u00f6ss\u00e4<\/a> pidett\u00e4v\u00e4ss\u00e4 haastattelussa hakijan on esitett\u00e4v\u00e4 seuraavat tiedot:<\/p>\n\n<ul class=\"wp-block-list\">\n<li>Nimitystiedot tulostetaan osallistujan tililt\u00e4 <a href=\"https:\/\/us-gc.net\/fi\/monimuotoisuusvisa-ohjelma\/\">DV-ohjelman<\/a> verkkosivustolla;<\/li>\n\n\n\n<li>Tulostetun DS-260-lomakkeen vahvistussivu ;<\/li>\n\n\n\n<li>Passi, joka on voimassa kuusi kuukautta suunnitellun Yhdysvaltoihin tulop\u00e4iv\u00e4n j\u00e4lkeen ;<\/li>\n\n\n\n<li>Alkuper\u00e4iset asiakirjat tai oikeaksi todistetut j\u00e4ljenn\u00f6kset siviilioikeudellisista asiakirjoista, jotka on toimitettu Kentuckyn konsulikeskukseen DS-260-lomakkeen vahvistamisen yhteydess\u00e4.<\/li>\n<\/ul>\n\n<div style=\"height:10px\" aria-hidden=\"true\" class=\"wp-block-spacer\"><\/div>\n\n<h3 class=\"wp-block-heading\" id=\"h-payer-les-frais-de-visa\">Viisumimaksujen maksaminen<\/h3>\n\n<p>Ennen suurl\u00e4hetyst\u00f6n haastattelua jokaisen hakijan on maksettava <a href=\"https:\/\/us-gc.net\/fi\/green-card-maksaa\/\">monimuotoisuusviisumimaksu<\/a>. <a href=\"https:\/\/us-gc.net\/fi\/green-card-arpajaiset-2024\/\">Green Card 2024-loton<\/a> hakijoille: <strong>maksu on 330 dollaria per henkil\u00f6<\/strong>. T\u00e4t\u00e4 maksua ei palauteta riippumatta siit\u00e4, miten moninaisuusohjelman viisumihakemus ratkaistaan.<\/p>\n\n<p>Maksut on maksettava ennen haastattelup\u00e4iv\u00e4\u00e4 ja -aikaa sen Yhdysvaltain suurl\u00e4hetyst\u00f6n tai konsulaatin ohjeiden mukaisesti, jossa sinua haastatellaan.<\/p>\n\n<div style=\"height:10px\" aria-hidden=\"true\" class=\"wp-block-spacer\"><\/div>\n\n<h2 class=\"wp-block-heading\" id=\"h-l-entretien-pour-obtenir-la-green-card-peut-il-etre-annule\">Voiko Green Card haastattelun peruuttaa?<\/h2>\n\n<p>Kyll\u00e4, <a href=\"https:\/\/us-gc.net\/fi\/\">Green Card<\/a> haastattelu voidaan tietyiss\u00e4 olosuhteissa peruuttaa tai lyk\u00e4t\u00e4. Seuraavassa on joitakin syit\u00e4, miksi n\u00e4in voi tapahtua:<\/p>\n\n<ul class=\"wp-block-list\">\n<li><strong>Hakijan lykk\u00e4yspyynt\u00f6<\/strong>: Jos sinulla on ristiriita tai h\u00e4t\u00e4tapaus, voit pyyt\u00e4\u00e4 USCIS:\u00e4\u00e4 lykk\u00e4\u00e4m\u00e4\u00e4n haastatteluasi. On t\u00e4rke\u00e4\u00e4 esitt\u00e4\u00e4 p\u00e4tev\u00e4 syy ja tarvittaessa todisteet;<\/li>\n\n\n\n<li><strong>Hallinnollinen ongelma<\/strong>: USCIS voi peruuttaa tai lyk\u00e4t\u00e4 haastattelua, jos asiakirjoja puuttuu, jos hakemuksesi kanssa on ongelmia tai jos hakemustasi k\u00e4sittelev\u00e4 virkailija ei ole tavoitettavissa;<\/li>\n\n\n\n<li><strong>S\u00e4\u00e4olosuhteet tai luonnonkatastrofit<\/strong>: Odottamattomat tapahtumat, kuten voimakkaat myrskyt tai muut luonnonkatastrofit, voivat pakottaa USCIS:n sulkemaan toimistonsa ja perumaan suunnitellut haastattelut;<\/li>\n\n\n\n<li><strong>Turvallisuuteen tai kansanterveyteen liittyv\u00e4t syyt<\/strong>: Pandemioiden kaltaiset tilanteet voivat johtaa haastattelujen peruuttamiseen turvallisuuteen tai kansanterveyteen liittyvist\u00e4 syist\u00e4.<\/li>\n<\/ul>\n\n<p>Jos haastattelusi peruuntuu, on t\u00e4rke\u00e4\u00e4, ett\u00e4 pid\u00e4t yhteystietosi USCIS:n kanssa ajan tasalla, jotta saat kaikki tapaustasi koskevat t\u00e4rke\u00e4t viestit.<\/p>\n\n<h2 class=\"wp-block-heading\" id=\"h-peut-on-obtenir-la-green-card-sans-passer-l-interview\">Voinko saada Green Card ilman haastattelua?<\/h2>\n\n<p>Valtaosa vihre\u00e4n kortin hakijoista joutuu osallistumaan haastatteluun. Haastattelun avulla USCIS voi tarkistaa hakemuksessa annetut tiedot, todentaa asiakirjat oikeiksi ja varmistaa, ett\u00e4 hakija t\u00e4ytt\u00e4\u00e4 kaikki pysyv\u00e4n oleskeluluvan saamiseksi vaadittavat edellytykset.  <\/p>\n\n<p>Tietyiss\u00e4 erityisolosuhteissa huolto ei kuitenkaan v\u00e4ltt\u00e4m\u00e4tt\u00e4 ole tarpeen. Seuraavassa on joitakin tilanteita, joissa n\u00e4in voi tapahtua:<\/p>\n\n<ul class=\"wp-block-list\">\n<li><strong>Tiettyjen maahanmuuttajaryhmien aseman mukauttaminen<\/strong>: Joissakin tapauksissa USCIS voi tiettyjen maahanmuuttajaryhmien osalta p\u00e4\u00e4tt\u00e4\u00e4, ett\u00e4 haastattelu ei ole tarpeen, ja hyv\u00e4ksy\u00e4 aseman muuttamista koskevan hakemuksen ilman haastattelua. N\u00e4in voi tapahtua tietyiss\u00e4 ty\u00f6suhteeseen perustuvien viisumiluokissa, erityisesti jos asiakirjat ovat erityisen selke\u00e4t ja t\u00e4ydelliset;<\/li>\n\n\n\n<li><strong>Haastattelusta luopuminen<\/strong>: Jos hakija pystyy osoittamaan, ett\u00e4 haastatteluun matkustaminen aiheuttaisi \u00e4\u00e4rimm\u00e4isi\u00e4 tai tarpeettomia vaikeuksia, USCIS voi harvinaisissa tapauksissa harkita haastattelusta luopumista. N\u00e4m\u00e4 tilanteet ovat poikkeuksellisia;<\/li>\n\n\n\n<li><strong>Aikaisempi kokemus<\/strong>: Suuren kysynn\u00e4n tai toiminnallisten rajoitusten aikana USCIS on joskus mukauttanut k\u00e4yt\u00e4nt\u00f6j\u00e4\u00e4n rajoittamalla tiettyjen hakijaryhmien haastatteluja. N\u00e4in on ollut aiemmin joidenkin sellaisten vihre\u00e4n kortin uusimisten tai aseman mukauttamisen yhteydess\u00e4, jotka eiv\u00e4t ole aiheuttaneet monimutkaisia kysymyksi\u00e4, jotka vaativat haastattelua.<\/li>\n\n\n\n<li><strong>Toimintatapojen muuttaminen kriisin seurauksena<\/strong>: COVID-19-pandemian kaltaisen terveyskriisin aikana USCIS mukautti toimintatapojaan ja menettelyj\u00e4\u00e4n. Tarvittavien haastattelujen m\u00e4\u00e4r\u00e4\u00e4 on v\u00e4hennetty.<\/li>\n<\/ul>\n\n<div style=\"height:10px\" aria-hidden=\"true\" class=\"wp-block-spacer\"><\/div>\n\n<h2 class=\"wp-block-heading\" id=\"h-combien-de-temps-dure-l-entretien\">Kuinka kauan haastattelu kest\u00e4\u00e4?<\/h2>\n\n<p>Vihre\u00e4n kortin saamiseksi teht\u00e4v\u00e4n haastattelun kesto voi vaihdella useiden tekij\u00f6iden mukaan. Se kest\u00e4\u00e4 yleens\u00e4 20 minuutista tuntiin. Haastattelun kestoon voivat vaikuttaa tapauksen monimutkaisuus, maahanmuuttovirkailijan k\u00e4sittelem\u00e4t kysymykset ja tarkistettavien asiakirjojen m\u00e4\u00e4r\u00e4.<\/p>\n\n<p>Haastatteluun kannattaa saapua hyvin valmistautuneena ja valmiina vastaamaan kaikkiin kysymyksiin. Ennen haastattelua ja sen j\u00e4lkeen on varattava riitt\u00e4v\u00e4sti aikaa paikan p\u00e4\u00e4ll\u00e4 suoritettaviin hallinnollisiin lis\u00e4toimenpiteisiin.<\/p>\n\n<h2 class=\"wp-block-heading\" id=\"h-combien-de-temps-apres-l-entretien-on-obtient-la-green-card\">Kuinka kauan kest\u00e4\u00e4 saada Green Card haastattelun j\u00e4lkeen?<\/h2>\n\n<p>Yleens\u00e4 USCIS ilmoittaa hakijalle h\u00e4nen hakemustaan koskevasta p\u00e4\u00e4t\u00f6ksest\u00e4 pian haastattelun j\u00e4lkeen. Jos hakemus hyv\u00e4ksyt\u00e4\u00e4n, vihre\u00e4n kortin valmistaminen ja l\u00e4hett\u00e4minen voi kest\u00e4\u00e4 muutaman viikon. USCIS ilmoittaa usein arvioidun ajan kortin saamiselle, kun hakemus on hyv\u00e4ksytty.<\/p>\n\n<p>On t\u00e4rke\u00e4\u00e4 pit\u00e4\u00e4 yhteytt\u00e4 USCIS:\u00e4\u00e4n ja seurata hakemuksen tilaa <a href=\"https:\/\/us-gc.net\/fi\/monimuotoisuusvisa-ohjelma\/\">Diversity Visa Program-ohjelman<\/a> verkkosivustolla.<\/p>\n","protected":false},"excerpt":{"rendered":"<p>Miten valmistautua vihre\u00e4n kortin haastatteluun Haastatteluun kutsumisen vahvistaminen Kun Yhdysvaltojen viranomaiset ovat tarkastaneet t\u00e4ytetyn DS-260-lomakkeen, hakija saa s\u00e4hk\u00f6postiviestin, jossa h\u00e4nelle ilmoitetaan, ett\u00e4 haastattelu on sovittu Yhdysvaltain suurl\u00e4hetyst\u00f6\u00f6n tai konsulaattiin. Hakijoiden on kirjauduttava Diversity-viisumiohjelman verkkosivustolle rekister\u00f6intinumerollaan. T\u00e4m\u00e4n yhteyden avulla he voivat vahvistaa haastattelun p\u00e4iv\u00e4m\u00e4\u00e4r\u00e4n, kellonajan ja paikan. Valmistautuminen haastatteluun Haastatteluun valmistautuminen on t\u00e4rke\u00e4\u00e4. Hakijan on suoritettava [&hellip;]<\/p>\n","protected":false},"author":1,"featured_media":0,"parent":0,"menu_order":0,"comment_status":"closed","ping_status":"closed","template":"","meta":{"footnotes":""},"class_list":["post-1240","page","type-page","status-publish","hentry"],"yoast_head":"<!-- This site is optimized with the Yoast SEO plugin v27.4 - https:\/\/yoast.com\/product\/yoast-seo-wordpress\/ -->\n<title>Miten saat Green Card - USA GC<\/title>\n<meta name=\"description\" content=\"Miten onnistut Green Card-haastattelussa\" \/>\n<meta name=\"robots\" content=\"index, follow, max-snippet:-1, max-image-preview:large, max-video-preview:-1\" \/>\n<link rel=\"canonical\" href=\"https:\/\/us-gc.net\/fi\/green-card-haastatella\/\" \/>\n<meta property=\"og:locale\" content=\"fi_FI\" \/>\n<meta property=\"og:type\" content=\"article\" \/>\n<meta property=\"og:title\" content=\"Miten saat Green Card - USA GC\" \/>\n<meta property=\"og:description\" content=\"Miten onnistut Green Card-haastattelussa\" \/>\n<meta property=\"og:url\" content=\"https:\/\/us-gc.net\/fi\/green-card-haastatella\/\" \/>\n<meta property=\"og:site_name\" content=\"USA GC\" \/>\n<meta property=\"article:modified_time\" content=\"2024-12-30T09:41:03+00:00\" \/>\n<meta name=\"twitter:card\" content=\"summary_large_image\" \/>\n<meta name=\"twitter:label1\" content=\"Arvioitu lukuaika\" \/>\n\t<meta name=\"twitter:data1\" content=\"4 minuuttia\" \/>\n<script type=\"application\/ld+json\" class=\"yoast-schema-graph\">{\"@context\":\"https:\\\/\\\/schema.org\",\"@graph\":[{\"@type\":\"WebPage\",\"@id\":\"https:\\\/\\\/us-gc.net\\\/fi\\\/green-card-haastatella\\\/\",\"url\":\"https:\\\/\\\/us-gc.net\\\/fi\\\/green-card-haastatella\\\/\",\"name\":\"Miten saat Green Card - USA GC\",\"isPartOf\":{\"@id\":\"https:\\\/\\\/us-gc.net\\\/fi\\\/#website\"},\"datePublished\":\"2024-01-31T16:27:17+00:00\",\"dateModified\":\"2024-12-30T09:41:03+00:00\",\"description\":\"Miten onnistut Green Card-haastattelussa\",\"breadcrumb\":{\"@id\":\"https:\\\/\\\/us-gc.net\\\/fi\\\/green-card-haastatella\\\/#breadcrumb\"},\"inLanguage\":\"fi\",\"potentialAction\":[{\"@type\":\"ReadAction\",\"target\":[\"https:\\\/\\\/us-gc.net\\\/fi\\\/green-card-haastatella\\\/\"]}]},{\"@type\":\"BreadcrumbList\",\"@id\":\"https:\\\/\\\/us-gc.net\\\/fi\\\/green-card-haastatella\\\/#breadcrumb\",\"itemListElement\":[{\"@type\":\"ListItem\",\"position\":1,\"name\":\"Accueil\",\"item\":\"https:\\\/\\\/us-gc.net\\\/fi\\\/green-card\\\/\"},{\"@type\":\"ListItem\",\"position\":2,\"name\":\"Miten saat Green Card\"}]},{\"@type\":\"WebSite\",\"@id\":\"https:\\\/\\\/us-gc.net\\\/fi\\\/#website\",\"url\":\"https:\\\/\\\/us-gc.net\\\/fi\\\/\",\"name\":\"USA GC\",\"description\":\"\",\"potentialAction\":[{\"@type\":\"SearchAction\",\"target\":{\"@type\":\"EntryPoint\",\"urlTemplate\":\"https:\\\/\\\/us-gc.net\\\/fi\\\/?s={search_term_string}\"},\"query-input\":{\"@type\":\"PropertyValueSpecification\",\"valueRequired\":true,\"valueName\":\"search_term_string\"}}],\"inLanguage\":\"fi\"}]}<\/script>\n<!-- \/ Yoast SEO plugin. -->","yoast_head_json":{"title":"Miten saat Green Card - USA GC","description":"Miten onnistut Green Card-haastattelussa","robots":{"index":"index","follow":"follow","max-snippet":"max-snippet:-1","max-image-preview":"max-image-preview:large","max-video-preview":"max-video-preview:-1"},"canonical":"https:\/\/us-gc.net\/fi\/green-card-haastatella\/","og_locale":"fi_FI","og_type":"article","og_title":"Miten saat Green Card - USA GC","og_description":"Miten onnistut Green Card-haastattelussa","og_url":"https:\/\/us-gc.net\/fi\/green-card-haastatella\/","og_site_name":"USA GC","article_modified_time":"2024-12-30T09:41:03+00:00","twitter_card":"summary_large_image","twitter_misc":{"Arvioitu lukuaika":"4 minuuttia"},"schema":{"@context":"https:\/\/schema.org","@graph":[{"@type":"WebPage","@id":"https:\/\/us-gc.net\/fi\/green-card-haastatella\/","url":"https:\/\/us-gc.net\/fi\/green-card-haastatella\/","name":"Miten saat Green Card - USA GC","isPartOf":{"@id":"https:\/\/us-gc.net\/fi\/#website"},"datePublished":"2024-01-31T16:27:17+00:00","dateModified":"2024-12-30T09:41:03+00:00","description":"Miten onnistut Green Card-haastattelussa","breadcrumb":{"@id":"https:\/\/us-gc.net\/fi\/green-card-haastatella\/#breadcrumb"},"inLanguage":"fi","potentialAction":[{"@type":"ReadAction","target":["https:\/\/us-gc.net\/fi\/green-card-haastatella\/"]}]},{"@type":"BreadcrumbList","@id":"https:\/\/us-gc.net\/fi\/green-card-haastatella\/#breadcrumb","itemListElement":[{"@type":"ListItem","position":1,"name":"Accueil","item":"https:\/\/us-gc.net\/fi\/green-card\/"},{"@type":"ListItem","position":2,"name":"Miten saat Green Card"}]},{"@type":"WebSite","@id":"https:\/\/us-gc.net\/fi\/#website","url":"https:\/\/us-gc.net\/fi\/","name":"USA GC","description":"","potentialAction":[{"@type":"SearchAction","target":{"@type":"EntryPoint","urlTemplate":"https:\/\/us-gc.net\/fi\/?s={search_term_string}"},"query-input":{"@type":"PropertyValueSpecification","valueRequired":true,"valueName":"search_term_string"}}],"inLanguage":"fi"}]}},"_links":{"self":[{"href":"https:\/\/us-gc.net\/fi\/wp-json\/wp\/v2\/pages\/1240","targetHints":{"allow":["GET"]}}],"collection":[{"href":"https:\/\/us-gc.net\/fi\/wp-json\/wp\/v2\/pages"}],"about":[{"href":"https:\/\/us-gc.net\/fi\/wp-json\/wp\/v2\/types\/page"}],"author":[{"embeddable":true,"href":"https:\/\/us-gc.net\/fi\/wp-json\/wp\/v2\/users\/1"}],"replies":[{"embeddable":true,"href":"https:\/\/us-gc.net\/fi\/wp-json\/wp\/v2\/comments?post=1240"}],"version-history":[{"count":1,"href":"https:\/\/us-gc.net\/fi\/wp-json\/wp\/v2\/pages\/1240\/revisions"}],"predecessor-version":[{"id":7743,"href":"https:\/\/us-gc.net\/fi\/wp-json\/wp\/v2\/pages\/1240\/revisions\/7743"}],"wp:attachment":[{"href":"https:\/\/us-gc.net\/fi\/wp-json\/wp\/v2\/media?parent=1240"}],"curies":[{"name":"wp","href":"https:\/\/api.w.org\/{rel}","templated":true}]}}