{"id":1145,"date":"2024-01-31T16:36:26","date_gmt":"2024-01-31T16:36:26","guid":{"rendered":"https:\/\/green-card-usa.net\/green-card-sponsoroi\/"},"modified":"2024-12-30T09:46:02","modified_gmt":"2024-12-30T09:46:02","slug":"green-card-sponsoroi","status":"publish","type":"page","link":"https:\/\/us-gc.net\/fi\/green-card-sponsoroi\/","title":{"rendered":"Sponsoroi vihre\u00e4n kortin hakijaa"},"content":{"rendered":"\n<h1 class=\"wp-block-heading\" id=\"h-obtenir-la-green-card-grace-au-parrainage\">Hanki vihre\u00e4 kortti sponsoroinnin avulla<\/h1>\n\n<p>Amerikkalaisen vihre\u00e4n kortin hankkiminen sponsorin kautta antaa maahanmuuttajille mahdollisuuden asua pysyv\u00e4sti Yhdysvalloissa. Seuraavassa on lueteltu vihre\u00e4n kortin sponsorointiin liittyv\u00e4t keskeiset n\u00e4k\u00f6kohdat ja sponsorin velvollisuudet.<\/p>\n\n<h2 class=\"wp-block-heading\" id=\"h-qu-est-ce-que-le-parrainage-de-la-green-card\">Mit\u00e4 on vihre\u00e4n kortin sponsorointi?<\/h2>\n\n<p>Vihre\u00e4n kortin sponsorointi tarkoittaa sit\u00e4, ett\u00e4 tuetaan henkil\u00f6n hakemusta pysyv\u00e4\u00e4 oleskelulupaa varten Yhdysvalloissa. Tukea voi saada perheenj\u00e4senelt\u00e4, joka on jo Yhdysvaltain kansalainen tai <a href=\"https:\/\/us-gc.net\/fi\/\">Green Card<\/a> haltija, tai amerikkalaiselta ty\u00f6nantajalta.<\/p>\n\n<p>Sponsori on er\u00e4\u00e4nlainen moraalinen takaaja vihre\u00e4n kortin hakijalle.  <\/p>\n\n<h2 class=\"wp-block-heading\" id=\"h-parrainage-familial\">Perheen sponsorointi<\/h2>\n\n<h3 class=\"wp-block-heading\" id=\"h-le-titulaire-d-une-green-card-peut-il-parrainer-ses-parents\">Voivatko vihre\u00e4n kortin haltijat sponsoroida vanhempiaan?<\/h3>\n\n<p>Ei, vihre\u00e4n kortin haltijat eiv\u00e4t voi sponsoroida vanhempiaan. Ainoastaan Yhdysvaltain kansalaiset voivat sponsoroida vanhempiaan vihre\u00e4\u00e4 korttia varten l\u00e4hisukulaisina.<\/p>\n\n<h3 class=\"wp-block-heading\" id=\"h-le-titulaire-d-une-green-card-peut-il-parrainer-son-conjoint\">Voiko Green Card haltija sponsoroida puolisoaan?<\/h3>\n\n<p>Kyll\u00e4, vihre\u00e4n kortin haltijat voivat sponsoroida puolisoaan pysyv\u00e4\u00e4 oleskelulupaa varten Yhdysvaltoihin.<\/p>\n\n<h3 class=\"wp-block-heading\" id=\"h-le-titulaire-d-une-green-card-peut-il-parrainer-ses-freres-et-soeurs\">Voivatko vihre\u00e4n kortin haltijat sponsoroida sisaruksiaan?<\/h3>\n\n<p>Ei, vihre\u00e4n kortin haltijat eiv\u00e4t voi sponsoroida sisaruksiaan. T\u00e4m\u00e4 vaihtoehto on k\u00e4ytett\u00e4viss\u00e4 vain Yhdysvaltain kansalaisille.<\/p>\n\n<h3 class=\"wp-block-heading\" id=\"h-le-titulaire-d-une-green-card-peut-il-parrainer-un-enfant-de-plus-de-21-ans\">Voiko Green Card haltija sponsoroida yli 21-vuotiasta lasta?<\/h3>\n\n<p>Kyll\u00e4, Green Card haltijat voivat sponsoroida yli 21-vuotiaita naimattomia lapsiaan, mutta he kuuluvat etuuskohteluluokkaan, mik\u00e4 voi johtaa pidempiin viivytyksiin.<\/p>\n\n<h2 class=\"wp-block-heading\" id=\"h-une-entreprise-peut-elle-sponsoriser-une-green-card\">Voiko yritys sponsoroida Green Card?<\/h2>\n\n<p>Kyll\u00e4, yritys voi sponsoroida ty\u00f6ntekij\u00e4\u00e4 vihre\u00e4\u00e4 korttia varten ty\u00f6voiman sertifiointimenettelyn tai muiden ty\u00f6llist\u00e4misluokkien kautta.<\/p>\n\n<h2 class=\"wp-block-heading\" id=\"h-les-etapes-pour-obtenir-une-green-card-grace-a-un-sponsor\">Vaiheet Green Card saamiseksi sponsorin ansiosta<\/h2>\n\n<ol class=\"wp-block-list\">\n<li><strong>Rahoittajan tunnistaminen<\/strong>: Selvit\u00e4, voiko perheenj\u00e4sen tai ty\u00f6nantaja tukea sinua.<\/li>\n\n\n\n<li><strong>Lomakkeen I-130 toimittaminen<\/strong> perhesponsorointia varten. Jos kyseess\u00e4 on toimeksiantava ty\u00f6nantaja, on k\u00e4ynnistett\u00e4v\u00e4 ty\u00f6todistusprosessi.<\/li>\n\n\n\n<li><strong>Hyv\u00e4ksynn\u00e4n odottaminen<\/strong>: Ajat vaihtelevat sponsorointiluokan ja hakijan kansallisen alkuper\u00e4n mukaan.<\/li>\n\n\n\n<li><strong>Statusmuutos tai konsuliprosessi<\/strong>: Jos olet jo Yhdysvalloissa, voit muuttaa asemaasi. Muussa tapauksessa sinun on k\u00e4yt\u00e4v\u00e4 l\u00e4pi konsulimenettely kotimaassasi.<\/li>\n\n\n\n<li><strong>Haastattelu ja hyv\u00e4ksyminen<\/strong>: Osallistu <a href=\"https:\/\/us-gc.net\/fi\/green-card-haastatella\/\">Green Card-haastatteluun<\/a> konsulaatissa tai <a href=\"https:\/\/www.uscis.gov\/\">USCIS:n<\/a> henkil\u00f6kunnan kanssa hakemuksesi vahvistamiseksi.<\/li>\n<\/ol>\n\n<h2 class=\"wp-block-heading\" id=\"h-le-sponsor-peut-il-revoquer-la-green-card\">Voiko toimeksiantaja peruuttaa vihre\u00e4n kortin?<\/h2>\n\n<p>Kun vihre\u00e4 kortti on my\u00f6nnetty, hakija ei yleens\u00e4 voi peruuttaa sit\u00e4. On kuitenkin olemassa poikkeuksia, erityisesti jos vihre\u00e4 kortti on saatu petoksella.<\/p>\n\n<h2 class=\"wp-block-heading\" id=\"h-faut-il-un-sponsor-pour-participer-a-la-loterie\">Tarvitsenko sponsorin osallistuakseni arvontaan?<\/h2>\n\n<p>Ei, et tarvitse sponsoria osallistuaksesi <a href=\"https:\/\/us-gc.net\/fi\/arpajaiset-green-card\/\">Green Card arvontaan<\/a>. Rekister\u00f6ityminen tapahtuu kokonaan verkossa muutamassa minuutissa. Varmista osallistumisesi klikkaamalla <a href=\"https:\/\/us-gc.net\/fi\/green-card-lottolomake\/\">verkkolomaketta<\/a>.<\/p>\n","protected":false},"excerpt":{"rendered":"<p>Hanki vihre\u00e4 kortti sponsoroinnin avulla Amerikkalaisen vihre\u00e4n kortin hankkiminen sponsorin kautta antaa maahanmuuttajille mahdollisuuden asua pysyv\u00e4sti Yhdysvalloissa. Seuraavassa on lueteltu vihre\u00e4n kortin sponsorointiin liittyv\u00e4t keskeiset n\u00e4k\u00f6kohdat ja sponsorin velvollisuudet. Mit\u00e4 on vihre\u00e4n kortin sponsorointi? Vihre\u00e4n kortin sponsorointi tarkoittaa sit\u00e4, ett\u00e4 tuetaan henkil\u00f6n hakemusta pysyv\u00e4\u00e4 oleskelulupaa varten Yhdysvalloissa. Tukea voi saada perheenj\u00e4senelt\u00e4, joka on jo Yhdysvaltain [&hellip;]<\/p>\n","protected":false},"author":1,"featured_media":0,"parent":0,"menu_order":0,"comment_status":"closed","ping_status":"closed","template":"","meta":{"footnotes":""},"class_list":["post-1145","page","type-page","status-publish","hentry"],"yoast_head":"<!-- This site is optimized with the Yoast SEO plugin v27.4 - https:\/\/yoast.com\/product\/yoast-seo-wordpress\/ -->\n<title>Sponsoroi vihre\u00e4n kortin hakijaa - USA GC<\/title>\n<meta name=\"description\" content=\"Vihre\u00e4n kortin haltijat voivat sponsoroida vihre\u00e4n kortin hakijaa tietyiss\u00e4 olosuhteissa.\" \/>\n<meta name=\"robots\" content=\"index, follow, max-snippet:-1, max-image-preview:large, max-video-preview:-1\" \/>\n<link rel=\"canonical\" href=\"https:\/\/us-gc.net\/fi\/green-card-sponsoroi\/\" \/>\n<meta property=\"og:locale\" content=\"fi_FI\" \/>\n<meta property=\"og:type\" content=\"article\" \/>\n<meta property=\"og:title\" content=\"Sponsoroi vihre\u00e4n kortin hakijaa - USA GC\" \/>\n<meta property=\"og:description\" content=\"Vihre\u00e4n kortin haltijat voivat sponsoroida vihre\u00e4n kortin hakijaa tietyiss\u00e4 olosuhteissa.\" \/>\n<meta property=\"og:url\" content=\"https:\/\/us-gc.net\/fi\/green-card-sponsoroi\/\" \/>\n<meta property=\"og:site_name\" content=\"USA GC\" \/>\n<meta property=\"article:modified_time\" content=\"2024-12-30T09:46:02+00:00\" \/>\n<meta name=\"twitter:card\" content=\"summary_large_image\" \/>\n<meta name=\"twitter:label1\" content=\"Arvioitu lukuaika\" \/>\n\t<meta name=\"twitter:data1\" content=\"2 minuuttia\" \/>\n<script type=\"application\/ld+json\" class=\"yoast-schema-graph\">{\"@context\":\"https:\\\/\\\/schema.org\",\"@graph\":[{\"@type\":\"WebPage\",\"@id\":\"https:\\\/\\\/us-gc.net\\\/fi\\\/green-card-sponsoroi\\\/\",\"url\":\"https:\\\/\\\/us-gc.net\\\/fi\\\/green-card-sponsoroi\\\/\",\"name\":\"Sponsoroi vihre\u00e4n kortin hakijaa - USA GC\",\"isPartOf\":{\"@id\":\"https:\\\/\\\/us-gc.net\\\/fi\\\/#website\"},\"datePublished\":\"2024-01-31T16:36:26+00:00\",\"dateModified\":\"2024-12-30T09:46:02+00:00\",\"description\":\"Vihre\u00e4n kortin haltijat voivat sponsoroida vihre\u00e4n kortin hakijaa tietyiss\u00e4 olosuhteissa.\",\"breadcrumb\":{\"@id\":\"https:\\\/\\\/us-gc.net\\\/fi\\\/green-card-sponsoroi\\\/#breadcrumb\"},\"inLanguage\":\"fi\",\"potentialAction\":[{\"@type\":\"ReadAction\",\"target\":[\"https:\\\/\\\/us-gc.net\\\/fi\\\/green-card-sponsoroi\\\/\"]}]},{\"@type\":\"BreadcrumbList\",\"@id\":\"https:\\\/\\\/us-gc.net\\\/fi\\\/green-card-sponsoroi\\\/#breadcrumb\",\"itemListElement\":[{\"@type\":\"ListItem\",\"position\":1,\"name\":\"Accueil\",\"item\":\"https:\\\/\\\/us-gc.net\\\/fi\\\/green-card\\\/\"},{\"@type\":\"ListItem\",\"position\":2,\"name\":\"Sponsoroi vihre\u00e4n kortin hakijaa\"}]},{\"@type\":\"WebSite\",\"@id\":\"https:\\\/\\\/us-gc.net\\\/fi\\\/#website\",\"url\":\"https:\\\/\\\/us-gc.net\\\/fi\\\/\",\"name\":\"USA GC\",\"description\":\"\",\"potentialAction\":[{\"@type\":\"SearchAction\",\"target\":{\"@type\":\"EntryPoint\",\"urlTemplate\":\"https:\\\/\\\/us-gc.net\\\/fi\\\/?s={search_term_string}\"},\"query-input\":{\"@type\":\"PropertyValueSpecification\",\"valueRequired\":true,\"valueName\":\"search_term_string\"}}],\"inLanguage\":\"fi\"}]}<\/script>\n<!-- \/ Yoast SEO plugin. -->","yoast_head_json":{"title":"Sponsoroi vihre\u00e4n kortin hakijaa - USA GC","description":"Vihre\u00e4n kortin haltijat voivat sponsoroida vihre\u00e4n kortin hakijaa tietyiss\u00e4 olosuhteissa.","robots":{"index":"index","follow":"follow","max-snippet":"max-snippet:-1","max-image-preview":"max-image-preview:large","max-video-preview":"max-video-preview:-1"},"canonical":"https:\/\/us-gc.net\/fi\/green-card-sponsoroi\/","og_locale":"fi_FI","og_type":"article","og_title":"Sponsoroi vihre\u00e4n kortin hakijaa - USA GC","og_description":"Vihre\u00e4n kortin haltijat voivat sponsoroida vihre\u00e4n kortin hakijaa tietyiss\u00e4 olosuhteissa.","og_url":"https:\/\/us-gc.net\/fi\/green-card-sponsoroi\/","og_site_name":"USA GC","article_modified_time":"2024-12-30T09:46:02+00:00","twitter_card":"summary_large_image","twitter_misc":{"Arvioitu lukuaika":"2 minuuttia"},"schema":{"@context":"https:\/\/schema.org","@graph":[{"@type":"WebPage","@id":"https:\/\/us-gc.net\/fi\/green-card-sponsoroi\/","url":"https:\/\/us-gc.net\/fi\/green-card-sponsoroi\/","name":"Sponsoroi vihre\u00e4n kortin hakijaa - USA GC","isPartOf":{"@id":"https:\/\/us-gc.net\/fi\/#website"},"datePublished":"2024-01-31T16:36:26+00:00","dateModified":"2024-12-30T09:46:02+00:00","description":"Vihre\u00e4n kortin haltijat voivat sponsoroida vihre\u00e4n kortin hakijaa tietyiss\u00e4 olosuhteissa.","breadcrumb":{"@id":"https:\/\/us-gc.net\/fi\/green-card-sponsoroi\/#breadcrumb"},"inLanguage":"fi","potentialAction":[{"@type":"ReadAction","target":["https:\/\/us-gc.net\/fi\/green-card-sponsoroi\/"]}]},{"@type":"BreadcrumbList","@id":"https:\/\/us-gc.net\/fi\/green-card-sponsoroi\/#breadcrumb","itemListElement":[{"@type":"ListItem","position":1,"name":"Accueil","item":"https:\/\/us-gc.net\/fi\/green-card\/"},{"@type":"ListItem","position":2,"name":"Sponsoroi vihre\u00e4n kortin hakijaa"}]},{"@type":"WebSite","@id":"https:\/\/us-gc.net\/fi\/#website","url":"https:\/\/us-gc.net\/fi\/","name":"USA GC","description":"","potentialAction":[{"@type":"SearchAction","target":{"@type":"EntryPoint","urlTemplate":"https:\/\/us-gc.net\/fi\/?s={search_term_string}"},"query-input":{"@type":"PropertyValueSpecification","valueRequired":true,"valueName":"search_term_string"}}],"inLanguage":"fi"}]}},"_links":{"self":[{"href":"https:\/\/us-gc.net\/fi\/wp-json\/wp\/v2\/pages\/1145","targetHints":{"allow":["GET"]}}],"collection":[{"href":"https:\/\/us-gc.net\/fi\/wp-json\/wp\/v2\/pages"}],"about":[{"href":"https:\/\/us-gc.net\/fi\/wp-json\/wp\/v2\/types\/page"}],"author":[{"embeddable":true,"href":"https:\/\/us-gc.net\/fi\/wp-json\/wp\/v2\/users\/1"}],"replies":[{"embeddable":true,"href":"https:\/\/us-gc.net\/fi\/wp-json\/wp\/v2\/comments?post=1145"}],"version-history":[{"count":1,"href":"https:\/\/us-gc.net\/fi\/wp-json\/wp\/v2\/pages\/1145\/revisions"}],"predecessor-version":[{"id":7987,"href":"https:\/\/us-gc.net\/fi\/wp-json\/wp\/v2\/pages\/1145\/revisions\/7987"}],"wp:attachment":[{"href":"https:\/\/us-gc.net\/fi\/wp-json\/wp\/v2\/media?parent=1145"}],"curies":[{"name":"wp","href":"https:\/\/api.w.org\/{rel}","templated":true}]}}