{"id":1126,"date":"2024-02-04T15:55:27","date_gmt":"2024-02-04T15:55:27","guid":{"rendered":"https:\/\/green-card-usa.net\/arpajaiset-green-card-2026\/"},"modified":"2025-03-31T10:09:28","modified_gmt":"2025-03-31T10:09:28","slug":"arpajaiset-green-card-2026","status":"publish","type":"page","link":"https:\/\/us-gc.net\/fi\/arpajaiset-green-card-2026\/","title":{"rendered":"Green Card arpajaiset 2026"},"content":{"rendered":"\n<h1 class=\"wp-block-heading\" id=\"h-la-loterie-de-la-green-card-2026\">Vuoden 2026 Green Card arvonta<\/h1>\n\n<p>Yhdysvallat tarjoaa vuosittain yli 50 000 ulkomaalaiselle mahdollisuuden saada Green Card-lupa arpomalla. T\u00e4m\u00e4 arvonta on osa Yhdysvaltojen monimuotoisuusviisumiohjelmaa. T\u00e4m\u00e4 ohjelma perustettiin Yhdysvaltoihin suuntautuvan maahanmuuton hallitsemiseksi.<\/p>\n\n<h2 class=\"wp-block-heading\" id=\"h-qu-est-ce-que-la-loterie-de-la-green-card-2026\">Mik\u00e4 on Green Card 2026 -arvonta?<\/h2>\n\n<p>Jokaisessa Green Card arvonnassa on sen vuoden numero, jolloin hakijoista tulee lopulta <a href=\"https:\/\/us-gc.net\/fi\/\">amerikkalaisen Green Card<\/a> haltijoita. Vuoden 2026 Green Card arvonta koskee siis vuonna 2026 my\u00f6nnett\u00e4vien vihreiden korttien kiinti\u00f6t\u00e4. Yhdysvaltain hallinto kutsuu t\u00e4t\u00e4 monimuotoisuusohjelmasta DV-2026 johtuvien uusien viisumien edist\u00e4mist\u00e4 nimell\u00e4 Diversity-Program 2026.<\/p>\n\n<h2 class=\"wp-block-heading\" id=\"h-quand-se-deroule-le-tirage-au-sort-du-quota-de-green-card-2026\">Milloin vuoden 2026 vihre\u00e4n kortin kiinti\u00f6 arvotaan?<\/h2>\n\n<p>Green Card saaminen arpajaisten kautta on monivaiheinen prosessi. Ensimm\u00e4inen vaihe on arvonta. <\/p>\n\n<p><strong>DV2026-ehdokkaiden oli rekister\u00f6idytt\u00e4v\u00e4 2. lokakuuta 2024 alkaen<\/strong> osallistuakseen arvontaan, joka suoritetaan joka vuosi marraskuun alussa. Online-ilmoittautuminen DV2026-arvontaan p\u00e4\u00e4ttyi 5. marraskuuta 2024. <\/p>\n\n<h2 class=\"wp-block-heading\" id=\"h-quand-sont-publies-les-resultats-du-tirage-au-sort-du-dv-2026\">Milloin DV-2026-arvonnan tulokset julkaistaan?<\/h2>\n\n<p><a href=\"https:\/\/us-gc.net\/fi\/tulokset-lottery-green-card\/\">Vihre\u00e4n kortin arvonnan tulokset<\/a> julkaistaan noin 6 kuukauden kuluttua hakemusten j\u00e4tt\u00e4misen p\u00e4\u00e4ttymisest\u00e4: DV2026-arvonnan tulokset julkaistaan toukokuusta 2025 alkaen.<\/p>\n\n<h2 class=\"wp-block-heading\" id=\"h-quel-sont-les-etapes-suivantes-pour-les-gagnants-de-la-loterie\">Mitk\u00e4 ovat seuraavat vaiheet lottovoittajille?<\/h2>\n\n<p>T\u00e4m\u00e4n j\u00e4lkeen voittajien on haettava monimuotoisuusviisumia. T\u00e4rkeimm\u00e4t vaiheet Green Card saamiseksi ovat :<\/p>\n\n<ul class=\"wp-block-list\">\n<li>T\u00e4yt\u00e4 <a href=\"https:\/\/travel.state.gov\/content\/travel\/en\/us-visas\/visa-information-resources\/forms\/online-immigrant-visa-forms\/ds-260-faqs.html\">viisumihakemuslomake DS-260<\/a>.<\/li>\n\n\n\n<li>Maksa <a href=\"https:\/\/us-gc.net\/fi\/green-card-maksaa\/\">Green Card saamiseksi vaadittavat maksut<\/a> osana t\u00e4t\u00e4 pakollista viisumihakemusta;<\/li>\n\n\n\n<li><a href=\"https:\/\/us-gc.net\/fi\/green-card-haastatella\/\">Haastattele Green Card<\/a> USCIS:n virkailijan kanssa, joka osallistuu monimuotoisuusviisumiohjelmaan.<\/li>\n<\/ul>\n\n<div style=\"height:10px\" aria-hidden=\"true\" class=\"wp-block-spacer\"><\/div>\n\n<p><a href=\"https:\/\/us-gc.net\/fi\/ero-green-card-viisumi\/\">Green Card ja viisumi ovat eri asiakirjoja<\/a>. Monimuotoisuusviisumin saaminen on yksi vaihe vihre\u00e4n kortin saamisessa.<\/p>\n\n<p><\/p>\n\n<p><\/p>\n","protected":false},"excerpt":{"rendered":"<p>Vuoden 2026 Green Card arvonta Yhdysvallat tarjoaa vuosittain yli 50 000 ulkomaalaiselle mahdollisuuden saada Green Card-lupa arpomalla. T\u00e4m\u00e4 arvonta on osa Yhdysvaltojen monimuotoisuusviisumiohjelmaa. T\u00e4m\u00e4 ohjelma perustettiin Yhdysvaltoihin suuntautuvan maahanmuuton hallitsemiseksi. Mik\u00e4 on Green Card 2026 -arvonta? Jokaisessa Green Card arvonnassa on sen vuoden numero, jolloin hakijoista tulee lopulta amerikkalaisen Green Card haltijoita. Vuoden 2026 Green [&hellip;]<\/p>\n","protected":false},"author":1,"featured_media":0,"parent":0,"menu_order":0,"comment_status":"closed","ping_status":"closed","template":"","meta":{"footnotes":""},"class_list":["post-1126","page","type-page","status-publish","hentry"],"yoast_head":"<!-- This site is optimized with the Yoast SEO plugin v27.4 - https:\/\/yoast.com\/product\/yoast-seo-wordpress\/ -->\n<title>Green Card arpajaiset 2026 - USA GC<\/title>\n<meta name=\"description\" content=\"T\u00e4ss\u00e4 on kaikki tiedot ohjelmasta, jolla voi saada vihre\u00e4n kortin arpajaisten kautta vuonna 2026 Yhdysvalloissa.\" \/>\n<meta name=\"robots\" content=\"index, follow, max-snippet:-1, max-image-preview:large, max-video-preview:-1\" \/>\n<link rel=\"canonical\" href=\"https:\/\/us-gc.net\/fi\/arpajaiset-green-card-2026\/\" \/>\n<meta property=\"og:locale\" content=\"fi_FI\" \/>\n<meta property=\"og:type\" content=\"article\" \/>\n<meta property=\"og:title\" content=\"Green Card arpajaiset 2026 - USA GC\" \/>\n<meta property=\"og:description\" content=\"T\u00e4ss\u00e4 on kaikki tiedot ohjelmasta, jolla voi saada vihre\u00e4n kortin arpajaisten kautta vuonna 2026 Yhdysvalloissa.\" \/>\n<meta property=\"og:url\" content=\"https:\/\/us-gc.net\/fi\/arpajaiset-green-card-2026\/\" \/>\n<meta property=\"og:site_name\" content=\"USA GC\" \/>\n<meta property=\"article:modified_time\" content=\"2025-03-31T10:09:28+00:00\" \/>\n<meta name=\"twitter:card\" content=\"summary_large_image\" \/>\n<meta name=\"twitter:label1\" content=\"Arvioitu lukuaika\" \/>\n\t<meta name=\"twitter:data1\" content=\"1 minuutti\" \/>\n<script type=\"application\/ld+json\" class=\"yoast-schema-graph\">{\"@context\":\"https:\\\/\\\/schema.org\",\"@graph\":[{\"@type\":\"WebPage\",\"@id\":\"https:\\\/\\\/us-gc.net\\\/fi\\\/arpajaiset-green-card-2026\\\/\",\"url\":\"https:\\\/\\\/us-gc.net\\\/fi\\\/arpajaiset-green-card-2026\\\/\",\"name\":\"Green Card arpajaiset 2026 - USA GC\",\"isPartOf\":{\"@id\":\"https:\\\/\\\/us-gc.net\\\/fi\\\/#website\"},\"datePublished\":\"2024-02-04T15:55:27+00:00\",\"dateModified\":\"2025-03-31T10:09:28+00:00\",\"description\":\"T\u00e4ss\u00e4 on kaikki tiedot ohjelmasta, jolla voi saada vihre\u00e4n kortin arpajaisten kautta vuonna 2026 Yhdysvalloissa.\",\"breadcrumb\":{\"@id\":\"https:\\\/\\\/us-gc.net\\\/fi\\\/arpajaiset-green-card-2026\\\/#breadcrumb\"},\"inLanguage\":\"fi\",\"potentialAction\":[{\"@type\":\"ReadAction\",\"target\":[\"https:\\\/\\\/us-gc.net\\\/fi\\\/arpajaiset-green-card-2026\\\/\"]}]},{\"@type\":\"BreadcrumbList\",\"@id\":\"https:\\\/\\\/us-gc.net\\\/fi\\\/arpajaiset-green-card-2026\\\/#breadcrumb\",\"itemListElement\":[{\"@type\":\"ListItem\",\"position\":1,\"name\":\"Accueil\",\"item\":\"https:\\\/\\\/us-gc.net\\\/fi\\\/green-card\\\/\"},{\"@type\":\"ListItem\",\"position\":2,\"name\":\"Green Card arpajaiset 2026\"}]},{\"@type\":\"WebSite\",\"@id\":\"https:\\\/\\\/us-gc.net\\\/fi\\\/#website\",\"url\":\"https:\\\/\\\/us-gc.net\\\/fi\\\/\",\"name\":\"USA GC\",\"description\":\"\",\"potentialAction\":[{\"@type\":\"SearchAction\",\"target\":{\"@type\":\"EntryPoint\",\"urlTemplate\":\"https:\\\/\\\/us-gc.net\\\/fi\\\/?s={search_term_string}\"},\"query-input\":{\"@type\":\"PropertyValueSpecification\",\"valueRequired\":true,\"valueName\":\"search_term_string\"}}],\"inLanguage\":\"fi\"}]}<\/script>\n<!-- \/ Yoast SEO plugin. -->","yoast_head_json":{"title":"Green Card arpajaiset 2026 - USA GC","description":"T\u00e4ss\u00e4 on kaikki tiedot ohjelmasta, jolla voi saada vihre\u00e4n kortin arpajaisten kautta vuonna 2026 Yhdysvalloissa.","robots":{"index":"index","follow":"follow","max-snippet":"max-snippet:-1","max-image-preview":"max-image-preview:large","max-video-preview":"max-video-preview:-1"},"canonical":"https:\/\/us-gc.net\/fi\/arpajaiset-green-card-2026\/","og_locale":"fi_FI","og_type":"article","og_title":"Green Card arpajaiset 2026 - USA GC","og_description":"T\u00e4ss\u00e4 on kaikki tiedot ohjelmasta, jolla voi saada vihre\u00e4n kortin arpajaisten kautta vuonna 2026 Yhdysvalloissa.","og_url":"https:\/\/us-gc.net\/fi\/arpajaiset-green-card-2026\/","og_site_name":"USA GC","article_modified_time":"2025-03-31T10:09:28+00:00","twitter_card":"summary_large_image","twitter_misc":{"Arvioitu lukuaika":"1 minuutti"},"schema":{"@context":"https:\/\/schema.org","@graph":[{"@type":"WebPage","@id":"https:\/\/us-gc.net\/fi\/arpajaiset-green-card-2026\/","url":"https:\/\/us-gc.net\/fi\/arpajaiset-green-card-2026\/","name":"Green Card arpajaiset 2026 - USA GC","isPartOf":{"@id":"https:\/\/us-gc.net\/fi\/#website"},"datePublished":"2024-02-04T15:55:27+00:00","dateModified":"2025-03-31T10:09:28+00:00","description":"T\u00e4ss\u00e4 on kaikki tiedot ohjelmasta, jolla voi saada vihre\u00e4n kortin arpajaisten kautta vuonna 2026 Yhdysvalloissa.","breadcrumb":{"@id":"https:\/\/us-gc.net\/fi\/arpajaiset-green-card-2026\/#breadcrumb"},"inLanguage":"fi","potentialAction":[{"@type":"ReadAction","target":["https:\/\/us-gc.net\/fi\/arpajaiset-green-card-2026\/"]}]},{"@type":"BreadcrumbList","@id":"https:\/\/us-gc.net\/fi\/arpajaiset-green-card-2026\/#breadcrumb","itemListElement":[{"@type":"ListItem","position":1,"name":"Accueil","item":"https:\/\/us-gc.net\/fi\/green-card\/"},{"@type":"ListItem","position":2,"name":"Green Card arpajaiset 2026"}]},{"@type":"WebSite","@id":"https:\/\/us-gc.net\/fi\/#website","url":"https:\/\/us-gc.net\/fi\/","name":"USA GC","description":"","potentialAction":[{"@type":"SearchAction","target":{"@type":"EntryPoint","urlTemplate":"https:\/\/us-gc.net\/fi\/?s={search_term_string}"},"query-input":{"@type":"PropertyValueSpecification","valueRequired":true,"valueName":"search_term_string"}}],"inLanguage":"fi"}]}},"_links":{"self":[{"href":"https:\/\/us-gc.net\/fi\/wp-json\/wp\/v2\/pages\/1126","targetHints":{"allow":["GET"]}}],"collection":[{"href":"https:\/\/us-gc.net\/fi\/wp-json\/wp\/v2\/pages"}],"about":[{"href":"https:\/\/us-gc.net\/fi\/wp-json\/wp\/v2\/types\/page"}],"author":[{"embeddable":true,"href":"https:\/\/us-gc.net\/fi\/wp-json\/wp\/v2\/users\/1"}],"replies":[{"embeddable":true,"href":"https:\/\/us-gc.net\/fi\/wp-json\/wp\/v2\/comments?post=1126"}],"version-history":[{"count":3,"href":"https:\/\/us-gc.net\/fi\/wp-json\/wp\/v2\/pages\/1126\/revisions"}],"predecessor-version":[{"id":10120,"href":"https:\/\/us-gc.net\/fi\/wp-json\/wp\/v2\/pages\/1126\/revisions\/10120"}],"wp:attachment":[{"href":"https:\/\/us-gc.net\/fi\/wp-json\/wp\/v2\/media?parent=1126"}],"curies":[{"name":"wp","href":"https:\/\/api.w.org\/{rel}","templated":true}]}}