{"id":1123,"date":"2024-01-31T15:53:04","date_gmt":"2024-01-31T15:53:04","guid":{"rendered":"https:\/\/green-card-usa.net\/american-arvontaan-vihrea-kortti\/"},"modified":"2024-12-30T09:46:11","modified_gmt":"2024-12-30T09:46:11","slug":"american-arvontaan-vihrea-kortti","status":"publish","type":"page","link":"https:\/\/us-gc.net\/fi\/american-arvontaan-vihrea-kortti\/","title":{"rendered":"Osallistuminen Amerikan vihre\u00e4n kortin arvontaan"},"content":{"rendered":"\n<h1 class=\"wp-block-heading\" id=\"h-la-carte-verte-permet-de-vivre-aux-etats-unis\">Vihre\u00e4 kortti antaa sinulle oikeuden asua Yhdysvalloissa.<\/h1>\n\n<p>Joka vuosi tuhannet kansalaiset kaikkialta maailmasta yritt\u00e4v\u00e4t saada amerikkalaisen vihre\u00e4n kortin, jotta he voisivat asua Yhdysvalloissa.<\/p>\n\n<h2 class=\"wp-block-heading\" id=\"h-qu-est-ce-que-la-carte-verte\">Mik\u00e4 on vihre\u00e4 kortti?<\/h2>\n\n<p>Vihre\u00e4 kortti on amerikkalainen kortti, joka oikeuttaa sen haltijan pysyv\u00e4\u00e4n oleskeluun Yhdysvalloissa. Sen ansiosta ulkomaalaiset voivat ty\u00f6skennell\u00e4 laillisesti Yhdysvalloissa. T\u00e4m\u00e4 oleskelulupa tunnetaan maailmanlaajuisesti nimell\u00e4 American Vihre\u00e4n Kortin, koska se on vihre\u00e4 kortti.<\/p>\n\n<h2 class=\"wp-block-heading\" id=\"h-comment-obtenir-une-carte-verte\">Miten saan vihre\u00e4n kortin?<\/h2>\n\n<p>Vihre\u00e4n kortin voi saada Yhdysvalloissa useilla eri tavoilla. Ulkomaalaiset vihre\u00e4n kortin hakijat voivat hakea sit\u00e4 seuraavista syist\u00e4:<\/p>\n\n<ul class=\"wp-block-list\">\n<li><a href=\"https:\/\/us-gc.net\/fi\/green-card-avioliitosta\/\">Vihre\u00e4 kortti avioliiton kautta<\/a> amerikkalaisen vihre\u00e4n kortin haltijan kanssa ;<\/li>\n\n\n\n<li><a href=\"https:\/\/us-gc.net\/fi\/green-card-tyollistymiseen\/\">Vihre\u00e4n kortin saaminen ty\u00f6n kautta<\/a>;<\/li>\n\n\n\n<li><a href=\"https:\/\/us-gc.net\/fi\/green-card-sponsoroi\/\">Vihre\u00e4n kortin saaminen perheen tai yrityksen sponsorin<\/a> ansiosta;<\/li>\n<\/ul>\n\n<div style=\"height:10px\" aria-hidden=\"true\" class=\"wp-block-spacer\"><\/div>\n\n<p>Vihre\u00e4n kortin voi saada my\u00f6s muilla tavoin. Maailmanlaajuisesti halutuin ratkaisu vihre\u00e4n kortin saamiseksi on amerikkalainen arpajaiset. <strong>Voit osallistua t\u00e4h\u00e4n vuotuiseen arpajaisiin rekister\u00f6itym\u00e4ll\u00e4 verkossa<\/strong> vain muutamassa minuutissa klikkaamalla <a href=\"https:\/\/us-gc.net\/fi\/green-card-lottolomake\/\">verkkolomaketta<\/a>.<\/p>\n\n<div style=\"height:10px\" aria-hidden=\"true\" class=\"wp-block-spacer\"><\/div>\n\n<h2 class=\"wp-block-heading\" id=\"h-qu-est-ce-que-la-loterie-americaine-de-la-carte-verte\">Mik\u00e4 on amerikkalainen Vihre\u00e4n Kortin-lotto?<\/h2>\n\n<p>Yhdysvallat on perustanut Diversity-viisumiohjelman hallinnoidakseen ulkomaalaisten maahanmuuttoa. Kyseess\u00e4 on vuosittainen arvonta, johon osallistuu vuosittain useita miljoonia ulkomaalaisia saadakseen yhden 50 000 Vihre\u00e4n Kortin, jotka arvotaan.<\/p>\n\n<h2 class=\"wp-block-heading\" id=\"h-quand-se-deroule-le-tirage-de-la-loterie-carte-verte\">Milloin vihre\u00e4n kortin arvonta suoritetaan?<\/h2>\n\n<p>Vihre\u00e4n kortin arvonta j\u00e4rjestet\u00e4\u00e4n kerran vuodessa. Se j\u00e4rjestet\u00e4\u00e4n vuoden lopussa marraskuussa. Arvonnat on siis nimetty vuoden mukaan: <a href=\"https:\/\/us-gc.net\/fi\/green-card-arpajaiset-2024\/\">Vihre\u00e4n Kortin Lottery 2024<\/a>, <a href=\"https:\/\/us-gc.net\/fi\/green-card-arpajaiset-2025\/\">Vihre\u00e4n Kortin Lottery 2025<\/a> ja <a href=\"https:\/\/us-gc.net\/fi\/arpajaiset-green-card-2026\/\">Vihre\u00e4n Kortin Lottery 2026<\/a>. Ehdokkaiden on ilmoittauduttava ennen ilmoittautumisajan p\u00e4\u00e4ttymist\u00e4 osallistuakseen arvontaan. <a href=\"https:\/\/us-gc.net\/fi\/tulokset-lottery-green-card\/\">Vihre\u00e4n kortin arvonnan tulokset<\/a> julkaistaan suoraan verkossa.<\/p>\n\n<h2 class=\"wp-block-heading\" id=\"h-comment-s-inscrire-a-la-loterie\">Miten osallistun arvontaan?<\/h2>\n\n<p>Hakijoiden on ensin tarkistettava kelpoisuutensa osallistua arvontaan. Yhdysvaltain hallitus julkaisee joka vuosi luettelon <a href=\"https:\/\/us-gc.net\/fi\/osallistumattomien-maiden-green-card-arpajaiset\/\">maista, jotka eiv\u00e4t saa osallistua vihre\u00e4n kortin arvontaan<\/a>.<\/p>\n\n<p>Vihre\u00e4n kortin arvontaan osallistuvien hakijoiden on rekister\u00f6idytt\u00e4v\u00e4 suoraan verkossa. heid\u00e4n on t\u00e4ytett\u00e4v\u00e4 <a href=\"https:\/\/us-gc.net\/fi\/green-card-lottolomake\/\">verkkolomake<\/a> rekister\u00f6ity\u00e4kseen arvontaan.<\/p>\n","protected":false},"excerpt":{"rendered":"<p>Vihre\u00e4 kortti antaa sinulle oikeuden asua Yhdysvalloissa. Joka vuosi tuhannet kansalaiset kaikkialta maailmasta yritt\u00e4v\u00e4t saada amerikkalaisen vihre\u00e4n kortin, jotta he voisivat asua Yhdysvalloissa. Mik\u00e4 on vihre\u00e4 kortti? Vihre\u00e4 kortti on amerikkalainen kortti, joka oikeuttaa sen haltijan pysyv\u00e4\u00e4n oleskeluun Yhdysvalloissa. Sen ansiosta ulkomaalaiset voivat ty\u00f6skennell\u00e4 laillisesti Yhdysvalloissa. T\u00e4m\u00e4 oleskelulupa tunnetaan maailmanlaajuisesti nimell\u00e4 American Vihre\u00e4n Kortin, koska [&hellip;]<\/p>\n","protected":false},"author":1,"featured_media":0,"parent":0,"menu_order":0,"comment_status":"closed","ping_status":"closed","template":"","meta":{"footnotes":""},"class_list":["post-1123","page","type-page","status-publish","hentry"],"yoast_head":"<!-- This site is optimized with the Yoast SEO plugin v27.4 - https:\/\/yoast.com\/product\/yoast-seo-wordpress\/ -->\n<title>Osallistuminen Amerikan vihre\u00e4n kortin arvontaan - USA GC<\/title>\n<meta name=\"description\" content=\"Osallistu amerikkalaiseen arvontaan ja voita Vihre\u00e4n Kortin. T\u00e4m\u00e4 on pysyv\u00e4 oleskelukortti Yhdysvalloissa asumista varten.\" \/>\n<meta name=\"robots\" content=\"index, follow, max-snippet:-1, max-image-preview:large, max-video-preview:-1\" \/>\n<link rel=\"canonical\" href=\"https:\/\/us-gc.net\/fi\/american-arvontaan-vihrea-kortti\/\" \/>\n<meta property=\"og:locale\" content=\"fi_FI\" \/>\n<meta property=\"og:type\" content=\"article\" \/>\n<meta property=\"og:title\" content=\"Osallistuminen Amerikan vihre\u00e4n kortin arvontaan - USA GC\" \/>\n<meta property=\"og:description\" content=\"Osallistu amerikkalaiseen arvontaan ja voita Vihre\u00e4n Kortin. T\u00e4m\u00e4 on pysyv\u00e4 oleskelukortti Yhdysvalloissa asumista varten.\" \/>\n<meta property=\"og:url\" content=\"https:\/\/us-gc.net\/fi\/american-arvontaan-vihrea-kortti\/\" \/>\n<meta property=\"og:site_name\" content=\"USA GC\" \/>\n<meta property=\"article:modified_time\" content=\"2024-12-30T09:46:11+00:00\" \/>\n<meta name=\"twitter:card\" content=\"summary_large_image\" \/>\n<meta name=\"twitter:label1\" content=\"Arvioitu lukuaika\" \/>\n\t<meta name=\"twitter:data1\" content=\"1 minuutti\" \/>\n<script type=\"application\/ld+json\" class=\"yoast-schema-graph\">{\"@context\":\"https:\\\/\\\/schema.org\",\"@graph\":[{\"@type\":\"WebPage\",\"@id\":\"https:\\\/\\\/us-gc.net\\\/fi\\\/american-arvontaan-vihrea-kortti\\\/\",\"url\":\"https:\\\/\\\/us-gc.net\\\/fi\\\/american-arvontaan-vihrea-kortti\\\/\",\"name\":\"Osallistuminen Amerikan vihre\u00e4n kortin arvontaan - USA GC\",\"isPartOf\":{\"@id\":\"https:\\\/\\\/us-gc.net\\\/fi\\\/#website\"},\"datePublished\":\"2024-01-31T15:53:04+00:00\",\"dateModified\":\"2024-12-30T09:46:11+00:00\",\"description\":\"Osallistu amerikkalaiseen arvontaan ja voita Vihre\u00e4n Kortin. T\u00e4m\u00e4 on pysyv\u00e4 oleskelukortti Yhdysvalloissa asumista varten.\",\"breadcrumb\":{\"@id\":\"https:\\\/\\\/us-gc.net\\\/fi\\\/american-arvontaan-vihrea-kortti\\\/#breadcrumb\"},\"inLanguage\":\"fi\",\"potentialAction\":[{\"@type\":\"ReadAction\",\"target\":[\"https:\\\/\\\/us-gc.net\\\/fi\\\/american-arvontaan-vihrea-kortti\\\/\"]}]},{\"@type\":\"BreadcrumbList\",\"@id\":\"https:\\\/\\\/us-gc.net\\\/fi\\\/american-arvontaan-vihrea-kortti\\\/#breadcrumb\",\"itemListElement\":[{\"@type\":\"ListItem\",\"position\":1,\"name\":\"Accueil\",\"item\":\"https:\\\/\\\/us-gc.net\\\/fi\\\/green-card\\\/\"},{\"@type\":\"ListItem\",\"position\":2,\"name\":\"Osallistuminen Amerikan vihre\u00e4n kortin arvontaan\"}]},{\"@type\":\"WebSite\",\"@id\":\"https:\\\/\\\/us-gc.net\\\/fi\\\/#website\",\"url\":\"https:\\\/\\\/us-gc.net\\\/fi\\\/\",\"name\":\"USA GC\",\"description\":\"\",\"potentialAction\":[{\"@type\":\"SearchAction\",\"target\":{\"@type\":\"EntryPoint\",\"urlTemplate\":\"https:\\\/\\\/us-gc.net\\\/fi\\\/?s={search_term_string}\"},\"query-input\":{\"@type\":\"PropertyValueSpecification\",\"valueRequired\":true,\"valueName\":\"search_term_string\"}}],\"inLanguage\":\"fi\"}]}<\/script>\n<!-- \/ Yoast SEO plugin. -->","yoast_head_json":{"title":"Osallistuminen Amerikan vihre\u00e4n kortin arvontaan - USA GC","description":"Osallistu amerikkalaiseen arvontaan ja voita Vihre\u00e4n Kortin. T\u00e4m\u00e4 on pysyv\u00e4 oleskelukortti Yhdysvalloissa asumista varten.","robots":{"index":"index","follow":"follow","max-snippet":"max-snippet:-1","max-image-preview":"max-image-preview:large","max-video-preview":"max-video-preview:-1"},"canonical":"https:\/\/us-gc.net\/fi\/american-arvontaan-vihrea-kortti\/","og_locale":"fi_FI","og_type":"article","og_title":"Osallistuminen Amerikan vihre\u00e4n kortin arvontaan - USA GC","og_description":"Osallistu amerikkalaiseen arvontaan ja voita Vihre\u00e4n Kortin. T\u00e4m\u00e4 on pysyv\u00e4 oleskelukortti Yhdysvalloissa asumista varten.","og_url":"https:\/\/us-gc.net\/fi\/american-arvontaan-vihrea-kortti\/","og_site_name":"USA GC","article_modified_time":"2024-12-30T09:46:11+00:00","twitter_card":"summary_large_image","twitter_misc":{"Arvioitu lukuaika":"1 minuutti"},"schema":{"@context":"https:\/\/schema.org","@graph":[{"@type":"WebPage","@id":"https:\/\/us-gc.net\/fi\/american-arvontaan-vihrea-kortti\/","url":"https:\/\/us-gc.net\/fi\/american-arvontaan-vihrea-kortti\/","name":"Osallistuminen Amerikan vihre\u00e4n kortin arvontaan - USA GC","isPartOf":{"@id":"https:\/\/us-gc.net\/fi\/#website"},"datePublished":"2024-01-31T15:53:04+00:00","dateModified":"2024-12-30T09:46:11+00:00","description":"Osallistu amerikkalaiseen arvontaan ja voita Vihre\u00e4n Kortin. T\u00e4m\u00e4 on pysyv\u00e4 oleskelukortti Yhdysvalloissa asumista varten.","breadcrumb":{"@id":"https:\/\/us-gc.net\/fi\/american-arvontaan-vihrea-kortti\/#breadcrumb"},"inLanguage":"fi","potentialAction":[{"@type":"ReadAction","target":["https:\/\/us-gc.net\/fi\/american-arvontaan-vihrea-kortti\/"]}]},{"@type":"BreadcrumbList","@id":"https:\/\/us-gc.net\/fi\/american-arvontaan-vihrea-kortti\/#breadcrumb","itemListElement":[{"@type":"ListItem","position":1,"name":"Accueil","item":"https:\/\/us-gc.net\/fi\/green-card\/"},{"@type":"ListItem","position":2,"name":"Osallistuminen Amerikan vihre\u00e4n kortin arvontaan"}]},{"@type":"WebSite","@id":"https:\/\/us-gc.net\/fi\/#website","url":"https:\/\/us-gc.net\/fi\/","name":"USA GC","description":"","potentialAction":[{"@type":"SearchAction","target":{"@type":"EntryPoint","urlTemplate":"https:\/\/us-gc.net\/fi\/?s={search_term_string}"},"query-input":{"@type":"PropertyValueSpecification","valueRequired":true,"valueName":"search_term_string"}}],"inLanguage":"fi"}]}},"_links":{"self":[{"href":"https:\/\/us-gc.net\/fi\/wp-json\/wp\/v2\/pages\/1123","targetHints":{"allow":["GET"]}}],"collection":[{"href":"https:\/\/us-gc.net\/fi\/wp-json\/wp\/v2\/pages"}],"about":[{"href":"https:\/\/us-gc.net\/fi\/wp-json\/wp\/v2\/types\/page"}],"author":[{"embeddable":true,"href":"https:\/\/us-gc.net\/fi\/wp-json\/wp\/v2\/users\/1"}],"replies":[{"embeddable":true,"href":"https:\/\/us-gc.net\/fi\/wp-json\/wp\/v2\/comments?post=1123"}],"version-history":[{"count":1,"href":"https:\/\/us-gc.net\/fi\/wp-json\/wp\/v2\/pages\/1123\/revisions"}],"predecessor-version":[{"id":8009,"href":"https:\/\/us-gc.net\/fi\/wp-json\/wp\/v2\/pages\/1123\/revisions\/8009"}],"wp:attachment":[{"href":"https:\/\/us-gc.net\/fi\/wp-json\/wp\/v2\/media?parent=1123"}],"curies":[{"name":"wp","href":"https:\/\/api.w.org\/{rel}","templated":true}]}}