{"id":1063,"date":"2024-01-31T16:02:41","date_gmt":"2024-01-31T16:02:41","guid":{"rendered":"https:\/\/green-card-usa.net\/green-card-arpajaiset-2025\/"},"modified":"2024-12-30T09:45:44","modified_gmt":"2024-12-30T09:45:44","slug":"green-card-arpajaiset-2025","status":"publish","type":"page","link":"https:\/\/us-gc.net\/fi\/green-card-arpajaiset-2025\/","title":{"rendered":"Vihre\u00e4 kortti 2025 arpajaiset"},"content":{"rendered":"\n<h1 class=\"wp-block-heading\" id=\"h-loterie-de-la-green-card-en-2025\">Green Card arvonta vuonna 2025<\/h1>\n\n<p>Green Card arvonta suoritetaan vain kerran vuodessa. Joka vuosi on siis uusi er\u00e4 lottovoittajia, jotka on nimetty sen vuoden mukaan, jona he saivat vihre\u00e4n korttinsa.<\/p>\n\n<h2 class=\"wp-block-heading\" id=\"h-qu-est-ce-que-la-loterie-2025-de-la-green-card\">Mik\u00e4 on Green Card 2025 -lotto?<\/h2>\n\n<p>Vuoden 2025 vihre\u00e4n kortin arvonta koskee vuonna 2025 my\u00f6nnett\u00e4vien vihreiden korttien kiinti\u00f6t\u00e4. Vuoden 2025 arvonta suoritetaan lokakuussa 2023. T\u00e4ss\u00e4 arvonnassa valittiin yli 50 000 ulkomaan kansalaista voittajiksi, joilla on oikeus saada Green Card Yhdysvaltain <a href=\"https:\/\/us-gc.net\/fi\/monimuotoisuusvisa-ohjelma\/\">monimuotoisuusviisumiohjelman<\/a> puitteissa.  <\/p>\n\n<h2 class=\"wp-block-heading\" id=\"h-quand-se-deroule-la-loterie-de-la-green-card-en-2025\">Milloin vihre\u00e4n kortin arvonta j\u00e4rjestet\u00e4\u00e4n vuonna 2025?<\/h2>\n\n<p>Ilmoittautuminen vuonna 2025 suoritettavaan arvontaan avataan lokakuussa 2025.<\/p>\n\n<h2 class=\"wp-block-heading\" id=\"h-quelles-sont-les-resultats-de-la-loterie-de-la-green-card-2025\">Mitk\u00e4 ovat Green Card 2025 -arvonnan tulokset?<\/h2>\n\n<p><a href=\"https:\/\/us-gc.net\/fi\/tulokset-lottery-green-card\/\">Vihre\u00e4n kortin arvonnan tulokset<\/a> julkaistaan noin 6 kuukauden kuluttua arvonnasta, joka suoritetaan marraskuussa. Vuonna 2025 suoritettavan arvonnan tulokset julkaistaan verkossa toukokuusta 2026 alkaen.<\/p>\n\n<p>Marraskuussa 2023 j\u00e4rjestetyn Diversity Visa 2025 -arvonnan tulokset ovat olleet saatavilla 4. toukokuuta 2024 alkaen verkkosivulla <a href=\"https:\/\/dvprogram.state.gov\/ESC\/\">dvprogram.state.gov<\/a>.<\/p>\n\n<h2 class=\"wp-block-heading\" id=\"h-comment-s-inscrire-a-la-loterie-de-la-green-card-2025\">Miten osallistun Green Card 2025 -arvontaan?<\/h2>\n\n<p>Rekister\u00f6ityminen <a href=\"https:\/\/us-gc.net\/fi\/american-arvontaan-vihrea-kortti\/\">Green Card USA -arvontaan<\/a> tapahtuu kokonaan verkossa. <strong>Osallistu t\u00e4h\u00e4n vuosittaiseen arvontaan rekister\u00f6itym\u00e4ll\u00e4 verkossa<\/strong> vain muutamassa minuutissa klikkaamalla <a href=\"https:\/\/us-gc.net\/fi\/green-card-lottolomake\/\">verkkolomaketta<\/a>. Prosessi kest\u00e4\u00e4 vain muutaman minuutin.<\/p>\n\n<h2 class=\"wp-block-heading\" id=\"h-quel-sont-les-etapes-suivantes-pour-les-gagnants-de-la-loterie\">Mitk\u00e4 ovat seuraavat vaiheet lottovoittajille?<\/h2>\n\n<p>Lottovoittajien on sen j\u00e4lkeen hankittava monimuotoisuusviisumi. Menettelyn seuraavat vaiheet ovat :<\/p>\n\n<ul class=\"wp-block-list\">\n<li>T\u00e4yt\u00e4 <a href=\"https:\/\/travel.state.gov\/content\/travel\/en\/us-visas\/visa-information-resources\/forms\/online-immigrant-visa-forms\/ds-260-faqs.html\">viisumihakemuslomake DS-260<\/a>.<\/li>\n\n\n\n<li>Maksa <a href=\"https:\/\/us-gc.net\/fi\/green-card-maksaa\/\">Green Card saamiseksi vaadittavat maksut<\/a> osana t\u00e4t\u00e4 pakollista viisumihakemusta;<\/li>\n\n\n\n<li><a href=\"https:\/\/us-gc.net\/fi\/green-card-haastatella\/\">Haastattelu Green Card varten<\/a> USCIS Diversity Visa Program -ohjelman virkailijan kanssa;<\/li>\n\n\n\n<li>Suorita l\u00e4\u00e4k\u00e4rintarkastus.<\/li>\n<\/ul>\n\n<div style=\"height:10px\" aria-hidden=\"true\" class=\"wp-block-spacer\"><\/div>\n\n<p><a href=\"https:\/\/us-gc.net\/fi\/ero-green-card-viisumi\/\">Green Card ja viisumi ovat eri asiakirjoja<\/a>. Monimuotoisuusviisumin saaminen on yksi vaihe vihre\u00e4n kortin saamisessa.<\/p>\n","protected":false},"excerpt":{"rendered":"<p>Green Card arvonta vuonna 2025 Green Card arvonta suoritetaan vain kerran vuodessa. Joka vuosi on siis uusi er\u00e4 lottovoittajia, jotka on nimetty sen vuoden mukaan, jona he saivat vihre\u00e4n korttinsa. Mik\u00e4 on Green Card 2025 -lotto? Vuoden 2025 vihre\u00e4n kortin arvonta koskee vuonna 2025 my\u00f6nnett\u00e4vien vihreiden korttien kiinti\u00f6t\u00e4. Vuoden 2025 arvonta suoritetaan lokakuussa 2023. T\u00e4ss\u00e4 [&hellip;]<\/p>\n","protected":false},"author":1,"featured_media":0,"parent":0,"menu_order":0,"comment_status":"closed","ping_status":"closed","template":"","meta":{"footnotes":""},"class_list":["post-1063","page","type-page","status-publish","hentry"],"yoast_head":"<!-- This site is optimized with the Yoast SEO plugin v27.4 - https:\/\/yoast.com\/product\/yoast-seo-wordpress\/ -->\n<title>Vihre\u00e4 kortti 2025 arpajaiset - USA GC<\/title>\n<meta name=\"description\" content=\"Osallistu vuoden 2025 Green Card -arvontaan saadaksesi pysyv\u00e4n oleskeluluvan Yhdysvaltoihin.\" \/>\n<meta name=\"robots\" content=\"index, follow, max-snippet:-1, max-image-preview:large, max-video-preview:-1\" \/>\n<link rel=\"canonical\" href=\"https:\/\/us-gc.net\/fi\/green-card-arpajaiset-2025\/\" \/>\n<meta property=\"og:locale\" content=\"fi_FI\" \/>\n<meta property=\"og:type\" content=\"article\" \/>\n<meta property=\"og:title\" content=\"Vihre\u00e4 kortti 2025 arpajaiset - USA GC\" \/>\n<meta property=\"og:description\" content=\"Osallistu vuoden 2025 Green Card -arvontaan saadaksesi pysyv\u00e4n oleskeluluvan Yhdysvaltoihin.\" \/>\n<meta property=\"og:url\" content=\"https:\/\/us-gc.net\/fi\/green-card-arpajaiset-2025\/\" \/>\n<meta property=\"og:site_name\" content=\"USA GC\" \/>\n<meta property=\"article:modified_time\" content=\"2024-12-30T09:45:44+00:00\" \/>\n<meta name=\"twitter:card\" content=\"summary_large_image\" \/>\n<meta name=\"twitter:label1\" content=\"Arvioitu lukuaika\" \/>\n\t<meta name=\"twitter:data1\" content=\"1 minuutti\" \/>\n<script type=\"application\/ld+json\" class=\"yoast-schema-graph\">{\"@context\":\"https:\\\/\\\/schema.org\",\"@graph\":[{\"@type\":\"WebPage\",\"@id\":\"https:\\\/\\\/us-gc.net\\\/fi\\\/green-card-arpajaiset-2025\\\/\",\"url\":\"https:\\\/\\\/us-gc.net\\\/fi\\\/green-card-arpajaiset-2025\\\/\",\"name\":\"Vihre\u00e4 kortti 2025 arpajaiset - USA GC\",\"isPartOf\":{\"@id\":\"https:\\\/\\\/us-gc.net\\\/fi\\\/#website\"},\"datePublished\":\"2024-01-31T16:02:41+00:00\",\"dateModified\":\"2024-12-30T09:45:44+00:00\",\"description\":\"Osallistu vuoden 2025 Green Card -arvontaan saadaksesi pysyv\u00e4n oleskeluluvan Yhdysvaltoihin.\",\"breadcrumb\":{\"@id\":\"https:\\\/\\\/us-gc.net\\\/fi\\\/green-card-arpajaiset-2025\\\/#breadcrumb\"},\"inLanguage\":\"fi\",\"potentialAction\":[{\"@type\":\"ReadAction\",\"target\":[\"https:\\\/\\\/us-gc.net\\\/fi\\\/green-card-arpajaiset-2025\\\/\"]}]},{\"@type\":\"BreadcrumbList\",\"@id\":\"https:\\\/\\\/us-gc.net\\\/fi\\\/green-card-arpajaiset-2025\\\/#breadcrumb\",\"itemListElement\":[{\"@type\":\"ListItem\",\"position\":1,\"name\":\"Accueil\",\"item\":\"https:\\\/\\\/us-gc.net\\\/fi\\\/green-card\\\/\"},{\"@type\":\"ListItem\",\"position\":2,\"name\":\"Vihre\u00e4 kortti 2025 arpajaiset\"}]},{\"@type\":\"WebSite\",\"@id\":\"https:\\\/\\\/us-gc.net\\\/fi\\\/#website\",\"url\":\"https:\\\/\\\/us-gc.net\\\/fi\\\/\",\"name\":\"USA GC\",\"description\":\"\",\"potentialAction\":[{\"@type\":\"SearchAction\",\"target\":{\"@type\":\"EntryPoint\",\"urlTemplate\":\"https:\\\/\\\/us-gc.net\\\/fi\\\/?s={search_term_string}\"},\"query-input\":{\"@type\":\"PropertyValueSpecification\",\"valueRequired\":true,\"valueName\":\"search_term_string\"}}],\"inLanguage\":\"fi\"}]}<\/script>\n<!-- \/ Yoast SEO plugin. -->","yoast_head_json":{"title":"Vihre\u00e4 kortti 2025 arpajaiset - USA GC","description":"Osallistu vuoden 2025 Green Card -arvontaan saadaksesi pysyv\u00e4n oleskeluluvan Yhdysvaltoihin.","robots":{"index":"index","follow":"follow","max-snippet":"max-snippet:-1","max-image-preview":"max-image-preview:large","max-video-preview":"max-video-preview:-1"},"canonical":"https:\/\/us-gc.net\/fi\/green-card-arpajaiset-2025\/","og_locale":"fi_FI","og_type":"article","og_title":"Vihre\u00e4 kortti 2025 arpajaiset - USA GC","og_description":"Osallistu vuoden 2025 Green Card -arvontaan saadaksesi pysyv\u00e4n oleskeluluvan Yhdysvaltoihin.","og_url":"https:\/\/us-gc.net\/fi\/green-card-arpajaiset-2025\/","og_site_name":"USA GC","article_modified_time":"2024-12-30T09:45:44+00:00","twitter_card":"summary_large_image","twitter_misc":{"Arvioitu lukuaika":"1 minuutti"},"schema":{"@context":"https:\/\/schema.org","@graph":[{"@type":"WebPage","@id":"https:\/\/us-gc.net\/fi\/green-card-arpajaiset-2025\/","url":"https:\/\/us-gc.net\/fi\/green-card-arpajaiset-2025\/","name":"Vihre\u00e4 kortti 2025 arpajaiset - USA GC","isPartOf":{"@id":"https:\/\/us-gc.net\/fi\/#website"},"datePublished":"2024-01-31T16:02:41+00:00","dateModified":"2024-12-30T09:45:44+00:00","description":"Osallistu vuoden 2025 Green Card -arvontaan saadaksesi pysyv\u00e4n oleskeluluvan Yhdysvaltoihin.","breadcrumb":{"@id":"https:\/\/us-gc.net\/fi\/green-card-arpajaiset-2025\/#breadcrumb"},"inLanguage":"fi","potentialAction":[{"@type":"ReadAction","target":["https:\/\/us-gc.net\/fi\/green-card-arpajaiset-2025\/"]}]},{"@type":"BreadcrumbList","@id":"https:\/\/us-gc.net\/fi\/green-card-arpajaiset-2025\/#breadcrumb","itemListElement":[{"@type":"ListItem","position":1,"name":"Accueil","item":"https:\/\/us-gc.net\/fi\/green-card\/"},{"@type":"ListItem","position":2,"name":"Vihre\u00e4 kortti 2025 arpajaiset"}]},{"@type":"WebSite","@id":"https:\/\/us-gc.net\/fi\/#website","url":"https:\/\/us-gc.net\/fi\/","name":"USA GC","description":"","potentialAction":[{"@type":"SearchAction","target":{"@type":"EntryPoint","urlTemplate":"https:\/\/us-gc.net\/fi\/?s={search_term_string}"},"query-input":{"@type":"PropertyValueSpecification","valueRequired":true,"valueName":"search_term_string"}}],"inLanguage":"fi"}]}},"_links":{"self":[{"href":"https:\/\/us-gc.net\/fi\/wp-json\/wp\/v2\/pages\/1063","targetHints":{"allow":["GET"]}}],"collection":[{"href":"https:\/\/us-gc.net\/fi\/wp-json\/wp\/v2\/pages"}],"about":[{"href":"https:\/\/us-gc.net\/fi\/wp-json\/wp\/v2\/types\/page"}],"author":[{"embeddable":true,"href":"https:\/\/us-gc.net\/fi\/wp-json\/wp\/v2\/users\/1"}],"replies":[{"embeddable":true,"href":"https:\/\/us-gc.net\/fi\/wp-json\/wp\/v2\/comments?post=1063"}],"version-history":[{"count":1,"href":"https:\/\/us-gc.net\/fi\/wp-json\/wp\/v2\/pages\/1063\/revisions"}],"predecessor-version":[{"id":7943,"href":"https:\/\/us-gc.net\/fi\/wp-json\/wp\/v2\/pages\/1063\/revisions\/7943"}],"wp:attachment":[{"href":"https:\/\/us-gc.net\/fi\/wp-json\/wp\/v2\/media?parent=1063"}],"curies":[{"name":"wp","href":"https:\/\/api.w.org\/{rel}","templated":true}]}}