{"id":1053,"date":"2024-01-31T15:56:24","date_gmt":"2024-01-31T15:56:24","guid":{"rendered":"https:\/\/green-card-usa.net\/green-card-arpajaiset-2024\/"},"modified":"2025-03-31T10:08:00","modified_gmt":"2025-03-31T10:08:00","slug":"green-card-arpajaiset-2024","status":"publish","type":"page","link":"https:\/\/us-gc.net\/fi\/green-card-arpajaiset-2024\/","title":{"rendered":"Green Card 2024 arpajaiset"},"content":{"rendered":"\n<h1 class=\"wp-block-heading\" id=\"h-loterie-de-la-green-card-en-2024\">Green Card arvonta vuonna 2024<\/h1>\n\n<p>Green Card arvonta suoritetaan vain kerran vuodessa. Arpajaisvuosi voidaan m\u00e4\u00e4ritt\u00e4\u00e4 kahdella tavalla:<\/p>\n\n<ul class=\"wp-block-list\">\n<li>Yhdysvaltain ulkoministeri\u00f6 nime\u00e4\u00e4 jokaisen arvonnan sen vuoden mukaan, jolloin hakijat saavat <a href=\"https:\/\/us-gc.net\/fi\/\">Green Card<\/a>. Vuoden 2024 viimeisell\u00e4 nelj\u00e4nneksell\u00e4 suoritettava arvonta on siis <a href=\"https:\/\/us-gc.net\/fi\/arpajaiset-green-card-2026\/\">Green Card 2026<\/a>-ohjelma;<\/li>\n\n\n\n<li>Useimmat arvonnan hakijat antavat Green Card 2024 -arvonnan nimen arvonnalle, joka suoritetaan vuoden 2024 aikana.<\/li>\n<\/ul>\n\n<h2 class=\"wp-block-heading\" id=\"h-qu-est-ce-que-la-loterie-2024-de-la-green-card\">Mik\u00e4 on Green Card 2024-arvonta?<\/h2>\n\n<p>Green Card 2024-arvonnasta k\u00e4ytet\u00e4\u00e4n useimmiten nimityst\u00e4 vuosittainen arvonta, joka suoritetaan vuoden 2024 aikana. T\u00e4m\u00e4 arvonta suoritetaan kerran vuodessa, ja sen avulla yli 50 000 ulkomaalaista voi voittaa oikeuden hakea Green Cardia Yhdysvaltain monimuotoisuusviisumiohjelman puitteissa.<\/p>\n\n<h2 class=\"wp-block-heading\" id=\"h-quand-se-deroule-la-loterie-de-la-green-card-pour-l-annee-2024\">Milloin on vuoden 2024 Green Card arvonta?<\/h2>\n\n<p>Vuoden 2024 arvonnan viimeiset merkinn\u00e4t suoritettiin lokakuussa 2024. Tarkat p\u00e4iv\u00e4m\u00e4\u00e4r\u00e4t vuodelle 2024 olivat : <\/p>\n\n<ul class=\"wp-block-list\">\n<li>Rekister\u00f6inti alkoi 2. lokakuuta 2024 ;<\/li>\n\n\n\n<li>Rekister\u00f6inti p\u00e4\u00e4ttyi 5. marraskuuta 2024.<\/li>\n<\/ul>\n\n<div style=\"height:10px\" aria-hidden=\"true\" class=\"wp-block-spacer\"><\/div>\n\n<p>Seuraava rekister\u00f6intivaihe on osallistuminen arvontaan, joka suoritetaan vuonna 2025. Voit jo nyt esirekister\u00f6ity\u00e4 klikkaamalla <a href=\"https:\/\/us-gc.net\/fi\/green-card-lottolomake\/\">verkkolomaketta<\/a> ja t\u00e4ytt\u00e4\u00e4 hakemuksesi arvontaan osallistumista varten. <\/p>\n\n<h2 class=\"wp-block-heading\" id=\"h-quelles-sont-les-resultats-de-la-loterie-de-la-green-card-2024\">Mitk\u00e4 ovat Green Card 2024 -arvonnan tulokset?<\/h2>\n\n<p><a href=\"https:\/\/us-gc.net\/fi\/tulokset-lottery-green-card\/\">Green Card arvonnan tulokset<\/a> julkaistaan joka vuosi noin kuusi kuukautta arvonnan j\u00e4lkeen, joka suoritetaan marraskuussa. Vuonna 2024 j\u00e4rjestett\u00e4v\u00e4n arvonnan tulokset julkaistaan verkossa toukokuusta 2025 alkaen.<\/p>\n\n<h2 class=\"wp-block-heading\" id=\"h-comment-s-inscrire-a-la-loterie-de-la-green-card-2024\">Miten osallistun Green Card 2024 -arvontaan?<\/h2>\n\n<p>Rekister\u00f6ityminen <a href=\"https:\/\/us-gc.net\/fi\/american-arvontaan-vihrea-kortti\/\">Green Card USA -arvontaan<\/a> tapahtuu kokonaan verkossa. <strong>Osallistu t\u00e4h\u00e4n vuosittaiseen arvontaan rekister\u00f6itym\u00e4ll\u00e4 verkossa<\/strong> vain muutamassa minuutissa klikkaamalla <a href=\"https:\/\/us-gc.net\/fi\/green-card-lottolomake\/\">verkkolomaketta<\/a>. Prosessi kest\u00e4\u00e4 vain muutaman minuutin.<\/p>\n\n<h2 class=\"wp-block-heading\" id=\"h-quel-sont-les-etapes-suivantes-pour-les-gagnants-de-la-loterie\">Mitk\u00e4 ovat seuraavat vaiheet lottovoittajille?<\/h2>\n\n<p>Lottovoittajien on sen j\u00e4lkeen hankittava monimuotoisuusviisumi. Menettelyn seuraavat vaiheet ovat :<\/p>\n\n<ul class=\"wp-block-list\">\n<li>T\u00e4yt\u00e4 <a href=\"https:\/\/travel.state.gov\/content\/travel\/en\/us-visas\/visa-information-resources\/forms\/online-immigrant-visa-forms\/ds-260-faqs.html\">viisumihakemuslomake DS-260<\/a>.<\/li>\n\n\n\n<li>Maksa <a href=\"https:\/\/us-gc.net\/fi\/green-card-maksaa\/\">Green Card saamiseksi vaadittavat maksut<\/a> osana t\u00e4t\u00e4 pakollista viisumihakemusta;<\/li>\n\n\n\n<li><a href=\"https:\/\/us-gc.net\/fi\/green-card-haastatella\/\">Haastattelu Green Card varten<\/a> USCIS Diversity Visa Program -ohjelman virkailijan kanssa;<\/li>\n\n\n\n<li>Suorita l\u00e4\u00e4k\u00e4rintarkastus.<\/li>\n<\/ul>\n\n<div style=\"height:10px\" aria-hidden=\"true\" class=\"wp-block-spacer\"><\/div>\n\n<p><a href=\"https:\/\/us-gc.net\/fi\/ero-green-card-viisumi\/\">Green Card ja viisumi ovat eri asiakirjoja<\/a>. Monimuotoisuusviisumin saaminen on yksi vaihe vihre\u00e4n kortin saamisessa.<\/p>\n","protected":false},"excerpt":{"rendered":"<p>Green Card arvonta vuonna 2024 Green Card arvonta suoritetaan vain kerran vuodessa. Arpajaisvuosi voidaan m\u00e4\u00e4ritt\u00e4\u00e4 kahdella tavalla: Mik\u00e4 on Green Card 2024-arvonta? Green Card 2024-arvonnasta k\u00e4ytet\u00e4\u00e4n useimmiten nimityst\u00e4 vuosittainen arvonta, joka suoritetaan vuoden 2024 aikana. T\u00e4m\u00e4 arvonta suoritetaan kerran vuodessa, ja sen avulla yli 50 000 ulkomaalaista voi voittaa oikeuden hakea Green Cardia Yhdysvaltain monimuotoisuusviisumiohjelman [&hellip;]<\/p>\n","protected":false},"author":1,"featured_media":0,"parent":0,"menu_order":0,"comment_status":"closed","ping_status":"closed","template":"","meta":{"footnotes":""},"class_list":["post-1053","page","type-page","status-publish","hentry"],"yoast_head":"<!-- This site is optimized with the Yoast SEO plugin v27.4 - https:\/\/yoast.com\/product\/yoast-seo-wordpress\/ -->\n<title>Green Card 2024 arpajaiset - USA GC<\/title>\n<meta name=\"description\" content=\"Osallistu Green Card arvontaan vuonna 2024. Joka vuosi j\u00e4rjestet\u00e4\u00e4n arvonta, jossa voi voittaa Green Card.\" \/>\n<meta name=\"robots\" content=\"index, follow, max-snippet:-1, max-image-preview:large, max-video-preview:-1\" \/>\n<link rel=\"canonical\" href=\"https:\/\/us-gc.net\/fi\/green-card-arpajaiset-2024\/\" \/>\n<meta property=\"og:locale\" content=\"fi_FI\" \/>\n<meta property=\"og:type\" content=\"article\" \/>\n<meta property=\"og:title\" content=\"Green Card 2024 arpajaiset - USA GC\" \/>\n<meta property=\"og:description\" content=\"Osallistu Green Card arvontaan vuonna 2024. Joka vuosi j\u00e4rjestet\u00e4\u00e4n arvonta, jossa voi voittaa Green Card.\" \/>\n<meta property=\"og:url\" content=\"https:\/\/us-gc.net\/fi\/green-card-arpajaiset-2024\/\" \/>\n<meta property=\"og:site_name\" content=\"USA GC\" \/>\n<meta property=\"article:modified_time\" content=\"2025-03-31T10:08:00+00:00\" \/>\n<meta name=\"twitter:card\" content=\"summary_large_image\" \/>\n<meta name=\"twitter:label1\" content=\"Arvioitu lukuaika\" \/>\n\t<meta name=\"twitter:data1\" content=\"1 minuutti\" \/>\n<script type=\"application\/ld+json\" class=\"yoast-schema-graph\">{\"@context\":\"https:\\\/\\\/schema.org\",\"@graph\":[{\"@type\":\"WebPage\",\"@id\":\"https:\\\/\\\/us-gc.net\\\/fi\\\/green-card-arpajaiset-2024\\\/\",\"url\":\"https:\\\/\\\/us-gc.net\\\/fi\\\/green-card-arpajaiset-2024\\\/\",\"name\":\"Green Card 2024 arpajaiset - USA GC\",\"isPartOf\":{\"@id\":\"https:\\\/\\\/us-gc.net\\\/fi\\\/#website\"},\"datePublished\":\"2024-01-31T15:56:24+00:00\",\"dateModified\":\"2025-03-31T10:08:00+00:00\",\"description\":\"Osallistu Green Card arvontaan vuonna 2024. Joka vuosi j\u00e4rjestet\u00e4\u00e4n arvonta, jossa voi voittaa Green Card.\",\"breadcrumb\":{\"@id\":\"https:\\\/\\\/us-gc.net\\\/fi\\\/green-card-arpajaiset-2024\\\/#breadcrumb\"},\"inLanguage\":\"fi\",\"potentialAction\":[{\"@type\":\"ReadAction\",\"target\":[\"https:\\\/\\\/us-gc.net\\\/fi\\\/green-card-arpajaiset-2024\\\/\"]}]},{\"@type\":\"BreadcrumbList\",\"@id\":\"https:\\\/\\\/us-gc.net\\\/fi\\\/green-card-arpajaiset-2024\\\/#breadcrumb\",\"itemListElement\":[{\"@type\":\"ListItem\",\"position\":1,\"name\":\"Accueil\",\"item\":\"https:\\\/\\\/us-gc.net\\\/fi\\\/green-card\\\/\"},{\"@type\":\"ListItem\",\"position\":2,\"name\":\"Green Card 2024 arpajaiset\"}]},{\"@type\":\"WebSite\",\"@id\":\"https:\\\/\\\/us-gc.net\\\/fi\\\/#website\",\"url\":\"https:\\\/\\\/us-gc.net\\\/fi\\\/\",\"name\":\"USA GC\",\"description\":\"\",\"potentialAction\":[{\"@type\":\"SearchAction\",\"target\":{\"@type\":\"EntryPoint\",\"urlTemplate\":\"https:\\\/\\\/us-gc.net\\\/fi\\\/?s={search_term_string}\"},\"query-input\":{\"@type\":\"PropertyValueSpecification\",\"valueRequired\":true,\"valueName\":\"search_term_string\"}}],\"inLanguage\":\"fi\"}]}<\/script>\n<!-- \/ Yoast SEO plugin. -->","yoast_head_json":{"title":"Green Card 2024 arpajaiset - USA GC","description":"Osallistu Green Card arvontaan vuonna 2024. Joka vuosi j\u00e4rjestet\u00e4\u00e4n arvonta, jossa voi voittaa Green Card.","robots":{"index":"index","follow":"follow","max-snippet":"max-snippet:-1","max-image-preview":"max-image-preview:large","max-video-preview":"max-video-preview:-1"},"canonical":"https:\/\/us-gc.net\/fi\/green-card-arpajaiset-2024\/","og_locale":"fi_FI","og_type":"article","og_title":"Green Card 2024 arpajaiset - USA GC","og_description":"Osallistu Green Card arvontaan vuonna 2024. Joka vuosi j\u00e4rjestet\u00e4\u00e4n arvonta, jossa voi voittaa Green Card.","og_url":"https:\/\/us-gc.net\/fi\/green-card-arpajaiset-2024\/","og_site_name":"USA GC","article_modified_time":"2025-03-31T10:08:00+00:00","twitter_card":"summary_large_image","twitter_misc":{"Arvioitu lukuaika":"1 minuutti"},"schema":{"@context":"https:\/\/schema.org","@graph":[{"@type":"WebPage","@id":"https:\/\/us-gc.net\/fi\/green-card-arpajaiset-2024\/","url":"https:\/\/us-gc.net\/fi\/green-card-arpajaiset-2024\/","name":"Green Card 2024 arpajaiset - USA GC","isPartOf":{"@id":"https:\/\/us-gc.net\/fi\/#website"},"datePublished":"2024-01-31T15:56:24+00:00","dateModified":"2025-03-31T10:08:00+00:00","description":"Osallistu Green Card arvontaan vuonna 2024. Joka vuosi j\u00e4rjestet\u00e4\u00e4n arvonta, jossa voi voittaa Green Card.","breadcrumb":{"@id":"https:\/\/us-gc.net\/fi\/green-card-arpajaiset-2024\/#breadcrumb"},"inLanguage":"fi","potentialAction":[{"@type":"ReadAction","target":["https:\/\/us-gc.net\/fi\/green-card-arpajaiset-2024\/"]}]},{"@type":"BreadcrumbList","@id":"https:\/\/us-gc.net\/fi\/green-card-arpajaiset-2024\/#breadcrumb","itemListElement":[{"@type":"ListItem","position":1,"name":"Accueil","item":"https:\/\/us-gc.net\/fi\/green-card\/"},{"@type":"ListItem","position":2,"name":"Green Card 2024 arpajaiset"}]},{"@type":"WebSite","@id":"https:\/\/us-gc.net\/fi\/#website","url":"https:\/\/us-gc.net\/fi\/","name":"USA GC","description":"","potentialAction":[{"@type":"SearchAction","target":{"@type":"EntryPoint","urlTemplate":"https:\/\/us-gc.net\/fi\/?s={search_term_string}"},"query-input":{"@type":"PropertyValueSpecification","valueRequired":true,"valueName":"search_term_string"}}],"inLanguage":"fi"}]}},"_links":{"self":[{"href":"https:\/\/us-gc.net\/fi\/wp-json\/wp\/v2\/pages\/1053","targetHints":{"allow":["GET"]}}],"collection":[{"href":"https:\/\/us-gc.net\/fi\/wp-json\/wp\/v2\/pages"}],"about":[{"href":"https:\/\/us-gc.net\/fi\/wp-json\/wp\/v2\/types\/page"}],"author":[{"embeddable":true,"href":"https:\/\/us-gc.net\/fi\/wp-json\/wp\/v2\/users\/1"}],"replies":[{"embeddable":true,"href":"https:\/\/us-gc.net\/fi\/wp-json\/wp\/v2\/comments?post=1053"}],"version-history":[{"count":3,"href":"https:\/\/us-gc.net\/fi\/wp-json\/wp\/v2\/pages\/1053\/revisions"}],"predecessor-version":[{"id":10099,"href":"https:\/\/us-gc.net\/fi\/wp-json\/wp\/v2\/pages\/1053\/revisions\/10099"}],"wp:attachment":[{"href":"https:\/\/us-gc.net\/fi\/wp-json\/wp\/v2\/media?parent=1053"}],"curies":[{"name":"wp","href":"https:\/\/api.w.org\/{rel}","templated":true}]}}