{"id":1015,"date":"2024-01-31T14:33:04","date_gmt":"2024-01-31T14:33:04","guid":{"rendered":"https:\/\/green-card-usa.net\/green-card-avioliitosta\/"},"modified":"2024-12-30T09:39:39","modified_gmt":"2024-12-30T09:39:39","slug":"green-card-avioliitosta","status":"publish","type":"page","link":"https:\/\/us-gc.net\/fi\/green-card-avioliitosta\/","title":{"rendered":"Avioliiton kautta saatu Green Card"},"content":{"rendered":"\n<h1 class=\"wp-block-heading\" id=\"h-obtenir-une-green-card-par-mariage\">Green Card saaminen avioliiton kautta<\/h1>\n\n<p>Green Card voidaan saada avioliiton perusteella Yhdysvaltain kansalaisen tai laillisen pysyv\u00e4n asukkaan (Legal Permanent Resident, LPR) kanssa. Avioliiton ansiosta sinusta voi siis tulla Yhdysvaltojen pysyv\u00e4 asukas. Seuraavassa on lueteltu j\u00e4rjestelm\u00e4n keskeiset vaiheet ja ehdot.<\/p>\n\n<h2 class=\"wp-block-heading\" id=\"h-eligibilite-a-la-green-card-par-mariage\">Avioliiton perusteella my\u00f6nnett\u00e4v\u00e4n Green Card saaminen<\/h2>\n\n<p>Jotta voit saada Green Card avioliiton kautta, sinun on oltava naimisissa Yhdysvaltain kansalaisen tai LPR-valtion kansalaisen kanssa. Avioliiton on oltava laillinen ja perustuttava aitoon suhteeseen. Pyrkimys saada pysyv\u00e4 amerikkalainen oleskelulupa ei saisi olla t\u00e4rkein syy avioliiton solmimiseen.<\/p>\n\n<h2 class=\"wp-block-heading\" id=\"h-conditions-et-preuves-requises\">Edellytykset ja vaaditut todisteet<\/h2>\n\n<p>Pariskuntien on esitett\u00e4v\u00e4 huomattavat todisteet laillisesta avioliitostaan. Pariskunta voi esimerkiksi toimittaa yhteisi\u00e4 tiliotteita, yhteisi\u00e4 vuokrasopimuksia tai kiinnityksi\u00e4, h\u00e4\u00e4kuvia ja perhetapahtumia. Kaikki muut asiakirjat, jotka todistavat heid\u00e4n suhteensa, voivat olla merkityksellisi\u00e4, ja ne on liitett\u00e4v\u00e4 hakemukseen.<\/p>\n\n<p>Jos et t\u00e4yt\u00e4 edellytyksi\u00e4, voit silti saada <a href=\"https:\/\/us-gc.net\/fi\/arpajaiset-green-card\/\">Green Card arpomalla<\/a>. <strong>Voit osallistua vuosittaiseen arvontaan<\/strong> t\u00e4ytt\u00e4m\u00e4ll\u00e4 <a href=\"https:\/\/us-gc.net\/fi\/green-card-lottolomake\/\">s\u00e4hk\u00f6isen lomakkeen<\/a>.<\/p>\n\n<div style=\"height:10px\" aria-hidden=\"true\" class=\"wp-block-spacer\"><\/div>\n\n<h2 class=\"wp-block-heading\" id=\"h-processus-de-demande\">Hakuprosessi<\/h2>\n\n<p><a href=\"https:\/\/us-gc.net\/fi\/\">Green Card<\/a> hakeminen avioliiton solmimisen yhteydess\u00e4 on monivaiheista.<\/p>\n\n<ol class=\"wp-block-list\">\n<li><strong>Hakemuksen j\u00e4tt\u00e4minen<\/strong>: Kansalaisen kumppanin tai RPL:n on ensin j\u00e4tett\u00e4v\u00e4 <a href=\"https:\/\/www.uscis.gov\/i-130\">lomake I-130<\/a>. Kyseess\u00e4 on ulkomaalaista vanhempaa koskeva hakemus, joka toimitetaan Yhdysvaltojen kansalaisuus- ja maahanmuuttovirastolle (USCIS).<\/li>\n\n\n\n<li><strong>Aseman mukauttaminen tai konsuliprosessi<\/strong>: Jos puoliso, joka ei ole kansalainen, on jo Yhdysvalloissa, h\u00e4n voi hakea aseman mukauttamista <a href=\"https:\/\/www.uscis.gov\/i-485\">lomakkeella I-485<\/a>. Jos puoliso on Yhdysvaltojen ulkopuolella, h\u00e4nen on toimittava kotimaansa konsulaatin kautta.<\/li>\n\n\n\n<li><strong>Haastattelu ja hyv\u00e4ksynt\u00e4<\/strong>: Molemmat osapuolet kutsutaan <a href=\"https:\/\/us-gc.net\/fi\/green-card-haastatella\/\">Green Card -haastatteluun<\/a>, jossa tarkistetaan avioliiton aitous. Jos hakemus hyv\u00e4ksyt\u00e4\u00e4n, ei-kansalaiselle puolisolle my\u00f6nnet\u00e4\u00e4n Green Card.<\/li>\n<\/ol>\n\n<h2 class=\"wp-block-heading\" id=\"h-green-card-conditionnelle\">Ehdollinen Green Card<\/h2>\n\n<p>Jos avioliitto on hyv\u00e4ksymisen aikaan alle kaksi vuotta vanha, puoliso, joka ei ole kansalainen, saa ehdollisen Green Card, joka on voimassa kaksi vuotta. Ennen sen voimassaolon p\u00e4\u00e4ttymist\u00e4 pariskunnan on j\u00e4tett\u00e4v\u00e4 <a href=\"https:\/\/www.uscis.gov\/sites\/default\/files\/document\/forms\/i-751.pdf\">lomake I-751<\/a>, jolla he voivat pyyt\u00e4\u00e4 ehtojen poistamista ja saada pysyv\u00e4n Green Card.<\/p>\n\n<h2 class=\"wp-block-heading\" id=\"h-conseils-pour-une-reussir-la-demande-de-green-card\">Vinkkej\u00e4 onnistuneeseen Green Card hakemukseen<\/h2>\n\n<p>Green Card oikeuttaa pysyv\u00e4\u00e4n oleskeluun Yhdysvalloissa. Avioliiton kautta my\u00f6nnett\u00e4v\u00e4n Green Card saamista koskeva menettely on erityisen perusteellinen, eik\u00e4 sen onnistuminen ole taattu. Seuraavassa on muutamia vinkkej\u00e4, joilla voit maksimoida onnistumismahdollisuutesi:<\/p>\n\n<ul class=\"wp-block-list\">\n<li><strong>Dokumentoi suhteenne huolellisesti<\/strong>: Pid\u00e4 kirjaa asiakirjoista ja valokuvista, jotka todistavat suhteenne jatkuvuuden ja aitouden.<\/li>\n\n\n\n<li><strong>Valmistaudu haastatteluun<\/strong>: Valmistaudu vastaamaan avoimesti ja rehellisesti parisuhdettasi ja avioliittoasi koskeviin kysymyksiin.<\/li>\n\n\n\n<li><strong>Noudata m\u00e4\u00e4r\u00e4aikoja<\/strong>: Varmista, ett\u00e4 toimitat kaikki tarvittavat hakemukset ja asiakirjat m\u00e4\u00e4r\u00e4ajassa.<\/li>\n<\/ul>\n\n<p><\/p>\n","protected":false},"excerpt":{"rendered":"<p>Green Card saaminen avioliiton kautta Green Card voidaan saada avioliiton perusteella Yhdysvaltain kansalaisen tai laillisen pysyv\u00e4n asukkaan (Legal Permanent Resident, LPR) kanssa. Avioliiton ansiosta sinusta voi siis tulla Yhdysvaltojen pysyv\u00e4 asukas. Seuraavassa on lueteltu j\u00e4rjestelm\u00e4n keskeiset vaiheet ja ehdot. Avioliiton perusteella my\u00f6nnett\u00e4v\u00e4n Green Card saaminen Jotta voit saada Green Card avioliiton kautta, sinun on oltava [&hellip;]<\/p>\n","protected":false},"author":1,"featured_media":0,"parent":0,"menu_order":0,"comment_status":"closed","ping_status":"closed","template":"","meta":{"footnotes":""},"class_list":["post-1015","page","type-page","status-publish","hentry"],"yoast_head":"<!-- This site is optimized with the Yoast SEO plugin v27.4 - https:\/\/yoast.com\/product\/yoast-seo-wordpress\/ -->\n<title>Avioliiton kautta saatu Green Card - USA GC<\/title>\n<meta name=\"description\" content=\"Hanki Green Card avioitumalla Yhdysvaltain kansalaisen tai amerikkalaisen Green Card haltijan kanssa.\" \/>\n<meta name=\"robots\" content=\"index, follow, max-snippet:-1, max-image-preview:large, max-video-preview:-1\" \/>\n<link rel=\"canonical\" href=\"https:\/\/us-gc.net\/fi\/green-card-avioliitosta\/\" \/>\n<meta property=\"og:locale\" content=\"fi_FI\" \/>\n<meta property=\"og:type\" content=\"article\" \/>\n<meta property=\"og:title\" content=\"Avioliiton kautta saatu Green Card - USA GC\" \/>\n<meta property=\"og:description\" content=\"Hanki Green Card avioitumalla Yhdysvaltain kansalaisen tai amerikkalaisen Green Card haltijan kanssa.\" \/>\n<meta property=\"og:url\" content=\"https:\/\/us-gc.net\/fi\/green-card-avioliitosta\/\" \/>\n<meta property=\"og:site_name\" content=\"USA GC\" \/>\n<meta property=\"article:modified_time\" content=\"2024-12-30T09:39:39+00:00\" \/>\n<meta name=\"twitter:card\" content=\"summary_large_image\" \/>\n<meta name=\"twitter:label1\" content=\"Arvioitu lukuaika\" \/>\n\t<meta name=\"twitter:data1\" content=\"2 minuuttia\" \/>\n<script type=\"application\/ld+json\" class=\"yoast-schema-graph\">{\"@context\":\"https:\\\/\\\/schema.org\",\"@graph\":[{\"@type\":\"WebPage\",\"@id\":\"https:\\\/\\\/us-gc.net\\\/fi\\\/green-card-avioliitosta\\\/\",\"url\":\"https:\\\/\\\/us-gc.net\\\/fi\\\/green-card-avioliitosta\\\/\",\"name\":\"Avioliiton kautta saatu Green Card - USA GC\",\"isPartOf\":{\"@id\":\"https:\\\/\\\/us-gc.net\\\/fi\\\/#website\"},\"datePublished\":\"2024-01-31T14:33:04+00:00\",\"dateModified\":\"2024-12-30T09:39:39+00:00\",\"description\":\"Hanki Green Card avioitumalla Yhdysvaltain kansalaisen tai amerikkalaisen Green Card haltijan kanssa.\",\"breadcrumb\":{\"@id\":\"https:\\\/\\\/us-gc.net\\\/fi\\\/green-card-avioliitosta\\\/#breadcrumb\"},\"inLanguage\":\"fi\",\"potentialAction\":[{\"@type\":\"ReadAction\",\"target\":[\"https:\\\/\\\/us-gc.net\\\/fi\\\/green-card-avioliitosta\\\/\"]}]},{\"@type\":\"BreadcrumbList\",\"@id\":\"https:\\\/\\\/us-gc.net\\\/fi\\\/green-card-avioliitosta\\\/#breadcrumb\",\"itemListElement\":[{\"@type\":\"ListItem\",\"position\":1,\"name\":\"Accueil\",\"item\":\"https:\\\/\\\/us-gc.net\\\/fi\\\/green-card\\\/\"},{\"@type\":\"ListItem\",\"position\":2,\"name\":\"Avioliiton kautta saatu Green Card\"}]},{\"@type\":\"WebSite\",\"@id\":\"https:\\\/\\\/us-gc.net\\\/fi\\\/#website\",\"url\":\"https:\\\/\\\/us-gc.net\\\/fi\\\/\",\"name\":\"USA GC\",\"description\":\"\",\"potentialAction\":[{\"@type\":\"SearchAction\",\"target\":{\"@type\":\"EntryPoint\",\"urlTemplate\":\"https:\\\/\\\/us-gc.net\\\/fi\\\/?s={search_term_string}\"},\"query-input\":{\"@type\":\"PropertyValueSpecification\",\"valueRequired\":true,\"valueName\":\"search_term_string\"}}],\"inLanguage\":\"fi\"}]}<\/script>\n<!-- \/ Yoast SEO plugin. -->","yoast_head_json":{"title":"Avioliiton kautta saatu Green Card - USA GC","description":"Hanki Green Card avioitumalla Yhdysvaltain kansalaisen tai amerikkalaisen Green Card haltijan kanssa.","robots":{"index":"index","follow":"follow","max-snippet":"max-snippet:-1","max-image-preview":"max-image-preview:large","max-video-preview":"max-video-preview:-1"},"canonical":"https:\/\/us-gc.net\/fi\/green-card-avioliitosta\/","og_locale":"fi_FI","og_type":"article","og_title":"Avioliiton kautta saatu Green Card - USA GC","og_description":"Hanki Green Card avioitumalla Yhdysvaltain kansalaisen tai amerikkalaisen Green Card haltijan kanssa.","og_url":"https:\/\/us-gc.net\/fi\/green-card-avioliitosta\/","og_site_name":"USA GC","article_modified_time":"2024-12-30T09:39:39+00:00","twitter_card":"summary_large_image","twitter_misc":{"Arvioitu lukuaika":"2 minuuttia"},"schema":{"@context":"https:\/\/schema.org","@graph":[{"@type":"WebPage","@id":"https:\/\/us-gc.net\/fi\/green-card-avioliitosta\/","url":"https:\/\/us-gc.net\/fi\/green-card-avioliitosta\/","name":"Avioliiton kautta saatu Green Card - USA GC","isPartOf":{"@id":"https:\/\/us-gc.net\/fi\/#website"},"datePublished":"2024-01-31T14:33:04+00:00","dateModified":"2024-12-30T09:39:39+00:00","description":"Hanki Green Card avioitumalla Yhdysvaltain kansalaisen tai amerikkalaisen Green Card haltijan kanssa.","breadcrumb":{"@id":"https:\/\/us-gc.net\/fi\/green-card-avioliitosta\/#breadcrumb"},"inLanguage":"fi","potentialAction":[{"@type":"ReadAction","target":["https:\/\/us-gc.net\/fi\/green-card-avioliitosta\/"]}]},{"@type":"BreadcrumbList","@id":"https:\/\/us-gc.net\/fi\/green-card-avioliitosta\/#breadcrumb","itemListElement":[{"@type":"ListItem","position":1,"name":"Accueil","item":"https:\/\/us-gc.net\/fi\/green-card\/"},{"@type":"ListItem","position":2,"name":"Avioliiton kautta saatu Green Card"}]},{"@type":"WebSite","@id":"https:\/\/us-gc.net\/fi\/#website","url":"https:\/\/us-gc.net\/fi\/","name":"USA GC","description":"","potentialAction":[{"@type":"SearchAction","target":{"@type":"EntryPoint","urlTemplate":"https:\/\/us-gc.net\/fi\/?s={search_term_string}"},"query-input":{"@type":"PropertyValueSpecification","valueRequired":true,"valueName":"search_term_string"}}],"inLanguage":"fi"}]}},"_links":{"self":[{"href":"https:\/\/us-gc.net\/fi\/wp-json\/wp\/v2\/pages\/1015","targetHints":{"allow":["GET"]}}],"collection":[{"href":"https:\/\/us-gc.net\/fi\/wp-json\/wp\/v2\/pages"}],"about":[{"href":"https:\/\/us-gc.net\/fi\/wp-json\/wp\/v2\/types\/page"}],"author":[{"embeddable":true,"href":"https:\/\/us-gc.net\/fi\/wp-json\/wp\/v2\/users\/1"}],"replies":[{"embeddable":true,"href":"https:\/\/us-gc.net\/fi\/wp-json\/wp\/v2\/comments?post=1015"}],"version-history":[{"count":1,"href":"https:\/\/us-gc.net\/fi\/wp-json\/wp\/v2\/pages\/1015\/revisions"}],"predecessor-version":[{"id":7655,"href":"https:\/\/us-gc.net\/fi\/wp-json\/wp\/v2\/pages\/1015\/revisions\/7655"}],"wp:attachment":[{"href":"https:\/\/us-gc.net\/fi\/wp-json\/wp\/v2\/media?parent=1015"}],"curies":[{"name":"wp","href":"https:\/\/api.w.org\/{rel}","templated":true}]}}