{"id":909,"date":"2024-01-31T07:57:06","date_gmt":"2024-01-31T07:57:06","guid":{"rendered":"https:\/\/green-card-usa.net\/loteria-green-card\/"},"modified":"2025-02-21T09:17:40","modified_gmt":"2025-02-21T09:17:40","slug":"loteria-green-card","status":"publish","type":"page","link":"https:\/\/us-gc.net\/es\/loteria-green-card\/","title":{"rendered":"Loter\u00eda de la Green Card americana"},"content":{"rendered":"\n<h1 class=\"wp-block-heading\" id=\"h-loterie-americaine-pour-obtenir-une-green-card\">Loter\u00eda americana para obtener la Green Card<\/h1>\n\n<p>Cada a\u00f1o, m\u00e1s de 50.000 personas de todo el mundo obtienen una Green Card gracias a la loter\u00eda estadounidense. Para ganar el derecho a una Green Card, los solicitantes participan en un sorteo inform\u00e1tico aleatorio que se celebra una vez al a\u00f1o.<\/p>\n\n<p><strong>Participe en esta loter\u00eda anual inscribi\u00e9ndose en l\u00ednea<\/strong> en s\u00f3lo unos minutos haciendo clic en el <a href=\"https:\/\/us-gc.net\/es\/formulario-loteria-green-card\/\">formulario en l\u00ednea<\/a>.  <\/p>\n\n<div style=\"height:10px\" aria-hidden=\"true\" class=\"wp-block-spacer\"><\/div>\n\n<h2 class=\"wp-block-heading\" id=\"h-qu-est-ce-que-la-loterie-de-la-green-card\">\u00bfQu\u00e9 es la loter\u00eda de la Green Card?<\/h2>\n\n<p>Estados Unidos ha puesto en marcha un programa para gestionar la diversidad de la inmigraci\u00f3n extranjera. Este proceso se denomina Programa de Visados de Diversidad. Incluye un sorteo anual entre los solicitantes de inmigraci\u00f3n a Estados Unidos. Los ganadores pueden solicitar una <a href=\"https:\/\/us-gc.net\/es\/green-card\/\">Green Card<\/a> en el marco del Programa de Visados de Diversidad.<\/p>\n\n<h2 class=\"wp-block-heading\" id=\"h-quand-se-deroule-la-loterie-de-la-green-card\">\u00bfCu\u00e1ndo se celebra la loter\u00eda de la Green Card?<\/h2>\n\n<p>Las inscripciones para el sorteo de la Green Card se realizan durante un periodo establecido por la administraci\u00f3n estadounidense. Esta fase de registro se desarrolla del siguiente modo:<\/p>\n\n<ul class=\"wp-block-list\">\n<li>El plazo de inscripci\u00f3n comienza la primera semana de octubre;<\/li>\n\n\n\n<li>Las inscripciones se cierran la primera semana de noviembre.<\/li>\n<\/ul>\n\n<div style=\"height:10px\" aria-hidden=\"true\" class=\"wp-block-spacer\"><\/div>\n\n<p>El sorteo final se celebra en noviembre de cada a\u00f1o.<\/p>\n\n<h2 class=\"wp-block-heading\" id=\"h-comment-s-inscrire-a-la-loterie\">\u00bfC\u00f3mo puedo participar en el sorteo?<\/h2>\n\n<p>La inscripci\u00f3n es \u00fanicamente en l\u00ednea. La inscripci\u00f3n consta de dos fases principales:<\/p>\n\n<ul class=\"wp-block-list\">\n<li>Los solicitantes deben comprobar si cumplen los requisitos para participar en la loter\u00eda del Programa de Visados de Diversidad<\/li>\n\n\n\n<li>Los solicitantes deben cumplimentar un formulario en l\u00ednea para inscribirse en el sorteo.<\/li>\n<\/ul>\n\n<h3 class=\"wp-block-heading\" id=\"h-verifier-son-eligibilite-pour-participer-a-la-loterie\">Compruebe si cumple los requisitos para participar en la loter\u00eda<\/h3>\n\n<p><strong>Primera condici\u00f3n de admisibilidad<\/strong>: la primera condici\u00f3n para participar en la loter\u00eda de la Green Card es no ser nacional de un pa\u00eds que no est\u00e9 autorizado a participar.<\/p>\n\n<p>Estados Unidos quiere mantener una poblaci\u00f3n inmigrante mixta. Cada a\u00f1o, el Gobierno de EE.UU. decide qu\u00e9 <a href=\"https:\/\/us-gc.net\/es\/loteria-green-card-paises-no-participantes\/\">pa\u00edses no pueden participar en la loter\u00eda de la Green Card<\/a>. Esta selecci\u00f3n de pa\u00edses no participantes se basa en la siguiente norma: Los nacionales de pa\u00edses en los que m\u00e1s de 50.000 ciudadanos hayan emigrado a Estados Unidos en los cinco a\u00f1os anteriores no podr\u00e1n participar en el sorteo de este a\u00f1o.<\/p>\n\n<p><strong>La segunda condici\u00f3n de elegibilidad <\/strong>: El candidato debe tener un bachillerato o haber ocupado un puesto durante 2 a\u00f1os o m\u00e1s en los \u00faltimos 5 a\u00f1os, lo que requiere un nivel de formaci\u00f3n o experiencia de al menos 2 a\u00f1os.<\/p>\n\n<h3 class=\"wp-block-heading\" id=\"h-s-inscrire-en-ligne-a-la-loterie\">Inscribirse en la loter\u00eda en l\u00ednea<\/h3>\n\n<p>Puede inscribirse en la <a href=\"https:\/\/us-gc.net\/es\/loteria-americana-tarjeta-verde\/\">loter\u00eda de la Green Card<\/a> en l\u00ednea en s\u00f3lo unos minutos rellenando el <a href=\"https:\/\/us-gc.net\/es\/formulario-loteria-green-card\/\">formulario en l\u00ednea<\/a>. <\/p>\n\n<h2 class=\"wp-block-heading\" id=\"h-comment-connaitre-les-resultats-de-la-loterie-de-la-green-card\">\u00bfC\u00f3mo puedo conocer los resultados de la loter\u00eda de la Green Card?<\/h2>\n\n<p>Los <a href=\"https:\/\/us-gc.net\/es\/resultados-loteria-green-card\/\">resultados del sorteo de la Green Card<\/a> se publican cada a\u00f1o al menos 6 meses despu\u00e9s del sorteo de noviembre. Los resultados del sorteo se publican en Internet a partir de mayo del a\u00f1o siguiente.<\/p>\n\n<p>El Departamento de Estado de EE.UU., que gestiona el Programa de Visados de Diversidad, publica en Internet estad\u00edsticas sobre los solicitantes que participan cada a\u00f1o en la loter\u00eda.  <\/p>\n\n<h2 class=\"wp-block-heading\" id=\"h-est-ce-qu-il-y-a-des-quotas-par-pays-pour-la-loterie\">\u00bfHay cuotas por pa\u00eds para la loter\u00eda?<\/h2>\n\n<p>No hay cuotas por pa\u00eds cuando se inscribe para participar en la loter\u00eda de la Tarjeta Verde. Por otro lado, el Programa de Visados de Diversidad establece cuotas por pa\u00eds para la asignaci\u00f3n final de visados resultantes del programa de diversidad: <strong>los ciudadanos de un mismo pa\u00eds no pueden representar m\u00e1s del 7% del n\u00famero total de ganadores<\/strong>.<\/p>\n\n<p><strong>Ejemplo para 2023<\/strong>: Para un total de 55.000 Tarjetas Verdes expedidas en 2023, ning\u00fan pa\u00eds podr\u00eda tener m\u00e1s del 7% de ellas, es decir, un m\u00e1ximo de 3.850 Tarjetas Verdes.<\/p>\n\n<h2 class=\"wp-block-heading\" id=\"h-synthese-des-candidats-ayant-participes-a-la-loterie-de-2019-a-2021\">Resumen de los candidatos que participaron en la loter\u00eda de 2019 a 2021<\/h2>\n\n<p>Las \u00faltimas cifras publicadas por el Departamento de Estado de EE.UU. sobre el n\u00famero de solicitudes en l\u00ednea para la loter\u00eda de la Tarjeta Verde corresponden a 2021. He aqu\u00ed un resumen de la participaci\u00f3n de 2019 a 2021, desglosada por zonas geogr\u00e1ficas:  <\/p>\n\n<figure class=\"wp-block-table\"><table><tbody><tr><td><strong>Zonas geogr\u00e1ficas <\/strong><\/td><td class=\"has-text-align-center\" data-align=\"center\"><strong>2019<\/strong><\/td><td class=\"has-text-align-center\" data-align=\"center\"><strong>2020<\/strong><\/td><td class=\"has-text-align-center\" data-align=\"center\"><strong>2021<\/strong><\/td><\/tr><tr><td><a href=\"https:\/\/us-gc.net\/es\/loteria-green-card-paises-africa\/\">Pa\u00edses africanos<\/a><\/td><td class=\"has-text-align-center\" data-align=\"center\">7 832 894<\/td><td class=\"has-text-align-center\" data-align=\"center\">8 145 390<\/td><td class=\"has-text-align-center\" data-align=\"center\">3 100 982<\/td><\/tr><tr><td><a href=\"https:\/\/us-gc.net\/es\/loteria-green-card-paises-asiaticos\/\">Pa\u00edses asi\u00e1ticos<\/a><\/td><td class=\"has-text-align-center\" data-align=\"center\">1 871 824<\/td><td class=\"has-text-align-center\" data-align=\"center\">1 952 489<\/td><td class=\"has-text-align-center\" data-align=\"center\">1 281 046<\/td><\/tr><tr><td><a href=\"https:\/\/us-gc.net\/es\/loteria-green-card-europa\/\">Pa\u00edses de Europa<\/a><\/td><td class=\"has-text-align-center\" data-align=\"center\">4 349 555<\/td><td class=\"has-text-align-center\" data-align=\"center\">4 072 324<\/td><td class=\"has-text-align-center\" data-align=\"center\">2 014 089<\/td><\/tr><tr><td>Pa\u00edses de Am\u00e9rica del Norte (Bahamas)<\/td><td class=\"has-text-align-center\" data-align=\"center\">1 506<\/td><td class=\"has-text-align-center\" data-align=\"center\">1 445<\/td><td class=\"has-text-align-center\" data-align=\"center\">937<\/td><\/tr><tr><td>Ocean\u00eda<\/td><td class=\"has-text-align-center\" data-align=\"center\">23 201<\/td><td class=\"has-text-align-center\" data-align=\"center\">22 722<\/td><td class=\"has-text-align-center\" data-align=\"center\">16 672<\/td><\/tr><tr><td>Pa\u00edses de Am\u00e9rica Central y del Sur<\/td><td class=\"has-text-align-center\" data-align=\"center\">273 033<\/td><td class=\"has-text-align-center\" data-align=\"center\">528 428<\/td><td class=\"has-text-align-center\" data-align=\"center\">327 402<\/td><\/tr><tr><td><strong>N\u00famero total de solicitudes<\/strong><\/td><td class=\"has-text-align-center\" data-align=\"center\"><strong>14 352 013<\/strong><\/td><td class=\"has-text-align-center\" data-align=\"center\"><strong>14 722 798<\/strong><\/td><td class=\"has-text-align-center\" data-align=\"center\"><strong>6 741 128<\/strong><\/td><\/tr><\/tbody><\/table><\/figure>\n\n<p>Estas estad\u00edsticas se han elaborado a partir de datos p\u00fablicos publicados por el Departamento de Estado en <a href=\"https:\/\/travel.state.gov\/content\/travel\/en\/us-visas\/immigrate\/diversity-visa-program-entry\/diversity-visa-program-statistics.html\">travel.state.gov<\/a>.<\/p>\n\n<h2 class=\"wp-block-heading\" id=\"h-qu-est-ce-qu-il-se-passe-apres-la-loterie-de-la-green-card\">\u00bfQu\u00e9 ocurre despu\u00e9s de la loter\u00eda de la Green Card?<\/h2>\n\n<p>Los ganadores de loter\u00eda deben seguir una serie de pasos despu\u00e9s de ganar la loter\u00eda. Los siguientes pasos del procedimiento son :<\/p>\n\n<ul class=\"wp-block-list\">\n<li>Cumplimentar el <a href=\"https:\/\/travel.state.gov\/content\/travel\/en\/us-visas\/visa-information-resources\/forms\/online-immigrant-visa-forms\/ds-260-faqs.html\">impreso DS-260<\/a> de solicitud de visado.<\/li>\n\n\n\n<li>Pago de las <a href=\"https:\/\/us-gc.net\/es\/precio-green-card\/\">tasas exigidas para la obtenci\u00f3n de la Green Card<\/a> en el marco de esta solicitud de visado obligatoria;<\/li>\n\n\n\n<li>Una <a href=\"https:\/\/us-gc.net\/es\/green-card-entrevista\/\">entrevista para la Green Card<\/a> con un funcionario del Programa de Visados de Diversidad del USCIS;<\/li>\n\n\n\n<li>Realizar un reconocimiento m\u00e9dico.<\/li>\n<\/ul>\n\n<div style=\"height:10px\" aria-hidden=\"true\" class=\"wp-block-spacer\"><\/div>\n","protected":false},"excerpt":{"rendered":"<p>Loter\u00eda americana para obtener la Green Card Cada a\u00f1o, m\u00e1s de 50.000 personas de todo el mundo obtienen una Green Card gracias a la loter\u00eda estadounidense. Para ganar el derecho a una Green Card, los solicitantes participan en un sorteo inform\u00e1tico aleatorio que se celebra una vez al a\u00f1o. Participe en esta loter\u00eda anual inscribi\u00e9ndose [&hellip;]<\/p>\n","protected":false},"author":1,"featured_media":0,"parent":0,"menu_order":0,"comment_status":"closed","ping_status":"closed","template":"","meta":{"footnotes":""},"class_list":["post-909","page","type-page","status-publish","hentry"],"yoast_head":"<!-- This site is optimized with the Yoast SEO plugin v27.2 - https:\/\/yoast.com\/product\/yoast-seo-wordpress\/ -->\n<title>Loter\u00eda de la Green Card americana - USA GC<\/title>\n<meta name=\"description\" content=\"Participe en la loter\u00eda anual estadounidense para obtener una Green Card como otros 50.000 ganadores en un sorteo aleatorio.\" \/>\n<meta name=\"robots\" content=\"index, follow, max-snippet:-1, max-image-preview:large, max-video-preview:-1\" \/>\n<link rel=\"canonical\" href=\"https:\/\/us-gc.net\/es\/loteria-green-card\/\" \/>\n<meta property=\"og:locale\" content=\"es_ES\" \/>\n<meta property=\"og:type\" content=\"article\" \/>\n<meta property=\"og:title\" content=\"Loter\u00eda de la Green Card americana - USA GC\" \/>\n<meta property=\"og:description\" content=\"Participe en la loter\u00eda anual estadounidense para obtener una Green Card como otros 50.000 ganadores en un sorteo aleatorio.\" \/>\n<meta property=\"og:url\" content=\"https:\/\/us-gc.net\/es\/loteria-green-card\/\" \/>\n<meta property=\"og:site_name\" content=\"USA GC\" \/>\n<meta property=\"article:modified_time\" content=\"2025-02-21T09:17:40+00:00\" \/>\n<meta name=\"twitter:card\" content=\"summary_large_image\" \/>\n<meta name=\"twitter:label1\" content=\"Tiempo de lectura\" \/>\n\t<meta name=\"twitter:data1\" content=\"4 minutos\" \/>\n<script type=\"application\/ld+json\" class=\"yoast-schema-graph\">{\"@context\":\"https:\/\/schema.org\",\"@graph\":[{\"@type\":\"WebPage\",\"@id\":\"https:\/\/us-gc.net\/es\/loteria-green-card\/\",\"url\":\"https:\/\/us-gc.net\/es\/loteria-green-card\/\",\"name\":\"Loter\u00eda de la Green Card americana - USA GC\",\"isPartOf\":{\"@id\":\"https:\/\/us-gc.net\/es\/#website\"},\"datePublished\":\"2024-01-31T07:57:06+00:00\",\"dateModified\":\"2025-02-21T09:17:40+00:00\",\"description\":\"Participe en la loter\u00eda anual estadounidense para obtener una Green Card como otros 50.000 ganadores en un sorteo aleatorio.\",\"breadcrumb\":{\"@id\":\"https:\/\/us-gc.net\/es\/loteria-green-card\/#breadcrumb\"},\"inLanguage\":\"es\",\"potentialAction\":[{\"@type\":\"ReadAction\",\"target\":[\"https:\/\/us-gc.net\/es\/loteria-green-card\/\"]}]},{\"@type\":\"BreadcrumbList\",\"@id\":\"https:\/\/us-gc.net\/es\/loteria-green-card\/#breadcrumb\",\"itemListElement\":[{\"@type\":\"ListItem\",\"position\":1,\"name\":\"Accueil\",\"item\":\"https:\/\/us-gc.net\/es\/green-card\/\"},{\"@type\":\"ListItem\",\"position\":2,\"name\":\"Loter\u00eda de la Green Card americana\"}]},{\"@type\":\"WebSite\",\"@id\":\"https:\/\/us-gc.net\/es\/#website\",\"url\":\"https:\/\/us-gc.net\/es\/\",\"name\":\"USA GC\",\"description\":\"\",\"potentialAction\":[{\"@type\":\"SearchAction\",\"target\":{\"@type\":\"EntryPoint\",\"urlTemplate\":\"https:\/\/us-gc.net\/es\/?s={search_term_string}\"},\"query-input\":{\"@type\":\"PropertyValueSpecification\",\"valueRequired\":true,\"valueName\":\"search_term_string\"}}],\"inLanguage\":\"es\"}]}<\/script>\n<!-- \/ Yoast SEO plugin. -->","yoast_head_json":{"title":"Loter\u00eda de la Green Card americana - USA GC","description":"Participe en la loter\u00eda anual estadounidense para obtener una Green Card como otros 50.000 ganadores en un sorteo aleatorio.","robots":{"index":"index","follow":"follow","max-snippet":"max-snippet:-1","max-image-preview":"max-image-preview:large","max-video-preview":"max-video-preview:-1"},"canonical":"https:\/\/us-gc.net\/es\/loteria-green-card\/","og_locale":"es_ES","og_type":"article","og_title":"Loter\u00eda de la Green Card americana - USA GC","og_description":"Participe en la loter\u00eda anual estadounidense para obtener una Green Card como otros 50.000 ganadores en un sorteo aleatorio.","og_url":"https:\/\/us-gc.net\/es\/loteria-green-card\/","og_site_name":"USA GC","article_modified_time":"2025-02-21T09:17:40+00:00","twitter_card":"summary_large_image","twitter_misc":{"Tiempo de lectura":"4 minutos"},"schema":{"@context":"https:\/\/schema.org","@graph":[{"@type":"WebPage","@id":"https:\/\/us-gc.net\/es\/loteria-green-card\/","url":"https:\/\/us-gc.net\/es\/loteria-green-card\/","name":"Loter\u00eda de la Green Card americana - USA GC","isPartOf":{"@id":"https:\/\/us-gc.net\/es\/#website"},"datePublished":"2024-01-31T07:57:06+00:00","dateModified":"2025-02-21T09:17:40+00:00","description":"Participe en la loter\u00eda anual estadounidense para obtener una Green Card como otros 50.000 ganadores en un sorteo aleatorio.","breadcrumb":{"@id":"https:\/\/us-gc.net\/es\/loteria-green-card\/#breadcrumb"},"inLanguage":"es","potentialAction":[{"@type":"ReadAction","target":["https:\/\/us-gc.net\/es\/loteria-green-card\/"]}]},{"@type":"BreadcrumbList","@id":"https:\/\/us-gc.net\/es\/loteria-green-card\/#breadcrumb","itemListElement":[{"@type":"ListItem","position":1,"name":"Accueil","item":"https:\/\/us-gc.net\/es\/green-card\/"},{"@type":"ListItem","position":2,"name":"Loter\u00eda de la Green Card americana"}]},{"@type":"WebSite","@id":"https:\/\/us-gc.net\/es\/#website","url":"https:\/\/us-gc.net\/es\/","name":"USA GC","description":"","potentialAction":[{"@type":"SearchAction","target":{"@type":"EntryPoint","urlTemplate":"https:\/\/us-gc.net\/es\/?s={search_term_string}"},"query-input":{"@type":"PropertyValueSpecification","valueRequired":true,"valueName":"search_term_string"}}],"inLanguage":"es"}]}},"_links":{"self":[{"href":"https:\/\/us-gc.net\/es\/wp-json\/wp\/v2\/pages\/909","targetHints":{"allow":["GET"]}}],"collection":[{"href":"https:\/\/us-gc.net\/es\/wp-json\/wp\/v2\/pages"}],"about":[{"href":"https:\/\/us-gc.net\/es\/wp-json\/wp\/v2\/types\/page"}],"author":[{"embeddable":true,"href":"https:\/\/us-gc.net\/es\/wp-json\/wp\/v2\/users\/1"}],"replies":[{"embeddable":true,"href":"https:\/\/us-gc.net\/es\/wp-json\/wp\/v2\/comments?post=909"}],"version-history":[{"count":2,"href":"https:\/\/us-gc.net\/es\/wp-json\/wp\/v2\/pages\/909\/revisions"}],"predecessor-version":[{"id":9822,"href":"https:\/\/us-gc.net\/es\/wp-json\/wp\/v2\/pages\/909\/revisions\/9822"}],"wp:attachment":[{"href":"https:\/\/us-gc.net\/es\/wp-json\/wp\/v2\/media?parent=909"}],"curies":[{"name":"wp","href":"https:\/\/api.w.org\/{rel}","templated":true}]}}