{"id":858,"date":"2024-01-31T16:18:19","date_gmt":"2024-01-31T16:18:19","guid":{"rendered":"https:\/\/green-card-usa.net\/viajar-al-extranjero-con-green-card\/"},"modified":"2025-03-31T11:23:13","modified_gmt":"2025-03-31T11:23:13","slug":"viajar-al-extranjero-con-green-card","status":"publish","type":"page","link":"https:\/\/us-gc.net\/es\/viajar-al-extranjero-con-green-card\/","title":{"rendered":"Viajar al extranjero con la Carta Verde"},"content":{"rendered":"\n<h1 class=\"wp-block-heading\" id=\"h-voyager-hors-des-etats-unis-avec-une-green-card\">Viajar fuera de Estados Unidos con la tarjeta verde<\/h1>\n\n<p>Gracias al pasaporte estadounidense, los ciudadanos de este pa\u00eds pueden viajar a m\u00e1s de 140 pa\u00edses de todo el mundo sin necesidad de visado. Algunos de estos pa\u00edses han ampliado este derecho a viajar sin visado a los titulares de una <a href=\"https:\/\/us-gc.net\/es\/\">tarjeta verde estadounidense<\/a>.<\/p>\n\n<h2 class=\"wp-block-heading\" id=\"h-ou-peut-on-voyager-a-l-etranger-avec-une-green-card\">\u00bfD\u00f3nde puedo viajar al extranjero con la Carta Verde?<\/h2>\n\n<p>Est\u00e1 en vigor un acuerdo regional con algunos pa\u00edses vecinos de Estados Unidos para permitir a los titulares de la Carta Verde cruzar sus fronteras. Los residentes en Estados Unidos pueden cruzar las fronteras de los siguientes pa\u00edses:<\/p>\n\n<ul class=\"wp-block-list\">\n<li>Canad\u00e1<\/li>\n\n\n\n<li>M\u00e9xico<\/li>\n\n\n\n<li>Costa Rica<\/li>\n\n\n\n<li>Islas V\u00edrgenes Brit\u00e1nicas<\/li>\n\n\n\n<li>Aruba y Cura\u00e7ao<\/li>\n<\/ul>\n\n<p>Otros pa\u00edses mucho m\u00e1s lejanos tambi\u00e9n permiten a los titulares de la tarjeta verde estadounidense viajar sin visado, como Georgia, Singapur y los pa\u00edses balc\u00e1nicos de Albania, Bosnia-Herzegovina, Kosovo, Montenegro y Serbia.<\/p>\n\n<p>Tanto si has obtenido la Tarjeta <a href=\"https:\/\/us-gc.net\/es\/green-card-por-matrimonio\/\">Verde por matrimonio<\/a> como si la has ganado <a href=\"https:\/\/us-gc.net\/es\/loteria-green-card\/\">en una loter\u00eda<\/a>, tienes los mismos derechos que todos los estadounidenses titulares de una Tarjeta Verde.<\/p>\n\n<h2 class=\"wp-block-heading\" id=\"h-comment-voyager-au-canada-avec-une-green-card\">\u00bfC\u00f3mo puedo viajar a Canad\u00e1 con la tarjeta verde?<\/h2>\n\n<p>Si es titular de una tarjeta verde estadounidense, puede cruzar la frontera con Canad\u00e1 sin necesidad de obtener previamente un visado de turista canadiense. Esta norma se aplica a todos los titulares de la tarjeta verde, sea cual sea su nacionalidad.  <\/p>\n\n<p>Sin embargo, si viaja en avi\u00f3n o en tr\u00e1nsito por Canad\u00e1, deber\u00e1 obtener una ETA canadiense antes de embarcar. Por \u00faltimo, si cruza la frontera por tierra, s\u00f3lo necesita su pasaporte y su tarjeta verde.<\/p>\n\n<h2 class=\"wp-block-heading\" id=\"h-peut-on-voyager-a-l-etranger-avec-une-green-card-sans-passeport\">\u00bfPuedo viajar al extranjero con la Tarjeta Verde sin pasaporte?<\/h2>\n\n<p>En general, el pasaporte es imprescindible para viajar al extranjero. La posesi\u00f3n de la Tarjeta Verde no basta para cruzar fronteras internacionales. Ya sea por aire o por tierra, las autoridades aduaneras y de inmigraci\u00f3n exigen la presentaci\u00f3n de un pasaporte v\u00e1lido. S\u00f3lo el pasaporte puede probar la identidad y la nacionalidad del viajero.<\/p>\n\n<p>Sin embargo, hay excepciones limitadas a esta regla. En algunos casos concretos, los pa\u00edses han celebrado un acuerdo regional para cruzar sus fronteras sin presentar pasaporte. El ejemplo m\u00e1s importante se refiere a los nacionales de pa\u00edses del espacio Schengen. Pueden circular libremente entre los Estados miembros sin necesidad de presentar pasaporte.<\/p>\n\n<h2 class=\"wp-block-heading\" id=\"h-peut-on-voyager-avec-une-copie-de-la-green-card\">\u00bfPuedo viajar con una copia de mi tarjeta verde?<\/h2>\n\n<p>La Tarjeta Verde es un documento oficial que acredita la condici\u00f3n de residente permanente en Estados Unidos. No es aconsejable viajar al extranjero s\u00f3lo con una copia de su Carta Verde. En los viajes internacionales, las autoridades fronterizas exigen ver los documentos originales para verificar la identidad y el estatus del viajero.<\/p>\n\n<p>Si viaja fuera de Estados Unidos, debe llevar consigo su Tarjeta Verde original para volver a entrar en el pa\u00eds. Una copia de su Tarjeta Verde no es suficiente para probar su estatus de residente permanente.<\/p>\n\n<p>Si pierde o le roban su Tarjeta Verde mientras est\u00e1 en el extranjero, debe ponerse en contacto inmediatamente con la embajada o el consulado estadounidense. La embajada le proporcionar\u00e1 un documento sustitutivo que le permitir\u00e1 embarcar y regresar a Estados Unidos.<\/p>\n","protected":false},"excerpt":{"rendered":"<p>Viajar fuera de Estados Unidos con la tarjeta verde Gracias al pasaporte estadounidense, los ciudadanos de este pa\u00eds pueden viajar a m\u00e1s de 140 pa\u00edses de todo el mundo sin necesidad de visado. Algunos de estos pa\u00edses han ampliado este derecho a viajar sin visado a los titulares de una tarjeta verde estadounidense. \u00bfD\u00f3nde puedo [&hellip;]<\/p>\n","protected":false},"author":1,"featured_media":0,"parent":0,"menu_order":0,"comment_status":"closed","ping_status":"closed","template":"","meta":{"footnotes":""},"class_list":["post-858","page","type-page","status-publish","hentry"],"yoast_head":"<!-- This site is optimized with the Yoast SEO plugin v27.2 - https:\/\/yoast.com\/product\/yoast-seo-wordpress\/ -->\n<title>Viajar al extranjero con la Carta Verde - USA GC<\/title>\n<meta name=\"description\" content=\"\u00bfQu\u00e9 normas se aplican a los viajes al extranjero con tarjeta verde de residente en EE.UU.?\" \/>\n<meta name=\"robots\" content=\"index, follow, max-snippet:-1, max-image-preview:large, max-video-preview:-1\" \/>\n<link rel=\"canonical\" href=\"https:\/\/us-gc.net\/es\/viajar-al-extranjero-con-green-card\/\" \/>\n<meta property=\"og:locale\" content=\"es_ES\" \/>\n<meta property=\"og:type\" content=\"article\" \/>\n<meta property=\"og:title\" content=\"Viajar al extranjero con la Carta Verde - USA GC\" \/>\n<meta property=\"og:description\" content=\"\u00bfQu\u00e9 normas se aplican a los viajes al extranjero con tarjeta verde de residente en EE.UU.?\" \/>\n<meta property=\"og:url\" content=\"https:\/\/us-gc.net\/es\/viajar-al-extranjero-con-green-card\/\" \/>\n<meta property=\"og:site_name\" content=\"USA GC\" \/>\n<meta property=\"article:modified_time\" content=\"2025-03-31T11:23:13+00:00\" \/>\n<meta name=\"twitter:card\" content=\"summary_large_image\" \/>\n<meta name=\"twitter:label1\" content=\"Tiempo de lectura\" \/>\n\t<meta name=\"twitter:data1\" content=\"3 minutos\" \/>\n<script type=\"application\/ld+json\" class=\"yoast-schema-graph\">{\"@context\":\"https:\/\/schema.org\",\"@graph\":[{\"@type\":\"WebPage\",\"@id\":\"https:\/\/us-gc.net\/es\/viajar-al-extranjero-con-green-card\/\",\"url\":\"https:\/\/us-gc.net\/es\/viajar-al-extranjero-con-green-card\/\",\"name\":\"Viajar al extranjero con la Carta Verde - USA GC\",\"isPartOf\":{\"@id\":\"https:\/\/us-gc.net\/es\/#website\"},\"datePublished\":\"2024-01-31T16:18:19+00:00\",\"dateModified\":\"2025-03-31T11:23:13+00:00\",\"description\":\"\u00bfQu\u00e9 normas se aplican a los viajes al extranjero con tarjeta verde de residente en EE.UU.?\",\"breadcrumb\":{\"@id\":\"https:\/\/us-gc.net\/es\/viajar-al-extranjero-con-green-card\/#breadcrumb\"},\"inLanguage\":\"es\",\"potentialAction\":[{\"@type\":\"ReadAction\",\"target\":[\"https:\/\/us-gc.net\/es\/viajar-al-extranjero-con-green-card\/\"]}]},{\"@type\":\"BreadcrumbList\",\"@id\":\"https:\/\/us-gc.net\/es\/viajar-al-extranjero-con-green-card\/#breadcrumb\",\"itemListElement\":[{\"@type\":\"ListItem\",\"position\":1,\"name\":\"Accueil\",\"item\":\"https:\/\/us-gc.net\/es\/green-card\/\"},{\"@type\":\"ListItem\",\"position\":2,\"name\":\"Viajar al extranjero con la Carta Verde\"}]},{\"@type\":\"WebSite\",\"@id\":\"https:\/\/us-gc.net\/es\/#website\",\"url\":\"https:\/\/us-gc.net\/es\/\",\"name\":\"USA GC\",\"description\":\"\",\"potentialAction\":[{\"@type\":\"SearchAction\",\"target\":{\"@type\":\"EntryPoint\",\"urlTemplate\":\"https:\/\/us-gc.net\/es\/?s={search_term_string}\"},\"query-input\":{\"@type\":\"PropertyValueSpecification\",\"valueRequired\":true,\"valueName\":\"search_term_string\"}}],\"inLanguage\":\"es\"}]}<\/script>\n<!-- \/ Yoast SEO plugin. -->","yoast_head_json":{"title":"Viajar al extranjero con la Carta Verde - USA GC","description":"\u00bfQu\u00e9 normas se aplican a los viajes al extranjero con tarjeta verde de residente en EE.UU.?","robots":{"index":"index","follow":"follow","max-snippet":"max-snippet:-1","max-image-preview":"max-image-preview:large","max-video-preview":"max-video-preview:-1"},"canonical":"https:\/\/us-gc.net\/es\/viajar-al-extranjero-con-green-card\/","og_locale":"es_ES","og_type":"article","og_title":"Viajar al extranjero con la Carta Verde - USA GC","og_description":"\u00bfQu\u00e9 normas se aplican a los viajes al extranjero con tarjeta verde de residente en EE.UU.?","og_url":"https:\/\/us-gc.net\/es\/viajar-al-extranjero-con-green-card\/","og_site_name":"USA GC","article_modified_time":"2025-03-31T11:23:13+00:00","twitter_card":"summary_large_image","twitter_misc":{"Tiempo de lectura":"3 minutos"},"schema":{"@context":"https:\/\/schema.org","@graph":[{"@type":"WebPage","@id":"https:\/\/us-gc.net\/es\/viajar-al-extranjero-con-green-card\/","url":"https:\/\/us-gc.net\/es\/viajar-al-extranjero-con-green-card\/","name":"Viajar al extranjero con la Carta Verde - USA GC","isPartOf":{"@id":"https:\/\/us-gc.net\/es\/#website"},"datePublished":"2024-01-31T16:18:19+00:00","dateModified":"2025-03-31T11:23:13+00:00","description":"\u00bfQu\u00e9 normas se aplican a los viajes al extranjero con tarjeta verde de residente en EE.UU.?","breadcrumb":{"@id":"https:\/\/us-gc.net\/es\/viajar-al-extranjero-con-green-card\/#breadcrumb"},"inLanguage":"es","potentialAction":[{"@type":"ReadAction","target":["https:\/\/us-gc.net\/es\/viajar-al-extranjero-con-green-card\/"]}]},{"@type":"BreadcrumbList","@id":"https:\/\/us-gc.net\/es\/viajar-al-extranjero-con-green-card\/#breadcrumb","itemListElement":[{"@type":"ListItem","position":1,"name":"Accueil","item":"https:\/\/us-gc.net\/es\/green-card\/"},{"@type":"ListItem","position":2,"name":"Viajar al extranjero con la Carta Verde"}]},{"@type":"WebSite","@id":"https:\/\/us-gc.net\/es\/#website","url":"https:\/\/us-gc.net\/es\/","name":"USA GC","description":"","potentialAction":[{"@type":"SearchAction","target":{"@type":"EntryPoint","urlTemplate":"https:\/\/us-gc.net\/es\/?s={search_term_string}"},"query-input":{"@type":"PropertyValueSpecification","valueRequired":true,"valueName":"search_term_string"}}],"inLanguage":"es"}]}},"_links":{"self":[{"href":"https:\/\/us-gc.net\/es\/wp-json\/wp\/v2\/pages\/858","targetHints":{"allow":["GET"]}}],"collection":[{"href":"https:\/\/us-gc.net\/es\/wp-json\/wp\/v2\/pages"}],"about":[{"href":"https:\/\/us-gc.net\/es\/wp-json\/wp\/v2\/types\/page"}],"author":[{"embeddable":true,"href":"https:\/\/us-gc.net\/es\/wp-json\/wp\/v2\/users\/1"}],"replies":[{"embeddable":true,"href":"https:\/\/us-gc.net\/es\/wp-json\/wp\/v2\/comments?post=858"}],"version-history":[{"count":5,"href":"https:\/\/us-gc.net\/es\/wp-json\/wp\/v2\/pages\/858\/revisions"}],"predecessor-version":[{"id":10160,"href":"https:\/\/us-gc.net\/es\/wp-json\/wp\/v2\/pages\/858\/revisions\/10160"}],"wp:attachment":[{"href":"https:\/\/us-gc.net\/es\/wp-json\/wp\/v2\/media?parent=858"}],"curies":[{"name":"wp","href":"https:\/\/api.w.org\/{rel}","templated":true}]}}