{"id":795,"date":"2024-02-02T15:07:30","date_gmt":"2024-02-02T15:07:30","guid":{"rendered":"https:\/\/green-card-usa.net\/resultados-loteria-green-card\/"},"modified":"2024-12-30T09:47:01","modified_gmt":"2024-12-30T09:47:01","slug":"resultados-loteria-green-card","status":"publish","type":"page","link":"https:\/\/us-gc.net\/es\/resultados-loteria-green-card\/","title":{"rendered":"Resultados de la loter\u00eda de la Green Card"},"content":{"rendered":"\n<h1 class=\"wp-block-heading\" id=\"h-les-resultats-du-tirage-au-sort-de-la-loterie-de-la-green-card\">Resultados del sorteo de la Green Card<\/h1>\n\n<p>Los resultados de la loter\u00eda de la Green Card estadounidense se publican cada a\u00f1o en el marco del <a href=\"https:\/\/us-gc.net\/es\/diversity-visa-program\/\">Programa de Visados de Diversidad<\/a>. Todos los solicitantes de <a href=\"https:\/\/us-gc.net\/es\/loteria-americana-tarjeta-verde\/\">la loter\u00eda de la Tarjeta Verde<\/a> pueden obtener sus resultados personales en l\u00ednea.<\/p>\n\n<h2 class=\"wp-block-heading\" id=\"h-quand-a-lieu-le-tirage-de-la-loterie-de-la-green-card\">\u00bfCu\u00e1ndo es el sorteo de la Green Card?<\/h2>\n\n<p>El sorteo se celebra en noviembre de cada a\u00f1o. Las fechas exactas de apertura y cierre de las inscripciones se publican unos meses antes de cada a\u00f1o.<\/p>\n\n<h2 class=\"wp-block-heading\" id=\"h-quand-est-ce-que-les-resultats-sont-publies\">\u00bfCu\u00e1ndo se publican los resultados?<\/h2>\n\n<p>Los resultados de la <a href=\"https:\/\/us-gc.net\/es\/loteria-green-card\/\">loter\u00eda de la Green Card<\/a> est\u00e1n disponibles aproximadamente 6 meses despu\u00e9s del cierre de las inscripciones. Por ello se publican todos los a\u00f1os en torno al mes de mayo. Los resultados del sorteo del Visado de Diversidad 2025 celebrado en noviembre de 2023 se publicaron en l\u00ednea el 4 de mayo de 2024 en esta p\u00e1gina <a href=\"https:\/\/dvprogram.state.gov\/ESC\/CheckStatus.aspx\">dvprogram.state.<\/a>gov.<\/p>\n\n<h2 class=\"wp-block-heading\" id=\"h-resultats-de-la-loterie-de-2018-a-2022\">Resultados de la loter\u00eda de 2018 a 2022<\/h2>\n\n<p>A partir de las estad\u00edsticas que publica cada a\u00f1o el Departamento de Estado, he aqu\u00ed los resultados de la loter\u00eda de los \u00faltimos 5 a\u00f1os cuyos resultados son p\u00fablicos:<\/p>\n\n<figure class=\"wp-block-table\"><table><tbody><tr><td><strong>Zonas geogr\u00e1ficas <\/strong><\/td><td class=\"has-text-align-center\" data-align=\"center\"><strong>2018<\/strong><\/td><td class=\"has-text-align-center\" data-align=\"center\"><strong>2019<\/strong><\/td><td class=\"has-text-align-center\" data-align=\"center\"><strong>2020<\/strong><\/td><td class=\"has-text-align-center\" data-align=\"center\"><strong>2021<\/strong><\/td><td class=\"has-text-align-center\" data-align=\"center\"><strong>2022<\/strong><\/td><\/tr><tr><td><a href=\"https:\/\/us-gc.net\/es\/loteria-green-card-paises-africa\/\">Pa\u00edses africanos<\/a><\/td><td class=\"has-text-align-center\" data-align=\"center\">20 532<\/td><td class=\"has-text-align-center\" data-align=\"center\">20 336<\/td><td class=\"has-text-align-center\" data-align=\"center\">6 017<\/td><td class=\"has-text-align-center\" data-align=\"center\">5 801<\/td><td class=\"has-text-align-center\" data-align=\"center\">19 215<\/td><\/tr><tr><td><a href=\"https:\/\/us-gc.net\/es\/loteria-green-card-paises-asiaticos\/\">Pa\u00edses asi\u00e1ticos<\/a><\/td><td class=\"has-text-align-center\" data-align=\"center\">6 290<\/td><td class=\"has-text-align-center\" data-align=\"center\">6 079<\/td><td class=\"has-text-align-center\" data-align=\"center\">4 055<\/td><td class=\"has-text-align-center\" data-align=\"center\">4 498<\/td><td class=\"has-text-align-center\" data-align=\"center\">11 693<\/td><\/tr><tr><td><a href=\"https:\/\/us-gc.net\/es\/loteria-green-card-europa\/\">Pa\u00edses de Europa<\/a><\/td><td class=\"has-text-align-center\" data-align=\"center\">20 434<\/td><td class=\"has-text-align-center\" data-align=\"center\">17 897<\/td><td class=\"has-text-align-center\" data-align=\"center\">7 643<\/td><td class=\"has-text-align-center\" data-align=\"center\">5 795<\/td><td class=\"has-text-align-center\" data-align=\"center\">21 806<\/td><\/tr><tr><td>Pa\u00edses de Am\u00e9rica del Norte (Bahamas)<\/td><td class=\"has-text-align-center\" data-align=\"center\">2<\/td><td class=\"has-text-align-center\" data-align=\"center\">8<\/td><td class=\"has-text-align-center\" data-align=\"center\">13<\/td><td class=\"has-text-align-center\" data-align=\"center\">21<\/td><td class=\"has-text-align-center\" data-align=\"center\">12<\/td><\/tr><tr><td>Ocean\u00eda<\/td><td class=\"has-text-align-center\" data-align=\"center\">824<\/td><td class=\"has-text-align-center\" data-align=\"center\">592<\/td><td class=\"has-text-align-center\" data-align=\"center\">543<\/td><td class=\"has-text-align-center\" data-align=\"center\">631<\/td><td class=\"has-text-align-center\" data-align=\"center\">1 195<\/td><\/tr><tr><td>Pa\u00edses de Am\u00e9rica Central y del Sur<\/td><td class=\"has-text-align-center\" data-align=\"center\">1 631<\/td><td class=\"has-text-align-center\" data-align=\"center\">977<\/td><td class=\"has-text-align-center\" data-align=\"center\">854<\/td><td class=\"has-text-align-center\" data-align=\"center\">2 166<\/td><td class=\"has-text-align-center\" data-align=\"center\">1 961<\/td><\/tr><tr><td><strong>Total  <\/strong><\/td><td class=\"has-text-align-center\" data-align=\"center\"><strong>49 713<\/strong><\/td><td class=\"has-text-align-center\" data-align=\"center\"><strong><strong>45 889<\/strong><\/strong><\/td><td class=\"has-text-align-center\" data-align=\"center\"><strong><strong>19 125<\/strong><\/strong><\/td><td class=\"has-text-align-center\" data-align=\"center\"><strong><strong>18 912<\/strong><\/strong><\/td><td class=\"has-text-align-center\" data-align=\"center\"><strong>55 882<\/strong><\/td><\/tr><\/tbody><\/table><figcaption class=\"wp-element-caption\">N\u00famero de Tarjetas Verdes obtenidas en el sorteo de 2018 a 2022 por zona geogr\u00e1fica<\/figcaption><\/figure>\n\n<h2 class=\"wp-block-heading\" id=\"h-ou-trouver-les-resultats-en-ligne-de-la-loterie-de-la-green-card\">\u00bfD\u00f3nde puedo encontrar los resultados de la loter\u00eda de la Green Card en l\u00ednea?<\/h2>\n\n<p>El sitio web espec\u00edfico del programa de diversidad de EE.UU. le permite comprobar directamente en l\u00ednea los resultados de un solicitante de la loter\u00eda de la Green Card. La p\u00e1gina para consultar directamente los resultados personales es <a href=\"https:\/\/dvprogram.state.gov\/ESC\/CheckStatus.aspx\">https:\/\/dvprogram.state.gov\/ESC\/CheckStatus.aspx.<\/a><\/p>\n\n<p>Para obtener los resultados debe :<\/p>\n\n<ul class=\"wp-block-list\">\n<li>Introduzca su <strong>n\u00famero de confirmaci\u00f3n de<\/strong> loter\u00eda<\/li>\n\n\n\n<li>Introduzca su apellido utilizado para inscribirse en la loter\u00eda de la Green Card<\/li>\n\n\n\n<li>Introduzca su fecha de nacimiento para confirmar su identidad<\/li>\n\n\n\n<li>Por \u00faltimo, introduzca el texto que aparece en el CAPTCHA para autenticarse.<\/li>\n<\/ul>\n\n<div style=\"height:9px\" aria-hidden=\"true\" class=\"wp-block-spacer\"><\/div>\n\n<p>Haga clic en confirmar para ver los resultados de su participaci\u00f3n en la loter\u00eda de la Green Card.<\/p>\n\n<p>Aqu\u00ed tiene una foto del formulario que debe rellenar para obtener los resultados de la loter\u00eda en l\u00ednea<\/p>\n\n<figure class=\"wp-block-image size-large\" id=\"Formulaire-de-r&#xE9;sultat-de-la-loterie\"><img fetchpriority=\"high\" decoding=\"async\" width=\"1024\" height=\"953\" src=\"https:\/\/us-gc.net\/wp-content\/uploads\/2024\/02\/check-lotery-green-card-usa-1024x953.jpg\" alt=\"Resultados de la loter&#xED;a de la Green Card\" class=\"wp-image-182\" title=\"Resultados de la loter&#xED;a de la Green Card\" srcset=\"https:\/\/us-gc.net\/wp-content\/uploads\/2024\/02\/check-lotery-green-card-usa-1024x953.jpg 1024w, https:\/\/us-gc.net\/wp-content\/uploads\/2024\/02\/check-lotery-green-card-usa-300x279.jpg 300w, https:\/\/us-gc.net\/wp-content\/uploads\/2024\/02\/check-lotery-green-card-usa-768x714.jpg 768w, https:\/\/us-gc.net\/wp-content\/uploads\/2024\/02\/check-lotery-green-card-usa.jpg 1119w\" sizes=\"(max-width: 1024px) 100vw, 1024px\" \/><\/figure>\n\n<p><\/p>\n","protected":false},"excerpt":{"rendered":"<p>Resultados del sorteo de la Green Card Los resultados de la loter\u00eda de la Green Card estadounidense se publican cada a\u00f1o en el marco del Programa de Visados de Diversidad. Todos los solicitantes de la loter\u00eda de la Tarjeta Verde pueden obtener sus resultados personales en l\u00ednea. \u00bfCu\u00e1ndo es el sorteo de la Green Card? [&hellip;]<\/p>\n","protected":false},"author":1,"featured_media":0,"parent":0,"menu_order":0,"comment_status":"closed","ping_status":"closed","template":"","meta":{"footnotes":""},"class_list":["post-795","page","type-page","status-publish","hentry"],"yoast_head":"<!-- This site is optimized with the Yoast SEO plugin v27.2 - https:\/\/yoast.com\/product\/yoast-seo-wordpress\/ -->\n<title>Resultados de la loter\u00eda de la Green Card - USA GC<\/title>\n<meta name=\"description\" content=\"Consulte en l\u00ednea los resultados de la loter\u00eda de la Green Card estadounidense con su n\u00famero de confirmaci\u00f3n\" \/>\n<meta name=\"robots\" content=\"index, follow, max-snippet:-1, max-image-preview:large, max-video-preview:-1\" \/>\n<link rel=\"canonical\" href=\"https:\/\/us-gc.net\/es\/resultados-loteria-green-card\/\" \/>\n<meta property=\"og:locale\" content=\"es_ES\" \/>\n<meta property=\"og:type\" content=\"article\" \/>\n<meta property=\"og:title\" content=\"Resultados de la loter\u00eda de la Green Card - USA GC\" \/>\n<meta property=\"og:description\" content=\"Consulte en l\u00ednea los resultados de la loter\u00eda de la Green Card estadounidense con su n\u00famero de confirmaci\u00f3n\" \/>\n<meta property=\"og:url\" content=\"https:\/\/us-gc.net\/es\/resultados-loteria-green-card\/\" \/>\n<meta property=\"og:site_name\" content=\"USA GC\" \/>\n<meta property=\"article:modified_time\" content=\"2024-12-30T09:47:01+00:00\" \/>\n<meta property=\"og:image\" content=\"https:\/\/us-gc.net\/wp-content\/uploads\/2024\/02\/check-lotery-green-card-usa-1024x953.jpg\" \/>\n<meta name=\"twitter:card\" content=\"summary_large_image\" \/>\n<meta name=\"twitter:label1\" content=\"Tiempo de lectura\" \/>\n\t<meta name=\"twitter:data1\" content=\"2 minutos\" \/>\n<script type=\"application\/ld+json\" class=\"yoast-schema-graph\">{\"@context\":\"https:\/\/schema.org\",\"@graph\":[{\"@type\":\"WebPage\",\"@id\":\"https:\/\/us-gc.net\/es\/resultados-loteria-green-card\/\",\"url\":\"https:\/\/us-gc.net\/es\/resultados-loteria-green-card\/\",\"name\":\"Resultados de la loter\u00eda de la Green Card - USA GC\",\"isPartOf\":{\"@id\":\"https:\/\/us-gc.net\/es\/#website\"},\"primaryImageOfPage\":{\"@id\":\"https:\/\/us-gc.net\/es\/resultados-loteria-green-card\/#primaryimage\"},\"image\":{\"@id\":\"https:\/\/us-gc.net\/es\/resultados-loteria-green-card\/#primaryimage\"},\"thumbnailUrl\":\"https:\/\/us-gc.net\/wp-content\/uploads\/2024\/02\/check-lotery-green-card-usa-1024x953.jpg\",\"datePublished\":\"2024-02-02T15:07:30+00:00\",\"dateModified\":\"2024-12-30T09:47:01+00:00\",\"description\":\"Consulte en l\u00ednea los resultados de la loter\u00eda de la Green Card estadounidense con su n\u00famero de confirmaci\u00f3n\",\"breadcrumb\":{\"@id\":\"https:\/\/us-gc.net\/es\/resultados-loteria-green-card\/#breadcrumb\"},\"inLanguage\":\"es\",\"potentialAction\":[{\"@type\":\"ReadAction\",\"target\":[\"https:\/\/us-gc.net\/es\/resultados-loteria-green-card\/\"]}]},{\"@type\":\"ImageObject\",\"inLanguage\":\"es\",\"@id\":\"https:\/\/us-gc.net\/es\/resultados-loteria-green-card\/#primaryimage\",\"url\":\"https:\/\/us-gc.net\/wp-content\/uploads\/2024\/02\/check-lotery-green-card-usa-1024x953.jpg\",\"contentUrl\":\"https:\/\/us-gc.net\/wp-content\/uploads\/2024\/02\/check-lotery-green-card-usa-1024x953.jpg\"},{\"@type\":\"BreadcrumbList\",\"@id\":\"https:\/\/us-gc.net\/es\/resultados-loteria-green-card\/#breadcrumb\",\"itemListElement\":[{\"@type\":\"ListItem\",\"position\":1,\"name\":\"Accueil\",\"item\":\"https:\/\/us-gc.net\/es\/green-card\/\"},{\"@type\":\"ListItem\",\"position\":2,\"name\":\"Resultados de la loter\u00eda de la Green Card\"}]},{\"@type\":\"WebSite\",\"@id\":\"https:\/\/us-gc.net\/es\/#website\",\"url\":\"https:\/\/us-gc.net\/es\/\",\"name\":\"USA GC\",\"description\":\"\",\"potentialAction\":[{\"@type\":\"SearchAction\",\"target\":{\"@type\":\"EntryPoint\",\"urlTemplate\":\"https:\/\/us-gc.net\/es\/?s={search_term_string}\"},\"query-input\":{\"@type\":\"PropertyValueSpecification\",\"valueRequired\":true,\"valueName\":\"search_term_string\"}}],\"inLanguage\":\"es\"}]}<\/script>\n<!-- \/ Yoast SEO plugin. -->","yoast_head_json":{"title":"Resultados de la loter\u00eda de la Green Card - USA GC","description":"Consulte en l\u00ednea los resultados de la loter\u00eda de la Green Card estadounidense con su n\u00famero de confirmaci\u00f3n","robots":{"index":"index","follow":"follow","max-snippet":"max-snippet:-1","max-image-preview":"max-image-preview:large","max-video-preview":"max-video-preview:-1"},"canonical":"https:\/\/us-gc.net\/es\/resultados-loteria-green-card\/","og_locale":"es_ES","og_type":"article","og_title":"Resultados de la loter\u00eda de la Green Card - USA GC","og_description":"Consulte en l\u00ednea los resultados de la loter\u00eda de la Green Card estadounidense con su n\u00famero de confirmaci\u00f3n","og_url":"https:\/\/us-gc.net\/es\/resultados-loteria-green-card\/","og_site_name":"USA GC","article_modified_time":"2024-12-30T09:47:01+00:00","og_image":[{"url":"https:\/\/us-gc.net\/wp-content\/uploads\/2024\/02\/check-lotery-green-card-usa-1024x953.jpg","type":"","width":"","height":""}],"twitter_card":"summary_large_image","twitter_misc":{"Tiempo de lectura":"2 minutos"},"schema":{"@context":"https:\/\/schema.org","@graph":[{"@type":"WebPage","@id":"https:\/\/us-gc.net\/es\/resultados-loteria-green-card\/","url":"https:\/\/us-gc.net\/es\/resultados-loteria-green-card\/","name":"Resultados de la loter\u00eda de la Green Card - USA GC","isPartOf":{"@id":"https:\/\/us-gc.net\/es\/#website"},"primaryImageOfPage":{"@id":"https:\/\/us-gc.net\/es\/resultados-loteria-green-card\/#primaryimage"},"image":{"@id":"https:\/\/us-gc.net\/es\/resultados-loteria-green-card\/#primaryimage"},"thumbnailUrl":"https:\/\/us-gc.net\/wp-content\/uploads\/2024\/02\/check-lotery-green-card-usa-1024x953.jpg","datePublished":"2024-02-02T15:07:30+00:00","dateModified":"2024-12-30T09:47:01+00:00","description":"Consulte en l\u00ednea los resultados de la loter\u00eda de la Green Card estadounidense con su n\u00famero de confirmaci\u00f3n","breadcrumb":{"@id":"https:\/\/us-gc.net\/es\/resultados-loteria-green-card\/#breadcrumb"},"inLanguage":"es","potentialAction":[{"@type":"ReadAction","target":["https:\/\/us-gc.net\/es\/resultados-loteria-green-card\/"]}]},{"@type":"ImageObject","inLanguage":"es","@id":"https:\/\/us-gc.net\/es\/resultados-loteria-green-card\/#primaryimage","url":"https:\/\/us-gc.net\/wp-content\/uploads\/2024\/02\/check-lotery-green-card-usa-1024x953.jpg","contentUrl":"https:\/\/us-gc.net\/wp-content\/uploads\/2024\/02\/check-lotery-green-card-usa-1024x953.jpg"},{"@type":"BreadcrumbList","@id":"https:\/\/us-gc.net\/es\/resultados-loteria-green-card\/#breadcrumb","itemListElement":[{"@type":"ListItem","position":1,"name":"Accueil","item":"https:\/\/us-gc.net\/es\/green-card\/"},{"@type":"ListItem","position":2,"name":"Resultados de la loter\u00eda de la Green Card"}]},{"@type":"WebSite","@id":"https:\/\/us-gc.net\/es\/#website","url":"https:\/\/us-gc.net\/es\/","name":"USA GC","description":"","potentialAction":[{"@type":"SearchAction","target":{"@type":"EntryPoint","urlTemplate":"https:\/\/us-gc.net\/es\/?s={search_term_string}"},"query-input":{"@type":"PropertyValueSpecification","valueRequired":true,"valueName":"search_term_string"}}],"inLanguage":"es"}]}},"_links":{"self":[{"href":"https:\/\/us-gc.net\/es\/wp-json\/wp\/v2\/pages\/795","targetHints":{"allow":["GET"]}}],"collection":[{"href":"https:\/\/us-gc.net\/es\/wp-json\/wp\/v2\/pages"}],"about":[{"href":"https:\/\/us-gc.net\/es\/wp-json\/wp\/v2\/types\/page"}],"author":[{"embeddable":true,"href":"https:\/\/us-gc.net\/es\/wp-json\/wp\/v2\/users\/1"}],"replies":[{"embeddable":true,"href":"https:\/\/us-gc.net\/es\/wp-json\/wp\/v2\/comments?post=795"}],"version-history":[{"count":1,"href":"https:\/\/us-gc.net\/es\/wp-json\/wp\/v2\/pages\/795\/revisions"}],"predecessor-version":[{"id":8094,"href":"https:\/\/us-gc.net\/es\/wp-json\/wp\/v2\/pages\/795\/revisions\/8094"}],"wp:attachment":[{"href":"https:\/\/us-gc.net\/es\/wp-json\/wp\/v2\/media?parent=795"}],"curies":[{"name":"wp","href":"https:\/\/api.w.org\/{rel}","templated":true}]}}