{"id":739,"date":"2024-01-31T14:45:08","date_gmt":"2024-01-31T14:45:08","guid":{"rendered":"https:\/\/green-card-usa.net\/foto-green-card\/"},"modified":"2024-12-30T09:39:52","modified_gmt":"2024-12-30T09:39:52","slug":"foto-green-card","status":"publish","type":"page","link":"https:\/\/us-gc.net\/es\/foto-green-card\/","title":{"rendered":"Especificaciones de la foto de identidad de la Green Card"},"content":{"rendered":"\n<h1 class=\"wp-block-heading\" id=\"h-les-specificites-de-la-photo-pour-la-green-card\">Especificaciones fotogr\u00e1ficas para la Carta Verde<\/h1>\n\n<p>Al solicitar una Green Card, los solicitantes deben presentar una foto tama\u00f1o carn\u00e9. El formato de esta foto es espec\u00edfico, y hay varias normas imperativas que deben respetarse para que la foto no sea rechazada.  <\/p>\n\n<h2 class=\"wp-block-heading\" id=\"h-quelles-sont-les-principales-regles-concernant-la-photo\">\u00bfCu\u00e1les son las principales normas de la fotograf\u00eda?<\/h2>\n\n<p>Las principales normas para la foto de la Carta Verde son las siguientes:<\/p>\n\n<ol class=\"wp-block-list\">\n<li>Formato de las fotos<\/li>\n\n\n\n<li>Edad de la foto<\/li>\n\n\n\n<li>La posici\u00f3n de la cabeza en la foto<\/li>\n\n\n\n<li>El fondo de la toma<\/li>\n\n\n\n<li>\u00bfQu\u00e9 puedo llevar en la foto?<\/li>\n<\/ol>\n\n<h3 class=\"wp-block-heading\" id=\"h-1-quel-est-le-format-de-la-photo-pour-la-green-card\">1. \u00bfCu\u00e1l es el formato de foto para la Carta Verde?<\/h3>\n\n<p>La versi\u00f3n digital de la foto debe ser un archivo JPEG. El tama\u00f1o m\u00ednimo de la foto debe ser de al menos 600 p\u00edxeles por 600 p\u00edxeles y de al menos 54 kb.<\/p>\n\n<h3 class=\"wp-block-heading\" id=\"h-2-quelle-peut-etre-l-anciennete-de-la-photo\">2. \u00bfQu\u00e9 antig\u00fcedad tiene la foto?<\/h3>\n\n<p>La foto presentada para obtener la Carta Verde no debe tener m\u00e1s de 6 meses. Esto permite al Departamento de Estado de EE.UU. asegurarse de que la foto coincide con el rostro del solicitante. Esta norma es imperativa y debe tomarse muy en serio. La foto se valida definitivamente en una <a href=\"https:\/\/us-gc.net\/es\/green-card-entrevista\/\">entrevista final para la Tarjeta Verde<\/a>.<\/p>\n\n<h3 class=\"wp-block-heading\" id=\"h-3-quelle-doit-etre-la-position-de-la-tete-sur-la-photo\">3. \u00bfEn qu\u00e9 posici\u00f3n debe estar la cabeza en la foto?<\/h3>\n\n<p>El candidato debe tener una expresi\u00f3n facial neutra y no debe sonre\u00edr. Su cara debe ser totalmente visible y estar en el centro de la foto. El candidato debe mirar a la c\u00e1mara y su cabeza debe representar el 60% de la altura total de la foto. Debe de tener los ojos muy abiertos.<\/p>\n\n<h3 class=\"wp-block-heading\" id=\"h-4-comment-doit-etre-l-arriere-plan-de-la-prise-de-vue\">4. \u00bfC\u00f3mo debe ser el fondo de la toma?<\/h3>\n\n<p>El fondo de la foto debe ser de un color s\u00f3lido y claro, sin sombras. El color de fondo puede ser blanco o blanquecino.<\/p>\n\n<h3 class=\"wp-block-heading\" id=\"h-5-peut-on-porter-des-lunettes-ou-le-voile-sur-la-photo\">5. \u00bfPuedo llevar gafas o velo en la foto?<\/h3>\n\n<p>Est\u00e1 prohibido llevar gafas en la foto de la Carta Verde. Los solicitantes de la Green Card tampoco pueden llevar gorras ni sombreros.<\/p>\n\n<p>Sin embargo, en la foto de la Green Card puede llevarse un pa\u00f1uelo religioso. Sin embargo, la cara debe ser visible desde la parte superior de la frente hasta la parte inferior de la barbilla.<\/p>\n\n<p>Estas normas se aplican a todos los procedimientos de obtenci\u00f3n de la Carta Verde, ya sean :<\/p>\n\n<ul class=\"wp-block-list\">\n<li>Foto de la <a href=\"https:\/\/us-gc.net\/es\/loteria-green-card\/\">loter\u00eda de la Green Card<\/a>;<\/li>\n\n\n\n<li>La foto presentada para una <a href=\"https:\/\/us-gc.net\/es\/green-card-por-matrimonio\/\">Green Card por matrimonio<\/a>, una <a href=\"https:\/\/us-gc.net\/es\/green-card-patrocinio\/\">Green Card por patrocinador<\/a> o cualquier otro procedimiento para obtener una Carta Verde.<\/li>\n<\/ul>\n\n<div style=\"height:10px\" aria-hidden=\"true\" class=\"wp-block-spacer\"><\/div>\n\n<h2 class=\"wp-block-heading\" id=\"h-dimensions-de-la-photo-d-identite-de-la-green-card\">Dimensiones de la foto de pasaporte de la Tarjeta Verde<\/h2>\n\n<figure class=\"wp-block-image size-full\"><img fetchpriority=\"high\" decoding=\"async\" width=\"601\" height=\"378\" src=\"https:\/\/us-gc.net\/wp-content\/uploads\/2024\/05\/Green-card-2024.jpg\" alt=\"Imagen de una Tarjeta Verde v&#xE1;lida en 2024\" class=\"wp-image-4826\" srcset=\"https:\/\/us-gc.net\/wp-content\/uploads\/2024\/05\/Green-card-2024.jpg 601w, https:\/\/us-gc.net\/wp-content\/uploads\/2024\/05\/Green-card-2024-300x189.jpg 300w\" sizes=\"(max-width: 601px) 100vw, 601px\" \/><figcaption class=\"wp-element-caption\">Tarjeta verde para residentes permanentes en EE.UU.<\/figcaption><\/figure>\n","protected":false},"excerpt":{"rendered":"<p>Especificaciones fotogr\u00e1ficas para la Carta Verde Al solicitar una Green Card, los solicitantes deben presentar una foto tama\u00f1o carn\u00e9. El formato de esta foto es espec\u00edfico, y hay varias normas imperativas que deben respetarse para que la foto no sea rechazada. \u00bfCu\u00e1les son las principales normas de la fotograf\u00eda? Las principales normas para la foto [&hellip;]<\/p>\n","protected":false},"author":1,"featured_media":0,"parent":0,"menu_order":0,"comment_status":"closed","ping_status":"closed","template":"","meta":{"footnotes":""},"class_list":["post-739","page","type-page","status-publish","hentry"],"yoast_head":"<!-- This site is optimized with the Yoast SEO plugin v27.4 - https:\/\/yoast.com\/product\/yoast-seo-wordpress\/ -->\n<title>Especificaciones de la foto de identidad de la Green Card - USA GC<\/title>\n<meta name=\"description\" content=\"Para obtener o renovar una Green Card, los solicitantes deben facilitar la foto de su pasaporte de acuerdo con determinadas normas.\" \/>\n<meta name=\"robots\" content=\"index, follow, max-snippet:-1, max-image-preview:large, max-video-preview:-1\" \/>\n<link rel=\"canonical\" href=\"https:\/\/us-gc.net\/es\/foto-green-card\/\" \/>\n<meta property=\"og:locale\" content=\"es_ES\" \/>\n<meta property=\"og:type\" content=\"article\" \/>\n<meta property=\"og:title\" content=\"Especificaciones de la foto de identidad de la Green Card - USA GC\" \/>\n<meta property=\"og:description\" content=\"Para obtener o renovar una Green Card, los solicitantes deben facilitar la foto de su pasaporte de acuerdo con determinadas normas.\" \/>\n<meta property=\"og:url\" content=\"https:\/\/us-gc.net\/es\/foto-green-card\/\" \/>\n<meta property=\"og:site_name\" content=\"USA GC\" \/>\n<meta property=\"article:modified_time\" content=\"2024-12-30T09:39:52+00:00\" \/>\n<meta property=\"og:image\" content=\"https:\/\/us-gc.net\/wp-content\/uploads\/2024\/05\/Green-card-2024.jpg\" \/>\n<meta name=\"twitter:card\" content=\"summary_large_image\" \/>\n<meta name=\"twitter:label1\" content=\"Tiempo de lectura\" \/>\n\t<meta name=\"twitter:data1\" content=\"2 minutos\" \/>\n<script type=\"application\/ld+json\" class=\"yoast-schema-graph\">{\"@context\":\"https:\\\/\\\/schema.org\",\"@graph\":[{\"@type\":\"WebPage\",\"@id\":\"https:\\\/\\\/us-gc.net\\\/es\\\/foto-green-card\\\/\",\"url\":\"https:\\\/\\\/us-gc.net\\\/es\\\/foto-green-card\\\/\",\"name\":\"Especificaciones de la foto de identidad de la Green Card - USA GC\",\"isPartOf\":{\"@id\":\"https:\\\/\\\/us-gc.net\\\/es\\\/#website\"},\"primaryImageOfPage\":{\"@id\":\"https:\\\/\\\/us-gc.net\\\/es\\\/foto-green-card\\\/#primaryimage\"},\"image\":{\"@id\":\"https:\\\/\\\/us-gc.net\\\/es\\\/foto-green-card\\\/#primaryimage\"},\"thumbnailUrl\":\"https:\\\/\\\/us-gc.net\\\/wp-content\\\/uploads\\\/2024\\\/05\\\/Green-card-2024.jpg\",\"datePublished\":\"2024-01-31T14:45:08+00:00\",\"dateModified\":\"2024-12-30T09:39:52+00:00\",\"description\":\"Para obtener o renovar una Green Card, los solicitantes deben facilitar la foto de su pasaporte de acuerdo con determinadas normas.\",\"breadcrumb\":{\"@id\":\"https:\\\/\\\/us-gc.net\\\/es\\\/foto-green-card\\\/#breadcrumb\"},\"inLanguage\":\"es\",\"potentialAction\":[{\"@type\":\"ReadAction\",\"target\":[\"https:\\\/\\\/us-gc.net\\\/es\\\/foto-green-card\\\/\"]}]},{\"@type\":\"ImageObject\",\"inLanguage\":\"es\",\"@id\":\"https:\\\/\\\/us-gc.net\\\/es\\\/foto-green-card\\\/#primaryimage\",\"url\":\"https:\\\/\\\/us-gc.net\\\/wp-content\\\/uploads\\\/2024\\\/05\\\/Green-card-2024.jpg\",\"contentUrl\":\"https:\\\/\\\/us-gc.net\\\/wp-content\\\/uploads\\\/2024\\\/05\\\/Green-card-2024.jpg\"},{\"@type\":\"BreadcrumbList\",\"@id\":\"https:\\\/\\\/us-gc.net\\\/es\\\/foto-green-card\\\/#breadcrumb\",\"itemListElement\":[{\"@type\":\"ListItem\",\"position\":1,\"name\":\"Accueil\",\"item\":\"https:\\\/\\\/us-gc.net\\\/es\\\/green-card\\\/\"},{\"@type\":\"ListItem\",\"position\":2,\"name\":\"Especificaciones de la foto de identidad de la Green Card\"}]},{\"@type\":\"WebSite\",\"@id\":\"https:\\\/\\\/us-gc.net\\\/es\\\/#website\",\"url\":\"https:\\\/\\\/us-gc.net\\\/es\\\/\",\"name\":\"USA GC\",\"description\":\"\",\"potentialAction\":[{\"@type\":\"SearchAction\",\"target\":{\"@type\":\"EntryPoint\",\"urlTemplate\":\"https:\\\/\\\/us-gc.net\\\/es\\\/?s={search_term_string}\"},\"query-input\":{\"@type\":\"PropertyValueSpecification\",\"valueRequired\":true,\"valueName\":\"search_term_string\"}}],\"inLanguage\":\"es\"}]}<\/script>\n<!-- \/ Yoast SEO plugin. -->","yoast_head_json":{"title":"Especificaciones de la foto de identidad de la Green Card - USA GC","description":"Para obtener o renovar una Green Card, los solicitantes deben facilitar la foto de su pasaporte de acuerdo con determinadas normas.","robots":{"index":"index","follow":"follow","max-snippet":"max-snippet:-1","max-image-preview":"max-image-preview:large","max-video-preview":"max-video-preview:-1"},"canonical":"https:\/\/us-gc.net\/es\/foto-green-card\/","og_locale":"es_ES","og_type":"article","og_title":"Especificaciones de la foto de identidad de la Green Card - USA GC","og_description":"Para obtener o renovar una Green Card, los solicitantes deben facilitar la foto de su pasaporte de acuerdo con determinadas normas.","og_url":"https:\/\/us-gc.net\/es\/foto-green-card\/","og_site_name":"USA GC","article_modified_time":"2024-12-30T09:39:52+00:00","og_image":[{"url":"https:\/\/us-gc.net\/wp-content\/uploads\/2024\/05\/Green-card-2024.jpg","type":"","width":"","height":""}],"twitter_card":"summary_large_image","twitter_misc":{"Tiempo de lectura":"2 minutos"},"schema":{"@context":"https:\/\/schema.org","@graph":[{"@type":"WebPage","@id":"https:\/\/us-gc.net\/es\/foto-green-card\/","url":"https:\/\/us-gc.net\/es\/foto-green-card\/","name":"Especificaciones de la foto de identidad de la Green Card - USA GC","isPartOf":{"@id":"https:\/\/us-gc.net\/es\/#website"},"primaryImageOfPage":{"@id":"https:\/\/us-gc.net\/es\/foto-green-card\/#primaryimage"},"image":{"@id":"https:\/\/us-gc.net\/es\/foto-green-card\/#primaryimage"},"thumbnailUrl":"https:\/\/us-gc.net\/wp-content\/uploads\/2024\/05\/Green-card-2024.jpg","datePublished":"2024-01-31T14:45:08+00:00","dateModified":"2024-12-30T09:39:52+00:00","description":"Para obtener o renovar una Green Card, los solicitantes deben facilitar la foto de su pasaporte de acuerdo con determinadas normas.","breadcrumb":{"@id":"https:\/\/us-gc.net\/es\/foto-green-card\/#breadcrumb"},"inLanguage":"es","potentialAction":[{"@type":"ReadAction","target":["https:\/\/us-gc.net\/es\/foto-green-card\/"]}]},{"@type":"ImageObject","inLanguage":"es","@id":"https:\/\/us-gc.net\/es\/foto-green-card\/#primaryimage","url":"https:\/\/us-gc.net\/wp-content\/uploads\/2024\/05\/Green-card-2024.jpg","contentUrl":"https:\/\/us-gc.net\/wp-content\/uploads\/2024\/05\/Green-card-2024.jpg"},{"@type":"BreadcrumbList","@id":"https:\/\/us-gc.net\/es\/foto-green-card\/#breadcrumb","itemListElement":[{"@type":"ListItem","position":1,"name":"Accueil","item":"https:\/\/us-gc.net\/es\/green-card\/"},{"@type":"ListItem","position":2,"name":"Especificaciones de la foto de identidad de la Green Card"}]},{"@type":"WebSite","@id":"https:\/\/us-gc.net\/es\/#website","url":"https:\/\/us-gc.net\/es\/","name":"USA GC","description":"","potentialAction":[{"@type":"SearchAction","target":{"@type":"EntryPoint","urlTemplate":"https:\/\/us-gc.net\/es\/?s={search_term_string}"},"query-input":{"@type":"PropertyValueSpecification","valueRequired":true,"valueName":"search_term_string"}}],"inLanguage":"es"}]}},"_links":{"self":[{"href":"https:\/\/us-gc.net\/es\/wp-json\/wp\/v2\/pages\/739","targetHints":{"allow":["GET"]}}],"collection":[{"href":"https:\/\/us-gc.net\/es\/wp-json\/wp\/v2\/pages"}],"about":[{"href":"https:\/\/us-gc.net\/es\/wp-json\/wp\/v2\/types\/page"}],"author":[{"embeddable":true,"href":"https:\/\/us-gc.net\/es\/wp-json\/wp\/v2\/users\/1"}],"replies":[{"embeddable":true,"href":"https:\/\/us-gc.net\/es\/wp-json\/wp\/v2\/comments?post=739"}],"version-history":[{"count":1,"href":"https:\/\/us-gc.net\/es\/wp-json\/wp\/v2\/pages\/739\/revisions"}],"predecessor-version":[{"id":7675,"href":"https:\/\/us-gc.net\/es\/wp-json\/wp\/v2\/pages\/739\/revisions\/7675"}],"wp:attachment":[{"href":"https:\/\/us-gc.net\/es\/wp-json\/wp\/v2\/media?parent=739"}],"curies":[{"name":"wp","href":"https:\/\/api.w.org\/{rel}","templated":true}]}}