{"id":724,"date":"2024-01-31T14:27:27","date_gmt":"2024-01-31T14:27:27","guid":{"rendered":"https:\/\/green-card-usa.net\/green-card-de-empleo\/"},"modified":"2024-12-30T09:39:25","modified_gmt":"2024-12-30T09:39:25","slug":"green-card-de-empleo","status":"publish","type":"page","link":"https:\/\/us-gc.net\/es\/green-card-de-empleo\/","title":{"rendered":"Green Card para inmigrantes basada en el empleo"},"content":{"rendered":"\n<h1 class=\"wp-block-heading\" id=\"h-obtenir-une-green-card-basee-sur-l-emploi\">Obtener un permiso de residencia por motivos laborales<\/h1>\n\n<p>Averig\u00fce c\u00f3mo obtener una <a href=\"https:\/\/us-gc.net\/es\/\">Green Card <\/a> en Estados Unidos a trav\u00e9s del empleo. La Green Card basada en el empleo es muy popular entre los inmigrantes cualificados que desean trabajar y residir legalmente en Estados Unidos.<\/p>\n\n<h2 class=\"wp-block-heading\" id=\"h-qu-est-ce-qu-une-green-card-basee-sur-l-emploi\">\u00bfQu\u00e9 es una Green Card basada en el empleo?<\/h2>\n\n<p>La Green Card basada en el empleo es una forma de que los trabajadores extranjeros cualificados obtengan la residencia permanente en Estados Unidos a trav\u00e9s del empleo. A diferencia de otras opciones de inmigraci\u00f3n, \u00e9sta se dirige espec\u00edficamente a personas con cualificaciones profesionales demandadas por los empresarios estadounidenses. Permite a los titulares de visados de trabajo convertirse en residentes permanentes.<\/p>\n\n<h2 class=\"wp-block-heading\" id=\"h-eligibilite-et-criteres-de-qualification\">Criterios de admisibilidad y cualificaci\u00f3n<\/h2>\n\n<p>Para poder optar a una Green Card basada en el empleo, los solicitantes deben cumplir determinadas condiciones:<\/p>\n\n<ul class=\"wp-block-list\">\n<li>Experiencia profesional adecuada en un campo espec\u00edfico;<\/li>\n\n\n\n<li>Una oferta de trabajo v\u00e1lida de un empleador estadounidense ;<\/li>\n\n\n\n<li>Cualificaciones educativas o profesionales que cumplan los requisitos del puesto ofertado.  <\/li>\n<\/ul>\n\n<p>Por \u00faltimo, el empresario debe estar dispuesto a <a href=\"https:\/\/us-gc.net\/es\/green-card-patrocinio\/\">patrocinar al solicitante de la Green Card<\/a> y a cumplir todas las obligaciones legales relativas a la contrataci\u00f3n de trabajadores extranjeros.<\/p>\n\n<h2 class=\"wp-block-heading\" id=\"h-processus-de-demande\">Proceso de solicitud<\/h2>\n\n<p>El proceso de solicitud de la Green Card basada en el empleo consta de varias etapas. En primer lugar, el empresario debe obtener una certificaci\u00f3n laboral del Departamento de Trabajo de Estados Unidos. A continuaci\u00f3n, el solicitante debe presentar una solicitud de visado de trabajo <a href=\"https:\/\/www.uscis.gov\/\">al USCIS<\/a>. Una vez aprobado el visado de trabajo, el solicitante puede iniciar el proceso de solicitud de la Green Card. Este procedimiento incluye :<\/p>\n\n<ul class=\"wp-block-list\">\n<li>Presentaci\u00f3n del formulario de solicitud ;<\/li>\n\n\n\n<li>Recopilaci\u00f3n de documentos justificativos;<\/li>\n\n\n\n<li>Una <a href=\"https:\/\/us-gc.net\/es\/green-card-entrevista\/\">entrevista para la Green Card<\/a> ;<\/li>\n\n\n\n<li>Un examen m\u00e9dico.<\/li>\n<\/ul>\n\n<h2 class=\"wp-block-heading\" id=\"h-duree-et-delais-de-traitement\">Tiempos y plazos de tramitaci\u00f3n<\/h2>\n\n<p>El tiempo necesario para obtener una Green Card basada en el empleo puede variar considerablemente en funci\u00f3n de diversos factores como: la categor\u00eda del visado, la carga de trabajo del <a href=\"https:\/\/www.uscis.gov\/green-card\/green-card-processes-and-procedures\">USCIS<\/a> y otras circunstancias individuales. <\/p>\n\n<p>Por regla general, el proceso puede durar de varios meses a varios a\u00f1os. Es importante que los candidatos sean pacientes y est\u00e9n preparados para hacer frente a posibles retrasos durante el proceso. Los solicitantes tambi\u00e9n pueden presentarse a la <a href=\"https:\/\/us-gc.net\/es\/loteria-green-card\/\">loter\u00eda de la Green Card <\/a>.<\/p>\n\n<p><\/p>\n","protected":false},"excerpt":{"rendered":"<p>Obtener un permiso de residencia por motivos laborales Averig\u00fce c\u00f3mo obtener una Green Card en Estados Unidos a trav\u00e9s del empleo. La Green Card basada en el empleo es muy popular entre los inmigrantes cualificados que desean trabajar y residir legalmente en Estados Unidos. \u00bfQu\u00e9 es una Green Card basada en el empleo? La Green [&hellip;]<\/p>\n","protected":false},"author":1,"featured_media":0,"parent":0,"menu_order":0,"comment_status":"closed","ping_status":"closed","template":"","meta":{"footnotes":""},"class_list":["post-724","page","type-page","status-publish","hentry"],"yoast_head":"<!-- This site is optimized with the Yoast SEO plugin v27.4 - https:\/\/yoast.com\/product\/yoast-seo-wordpress\/ -->\n<title>Green Card para inmigrantes basada en el empleo - USA GC<\/title>\n<meta name=\"description\" content=\"Obtener una Tarjeta Verde Americana basada en un trabajo obtenido en territorio americano. Toda la informaci\u00f3n que necesita para obtener la Green Card\" \/>\n<meta name=\"robots\" content=\"index, follow, max-snippet:-1, max-image-preview:large, max-video-preview:-1\" \/>\n<link rel=\"canonical\" href=\"https:\/\/us-gc.net\/es\/green-card-de-empleo\/\" \/>\n<meta property=\"og:locale\" content=\"es_ES\" \/>\n<meta property=\"og:type\" content=\"article\" \/>\n<meta property=\"og:title\" content=\"Green Card para inmigrantes basada en el empleo - USA GC\" \/>\n<meta property=\"og:description\" content=\"Obtener una Tarjeta Verde Americana basada en un trabajo obtenido en territorio americano. Toda la informaci\u00f3n que necesita para obtener la Green Card\" \/>\n<meta property=\"og:url\" content=\"https:\/\/us-gc.net\/es\/green-card-de-empleo\/\" \/>\n<meta property=\"og:site_name\" content=\"USA GC\" \/>\n<meta property=\"article:modified_time\" content=\"2024-12-30T09:39:25+00:00\" \/>\n<meta name=\"twitter:card\" content=\"summary_large_image\" \/>\n<meta name=\"twitter:label1\" content=\"Tiempo de lectura\" \/>\n\t<meta name=\"twitter:data1\" content=\"2 minutos\" \/>\n<script type=\"application\/ld+json\" class=\"yoast-schema-graph\">{\"@context\":\"https:\\\/\\\/schema.org\",\"@graph\":[{\"@type\":\"WebPage\",\"@id\":\"https:\\\/\\\/us-gc.net\\\/es\\\/green-card-de-empleo\\\/\",\"url\":\"https:\\\/\\\/us-gc.net\\\/es\\\/green-card-de-empleo\\\/\",\"name\":\"Green Card para inmigrantes basada en el empleo - USA GC\",\"isPartOf\":{\"@id\":\"https:\\\/\\\/us-gc.net\\\/es\\\/#website\"},\"datePublished\":\"2024-01-31T14:27:27+00:00\",\"dateModified\":\"2024-12-30T09:39:25+00:00\",\"description\":\"Obtener una Tarjeta Verde Americana basada en un trabajo obtenido en territorio americano. Toda la informaci\u00f3n que necesita para obtener la Green Card\",\"breadcrumb\":{\"@id\":\"https:\\\/\\\/us-gc.net\\\/es\\\/green-card-de-empleo\\\/#breadcrumb\"},\"inLanguage\":\"es\",\"potentialAction\":[{\"@type\":\"ReadAction\",\"target\":[\"https:\\\/\\\/us-gc.net\\\/es\\\/green-card-de-empleo\\\/\"]}]},{\"@type\":\"BreadcrumbList\",\"@id\":\"https:\\\/\\\/us-gc.net\\\/es\\\/green-card-de-empleo\\\/#breadcrumb\",\"itemListElement\":[{\"@type\":\"ListItem\",\"position\":1,\"name\":\"Accueil\",\"item\":\"https:\\\/\\\/us-gc.net\\\/es\\\/green-card\\\/\"},{\"@type\":\"ListItem\",\"position\":2,\"name\":\"Green Card para inmigrantes basada en el empleo\"}]},{\"@type\":\"WebSite\",\"@id\":\"https:\\\/\\\/us-gc.net\\\/es\\\/#website\",\"url\":\"https:\\\/\\\/us-gc.net\\\/es\\\/\",\"name\":\"USA GC\",\"description\":\"\",\"potentialAction\":[{\"@type\":\"SearchAction\",\"target\":{\"@type\":\"EntryPoint\",\"urlTemplate\":\"https:\\\/\\\/us-gc.net\\\/es\\\/?s={search_term_string}\"},\"query-input\":{\"@type\":\"PropertyValueSpecification\",\"valueRequired\":true,\"valueName\":\"search_term_string\"}}],\"inLanguage\":\"es\"}]}<\/script>\n<!-- \/ Yoast SEO plugin. -->","yoast_head_json":{"title":"Green Card para inmigrantes basada en el empleo - USA GC","description":"Obtener una Tarjeta Verde Americana basada en un trabajo obtenido en territorio americano. Toda la informaci\u00f3n que necesita para obtener la Green Card","robots":{"index":"index","follow":"follow","max-snippet":"max-snippet:-1","max-image-preview":"max-image-preview:large","max-video-preview":"max-video-preview:-1"},"canonical":"https:\/\/us-gc.net\/es\/green-card-de-empleo\/","og_locale":"es_ES","og_type":"article","og_title":"Green Card para inmigrantes basada en el empleo - USA GC","og_description":"Obtener una Tarjeta Verde Americana basada en un trabajo obtenido en territorio americano. Toda la informaci\u00f3n que necesita para obtener la Green Card","og_url":"https:\/\/us-gc.net\/es\/green-card-de-empleo\/","og_site_name":"USA GC","article_modified_time":"2024-12-30T09:39:25+00:00","twitter_card":"summary_large_image","twitter_misc":{"Tiempo de lectura":"2 minutos"},"schema":{"@context":"https:\/\/schema.org","@graph":[{"@type":"WebPage","@id":"https:\/\/us-gc.net\/es\/green-card-de-empleo\/","url":"https:\/\/us-gc.net\/es\/green-card-de-empleo\/","name":"Green Card para inmigrantes basada en el empleo - USA GC","isPartOf":{"@id":"https:\/\/us-gc.net\/es\/#website"},"datePublished":"2024-01-31T14:27:27+00:00","dateModified":"2024-12-30T09:39:25+00:00","description":"Obtener una Tarjeta Verde Americana basada en un trabajo obtenido en territorio americano. Toda la informaci\u00f3n que necesita para obtener la Green Card","breadcrumb":{"@id":"https:\/\/us-gc.net\/es\/green-card-de-empleo\/#breadcrumb"},"inLanguage":"es","potentialAction":[{"@type":"ReadAction","target":["https:\/\/us-gc.net\/es\/green-card-de-empleo\/"]}]},{"@type":"BreadcrumbList","@id":"https:\/\/us-gc.net\/es\/green-card-de-empleo\/#breadcrumb","itemListElement":[{"@type":"ListItem","position":1,"name":"Accueil","item":"https:\/\/us-gc.net\/es\/green-card\/"},{"@type":"ListItem","position":2,"name":"Green Card para inmigrantes basada en el empleo"}]},{"@type":"WebSite","@id":"https:\/\/us-gc.net\/es\/#website","url":"https:\/\/us-gc.net\/es\/","name":"USA GC","description":"","potentialAction":[{"@type":"SearchAction","target":{"@type":"EntryPoint","urlTemplate":"https:\/\/us-gc.net\/es\/?s={search_term_string}"},"query-input":{"@type":"PropertyValueSpecification","valueRequired":true,"valueName":"search_term_string"}}],"inLanguage":"es"}]}},"_links":{"self":[{"href":"https:\/\/us-gc.net\/es\/wp-json\/wp\/v2\/pages\/724","targetHints":{"allow":["GET"]}}],"collection":[{"href":"https:\/\/us-gc.net\/es\/wp-json\/wp\/v2\/pages"}],"about":[{"href":"https:\/\/us-gc.net\/es\/wp-json\/wp\/v2\/types\/page"}],"author":[{"embeddable":true,"href":"https:\/\/us-gc.net\/es\/wp-json\/wp\/v2\/users\/1"}],"replies":[{"embeddable":true,"href":"https:\/\/us-gc.net\/es\/wp-json\/wp\/v2\/comments?post=724"}],"version-history":[{"count":1,"href":"https:\/\/us-gc.net\/es\/wp-json\/wp\/v2\/pages\/724\/revisions"}],"predecessor-version":[{"id":7631,"href":"https:\/\/us-gc.net\/es\/wp-json\/wp\/v2\/pages\/724\/revisions\/7631"}],"wp:attachment":[{"href":"https:\/\/us-gc.net\/es\/wp-json\/wp\/v2\/media?parent=724"}],"curies":[{"name":"wp","href":"https:\/\/api.w.org\/{rel}","templated":true}]}}