{"id":676,"date":"2024-01-31T08:01:49","date_gmt":"2024-01-31T08:01:49","guid":{"rendered":"https:\/\/green-card-usa.net\/privacy-policy\/"},"modified":"2025-03-31T11:22:12","modified_gmt":"2025-03-31T11:22:12","slug":"privacy-policy","status":"publish","type":"page","link":"https:\/\/us-gc.net\/es\/privacy-policy\/","title":{"rendered":"Pol\u00edtica de confidencialidad de datos personales"},"content":{"rendered":"\n<h1 class=\"wp-block-heading\" id=\"h-politique-de-confidentialite\">Pol\u00edtica de privacidad<\/h1>\n\n<p>Somos un sitio de informaci\u00f3n sobre el mercado laboral estadounidense. No ofrecemos ning\u00fan servicio en l\u00ednea y no tenemos formulario de inscripci\u00f3n en el sitio. El \u00fanico formulario del sitio es <a href=\"https:\/\/us-gc.net\/es\/contact\/\">el de contacto<\/a>.<\/p>\n\n<h2 class=\"wp-block-heading\" id=\"h-la-collecte-d-informations-sur-le-site\">La recopilaci\u00f3n de informaci\u00f3n en el sitio<\/h2>\n\n<p>Esta es la lista de informaci\u00f3n personal que puede recopilarse en nuestro sitio:<\/p>\n\n<ul class=\"wp-block-list\">\n<li>Informaci\u00f3n de contacto cuando env\u00eda un correo electr\u00f3nico a nuestro equipo de asistencia, como su nombre, apellidos y direcci\u00f3n de correo electr\u00f3nico. La informaci\u00f3n contenida en los correos electr\u00f3nicos que nos env\u00ede.<\/li>\n<\/ul>\n\n<div style=\"height:10px\" aria-hidden=\"true\" class=\"wp-block-spacer\"><\/div>\n\n<h2 class=\"wp-block-heading\" id=\"h-duree-de-conservation-des-donnees\">Duraci\u00f3n de la conservaci\u00f3n de los datos<\/h2>\n\n<p>Los datos recogidos se eliminan regularmente, lo que significa que no conservamos ning\u00fan contenido de correo electr\u00f3nico que se nos env\u00ede durante m\u00e1s de una semana.  <\/p>\n\n<p>Actualizaci\u00f3n de la informaci\u00f3n conservada: Le rogamos que nos comunique si desea que la informaci\u00f3n personal que conservamos sobre usted se corrija o actualice durante el tiempo que la conservamos.<\/p>\n\n<h2 class=\"wp-block-heading\" id=\"h-securite-de-vos-donnees-personnelles\">Seguridad de sus datos personales<\/h2>\n\n<p>Tomamos precauciones t\u00e9cnicas para evitar el robo de la informaci\u00f3n personal contenida en nuestra base de datos durante su tiempo de conservaci\u00f3n, aunque sea limitado. Almacenaremos toda la informaci\u00f3n personal enviada en nuestros servidores seguros.<\/p>\n\n<p>Usted acepta que el env\u00edo de informaci\u00f3n a trav\u00e9s de Internet no es, en principio, muy seguro. Es casi imposible para nosotros garantizar la seguridad total de sus datos transmitidos.<\/p>\n\n<h2 class=\"wp-block-heading\" id=\"h-vos-droits-en-matiere-de-donnees-personnelles\">Sus derechos sobre los datos personales<\/h2>\n\n<p>Tiene derecho a pedirnos que le comuniquemos cualquier informaci\u00f3n personal que tengamos sobre usted; esto puede hacerse presentando una prueba de su identidad (fotocopia compulsada del pasaporte + factura que muestre su domicilio).<\/p>\n\n<h2 class=\"wp-block-heading\" id=\"h-mise-a-jour-de-cette-politique-de-confidentialite\">Actualizaci\u00f3n de esta pol\u00edtica de privacidad<\/h2>\n\n<p>Esta pol\u00edtica se actualiza peri\u00f3dicamente. Es necesario comprobar esta p\u00e1gina cuando se utiliza el sitio para conocer los cambios en la pol\u00edtica de privacidad.<\/p>\n\n<h2 class=\"wp-block-heading\" id=\"h-liens-contextuels-vers-des-sites-web-tiers\">Enlaces contextuales a sitios web de terceros<\/h2>\n\n<p>Nuestro sitio web contiene hiperv\u00ednculos a sitios web de terceros. No tenemos ning\u00fan control sobre estos sitios, y no somos responsables de sus pol\u00edticas de privacidad o de sus pr\u00e1cticas comerciales o de marketing. No asumimos ninguna responsabilidad por estos enlaces.<\/p>\n","protected":false},"excerpt":{"rendered":"<p>Pol\u00edtica de privacidad Somos un sitio de informaci\u00f3n sobre el mercado laboral estadounidense. No ofrecemos ning\u00fan servicio en l\u00ednea y no tenemos formulario de inscripci\u00f3n en el sitio. El \u00fanico formulario del sitio es el de contacto. La recopilaci\u00f3n de informaci\u00f3n en el sitio Esta es la lista de informaci\u00f3n personal que puede recopilarse en [&hellip;]<\/p>\n","protected":false},"author":1,"featured_media":0,"parent":0,"menu_order":0,"comment_status":"closed","ping_status":"closed","template":"","meta":{"footnotes":""},"class_list":["post-676","page","type-page","status-publish","hentry"],"yoast_head":"<!-- This site is optimized with the Yoast SEO plugin v27.2 - https:\/\/yoast.com\/product\/yoast-seo-wordpress\/ -->\n<title>Pol\u00edtica de confidencialidad de datos personales - USA GC<\/title>\n<meta name=\"description\" content=\"Una pol\u00edtica de privacidad detallada que cumpla la normativa vigente sobre protecci\u00f3n de datos\" \/>\n<meta name=\"robots\" content=\"noindex, nofollow\" \/>\n<meta property=\"og:locale\" content=\"es_ES\" \/>\n<meta property=\"og:type\" content=\"article\" \/>\n<meta property=\"og:title\" content=\"Pol\u00edtica de confidencialidad de datos personales - USA GC\" \/>\n<meta property=\"og:description\" content=\"Una pol\u00edtica de privacidad detallada que cumpla la normativa vigente sobre protecci\u00f3n de datos\" \/>\n<meta property=\"og:url\" content=\"https:\/\/us-gc.net\/es\/privacy-policy\/\" \/>\n<meta property=\"og:site_name\" content=\"USA GC\" \/>\n<meta property=\"article:modified_time\" content=\"2025-03-31T11:22:12+00:00\" \/>\n<meta name=\"twitter:card\" content=\"summary_large_image\" \/>\n<meta name=\"twitter:label1\" content=\"Tiempo de lectura\" \/>\n\t<meta name=\"twitter:data1\" content=\"2 minutos\" \/>\n<script type=\"application\/ld+json\" class=\"yoast-schema-graph\">{\"@context\":\"https:\/\/schema.org\",\"@graph\":[{\"@type\":\"WebPage\",\"@id\":\"https:\/\/us-gc.net\/es\/privacy-policy\/\",\"url\":\"https:\/\/us-gc.net\/es\/privacy-policy\/\",\"name\":\"Pol\u00edtica de confidencialidad de datos personales - USA GC\",\"isPartOf\":{\"@id\":\"https:\/\/us-gc.net\/es\/#website\"},\"datePublished\":\"2024-01-31T08:01:49+00:00\",\"dateModified\":\"2025-03-31T11:22:12+00:00\",\"description\":\"Una pol\u00edtica de privacidad detallada que cumpla la normativa vigente sobre protecci\u00f3n de datos\",\"breadcrumb\":{\"@id\":\"https:\/\/us-gc.net\/es\/privacy-policy\/#breadcrumb\"},\"inLanguage\":\"es\",\"potentialAction\":[{\"@type\":\"ReadAction\",\"target\":[\"https:\/\/us-gc.net\/es\/privacy-policy\/\"]}]},{\"@type\":\"BreadcrumbList\",\"@id\":\"https:\/\/us-gc.net\/es\/privacy-policy\/#breadcrumb\",\"itemListElement\":[{\"@type\":\"ListItem\",\"position\":1,\"name\":\"Accueil\",\"item\":\"https:\/\/us-gc.net\/es\/green-card\/\"},{\"@type\":\"ListItem\",\"position\":2,\"name\":\"Pol\u00edtica de confidencialidad de datos personales\"}]},{\"@type\":\"WebSite\",\"@id\":\"https:\/\/us-gc.net\/es\/#website\",\"url\":\"https:\/\/us-gc.net\/es\/\",\"name\":\"USA GC\",\"description\":\"\",\"potentialAction\":[{\"@type\":\"SearchAction\",\"target\":{\"@type\":\"EntryPoint\",\"urlTemplate\":\"https:\/\/us-gc.net\/es\/?s={search_term_string}\"},\"query-input\":{\"@type\":\"PropertyValueSpecification\",\"valueRequired\":true,\"valueName\":\"search_term_string\"}}],\"inLanguage\":\"es\"}]}<\/script>\n<!-- \/ Yoast SEO plugin. -->","yoast_head_json":{"title":"Pol\u00edtica de confidencialidad de datos personales - USA GC","description":"Una pol\u00edtica de privacidad detallada que cumpla la normativa vigente sobre protecci\u00f3n de datos","robots":{"index":"noindex","follow":"nofollow"},"og_locale":"es_ES","og_type":"article","og_title":"Pol\u00edtica de confidencialidad de datos personales - USA GC","og_description":"Una pol\u00edtica de privacidad detallada que cumpla la normativa vigente sobre protecci\u00f3n de datos","og_url":"https:\/\/us-gc.net\/es\/privacy-policy\/","og_site_name":"USA GC","article_modified_time":"2025-03-31T11:22:12+00:00","twitter_card":"summary_large_image","twitter_misc":{"Tiempo de lectura":"2 minutos"},"schema":{"@context":"https:\/\/schema.org","@graph":[{"@type":"WebPage","@id":"https:\/\/us-gc.net\/es\/privacy-policy\/","url":"https:\/\/us-gc.net\/es\/privacy-policy\/","name":"Pol\u00edtica de confidencialidad de datos personales - USA GC","isPartOf":{"@id":"https:\/\/us-gc.net\/es\/#website"},"datePublished":"2024-01-31T08:01:49+00:00","dateModified":"2025-03-31T11:22:12+00:00","description":"Una pol\u00edtica de privacidad detallada que cumpla la normativa vigente sobre protecci\u00f3n de datos","breadcrumb":{"@id":"https:\/\/us-gc.net\/es\/privacy-policy\/#breadcrumb"},"inLanguage":"es","potentialAction":[{"@type":"ReadAction","target":["https:\/\/us-gc.net\/es\/privacy-policy\/"]}]},{"@type":"BreadcrumbList","@id":"https:\/\/us-gc.net\/es\/privacy-policy\/#breadcrumb","itemListElement":[{"@type":"ListItem","position":1,"name":"Accueil","item":"https:\/\/us-gc.net\/es\/green-card\/"},{"@type":"ListItem","position":2,"name":"Pol\u00edtica de confidencialidad de datos personales"}]},{"@type":"WebSite","@id":"https:\/\/us-gc.net\/es\/#website","url":"https:\/\/us-gc.net\/es\/","name":"USA GC","description":"","potentialAction":[{"@type":"SearchAction","target":{"@type":"EntryPoint","urlTemplate":"https:\/\/us-gc.net\/es\/?s={search_term_string}"},"query-input":{"@type":"PropertyValueSpecification","valueRequired":true,"valueName":"search_term_string"}}],"inLanguage":"es"}]}},"_links":{"self":[{"href":"https:\/\/us-gc.net\/es\/wp-json\/wp\/v2\/pages\/676","targetHints":{"allow":["GET"]}}],"collection":[{"href":"https:\/\/us-gc.net\/es\/wp-json\/wp\/v2\/pages"}],"about":[{"href":"https:\/\/us-gc.net\/es\/wp-json\/wp\/v2\/types\/page"}],"author":[{"embeddable":true,"href":"https:\/\/us-gc.net\/es\/wp-json\/wp\/v2\/users\/1"}],"replies":[{"embeddable":true,"href":"https:\/\/us-gc.net\/es\/wp-json\/wp\/v2\/comments?post=676"}],"version-history":[{"count":2,"href":"https:\/\/us-gc.net\/es\/wp-json\/wp\/v2\/pages\/676\/revisions"}],"predecessor-version":[{"id":8659,"href":"https:\/\/us-gc.net\/es\/wp-json\/wp\/v2\/pages\/676\/revisions\/8659"}],"wp:attachment":[{"href":"https:\/\/us-gc.net\/es\/wp-json\/wp\/v2\/media?parent=676"}],"curies":[{"name":"wp","href":"https:\/\/api.w.org\/{rel}","templated":true}]}}