{"id":644,"date":"2024-01-31T07:59:57","date_gmt":"2024-01-31T07:59:57","guid":{"rendered":"https:\/\/green-card-usa.net\/avisos-legales\/"},"modified":"2025-03-31T10:09:46","modified_gmt":"2025-03-31T10:09:46","slug":"avisos-legales","status":"publish","type":"page","link":"https:\/\/us-gc.net\/es\/avisos-legales\/","title":{"rendered":"Informaci\u00f3n legal"},"content":{"rendered":"\n<h1 class=\"wp-block-heading\" id=\"h-mentions-legales-du-site\">Aviso legal del sitio<\/h1>\n\n<h2 class=\"wp-block-heading\" id=\"h-editeur-du-site\">Editor del sitio web<\/h2>\n\n<p>Somos un sitio web de informaci\u00f3n sobre el mercado de trabajo en Estados Unidos. Nuestro sitio lo publica la empresa privada maltesa <a href=\"https:\/\/alma-consulting.org\/\">Alma Consulting<\/a>. Somos independientes de cualquier administraci\u00f3n p\u00fablica.    <\/p>\n\n<p>La persona responsable de la publicaci\u00f3n del sitio es el Sr. Kevin Borg. Para ponerse en contacto con nosotros, utilice el <a href=\"https:\/\/us-gc.net\/es\/contact\/\">formulario de contacto<\/a>.<\/p>\n\n<h2 class=\"wp-block-heading\" id=\"h-hebergement-du-site\">Alojamiento web<\/h2>\n\n<p>El sitio web est\u00e1 alojado por OVH, cuya sede est\u00e1 en Roubaix, Francia. OVH es una sociedad inscrita en el registro mercantil de Lille M\u00e9tropole con el n\u00famero B424 761 419. <\/p>\n\n<h2 class=\"wp-block-heading\" id=\"h-traitement-des-donnees-personnelles\">Tratamiento de datos personales<\/h2>\n\n<p>No recogemos ning\u00fan dato personal a trav\u00e9s de un formulario en l\u00ednea. La \u00fanica informaci\u00f3n personal que se recoge de los visitantes del sitio se refiere a la informaci\u00f3n facilitada en el formulario de contacto. Esta informaci\u00f3n se destruye y no se conserva una vez procesado el correo electr\u00f3nico. <\/p>\n\n<p>Con respecto a las cookies del navegador, los visitantes pueden bloquear el uso de cookies del navegador por s\u00ed mismos. Tambi\u00e9n tiene derecho a acceder a estos datos, modificarlos, rectificarlos y suprimirlos. Para ejercer este derecho, ponte en <a href=\"https:\/\/us-gc.net\/es\/contact\/\">contacto<\/a> con nosotros a trav\u00e9s del <a href=\"https:\/\/us-gc.net\/es\/contact\/\">formulario de contacto<\/a>.<\/p>\n","protected":false},"excerpt":{"rendered":"<p>Aviso legal del sitio Editor del sitio web Somos un sitio web de informaci\u00f3n sobre el mercado de trabajo en Estados Unidos. Nuestro sitio lo publica la empresa privada maltesa Alma Consulting. Somos independientes de cualquier administraci\u00f3n p\u00fablica. La persona responsable de la publicaci\u00f3n del sitio es el Sr. Kevin Borg. Para ponerse en contacto [&hellip;]<\/p>\n","protected":false},"author":1,"featured_media":0,"parent":0,"menu_order":0,"comment_status":"closed","ping_status":"closed","template":"","meta":{"footnotes":""},"class_list":["post-644","page","type-page","status-publish","hentry"],"yoast_head":"<!-- This site is optimized with the Yoast SEO plugin v27.2 - https:\/\/yoast.com\/product\/yoast-seo-wordpress\/ -->\n<title>Informaci\u00f3n legal - USA GC<\/title>\n<meta name=\"description\" content=\"Aviso legal para el sitio web us-gc.net, informaci\u00f3n sobre el mercado laboral y de inmigraci\u00f3n de EE.UU.\" \/>\n<meta name=\"robots\" content=\"noindex, nofollow\" \/>\n<meta property=\"og:locale\" content=\"es_ES\" \/>\n<meta property=\"og:type\" content=\"article\" \/>\n<meta property=\"og:title\" content=\"Informaci\u00f3n legal - USA GC\" \/>\n<meta property=\"og:description\" content=\"Aviso legal para el sitio web us-gc.net, informaci\u00f3n sobre el mercado laboral y de inmigraci\u00f3n de EE.UU.\" \/>\n<meta property=\"og:url\" content=\"https:\/\/us-gc.net\/es\/avisos-legales\/\" \/>\n<meta property=\"og:site_name\" content=\"USA GC\" \/>\n<meta property=\"article:modified_time\" content=\"2025-03-31T10:09:46+00:00\" \/>\n<meta name=\"twitter:card\" content=\"summary_large_image\" \/>\n<meta name=\"twitter:label1\" content=\"Tiempo de lectura\" \/>\n\t<meta name=\"twitter:data1\" content=\"1 minuto\" \/>\n<script type=\"application\/ld+json\" class=\"yoast-schema-graph\">{\"@context\":\"https:\/\/schema.org\",\"@graph\":[{\"@type\":\"WebPage\",\"@id\":\"https:\/\/us-gc.net\/es\/avisos-legales\/\",\"url\":\"https:\/\/us-gc.net\/es\/avisos-legales\/\",\"name\":\"Informaci\u00f3n legal - USA GC\",\"isPartOf\":{\"@id\":\"https:\/\/us-gc.net\/es\/#website\"},\"datePublished\":\"2024-01-31T07:59:57+00:00\",\"dateModified\":\"2025-03-31T10:09:46+00:00\",\"description\":\"Aviso legal para el sitio web us-gc.net, informaci\u00f3n sobre el mercado laboral y de inmigraci\u00f3n de EE.UU.\",\"breadcrumb\":{\"@id\":\"https:\/\/us-gc.net\/es\/avisos-legales\/#breadcrumb\"},\"inLanguage\":\"es\",\"potentialAction\":[{\"@type\":\"ReadAction\",\"target\":[\"https:\/\/us-gc.net\/es\/avisos-legales\/\"]}]},{\"@type\":\"BreadcrumbList\",\"@id\":\"https:\/\/us-gc.net\/es\/avisos-legales\/#breadcrumb\",\"itemListElement\":[{\"@type\":\"ListItem\",\"position\":1,\"name\":\"Accueil\",\"item\":\"https:\/\/us-gc.net\/es\/green-card\/\"},{\"@type\":\"ListItem\",\"position\":2,\"name\":\"Informaci\u00f3n legal\"}]},{\"@type\":\"WebSite\",\"@id\":\"https:\/\/us-gc.net\/es\/#website\",\"url\":\"https:\/\/us-gc.net\/es\/\",\"name\":\"USA GC\",\"description\":\"\",\"potentialAction\":[{\"@type\":\"SearchAction\",\"target\":{\"@type\":\"EntryPoint\",\"urlTemplate\":\"https:\/\/us-gc.net\/es\/?s={search_term_string}\"},\"query-input\":{\"@type\":\"PropertyValueSpecification\",\"valueRequired\":true,\"valueName\":\"search_term_string\"}}],\"inLanguage\":\"es\"}]}<\/script>\n<!-- \/ Yoast SEO plugin. -->","yoast_head_json":{"title":"Informaci\u00f3n legal - USA GC","description":"Aviso legal para el sitio web us-gc.net, informaci\u00f3n sobre el mercado laboral y de inmigraci\u00f3n de EE.UU.","robots":{"index":"noindex","follow":"nofollow"},"og_locale":"es_ES","og_type":"article","og_title":"Informaci\u00f3n legal - USA GC","og_description":"Aviso legal para el sitio web us-gc.net, informaci\u00f3n sobre el mercado laboral y de inmigraci\u00f3n de EE.UU.","og_url":"https:\/\/us-gc.net\/es\/avisos-legales\/","og_site_name":"USA GC","article_modified_time":"2025-03-31T10:09:46+00:00","twitter_card":"summary_large_image","twitter_misc":{"Tiempo de lectura":"1 minuto"},"schema":{"@context":"https:\/\/schema.org","@graph":[{"@type":"WebPage","@id":"https:\/\/us-gc.net\/es\/avisos-legales\/","url":"https:\/\/us-gc.net\/es\/avisos-legales\/","name":"Informaci\u00f3n legal - USA GC","isPartOf":{"@id":"https:\/\/us-gc.net\/es\/#website"},"datePublished":"2024-01-31T07:59:57+00:00","dateModified":"2025-03-31T10:09:46+00:00","description":"Aviso legal para el sitio web us-gc.net, informaci\u00f3n sobre el mercado laboral y de inmigraci\u00f3n de EE.UU.","breadcrumb":{"@id":"https:\/\/us-gc.net\/es\/avisos-legales\/#breadcrumb"},"inLanguage":"es","potentialAction":[{"@type":"ReadAction","target":["https:\/\/us-gc.net\/es\/avisos-legales\/"]}]},{"@type":"BreadcrumbList","@id":"https:\/\/us-gc.net\/es\/avisos-legales\/#breadcrumb","itemListElement":[{"@type":"ListItem","position":1,"name":"Accueil","item":"https:\/\/us-gc.net\/es\/green-card\/"},{"@type":"ListItem","position":2,"name":"Informaci\u00f3n legal"}]},{"@type":"WebSite","@id":"https:\/\/us-gc.net\/es\/#website","url":"https:\/\/us-gc.net\/es\/","name":"USA GC","description":"","potentialAction":[{"@type":"SearchAction","target":{"@type":"EntryPoint","urlTemplate":"https:\/\/us-gc.net\/es\/?s={search_term_string}"},"query-input":{"@type":"PropertyValueSpecification","valueRequired":true,"valueName":"search_term_string"}}],"inLanguage":"es"}]}},"_links":{"self":[{"href":"https:\/\/us-gc.net\/es\/wp-json\/wp\/v2\/pages\/644","targetHints":{"allow":["GET"]}}],"collection":[{"href":"https:\/\/us-gc.net\/es\/wp-json\/wp\/v2\/pages"}],"about":[{"href":"https:\/\/us-gc.net\/es\/wp-json\/wp\/v2\/types\/page"}],"author":[{"embeddable":true,"href":"https:\/\/us-gc.net\/es\/wp-json\/wp\/v2\/users\/1"}],"replies":[{"embeddable":true,"href":"https:\/\/us-gc.net\/es\/wp-json\/wp\/v2\/comments?post=644"}],"version-history":[{"count":3,"href":"https:\/\/us-gc.net\/es\/wp-json\/wp\/v2\/pages\/644\/revisions"}],"predecessor-version":[{"id":8454,"href":"https:\/\/us-gc.net\/es\/wp-json\/wp\/v2\/pages\/644\/revisions\/8454"}],"wp:attachment":[{"href":"https:\/\/us-gc.net\/es\/wp-json\/wp\/v2\/media?parent=644"}],"curies":[{"name":"wp","href":"https:\/\/api.w.org\/{rel}","templated":true}]}}