{"id":4276,"date":"2024-04-08T08:17:47","date_gmt":"2024-04-08T08:17:47","guid":{"rendered":"https:\/\/green-card-usa.net\/loteria-green-card-paises-asiaticos\/"},"modified":"2024-12-30T09:44:37","modified_gmt":"2024-12-30T09:44:37","slug":"loteria-green-card-paises-asiaticos","status":"publish","type":"page","link":"https:\/\/us-gc.net\/es\/loteria-green-card-paises-asiaticos\/","title":{"rendered":"Loter\u00eda de la Green Card para los pa\u00edses asi\u00e1ticos"},"content":{"rendered":"\n<h1 class=\"wp-block-heading\" id=\"h-les-pays-d-asie-a-la-loterie-de-la-carte-verte-americaine\">Pa\u00edses asi\u00e1ticos en la loter\u00eda de la Green Card de EE.UU.<\/h1>\n\n<p>Cada a\u00f1o, millones de solicitantes participan en la loter\u00eda de la Green Card estadounidense. Hemos recopilado las estad\u00edsticas publicadas por el Departamento de Estado en <a href=\"https:\/\/travel.state.gov\/content\/travel\/en\/us-visas\/immigrate\/diversity-visa-program-entry\/diversity-visa-program-statistics.html\">travel.state.gov<\/a> para ofrecerle las cifras clave de la participaci\u00f3n de ciudadanos asi\u00e1ticos en la loter\u00eda de la Green Card.<\/p>\n\n<h2 class=\"wp-block-heading\" id=\"h-quelle-est-la-participation-des-asiatiques-a-la-loterie\">\u00bfCu\u00e1ntos asi\u00e1ticos participan en la loter\u00eda?<\/h2>\n\n<p>Entre el 15% y el 20% de los solicitantes de la <a href=\"https:\/\/us-gc.net\/es\/loteria-green-card\/\">loter\u00eda de la Green Card<\/a> eran ciudadanos de un pa\u00eds asi\u00e1tico en los \u00faltimos a\u00f1os de los que se dispone de estad\u00edsticas.<\/p>\n\n<figure class=\"wp-block-table\"><table><tbody><tr><td><strong>A\u00f1os<\/strong><\/td><td class=\"has-text-align-center\" data-align=\"center\"><strong>2019<\/strong><\/td><td class=\"has-text-align-center\" data-align=\"center\"><strong>2020<\/strong><\/td><td class=\"has-text-align-center\" data-align=\"center\"><strong>2021<\/strong><\/td><\/tr><tr><td>N\u00famero de inscritos asi\u00e1ticos<\/td><td class=\"has-text-align-center\" data-align=\"center\">1 871 824<\/td><td class=\"has-text-align-center\" data-align=\"center\">1 952 489<\/td><td class=\"has-text-align-center\" data-align=\"center\">1 281 046<\/td><\/tr><tr><td>Total de expedientes de registro<\/td><td class=\"has-text-align-center\" data-align=\"center\">14 352 013<\/td><td class=\"has-text-align-center\" data-align=\"center\">14 722 798<\/td><td class=\"has-text-align-center\" data-align=\"center\">6 741 128<\/td><\/tr><tr><td><strong>Cuota de inscritos asi\u00e1ticos<\/strong><\/td><td class=\"has-text-align-center\" data-align=\"center\"><strong>13%<\/strong><\/td><td class=\"has-text-align-center\" data-align=\"center\"><strong>13%<\/strong><\/td><td class=\"has-text-align-center\" data-align=\"center\"><strong>19%<\/strong><\/td><\/tr><\/tbody><\/table><figcaption class=\"wp-element-caption\">Porcentaje de asi\u00e1ticos inscritos en el sorteo de la Green Card<\/figcaption><\/figure>\n\n<h2 class=\"wp-block-heading\" id=\"h-quels-sont-les-principaux-pays-d-asie-d-ou-proviennent-les-candidats\">\u00bfCu\u00e1les son los principales pa\u00edses asi\u00e1ticos de los que proceden los candidatos?<\/h2>\n\n<p>He aqu\u00ed el n\u00famero de solicitudes de la loter\u00eda de la Green Card para los 20 principales pa\u00edses asi\u00e1ticos. Las \u00faltimas cifras publicadas por el Departamento de Estado abarcan los a\u00f1os 2019 a 2021:<\/p>\n\n<figure class=\"wp-block-table\"><table><tbody><tr><td><strong>Pa\u00edses asi\u00e1ticos<\/strong><\/td><td class=\"has-text-align-center\" data-align=\"center\"><strong>2019<\/strong><\/td><td class=\"has-text-align-center\" data-align=\"center\"><strong>2020<\/strong><\/td><td class=\"has-text-align-center\" data-align=\"center\"><strong>2021<\/strong><\/td><\/tr><tr><td>Nepal<\/td><td class=\"has-text-align-center\" data-align=\"center\">684 180<\/td><td class=\"has-text-align-center\" data-align=\"center\">637 696<\/td><td class=\"has-text-align-center\" data-align=\"center\">421 765<\/td><\/tr><tr><td>Ir\u00e1n<\/td><td class=\"has-text-align-center\" data-align=\"center\">453 242<\/td><td class=\"has-text-align-center\" data-align=\"center\">709 469<\/td><td class=\"has-text-align-center\" data-align=\"center\">404 863<\/td><\/tr><tr><td>Afganist\u00e1n<\/td><td class=\"has-text-align-center\" data-align=\"center\">35 939<\/td><td class=\"has-text-align-center\" data-align=\"center\">58 711<\/td><td class=\"has-text-align-center\" data-align=\"center\">60 602<\/td><\/tr><tr><td>Camboya<\/td><td class=\"has-text-align-center\" data-align=\"center\">179 662<\/td><td class=\"has-text-align-center\" data-align=\"center\">109 881<\/td><td class=\"has-text-align-center\" data-align=\"center\">46 110<\/td><\/tr><tr><td>Sri Lanka<\/td><td class=\"has-text-align-center\" data-align=\"center\">53 396<\/td><td class=\"has-text-align-center\" data-align=\"center\">47 705<\/td><td class=\"has-text-align-center\" data-align=\"center\">41 595<\/td><\/tr><tr><td>Yemen<\/td><td class=\"has-text-align-center\" data-align=\"center\">141 679<\/td><td class=\"has-text-align-center\" data-align=\"center\">62 389<\/td><td class=\"has-text-align-center\" data-align=\"center\">41 495<\/td><\/tr><tr><td>Jordan<\/td><td class=\"has-text-align-center\" data-align=\"center\">39 092<\/td><td class=\"has-text-align-center\" data-align=\"center\">42 116<\/td><td class=\"has-text-align-center\" data-align=\"center\">36 815<\/td><\/tr><tr><td>Iraq<\/td><td class=\"has-text-align-center\" data-align=\"center\">47 368<\/td><td class=\"has-text-align-center\" data-align=\"center\">40 852<\/td><td class=\"has-text-align-center\" data-align=\"center\">31 197<\/td><\/tr><tr><td>Arabia Saud\u00ed<\/td><td class=\"has-text-align-center\" data-align=\"center\">40 114<\/td><td class=\"has-text-align-center\" data-align=\"center\">41 019<\/td><td class=\"has-text-align-center\" data-align=\"center\">30 844<\/td><\/tr><tr><td>Taiw\u00e1n<\/td><td class=\"has-text-align-center\" data-align=\"center\">30 603<\/td><td class=\"has-text-align-center\" data-align=\"center\">31 640<\/td><td class=\"has-text-align-center\" data-align=\"center\">24 645<\/td><\/tr><tr><td>Birmania<\/td><td class=\"has-text-align-center\" data-align=\"center\">20 078<\/td><td class=\"has-text-align-center\" data-align=\"center\">29 504<\/td><td class=\"has-text-align-center\" data-align=\"center\">21 555<\/td><\/tr><tr><td>Jap\u00f3n<\/td><td class=\"has-text-align-center\" data-align=\"center\">24 895<\/td><td class=\"has-text-align-center\" data-align=\"center\">21 674<\/td><td class=\"has-text-align-center\" data-align=\"center\">17 181<\/td><\/tr><tr><td>Hong Kong<\/td><td class=\"has-text-align-center\" data-align=\"center\">6 358<\/td><td class=\"has-text-align-center\" data-align=\"center\">5 451<\/td><td class=\"has-text-align-center\" data-align=\"center\">15 471<\/td><\/tr><tr><td>Tailandia<\/td><td class=\"has-text-align-center\" data-align=\"center\">10 969<\/td><td class=\"has-text-align-center\" data-align=\"center\">12 354<\/td><td class=\"has-text-align-center\" data-align=\"center\">14 187<\/td><\/tr><tr><td>Siria<\/td><td class=\"has-text-align-center\" data-align=\"center\">20 124<\/td><td class=\"has-text-align-center\" data-align=\"center\">14 168<\/td><td class=\"has-text-align-center\" data-align=\"center\">11 424<\/td><\/tr><tr><td>Mongolia<\/td><td class=\"has-text-align-center\" data-align=\"center\">10 546<\/td><td class=\"has-text-align-center\" data-align=\"center\">11 242<\/td><td class=\"has-text-align-center\" data-align=\"center\">9 871<\/td><\/tr><tr><td>Israel<\/td><td class=\"has-text-align-center\" data-align=\"center\">14 234<\/td><td class=\"has-text-align-center\" data-align=\"center\">12 727<\/td><td class=\"has-text-align-center\" data-align=\"center\">8 793<\/td><\/tr><tr><td>Indonesia<\/td><td class=\"has-text-align-center\" data-align=\"center\">10 970<\/td><td class=\"has-text-align-center\" data-align=\"center\">10 691<\/td><td class=\"has-text-align-center\" data-align=\"center\">8 440<\/td><\/tr><tr><td>Emiratos \u00c1rabes Unidos<\/td><td class=\"has-text-align-center\" data-align=\"center\">10 281<\/td><td class=\"has-text-align-center\" data-align=\"center\">10 964<\/td><td class=\"has-text-align-center\" data-align=\"center\">8 030<\/td><\/tr><tr><td>L\u00edbano<\/td><td class=\"has-text-align-center\" data-align=\"center\">12 868<\/td><td class=\"has-text-align-center\" data-align=\"center\">11 184<\/td><td class=\"has-text-align-center\" data-align=\"center\">7 250<\/td><\/tr><\/tbody><\/table><figcaption class=\"wp-element-caption\">Los principales pa\u00edses asi\u00e1ticos por n\u00famero de participantes en la loter\u00eda de la Green Card estadounidense<\/figcaption><\/figure>\n\n<h2 class=\"wp-block-heading\" id=\"h-quels-sont-les-gagnants-a-la-loterie-provenant-de-pays-d-asie\">\u00bfQui\u00e9nes son los ganadores de loter\u00eda de los pa\u00edses asi\u00e1ticos?<\/h2>\n\n<p>El Departamento de Estado tambi\u00e9n publica el n\u00famero de visados obtenidos cada a\u00f1o a trav\u00e9s del programa de diversidad. Estos <a href=\"https:\/\/us-gc.net\/es\/resultados-loteria-green-card\/\">resultados de loter\u00eda<\/a> se publican por zonas geogr\u00e1ficas y desglosados por pa\u00edses.<\/p>\n\n<p>Este es el n\u00famero de visados obtenidos a trav\u00e9s de la <a href=\"https:\/\/us-gc.net\/es\/loteria-americana-tarjeta-verde\/\">loter\u00eda de la Tarjeta Verde<\/a> para los 20 principales pa\u00edses asi\u00e1ticos entre 2018 y 2022:<\/p>\n\n<figure class=\"wp-block-table\"><table><tbody><tr><td><strong>Pa\u00edses asi\u00e1ticos<\/strong><\/td><td class=\"has-text-align-center\" data-align=\"center\"><strong>2018<\/strong><\/td><td class=\"has-text-align-center\" data-align=\"center\"><strong>2019<\/strong><\/td><td class=\"has-text-align-center\" data-align=\"center\"><strong>2020<\/strong><\/td><td class=\"has-text-align-center\" data-align=\"center\"><strong>2021<\/strong><\/td><td class=\"has-text-align-center\" data-align=\"center\"><strong>2022<\/strong><\/td><\/tr><tr><td>Nepal<\/td><td class=\"has-text-align-center\" data-align=\"center\">3 307<\/td><td class=\"has-text-align-center\" data-align=\"center\">2 795<\/td><td class=\"has-text-align-center\" data-align=\"center\">2 085<\/td><td class=\"has-text-align-center\" data-align=\"center\">1 372<\/td><td class=\"has-text-align-center\" data-align=\"center\">3 345<\/td><\/tr><tr><td>Ir\u00e1n<\/td><td class=\"has-text-align-center\" data-align=\"center\">318<\/td><td class=\"has-text-align-center\" data-align=\"center\">298<\/td><td class=\"has-text-align-center\" data-align=\"center\">131<\/td><td class=\"has-text-align-center\" data-align=\"center\">244<\/td><td class=\"has-text-align-center\" data-align=\"center\">2 024<\/td><\/tr><tr><td>Afganist\u00e1n<\/td><td class=\"has-text-align-center\" data-align=\"center\">231<\/td><td class=\"has-text-align-center\" data-align=\"center\">265<\/td><td class=\"has-text-align-center\" data-align=\"center\">165<\/td><td class=\"has-text-align-center\" data-align=\"center\">87<\/td><td class=\"has-text-align-center\" data-align=\"center\">723<\/td><\/tr><tr><td>Jordan<\/td><td class=\"has-text-align-center\" data-align=\"center\">254<\/td><td class=\"has-text-align-center\" data-align=\"center\">330<\/td><td class=\"has-text-align-center\" data-align=\"center\">266<\/td><td class=\"has-text-align-center\" data-align=\"center\">542<\/td><td class=\"has-text-align-center\" data-align=\"center\">713<\/td><\/tr><tr><td>Iraq<\/td><td class=\"has-text-align-center\" data-align=\"center\">297<\/td><td class=\"has-text-align-center\" data-align=\"center\">264<\/td><td class=\"has-text-align-center\" data-align=\"center\">86<\/td><td class=\"has-text-align-center\" data-align=\"center\">30<\/td><td class=\"has-text-align-center\" data-align=\"center\">650<\/td><\/tr><tr><td>Yemen<\/td><td class=\"has-text-align-center\" data-align=\"center\">28<\/td><td class=\"has-text-align-center\" data-align=\"center\">70<\/td><td class=\"has-text-align-center\" data-align=\"center\">13<\/td><td class=\"has-text-align-center\" data-align=\"center\">228<\/td><td class=\"has-text-align-center\" data-align=\"center\">625<\/td><\/tr><tr><td>Sri Lanka<\/td><td class=\"has-text-align-center\" data-align=\"center\">360<\/td><td class=\"has-text-align-center\" data-align=\"center\">331<\/td><td class=\"has-text-align-center\" data-align=\"center\">225<\/td><td class=\"has-text-align-center\" data-align=\"center\">438<\/td><td class=\"has-text-align-center\" data-align=\"center\">583<\/td><\/tr><tr><td>Arabia Saud\u00ed<\/td><td class=\"has-text-align-center\" data-align=\"center\">218<\/td><td class=\"has-text-align-center\" data-align=\"center\">262<\/td><td class=\"has-text-align-center\" data-align=\"center\">143<\/td><td class=\"has-text-align-center\" data-align=\"center\">117<\/td><td class=\"has-text-align-center\" data-align=\"center\">450<\/td><\/tr><tr><td>Birmania<\/td><td class=\"has-text-align-center\" data-align=\"center\">125<\/td><td class=\"has-text-align-center\" data-align=\"center\">210<\/td><td class=\"has-text-align-center\" data-align=\"center\">82<\/td><td class=\"has-text-align-center\" data-align=\"center\">96<\/td><td class=\"has-text-align-center\" data-align=\"center\">422<\/td><\/tr><tr><td>Jap\u00f3n<\/td><td class=\"has-text-align-center\" data-align=\"center\">164<\/td><td class=\"has-text-align-center\" data-align=\"center\">223<\/td><td class=\"has-text-align-center\" data-align=\"center\">135<\/td><td class=\"has-text-align-center\" data-align=\"center\">237<\/td><td class=\"has-text-align-center\" data-align=\"center\">331<\/td><\/tr><tr><td>Taiw\u00e1n<\/td><td class=\"has-text-align-center\" data-align=\"center\">174<\/td><td class=\"has-text-align-center\" data-align=\"center\">180<\/td><td class=\"has-text-align-center\" data-align=\"center\">142<\/td><td class=\"has-text-align-center\" data-align=\"center\">178<\/td><td class=\"has-text-align-center\" data-align=\"center\">301<\/td><\/tr><tr><td>Siria<\/td><td class=\"has-text-align-center\" data-align=\"center\">55<\/td><td class=\"has-text-align-center\" data-align=\"center\">83<\/td><td class=\"has-text-align-center\" data-align=\"center\">36<\/td><td class=\"has-text-align-center\" data-align=\"center\">84<\/td><td class=\"has-text-align-center\" data-align=\"center\">240<\/td><\/tr><tr><td>L\u00edbano<\/td><td class=\"has-text-align-center\" data-align=\"center\">44<\/td><td class=\"has-text-align-center\" data-align=\"center\">77<\/td><td class=\"has-text-align-center\" data-align=\"center\">26<\/td><td class=\"has-text-align-center\" data-align=\"center\">107<\/td><td class=\"has-text-align-center\" data-align=\"center\">209<\/td><\/tr><tr><td>Mongolia<\/td><td class=\"has-text-align-center\" data-align=\"center\">160<\/td><td class=\"has-text-align-center\" data-align=\"center\">143<\/td><td class=\"has-text-align-center\" data-align=\"center\">114<\/td><td class=\"has-text-align-center\" data-align=\"center\">197<\/td><td class=\"has-text-align-center\" data-align=\"center\">196<\/td><\/tr><tr><td>Camboya<\/td><td class=\"has-text-align-center\" data-align=\"center\">121<\/td><td class=\"has-text-align-center\" data-align=\"center\">86<\/td><td class=\"has-text-align-center\" data-align=\"center\">69<\/td><td class=\"has-text-align-center\" data-align=\"center\">51<\/td><td class=\"has-text-align-center\" data-align=\"center\">166<\/td><\/tr><tr><td>Tailandia<\/td><td class=\"has-text-align-center\" data-align=\"center\">32<\/td><td class=\"has-text-align-center\" data-align=\"center\">60<\/td><td class=\"has-text-align-center\" data-align=\"center\">36<\/td><td class=\"has-text-align-center\" data-align=\"center\">51<\/td><td class=\"has-text-align-center\" data-align=\"center\">142<\/td><\/tr><tr><td>Indonesia<\/td><td class=\"has-text-align-center\" data-align=\"center\">64<\/td><td class=\"has-text-align-center\" data-align=\"center\">63<\/td><td class=\"has-text-align-center\" data-align=\"center\">58<\/td><td class=\"has-text-align-center\" data-align=\"center\">85<\/td><td class=\"has-text-align-center\" data-align=\"center\">106<\/td><\/tr><tr><td>Kuwait<\/td><td class=\"has-text-align-center\" data-align=\"center\">81<\/td><td class=\"has-text-align-center\" data-align=\"center\">51<\/td><td class=\"has-text-align-center\" data-align=\"center\">37<\/td><td class=\"has-text-align-center\" data-align=\"center\">52<\/td><td class=\"has-text-align-center\" data-align=\"center\">106<\/td><\/tr><tr><td>Emiratos \u00c1rabes Unidos<\/td><td class=\"has-text-align-center\" data-align=\"center\">64<\/td><td class=\"has-text-align-center\" data-align=\"center\">78<\/td><td class=\"has-text-align-center\" data-align=\"center\">71<\/td><td class=\"has-text-align-center\" data-align=\"center\">50<\/td><td class=\"has-text-align-center\" data-align=\"center\">85<\/td><\/tr><tr><td>But\u00e1n<\/td><td class=\"has-text-align-center\" data-align=\"center\">7<\/td><td class=\"has-text-align-center\" data-align=\"center\">20<\/td><td class=\"has-text-align-center\" data-align=\"center\">5<\/td><td class=\"has-text-align-center\" data-align=\"center\">18<\/td><td class=\"has-text-align-center\" data-align=\"center\">80<\/td><\/tr><\/tbody><\/table><figcaption class=\"wp-element-caption\">N\u00famero de visados expedidos por el <a href=\"https:\/\/us-gc.net\/es\/diversity-visa-program\/\">Programa de Visados de Diversidad<\/a> para los principales pa\u00edses asi\u00e1ticos<\/figcaption><\/figure>\n\n<p><\/p>\n","protected":false},"excerpt":{"rendered":"<p>Pa\u00edses asi\u00e1ticos en la loter\u00eda de la Green Card de EE.UU. Cada a\u00f1o, millones de solicitantes participan en la loter\u00eda de la Green Card estadounidense. Hemos recopilado las estad\u00edsticas publicadas por el Departamento de Estado en travel.state.gov para ofrecerle las cifras clave de la participaci\u00f3n de ciudadanos asi\u00e1ticos en la loter\u00eda de la Green Card. [&hellip;]<\/p>\n","protected":false},"author":1,"featured_media":0,"parent":0,"menu_order":0,"comment_status":"closed","ping_status":"closed","template":"","meta":{"footnotes":""},"class_list":["post-4276","page","type-page","status-publish","hentry"],"yoast_head":"<!-- This site is optimized with the Yoast SEO plugin v27.4 - https:\/\/yoast.com\/product\/yoast-seo-wordpress\/ -->\n<title>Loter\u00eda de la Green Card para los pa\u00edses asi\u00e1ticos - USA GC<\/title>\n<meta name=\"robots\" content=\"index, follow, max-snippet:-1, max-image-preview:large, max-video-preview:-1\" \/>\n<link rel=\"canonical\" href=\"https:\/\/us-gc.net\/es\/loteria-green-card-paises-asiaticos\/\" \/>\n<meta property=\"og:locale\" content=\"es_ES\" \/>\n<meta property=\"og:type\" content=\"article\" \/>\n<meta property=\"og:title\" content=\"Loter\u00eda de la Green Card para los pa\u00edses asi\u00e1ticos - USA GC\" \/>\n<meta property=\"og:description\" content=\"Pa\u00edses asi\u00e1ticos en la loter\u00eda de la Green Card de EE.UU. Cada a\u00f1o, millones de solicitantes participan en la loter\u00eda de la Green Card estadounidense. Hemos recopilado las estad\u00edsticas publicadas por el Departamento de Estado en travel.state.gov para ofrecerle las cifras clave de la participaci\u00f3n de ciudadanos asi\u00e1ticos en la loter\u00eda de la Green Card. [&hellip;]\" \/>\n<meta property=\"og:url\" content=\"https:\/\/us-gc.net\/es\/loteria-green-card-paises-asiaticos\/\" \/>\n<meta property=\"og:site_name\" content=\"USA GC\" \/>\n<meta property=\"article:modified_time\" content=\"2024-12-30T09:44:37+00:00\" \/>\n<meta name=\"twitter:card\" content=\"summary_large_image\" \/>\n<meta name=\"twitter:label1\" content=\"Tiempo de lectura\" \/>\n\t<meta name=\"twitter:data1\" content=\"2 minutos\" \/>\n<script type=\"application\/ld+json\" class=\"yoast-schema-graph\">{\"@context\":\"https:\\\/\\\/schema.org\",\"@graph\":[{\"@type\":\"WebPage\",\"@id\":\"https:\\\/\\\/us-gc.net\\\/es\\\/loteria-green-card-paises-asiaticos\\\/\",\"url\":\"https:\\\/\\\/us-gc.net\\\/es\\\/loteria-green-card-paises-asiaticos\\\/\",\"name\":\"Loter\u00eda de la Green Card para los pa\u00edses asi\u00e1ticos - USA GC\",\"isPartOf\":{\"@id\":\"https:\\\/\\\/us-gc.net\\\/es\\\/#website\"},\"datePublished\":\"2024-04-08T08:17:47+00:00\",\"dateModified\":\"2024-12-30T09:44:37+00:00\",\"breadcrumb\":{\"@id\":\"https:\\\/\\\/us-gc.net\\\/es\\\/loteria-green-card-paises-asiaticos\\\/#breadcrumb\"},\"inLanguage\":\"es\",\"potentialAction\":[{\"@type\":\"ReadAction\",\"target\":[\"https:\\\/\\\/us-gc.net\\\/es\\\/loteria-green-card-paises-asiaticos\\\/\"]}]},{\"@type\":\"BreadcrumbList\",\"@id\":\"https:\\\/\\\/us-gc.net\\\/es\\\/loteria-green-card-paises-asiaticos\\\/#breadcrumb\",\"itemListElement\":[{\"@type\":\"ListItem\",\"position\":1,\"name\":\"Accueil\",\"item\":\"https:\\\/\\\/us-gc.net\\\/es\\\/green-card\\\/\"},{\"@type\":\"ListItem\",\"position\":2,\"name\":\"Loter\u00eda de la Green Card para los pa\u00edses asi\u00e1ticos\"}]},{\"@type\":\"WebSite\",\"@id\":\"https:\\\/\\\/us-gc.net\\\/es\\\/#website\",\"url\":\"https:\\\/\\\/us-gc.net\\\/es\\\/\",\"name\":\"USA GC\",\"description\":\"\",\"potentialAction\":[{\"@type\":\"SearchAction\",\"target\":{\"@type\":\"EntryPoint\",\"urlTemplate\":\"https:\\\/\\\/us-gc.net\\\/es\\\/?s={search_term_string}\"},\"query-input\":{\"@type\":\"PropertyValueSpecification\",\"valueRequired\":true,\"valueName\":\"search_term_string\"}}],\"inLanguage\":\"es\"}]}<\/script>\n<!-- \/ Yoast SEO plugin. -->","yoast_head_json":{"title":"Loter\u00eda de la Green Card para los pa\u00edses asi\u00e1ticos - USA GC","robots":{"index":"index","follow":"follow","max-snippet":"max-snippet:-1","max-image-preview":"max-image-preview:large","max-video-preview":"max-video-preview:-1"},"canonical":"https:\/\/us-gc.net\/es\/loteria-green-card-paises-asiaticos\/","og_locale":"es_ES","og_type":"article","og_title":"Loter\u00eda de la Green Card para los pa\u00edses asi\u00e1ticos - USA GC","og_description":"Pa\u00edses asi\u00e1ticos en la loter\u00eda de la Green Card de EE.UU. Cada a\u00f1o, millones de solicitantes participan en la loter\u00eda de la Green Card estadounidense. Hemos recopilado las estad\u00edsticas publicadas por el Departamento de Estado en travel.state.gov para ofrecerle las cifras clave de la participaci\u00f3n de ciudadanos asi\u00e1ticos en la loter\u00eda de la Green Card. [&hellip;]","og_url":"https:\/\/us-gc.net\/es\/loteria-green-card-paises-asiaticos\/","og_site_name":"USA GC","article_modified_time":"2024-12-30T09:44:37+00:00","twitter_card":"summary_large_image","twitter_misc":{"Tiempo de lectura":"2 minutos"},"schema":{"@context":"https:\/\/schema.org","@graph":[{"@type":"WebPage","@id":"https:\/\/us-gc.net\/es\/loteria-green-card-paises-asiaticos\/","url":"https:\/\/us-gc.net\/es\/loteria-green-card-paises-asiaticos\/","name":"Loter\u00eda de la Green Card para los pa\u00edses asi\u00e1ticos - USA GC","isPartOf":{"@id":"https:\/\/us-gc.net\/es\/#website"},"datePublished":"2024-04-08T08:17:47+00:00","dateModified":"2024-12-30T09:44:37+00:00","breadcrumb":{"@id":"https:\/\/us-gc.net\/es\/loteria-green-card-paises-asiaticos\/#breadcrumb"},"inLanguage":"es","potentialAction":[{"@type":"ReadAction","target":["https:\/\/us-gc.net\/es\/loteria-green-card-paises-asiaticos\/"]}]},{"@type":"BreadcrumbList","@id":"https:\/\/us-gc.net\/es\/loteria-green-card-paises-asiaticos\/#breadcrumb","itemListElement":[{"@type":"ListItem","position":1,"name":"Accueil","item":"https:\/\/us-gc.net\/es\/green-card\/"},{"@type":"ListItem","position":2,"name":"Loter\u00eda de la Green Card para los pa\u00edses asi\u00e1ticos"}]},{"@type":"WebSite","@id":"https:\/\/us-gc.net\/es\/#website","url":"https:\/\/us-gc.net\/es\/","name":"USA GC","description":"","potentialAction":[{"@type":"SearchAction","target":{"@type":"EntryPoint","urlTemplate":"https:\/\/us-gc.net\/es\/?s={search_term_string}"},"query-input":{"@type":"PropertyValueSpecification","valueRequired":true,"valueName":"search_term_string"}}],"inLanguage":"es"}]}},"_links":{"self":[{"href":"https:\/\/us-gc.net\/es\/wp-json\/wp\/v2\/pages\/4276","targetHints":{"allow":["GET"]}}],"collection":[{"href":"https:\/\/us-gc.net\/es\/wp-json\/wp\/v2\/pages"}],"about":[{"href":"https:\/\/us-gc.net\/es\/wp-json\/wp\/v2\/types\/page"}],"author":[{"embeddable":true,"href":"https:\/\/us-gc.net\/es\/wp-json\/wp\/v2\/users\/1"}],"replies":[{"embeddable":true,"href":"https:\/\/us-gc.net\/es\/wp-json\/wp\/v2\/comments?post=4276"}],"version-history":[{"count":1,"href":"https:\/\/us-gc.net\/es\/wp-json\/wp\/v2\/pages\/4276\/revisions"}],"predecessor-version":[{"id":7897,"href":"https:\/\/us-gc.net\/es\/wp-json\/wp\/v2\/pages\/4276\/revisions\/7897"}],"wp:attachment":[{"href":"https:\/\/us-gc.net\/es\/wp-json\/wp\/v2\/media?parent=4276"}],"curies":[{"name":"wp","href":"https:\/\/api.w.org\/{rel}","templated":true}]}}