{"id":420,"date":"2024-01-30T17:24:00","date_gmt":"2024-01-30T17:24:00","guid":{"rendered":"https:\/\/green-card-usa.net\/green-card\/"},"modified":"2024-12-30T09:40:07","modified_gmt":"2024-12-30T09:40:07","slug":"green-card","status":"publish","type":"page","link":"https:\/\/us-gc.net\/es\/","title":{"rendered":"Green Card USA | Tarjeta de residente permanente"},"content":{"rendered":"\n<h1 class=\"wp-block-heading\" id=\"h-la-green-card-pour-resider-aux-etats-unis\">La Green Card para vivir en Estados Unidos<\/h1>\n\n<p>Estados Unidos de Am\u00e9rica es el pa\u00eds m\u00e1s solicitado del mundo por los extranjeros que desean inmigrar. La Green Card es una oportunidad para muchos extranjeros de obtener el derecho a vivir y trabajar en Estados Unidos.<\/p>\n\n<h2 class=\"wp-block-heading\" id=\"h-qu-est-ce-que-la-green-card\">\u00bfQu\u00e9 es la Green Card?<\/h2>\n\n<p>La Green Card es una tarjeta de residencia permanente en Estados Unidos. Permite a los extranjeros vivir y trabajar permanentemente en Estados Unidos. Las condiciones para obtener la Green Card dependen del motivo de la solicitud.<\/p>\n\n<h2 class=\"wp-block-heading\" id=\"h-quelle-est-son-utilite\">\u00bfCu\u00e1l es su finalidad?<\/h2>\n\n<p>La utilidad de la Carta Verde reside en el acceso que ofrece a Estados Unidos y a su vasto mercado laboral. Cada a\u00f1o, cientos de miles de solicitantes esperan obtener una Tarjeta Verde para venir a trabajar a Estados Unidos.<\/p>\n\n<h2 class=\"wp-block-heading\" id=\"h-comment-obtenir-une-green-card\">\u00bfC\u00f3mo se obtiene la Green Card?<\/h2>\n\n<p>Hay varias formas de obtener la Green Card. El procedimiento para obtener la tarjeta depende del motivo por el que el solicitante pide la tarjeta de residente en EE.UU. He aqu\u00ed las cuatro razones principales para obtener la Green Card:<\/p>\n\n<ul class=\"wp-block-list\">\n<li>La <a href=\"https:\/\/us-gc.net\/es\/green-card-de-empleo\/\">Green Card basada en el empleo<\/a><\/li>\n\n\n\n<li>La <a href=\"https:\/\/us-gc.net\/es\/green-card-por-matrimonio\/\">Green Card por matrimonio<\/a><\/li>\n\n\n\n<li>La <a href=\"https:\/\/us-gc.net\/es\/green-card-patrocinio\/\">Green Card a trav\u00e9s del patrocinio<\/a> de un familiar o una empresa<\/li>\n\n\n\n<li>Participaci\u00f3n en la <a href=\"https:\/\/us-gc.net\/es\/loteria-green-card\/\">Loter\u00eda de la Green Card<\/a><\/li>\n<\/ul>\n\n<div style=\"height:10px\" aria-hidden=\"true\" class=\"wp-block-spacer\"><\/div>\n\n<p>Cada procedimiento es diferente en cuanto a la documentaci\u00f3n y las condiciones exigidas para obtener la Green Card. <\/p>\n\n<h2 class=\"wp-block-heading\" id=\"h-quand-effectuer-la-demande-d-une-green-card\">\u00bfCu\u00e1ndo debo solicitar la Green Card?<\/h2>\n\n<p>Existen dos situaciones diferentes en funci\u00f3n del tipo de Green Card solicitada. <\/p>\n\n<ol class=\"wp-block-list\">\n<li>Todas las solicitudes de Green Card, ya se basen en el empleo, el patrocinio o el matrimonio, pueden presentarse en cualquier momento del a\u00f1o. El proceso de solicitud comienza en cuanto la solicitud est\u00e1 completa.<\/li>\n\n\n\n<li>La <a href=\"https:\/\/us-gc.net\/es\/loteria-americana-tarjeta-verde\/\">loter\u00eda de la Green Card estadounidense<\/a> s\u00f3lo se celebra una vez al a\u00f1o. El sorteo que tendr\u00e1 lugar a finales de 2024 se refiere a la asignaci\u00f3n de la <a href=\"https:\/\/us-gc.net\/es\/loteria-green-card-2026\/\">loter\u00eda de la Green Card 2026<\/a>. La inscripci\u00f3n para la loter\u00eda debe realizarse antes de la primera semana de noviembre de cada a\u00f1o. Durante 2024, USCIS finalizar\u00e1 el proceso de concesi\u00f3n de las Tarjetas Verdes ganadas durante la campa\u00f1a de <a href=\"https:\/\/us-gc.net\/es\/green-card-loteria-2024\/\">loter\u00eda de Green Card de 2024<\/a>. Tambi\u00e9n sigue procesando los resultados del <a href=\"https:\/\/us-gc.net\/es\/loteria-green-card-2025\/\">sorteo de la Green Card 2025<\/a>.<\/li>\n<\/ol>\n\n<div style=\"height:10px\" aria-hidden=\"true\" class=\"wp-block-spacer\"><\/div>\n\n<p>En todos los casos, el proceso de obtenci\u00f3n de la <a href=\"https:\/\/us-gc.net\/es\/green-card-entrevista\/\">Green Card incluye una entrevista<\/a> con un funcionario del USCIS. Los solicitantes deben llevar a la cita los justificantes originales de su solicitud de Green Card.<\/p>\n\n<h2 class=\"wp-block-heading\" id=\"h-comment-renouveler-une-green-card\">\u00bfC\u00f3mo se renueva la Green Card?<\/h2>\n\n<p>Para renovar una Green Card, debe presentarse un formulario I-90 al USCIS antes de que caduque la tarjeta actual, normalmente cada 10 a\u00f1os.<\/p>\n\n<h2 class=\"wp-block-heading\" id=\"h-a-quoi-ressemble-une-green-card\">\u00bfC\u00f3mo es la Green Card?<\/h2>\n\n<p>Como su nombre indica, la Green Card es una tarjeta verde. Parece un documento de identidad con una foto del titular. Esta <a href=\"https:\/\/us-gc.net\/es\/foto-green-card\/\">foto de la Carta<\/a> Verde tiene unas dimensiones espec\u00edficas, como se muestra en la imagen de abajo. Debe tener menos de 6 meses cuando se utilice para expedir la Carta Verde.<\/p>\n\n<figure class=\"wp-block-image size-full\"><img decoding=\"async\" src=\"https:\/\/us-gc.net\/wp-content\/uploads\/2024\/05\/Green-card-2024-1.jpg\" alt=\"imagen de una Tarjeta Verde v&#xE1;lida en 2024\" class=\"wp-image-4848\"\/><figcaption class=\"wp-element-caption\">Imagen de la Tarjeta Verde para EE.UU.<\/figcaption><\/figure>\n\n<h2 class=\"wp-block-heading\" id=\"h-combien-coute-une-green-card\">\u00bfCu\u00e1nto cuesta la Green Card?<\/h2>\n\n<p>El procedimiento de obtenci\u00f3n de la Carta Verde incluye el pago de tasas administrativas obligatorias. <a href=\"https:\/\/us-gc.net\/es\/precio-green-card\/\">Las tasas de<\/a> la Carta Verde var\u00edan seg\u00fan el tipo de Carta Verde solicitada.<\/p>\n\n<h2 class=\"wp-block-heading\" id=\"h-peut-on-voyager-avec-une-green-card\">\u00bfPuedo viajar con la Green Card?<\/h2>\n\n<p>Los titulares de la Green Card pueden viajar a determinados pa\u00edses del mundo con las mismas facilidades que los titulares de pasaporte estadounidense. Esta posibilidad de <a href=\"https:\/\/us-gc.net\/es\/viajar-al-extranjero-con-green-card\/\">viajar con la Green Card<\/a> s\u00f3lo se aplica a determinados pa\u00edses que han firmado acuerdos espec\u00edficos con Estados Unidos. Los principales pa\u00edses socios son vecinos geogr\u00e1ficos, como Canad\u00e1 y M\u00e9xico.<\/p>\n","protected":false},"excerpt":{"rendered":"<p>La Green Card para vivir en Estados Unidos Estados Unidos de Am\u00e9rica es el pa\u00eds m\u00e1s solicitado del mundo por los extranjeros que desean inmigrar. La Green Card es una oportunidad para muchos extranjeros de obtener el derecho a vivir y trabajar en Estados Unidos. \u00bfQu\u00e9 es la Green Card? La Green Card es una [&hellip;]<\/p>\n","protected":false},"author":1,"featured_media":0,"parent":0,"menu_order":0,"comment_status":"closed","ping_status":"closed","template":"","meta":{"footnotes":""},"class_list":["post-420","page","type-page","status-publish","hentry"],"yoast_head":"<!-- This site is optimized with the Yoast SEO plugin v27.4 - https:\/\/yoast.com\/product\/yoast-seo-wordpress\/ -->\n<title>Green Card USA | Tarjeta de residente permanente - USA GC<\/title>\n<meta name=\"description\" content=\"La Green Card es la tarjeta de residencia permanente en Estados Unidos. Existen varias formas de obtener un permiso de residencia para vivir y trabajar en EE.UU.\" \/>\n<meta name=\"robots\" content=\"index, follow, max-snippet:-1, max-image-preview:large, max-video-preview:-1\" \/>\n<link rel=\"canonical\" href=\"https:\/\/us-gc.net\/es\/\" \/>\n<meta property=\"og:locale\" content=\"es_ES\" \/>\n<meta property=\"og:type\" content=\"article\" \/>\n<meta property=\"og:title\" content=\"Green Card USA | Tarjeta de residente permanente - USA GC\" \/>\n<meta property=\"og:description\" content=\"La Green Card es la tarjeta de residencia permanente en Estados Unidos. Existen varias formas de obtener un permiso de residencia para vivir y trabajar en EE.UU.\" \/>\n<meta property=\"og:url\" content=\"https:\/\/us-gc.net\/es\/\" \/>\n<meta property=\"og:site_name\" content=\"USA GC\" \/>\n<meta property=\"article:modified_time\" content=\"2024-12-30T09:40:07+00:00\" \/>\n<meta property=\"og:image\" content=\"https:\/\/us-gc.net\/wp-content\/uploads\/2024\/05\/Green-card-2024-1.jpg\" \/>\n<meta name=\"twitter:card\" content=\"summary_large_image\" \/>\n<meta name=\"twitter:label1\" content=\"Tiempo de lectura\" \/>\n\t<meta name=\"twitter:data1\" content=\"3 minutos\" \/>\n<script type=\"application\/ld+json\" class=\"yoast-schema-graph\">{\"@context\":\"https:\\\/\\\/schema.org\",\"@graph\":[{\"@type\":\"WebPage\",\"@id\":\"https:\\\/\\\/us-gc.net\\\/es\\\/\",\"url\":\"https:\\\/\\\/us-gc.net\\\/es\\\/\",\"name\":\"Green Card USA | Tarjeta de residente permanente - USA GC\",\"isPartOf\":{\"@id\":\"https:\\\/\\\/us-gc.net\\\/es\\\/#website\"},\"primaryImageOfPage\":{\"@id\":\"https:\\\/\\\/us-gc.net\\\/es\\\/#primaryimage\"},\"image\":{\"@id\":\"https:\\\/\\\/us-gc.net\\\/es\\\/#primaryimage\"},\"thumbnailUrl\":\"https:\\\/\\\/us-gc.net\\\/wp-content\\\/uploads\\\/2024\\\/05\\\/Green-card-2024-1.jpg\",\"datePublished\":\"2024-01-30T17:24:00+00:00\",\"dateModified\":\"2024-12-30T09:40:07+00:00\",\"description\":\"La Green Card es la tarjeta de residencia permanente en Estados Unidos. Existen varias formas de obtener un permiso de residencia para vivir y trabajar en EE.UU.\",\"breadcrumb\":{\"@id\":\"https:\\\/\\\/us-gc.net\\\/es\\\/#breadcrumb\"},\"inLanguage\":\"es\",\"potentialAction\":[{\"@type\":\"ReadAction\",\"target\":[\"https:\\\/\\\/us-gc.net\\\/es\\\/\"]}]},{\"@type\":\"ImageObject\",\"inLanguage\":\"es\",\"@id\":\"https:\\\/\\\/us-gc.net\\\/es\\\/#primaryimage\",\"url\":\"https:\\\/\\\/us-gc.net\\\/wp-content\\\/uploads\\\/2024\\\/05\\\/Green-card-2024-1.jpg\",\"contentUrl\":\"https:\\\/\\\/us-gc.net\\\/wp-content\\\/uploads\\\/2024\\\/05\\\/Green-card-2024-1.jpg\"},{\"@type\":\"BreadcrumbList\",\"@id\":\"https:\\\/\\\/us-gc.net\\\/es\\\/#breadcrumb\",\"itemListElement\":[{\"@type\":\"ListItem\",\"position\":1,\"name\":\"Accueil\",\"item\":\"https:\\\/\\\/us-gc.net\\\/es\\\/green-card\\\/\"},{\"@type\":\"ListItem\",\"position\":2,\"name\":\"Green Card USA | Tarjeta de residente permanente\"}]},{\"@type\":\"WebSite\",\"@id\":\"https:\\\/\\\/us-gc.net\\\/es\\\/#website\",\"url\":\"https:\\\/\\\/us-gc.net\\\/es\\\/\",\"name\":\"USA GC\",\"description\":\"\",\"potentialAction\":[{\"@type\":\"SearchAction\",\"target\":{\"@type\":\"EntryPoint\",\"urlTemplate\":\"https:\\\/\\\/us-gc.net\\\/es\\\/?s={search_term_string}\"},\"query-input\":{\"@type\":\"PropertyValueSpecification\",\"valueRequired\":true,\"valueName\":\"search_term_string\"}}],\"inLanguage\":\"es\"}]}<\/script>\n<!-- \/ Yoast SEO plugin. -->","yoast_head_json":{"title":"Green Card USA | Tarjeta de residente permanente - USA GC","description":"La Green Card es la tarjeta de residencia permanente en Estados Unidos. Existen varias formas de obtener un permiso de residencia para vivir y trabajar en EE.UU.","robots":{"index":"index","follow":"follow","max-snippet":"max-snippet:-1","max-image-preview":"max-image-preview:large","max-video-preview":"max-video-preview:-1"},"canonical":"https:\/\/us-gc.net\/es\/","og_locale":"es_ES","og_type":"article","og_title":"Green Card USA | Tarjeta de residente permanente - USA GC","og_description":"La Green Card es la tarjeta de residencia permanente en Estados Unidos. Existen varias formas de obtener un permiso de residencia para vivir y trabajar en EE.UU.","og_url":"https:\/\/us-gc.net\/es\/","og_site_name":"USA GC","article_modified_time":"2024-12-30T09:40:07+00:00","og_image":[{"url":"https:\/\/us-gc.net\/wp-content\/uploads\/2024\/05\/Green-card-2024-1.jpg","type":"","width":"","height":""}],"twitter_card":"summary_large_image","twitter_misc":{"Tiempo de lectura":"3 minutos"},"schema":{"@context":"https:\/\/schema.org","@graph":[{"@type":"WebPage","@id":"https:\/\/us-gc.net\/es\/","url":"https:\/\/us-gc.net\/es\/","name":"Green Card USA | Tarjeta de residente permanente - USA GC","isPartOf":{"@id":"https:\/\/us-gc.net\/es\/#website"},"primaryImageOfPage":{"@id":"https:\/\/us-gc.net\/es\/#primaryimage"},"image":{"@id":"https:\/\/us-gc.net\/es\/#primaryimage"},"thumbnailUrl":"https:\/\/us-gc.net\/wp-content\/uploads\/2024\/05\/Green-card-2024-1.jpg","datePublished":"2024-01-30T17:24:00+00:00","dateModified":"2024-12-30T09:40:07+00:00","description":"La Green Card es la tarjeta de residencia permanente en Estados Unidos. Existen varias formas de obtener un permiso de residencia para vivir y trabajar en EE.UU.","breadcrumb":{"@id":"https:\/\/us-gc.net\/es\/#breadcrumb"},"inLanguage":"es","potentialAction":[{"@type":"ReadAction","target":["https:\/\/us-gc.net\/es\/"]}]},{"@type":"ImageObject","inLanguage":"es","@id":"https:\/\/us-gc.net\/es\/#primaryimage","url":"https:\/\/us-gc.net\/wp-content\/uploads\/2024\/05\/Green-card-2024-1.jpg","contentUrl":"https:\/\/us-gc.net\/wp-content\/uploads\/2024\/05\/Green-card-2024-1.jpg"},{"@type":"BreadcrumbList","@id":"https:\/\/us-gc.net\/es\/#breadcrumb","itemListElement":[{"@type":"ListItem","position":1,"name":"Accueil","item":"https:\/\/us-gc.net\/es\/green-card\/"},{"@type":"ListItem","position":2,"name":"Green Card USA | Tarjeta de residente permanente"}]},{"@type":"WebSite","@id":"https:\/\/us-gc.net\/es\/#website","url":"https:\/\/us-gc.net\/es\/","name":"USA GC","description":"","potentialAction":[{"@type":"SearchAction","target":{"@type":"EntryPoint","urlTemplate":"https:\/\/us-gc.net\/es\/?s={search_term_string}"},"query-input":{"@type":"PropertyValueSpecification","valueRequired":true,"valueName":"search_term_string"}}],"inLanguage":"es"}]}},"_links":{"self":[{"href":"https:\/\/us-gc.net\/es\/wp-json\/wp\/v2\/pages\/420","targetHints":{"allow":["GET"]}}],"collection":[{"href":"https:\/\/us-gc.net\/es\/wp-json\/wp\/v2\/pages"}],"about":[{"href":"https:\/\/us-gc.net\/es\/wp-json\/wp\/v2\/types\/page"}],"author":[{"embeddable":true,"href":"https:\/\/us-gc.net\/es\/wp-json\/wp\/v2\/users\/1"}],"replies":[{"embeddable":true,"href":"https:\/\/us-gc.net\/es\/wp-json\/wp\/v2\/comments?post=420"}],"version-history":[{"count":1,"href":"https:\/\/us-gc.net\/es\/wp-json\/wp\/v2\/pages\/420\/revisions"}],"predecessor-version":[{"id":7697,"href":"https:\/\/us-gc.net\/es\/wp-json\/wp\/v2\/pages\/420\/revisions\/7697"}],"wp:attachment":[{"href":"https:\/\/us-gc.net\/es\/wp-json\/wp\/v2\/media?parent=420"}],"curies":[{"name":"wp","href":"https:\/\/api.w.org\/{rel}","templated":true}]}}