{"id":3599,"date":"2024-02-13T10:11:47","date_gmt":"2024-02-13T10:11:47","guid":{"rendered":"https:\/\/green-card-usa.net\/loteria-green-card-europa\/"},"modified":"2024-12-30T09:43:02","modified_gmt":"2024-12-30T09:43:02","slug":"loteria-green-card-europa","status":"publish","type":"page","link":"https:\/\/us-gc.net\/es\/loteria-green-card-europa\/","title":{"rendered":"Loter\u00eda de la Carta Verde para ciudadanos europeos"},"content":{"rendered":"\n<h1 class=\"wp-block-heading\" id=\"h-la-loterie-de-la-carte-verte-pour-les-pays-europeens\">Loter\u00eda de la Carta Verde para los pa\u00edses europeos<\/h1>\n\n<p>Cada a\u00f1o, millones de solicitantes participan en la loter\u00eda de la Green Card estadounidense. Hemos recopilado las estad\u00edsticas publicadas por el Departamento de Estado en <a href=\"https:\/\/travel.state.gov\/content\/travel\/en\/us-visas\/immigrate\/diversity-visa-program-entry\/diversity-visa-program-statistics.html\">travel.state.gov<\/a> para ofrecerle las cifras clave de la participaci\u00f3n de ciudadanos europeos en la loter\u00eda de la Carta Verde.<\/p>\n\n<h2 class=\"wp-block-heading\" id=\"h-quelle-est-la-participation-des-europeens-a-la-loterie-de-la-carte-verte\">\u00bfCu\u00e1ntos europeos participan en la loter\u00eda de la Carta Verde?<\/h2>\n\n<p>Alrededor del 30% de los solicitantes de la <a href=\"https:\/\/us-gc.net\/es\/loteria-green-card\/\">loter\u00eda de la Green Card<\/a> han sido ciudadanos de un pa\u00eds europeo en los \u00faltimos a\u00f1os de los que se dispone de estad\u00edsticas.<\/p>\n\n<figure class=\"wp-block-table\"><table><tbody><tr><td><strong>A\u00f1os<\/strong><\/td><td class=\"has-text-align-center\" data-align=\"center\"><strong>2019<\/strong><\/td><td class=\"has-text-align-center\" data-align=\"center\"><strong>2020<\/strong><\/td><td class=\"has-text-align-center\" data-align=\"center\"><strong>2021<\/strong><\/td><\/tr><tr><td>N\u00famero de solicitantes europeos<\/td><td class=\"has-text-align-center\" data-align=\"center\">4 349 555<\/td><td class=\"has-text-align-center\" data-align=\"center\">4 072 324<\/td><td class=\"has-text-align-center\" data-align=\"center\">2 014 089<\/td><\/tr><tr><td>Total de expedientes de registro<\/td><td class=\"has-text-align-center\" data-align=\"center\">14 352 013<\/td><td class=\"has-text-align-center\" data-align=\"center\">14 722 798<\/td><td class=\"has-text-align-center\" data-align=\"center\">6 741 128<\/td><\/tr><tr><td><strong>Porcentaje de inscritos europeos<\/strong><\/td><td class=\"has-text-align-center\" data-align=\"center\"><strong>30%<\/strong><\/td><td class=\"has-text-align-center\" data-align=\"center\"><strong>28%<\/strong><\/td><td class=\"has-text-align-center\" data-align=\"center\"><strong>30%<\/strong><\/td><\/tr><\/tbody><\/table><figcaption class=\"wp-element-caption\">Porcentaje de europeos inscritos en la loter\u00eda de la Carta Verde<\/figcaption><\/figure>\n\n<h2 class=\"wp-block-heading\" id=\"h-quels-sont-les-principaux-pays-d-europe-d-ou-proviennent-les-candidats\">\u00bfCu\u00e1les son los principales pa\u00edses europeos de procedencia de los solicitantes?<\/h2>\n\n<p>He aqu\u00ed el n\u00famero de solicitudes para la loter\u00eda de la Carta Verde en los 20 principales pa\u00edses europeos. Las \u00faltimas cifras publicadas por el Departamento de Estado abarcan los a\u00f1os 2019 a 2021:<\/p>\n\n<figure class=\"wp-block-table\"><table><tbody><tr><td><strong>Pa\u00edses europeos<\/strong><\/td><td class=\"has-text-align-center\" data-align=\"center\"><strong>2019<\/strong><\/td><td class=\"has-text-align-center\" data-align=\"center\"><strong>2020<\/strong><\/td><td class=\"has-text-align-center\" data-align=\"center\"><strong>2021<\/strong><\/td><\/tr><tr><td>Uzbekist\u00e1n<\/td><td class=\"has-text-align-center\" data-align=\"center\">1 813 357<\/td><td class=\"has-text-align-center\" data-align=\"center\">1 674 787<\/td><td class=\"has-text-align-center\" data-align=\"center\">466 480<\/td><\/tr><tr><td>Rusia<\/td><td class=\"has-text-align-center\" data-align=\"center\">240 323<\/td><td class=\"has-text-align-center\" data-align=\"center\">289 910<\/td><td class=\"has-text-align-center\" data-align=\"center\">260 292<\/td><\/tr><tr><td>Ucrania<\/td><td class=\"has-text-align-center\" data-align=\"center\">665 764<\/td><td class=\"has-text-align-center\" data-align=\"center\">586 088<\/td><td class=\"has-text-align-center\" data-align=\"center\">210 570<\/td><\/tr><tr><td>Moldavia<\/td><td class=\"has-text-align-center\" data-align=\"center\">323 102<\/td><td class=\"has-text-align-center\" data-align=\"center\">200 204<\/td><td class=\"has-text-align-center\" data-align=\"center\">135 992<\/td><\/tr><tr><td>Albania<\/td><td class=\"has-text-align-center\" data-align=\"center\">172 817<\/td><td class=\"has-text-align-center\" data-align=\"center\">181 270<\/td><td class=\"has-text-align-center\" data-align=\"center\">128 871<\/td><\/tr><tr><td>Turqu\u00eda<\/td><td class=\"has-text-align-center\" data-align=\"center\">188 579<\/td><td class=\"has-text-align-center\" data-align=\"center\">221 271<\/td><td class=\"has-text-align-center\" data-align=\"center\">128 743<\/td><\/tr><tr><td>Bielorrusia<\/td><td class=\"has-text-align-center\" data-align=\"center\">107 223<\/td><td class=\"has-text-align-center\" data-align=\"center\">98 617<\/td><td class=\"has-text-align-center\" data-align=\"center\">83 001<\/td><\/tr><tr><td>Armenia<\/td><td class=\"has-text-align-center\" data-align=\"center\">102 653<\/td><td class=\"has-text-align-center\" data-align=\"center\">79 628<\/td><td class=\"has-text-align-center\" data-align=\"center\">68 309<\/td><\/tr><tr><td>Kazajst\u00e1n<\/td><td class=\"has-text-align-center\" data-align=\"center\">55 686<\/td><td class=\"has-text-align-center\" data-align=\"center\">82 180<\/td><td class=\"has-text-align-center\" data-align=\"center\">67 593<\/td><\/tr><tr><td>Tayikist\u00e1n<\/td><td class=\"has-text-align-center\" data-align=\"center\">62 581<\/td><td class=\"has-text-align-center\" data-align=\"center\">77 745<\/td><td class=\"has-text-align-center\" data-align=\"center\">63 944<\/td><\/tr><tr><td>Kirguist\u00e1n<\/td><td class=\"has-text-align-center\" data-align=\"center\">46 045<\/td><td class=\"has-text-align-center\" data-align=\"center\">77 540<\/td><td class=\"has-text-align-center\" data-align=\"center\">55 178<\/td><\/tr><tr><td>Azerbaiy\u00e1n<\/td><td class=\"has-text-align-center\" data-align=\"center\">93 736<\/td><td class=\"has-text-align-center\" data-align=\"center\">91 137<\/td><td class=\"has-text-align-center\" data-align=\"center\">52 659<\/td><\/tr><tr><td>Georgia<\/td><td class=\"has-text-align-center\" data-align=\"center\">56 781<\/td><td class=\"has-text-align-center\" data-align=\"center\">61 292<\/td><td class=\"has-text-align-center\" data-align=\"center\">50 272<\/td><\/tr><tr><td>Alemania<\/td><td class=\"has-text-align-center\" data-align=\"center\">45 947<\/td><td class=\"has-text-align-center\" data-align=\"center\">38 618<\/td><td class=\"has-text-align-center\" data-align=\"center\">30 417<\/td><\/tr><tr><td>Turkmenist\u00e1n<\/td><td class=\"has-text-align-center\" data-align=\"center\">15 057<\/td><td class=\"has-text-align-center\" data-align=\"center\">23 362<\/td><td class=\"has-text-align-center\" data-align=\"center\">23 907<\/td><\/tr><tr><td>Italia<\/td><td class=\"has-text-align-center\" data-align=\"center\">35 326<\/td><td class=\"has-text-align-center\" data-align=\"center\">28 947<\/td><td class=\"has-text-align-center\" data-align=\"center\">22 693<\/td><\/tr><tr><td>Francia<\/td><td class=\"has-text-align-center\" data-align=\"center\">34 077<\/td><td class=\"has-text-align-center\" data-align=\"center\">27 304<\/td><td class=\"has-text-align-center\" data-align=\"center\">19 947<\/td><\/tr><tr><td>Polonia<\/td><td class=\"has-text-align-center\" data-align=\"center\">38 539<\/td><td class=\"has-text-align-center\" data-align=\"center\">25 215<\/td><td class=\"has-text-align-center\" data-align=\"center\">16 150<\/td><\/tr><tr><td>Ruman\u00eda<\/td><td class=\"has-text-align-center\" data-align=\"center\">35 367<\/td><td class=\"has-text-align-center\" data-align=\"center\">23 830<\/td><td class=\"has-text-align-center\" data-align=\"center\">15 637<\/td><\/tr><tr><td>Bulgaria<\/td><td class=\"has-text-align-center\" data-align=\"center\">30 649<\/td><td class=\"has-text-align-center\" data-align=\"center\">22 696<\/td><td class=\"has-text-align-center\" data-align=\"center\">14 407<\/td><\/tr><\/tbody><\/table><figcaption class=\"wp-element-caption\">Los principales pa\u00edses europeos por n\u00famero de participantes en la loter\u00eda de la tarjeta verde estadounidense<\/figcaption><\/figure>\n\n<h2 class=\"wp-block-heading\" id=\"h-quels-sont-les-gagnants-a-la-loterie-provenant-de-pays-europeens\">\u00bfQui\u00e9nes son los ganadores de loter\u00eda de los pa\u00edses europeos?<\/h2>\n\n<p>El Departamento de Estado tambi\u00e9n publica el n\u00famero de visados obtenidos cada a\u00f1o a trav\u00e9s del programa de diversidad. Estos <a href=\"https:\/\/us-gc.net\/es\/resultados-loteria-green-card\/\">resultados de loter\u00eda<\/a> se publican por zonas geogr\u00e1ficas y desglosados por pa\u00edses.<\/p>\n\n<p>Este es el n\u00famero de visados obtenidos gracias a la <a href=\"https:\/\/us-gc.net\/es\/loteria-americana-tarjeta-verde\/\">loter\u00eda de la Tarjeta Verde<\/a> para los 20 principales pa\u00edses europeos entre 2018 y 2022:<\/p>\n\n<figure class=\"wp-block-table\"><table><tbody><tr><td><strong>Pa\u00edses europeos<\/strong><\/td><td class=\"has-text-align-center\" data-align=\"center\"><strong>2018<\/strong><\/td><td class=\"has-text-align-center\" data-align=\"center\"><strong>2019<\/strong><\/td><td class=\"has-text-align-center\" data-align=\"center\"><strong>2020<\/strong><\/td><td class=\"has-text-align-center\" data-align=\"center\"><strong>2021<\/strong><\/td><td class=\"has-text-align-center\" data-align=\"center\"><strong>2022<\/strong><\/td><\/tr><tr><td>Rusia<\/td><td class=\"has-text-align-center\" data-align=\"center\">2 175<\/td><td class=\"has-text-align-center\" data-align=\"center\">2 506<\/td><td class=\"has-text-align-center\" data-align=\"center\">947<\/td><td class=\"has-text-align-center\" data-align=\"center\">414<\/td><td class=\"has-text-align-center\" data-align=\"center\">2 784<\/td><\/tr><tr><td>Ucrania<\/td><td class=\"has-text-align-center\" data-align=\"center\">2 653<\/td><td class=\"has-text-align-center\" data-align=\"center\">2 062<\/td><td class=\"has-text-align-center\" data-align=\"center\">1 101<\/td><td class=\"has-text-align-center\" data-align=\"center\">938<\/td><td class=\"has-text-align-center\" data-align=\"center\">2 636<\/td><\/tr><tr><td>Uzbekist\u00e1n<\/td><td class=\"has-text-align-center\" data-align=\"center\">2 058<\/td><td class=\"has-text-align-center\" data-align=\"center\">823<\/td><td class=\"has-text-align-center\" data-align=\"center\">314<\/td><td class=\"has-text-align-center\" data-align=\"center\">89<\/td><td class=\"has-text-align-center\" data-align=\"center\">  2 413<\/td><\/tr><tr><td>Albania<\/td><td class=\"has-text-align-center\" data-align=\"center\">2 630<\/td><td class=\"has-text-align-center\" data-align=\"center\">2 284<\/td><td class=\"has-text-align-center\" data-align=\"center\">460<\/td><td class=\"has-text-align-center\" data-align=\"center\">653<\/td><td class=\"has-text-align-center\" data-align=\"center\">2 054<\/td><\/tr><tr><td>Kirguist\u00e1n<\/td><td class=\"has-text-align-center\" data-align=\"center\">383<\/td><td class=\"has-text-align-center\" data-align=\"center\">383<\/td><td class=\"has-text-align-center\" data-align=\"center\">149<\/td><td class=\"has-text-align-center\" data-align=\"center\">358<\/td><td class=\"has-text-align-center\" data-align=\"center\">1 394<\/td><\/tr><tr><td>Turqu\u00eda<\/td><td class=\"has-text-align-center\" data-align=\"center\">1 821<\/td><td class=\"has-text-align-center\" data-align=\"center\">1 387<\/td><td class=\"has-text-align-center\" data-align=\"center\">708<\/td><td class=\"has-text-align-center\" data-align=\"center\">588<\/td><td class=\"has-text-align-center\" data-align=\"center\">1 330<\/td><\/tr><tr><td>Armenia<\/td><td class=\"has-text-align-center\" data-align=\"center\">1 662<\/td><td class=\"has-text-align-center\" data-align=\"center\">1 313<\/td><td class=\"has-text-align-center\" data-align=\"center\">373<\/td><td class=\"has-text-align-center\" data-align=\"center\">133<\/td><td class=\"has-text-align-center\" data-align=\"center\">1 308<\/td><\/tr><tr><td>Georgia<\/td><td class=\"has-text-align-center\" data-align=\"center\">676<\/td><td class=\"has-text-align-center\" data-align=\"center\">662<\/td><td class=\"has-text-align-center\" data-align=\"center\">399<\/td><td class=\"has-text-align-center\" data-align=\"center\">265<\/td><td class=\"has-text-align-center\" data-align=\"center\">1 290<\/td><\/tr><tr><td>Kazajst\u00e1n<\/td><td class=\"has-text-align-center\" data-align=\"center\">514<\/td><td class=\"has-text-align-center\" data-align=\"center\">576<\/td><td class=\"has-text-align-center\" data-align=\"center\">392<\/td><td class=\"has-text-align-center\" data-align=\"center\">325<\/td><td class=\"has-text-align-center\" data-align=\"center\">865<\/td><\/tr><tr><td>Bielorrusia<\/td><td class=\"has-text-align-center\" data-align=\"center\">828<\/td><td class=\"has-text-align-center\" data-align=\"center\">929<\/td><td class=\"has-text-align-center\" data-align=\"center\">361<\/td><td class=\"has-text-align-center\" data-align=\"center\">503<\/td><td class=\"has-text-align-center\" data-align=\"center\">863<\/td><\/tr><tr><td>Tayikist\u00e1n<\/td><td class=\"has-text-align-center\" data-align=\"center\">698<\/td><td class=\"has-text-align-center\" data-align=\"center\">919<\/td><td class=\"has-text-align-center\" data-align=\"center\">159<\/td><td class=\"has-text-align-center\" data-align=\"center\">243<\/td><td class=\"has-text-align-center\" data-align=\"center\">723<\/td><\/tr><tr><td>Azerbaiy\u00e1n<\/td><td class=\"has-text-align-center\" data-align=\"center\">508<\/td><td class=\"has-text-align-center\" data-align=\"center\">822<\/td><td class=\"has-text-align-center\" data-align=\"center\">189<\/td><td class=\"has-text-align-center\" data-align=\"center\">188<\/td><td class=\"has-text-align-center\" data-align=\"center\">720<\/td><\/tr><tr><td>Turkmenist\u00e1n<\/td><td class=\"has-text-align-center\" data-align=\"center\">157<\/td><td class=\"has-text-align-center\" data-align=\"center\">177<\/td><td class=\"has-text-align-center\" data-align=\"center\">61<\/td><td class=\"has-text-align-center\" data-align=\"center\">235<\/td><td class=\"has-text-align-center\" data-align=\"center\">547<\/td><\/tr><tr><td>Moldavia<\/td><td class=\"has-text-align-center\" data-align=\"center\">574<\/td><td class=\"has-text-align-center\" data-align=\"center\">626<\/td><td class=\"has-text-align-center\" data-align=\"center\">226<\/td><td class=\"has-text-align-center\" data-align=\"center\">168<\/td><td class=\"has-text-align-center\" data-align=\"center\">481<\/td><\/tr><tr><td>Alemania<\/td><td class=\"has-text-align-center\" data-align=\"center\">311<\/td><td class=\"has-text-align-center\" data-align=\"center\">203<\/td><td class=\"has-text-align-center\" data-align=\"center\">92<\/td><td class=\"has-text-align-center\" data-align=\"center\">88<\/td><td class=\"has-text-align-center\" data-align=\"center\">309<\/td><\/tr><tr><td>Kosovo<\/td><td class=\"has-text-align-center\" data-align=\"center\">230<\/td><td class=\"has-text-align-center\" data-align=\"center\">232<\/td><td class=\"has-text-align-center\" data-align=\"center\">113<\/td><td class=\"has-text-align-center\" data-align=\"center\">114<\/td><td class=\"has-text-align-center\" data-align=\"center\">295<\/td><\/tr><tr><td>Macedonia del Norte<\/td><td class=\"has-text-align-center\" data-align=\"center\">284<\/td><td class=\"has-text-align-center\" data-align=\"center\">194<\/td><td class=\"has-text-align-center\" data-align=\"center\">61<\/td><td class=\"has-text-align-center\" data-align=\"center\">61<\/td><td class=\"has-text-align-center\" data-align=\"center\">224<\/td><\/tr><tr><td>Polonia<\/td><td class=\"has-text-align-center\" data-align=\"center\">277<\/td><td class=\"has-text-align-center\" data-align=\"center\">215<\/td><td class=\"has-text-align-center\" data-align=\"center\">37<\/td><td class=\"has-text-align-center\" data-align=\"center\">92<\/td><td class=\"has-text-align-center\" data-align=\"center\">192<\/td><\/tr><tr><td>Ruman\u00eda<\/td><td class=\"has-text-align-center\" data-align=\"center\">199<\/td><td class=\"has-text-align-center\" data-align=\"center\">242<\/td><td class=\"has-text-align-center\" data-align=\"center\">94<\/td><td class=\"has-text-align-center\" data-align=\"center\">106<\/td><td class=\"has-text-align-center\" data-align=\"center\">188<\/td><\/tr><tr><td>Italia<\/td><td class=\"has-text-align-center\" data-align=\"center\">162<\/td><td class=\"has-text-align-center\" data-align=\"center\">141<\/td><td class=\"has-text-align-center\" data-align=\"center\">66<\/td><td class=\"has-text-align-center\" data-align=\"center\">120<\/td><td class=\"has-text-align-center\" data-align=\"center\">161<\/td><\/tr><\/tbody><\/table><figcaption class=\"wp-element-caption\">N\u00famero de visados expedidos en el marco del <a href=\"https:\/\/us-gc.net\/es\/diversity-visa-program\/\">Programa de Visados de Diversidad<\/a> para los principales pa\u00edses europeos<\/figcaption><\/figure>\n\n<p><\/p>\n","protected":false},"excerpt":{"rendered":"<p>Loter\u00eda de la Carta Verde para los pa\u00edses europeos Cada a\u00f1o, millones de solicitantes participan en la loter\u00eda de la Green Card estadounidense. Hemos recopilado las estad\u00edsticas publicadas por el Departamento de Estado en travel.state.gov para ofrecerle las cifras clave de la participaci\u00f3n de ciudadanos europeos en la loter\u00eda de la Carta Verde. \u00bfCu\u00e1ntos europeos [&hellip;]<\/p>\n","protected":false},"author":1,"featured_media":0,"parent":0,"menu_order":0,"comment_status":"closed","ping_status":"closed","template":"","meta":{"footnotes":""},"class_list":["post-3599","page","type-page","status-publish","hentry"],"yoast_head":"<!-- This site is optimized with the Yoast SEO plugin v27.4 - https:\/\/yoast.com\/product\/yoast-seo-wordpress\/ -->\n<title>Loter\u00eda de la Carta Verde para ciudadanos europeos - USA GC<\/title>\n<meta name=\"description\" content=\"Participaci\u00f3n de ciudadanos europeos en la loter\u00eda de la tarjeta verde estadounidense en los \u00faltimos a\u00f1os\" \/>\n<meta name=\"robots\" content=\"index, follow, max-snippet:-1, max-image-preview:large, max-video-preview:-1\" \/>\n<link rel=\"canonical\" href=\"https:\/\/us-gc.net\/es\/loteria-green-card-europa\/\" \/>\n<meta property=\"og:locale\" content=\"es_ES\" \/>\n<meta property=\"og:type\" content=\"article\" \/>\n<meta property=\"og:title\" content=\"Loter\u00eda de la Carta Verde para ciudadanos europeos - USA GC\" \/>\n<meta property=\"og:description\" content=\"Participaci\u00f3n de ciudadanos europeos en la loter\u00eda de la tarjeta verde estadounidense en los \u00faltimos a\u00f1os\" \/>\n<meta property=\"og:url\" content=\"https:\/\/us-gc.net\/es\/loteria-green-card-europa\/\" \/>\n<meta property=\"og:site_name\" content=\"USA GC\" \/>\n<meta property=\"article:modified_time\" content=\"2024-12-30T09:43:02+00:00\" \/>\n<meta name=\"twitter:card\" content=\"summary_large_image\" \/>\n<meta name=\"twitter:label1\" content=\"Tiempo de lectura\" \/>\n\t<meta name=\"twitter:data1\" content=\"2 minutos\" \/>\n<script type=\"application\/ld+json\" class=\"yoast-schema-graph\">{\"@context\":\"https:\\\/\\\/schema.org\",\"@graph\":[{\"@type\":\"WebPage\",\"@id\":\"https:\\\/\\\/us-gc.net\\\/es\\\/loteria-green-card-europa\\\/\",\"url\":\"https:\\\/\\\/us-gc.net\\\/es\\\/loteria-green-card-europa\\\/\",\"name\":\"Loter\u00eda de la Carta Verde para ciudadanos europeos - USA GC\",\"isPartOf\":{\"@id\":\"https:\\\/\\\/us-gc.net\\\/es\\\/#website\"},\"datePublished\":\"2024-02-13T10:11:47+00:00\",\"dateModified\":\"2024-12-30T09:43:02+00:00\",\"description\":\"Participaci\u00f3n de ciudadanos europeos en la loter\u00eda de la tarjeta verde estadounidense en los \u00faltimos a\u00f1os\",\"breadcrumb\":{\"@id\":\"https:\\\/\\\/us-gc.net\\\/es\\\/loteria-green-card-europa\\\/#breadcrumb\"},\"inLanguage\":\"es\",\"potentialAction\":[{\"@type\":\"ReadAction\",\"target\":[\"https:\\\/\\\/us-gc.net\\\/es\\\/loteria-green-card-europa\\\/\"]}]},{\"@type\":\"BreadcrumbList\",\"@id\":\"https:\\\/\\\/us-gc.net\\\/es\\\/loteria-green-card-europa\\\/#breadcrumb\",\"itemListElement\":[{\"@type\":\"ListItem\",\"position\":1,\"name\":\"Accueil\",\"item\":\"https:\\\/\\\/us-gc.net\\\/es\\\/green-card\\\/\"},{\"@type\":\"ListItem\",\"position\":2,\"name\":\"Loter\u00eda de la Carta Verde para ciudadanos europeos\"}]},{\"@type\":\"WebSite\",\"@id\":\"https:\\\/\\\/us-gc.net\\\/es\\\/#website\",\"url\":\"https:\\\/\\\/us-gc.net\\\/es\\\/\",\"name\":\"USA GC\",\"description\":\"\",\"potentialAction\":[{\"@type\":\"SearchAction\",\"target\":{\"@type\":\"EntryPoint\",\"urlTemplate\":\"https:\\\/\\\/us-gc.net\\\/es\\\/?s={search_term_string}\"},\"query-input\":{\"@type\":\"PropertyValueSpecification\",\"valueRequired\":true,\"valueName\":\"search_term_string\"}}],\"inLanguage\":\"es\"}]}<\/script>\n<!-- \/ Yoast SEO plugin. -->","yoast_head_json":{"title":"Loter\u00eda de la Carta Verde para ciudadanos europeos - USA GC","description":"Participaci\u00f3n de ciudadanos europeos en la loter\u00eda de la tarjeta verde estadounidense en los \u00faltimos a\u00f1os","robots":{"index":"index","follow":"follow","max-snippet":"max-snippet:-1","max-image-preview":"max-image-preview:large","max-video-preview":"max-video-preview:-1"},"canonical":"https:\/\/us-gc.net\/es\/loteria-green-card-europa\/","og_locale":"es_ES","og_type":"article","og_title":"Loter\u00eda de la Carta Verde para ciudadanos europeos - USA GC","og_description":"Participaci\u00f3n de ciudadanos europeos en la loter\u00eda de la tarjeta verde estadounidense en los \u00faltimos a\u00f1os","og_url":"https:\/\/us-gc.net\/es\/loteria-green-card-europa\/","og_site_name":"USA GC","article_modified_time":"2024-12-30T09:43:02+00:00","twitter_card":"summary_large_image","twitter_misc":{"Tiempo de lectura":"2 minutos"},"schema":{"@context":"https:\/\/schema.org","@graph":[{"@type":"WebPage","@id":"https:\/\/us-gc.net\/es\/loteria-green-card-europa\/","url":"https:\/\/us-gc.net\/es\/loteria-green-card-europa\/","name":"Loter\u00eda de la Carta Verde para ciudadanos europeos - USA GC","isPartOf":{"@id":"https:\/\/us-gc.net\/es\/#website"},"datePublished":"2024-02-13T10:11:47+00:00","dateModified":"2024-12-30T09:43:02+00:00","description":"Participaci\u00f3n de ciudadanos europeos en la loter\u00eda de la tarjeta verde estadounidense en los \u00faltimos a\u00f1os","breadcrumb":{"@id":"https:\/\/us-gc.net\/es\/loteria-green-card-europa\/#breadcrumb"},"inLanguage":"es","potentialAction":[{"@type":"ReadAction","target":["https:\/\/us-gc.net\/es\/loteria-green-card-europa\/"]}]},{"@type":"BreadcrumbList","@id":"https:\/\/us-gc.net\/es\/loteria-green-card-europa\/#breadcrumb","itemListElement":[{"@type":"ListItem","position":1,"name":"Accueil","item":"https:\/\/us-gc.net\/es\/green-card\/"},{"@type":"ListItem","position":2,"name":"Loter\u00eda de la Carta Verde para ciudadanos europeos"}]},{"@type":"WebSite","@id":"https:\/\/us-gc.net\/es\/#website","url":"https:\/\/us-gc.net\/es\/","name":"USA GC","description":"","potentialAction":[{"@type":"SearchAction","target":{"@type":"EntryPoint","urlTemplate":"https:\/\/us-gc.net\/es\/?s={search_term_string}"},"query-input":{"@type":"PropertyValueSpecification","valueRequired":true,"valueName":"search_term_string"}}],"inLanguage":"es"}]}},"_links":{"self":[{"href":"https:\/\/us-gc.net\/es\/wp-json\/wp\/v2\/pages\/3599","targetHints":{"allow":["GET"]}}],"collection":[{"href":"https:\/\/us-gc.net\/es\/wp-json\/wp\/v2\/pages"}],"about":[{"href":"https:\/\/us-gc.net\/es\/wp-json\/wp\/v2\/types\/page"}],"author":[{"embeddable":true,"href":"https:\/\/us-gc.net\/es\/wp-json\/wp\/v2\/users\/1"}],"replies":[{"embeddable":true,"href":"https:\/\/us-gc.net\/es\/wp-json\/wp\/v2\/comments?post=3599"}],"version-history":[{"count":1,"href":"https:\/\/us-gc.net\/es\/wp-json\/wp\/v2\/pages\/3599\/revisions"}],"predecessor-version":[{"id":7831,"href":"https:\/\/us-gc.net\/es\/wp-json\/wp\/v2\/pages\/3599\/revisions\/7831"}],"wp:attachment":[{"href":"https:\/\/us-gc.net\/es\/wp-json\/wp\/v2\/media?parent=3599"}],"curies":[{"name":"wp","href":"https:\/\/api.w.org\/{rel}","templated":true}]}}