{"id":2199,"date":"2024-02-13T15:26:40","date_gmt":"2024-02-13T15:26:40","guid":{"rendered":"https:\/\/green-card-usa.net\/loteria-green-card-paises-africa\/"},"modified":"2024-12-30T09:44:29","modified_gmt":"2024-12-30T09:44:29","slug":"loteria-green-card-paises-africa","status":"publish","type":"page","link":"https:\/\/us-gc.net\/es\/loteria-green-card-paises-africa\/","title":{"rendered":"Loter\u00eda de la Green Card para pa\u00edses africanos"},"content":{"rendered":"\n<h1 class=\"wp-block-heading\" id=\"h-les-pays-d-afrique-a-la-loterie-de-la-carte-verte-americaine\">Pa\u00edses africanos en la loter\u00eda de la Tarjeta Verde de EE.UU.<\/h1>\n\n<p>Cada a\u00f1o, millones de solicitantes participan en la loter\u00eda de la Green Card estadounidense. Hemos recopilado las estad\u00edsticas publicadas por el Departamento de Estado en <a href=\"https:\/\/travel.state.gov\/content\/travel\/en\/us-visas\/immigrate\/diversity-visa-program-entry\/diversity-visa-program-statistics.html\">travel.state.gov<\/a> para ofrecerle las cifras clave de la participaci\u00f3n de ciudadanos africanos en la loter\u00eda de la Tarjeta Verde.<\/p>\n\n<h2 class=\"wp-block-heading\" id=\"h-quelle-est-la-participation-des-africains-a-la-loterie\">\u00bfCu\u00e1ntos africanos participan en la loter\u00eda?<\/h2>\n\n<p>Alrededor del 50% de los solicitantes de la <a href=\"https:\/\/us-gc.net\/es\/loteria-green-card\/\">loter\u00eda de la Tarjeta Verde<\/a> han sido ciudadanos de un pa\u00eds africano en los \u00faltimos a\u00f1os de los que se dispone de estad\u00edsticas.<\/p>\n\n<figure class=\"wp-block-table\"><table><tbody><tr><td><strong>A\u00f1os<\/strong><\/td><td class=\"has-text-align-center\" data-align=\"center\"><strong>2019<\/strong><\/td><td class=\"has-text-align-center\" data-align=\"center\"><strong>2020<\/strong><\/td><td class=\"has-text-align-center\" data-align=\"center\"><strong>2021<\/strong><\/td><\/tr><tr><td>N\u00famero de inscritos africanos<\/td><td class=\"has-text-align-center\" data-align=\"center\">7 832 894<\/td><td class=\"has-text-align-center\" data-align=\"center\">8 145 390<\/td><td class=\"has-text-align-center\" data-align=\"center\">3 100 982<\/td><\/tr><tr><td>Total de expedientes de registro<\/td><td class=\"has-text-align-center\" data-align=\"center\">14 352 013<\/td><td class=\"has-text-align-center\" data-align=\"center\">14 722 798<\/td><td class=\"has-text-align-center\" data-align=\"center\">6 741 128<\/td><\/tr><tr><td><strong>Cuota de inscritos africanos<\/strong><\/td><td class=\"has-text-align-center\" data-align=\"center\"><strong>55%<\/strong><\/td><td class=\"has-text-align-center\" data-align=\"center\"><strong>55%<\/strong><\/td><td class=\"has-text-align-center\" data-align=\"center\"><strong>46%<\/strong><\/td><\/tr><\/tbody><\/table><figcaption class=\"wp-element-caption\">Porcentaje de africanos inscritos en el sorteo de la Tarjeta Verde<\/figcaption><\/figure>\n\n<h2 class=\"wp-block-heading\" id=\"h-quels-sont-les-principaux-pays-d-afrique-d-ou-proviennent-les-candidats\">\u00bfCu\u00e1les son los principales pa\u00edses africanos de procedencia de los solicitantes?<\/h2>\n\n<p>He aqu\u00ed el n\u00famero de solicitudes de la loter\u00eda de la Carta Verde para los 20 principales pa\u00edses africanos. Las \u00faltimas cifras publicadas por el Departamento de Estado abarcan los a\u00f1os 2019 a 2021:<\/p>\n\n<figure class=\"wp-block-table\"><table><tbody><tr><td><strong>Pa\u00edses africanos<\/strong><\/td><td class=\"has-text-align-center\" data-align=\"center\"><strong>2019<\/strong><\/td><td class=\"has-text-align-center\" data-align=\"center\"><strong>2020<\/strong><\/td><td class=\"has-text-align-center\" data-align=\"center\"><strong>2021<\/strong><\/td><\/tr><tr><td>Congo Kinshasa<\/td><td class=\"has-text-align-center\" data-align=\"center\">617 573<\/td><td class=\"has-text-align-center\" data-align=\"center\">924 918<\/td><td class=\"has-text-align-center\" data-align=\"center\">593 917<\/td><\/tr><tr><td>Etiop\u00eda<\/td><td class=\"has-text-align-center\" data-align=\"center\">781 945<\/td><td class=\"has-text-align-center\" data-align=\"center\">775 252<\/td><td class=\"has-text-align-center\" data-align=\"center\">401 661<\/td><\/tr><tr><td>Egipto<\/td><td class=\"has-text-align-center\" data-align=\"center\">525 593<\/td><td class=\"has-text-align-center\" data-align=\"center\">525 717<\/td><td class=\"has-text-align-center\" data-align=\"center\">327 401<\/td><\/tr><tr><td>Ghana<\/td><td class=\"has-text-align-center\" data-align=\"center\">2 010 531<\/td><td class=\"has-text-align-center\" data-align=\"center\">1 905 520<\/td><td class=\"has-text-align-center\" data-align=\"center\">298 151<\/td><\/tr><tr><td>Sud\u00e1n<\/td><td class=\"has-text-align-center\" data-align=\"center\">276 827<\/td><td class=\"has-text-align-center\" data-align=\"center\">327 475<\/td><td class=\"has-text-align-center\" data-align=\"center\">232 832<\/td><\/tr><tr><td>Argelia<\/td><td class=\"has-text-align-center\" data-align=\"center\">227 019<\/td><td class=\"has-text-align-center\" data-align=\"center\">252 684<\/td><td class=\"has-text-align-center\" data-align=\"center\">221 212<\/td><\/tr><tr><td>Marruecos<\/td><td class=\"has-text-align-center\" data-align=\"center\">203 581<\/td><td class=\"has-text-align-center\" data-align=\"center\">253 336<\/td><td class=\"has-text-align-center\" data-align=\"center\">161 349<\/td><\/tr><tr><td>Camer\u00fan<\/td><td class=\"has-text-align-center\" data-align=\"center\">310 373<\/td><td class=\"has-text-align-center\" data-align=\"center\">310 802<\/td><td class=\"has-text-align-center\" data-align=\"center\">150 970<\/td><\/tr><tr><td>Kenia<\/td><td class=\"has-text-align-center\" data-align=\"center\">322 307<\/td><td class=\"has-text-align-center\" data-align=\"center\">398 959<\/td><td class=\"has-text-align-center\" data-align=\"center\">102 018<\/td><\/tr><tr><td>Ben\u00edn<\/td><td class=\"has-text-align-center\" data-align=\"center\">128 911<\/td><td class=\"has-text-align-center\" data-align=\"center\">150 386<\/td><td class=\"has-text-align-center\" data-align=\"center\">92 847<\/td><\/tr><tr><td>Liberia<\/td><td class=\"has-text-align-center\" data-align=\"center\">438 333<\/td><td class=\"has-text-align-center\" data-align=\"center\">459 005<\/td><td class=\"has-text-align-center\" data-align=\"center\">71 724<\/td><\/tr><tr><td>Togo<\/td><td class=\"has-text-align-center\" data-align=\"center\">231 564<\/td><td class=\"has-text-align-center\" data-align=\"center\">259 819<\/td><td class=\"has-text-align-center\" data-align=\"center\">68 994<\/td><\/tr><tr><td>Sierra Leona<\/td><td class=\"has-text-align-center\" data-align=\"center\">1 005 370<\/td><td class=\"has-text-align-center\" data-align=\"center\">947 803<\/td><td class=\"has-text-align-center\" data-align=\"center\">57 779<\/td><\/tr><tr><td>Guinea<\/td><td class=\"has-text-align-center\" data-align=\"center\">179 735<\/td><td class=\"has-text-align-center\" data-align=\"center\">142 008<\/td><td class=\"has-text-align-center\" data-align=\"center\">47 607<\/td><\/tr><tr><td>Costa de Marfil<\/td><td class=\"has-text-align-center\" data-align=\"center\">160 790<\/td><td class=\"has-text-align-center\" data-align=\"center\">145 913<\/td><td class=\"has-text-align-center\" data-align=\"center\">35 090<\/td><\/tr><tr><td>Uganda<\/td><td class=\"has-text-align-center\" data-align=\"center\">33 460<\/td><td class=\"has-text-align-center\" data-align=\"center\">37 079<\/td><td class=\"has-text-align-center\" data-align=\"center\">26 852<\/td><\/tr><tr><td>Ruanda<\/td><td class=\"has-text-align-center\" data-align=\"center\">41 526<\/td><td class=\"has-text-align-center\" data-align=\"center\">50 711<\/td><td class=\"has-text-align-center\" data-align=\"center\">26 612<\/td><\/tr><tr><td>Congo Brazzaville<\/td><td class=\"has-text-align-center\" data-align=\"center\">21 793<\/td><td class=\"has-text-align-center\" data-align=\"center\">25 592<\/td><td class=\"has-text-align-center\" data-align=\"center\">21 958<\/td><\/tr><tr><td>Senegal<\/td><td class=\"has-text-align-center\" data-align=\"center\">44 785<\/td><td class=\"has-text-align-center\" data-align=\"center\">33 063<\/td><td class=\"has-text-align-center\" data-align=\"center\">16 920<\/td><\/tr><tr><td>Eritrea<\/td><td class=\"has-text-align-center\" data-align=\"center\">26 121<\/td><td class=\"has-text-align-center\" data-align=\"center\">17 872<\/td><td class=\"has-text-align-center\" data-align=\"center\">16 610<\/td><\/tr><\/tbody><\/table><figcaption class=\"wp-element-caption\">Los principales pa\u00edses africanos por n\u00famero de participantes en la loter\u00eda de la tarjeta verde estadounidense<\/figcaption><\/figure>\n\n<h2 class=\"wp-block-heading\" id=\"h-quels-sont-les-gagnants-a-la-loterie-provenant-de-pays-d-afrique\">\u00bfQui\u00e9nes son los ganadores de loter\u00eda de los pa\u00edses africanos?<\/h2>\n\n<p>El Departamento de Estado tambi\u00e9n publica el n\u00famero de visados obtenidos cada a\u00f1o a trav\u00e9s del programa de diversidad. Estos <a href=\"https:\/\/us-gc.net\/es\/resultados-loteria-green-card\/\">resultados de loter\u00eda<\/a> se publican por zonas geogr\u00e1ficas y desglosados por pa\u00edses.<\/p>\n\n<p>He aqu\u00ed el n\u00famero de visados obtenidos mediante la <a href=\"https:\/\/us-gc.net\/es\/loteria-americana-tarjeta-verde\/\">loter\u00eda de la Tarjeta Verde<\/a> para los 20 principales pa\u00edses africanos entre 2018 y 2022:<\/p>\n\n<figure class=\"wp-block-table\"><table><tbody><tr><td><strong>Pa\u00edses africanos<\/strong><\/td><td class=\"has-text-align-center\" data-align=\"center\"><strong>2018<\/strong><\/td><td class=\"has-text-align-center\" data-align=\"center\"><strong>2019<\/strong><\/td><td class=\"has-text-align-center\" data-align=\"center\"><strong>2020<\/strong><\/td><td class=\"has-text-align-center\" data-align=\"center\"><strong>2021<\/strong><\/td><td class=\"has-text-align-center\" data-align=\"center\"><strong>2022<\/strong><\/td><\/tr><tr><td>Marruecos<\/td><td class=\"has-text-align-center\" data-align=\"center\">1011<\/td><td class=\"has-text-align-center\" data-align=\"center\">1132<\/td><td class=\"has-text-align-center\" data-align=\"center\">719<\/td><td class=\"has-text-align-center\" data-align=\"center\">1126<\/td><td class=\"has-text-align-center\" data-align=\"center\">2559<\/td><\/tr><tr><td>Argelia<\/td><td class=\"has-text-align-center\" data-align=\"center\">1346<\/td><td class=\"has-text-align-center\" data-align=\"center\">1649<\/td><td class=\"has-text-align-center\" data-align=\"center\">783<\/td><td class=\"has-text-align-center\" data-align=\"center\">814<\/td><td class=\"has-text-align-center\" data-align=\"center\">2380<\/td><\/tr><tr><td>Egipto<\/td><td class=\"has-text-align-center\" data-align=\"center\">3466<\/td><td class=\"has-text-align-center\" data-align=\"center\">3312<\/td><td class=\"has-text-align-center\" data-align=\"center\">1297<\/td><td class=\"has-text-align-center\" data-align=\"center\">447<\/td><td class=\"has-text-align-center\" data-align=\"center\">2147<\/td><\/tr><tr><td>Camer\u00fan<\/td><td class=\"has-text-align-center\" data-align=\"center\">1626<\/td><td class=\"has-text-align-center\" data-align=\"center\">1661<\/td><td class=\"has-text-align-center\" data-align=\"center\">460<\/td><td class=\"has-text-align-center\" data-align=\"center\">653<\/td><td class=\"has-text-align-center\" data-align=\"center\">1705<\/td><\/tr><tr><td>Sud\u00e1n<\/td><td class=\"has-text-align-center\" data-align=\"center\">1680<\/td><td class=\"has-text-align-center\" data-align=\"center\">1548<\/td><td class=\"has-text-align-center\" data-align=\"center\">403<\/td><td class=\"has-text-align-center\" data-align=\"center\">249<\/td><td class=\"has-text-align-center\" data-align=\"center\">1704<\/td><\/tr><tr><td>Kenia<\/td><td class=\"has-text-align-center\" data-align=\"center\">1220<\/td><td class=\"has-text-align-center\" data-align=\"center\">1207<\/td><td class=\"has-text-align-center\" data-align=\"center\">393<\/td><td class=\"has-text-align-center\" data-align=\"center\">278<\/td><td class=\"has-text-align-center\" data-align=\"center\">1157<\/td><\/tr><tr><td>Congo Kinshasa<\/td><td class=\"has-text-align-center\" data-align=\"center\">2874<\/td><td class=\"has-text-align-center\" data-align=\"center\">3096<\/td><td class=\"has-text-align-center\" data-align=\"center\">478<\/td><td class=\"has-text-align-center\" data-align=\"center\">592<\/td><td class=\"has-text-align-center\" data-align=\"center\">903<\/td><\/tr><tr><td>Togo<\/td><td class=\"has-text-align-center\" data-align=\"center\">664<\/td><td class=\"has-text-align-center\" data-align=\"center\">757<\/td><td class=\"has-text-align-center\" data-align=\"center\">208<\/td><td class=\"has-text-align-center\" data-align=\"center\">186<\/td><td class=\"has-text-align-center\" data-align=\"center\">838<\/td><\/tr><tr><td>Ruanda<\/td><td class=\"has-text-align-center\" data-align=\"center\">277<\/td><td class=\"has-text-align-center\" data-align=\"center\">338<\/td><td class=\"has-text-align-center\" data-align=\"center\">115<\/td><td class=\"has-text-align-center\" data-align=\"center\">155<\/td><td class=\"has-text-align-center\" data-align=\"center\">661<\/td><\/tr><tr><td>Etiop\u00eda<\/td><td class=\"has-text-align-center\" data-align=\"center\">2106<\/td><td class=\"has-text-align-center\" data-align=\"center\">1696<\/td><td class=\"has-text-align-center\" data-align=\"center\">339<\/td><td class=\"has-text-align-center\" data-align=\"center\">67<\/td><td class=\"has-text-align-center\" data-align=\"center\">621<\/td><\/tr><tr><td>Liberia<\/td><td class=\"has-text-align-center\" data-align=\"center\">1249<\/td><td class=\"has-text-align-center\" data-align=\"center\">653<\/td><td class=\"has-text-align-center\" data-align=\"center\">89<\/td><td class=\"has-text-align-center\" data-align=\"center\">46<\/td><td class=\"has-text-align-center\" data-align=\"center\">531<\/td><\/tr><tr><td>Costa de Marfil<\/td><td class=\"has-text-align-center\" data-align=\"center\">386<\/td><td class=\"has-text-align-center\" data-align=\"center\">424<\/td><td class=\"has-text-align-center\" data-align=\"center\">76<\/td><td class=\"has-text-align-center\" data-align=\"center\">144<\/td><td class=\"has-text-align-center\" data-align=\"center\">383<\/td><\/tr><tr><td>Guinea<\/td><td class=\"has-text-align-center\" data-align=\"center\">155<\/td><td class=\"has-text-align-center\" data-align=\"center\">300<\/td><td class=\"has-text-align-center\" data-align=\"center\">38<\/td><td class=\"has-text-align-center\" data-align=\"center\">41<\/td><td class=\"has-text-align-center\" data-align=\"center\">377<\/td><\/tr><tr><td>Ghana<\/td><td class=\"has-text-align-center\" data-align=\"center\">777<\/td><td class=\"has-text-align-center\" data-align=\"center\">640<\/td><td class=\"has-text-align-center\" data-align=\"center\">111<\/td><td class=\"has-text-align-center\" data-align=\"center\">229<\/td><td class=\"has-text-align-center\" data-align=\"center\">355<\/td><\/tr><tr><td>Angola<\/td><td class=\"has-text-align-center\" data-align=\"center\">20<\/td><td class=\"has-text-align-center\" data-align=\"center\">60<\/td><td class=\"has-text-align-center\" data-align=\"center\">9<\/td><td class=\"has-text-align-center\" data-align=\"center\">17<\/td><td class=\"has-text-align-center\" data-align=\"center\">293<\/td><\/tr><tr><td>Ben\u00edn<\/td><td class=\"has-text-align-center\" data-align=\"center\">237<\/td><td class=\"has-text-align-center\" data-align=\"center\">364<\/td><td class=\"has-text-align-center\" data-align=\"center\">92<\/td><td class=\"has-text-align-center\" data-align=\"center\">58<\/td><td class=\"has-text-align-center\" data-align=\"center\">266<\/td><\/tr><tr><td>Sud\u00e1frica<\/td><td class=\"has-text-align-center\" data-align=\"center\">175<\/td><td class=\"has-text-align-center\" data-align=\"center\">180<\/td><td class=\"has-text-align-center\" data-align=\"center\">38<\/td><td class=\"has-text-align-center\" data-align=\"center\">106<\/td><td class=\"has-text-align-center\" data-align=\"center\">266<\/td><\/tr><tr><td>Sierra Leona<\/td><td class=\"has-text-align-center\" data-align=\"center\">119<\/td><td class=\"has-text-align-center\" data-align=\"center\">172<\/td><td class=\"has-text-align-center\" data-align=\"center\">13<\/td><td class=\"has-text-align-center\" data-align=\"center\">70<\/td><td class=\"has-text-align-center\" data-align=\"center\">207<\/td><\/tr><tr><td>Uganda<\/td><td class=\"has-text-align-center\" data-align=\"center\">177<\/td><td class=\"has-text-align-center\" data-align=\"center\">133<\/td><td class=\"has-text-align-center\" data-align=\"center\">64<\/td><td class=\"has-text-align-center\" data-align=\"center\">69<\/td><td class=\"has-text-align-center\" data-align=\"center\">206<\/td><\/tr><tr><td>Libia<\/td><td class=\"has-text-align-center\" data-align=\"center\">47<\/td><td class=\"has-text-align-center\" data-align=\"center\">72<\/td><td class=\"has-text-align-center\" data-align=\"center\">24<\/td><td class=\"has-text-align-center\" data-align=\"center\">59<\/td><td class=\"has-text-align-center\" data-align=\"center\">192<\/td><\/tr><\/tbody><\/table><figcaption class=\"wp-element-caption\">N\u00famero de visados expedidos por el <a href=\"https:\/\/us-gc.net\/es\/diversity-visa-program\/\">Programa de Visados de Diversidad<\/a> para los principales pa\u00edses africanos<\/figcaption><\/figure>\n\n<p><\/p>\n","protected":false},"excerpt":{"rendered":"<p>Pa\u00edses africanos en la loter\u00eda de la Tarjeta Verde de EE.UU. Cada a\u00f1o, millones de solicitantes participan en la loter\u00eda de la Green Card estadounidense. Hemos recopilado las estad\u00edsticas publicadas por el Departamento de Estado en travel.state.gov para ofrecerle las cifras clave de la participaci\u00f3n de ciudadanos africanos en la loter\u00eda de la Tarjeta Verde. [&hellip;]<\/p>\n","protected":false},"author":1,"featured_media":0,"parent":0,"menu_order":0,"comment_status":"closed","ping_status":"closed","template":"","meta":{"footnotes":""},"class_list":["post-2199","page","type-page","status-publish","hentry"],"yoast_head":"<!-- This site is optimized with the Yoast SEO plugin v27.4 - https:\/\/yoast.com\/product\/yoast-seo-wordpress\/ -->\n<title>Loter\u00eda de la Green Card para pa\u00edses africanos - USA GC<\/title>\n<meta name=\"description\" content=\"Participaci\u00f3n detallada de los nacionales de pa\u00edses africanos en la loter\u00eda de la tarjeta verde estadounidense en los \u00faltimos a\u00f1os\" \/>\n<meta name=\"robots\" content=\"index, follow, max-snippet:-1, max-image-preview:large, max-video-preview:-1\" \/>\n<link rel=\"canonical\" href=\"https:\/\/us-gc.net\/es\/loteria-green-card-paises-africa\/\" \/>\n<meta property=\"og:locale\" content=\"es_ES\" \/>\n<meta property=\"og:type\" content=\"article\" \/>\n<meta property=\"og:title\" content=\"Loter\u00eda de la Green Card para pa\u00edses africanos - USA GC\" \/>\n<meta property=\"og:description\" content=\"Participaci\u00f3n detallada de los nacionales de pa\u00edses africanos en la loter\u00eda de la tarjeta verde estadounidense en los \u00faltimos a\u00f1os\" \/>\n<meta property=\"og:url\" content=\"https:\/\/us-gc.net\/es\/loteria-green-card-paises-africa\/\" \/>\n<meta property=\"og:site_name\" content=\"USA GC\" \/>\n<meta property=\"article:modified_time\" content=\"2024-12-30T09:44:29+00:00\" \/>\n<meta name=\"twitter:card\" content=\"summary_large_image\" \/>\n<meta name=\"twitter:label1\" content=\"Tiempo de lectura\" \/>\n\t<meta name=\"twitter:data1\" content=\"2 minutos\" \/>\n<script type=\"application\/ld+json\" class=\"yoast-schema-graph\">{\"@context\":\"https:\\\/\\\/schema.org\",\"@graph\":[{\"@type\":\"WebPage\",\"@id\":\"https:\\\/\\\/us-gc.net\\\/es\\\/loteria-green-card-paises-africa\\\/\",\"url\":\"https:\\\/\\\/us-gc.net\\\/es\\\/loteria-green-card-paises-africa\\\/\",\"name\":\"Loter\u00eda de la Green Card para pa\u00edses africanos - USA GC\",\"isPartOf\":{\"@id\":\"https:\\\/\\\/us-gc.net\\\/es\\\/#website\"},\"datePublished\":\"2024-02-13T15:26:40+00:00\",\"dateModified\":\"2024-12-30T09:44:29+00:00\",\"description\":\"Participaci\u00f3n detallada de los nacionales de pa\u00edses africanos en la loter\u00eda de la tarjeta verde estadounidense en los \u00faltimos a\u00f1os\",\"breadcrumb\":{\"@id\":\"https:\\\/\\\/us-gc.net\\\/es\\\/loteria-green-card-paises-africa\\\/#breadcrumb\"},\"inLanguage\":\"es\",\"potentialAction\":[{\"@type\":\"ReadAction\",\"target\":[\"https:\\\/\\\/us-gc.net\\\/es\\\/loteria-green-card-paises-africa\\\/\"]}]},{\"@type\":\"BreadcrumbList\",\"@id\":\"https:\\\/\\\/us-gc.net\\\/es\\\/loteria-green-card-paises-africa\\\/#breadcrumb\",\"itemListElement\":[{\"@type\":\"ListItem\",\"position\":1,\"name\":\"Accueil\",\"item\":\"https:\\\/\\\/us-gc.net\\\/es\\\/green-card\\\/\"},{\"@type\":\"ListItem\",\"position\":2,\"name\":\"Loter\u00eda de la Green Card para pa\u00edses africanos\"}]},{\"@type\":\"WebSite\",\"@id\":\"https:\\\/\\\/us-gc.net\\\/es\\\/#website\",\"url\":\"https:\\\/\\\/us-gc.net\\\/es\\\/\",\"name\":\"USA GC\",\"description\":\"\",\"potentialAction\":[{\"@type\":\"SearchAction\",\"target\":{\"@type\":\"EntryPoint\",\"urlTemplate\":\"https:\\\/\\\/us-gc.net\\\/es\\\/?s={search_term_string}\"},\"query-input\":{\"@type\":\"PropertyValueSpecification\",\"valueRequired\":true,\"valueName\":\"search_term_string\"}}],\"inLanguage\":\"es\"}]}<\/script>\n<!-- \/ Yoast SEO plugin. -->","yoast_head_json":{"title":"Loter\u00eda de la Green Card para pa\u00edses africanos - USA GC","description":"Participaci\u00f3n detallada de los nacionales de pa\u00edses africanos en la loter\u00eda de la tarjeta verde estadounidense en los \u00faltimos a\u00f1os","robots":{"index":"index","follow":"follow","max-snippet":"max-snippet:-1","max-image-preview":"max-image-preview:large","max-video-preview":"max-video-preview:-1"},"canonical":"https:\/\/us-gc.net\/es\/loteria-green-card-paises-africa\/","og_locale":"es_ES","og_type":"article","og_title":"Loter\u00eda de la Green Card para pa\u00edses africanos - USA GC","og_description":"Participaci\u00f3n detallada de los nacionales de pa\u00edses africanos en la loter\u00eda de la tarjeta verde estadounidense en los \u00faltimos a\u00f1os","og_url":"https:\/\/us-gc.net\/es\/loteria-green-card-paises-africa\/","og_site_name":"USA GC","article_modified_time":"2024-12-30T09:44:29+00:00","twitter_card":"summary_large_image","twitter_misc":{"Tiempo de lectura":"2 minutos"},"schema":{"@context":"https:\/\/schema.org","@graph":[{"@type":"WebPage","@id":"https:\/\/us-gc.net\/es\/loteria-green-card-paises-africa\/","url":"https:\/\/us-gc.net\/es\/loteria-green-card-paises-africa\/","name":"Loter\u00eda de la Green Card para pa\u00edses africanos - USA GC","isPartOf":{"@id":"https:\/\/us-gc.net\/es\/#website"},"datePublished":"2024-02-13T15:26:40+00:00","dateModified":"2024-12-30T09:44:29+00:00","description":"Participaci\u00f3n detallada de los nacionales de pa\u00edses africanos en la loter\u00eda de la tarjeta verde estadounidense en los \u00faltimos a\u00f1os","breadcrumb":{"@id":"https:\/\/us-gc.net\/es\/loteria-green-card-paises-africa\/#breadcrumb"},"inLanguage":"es","potentialAction":[{"@type":"ReadAction","target":["https:\/\/us-gc.net\/es\/loteria-green-card-paises-africa\/"]}]},{"@type":"BreadcrumbList","@id":"https:\/\/us-gc.net\/es\/loteria-green-card-paises-africa\/#breadcrumb","itemListElement":[{"@type":"ListItem","position":1,"name":"Accueil","item":"https:\/\/us-gc.net\/es\/green-card\/"},{"@type":"ListItem","position":2,"name":"Loter\u00eda de la Green Card para pa\u00edses africanos"}]},{"@type":"WebSite","@id":"https:\/\/us-gc.net\/es\/#website","url":"https:\/\/us-gc.net\/es\/","name":"USA GC","description":"","potentialAction":[{"@type":"SearchAction","target":{"@type":"EntryPoint","urlTemplate":"https:\/\/us-gc.net\/es\/?s={search_term_string}"},"query-input":{"@type":"PropertyValueSpecification","valueRequired":true,"valueName":"search_term_string"}}],"inLanguage":"es"}]}},"_links":{"self":[{"href":"https:\/\/us-gc.net\/es\/wp-json\/wp\/v2\/pages\/2199","targetHints":{"allow":["GET"]}}],"collection":[{"href":"https:\/\/us-gc.net\/es\/wp-json\/wp\/v2\/pages"}],"about":[{"href":"https:\/\/us-gc.net\/es\/wp-json\/wp\/v2\/types\/page"}],"author":[{"embeddable":true,"href":"https:\/\/us-gc.net\/es\/wp-json\/wp\/v2\/users\/1"}],"replies":[{"embeddable":true,"href":"https:\/\/us-gc.net\/es\/wp-json\/wp\/v2\/comments?post=2199"}],"version-history":[{"count":1,"href":"https:\/\/us-gc.net\/es\/wp-json\/wp\/v2\/pages\/2199\/revisions"}],"predecessor-version":[{"id":7875,"href":"https:\/\/us-gc.net\/es\/wp-json\/wp\/v2\/pages\/2199\/revisions\/7875"}],"wp:attachment":[{"href":"https:\/\/us-gc.net\/es\/wp-json\/wp\/v2\/media?parent=2199"}],"curies":[{"name":"wp","href":"https:\/\/api.w.org\/{rel}","templated":true}]}}