{"id":2101,"date":"2024-02-13T09:26:58","date_gmt":"2024-02-13T09:26:58","guid":{"rendered":"https:\/\/green-card-usa.net\/diversity-visa-program\/"},"modified":"2024-12-30T09:40:50","modified_gmt":"2024-12-30T09:40:50","slug":"diversity-visa-program","status":"publish","type":"page","link":"https:\/\/us-gc.net\/es\/diversity-visa-program\/","title":{"rendered":"El programa estadounidense de visados de diversidad"},"content":{"rendered":"\n<h1 class=\"wp-block-heading\" id=\"h-le-diversity-visa-program-des-etats-unis\">El programa de visados de diversidad en Estados Unidos  <\/h1>\n\n<h2 class=\"wp-block-heading\" id=\"h-qu-est-ce-que-le-diversity-visa-program\">\u00bfQu\u00e9 es el Programa de Visados de Diversidad?<\/h2>\n\n<p>El Programa de Visados de Diversidad es una iniciativa del Gobierno de Estados Unidos destinada a diversificar la poblaci\u00f3n inmigrante del pa\u00eds. Cada a\u00f1o se expiden m\u00e1s de 50.000 visados a personas de pa\u00edses con bajos \u00edndices de inmigraci\u00f3n a Estados Unidos. El Programa DV se conoce como la <a href=\"https:\/\/us-gc.net\/es\/loteria-americana-tarjeta-verde\/\">loter\u00eda de la tarjeta verde<\/a>.<\/p>\n\n<h2 class=\"wp-block-heading\" id=\"h-comment-fonctionne-t-il\">\u00bfC\u00f3mo funciona?<\/h2>\n\n<p>La participaci\u00f3n en el Programa de Visados de Diversidad est\u00e1 sujeta a un proceso de selecci\u00f3n aleatorio. Los solicitantes deben presentar una <a href=\"https:\/\/us-gc.net\/es\/formulario-loteria-green-card\/\">solicitud en l\u00ednea<\/a> antes de finales de octubre de cada a\u00f1o. Los criterios de elegibilidad incluyen la posesi\u00f3n de un diploma de educaci\u00f3n secundaria o su equivalente, o dos a\u00f1os de experiencia profesional en un campo que requiera al menos dos a\u00f1os de formaci\u00f3n o experiencia en los \u00faltimos cinco a\u00f1os.<\/p>\n\n<h2 class=\"wp-block-heading\" id=\"h-qui-peut-en-beneficier\">\u00bfQui\u00e9n puede beneficiarse?<\/h2>\n\n<p>Pueden optar a ella los nacionales de pa\u00edses con bajos \u00edndices de inmigraci\u00f3n a Estados Unidos. Todos los a\u00f1os, el Departamento de Estado de Estados Unidos publica una lista de <a href=\"https:\/\/us-gc.net\/es\/loteria-green-card-paises-no-participantes\/\">pa\u00edses cuyos nacionales no pueden participar<\/a>. Quedan excluidas las personas procedentes de pa\u00edses con un alto \u00edndice de inmigraci\u00f3n a Estados Unidos. Puedes consultar nuestras estad\u00edsticas en nuestras p\u00e1ginas dedicadas:<\/p>\n\n<ul class=\"wp-block-list\">\n<li><a href=\"https:\/\/us-gc.net\/es\/loteria-green-card-europa\/\">Tarjeta verde para ciudadanos europeos<\/a><\/li>\n\n\n\n<li><a href=\"https:\/\/us-gc.net\/es\/loteria-green-card-paises-africa\/\">Tarjeta verde para ciudadanos africanos<\/a><\/li>\n\n\n\n<li><a href=\"https:\/\/us-gc.net\/es\/loteria-green-card-paises-asiaticos\/\">Tarjeta verde para ciudadanos asi\u00e1ticos<\/a><\/li>\n<\/ul>\n\n<div style=\"height:10px\" aria-hidden=\"true\" class=\"wp-block-spacer\"><\/div>\n\n<h2 class=\"wp-block-heading\" id=\"h-qu-apporte-le-programme\">\u00bfQu\u00e9 ofrece el programa?<\/h2>\n\n<p>El Programa de Visados de Diversidad ofrece una oportunidad \u00fanica de obtener la residencia permanente en Estados Unidos, abriendo la puerta al empleo, la educaci\u00f3n y la posibilidad de convertirse en ciudadano estadounidense al cabo de cinco a\u00f1os. Es una oportunidad para que los beneficiarios experimenten el sue\u00f1o americano y contribuyan a la diversidad cultural de Estados Unidos.<\/p>\n\n<h2 class=\"wp-block-heading\" id=\"h-qu-est-ce-que-la-loterie-du-dv\">\u00bfQu\u00e9 es la loter\u00eda DV?<\/h2>\n\n<p>La <a href=\"https:\/\/us-gc.net\/es\/loteria-green-card\/\">loter\u00eda de la Green Card<\/a> DV es el proceso de selecci\u00f3n que constituye el n\u00facleo del Programa de Visados de Diversidad. Las inscripciones se realizan mediante un f<a href=\"https:\/\/us-gc.net\/es\/formulario-loteria-green-card\/\">ormulario en l\u00ednea<\/a> en el \u00faltimo trimestre de cada a\u00f1o. Los <a href=\"https:\/\/us-gc.net\/es\/resultados-loteria-green-card\/\">resultados de la loter\u00eda<\/a> se publican 6 meses despu\u00e9s. Los ganadores se elegir\u00e1n al azar entre todos los participantes que cumplan los requisitos. Este proceso garantiza que todos los participantes tengan las mismas posibilidades de ganar, independientemente de su condici\u00f3n social, econ\u00f3mica o educativa.<\/p>\n\n<p><\/p>\n","protected":false},"excerpt":{"rendered":"<p>El programa de visados de diversidad en Estados Unidos \u00bfQu\u00e9 es el Programa de Visados de Diversidad? El Programa de Visados de Diversidad es una iniciativa del Gobierno de Estados Unidos destinada a diversificar la poblaci\u00f3n inmigrante del pa\u00eds. Cada a\u00f1o se expiden m\u00e1s de 50.000 visados a personas de pa\u00edses con bajos \u00edndices de [&hellip;]<\/p>\n","protected":false},"author":1,"featured_media":0,"parent":0,"menu_order":0,"comment_status":"closed","ping_status":"closed","template":"","meta":{"footnotes":""},"class_list":["post-2101","page","type-page","status-publish","hentry"],"yoast_head":"<!-- This site is optimized with the Yoast SEO plugin v27.4 - https:\/\/yoast.com\/product\/yoast-seo-wordpress\/ -->\n<title>El programa estadounidense de visados de diversidad - USA GC<\/title>\n<meta name=\"robots\" content=\"index, follow, max-snippet:-1, max-image-preview:large, max-video-preview:-1\" \/>\n<link rel=\"canonical\" href=\"https:\/\/us-gc.net\/es\/diversity-visa-program\/\" \/>\n<meta property=\"og:locale\" content=\"es_ES\" \/>\n<meta property=\"og:type\" content=\"article\" \/>\n<meta property=\"og:title\" content=\"El programa estadounidense de visados de diversidad - USA GC\" \/>\n<meta property=\"og:description\" content=\"El programa de visados de diversidad en Estados Unidos \u00bfQu\u00e9 es el Programa de Visados de Diversidad? El Programa de Visados de Diversidad es una iniciativa del Gobierno de Estados Unidos destinada a diversificar la poblaci\u00f3n inmigrante del pa\u00eds. Cada a\u00f1o se expiden m\u00e1s de 50.000 visados a personas de pa\u00edses con bajos \u00edndices de [&hellip;]\" \/>\n<meta property=\"og:url\" content=\"https:\/\/us-gc.net\/es\/diversity-visa-program\/\" \/>\n<meta property=\"og:site_name\" content=\"USA GC\" \/>\n<meta property=\"article:modified_time\" content=\"2024-12-30T09:40:50+00:00\" \/>\n<meta name=\"twitter:card\" content=\"summary_large_image\" \/>\n<meta name=\"twitter:label1\" content=\"Tiempo de lectura\" \/>\n\t<meta name=\"twitter:data1\" content=\"2 minutos\" \/>\n<script type=\"application\/ld+json\" class=\"yoast-schema-graph\">{\"@context\":\"https:\\\/\\\/schema.org\",\"@graph\":[{\"@type\":\"WebPage\",\"@id\":\"https:\\\/\\\/us-gc.net\\\/es\\\/diversity-visa-program\\\/\",\"url\":\"https:\\\/\\\/us-gc.net\\\/es\\\/diversity-visa-program\\\/\",\"name\":\"El programa estadounidense de visados de diversidad - USA GC\",\"isPartOf\":{\"@id\":\"https:\\\/\\\/us-gc.net\\\/es\\\/#website\"},\"datePublished\":\"2024-02-13T09:26:58+00:00\",\"dateModified\":\"2024-12-30T09:40:50+00:00\",\"breadcrumb\":{\"@id\":\"https:\\\/\\\/us-gc.net\\\/es\\\/diversity-visa-program\\\/#breadcrumb\"},\"inLanguage\":\"es\",\"potentialAction\":[{\"@type\":\"ReadAction\",\"target\":[\"https:\\\/\\\/us-gc.net\\\/es\\\/diversity-visa-program\\\/\"]}]},{\"@type\":\"BreadcrumbList\",\"@id\":\"https:\\\/\\\/us-gc.net\\\/es\\\/diversity-visa-program\\\/#breadcrumb\",\"itemListElement\":[{\"@type\":\"ListItem\",\"position\":1,\"name\":\"Accueil\",\"item\":\"https:\\\/\\\/us-gc.net\\\/es\\\/green-card\\\/\"},{\"@type\":\"ListItem\",\"position\":2,\"name\":\"El programa estadounidense de visados de diversidad\"}]},{\"@type\":\"WebSite\",\"@id\":\"https:\\\/\\\/us-gc.net\\\/es\\\/#website\",\"url\":\"https:\\\/\\\/us-gc.net\\\/es\\\/\",\"name\":\"USA GC\",\"description\":\"\",\"potentialAction\":[{\"@type\":\"SearchAction\",\"target\":{\"@type\":\"EntryPoint\",\"urlTemplate\":\"https:\\\/\\\/us-gc.net\\\/es\\\/?s={search_term_string}\"},\"query-input\":{\"@type\":\"PropertyValueSpecification\",\"valueRequired\":true,\"valueName\":\"search_term_string\"}}],\"inLanguage\":\"es\"}]}<\/script>\n<!-- \/ Yoast SEO plugin. -->","yoast_head_json":{"title":"El programa estadounidense de visados de diversidad - USA GC","robots":{"index":"index","follow":"follow","max-snippet":"max-snippet:-1","max-image-preview":"max-image-preview:large","max-video-preview":"max-video-preview:-1"},"canonical":"https:\/\/us-gc.net\/es\/diversity-visa-program\/","og_locale":"es_ES","og_type":"article","og_title":"El programa estadounidense de visados de diversidad - USA GC","og_description":"El programa de visados de diversidad en Estados Unidos \u00bfQu\u00e9 es el Programa de Visados de Diversidad? El Programa de Visados de Diversidad es una iniciativa del Gobierno de Estados Unidos destinada a diversificar la poblaci\u00f3n inmigrante del pa\u00eds. Cada a\u00f1o se expiden m\u00e1s de 50.000 visados a personas de pa\u00edses con bajos \u00edndices de [&hellip;]","og_url":"https:\/\/us-gc.net\/es\/diversity-visa-program\/","og_site_name":"USA GC","article_modified_time":"2024-12-30T09:40:50+00:00","twitter_card":"summary_large_image","twitter_misc":{"Tiempo de lectura":"2 minutos"},"schema":{"@context":"https:\/\/schema.org","@graph":[{"@type":"WebPage","@id":"https:\/\/us-gc.net\/es\/diversity-visa-program\/","url":"https:\/\/us-gc.net\/es\/diversity-visa-program\/","name":"El programa estadounidense de visados de diversidad - USA GC","isPartOf":{"@id":"https:\/\/us-gc.net\/es\/#website"},"datePublished":"2024-02-13T09:26:58+00:00","dateModified":"2024-12-30T09:40:50+00:00","breadcrumb":{"@id":"https:\/\/us-gc.net\/es\/diversity-visa-program\/#breadcrumb"},"inLanguage":"es","potentialAction":[{"@type":"ReadAction","target":["https:\/\/us-gc.net\/es\/diversity-visa-program\/"]}]},{"@type":"BreadcrumbList","@id":"https:\/\/us-gc.net\/es\/diversity-visa-program\/#breadcrumb","itemListElement":[{"@type":"ListItem","position":1,"name":"Accueil","item":"https:\/\/us-gc.net\/es\/green-card\/"},{"@type":"ListItem","position":2,"name":"El programa estadounidense de visados de diversidad"}]},{"@type":"WebSite","@id":"https:\/\/us-gc.net\/es\/#website","url":"https:\/\/us-gc.net\/es\/","name":"USA GC","description":"","potentialAction":[{"@type":"SearchAction","target":{"@type":"EntryPoint","urlTemplate":"https:\/\/us-gc.net\/es\/?s={search_term_string}"},"query-input":{"@type":"PropertyValueSpecification","valueRequired":true,"valueName":"search_term_string"}}],"inLanguage":"es"}]}},"_links":{"self":[{"href":"https:\/\/us-gc.net\/es\/wp-json\/wp\/v2\/pages\/2101","targetHints":{"allow":["GET"]}}],"collection":[{"href":"https:\/\/us-gc.net\/es\/wp-json\/wp\/v2\/pages"}],"about":[{"href":"https:\/\/us-gc.net\/es\/wp-json\/wp\/v2\/types\/page"}],"author":[{"embeddable":true,"href":"https:\/\/us-gc.net\/es\/wp-json\/wp\/v2\/users\/1"}],"replies":[{"embeddable":true,"href":"https:\/\/us-gc.net\/es\/wp-json\/wp\/v2\/comments?post=2101"}],"version-history":[{"count":1,"href":"https:\/\/us-gc.net\/es\/wp-json\/wp\/v2\/pages\/2101\/revisions"}],"predecessor-version":[{"id":7719,"href":"https:\/\/us-gc.net\/es\/wp-json\/wp\/v2\/pages\/2101\/revisions\/7719"}],"wp:attachment":[{"href":"https:\/\/us-gc.net\/es\/wp-json\/wp\/v2\/media?parent=2101"}],"curies":[{"name":"wp","href":"https:\/\/api.w.org\/{rel}","templated":true}]}}