{"id":1360,"date":"2024-02-10T08:30:09","date_gmt":"2024-02-10T08:30:09","guid":{"rendered":"https:\/\/green-card-usa.net\/loteria-green-card-paises-no-participantes\/"},"modified":"2024-12-30T09:46:25","modified_gmt":"2024-12-30T09:46:25","slug":"loteria-green-card-paises-no-participantes","status":"publish","type":"page","link":"https:\/\/us-gc.net\/es\/loteria-green-card-paises-no-participantes\/","title":{"rendered":"Pa\u00edses que no pueden optar a la loter\u00eda de la Tarjeta Verde"},"content":{"rendered":"\n<h1 class=\"wp-block-heading\" id=\"h-liste-des-pays-non-participants-a-la-loterie-de-la-green-card\">Lista de pa\u00edses que no participan en la loter\u00eda de la Tarjeta Verde<\/h1>\n\n<p>Estados Unidos quiere mantener una poblaci\u00f3n inmigrante mixta. Cada a\u00f1o, el Programa de Visados de Diversidad elabora una lista de pa\u00edses cuyos nacionales no pueden participar en la loter\u00eda de la Tarjeta Verde. Estos pa\u00edses no participantes son aquellos en los que m\u00e1s de 50.000 nacionales han inmigrado a Estados Unidos en los cinco a\u00f1os anteriores y no pueden participar en el sorteo de este a\u00f1o.<\/p>\n\n<h2 class=\"wp-block-heading\" id=\"h-pays-exclus-de-la-loterie-green-card-dv-2024\">Pa\u00edses excluidos del sorteo de la Tarjeta Verde DV-2024<\/h2>\n\n<p>Para el sorteo anual de la <a href=\"https:\/\/us-gc.net\/es\/green-card-loteria-2024\/\">Tarjeta Verde DV-2024<\/a>, los nativos de los siguientes pa\u00edses y regiones no fueron elegibles, ya que m\u00e1s de 50.000 nativos de estos pa\u00edses inmigraron a Estados Unidos en los cinco a\u00f1os anteriores: Bangladesh, Brasil, Canad\u00e1, China (incluido Hong Kong), Colombia, Rep\u00fablica Dominicana, El Salvador, Hait\u00ed, Honduras, India, Jamaica, M\u00e9xico, Nigeria, Pakist\u00e1n, Filipinas, Rep\u00fablica de Corea, Reino Unido (excluida Irlanda del Norte) y sus territorios dependientes, Venezuela y Vietnam.<\/p>\n\n<p><strong>Excepci\u00f3n china<\/strong>: pod\u00edan optar las personas nacidas en Macao y Taiw\u00e1n.<\/p>\n\n<h2 class=\"wp-block-heading\" id=\"h-pays-exclus-de-la-loterie-green-card-dv-2025\">Pa\u00edses excluidos del sorteo de la Tarjeta Verde DV-2025<\/h2>\n\n<p>Los nacionales de los siguientes pa\u00edses no pueden participar en el sorteo anual de la <a href=\"https:\/\/us-gc.net\/es\/loteria-green-card-2025\/\">Green card DV-2025<\/a>: Bangladesh, Brasil, Canad\u00e1, China (incluido Hong Kong), Colombia, El Salvador, Filipinas, Hait\u00ed, Honduras, India, Jamaica, M\u00e9xico, Nigeria, Pakist\u00e1n, Rep\u00fablica de Corea, Rep\u00fablica Dominicana, Venezuela y Vietnam.<\/p>\n\n<p><strong>Excepci\u00f3n china<\/strong>: pod\u00edan optar las personas nacidas en Macao y Taiw\u00e1n.<\/p>\n\n<p>S\u00f3lo se ha suprimido un territorio de la lista de pa\u00edses excluidos entre los programas DV-2024 y DV-2025: <strong>el Reino Unido<\/strong>. As\u00ed pues, los ciudadanos brit\u00e1nicos volvieron a poder solicitar la <a href=\"https:\/\/us-gc.net\/es\/loteria-americana-tarjeta-verde\/\">loter\u00eda de la Tarjeta Verde<\/a> en el marco del sorteo DV-2025.<\/p>\n","protected":false},"excerpt":{"rendered":"<p>Lista de pa\u00edses que no participan en la loter\u00eda de la Tarjeta Verde Estados Unidos quiere mantener una poblaci\u00f3n inmigrante mixta. Cada a\u00f1o, el Programa de Visados de Diversidad elabora una lista de pa\u00edses cuyos nacionales no pueden participar en la loter\u00eda de la Tarjeta Verde. Estos pa\u00edses no participantes son aquellos en los que [&hellip;]<\/p>\n","protected":false},"author":1,"featured_media":0,"parent":0,"menu_order":0,"comment_status":"closed","ping_status":"closed","template":"","meta":{"footnotes":""},"class_list":["post-1360","page","type-page","status-publish","hentry"],"yoast_head":"<!-- This site is optimized with the Yoast SEO plugin v27.2 - https:\/\/yoast.com\/product\/yoast-seo-wordpress\/ -->\n<title>Pa\u00edses que no pueden optar a la loter\u00eda de la Tarjeta Verde - USA GC<\/title>\n<meta name=\"robots\" content=\"index, follow, max-snippet:-1, max-image-preview:large, max-video-preview:-1\" \/>\n<link rel=\"canonical\" href=\"https:\/\/us-gc.net\/es\/loteria-green-card-paises-no-participantes\/\" \/>\n<meta property=\"og:locale\" content=\"es_ES\" \/>\n<meta property=\"og:type\" content=\"article\" \/>\n<meta property=\"og:title\" content=\"Pa\u00edses que no pueden optar a la loter\u00eda de la Tarjeta Verde - USA GC\" \/>\n<meta property=\"og:description\" content=\"Lista de pa\u00edses que no participan en la loter\u00eda de la Tarjeta Verde Estados Unidos quiere mantener una poblaci\u00f3n inmigrante mixta. Cada a\u00f1o, el Programa de Visados de Diversidad elabora una lista de pa\u00edses cuyos nacionales no pueden participar en la loter\u00eda de la Tarjeta Verde. Estos pa\u00edses no participantes son aquellos en los que [&hellip;]\" \/>\n<meta property=\"og:url\" content=\"https:\/\/us-gc.net\/es\/loteria-green-card-paises-no-participantes\/\" \/>\n<meta property=\"og:site_name\" content=\"USA GC\" \/>\n<meta property=\"article:modified_time\" content=\"2024-12-30T09:46:25+00:00\" \/>\n<meta name=\"twitter:card\" content=\"summary_large_image\" \/>\n<meta name=\"twitter:label1\" content=\"Tiempo de lectura\" \/>\n\t<meta name=\"twitter:data1\" content=\"2 minutos\" \/>\n<script type=\"application\/ld+json\" class=\"yoast-schema-graph\">{\"@context\":\"https:\/\/schema.org\",\"@graph\":[{\"@type\":\"WebPage\",\"@id\":\"https:\/\/us-gc.net\/es\/loteria-green-card-paises-no-participantes\/\",\"url\":\"https:\/\/us-gc.net\/es\/loteria-green-card-paises-no-participantes\/\",\"name\":\"Pa\u00edses que no pueden optar a la loter\u00eda de la Tarjeta Verde - USA GC\",\"isPartOf\":{\"@id\":\"https:\/\/us-gc.net\/es\/#website\"},\"datePublished\":\"2024-02-10T08:30:09+00:00\",\"dateModified\":\"2024-12-30T09:46:25+00:00\",\"breadcrumb\":{\"@id\":\"https:\/\/us-gc.net\/es\/loteria-green-card-paises-no-participantes\/#breadcrumb\"},\"inLanguage\":\"es\",\"potentialAction\":[{\"@type\":\"ReadAction\",\"target\":[\"https:\/\/us-gc.net\/es\/loteria-green-card-paises-no-participantes\/\"]}]},{\"@type\":\"BreadcrumbList\",\"@id\":\"https:\/\/us-gc.net\/es\/loteria-green-card-paises-no-participantes\/#breadcrumb\",\"itemListElement\":[{\"@type\":\"ListItem\",\"position\":1,\"name\":\"Accueil\",\"item\":\"https:\/\/us-gc.net\/es\/green-card\/\"},{\"@type\":\"ListItem\",\"position\":2,\"name\":\"Pa\u00edses que no pueden optar a la loter\u00eda de la Tarjeta Verde\"}]},{\"@type\":\"WebSite\",\"@id\":\"https:\/\/us-gc.net\/es\/#website\",\"url\":\"https:\/\/us-gc.net\/es\/\",\"name\":\"USA GC\",\"description\":\"\",\"potentialAction\":[{\"@type\":\"SearchAction\",\"target\":{\"@type\":\"EntryPoint\",\"urlTemplate\":\"https:\/\/us-gc.net\/es\/?s={search_term_string}\"},\"query-input\":{\"@type\":\"PropertyValueSpecification\",\"valueRequired\":true,\"valueName\":\"search_term_string\"}}],\"inLanguage\":\"es\"}]}<\/script>\n<!-- \/ Yoast SEO plugin. -->","yoast_head_json":{"title":"Pa\u00edses que no pueden optar a la loter\u00eda de la Tarjeta Verde - USA GC","robots":{"index":"index","follow":"follow","max-snippet":"max-snippet:-1","max-image-preview":"max-image-preview:large","max-video-preview":"max-video-preview:-1"},"canonical":"https:\/\/us-gc.net\/es\/loteria-green-card-paises-no-participantes\/","og_locale":"es_ES","og_type":"article","og_title":"Pa\u00edses que no pueden optar a la loter\u00eda de la Tarjeta Verde - USA GC","og_description":"Lista de pa\u00edses que no participan en la loter\u00eda de la Tarjeta Verde Estados Unidos quiere mantener una poblaci\u00f3n inmigrante mixta. Cada a\u00f1o, el Programa de Visados de Diversidad elabora una lista de pa\u00edses cuyos nacionales no pueden participar en la loter\u00eda de la Tarjeta Verde. Estos pa\u00edses no participantes son aquellos en los que [&hellip;]","og_url":"https:\/\/us-gc.net\/es\/loteria-green-card-paises-no-participantes\/","og_site_name":"USA GC","article_modified_time":"2024-12-30T09:46:25+00:00","twitter_card":"summary_large_image","twitter_misc":{"Tiempo de lectura":"2 minutos"},"schema":{"@context":"https:\/\/schema.org","@graph":[{"@type":"WebPage","@id":"https:\/\/us-gc.net\/es\/loteria-green-card-paises-no-participantes\/","url":"https:\/\/us-gc.net\/es\/loteria-green-card-paises-no-participantes\/","name":"Pa\u00edses que no pueden optar a la loter\u00eda de la Tarjeta Verde - USA GC","isPartOf":{"@id":"https:\/\/us-gc.net\/es\/#website"},"datePublished":"2024-02-10T08:30:09+00:00","dateModified":"2024-12-30T09:46:25+00:00","breadcrumb":{"@id":"https:\/\/us-gc.net\/es\/loteria-green-card-paises-no-participantes\/#breadcrumb"},"inLanguage":"es","potentialAction":[{"@type":"ReadAction","target":["https:\/\/us-gc.net\/es\/loteria-green-card-paises-no-participantes\/"]}]},{"@type":"BreadcrumbList","@id":"https:\/\/us-gc.net\/es\/loteria-green-card-paises-no-participantes\/#breadcrumb","itemListElement":[{"@type":"ListItem","position":1,"name":"Accueil","item":"https:\/\/us-gc.net\/es\/green-card\/"},{"@type":"ListItem","position":2,"name":"Pa\u00edses que no pueden optar a la loter\u00eda de la Tarjeta Verde"}]},{"@type":"WebSite","@id":"https:\/\/us-gc.net\/es\/#website","url":"https:\/\/us-gc.net\/es\/","name":"USA GC","description":"","potentialAction":[{"@type":"SearchAction","target":{"@type":"EntryPoint","urlTemplate":"https:\/\/us-gc.net\/es\/?s={search_term_string}"},"query-input":{"@type":"PropertyValueSpecification","valueRequired":true,"valueName":"search_term_string"}}],"inLanguage":"es"}]}},"_links":{"self":[{"href":"https:\/\/us-gc.net\/es\/wp-json\/wp\/v2\/pages\/1360","targetHints":{"allow":["GET"]}}],"collection":[{"href":"https:\/\/us-gc.net\/es\/wp-json\/wp\/v2\/pages"}],"about":[{"href":"https:\/\/us-gc.net\/es\/wp-json\/wp\/v2\/types\/page"}],"author":[{"embeddable":true,"href":"https:\/\/us-gc.net\/es\/wp-json\/wp\/v2\/users\/1"}],"replies":[{"embeddable":true,"href":"https:\/\/us-gc.net\/es\/wp-json\/wp\/v2\/comments?post=1360"}],"version-history":[{"count":1,"href":"https:\/\/us-gc.net\/es\/wp-json\/wp\/v2\/pages\/1360\/revisions"}],"predecessor-version":[{"id":8029,"href":"https:\/\/us-gc.net\/es\/wp-json\/wp\/v2\/pages\/1360\/revisions\/8029"}],"wp:attachment":[{"href":"https:\/\/us-gc.net\/es\/wp-json\/wp\/v2\/media?parent=1360"}],"curies":[{"name":"wp","href":"https:\/\/api.w.org\/{rel}","templated":true}]}}