{"id":1311,"date":"2024-02-08T15:57:06","date_gmt":"2024-02-08T15:57:06","guid":{"rendered":"https:\/\/green-card-usa.net\/precio-green-card\/"},"modified":"2025-03-31T11:22:35","modified_gmt":"2025-03-31T11:22:35","slug":"precio-green-card","status":"publish","type":"page","link":"https:\/\/us-gc.net\/es\/precio-green-card\/","title":{"rendered":"\u00bfCu\u00e1nto cuesta la Green Card?"},"content":{"rendered":"\n<h1 class=\"wp-block-heading\" id=\"h-prix-a-payer-pour-obtenir-la-green-card\">Coste de obtenci\u00f3n de la Green Card<\/h1>\n\n<p>El coste de obtener una Green Card depende del tipo de Green Card y de la situaci\u00f3n del solicitante. Hay que pagar tasas en las cuatro situaciones principales para obtener la Green Card.<\/p>\n\n<h2 class=\"wp-block-heading\" id=\"h-quels-sont-les-frais-d-une-green-card-obtenue-a-la-loterie\">\u00bfCu\u00e1nto cuesta una Green Card obtenida por sorteo?<\/h2>\n\n<p>La <a href=\"https:\/\/us-gc.net\/es\/loteria-green-card\/\">loter\u00eda de la Green Card<\/a> permite a m\u00e1s de 50.000 extranjeros ganar el derecho a obtener una <a href=\"https:\/\/us-gc.net\/es\/\">Green Card<\/a>. La participaci\u00f3n en el sorteo es gratuita. Sin embargo, los solicitantes tendr\u00e1n que pagar una tasa de visado de diversidad a las autoridades estadounidenses para obtener la Green Card que ganaron en la loter\u00eda.<\/p>\n\n<p>Estas tasas no son reembolsables y van directamente al Departamento de Estado de Estados Unidos. La tasa se calcula para cubrir los gastos en que incurre el Departamento para administrar el programa de DV y es independiente de cualquier tasa que tenga que pagar al USCIS como parte de su solicitud de visado.<\/p>\n\n<p>La <strong>tasa por un visado de diversidad obtenido a trav\u00e9s de la loter\u00eda de la Green Card es de 330 USD<\/strong> por persona que solicite el visado como candidato seleccionado en la loter\u00eda. El pago de estas tasas debe efectuarse antes de que pueda continuar la tramitaci\u00f3n de la solicitud aceptada por el <a href=\"https:\/\/www.uscis.gov\/\">USCIS<\/a>. El importe depende de la situaci\u00f3n inicial del solicitante de la Green Card.<\/p>\n\n<p><strong>Para asegurarse una plaza en el pr\u00f3ximo sorteo anual<\/strong>, debe cumplimentar el <a href=\"https:\/\/us-gc.net\/es\/formulario-loteria-green-card\/\">formulario de inscripci\u00f3n en la loter\u00eda de la Green Card<\/a>.<\/p>\n\n<div style=\"height:10px\" aria-hidden=\"true\" class=\"wp-block-spacer\"><\/div>\n\n<h2 class=\"wp-block-heading\" id=\"h-quels-sont-les-frais-d-une-green-card-par-rapprochement-familial\">\u00bfCu\u00e1nto cuesta la Green Card por reagrupaci\u00f3n familiar?<\/h2>\n\n<p>Un ciudadano extranjero que desee vivir permanentemente en Estados Unidos necesita un visado de inmigrante. Este visado puede obtenerse siendo patrocinado por un familiar directo que sea ciudadano estadounidense o residente legal permanente en Estados Unidos.<\/p>\n\n<h3 class=\"wp-block-heading\" id=\"h-il-existe-deux-types-de-visas-d-immigrant-familiaux\">Existen dos tipos de visado familiar de inmigrante<\/h3>\n\n<ul class=\"wp-block-list\">\n<li><strong>De un familiar directo<\/strong>: Estos visados se basan en una relaci\u00f3n familiar directa con un ciudadano estadounidense, como el c\u00f3nyuge, un hijo o uno de los padres. No hay l\u00edmite al n\u00famero de inmigrantes de estas categor\u00edas cada a\u00f1o.<\/li>\n\n\n\n<li><strong>Preferencia familiar<\/strong>: Estos visados est\u00e1n destinados a relaciones familiares espec\u00edficas y m\u00e1s distantes con un ciudadano estadounidense y a determinadas relaciones espec\u00edficas con un residente legal permanente. El n\u00famero de inmigrantes en esta categor\u00eda de visado se limita cada a\u00f1o.<\/li>\n<\/ul>\n\n<div style=\"height:10px\" aria-hidden=\"true\" class=\"wp-block-spacer\"><\/div>\n\n<p>Para ambos tipos de visado: <strong>la tasa es de 325 USD por persona<\/strong>. Estas tasas no son reembolsables.<\/p>\n","protected":false},"excerpt":{"rendered":"<p>Coste de obtenci\u00f3n de la Green Card El coste de obtener una Green Card depende del tipo de Green Card y de la situaci\u00f3n del solicitante. Hay que pagar tasas en las cuatro situaciones principales para obtener la Green Card. \u00bfCu\u00e1nto cuesta una Green Card obtenida por sorteo? La loter\u00eda de la Green Card permite [&hellip;]<\/p>\n","protected":false},"author":1,"featured_media":0,"parent":0,"menu_order":0,"comment_status":"closed","ping_status":"closed","template":"","meta":{"footnotes":""},"class_list":["post-1311","page","type-page","status-publish","hentry"],"yoast_head":"<!-- This site is optimized with the Yoast SEO plugin v27.4 - https:\/\/yoast.com\/product\/yoast-seo-wordpress\/ -->\n<title>\u00bfCu\u00e1nto cuesta la Green Card? - USA GC<\/title>\n<meta name=\"description\" content=\"\u00bfCu\u00e1nto cuesta solicitar una Green Card americana? Depende de las condiciones para obtenerla.\" \/>\n<meta name=\"robots\" content=\"index, follow, max-snippet:-1, max-image-preview:large, max-video-preview:-1\" \/>\n<link rel=\"canonical\" href=\"https:\/\/us-gc.net\/es\/precio-green-card\/\" \/>\n<meta property=\"og:locale\" content=\"es_ES\" \/>\n<meta property=\"og:type\" content=\"article\" \/>\n<meta property=\"og:title\" content=\"\u00bfCu\u00e1nto cuesta la Green Card? - USA GC\" \/>\n<meta property=\"og:description\" content=\"\u00bfCu\u00e1nto cuesta solicitar una Green Card americana? Depende de las condiciones para obtenerla.\" \/>\n<meta property=\"og:url\" content=\"https:\/\/us-gc.net\/es\/precio-green-card\/\" \/>\n<meta property=\"og:site_name\" content=\"USA GC\" \/>\n<meta property=\"article:modified_time\" content=\"2025-03-31T11:22:35+00:00\" \/>\n<meta name=\"twitter:card\" content=\"summary_large_image\" \/>\n<meta name=\"twitter:label1\" content=\"Tiempo de lectura\" \/>\n\t<meta name=\"twitter:data1\" content=\"2 minutos\" \/>\n<script type=\"application\/ld+json\" class=\"yoast-schema-graph\">{\"@context\":\"https:\\\/\\\/schema.org\",\"@graph\":[{\"@type\":\"WebPage\",\"@id\":\"https:\\\/\\\/us-gc.net\\\/es\\\/precio-green-card\\\/\",\"url\":\"https:\\\/\\\/us-gc.net\\\/es\\\/precio-green-card\\\/\",\"name\":\"\u00bfCu\u00e1nto cuesta la Green Card? - USA GC\",\"isPartOf\":{\"@id\":\"https:\\\/\\\/us-gc.net\\\/es\\\/#website\"},\"datePublished\":\"2024-02-08T15:57:06+00:00\",\"dateModified\":\"2025-03-31T11:22:35+00:00\",\"description\":\"\u00bfCu\u00e1nto cuesta solicitar una Green Card americana? Depende de las condiciones para obtenerla.\",\"breadcrumb\":{\"@id\":\"https:\\\/\\\/us-gc.net\\\/es\\\/precio-green-card\\\/#breadcrumb\"},\"inLanguage\":\"es\",\"potentialAction\":[{\"@type\":\"ReadAction\",\"target\":[\"https:\\\/\\\/us-gc.net\\\/es\\\/precio-green-card\\\/\"]}]},{\"@type\":\"BreadcrumbList\",\"@id\":\"https:\\\/\\\/us-gc.net\\\/es\\\/precio-green-card\\\/#breadcrumb\",\"itemListElement\":[{\"@type\":\"ListItem\",\"position\":1,\"name\":\"Accueil\",\"item\":\"https:\\\/\\\/us-gc.net\\\/es\\\/green-card\\\/\"},{\"@type\":\"ListItem\",\"position\":2,\"name\":\"\u00bfCu\u00e1nto cuesta la Green Card?\"}]},{\"@type\":\"WebSite\",\"@id\":\"https:\\\/\\\/us-gc.net\\\/es\\\/#website\",\"url\":\"https:\\\/\\\/us-gc.net\\\/es\\\/\",\"name\":\"USA GC\",\"description\":\"\",\"potentialAction\":[{\"@type\":\"SearchAction\",\"target\":{\"@type\":\"EntryPoint\",\"urlTemplate\":\"https:\\\/\\\/us-gc.net\\\/es\\\/?s={search_term_string}\"},\"query-input\":{\"@type\":\"PropertyValueSpecification\",\"valueRequired\":true,\"valueName\":\"search_term_string\"}}],\"inLanguage\":\"es\"}]}<\/script>\n<!-- \/ Yoast SEO plugin. -->","yoast_head_json":{"title":"\u00bfCu\u00e1nto cuesta la Green Card? - USA GC","description":"\u00bfCu\u00e1nto cuesta solicitar una Green Card americana? Depende de las condiciones para obtenerla.","robots":{"index":"index","follow":"follow","max-snippet":"max-snippet:-1","max-image-preview":"max-image-preview:large","max-video-preview":"max-video-preview:-1"},"canonical":"https:\/\/us-gc.net\/es\/precio-green-card\/","og_locale":"es_ES","og_type":"article","og_title":"\u00bfCu\u00e1nto cuesta la Green Card? - USA GC","og_description":"\u00bfCu\u00e1nto cuesta solicitar una Green Card americana? Depende de las condiciones para obtenerla.","og_url":"https:\/\/us-gc.net\/es\/precio-green-card\/","og_site_name":"USA GC","article_modified_time":"2025-03-31T11:22:35+00:00","twitter_card":"summary_large_image","twitter_misc":{"Tiempo de lectura":"2 minutos"},"schema":{"@context":"https:\/\/schema.org","@graph":[{"@type":"WebPage","@id":"https:\/\/us-gc.net\/es\/precio-green-card\/","url":"https:\/\/us-gc.net\/es\/precio-green-card\/","name":"\u00bfCu\u00e1nto cuesta la Green Card? - USA GC","isPartOf":{"@id":"https:\/\/us-gc.net\/es\/#website"},"datePublished":"2024-02-08T15:57:06+00:00","dateModified":"2025-03-31T11:22:35+00:00","description":"\u00bfCu\u00e1nto cuesta solicitar una Green Card americana? Depende de las condiciones para obtenerla.","breadcrumb":{"@id":"https:\/\/us-gc.net\/es\/precio-green-card\/#breadcrumb"},"inLanguage":"es","potentialAction":[{"@type":"ReadAction","target":["https:\/\/us-gc.net\/es\/precio-green-card\/"]}]},{"@type":"BreadcrumbList","@id":"https:\/\/us-gc.net\/es\/precio-green-card\/#breadcrumb","itemListElement":[{"@type":"ListItem","position":1,"name":"Accueil","item":"https:\/\/us-gc.net\/es\/green-card\/"},{"@type":"ListItem","position":2,"name":"\u00bfCu\u00e1nto cuesta la Green Card?"}]},{"@type":"WebSite","@id":"https:\/\/us-gc.net\/es\/#website","url":"https:\/\/us-gc.net\/es\/","name":"USA GC","description":"","potentialAction":[{"@type":"SearchAction","target":{"@type":"EntryPoint","urlTemplate":"https:\/\/us-gc.net\/es\/?s={search_term_string}"},"query-input":{"@type":"PropertyValueSpecification","valueRequired":true,"valueName":"search_term_string"}}],"inLanguage":"es"}]}},"_links":{"self":[{"href":"https:\/\/us-gc.net\/es\/wp-json\/wp\/v2\/pages\/1311","targetHints":{"allow":["GET"]}}],"collection":[{"href":"https:\/\/us-gc.net\/es\/wp-json\/wp\/v2\/pages"}],"about":[{"href":"https:\/\/us-gc.net\/es\/wp-json\/wp\/v2\/types\/page"}],"author":[{"embeddable":true,"href":"https:\/\/us-gc.net\/es\/wp-json\/wp\/v2\/users\/1"}],"replies":[{"embeddable":true,"href":"https:\/\/us-gc.net\/es\/wp-json\/wp\/v2\/comments?post=1311"}],"version-history":[{"count":3,"href":"https:\/\/us-gc.net\/es\/wp-json\/wp\/v2\/pages\/1311\/revisions"}],"predecessor-version":[{"id":10139,"href":"https:\/\/us-gc.net\/es\/wp-json\/wp\/v2\/pages\/1311\/revisions\/10139"}],"wp:attachment":[{"href":"https:\/\/us-gc.net\/es\/wp-json\/wp\/v2\/media?parent=1311"}],"curies":[{"name":"wp","href":"https:\/\/api.w.org\/{rel}","templated":true}]}}