{"id":1260,"date":"2024-01-31T16:27:17","date_gmt":"2024-01-31T16:27:17","guid":{"rendered":"https:\/\/green-card-usa.net\/green-card-entrevista\/"},"modified":"2024-12-30T09:41:03","modified_gmt":"2024-12-30T09:41:03","slug":"green-card-entrevista","status":"publish","type":"page","link":"https:\/\/us-gc.net\/es\/green-card-entrevista\/","title":{"rendered":"C\u00f3mo obtener la Green Card"},"content":{"rendered":"\n<h1 class=\"wp-block-heading\" id=\"h-comment-preparer-l-entretien-pour-la-green-card\">C\u00f3mo preparar la entrevista para la tarjeta verde<\/h1>\n\n<h3 class=\"wp-block-heading\" id=\"h-confirmation-du-rendez-vous-pour-passer-l-entretien\">Confirmaci\u00f3n de la cita para la entrevista<\/h3>\n\n<p>Una vez que las autoridades estadounidenses hayan revisado el formulario DS-260 cumplimentado, el solicitante recibir\u00e1 un correo electr\u00f3nico en el que se le informar\u00e1 de que se ha programado una entrevista en la embajada o consulado estadounidense seleccionado. Los solicitantes deben conectarse a la p\u00e1gina web del <a href=\"https:\/\/us-gc.net\/es\/diversity-visa-program\/\">programa de visados de diversidad<\/a> utilizando su n\u00famero de registro. Esta conexi\u00f3n les permitir\u00e1 confirmar la fecha, hora y lugar de la entrevista.<\/p>\n\n<h3 class=\"wp-block-heading\" id=\"h-preparation-de-l-interview\">Preparaci\u00f3n de la entrevista<\/h3>\n\n<p>Prepararse para la entrevista es esencial. El candidato debe completar los siguientes pasos importantes antes de la fecha de la entrevista:<\/p>\n\n<ol class=\"wp-block-list\">\n<li>Examinar la informaci\u00f3n como participante en el sitio web del <a href=\"https:\/\/us-gc.net\/es\/diversity-visa-program\/\">Programa DV<\/a>;<\/li>\n\n\n\n<li>Consulte las instrucciones para la entrevista de la embajada en la que vaya a realizarla;<\/li>\n\n\n\n<li>Planificaci\u00f3n y realizaci\u00f3n de un reconocimiento m\u00e9dico. Debe concertar una cita con un m\u00e9dico autorizado en el pa\u00eds donde vaya a ser entrevistado. Deber\u00e1 pasar el reconocimiento m\u00e9dico, as\u00ed como las vacunas exigidas, antes de la fecha prevista para la entrevista para el visado. Una vez finalizado el reconocimiento m\u00e9dico, recibir\u00e1 un sobre sellado para el reconocimiento m\u00e9dico que deber\u00e1 llevar a la entrevista para el visado. Algunos m\u00e9dicos env\u00edan los resultados del reconocimiento m\u00e9dico directamente a la embajada o consulado.<\/li>\n\n\n\n<li>Re\u00fana las fotograf\u00edas y todos los documentos necesarios. Cada solicitante debe llevar a la entrevista dos <a href=\"https:\/\/us-gc.net\/es\/foto-green-card\/\">fotos<\/a> id\u00e9nticas <a href=\"https:\/\/us-gc.net\/es\/foto-green-card\/\">de la Tarjeta Verde<\/a>.<\/li>\n<\/ol>\n\n<div style=\"height:10px\" aria-hidden=\"true\" class=\"wp-block-spacer\"><\/div>\n\n<h3 class=\"wp-block-heading\" id=\"h-documents-a-fournir-lors-de-l-entretien-pour-la-green-card\">Documentos que deben presentarse en la entrevista para la tarjeta verde<\/h3>\n\n<p>En la entrevista en la <a href=\"https:\/\/www.usembassy.gov\/\">Embajada de EE.UU.<\/a>, el solicitante deber\u00e1 presentar la siguiente informaci\u00f3n:<\/p>\n\n<ul class=\"wp-block-list\">\n<li>Informaci\u00f3n de la cita impresa desde la cuenta del participante en el sitio web del <a href=\"https:\/\/us-gc.net\/es\/diversity-visa-program\/\">Programa DV<\/a>;<\/li>\n\n\n\n<li>La p\u00e1gina de confirmaci\u00f3n del formulario DS-260 impreso ;<\/li>\n\n\n\n<li>Un pasaporte v\u00e1lido durante seis meses despu\u00e9s de la fecha prevista de entrada en Estados Unidos ;<\/li>\n\n\n\n<li>Documentos originales o copias compulsadas de los documentos civiles presentados en el Centro Consular de Kentucky cuando se valid\u00f3 el formulario DS-260.<\/li>\n<\/ul>\n\n<div style=\"height:10px\" aria-hidden=\"true\" class=\"wp-block-spacer\"><\/div>\n\n<h3 class=\"wp-block-heading\" id=\"h-payer-les-frais-de-visa\">Pago de tasas de visado<\/h3>\n\n<p>Antes de la entrevista en la embajada, cada solicitante debe pagar la <a href=\"https:\/\/us-gc.net\/es\/precio-green-card\/\">tasa del visado de diversidad<\/a>. Para los solicitantes de la <a href=\"https:\/\/us-gc.net\/es\/green-card-loteria-2024\/\">Loter\u00eda de la Tarjeta Verde 2024<\/a>: <strong>la tasa es de 330 d\u00f3lares por persona<\/strong>. Esta tasa no es reembolsable, independientemente del resultado de la solicitud de visado del Programa de Diversidad.<\/p>\n\n<p>Deber\u00e1 pagar sus tasas antes de la fecha y hora de su entrevista siguiendo las instrucciones de la embajada o consulado estadounidense donde vaya a ser entrevistado.<\/p>\n\n<div style=\"height:10px\" aria-hidden=\"true\" class=\"wp-block-spacer\"><\/div>\n\n<h2 class=\"wp-block-heading\" id=\"h-l-entretien-pour-obtenir-la-green-card-peut-il-etre-annule\">\u00bfSe puede anular la entrevista para la Green Card?<\/h2>\n\n<p>S\u00ed, la entrevista para la <a href=\"https:\/\/us-gc.net\/es\/\">Green Card<\/a> puede cancelarse o aplazarse en determinadas circunstancias. He aqu\u00ed algunas razones por las que esto puede ocurrir:<\/p>\n\n<ul class=\"wp-block-list\">\n<li><strong>Solicitud de aplazamiento del candidato<\/strong>: Si tiene un conflicto o una emergencia, puede pedir a USCIS que aplace su entrevista. Es importante dar una raz\u00f3n v\u00e1lida y aportar pruebas si es necesario;<\/li>\n\n\n\n<li><strong>Un problema administrativo<\/strong>: USCIS puede cancelar o posponer una entrevista si faltan documentos, si hay problemas con su expediente o si el funcionario encargado de su expediente no est\u00e1 disponible;<\/li>\n\n\n\n<li><strong>Condiciones meteorol\u00f3gicas o desastres naturales<\/strong>: Acontecimientos imprevistos como fuertes tormentas u otros desastres naturales pueden obligar a USCIS a cerrar sus oficinas y cancelar las entrevistas programadas;<\/li>\n\n\n\n<li><strong>Razones<\/strong> de seguridad o salud p\u00fablica: Situaciones como las pandemias pueden dar lugar a la cancelaci\u00f3n de entrevistas por razones de seguridad o salud p\u00fablica.<\/li>\n<\/ul>\n\n<p>Si se cancela su entrevista, es esencial que mantenga actualizados sus datos de contacto con el USCIS para asegurarse de que recibe todas las comunicaciones importantes relativas a su caso.<\/p>\n\n<h2 class=\"wp-block-heading\" id=\"h-peut-on-obtenir-la-green-card-sans-passer-l-interview\">\u00bfPuedo obtener la Green Card sin tener una entrevista?<\/h2>\n\n<p>La gran mayor\u00eda de los solicitantes de la Tarjeta Verde deben asistir a una entrevista. La entrevista permite al USCIS verificar la informaci\u00f3n facilitada en la solicitud, autentificar los documentos y asegurarse de que el solicitante cumple todas las condiciones exigidas para convertirse en residente permanente.  <\/p>\n\n<p>Sin embargo, en determinadas circunstancias espec\u00edficas, el mantenimiento puede no ser necesario. He aqu\u00ed algunas situaciones en las que esto puede ocurrir:<\/p>\n\n<ul class=\"wp-block-list\">\n<li>Ajuste de estatus <strong>para<\/strong> determinadas categor\u00edas de inmigrantes : En algunos casos, para categor\u00edas espec\u00edficas de inmigrantes, USCIS puede decidir que una entrevista no es necesaria y aprobar la solicitud de ajuste de estatus sin una entrevista. Esto puede ocurrir con determinadas categor\u00edas de visados basados en el empleo, sobre todo si el expediente es especialmente claro y completo;<\/li>\n\n\n\n<li><strong>Exenci\u00f3n<\/strong> de la entrevista: En casos excepcionales, si el solicitante puede demostrar que el viaje para la entrevista le causar\u00eda dificultades extremas o innecesarias, USCIS puede considerar la exenci\u00f3n de la entrevista. Estas situaciones son excepcionales;<\/li>\n\n\n\n<li><strong>Experiencias<\/strong> anteriores: Durante periodos de gran demanda o limitaciones operativas, USCIS ha ajustado a veces sus pr\u00e1cticas limitando las entrevistas para determinadas categor\u00edas de solicitantes. Este ha sido el caso en el pasado para algunas renovaciones de tarjeta verde o ajustes de estatus que no planteaban cuestiones complejas que requirieran una entrevista.<\/li>\n\n\n\n<li><strong>Cambios de pol\u00edtica en respuesta a una crisis<\/strong>: Durante una crisis sanitaria como la pandemia de COVID-19, USCIS adapt\u00f3 sus pol\u00edticas y procedimientos. Se ha reducido el n\u00famero de entrevistas necesarias.<\/li>\n<\/ul>\n\n<div style=\"height:10px\" aria-hidden=\"true\" class=\"wp-block-spacer\"><\/div>\n\n<h2 class=\"wp-block-heading\" id=\"h-combien-de-temps-dure-l-entretien\">\u00bfCu\u00e1nto dura la entrevista?<\/h2>\n\n<p>La duraci\u00f3n de una entrevista para obtener la tarjeta verde puede variar en funci\u00f3n de varios factores. Suele durar entre 20 minutos y una hora. La complejidad del caso, las preguntas que el funcionario de inmigraci\u00f3n desee abordar y el n\u00famero de documentos que haya que comprobar pueden influir en la duraci\u00f3n de la entrevista.<\/p>\n\n<p>Es aconsejable llegar a la entrevista bien preparado y dispuesto a responder plenamente a todas las preguntas. Debe dejar tiempo suficiente antes y despu\u00e9s de la entrevista para realizar cualquier tr\u00e1mite administrativo adicional in situ.<\/p>\n\n<h2 class=\"wp-block-heading\" id=\"h-combien-de-temps-apres-l-entretien-on-obtient-la-green-card\">\u00bfCu\u00e1nto tiempo se tarda en obtener la Green Card despu\u00e9s de la entrevista?<\/h2>\n\n<p>Por regla general, USCIS informa al solicitante de la decisi\u00f3n relativa a su solicitud poco despu\u00e9s de la entrevista. Si se aprueba la solicitud, la producci\u00f3n y el env\u00edo de la Carta Verde pueden tardar unas semanas en finalizar. USCIS suele facilitar un plazo estimado para la recepci\u00f3n de la tarjeta una vez aprobada la solicitud.<\/p>\n\n<p>Es importante mantenerse en contacto con el USCIS y supervisar el estado de la solicitud en el sitio web del <a href=\"https:\/\/us-gc.net\/es\/diversity-visa-program\/\">Programa de Visados de Diversidad<\/a>.<\/p>\n","protected":false},"excerpt":{"rendered":"<p>C\u00f3mo preparar la entrevista para la tarjeta verde Confirmaci\u00f3n de la cita para la entrevista Una vez que las autoridades estadounidenses hayan revisado el formulario DS-260 cumplimentado, el solicitante recibir\u00e1 un correo electr\u00f3nico en el que se le informar\u00e1 de que se ha programado una entrevista en la embajada o consulado estadounidense seleccionado. Los solicitantes [&hellip;]<\/p>\n","protected":false},"author":1,"featured_media":0,"parent":0,"menu_order":0,"comment_status":"closed","ping_status":"closed","template":"","meta":{"footnotes":""},"class_list":["post-1260","page","type-page","status-publish","hentry"],"yoast_head":"<!-- This site is optimized with the Yoast SEO plugin v27.4 - https:\/\/yoast.com\/product\/yoast-seo-wordpress\/ -->\n<title>C\u00f3mo obtener la Green Card - USA GC<\/title>\n<meta name=\"description\" content=\"C\u00f3mo tener \u00e9xito en la entrevista para la Green Card\" \/>\n<meta name=\"robots\" content=\"index, follow, max-snippet:-1, max-image-preview:large, max-video-preview:-1\" \/>\n<link rel=\"canonical\" href=\"https:\/\/us-gc.net\/es\/green-card-entrevista\/\" \/>\n<meta property=\"og:locale\" content=\"es_ES\" \/>\n<meta property=\"og:type\" content=\"article\" \/>\n<meta property=\"og:title\" content=\"C\u00f3mo obtener la Green Card - USA GC\" \/>\n<meta property=\"og:description\" content=\"C\u00f3mo tener \u00e9xito en la entrevista para la Green Card\" \/>\n<meta property=\"og:url\" content=\"https:\/\/us-gc.net\/es\/green-card-entrevista\/\" \/>\n<meta property=\"og:site_name\" content=\"USA GC\" \/>\n<meta property=\"article:modified_time\" content=\"2024-12-30T09:41:03+00:00\" \/>\n<meta name=\"twitter:card\" content=\"summary_large_image\" \/>\n<meta name=\"twitter:label1\" content=\"Tiempo de lectura\" \/>\n\t<meta name=\"twitter:data1\" content=\"5 minutos\" \/>\n<script type=\"application\/ld+json\" class=\"yoast-schema-graph\">{\"@context\":\"https:\\\/\\\/schema.org\",\"@graph\":[{\"@type\":\"WebPage\",\"@id\":\"https:\\\/\\\/us-gc.net\\\/es\\\/green-card-entrevista\\\/\",\"url\":\"https:\\\/\\\/us-gc.net\\\/es\\\/green-card-entrevista\\\/\",\"name\":\"C\u00f3mo obtener la Green Card - USA GC\",\"isPartOf\":{\"@id\":\"https:\\\/\\\/us-gc.net\\\/es\\\/#website\"},\"datePublished\":\"2024-01-31T16:27:17+00:00\",\"dateModified\":\"2024-12-30T09:41:03+00:00\",\"description\":\"C\u00f3mo tener \u00e9xito en la entrevista para la Green Card\",\"breadcrumb\":{\"@id\":\"https:\\\/\\\/us-gc.net\\\/es\\\/green-card-entrevista\\\/#breadcrumb\"},\"inLanguage\":\"es\",\"potentialAction\":[{\"@type\":\"ReadAction\",\"target\":[\"https:\\\/\\\/us-gc.net\\\/es\\\/green-card-entrevista\\\/\"]}]},{\"@type\":\"BreadcrumbList\",\"@id\":\"https:\\\/\\\/us-gc.net\\\/es\\\/green-card-entrevista\\\/#breadcrumb\",\"itemListElement\":[{\"@type\":\"ListItem\",\"position\":1,\"name\":\"Accueil\",\"item\":\"https:\\\/\\\/us-gc.net\\\/es\\\/green-card\\\/\"},{\"@type\":\"ListItem\",\"position\":2,\"name\":\"C\u00f3mo obtener la Green Card\"}]},{\"@type\":\"WebSite\",\"@id\":\"https:\\\/\\\/us-gc.net\\\/es\\\/#website\",\"url\":\"https:\\\/\\\/us-gc.net\\\/es\\\/\",\"name\":\"USA GC\",\"description\":\"\",\"potentialAction\":[{\"@type\":\"SearchAction\",\"target\":{\"@type\":\"EntryPoint\",\"urlTemplate\":\"https:\\\/\\\/us-gc.net\\\/es\\\/?s={search_term_string}\"},\"query-input\":{\"@type\":\"PropertyValueSpecification\",\"valueRequired\":true,\"valueName\":\"search_term_string\"}}],\"inLanguage\":\"es\"}]}<\/script>\n<!-- \/ Yoast SEO plugin. -->","yoast_head_json":{"title":"C\u00f3mo obtener la Green Card - USA GC","description":"C\u00f3mo tener \u00e9xito en la entrevista para la Green Card","robots":{"index":"index","follow":"follow","max-snippet":"max-snippet:-1","max-image-preview":"max-image-preview:large","max-video-preview":"max-video-preview:-1"},"canonical":"https:\/\/us-gc.net\/es\/green-card-entrevista\/","og_locale":"es_ES","og_type":"article","og_title":"C\u00f3mo obtener la Green Card - USA GC","og_description":"C\u00f3mo tener \u00e9xito en la entrevista para la Green Card","og_url":"https:\/\/us-gc.net\/es\/green-card-entrevista\/","og_site_name":"USA GC","article_modified_time":"2024-12-30T09:41:03+00:00","twitter_card":"summary_large_image","twitter_misc":{"Tiempo de lectura":"5 minutos"},"schema":{"@context":"https:\/\/schema.org","@graph":[{"@type":"WebPage","@id":"https:\/\/us-gc.net\/es\/green-card-entrevista\/","url":"https:\/\/us-gc.net\/es\/green-card-entrevista\/","name":"C\u00f3mo obtener la Green Card - USA GC","isPartOf":{"@id":"https:\/\/us-gc.net\/es\/#website"},"datePublished":"2024-01-31T16:27:17+00:00","dateModified":"2024-12-30T09:41:03+00:00","description":"C\u00f3mo tener \u00e9xito en la entrevista para la Green Card","breadcrumb":{"@id":"https:\/\/us-gc.net\/es\/green-card-entrevista\/#breadcrumb"},"inLanguage":"es","potentialAction":[{"@type":"ReadAction","target":["https:\/\/us-gc.net\/es\/green-card-entrevista\/"]}]},{"@type":"BreadcrumbList","@id":"https:\/\/us-gc.net\/es\/green-card-entrevista\/#breadcrumb","itemListElement":[{"@type":"ListItem","position":1,"name":"Accueil","item":"https:\/\/us-gc.net\/es\/green-card\/"},{"@type":"ListItem","position":2,"name":"C\u00f3mo obtener la Green Card"}]},{"@type":"WebSite","@id":"https:\/\/us-gc.net\/es\/#website","url":"https:\/\/us-gc.net\/es\/","name":"USA GC","description":"","potentialAction":[{"@type":"SearchAction","target":{"@type":"EntryPoint","urlTemplate":"https:\/\/us-gc.net\/es\/?s={search_term_string}"},"query-input":{"@type":"PropertyValueSpecification","valueRequired":true,"valueName":"search_term_string"}}],"inLanguage":"es"}]}},"_links":{"self":[{"href":"https:\/\/us-gc.net\/es\/wp-json\/wp\/v2\/pages\/1260","targetHints":{"allow":["GET"]}}],"collection":[{"href":"https:\/\/us-gc.net\/es\/wp-json\/wp\/v2\/pages"}],"about":[{"href":"https:\/\/us-gc.net\/es\/wp-json\/wp\/v2\/types\/page"}],"author":[{"embeddable":true,"href":"https:\/\/us-gc.net\/es\/wp-json\/wp\/v2\/users\/1"}],"replies":[{"embeddable":true,"href":"https:\/\/us-gc.net\/es\/wp-json\/wp\/v2\/comments?post=1260"}],"version-history":[{"count":1,"href":"https:\/\/us-gc.net\/es\/wp-json\/wp\/v2\/pages\/1260\/revisions"}],"predecessor-version":[{"id":7741,"href":"https:\/\/us-gc.net\/es\/wp-json\/wp\/v2\/pages\/1260\/revisions\/7741"}],"wp:attachment":[{"href":"https:\/\/us-gc.net\/es\/wp-json\/wp\/v2\/media?parent=1260"}],"curies":[{"name":"wp","href":"https:\/\/api.w.org\/{rel}","templated":true}]}}