{"id":1149,"date":"2024-01-31T16:36:26","date_gmt":"2024-01-31T16:36:26","guid":{"rendered":"https:\/\/green-card-usa.net\/green-card-patrocinio\/"},"modified":"2024-12-30T09:46:02","modified_gmt":"2024-12-30T09:46:02","slug":"green-card-patrocinio","status":"publish","type":"page","link":"https:\/\/us-gc.net\/es\/green-card-patrocinio\/","title":{"rendered":"Apadrinar a un solicitante de Green Card"},"content":{"rendered":"\n<h1 class=\"wp-block-heading\" id=\"h-obtenir-la-green-card-grace-au-parrainage\">Obtener la Green Card mediante apadrinamiento<\/h1>\n\n<p>La obtenci\u00f3n de una Green Card americana a trav\u00e9s de un patrocinador permite a los inmigrantes convertirse en residentes permanentes en Estados Unidos. He aqu\u00ed los aspectos esenciales del apadrinamiento de la Green Card y las obligaciones del padrino.<\/p>\n\n<h2 class=\"wp-block-heading\" id=\"h-qu-est-ce-que-le-parrainage-de-la-green-card\">\u00bfQu\u00e9 es el apadrinamiento de la Green Card?<\/h2>\n\n<p>El patrocinio de la Green Card se refiere al acto de apoyar la solicitud de residencia permanente en Estados Unidos de una persona. Este apoyo puede proceder de un familiar que ya sea ciudadano estadounidense o titular de una <a href=\"https:\/\/us-gc.net\/es\/\">Green Card<\/a>, o de un empleador estadounidense.<\/p>\n\n<p>El padrino es una especie de garante moral del solicitante de la Carta Verde.  <\/p>\n\n<h2 class=\"wp-block-heading\" id=\"h-parrainage-familial\">Patrocinio familiar<\/h2>\n\n<h3 class=\"wp-block-heading\" id=\"h-le-titulaire-d-une-green-card-peut-il-parrainer-ses-parents\">\u00bfPueden los titulares de la Green Card apadrinar a sus padres?<\/h3>\n\n<p>No, los titulares de la Green Card no pueden apadrinar a sus padres. S\u00f3lo los ciudadanos estadounidenses pueden apadrinar a sus padres para obtener la Green Card como familiares directos.<\/p>\n\n<h3 class=\"wp-block-heading\" id=\"h-le-titulaire-d-une-green-card-peut-il-parrainer-son-conjoint\">\u00bfPuede el titular de un permiso de residencia apadrinar a su c\u00f3nyuge?<\/h3>\n\n<p>S\u00ed, los titulares de la Green Card pueden apadrinar a su c\u00f3nyuge para obtener la residencia permanente en Estados Unidos.<\/p>\n\n<h3 class=\"wp-block-heading\" id=\"h-le-titulaire-d-une-green-card-peut-il-parrainer-ses-freres-et-soeurs\">\u00bfPueden los titulares de la Green Card apadrinar a sus hermanos y hermanas?<\/h3>\n\n<p>No, los titulares de la Green Card no pueden apadrinar a sus hermanos y hermanas. Esta opci\u00f3n s\u00f3lo est\u00e1 disponible para ciudadanos estadounidenses.<\/p>\n\n<h3 class=\"wp-block-heading\" id=\"h-le-titulaire-d-une-green-card-peut-il-parrainer-un-enfant-de-plus-de-21-ans\">\u00bfPuede un titular de la Green Card apadrinar a un hijo mayor de 21 a\u00f1os?<\/h3>\n\n<p>S\u00ed, los titulares de la Green Card pueden apadrinar a sus hijos solteros mayores de 21 a\u00f1os, pero pertenecen a una categor\u00eda preferente, lo que puede dar lugar a mayores retrasos.<\/p>\n\n<h2 class=\"wp-block-heading\" id=\"h-une-entreprise-peut-elle-sponsoriser-une-green-card\">\u00bfPuede una empresa patrocinar una Green Card?<\/h2>\n\n<p>S\u00ed, una empresa puede patrocinar a un empleado para que obtenga la Green Card a trav\u00e9s del proceso de certificaci\u00f3n laboral o de otras categor\u00edas de empleo.<\/p>\n\n<h2 class=\"wp-block-heading\" id=\"h-les-etapes-pour-obtenir-une-green-card-grace-a-un-sponsor\">Pasos para obtener la Carta Verde gracias a un padrino<\/h2>\n\n<ol class=\"wp-block-list\">\n<li><strong>Identificar al patrocinador<\/strong>: Determine si puede ser patrocinado por un familiar o un empresario.<\/li>\n\n\n\n<li><strong>Presentaci\u00f3n del formulario I-130<\/strong> para un apadrinamiento familiar. En el caso de un empleador patrocinador, debe iniciarse un proceso de certificaci\u00f3n de trabajo.<\/li>\n\n\n\n<li><strong>Espera de la aprobaci\u00f3n<\/strong>: Los plazos var\u00edan en funci\u00f3n de la categor\u00eda de apadrinamiento y del origen nacional del solicitante.<\/li>\n\n\n\n<li><strong>Ajuste de estatus o proceso consular<\/strong>: Si ya est\u00e1 en Estados Unidos, puede ajustar su estatus. De lo contrario, tendr\u00e1 que pasar por el proceso consular en su pa\u00eds de origen.<\/li>\n\n\n\n<li><strong>Entrevista y aprobaci\u00f3n<\/strong>: Asista a una <a href=\"https:\/\/us-gc.net\/es\/green-card-entrevista\/\">entrevista sobre la Green Card<\/a> en el consulado o con el personal del <a href=\"https:\/\/www.uscis.gov\/\">USCIS<\/a> para validar su solicitud.<\/li>\n<\/ol>\n\n<h2 class=\"wp-block-heading\" id=\"h-le-sponsor-peut-il-revoquer-la-green-card\">\u00bfPuede el padrino revocar la Carta Verde?<\/h2>\n\n<p>Una vez que se ha concedido la Carta Verde, el patrocinador generalmente no puede revocarla. Sin embargo, hay excepciones, sobre todo si la Carta Verde se obtuvo mediante fraude.<\/p>\n\n<h2 class=\"wp-block-heading\" id=\"h-faut-il-un-sponsor-pour-participer-a-la-loterie\">\u00bfNecesito un padrino para participar en la loter\u00eda?<\/h2>\n\n<p>No, no necesita un padrino para participar en la <a href=\"https:\/\/us-gc.net\/es\/loteria-green-card\/\">loter\u00eda de la Green Card<\/a>. La inscripci\u00f3n se realiza \u00edntegramente en l\u00ednea en s\u00f3lo unos minutos. Para asegurar su participaci\u00f3n, haga clic en el <a href=\"https:\/\/us-gc.net\/es\/formulario-loteria-green-card\/\">formulario en l\u00ednea<\/a>.<\/p>\n","protected":false},"excerpt":{"rendered":"<p>Obtener la Green Card mediante apadrinamiento La obtenci\u00f3n de una Green Card americana a trav\u00e9s de un patrocinador permite a los inmigrantes convertirse en residentes permanentes en Estados Unidos. He aqu\u00ed los aspectos esenciales del apadrinamiento de la Green Card y las obligaciones del padrino. \u00bfQu\u00e9 es el apadrinamiento de la Green Card? El patrocinio [&hellip;]<\/p>\n","protected":false},"author":1,"featured_media":0,"parent":0,"menu_order":0,"comment_status":"closed","ping_status":"closed","template":"","meta":{"footnotes":""},"class_list":["post-1149","page","type-page","status-publish","hentry"],"yoast_head":"<!-- This site is optimized with the Yoast SEO plugin v27.4 - https:\/\/yoast.com\/product\/yoast-seo-wordpress\/ -->\n<title>Apadrinar a un solicitante de Green Card - USA GC<\/title>\n<meta name=\"description\" content=\"Los titulares de una Green Card pueden apadrinar a un solicitante de Green Card en determinadas circunstancias\" \/>\n<meta name=\"robots\" content=\"index, follow, max-snippet:-1, max-image-preview:large, max-video-preview:-1\" \/>\n<link rel=\"canonical\" href=\"https:\/\/us-gc.net\/es\/green-card-patrocinio\/\" \/>\n<meta property=\"og:locale\" content=\"es_ES\" \/>\n<meta property=\"og:type\" content=\"article\" \/>\n<meta property=\"og:title\" content=\"Apadrinar a un solicitante de Green Card - USA GC\" \/>\n<meta property=\"og:description\" content=\"Los titulares de una Green Card pueden apadrinar a un solicitante de Green Card en determinadas circunstancias\" \/>\n<meta property=\"og:url\" content=\"https:\/\/us-gc.net\/es\/green-card-patrocinio\/\" \/>\n<meta property=\"og:site_name\" content=\"USA GC\" \/>\n<meta property=\"article:modified_time\" content=\"2024-12-30T09:46:02+00:00\" \/>\n<meta name=\"twitter:card\" content=\"summary_large_image\" \/>\n<meta name=\"twitter:label1\" content=\"Tiempo de lectura\" \/>\n\t<meta name=\"twitter:data1\" content=\"3 minutos\" \/>\n<script type=\"application\/ld+json\" class=\"yoast-schema-graph\">{\"@context\":\"https:\\\/\\\/schema.org\",\"@graph\":[{\"@type\":\"WebPage\",\"@id\":\"https:\\\/\\\/us-gc.net\\\/es\\\/green-card-patrocinio\\\/\",\"url\":\"https:\\\/\\\/us-gc.net\\\/es\\\/green-card-patrocinio\\\/\",\"name\":\"Apadrinar a un solicitante de Green Card - USA GC\",\"isPartOf\":{\"@id\":\"https:\\\/\\\/us-gc.net\\\/es\\\/#website\"},\"datePublished\":\"2024-01-31T16:36:26+00:00\",\"dateModified\":\"2024-12-30T09:46:02+00:00\",\"description\":\"Los titulares de una Green Card pueden apadrinar a un solicitante de Green Card en determinadas circunstancias\",\"breadcrumb\":{\"@id\":\"https:\\\/\\\/us-gc.net\\\/es\\\/green-card-patrocinio\\\/#breadcrumb\"},\"inLanguage\":\"es\",\"potentialAction\":[{\"@type\":\"ReadAction\",\"target\":[\"https:\\\/\\\/us-gc.net\\\/es\\\/green-card-patrocinio\\\/\"]}]},{\"@type\":\"BreadcrumbList\",\"@id\":\"https:\\\/\\\/us-gc.net\\\/es\\\/green-card-patrocinio\\\/#breadcrumb\",\"itemListElement\":[{\"@type\":\"ListItem\",\"position\":1,\"name\":\"Accueil\",\"item\":\"https:\\\/\\\/us-gc.net\\\/es\\\/green-card\\\/\"},{\"@type\":\"ListItem\",\"position\":2,\"name\":\"Apadrinar a un solicitante de Green Card\"}]},{\"@type\":\"WebSite\",\"@id\":\"https:\\\/\\\/us-gc.net\\\/es\\\/#website\",\"url\":\"https:\\\/\\\/us-gc.net\\\/es\\\/\",\"name\":\"USA GC\",\"description\":\"\",\"potentialAction\":[{\"@type\":\"SearchAction\",\"target\":{\"@type\":\"EntryPoint\",\"urlTemplate\":\"https:\\\/\\\/us-gc.net\\\/es\\\/?s={search_term_string}\"},\"query-input\":{\"@type\":\"PropertyValueSpecification\",\"valueRequired\":true,\"valueName\":\"search_term_string\"}}],\"inLanguage\":\"es\"}]}<\/script>\n<!-- \/ Yoast SEO plugin. -->","yoast_head_json":{"title":"Apadrinar a un solicitante de Green Card - USA GC","description":"Los titulares de una Green Card pueden apadrinar a un solicitante de Green Card en determinadas circunstancias","robots":{"index":"index","follow":"follow","max-snippet":"max-snippet:-1","max-image-preview":"max-image-preview:large","max-video-preview":"max-video-preview:-1"},"canonical":"https:\/\/us-gc.net\/es\/green-card-patrocinio\/","og_locale":"es_ES","og_type":"article","og_title":"Apadrinar a un solicitante de Green Card - USA GC","og_description":"Los titulares de una Green Card pueden apadrinar a un solicitante de Green Card en determinadas circunstancias","og_url":"https:\/\/us-gc.net\/es\/green-card-patrocinio\/","og_site_name":"USA GC","article_modified_time":"2024-12-30T09:46:02+00:00","twitter_card":"summary_large_image","twitter_misc":{"Tiempo de lectura":"3 minutos"},"schema":{"@context":"https:\/\/schema.org","@graph":[{"@type":"WebPage","@id":"https:\/\/us-gc.net\/es\/green-card-patrocinio\/","url":"https:\/\/us-gc.net\/es\/green-card-patrocinio\/","name":"Apadrinar a un solicitante de Green Card - USA GC","isPartOf":{"@id":"https:\/\/us-gc.net\/es\/#website"},"datePublished":"2024-01-31T16:36:26+00:00","dateModified":"2024-12-30T09:46:02+00:00","description":"Los titulares de una Green Card pueden apadrinar a un solicitante de Green Card en determinadas circunstancias","breadcrumb":{"@id":"https:\/\/us-gc.net\/es\/green-card-patrocinio\/#breadcrumb"},"inLanguage":"es","potentialAction":[{"@type":"ReadAction","target":["https:\/\/us-gc.net\/es\/green-card-patrocinio\/"]}]},{"@type":"BreadcrumbList","@id":"https:\/\/us-gc.net\/es\/green-card-patrocinio\/#breadcrumb","itemListElement":[{"@type":"ListItem","position":1,"name":"Accueil","item":"https:\/\/us-gc.net\/es\/green-card\/"},{"@type":"ListItem","position":2,"name":"Apadrinar a un solicitante de Green Card"}]},{"@type":"WebSite","@id":"https:\/\/us-gc.net\/es\/#website","url":"https:\/\/us-gc.net\/es\/","name":"USA GC","description":"","potentialAction":[{"@type":"SearchAction","target":{"@type":"EntryPoint","urlTemplate":"https:\/\/us-gc.net\/es\/?s={search_term_string}"},"query-input":{"@type":"PropertyValueSpecification","valueRequired":true,"valueName":"search_term_string"}}],"inLanguage":"es"}]}},"_links":{"self":[{"href":"https:\/\/us-gc.net\/es\/wp-json\/wp\/v2\/pages\/1149","targetHints":{"allow":["GET"]}}],"collection":[{"href":"https:\/\/us-gc.net\/es\/wp-json\/wp\/v2\/pages"}],"about":[{"href":"https:\/\/us-gc.net\/es\/wp-json\/wp\/v2\/types\/page"}],"author":[{"embeddable":true,"href":"https:\/\/us-gc.net\/es\/wp-json\/wp\/v2\/users\/1"}],"replies":[{"embeddable":true,"href":"https:\/\/us-gc.net\/es\/wp-json\/wp\/v2\/comments?post=1149"}],"version-history":[{"count":1,"href":"https:\/\/us-gc.net\/es\/wp-json\/wp\/v2\/pages\/1149\/revisions"}],"predecessor-version":[{"id":7985,"href":"https:\/\/us-gc.net\/es\/wp-json\/wp\/v2\/pages\/1149\/revisions\/7985"}],"wp:attachment":[{"href":"https:\/\/us-gc.net\/es\/wp-json\/wp\/v2\/media?parent=1149"}],"curies":[{"name":"wp","href":"https:\/\/api.w.org\/{rel}","templated":true}]}}