{"id":1132,"date":"2024-02-04T15:55:27","date_gmt":"2024-02-04T15:55:27","guid":{"rendered":"https:\/\/green-card-usa.net\/loteria-green-card-2026\/"},"modified":"2025-03-31T10:09:28","modified_gmt":"2025-03-31T10:09:28","slug":"loteria-green-card-2026","status":"publish","type":"page","link":"https:\/\/us-gc.net\/es\/loteria-green-card-2026\/","title":{"rendered":"Loter\u00eda de la Tarjeta Verde 2026"},"content":{"rendered":"\n<h1 class=\"wp-block-heading\" id=\"h-la-loterie-de-la-green-card-2026\">Loter\u00eda de la Tarjeta Verde 2026<\/h1>\n\n<p>Cada a\u00f1o, Estados Unidos ofrece a m\u00e1s de 50.000 extranjeros la oportunidad de obtener una Tarjeta Verde por sorteo. Este sorteo forma parte del Programa de Visados de Diversidad de Estados Unidos. Este programa se cre\u00f3 para gestionar la inmigraci\u00f3n a Estados Unidos.<\/p>\n\n<h2 class=\"wp-block-heading\" id=\"h-qu-est-ce-que-la-loterie-de-la-green-card-2026\">\u00bfQu\u00e9 es la loter\u00eda de la Tarjeta Verde 2026?<\/h2>\n\n<p>Cada promoci\u00f3n del sorteo de la Green Card lleva el n\u00famero del a\u00f1o en que los candidatos ser\u00e1n finalmente titulares de una <a href=\"https:\/\/us-gc.net\/es\/\">Green Card americana<\/a>. As\u00ed pues, la loter\u00eda de la tarjeta verde de 2026 se refiere al cupo de tarjetas verdes que se expedir\u00e1n en 2026. La administraci\u00f3n estadounidense llama a esta promoci\u00f3n de nuevos visados resultantes del programa de diversidad DV-2026 por Diversity-Program 2026.<\/p>\n\n<h2 class=\"wp-block-heading\" id=\"h-quand-se-deroule-le-tirage-au-sort-du-quota-de-green-card-2026\">\u00bfCu\u00e1ndo es el sorteo del cupo de la Tarjeta Verde 2026?<\/h2>\n\n<p>Hay varias etapas en el proceso de obtenci\u00f3n de una Tarjeta Verde a trav\u00e9s de la loter\u00eda. La primera fase es el sorteo. <\/p>\n\n<p><strong>Los candidatos al DV2026 deb\u00edan inscribirse a partir del 2 de octubre de 2024<\/strong> para participar en el sorteo, que se celebra todos los a\u00f1os a principios de noviembre. La inscripci\u00f3n online para el sorteo DV2026 se cerr\u00f3 el 5 de noviembre de 2024. <\/p>\n\n<h2 class=\"wp-block-heading\" id=\"h-quand-sont-publies-les-resultats-du-tirage-au-sort-du-dv-2026\">\u00bfCu\u00e1ndo se publican los resultados del sorteo DV-2026?<\/h2>\n\n<p>Los resultados del sorteo de <a href=\"https:\/\/us-gc.net\/es\/resultados-loteria-green-card\/\">la Tarjeta Verde<\/a> se publican aproximadamente 6 meses despu\u00e9s de que finalicen las solicitudes: Los resultados del sorteo de la DV2026 se publican a partir de mayo de 2025.<\/p>\n\n<h2 class=\"wp-block-heading\" id=\"h-quel-sont-les-etapes-suivantes-pour-les-gagnants-de-la-loterie\">\u00bfCu\u00e1les son los siguientes pasos para los ganadores de loter\u00eda?<\/h2>\n\n<p>A continuaci\u00f3n, los ganadores deber\u00e1n solicitar un visado de diversidad. Los principales pasos para obtener la Carta Verde son :<\/p>\n\n<ul class=\"wp-block-list\">\n<li>Cumplimentar el <a href=\"https:\/\/travel.state.gov\/content\/travel\/en\/us-visas\/visa-information-resources\/forms\/online-immigrant-visa-forms\/ds-260-faqs.html\">impreso DS-260<\/a> de solicitud de visado.<\/li>\n\n\n\n<li>Pago de las <a href=\"https:\/\/us-gc.net\/es\/precio-green-card\/\">tasas exigidas para la obtenci\u00f3n de la Green Card<\/a> en el marco de esta solicitud de visado obligatoria;<\/li>\n\n\n\n<li>Haga su <a href=\"https:\/\/us-gc.net\/es\/green-card-entrevista\/\">entrevista para la Green Card<\/a> con un funcionario del USCIS que participe en el Programa de Visados de Diversidad.<\/li>\n<\/ul>\n\n<div style=\"height:10px\" aria-hidden=\"true\" class=\"wp-block-spacer\"><\/div>\n\n<p>La <a href=\"https:\/\/us-gc.net\/es\/diferencia-entre-green-card-y-visado\/\">Green Card y el visado son documentos diferentes<\/a>. La obtenci\u00f3n de un visado de diversidad es uno de los pasos para obtener la Green Card.<\/p>\n\n<p><\/p>\n\n<p><\/p>\n","protected":false},"excerpt":{"rendered":"<p>Loter\u00eda de la Tarjeta Verde 2026 Cada a\u00f1o, Estados Unidos ofrece a m\u00e1s de 50.000 extranjeros la oportunidad de obtener una Tarjeta Verde por sorteo. Este sorteo forma parte del Programa de Visados de Diversidad de Estados Unidos. Este programa se cre\u00f3 para gestionar la inmigraci\u00f3n a Estados Unidos. \u00bfQu\u00e9 es la loter\u00eda de la [&hellip;]<\/p>\n","protected":false},"author":1,"featured_media":0,"parent":0,"menu_order":0,"comment_status":"closed","ping_status":"closed","template":"","meta":{"footnotes":""},"class_list":["post-1132","page","type-page","status-publish","hentry"],"yoast_head":"<!-- This site is optimized with the Yoast SEO plugin v27.4 - https:\/\/yoast.com\/product\/yoast-seo-wordpress\/ -->\n<title>Loter\u00eda de la Tarjeta Verde 2026 - USA GC<\/title>\n<meta name=\"description\" content=\"Aqu\u00ed tienes toda la informaci\u00f3n sobre el programa para obtener la Tarjeta Verde por sorteo en 2026 en EEUU\" \/>\n<meta name=\"robots\" content=\"index, follow, max-snippet:-1, max-image-preview:large, max-video-preview:-1\" \/>\n<link rel=\"canonical\" href=\"https:\/\/us-gc.net\/es\/loteria-green-card-2026\/\" \/>\n<meta property=\"og:locale\" content=\"es_ES\" \/>\n<meta property=\"og:type\" content=\"article\" \/>\n<meta property=\"og:title\" content=\"Loter\u00eda de la Tarjeta Verde 2026 - USA GC\" \/>\n<meta property=\"og:description\" content=\"Aqu\u00ed tienes toda la informaci\u00f3n sobre el programa para obtener la Tarjeta Verde por sorteo en 2026 en EEUU\" \/>\n<meta property=\"og:url\" content=\"https:\/\/us-gc.net\/es\/loteria-green-card-2026\/\" \/>\n<meta property=\"og:site_name\" content=\"USA GC\" \/>\n<meta property=\"article:modified_time\" content=\"2025-03-31T10:09:28+00:00\" \/>\n<meta name=\"twitter:card\" content=\"summary_large_image\" \/>\n<meta name=\"twitter:label1\" content=\"Tiempo de lectura\" \/>\n\t<meta name=\"twitter:data1\" content=\"2 minutos\" \/>\n<script type=\"application\/ld+json\" class=\"yoast-schema-graph\">{\"@context\":\"https:\\\/\\\/schema.org\",\"@graph\":[{\"@type\":\"WebPage\",\"@id\":\"https:\\\/\\\/us-gc.net\\\/es\\\/loteria-green-card-2026\\\/\",\"url\":\"https:\\\/\\\/us-gc.net\\\/es\\\/loteria-green-card-2026\\\/\",\"name\":\"Loter\u00eda de la Tarjeta Verde 2026 - USA GC\",\"isPartOf\":{\"@id\":\"https:\\\/\\\/us-gc.net\\\/es\\\/#website\"},\"datePublished\":\"2024-02-04T15:55:27+00:00\",\"dateModified\":\"2025-03-31T10:09:28+00:00\",\"description\":\"Aqu\u00ed tienes toda la informaci\u00f3n sobre el programa para obtener la Tarjeta Verde por sorteo en 2026 en EEUU\",\"breadcrumb\":{\"@id\":\"https:\\\/\\\/us-gc.net\\\/es\\\/loteria-green-card-2026\\\/#breadcrumb\"},\"inLanguage\":\"es\",\"potentialAction\":[{\"@type\":\"ReadAction\",\"target\":[\"https:\\\/\\\/us-gc.net\\\/es\\\/loteria-green-card-2026\\\/\"]}]},{\"@type\":\"BreadcrumbList\",\"@id\":\"https:\\\/\\\/us-gc.net\\\/es\\\/loteria-green-card-2026\\\/#breadcrumb\",\"itemListElement\":[{\"@type\":\"ListItem\",\"position\":1,\"name\":\"Accueil\",\"item\":\"https:\\\/\\\/us-gc.net\\\/es\\\/green-card\\\/\"},{\"@type\":\"ListItem\",\"position\":2,\"name\":\"Loter\u00eda de la Tarjeta Verde 2026\"}]},{\"@type\":\"WebSite\",\"@id\":\"https:\\\/\\\/us-gc.net\\\/es\\\/#website\",\"url\":\"https:\\\/\\\/us-gc.net\\\/es\\\/\",\"name\":\"USA GC\",\"description\":\"\",\"potentialAction\":[{\"@type\":\"SearchAction\",\"target\":{\"@type\":\"EntryPoint\",\"urlTemplate\":\"https:\\\/\\\/us-gc.net\\\/es\\\/?s={search_term_string}\"},\"query-input\":{\"@type\":\"PropertyValueSpecification\",\"valueRequired\":true,\"valueName\":\"search_term_string\"}}],\"inLanguage\":\"es\"}]}<\/script>\n<!-- \/ Yoast SEO plugin. -->","yoast_head_json":{"title":"Loter\u00eda de la Tarjeta Verde 2026 - USA GC","description":"Aqu\u00ed tienes toda la informaci\u00f3n sobre el programa para obtener la Tarjeta Verde por sorteo en 2026 en EEUU","robots":{"index":"index","follow":"follow","max-snippet":"max-snippet:-1","max-image-preview":"max-image-preview:large","max-video-preview":"max-video-preview:-1"},"canonical":"https:\/\/us-gc.net\/es\/loteria-green-card-2026\/","og_locale":"es_ES","og_type":"article","og_title":"Loter\u00eda de la Tarjeta Verde 2026 - USA GC","og_description":"Aqu\u00ed tienes toda la informaci\u00f3n sobre el programa para obtener la Tarjeta Verde por sorteo en 2026 en EEUU","og_url":"https:\/\/us-gc.net\/es\/loteria-green-card-2026\/","og_site_name":"USA GC","article_modified_time":"2025-03-31T10:09:28+00:00","twitter_card":"summary_large_image","twitter_misc":{"Tiempo de lectura":"2 minutos"},"schema":{"@context":"https:\/\/schema.org","@graph":[{"@type":"WebPage","@id":"https:\/\/us-gc.net\/es\/loteria-green-card-2026\/","url":"https:\/\/us-gc.net\/es\/loteria-green-card-2026\/","name":"Loter\u00eda de la Tarjeta Verde 2026 - USA GC","isPartOf":{"@id":"https:\/\/us-gc.net\/es\/#website"},"datePublished":"2024-02-04T15:55:27+00:00","dateModified":"2025-03-31T10:09:28+00:00","description":"Aqu\u00ed tienes toda la informaci\u00f3n sobre el programa para obtener la Tarjeta Verde por sorteo en 2026 en EEUU","breadcrumb":{"@id":"https:\/\/us-gc.net\/es\/loteria-green-card-2026\/#breadcrumb"},"inLanguage":"es","potentialAction":[{"@type":"ReadAction","target":["https:\/\/us-gc.net\/es\/loteria-green-card-2026\/"]}]},{"@type":"BreadcrumbList","@id":"https:\/\/us-gc.net\/es\/loteria-green-card-2026\/#breadcrumb","itemListElement":[{"@type":"ListItem","position":1,"name":"Accueil","item":"https:\/\/us-gc.net\/es\/green-card\/"},{"@type":"ListItem","position":2,"name":"Loter\u00eda de la Tarjeta Verde 2026"}]},{"@type":"WebSite","@id":"https:\/\/us-gc.net\/es\/#website","url":"https:\/\/us-gc.net\/es\/","name":"USA GC","description":"","potentialAction":[{"@type":"SearchAction","target":{"@type":"EntryPoint","urlTemplate":"https:\/\/us-gc.net\/es\/?s={search_term_string}"},"query-input":{"@type":"PropertyValueSpecification","valueRequired":true,"valueName":"search_term_string"}}],"inLanguage":"es"}]}},"_links":{"self":[{"href":"https:\/\/us-gc.net\/es\/wp-json\/wp\/v2\/pages\/1132","targetHints":{"allow":["GET"]}}],"collection":[{"href":"https:\/\/us-gc.net\/es\/wp-json\/wp\/v2\/pages"}],"about":[{"href":"https:\/\/us-gc.net\/es\/wp-json\/wp\/v2\/types\/page"}],"author":[{"embeddable":true,"href":"https:\/\/us-gc.net\/es\/wp-json\/wp\/v2\/users\/1"}],"replies":[{"embeddable":true,"href":"https:\/\/us-gc.net\/es\/wp-json\/wp\/v2\/comments?post=1132"}],"version-history":[{"count":3,"href":"https:\/\/us-gc.net\/es\/wp-json\/wp\/v2\/pages\/1132\/revisions"}],"predecessor-version":[{"id":10118,"href":"https:\/\/us-gc.net\/es\/wp-json\/wp\/v2\/pages\/1132\/revisions\/10118"}],"wp:attachment":[{"href":"https:\/\/us-gc.net\/es\/wp-json\/wp\/v2\/media?parent=1132"}],"curies":[{"name":"wp","href":"https:\/\/api.w.org\/{rel}","templated":true}]}}