{"id":1113,"date":"2024-01-31T15:53:04","date_gmt":"2024-01-31T15:53:04","guid":{"rendered":"https:\/\/green-card-usa.net\/loteria-americana-tarjeta-verde\/"},"modified":"2024-12-30T09:46:11","modified_gmt":"2024-12-30T09:46:11","slug":"loteria-americana-tarjeta-verde","status":"publish","type":"page","link":"https:\/\/us-gc.net\/es\/loteria-americana-tarjeta-verde\/","title":{"rendered":"Participar en la loter\u00eda de la tarjeta verde americana"},"content":{"rendered":"\n<h1 class=\"wp-block-heading\" id=\"h-la-carte-verte-permet-de-vivre-aux-etats-unis\">La Tarjeta Verde le permite vivir en Estados Unidos<\/h1>\n\n<p>Cada a\u00f1o, miles de ciudadanos de todo el mundo intentan obtener una tarjeta verde americana para poder vivir en Estados Unidos.<\/p>\n\n<h2 class=\"wp-block-heading\" id=\"h-qu-est-ce-que-la-carte-verte\">\u00bfQu\u00e9 es la Carta Verde?<\/h2>\n\n<p>La Tarjeta Verde es una tarjeta estadounidense que da derecho a su titular a convertirse en residente permanente en Estados Unidos. Permite a los extranjeros trabajar legalmente en Estados Unidos. Este permiso de residencia se conoce en todo el mundo con el nombre de \u00abAmerican Green Card\u00bb, ya que se trata de una tarjeta verde.<\/p>\n\n<h2 class=\"wp-block-heading\" id=\"h-comment-obtenir-une-carte-verte\">\u00bfC\u00f3mo se obtiene la Carta Verde?<\/h2>\n\n<p>Hay varias formas de obtener la tarjeta verde en EE.UU. Los solicitantes extranjeros de la Tarjeta Verde pueden solicitarla por los siguientes motivos:<\/p>\n\n<ul class=\"wp-block-list\">\n<li><a href=\"https:\/\/us-gc.net\/es\/green-card-por-matrimonio\/\">Tarjeta verde por matrimonio<\/a> con un titular de tarjeta verde estadounidense ;<\/li>\n\n\n\n<li>Obtenci\u00f3n de la <a href=\"https:\/\/us-gc.net\/es\/green-card-de-empleo\/\">tarjeta verde a trav\u00e9s del empleo<\/a>;<\/li>\n\n\n\n<li>Obtenci\u00f3n de la <a href=\"https:\/\/us-gc.net\/es\/green-card-patrocinio\/\">Tarjeta Verde gracias a un patrocinador<\/a> familiar o empresarial;<\/li>\n<\/ul>\n\n<div style=\"height:10px\" aria-hidden=\"true\" class=\"wp-block-spacer\"><\/div>\n\n<p>Hay otras formas de obtener la Tarjeta Verde. La forma m\u00e1s codiciada de obtener una Tarjeta Verde en todo el mundo es a trav\u00e9s de la loter\u00eda estadounidense. <strong>Puede participar en esta loter\u00eda anual inscribi\u00e9ndose en l\u00ednea<\/strong> en tan solo unos minutos haciendo clic en el <a href=\"https:\/\/us-gc.net\/es\/formulario-loteria-green-card\/\">formulario en l\u00ednea<\/a>.<\/p>\n\n<div style=\"height:10px\" aria-hidden=\"true\" class=\"wp-block-spacer\"><\/div>\n\n<h2 class=\"wp-block-heading\" id=\"h-qu-est-ce-que-la-loterie-americaine-de-la-carte-verte\">\u00bfQu\u00e9 es la loter\u00eda de la tarjeta verde americana?<\/h2>\n\n<p>Estados Unidos ha creado el Programa de Visados de Diversidad para gestionar su inmigraci\u00f3n extranjera. Se trata de una loter\u00eda anual en la que participan cada a\u00f1o varios millones de extranjeros para obtener una de las 50.000 Tarjetas Verdes que se ofrecen por sorteo.<\/p>\n\n<h2 class=\"wp-block-heading\" id=\"h-quand-se-deroule-le-tirage-de-la-loterie-carte-verte\">\u00bfCu\u00e1ndo se celebra el sorteo de la Tarjeta Verde?<\/h2>\n\n<p>La loter\u00eda de la Tarjeta Verde se celebra una vez al a\u00f1o. Se celebra a finales de a\u00f1o, en noviembre. As\u00ed pues, los sorteos se designan por su a\u00f1o: existe la <a href=\"https:\/\/us-gc.net\/es\/green-card-loteria-2024\/\">Loter\u00eda de la Tarjeta Verde 2024<\/a>, la <a href=\"https:\/\/us-gc.net\/es\/loteria-green-card-2025\/\">Loter\u00eda de la Tarjeta Verde 2025<\/a> y la <a href=\"https:\/\/us-gc.net\/es\/loteria-green-card-2026\/\">Loter\u00eda de la Tarjeta Verde 2026<\/a>. Los candidatos deben inscribirse antes del cierre de las inscripciones para participar en el sorteo. Los <a href=\"https:\/\/us-gc.net\/es\/resultados-loteria-green-card\/\">resultados de la loter\u00eda de la Tarjeta Verde<\/a> se publican directamente en la web.<\/p>\n\n<h2 class=\"wp-block-heading\" id=\"h-comment-s-inscrire-a-la-loterie\">\u00bfC\u00f3mo puedo participar en el sorteo?<\/h2>\n\n<p>Los solicitantes deben comprobar primero si cumplen los requisitos para participar en el sorteo. Todos los a\u00f1os, el Gobierno estadounidense publica una lista de <a href=\"https:\/\/us-gc.net\/es\/loteria-green-card-paises-no-participantes\/\">pa\u00edses no autorizados a participar en la loter\u00eda de la Tarjeta Verde<\/a>.<\/p>\n\n<p>Los solicitantes de la loter\u00eda de la Tarjeta Verde deben inscribirse directamente en l\u00ednea. deben rellenar un <a href=\"https:\/\/us-gc.net\/es\/formulario-loteria-green-card\/\">formulario en l\u00ednea<\/a> para inscribirse en el sorteo.<\/p>\n","protected":false},"excerpt":{"rendered":"<p>La Tarjeta Verde le permite vivir en Estados Unidos Cada a\u00f1o, miles de ciudadanos de todo el mundo intentan obtener una tarjeta verde americana para poder vivir en Estados Unidos. \u00bfQu\u00e9 es la Carta Verde? La Tarjeta Verde es una tarjeta estadounidense que da derecho a su titular a convertirse en residente permanente en Estados [&hellip;]<\/p>\n","protected":false},"author":1,"featured_media":0,"parent":0,"menu_order":0,"comment_status":"closed","ping_status":"closed","template":"","meta":{"footnotes":""},"class_list":["post-1113","page","type-page","status-publish","hentry"],"yoast_head":"<!-- This site is optimized with the Yoast SEO plugin v27.2 - https:\/\/yoast.com\/product\/yoast-seo-wordpress\/ -->\n<title>Participar en la loter\u00eda de la tarjeta verde americana - USA GC<\/title>\n<meta name=\"description\" content=\"Participe en la loter\u00eda estadounidense para ganar una Tarjeta Verde. Es la tarjeta de residente permanente para vivir en Estados Unidos.\" \/>\n<meta name=\"robots\" content=\"index, follow, max-snippet:-1, max-image-preview:large, max-video-preview:-1\" \/>\n<link rel=\"canonical\" href=\"https:\/\/us-gc.net\/es\/loteria-americana-tarjeta-verde\/\" \/>\n<meta property=\"og:locale\" content=\"es_ES\" \/>\n<meta property=\"og:type\" content=\"article\" \/>\n<meta property=\"og:title\" content=\"Participar en la loter\u00eda de la tarjeta verde americana - USA GC\" \/>\n<meta property=\"og:description\" content=\"Participe en la loter\u00eda estadounidense para ganar una Tarjeta Verde. Es la tarjeta de residente permanente para vivir en Estados Unidos.\" \/>\n<meta property=\"og:url\" content=\"https:\/\/us-gc.net\/es\/loteria-americana-tarjeta-verde\/\" \/>\n<meta property=\"og:site_name\" content=\"USA GC\" \/>\n<meta property=\"article:modified_time\" content=\"2024-12-30T09:46:11+00:00\" \/>\n<meta name=\"twitter:card\" content=\"summary_large_image\" \/>\n<meta name=\"twitter:label1\" content=\"Tiempo de lectura\" \/>\n\t<meta name=\"twitter:data1\" content=\"2 minutos\" \/>\n<script type=\"application\/ld+json\" class=\"yoast-schema-graph\">{\"@context\":\"https:\/\/schema.org\",\"@graph\":[{\"@type\":\"WebPage\",\"@id\":\"https:\/\/us-gc.net\/es\/loteria-americana-tarjeta-verde\/\",\"url\":\"https:\/\/us-gc.net\/es\/loteria-americana-tarjeta-verde\/\",\"name\":\"Participar en la loter\u00eda de la tarjeta verde americana - USA GC\",\"isPartOf\":{\"@id\":\"https:\/\/us-gc.net\/es\/#website\"},\"datePublished\":\"2024-01-31T15:53:04+00:00\",\"dateModified\":\"2024-12-30T09:46:11+00:00\",\"description\":\"Participe en la loter\u00eda estadounidense para ganar una Tarjeta Verde. Es la tarjeta de residente permanente para vivir en Estados Unidos.\",\"breadcrumb\":{\"@id\":\"https:\/\/us-gc.net\/es\/loteria-americana-tarjeta-verde\/#breadcrumb\"},\"inLanguage\":\"es\",\"potentialAction\":[{\"@type\":\"ReadAction\",\"target\":[\"https:\/\/us-gc.net\/es\/loteria-americana-tarjeta-verde\/\"]}]},{\"@type\":\"BreadcrumbList\",\"@id\":\"https:\/\/us-gc.net\/es\/loteria-americana-tarjeta-verde\/#breadcrumb\",\"itemListElement\":[{\"@type\":\"ListItem\",\"position\":1,\"name\":\"Accueil\",\"item\":\"https:\/\/us-gc.net\/es\/green-card\/\"},{\"@type\":\"ListItem\",\"position\":2,\"name\":\"Participar en la loter\u00eda de la tarjeta verde americana\"}]},{\"@type\":\"WebSite\",\"@id\":\"https:\/\/us-gc.net\/es\/#website\",\"url\":\"https:\/\/us-gc.net\/es\/\",\"name\":\"USA GC\",\"description\":\"\",\"potentialAction\":[{\"@type\":\"SearchAction\",\"target\":{\"@type\":\"EntryPoint\",\"urlTemplate\":\"https:\/\/us-gc.net\/es\/?s={search_term_string}\"},\"query-input\":{\"@type\":\"PropertyValueSpecification\",\"valueRequired\":true,\"valueName\":\"search_term_string\"}}],\"inLanguage\":\"es\"}]}<\/script>\n<!-- \/ Yoast SEO plugin. -->","yoast_head_json":{"title":"Participar en la loter\u00eda de la tarjeta verde americana - USA GC","description":"Participe en la loter\u00eda estadounidense para ganar una Tarjeta Verde. Es la tarjeta de residente permanente para vivir en Estados Unidos.","robots":{"index":"index","follow":"follow","max-snippet":"max-snippet:-1","max-image-preview":"max-image-preview:large","max-video-preview":"max-video-preview:-1"},"canonical":"https:\/\/us-gc.net\/es\/loteria-americana-tarjeta-verde\/","og_locale":"es_ES","og_type":"article","og_title":"Participar en la loter\u00eda de la tarjeta verde americana - USA GC","og_description":"Participe en la loter\u00eda estadounidense para ganar una Tarjeta Verde. Es la tarjeta de residente permanente para vivir en Estados Unidos.","og_url":"https:\/\/us-gc.net\/es\/loteria-americana-tarjeta-verde\/","og_site_name":"USA GC","article_modified_time":"2024-12-30T09:46:11+00:00","twitter_card":"summary_large_image","twitter_misc":{"Tiempo de lectura":"2 minutos"},"schema":{"@context":"https:\/\/schema.org","@graph":[{"@type":"WebPage","@id":"https:\/\/us-gc.net\/es\/loteria-americana-tarjeta-verde\/","url":"https:\/\/us-gc.net\/es\/loteria-americana-tarjeta-verde\/","name":"Participar en la loter\u00eda de la tarjeta verde americana - USA GC","isPartOf":{"@id":"https:\/\/us-gc.net\/es\/#website"},"datePublished":"2024-01-31T15:53:04+00:00","dateModified":"2024-12-30T09:46:11+00:00","description":"Participe en la loter\u00eda estadounidense para ganar una Tarjeta Verde. Es la tarjeta de residente permanente para vivir en Estados Unidos.","breadcrumb":{"@id":"https:\/\/us-gc.net\/es\/loteria-americana-tarjeta-verde\/#breadcrumb"},"inLanguage":"es","potentialAction":[{"@type":"ReadAction","target":["https:\/\/us-gc.net\/es\/loteria-americana-tarjeta-verde\/"]}]},{"@type":"BreadcrumbList","@id":"https:\/\/us-gc.net\/es\/loteria-americana-tarjeta-verde\/#breadcrumb","itemListElement":[{"@type":"ListItem","position":1,"name":"Accueil","item":"https:\/\/us-gc.net\/es\/green-card\/"},{"@type":"ListItem","position":2,"name":"Participar en la loter\u00eda de la tarjeta verde americana"}]},{"@type":"WebSite","@id":"https:\/\/us-gc.net\/es\/#website","url":"https:\/\/us-gc.net\/es\/","name":"USA GC","description":"","potentialAction":[{"@type":"SearchAction","target":{"@type":"EntryPoint","urlTemplate":"https:\/\/us-gc.net\/es\/?s={search_term_string}"},"query-input":{"@type":"PropertyValueSpecification","valueRequired":true,"valueName":"search_term_string"}}],"inLanguage":"es"}]}},"_links":{"self":[{"href":"https:\/\/us-gc.net\/es\/wp-json\/wp\/v2\/pages\/1113","targetHints":{"allow":["GET"]}}],"collection":[{"href":"https:\/\/us-gc.net\/es\/wp-json\/wp\/v2\/pages"}],"about":[{"href":"https:\/\/us-gc.net\/es\/wp-json\/wp\/v2\/types\/page"}],"author":[{"embeddable":true,"href":"https:\/\/us-gc.net\/es\/wp-json\/wp\/v2\/users\/1"}],"replies":[{"embeddable":true,"href":"https:\/\/us-gc.net\/es\/wp-json\/wp\/v2\/comments?post=1113"}],"version-history":[{"count":1,"href":"https:\/\/us-gc.net\/es\/wp-json\/wp\/v2\/pages\/1113\/revisions"}],"predecessor-version":[{"id":8007,"href":"https:\/\/us-gc.net\/es\/wp-json\/wp\/v2\/pages\/1113\/revisions\/8007"}],"wp:attachment":[{"href":"https:\/\/us-gc.net\/es\/wp-json\/wp\/v2\/media?parent=1113"}],"curies":[{"name":"wp","href":"https:\/\/api.w.org\/{rel}","templated":true}]}}