{"id":1073,"date":"2024-01-31T16:02:41","date_gmt":"2024-01-31T16:02:41","guid":{"rendered":"https:\/\/green-card-usa.net\/loteria-green-card-2025\/"},"modified":"2024-12-30T09:45:44","modified_gmt":"2024-12-30T09:45:44","slug":"loteria-green-card-2025","status":"publish","type":"page","link":"https:\/\/us-gc.net\/es\/loteria-green-card-2025\/","title":{"rendered":"Loter\u00eda de la Green Card 2025"},"content":{"rendered":"\n<h1 class=\"wp-block-heading\" id=\"h-loterie-de-la-green-card-en-2025\">Loter\u00eda de la Green Card en 2025<\/h1>\n\n<p>El sorteo de la Green Card s\u00f3lo se celebra una vez al a\u00f1o. As\u00ed que cada a\u00f1o hay un nuevo lote de ganadores de la loter\u00eda, nombrados por el a\u00f1o en que obtuvieron su Tarjeta Verde.<\/p>\n\n<h2 class=\"wp-block-heading\" id=\"h-qu-est-ce-que-la-loterie-2025-de-la-green-card\">\u00bfQu\u00e9 es el sorteo de la Green Card 2025?<\/h2>\n\n<p>La loter\u00eda de la Tarjeta Verde 2025 se refiere al cupo de Tarjetas Verdes que se expedir\u00e1n en 2025. El sorteo de la loter\u00eda de 2025 tendr\u00e1 lugar en octubre de 2023. M\u00e1s de 50.000 extranjeros fueron seleccionados en esta loter\u00eda como ganadores del derecho a obtener una Tarjeta Verde en el marco del <a href=\"https:\/\/us-gc.net\/es\/diversity-visa-program\/\">Programa de Visados de Diversidad<\/a> de Estados Unidos.  <\/p>\n\n<h2 class=\"wp-block-heading\" id=\"h-quand-se-deroule-la-loterie-de-la-green-card-en-2025\">\u00bfCu\u00e1ndo se celebra la loter\u00eda de la Green Card en 2025?<\/h2>\n\n<p>La inscripci\u00f3n para el sorteo, que tendr\u00e1 lugar en 2025, se abrir\u00e1 en octubre de 2025.<\/p>\n\n<h2 class=\"wp-block-heading\" id=\"h-quelles-sont-les-resultats-de-la-loterie-de-la-green-card-2025\">\u00bfCu\u00e1les son los resultados de la loter\u00eda de la Green Card 2025?<\/h2>\n\n<p>Los <a href=\"https:\/\/us-gc.net\/es\/resultados-loteria-green-card\/\">resultados del sorteo de la Green Card<\/a> se publicar\u00e1n aproximadamente 6 meses despu\u00e9s del sorteo, que tiene lugar en noviembre. Los resultados del sorteo de la loter\u00eda que se celebre en 2025 se publicar\u00e1n en Internet a partir de mayo de 2026.<\/p>\n\n<p>Los resultados del sorteo del Visado de Diversidad 2025 celebrado en noviembre de 2023 est\u00e1n disponibles desde el 4 de mayo de 2024 en la p\u00e1gina en l\u00ednea: <a href=\"https:\/\/dvprogram.state.gov\/ESC\/\">dvprogram.state.gov<\/a>.<\/p>\n\n<h2 class=\"wp-block-heading\" id=\"h-comment-s-inscrire-a-la-loterie-de-la-green-card-2025\">\u00bfC\u00f3mo puedo participar en el sorteo de la Green Card 2025?<\/h2>\n\n<p>La inscripci\u00f3n para la <a href=\"https:\/\/us-gc.net\/es\/loteria-americana-tarjeta-verde\/\">loter\u00eda Carta Verde EE.UU.<\/a> se realiza \u00edntegramente en l\u00ednea. <strong>Participe en esta loter\u00eda anual inscribi\u00e9ndose en l\u00ednea<\/strong> en tan solo unos minutos haciendo clic en el <a href=\"https:\/\/us-gc.net\/es\/formulario-loteria-green-card\/\">formulario en l\u00ednea<\/a>. El proceso s\u00f3lo dura unos minutos.<\/p>\n\n<h2 class=\"wp-block-heading\" id=\"h-quel-sont-les-etapes-suivantes-pour-les-gagnants-de-la-loterie\">\u00bfCu\u00e1les son los siguientes pasos para los ganadores de loter\u00eda?<\/h2>\n\n<p>A continuaci\u00f3n, los ganadores de la loter\u00eda deben obtener un visado de diversidad. Los siguientes pasos del procedimiento son :<\/p>\n\n<ul class=\"wp-block-list\">\n<li>Cumplimentar el <a href=\"https:\/\/travel.state.gov\/content\/travel\/en\/us-visas\/visa-information-resources\/forms\/online-immigrant-visa-forms\/ds-260-faqs.html\">impreso DS-260<\/a> de solicitud de visado.<\/li>\n\n\n\n<li>Pago de las <a href=\"https:\/\/us-gc.net\/es\/precio-green-card\/\">tasas exigidas para la obtenci\u00f3n de la Green Card<\/a> en el marco de esta solicitud de visado obligatoria;<\/li>\n\n\n\n<li>Una <a href=\"https:\/\/us-gc.net\/es\/green-card-entrevista\/\">entrevista para la Green Card<\/a> con un funcionario del Programa de Visados de Diversidad del USCIS;<\/li>\n\n\n\n<li>Realizar un reconocimiento m\u00e9dico.<\/li>\n<\/ul>\n\n<div style=\"height:10px\" aria-hidden=\"true\" class=\"wp-block-spacer\"><\/div>\n\n<p>La <a href=\"https:\/\/us-gc.net\/es\/diferencia-entre-green-card-y-visado\/\">Green Card y el visado son documentos diferentes<\/a>. La obtenci\u00f3n de un visado de diversidad es uno de los pasos para obtener la Green Card.<\/p>\n","protected":false},"excerpt":{"rendered":"<p>Loter\u00eda de la Green Card en 2025 El sorteo de la Green Card s\u00f3lo se celebra una vez al a\u00f1o. As\u00ed que cada a\u00f1o hay un nuevo lote de ganadores de la loter\u00eda, nombrados por el a\u00f1o en que obtuvieron su Tarjeta Verde. \u00bfQu\u00e9 es el sorteo de la Green Card 2025? La loter\u00eda de [&hellip;]<\/p>\n","protected":false},"author":1,"featured_media":0,"parent":0,"menu_order":0,"comment_status":"closed","ping_status":"closed","template":"","meta":{"footnotes":""},"class_list":["post-1073","page","type-page","status-publish","hentry"],"yoast_head":"<!-- This site is optimized with the Yoast SEO plugin v27.4 - https:\/\/yoast.com\/product\/yoast-seo-wordpress\/ -->\n<title>Loter\u00eda de la Green Card 2025 - USA GC<\/title>\n<meta name=\"description\" content=\"Participar en la loter\u00eda de la Tarjeta Verde de 2025 para obtener una tarjeta de residente permanente en Estados Unidos\" \/>\n<meta name=\"robots\" content=\"index, follow, max-snippet:-1, max-image-preview:large, max-video-preview:-1\" \/>\n<link rel=\"canonical\" href=\"https:\/\/us-gc.net\/es\/loteria-green-card-2025\/\" \/>\n<meta property=\"og:locale\" content=\"es_ES\" \/>\n<meta property=\"og:type\" content=\"article\" \/>\n<meta property=\"og:title\" content=\"Loter\u00eda de la Green Card 2025 - USA GC\" \/>\n<meta property=\"og:description\" content=\"Participar en la loter\u00eda de la Tarjeta Verde de 2025 para obtener una tarjeta de residente permanente en Estados Unidos\" \/>\n<meta property=\"og:url\" content=\"https:\/\/us-gc.net\/es\/loteria-green-card-2025\/\" \/>\n<meta property=\"og:site_name\" content=\"USA GC\" \/>\n<meta property=\"article:modified_time\" content=\"2024-12-30T09:45:44+00:00\" \/>\n<meta name=\"twitter:card\" content=\"summary_large_image\" \/>\n<meta name=\"twitter:label1\" content=\"Tiempo de lectura\" \/>\n\t<meta name=\"twitter:data1\" content=\"2 minutos\" \/>\n<script type=\"application\/ld+json\" class=\"yoast-schema-graph\">{\"@context\":\"https:\\\/\\\/schema.org\",\"@graph\":[{\"@type\":\"WebPage\",\"@id\":\"https:\\\/\\\/us-gc.net\\\/es\\\/loteria-green-card-2025\\\/\",\"url\":\"https:\\\/\\\/us-gc.net\\\/es\\\/loteria-green-card-2025\\\/\",\"name\":\"Loter\u00eda de la Green Card 2025 - USA GC\",\"isPartOf\":{\"@id\":\"https:\\\/\\\/us-gc.net\\\/es\\\/#website\"},\"datePublished\":\"2024-01-31T16:02:41+00:00\",\"dateModified\":\"2024-12-30T09:45:44+00:00\",\"description\":\"Participar en la loter\u00eda de la Tarjeta Verde de 2025 para obtener una tarjeta de residente permanente en Estados Unidos\",\"breadcrumb\":{\"@id\":\"https:\\\/\\\/us-gc.net\\\/es\\\/loteria-green-card-2025\\\/#breadcrumb\"},\"inLanguage\":\"es\",\"potentialAction\":[{\"@type\":\"ReadAction\",\"target\":[\"https:\\\/\\\/us-gc.net\\\/es\\\/loteria-green-card-2025\\\/\"]}]},{\"@type\":\"BreadcrumbList\",\"@id\":\"https:\\\/\\\/us-gc.net\\\/es\\\/loteria-green-card-2025\\\/#breadcrumb\",\"itemListElement\":[{\"@type\":\"ListItem\",\"position\":1,\"name\":\"Accueil\",\"item\":\"https:\\\/\\\/us-gc.net\\\/es\\\/green-card\\\/\"},{\"@type\":\"ListItem\",\"position\":2,\"name\":\"Loter\u00eda de la Green Card 2025\"}]},{\"@type\":\"WebSite\",\"@id\":\"https:\\\/\\\/us-gc.net\\\/es\\\/#website\",\"url\":\"https:\\\/\\\/us-gc.net\\\/es\\\/\",\"name\":\"USA GC\",\"description\":\"\",\"potentialAction\":[{\"@type\":\"SearchAction\",\"target\":{\"@type\":\"EntryPoint\",\"urlTemplate\":\"https:\\\/\\\/us-gc.net\\\/es\\\/?s={search_term_string}\"},\"query-input\":{\"@type\":\"PropertyValueSpecification\",\"valueRequired\":true,\"valueName\":\"search_term_string\"}}],\"inLanguage\":\"es\"}]}<\/script>\n<!-- \/ Yoast SEO plugin. -->","yoast_head_json":{"title":"Loter\u00eda de la Green Card 2025 - USA GC","description":"Participar en la loter\u00eda de la Tarjeta Verde de 2025 para obtener una tarjeta de residente permanente en Estados Unidos","robots":{"index":"index","follow":"follow","max-snippet":"max-snippet:-1","max-image-preview":"max-image-preview:large","max-video-preview":"max-video-preview:-1"},"canonical":"https:\/\/us-gc.net\/es\/loteria-green-card-2025\/","og_locale":"es_ES","og_type":"article","og_title":"Loter\u00eda de la Green Card 2025 - USA GC","og_description":"Participar en la loter\u00eda de la Tarjeta Verde de 2025 para obtener una tarjeta de residente permanente en Estados Unidos","og_url":"https:\/\/us-gc.net\/es\/loteria-green-card-2025\/","og_site_name":"USA GC","article_modified_time":"2024-12-30T09:45:44+00:00","twitter_card":"summary_large_image","twitter_misc":{"Tiempo de lectura":"2 minutos"},"schema":{"@context":"https:\/\/schema.org","@graph":[{"@type":"WebPage","@id":"https:\/\/us-gc.net\/es\/loteria-green-card-2025\/","url":"https:\/\/us-gc.net\/es\/loteria-green-card-2025\/","name":"Loter\u00eda de la Green Card 2025 - USA GC","isPartOf":{"@id":"https:\/\/us-gc.net\/es\/#website"},"datePublished":"2024-01-31T16:02:41+00:00","dateModified":"2024-12-30T09:45:44+00:00","description":"Participar en la loter\u00eda de la Tarjeta Verde de 2025 para obtener una tarjeta de residente permanente en Estados Unidos","breadcrumb":{"@id":"https:\/\/us-gc.net\/es\/loteria-green-card-2025\/#breadcrumb"},"inLanguage":"es","potentialAction":[{"@type":"ReadAction","target":["https:\/\/us-gc.net\/es\/loteria-green-card-2025\/"]}]},{"@type":"BreadcrumbList","@id":"https:\/\/us-gc.net\/es\/loteria-green-card-2025\/#breadcrumb","itemListElement":[{"@type":"ListItem","position":1,"name":"Accueil","item":"https:\/\/us-gc.net\/es\/green-card\/"},{"@type":"ListItem","position":2,"name":"Loter\u00eda de la Green Card 2025"}]},{"@type":"WebSite","@id":"https:\/\/us-gc.net\/es\/#website","url":"https:\/\/us-gc.net\/es\/","name":"USA GC","description":"","potentialAction":[{"@type":"SearchAction","target":{"@type":"EntryPoint","urlTemplate":"https:\/\/us-gc.net\/es\/?s={search_term_string}"},"query-input":{"@type":"PropertyValueSpecification","valueRequired":true,"valueName":"search_term_string"}}],"inLanguage":"es"}]}},"_links":{"self":[{"href":"https:\/\/us-gc.net\/es\/wp-json\/wp\/v2\/pages\/1073","targetHints":{"allow":["GET"]}}],"collection":[{"href":"https:\/\/us-gc.net\/es\/wp-json\/wp\/v2\/pages"}],"about":[{"href":"https:\/\/us-gc.net\/es\/wp-json\/wp\/v2\/types\/page"}],"author":[{"embeddable":true,"href":"https:\/\/us-gc.net\/es\/wp-json\/wp\/v2\/users\/1"}],"replies":[{"embeddable":true,"href":"https:\/\/us-gc.net\/es\/wp-json\/wp\/v2\/comments?post=1073"}],"version-history":[{"count":1,"href":"https:\/\/us-gc.net\/es\/wp-json\/wp\/v2\/pages\/1073\/revisions"}],"predecessor-version":[{"id":7941,"href":"https:\/\/us-gc.net\/es\/wp-json\/wp\/v2\/pages\/1073\/revisions\/7941"}],"wp:attachment":[{"href":"https:\/\/us-gc.net\/es\/wp-json\/wp\/v2\/media?parent=1073"}],"curies":[{"name":"wp","href":"https:\/\/api.w.org\/{rel}","templated":true}]}}