{"id":1065,"date":"2024-01-31T15:56:24","date_gmt":"2024-01-31T15:56:24","guid":{"rendered":"https:\/\/green-card-usa.net\/green-card-loteria-2024\/"},"modified":"2025-03-31T10:07:59","modified_gmt":"2025-03-31T10:07:59","slug":"green-card-loteria-2024","status":"publish","type":"page","link":"https:\/\/us-gc.net\/es\/green-card-loteria-2024\/","title":{"rendered":"Loter\u00eda de la Green Card 2024"},"content":{"rendered":"\n<h1 class=\"wp-block-heading\" id=\"h-loterie-de-la-green-card-en-2024\">Loter\u00eda de la Green Card en 2024<\/h1>\n\n<p>El sorteo de la Green Card s\u00f3lo se celebra una vez al a\u00f1o. Existen dos formas de designar el a\u00f1o de loter\u00eda:<\/p>\n\n<ul class=\"wp-block-list\">\n<li>El Departamento de Estado de EE.UU. denomina cada promoci\u00f3n de la loter\u00eda por el a\u00f1o en que los solicitantes recibir\u00e1n su <a href=\"https:\/\/us-gc.net\/es\/\">Green Card<\/a>. As\u00ed pues, el sorteo que tendr\u00e1 lugar en el cuarto trimestre de 2024 es el programa <a href=\"https:\/\/us-gc.net\/es\/loteria-green-card-2026\/\">Green Card 2026<\/a>;<\/li>\n\n\n\n<li>La mayor\u00eda de los solicitantes del sorteo dan el nombre de loter\u00eda Green Card 2024 al sorteo que se celebra durante el a\u00f1o 2024.<\/li>\n<\/ul>\n\n<h2 class=\"wp-block-heading\" id=\"h-qu-est-ce-que-la-loterie-2024-de-la-green-card\">\u00bfQu\u00e9 es la loter\u00eda de la Green Card 2024?<\/h2>\n\n<p>La loter\u00eda de la Green Card 2024 se conoce m\u00e1s a menudo como el sorteo anual que tiene lugar durante el a\u00f1o 2024. Este sorteo se celebra una vez al a\u00f1o y permite a m\u00e1s de 50.000 extranjeros ganar el derecho a solicitar una Tarjeta Verde en el marco del Programa de Visados de Diversidad de Estados Unidos.<\/p>\n\n<h2 class=\"wp-block-heading\" id=\"h-quand-se-deroule-la-loterie-de-la-green-card-pour-l-annee-2024\">\u00bfCu\u00e1ndo es la loter\u00eda de la Green Card para 2024?<\/h2>\n\n<p>Las \u00faltimas inscripciones para el sorteo de 2024 tuvieron lugar en octubre de 2024. Las fechas exactas para 2024 fueron : <\/p>\n\n<ul class=\"wp-block-list\">\n<li>El plazo de inscripci\u00f3n comenz\u00f3 el 2 de octubre de 2024 ;<\/li>\n\n\n\n<li>La inscripci\u00f3n se cerr\u00f3 el 5 de noviembre de 2024.<\/li>\n<\/ul>\n\n<div style=\"height:10px\" aria-hidden=\"true\" class=\"wp-block-spacer\"><\/div>\n\n<p>La siguiente fase de inscripci\u00f3n ser\u00e1 para participar en el sorteo, que tendr\u00e1 lugar en 2025. Ya puedes preinscribirte haciendo clic en el <a href=\"https:\/\/us-gc.net\/es\/formulario-loteria-green-card\/\">formulario en l\u00ednea<\/a> para completar tu solicitud de participaci\u00f3n en el sorteo. <\/p>\n\n<h2 class=\"wp-block-heading\" id=\"h-quelles-sont-les-resultats-de-la-loterie-de-la-green-card-2024\">\u00bfCu\u00e1les son los resultados de la loter\u00eda de la Green Card 2024?<\/h2>\n\n<p>Los <a href=\"https:\/\/us-gc.net\/es\/resultados-loteria-green-card\/\">resultados del sorteo de la Green Card<\/a> se publican cada a\u00f1o unos 6 meses despu\u00e9s del sorteo, que tiene lugar en noviembre. Los resultados del sorteo de la loter\u00eda que tendr\u00e1 lugar en 2024 se publicar\u00e1n en Internet a partir de mayo de 2025.<\/p>\n\n<h2 class=\"wp-block-heading\" id=\"h-comment-s-inscrire-a-la-loterie-de-la-green-card-2024\">\u00bfC\u00f3mo puedo participar en el sorteo de la Green Card 2024?<\/h2>\n\n<p>La inscripci\u00f3n para la <a href=\"https:\/\/us-gc.net\/es\/loteria-americana-tarjeta-verde\/\">loter\u00eda Carta Verde EE.UU.<\/a> se realiza \u00edntegramente en l\u00ednea. <strong>Participe en esta loter\u00eda anual inscribi\u00e9ndose en l\u00ednea<\/strong> en tan solo unos minutos haciendo clic en el <a href=\"https:\/\/us-gc.net\/es\/formulario-loteria-green-card\/\">formulario en l\u00ednea<\/a>. El proceso s\u00f3lo dura unos minutos.<\/p>\n\n<h2 class=\"wp-block-heading\" id=\"h-quel-sont-les-etapes-suivantes-pour-les-gagnants-de-la-loterie\">\u00bfCu\u00e1les son los siguientes pasos para los ganadores de loter\u00eda?<\/h2>\n\n<p>A continuaci\u00f3n, los ganadores de la loter\u00eda deben obtener un visado de diversidad. Los siguientes pasos del procedimiento son :<\/p>\n\n<ul class=\"wp-block-list\">\n<li>Cumplimentar el <a href=\"https:\/\/travel.state.gov\/content\/travel\/en\/us-visas\/visa-information-resources\/forms\/online-immigrant-visa-forms\/ds-260-faqs.html\">impreso DS-260<\/a> de solicitud de visado.<\/li>\n\n\n\n<li>Pago de las <a href=\"https:\/\/us-gc.net\/es\/precio-green-card\/\">tasas exigidas para la obtenci\u00f3n de la Green Card<\/a> en el marco de esta solicitud de visado obligatoria;<\/li>\n\n\n\n<li>Una <a href=\"https:\/\/us-gc.net\/es\/green-card-entrevista\/\">entrevista para la Green Card<\/a> con un funcionario del Programa de Visados de Diversidad del USCIS;<\/li>\n\n\n\n<li>Realizar un reconocimiento m\u00e9dico.<\/li>\n<\/ul>\n\n<div style=\"height:10px\" aria-hidden=\"true\" class=\"wp-block-spacer\"><\/div>\n\n<p>La <a href=\"https:\/\/us-gc.net\/es\/diferencia-entre-green-card-y-visado\/\">Green Card y el visado son documentos diferentes<\/a>. La obtenci\u00f3n de un visado de diversidad es uno de los pasos para obtener la Green Card.<\/p>\n","protected":false},"excerpt":{"rendered":"<p>Loter\u00eda de la Green Card en 2024 El sorteo de la Green Card s\u00f3lo se celebra una vez al a\u00f1o. Existen dos formas de designar el a\u00f1o de loter\u00eda: \u00bfQu\u00e9 es la loter\u00eda de la Green Card 2024? La loter\u00eda de la Green Card 2024 se conoce m\u00e1s a menudo como el sorteo anual que [&hellip;]<\/p>\n","protected":false},"author":1,"featured_media":0,"parent":0,"menu_order":0,"comment_status":"closed","ping_status":"closed","template":"","meta":{"footnotes":""},"class_list":["post-1065","page","type-page","status-publish","hentry"],"yoast_head":"<!-- This site is optimized with the Yoast SEO plugin v27.2 - https:\/\/yoast.com\/product\/yoast-seo-wordpress\/ -->\n<title>Loter\u00eda de la Green Card 2024 - USA GC<\/title>\n<meta name=\"description\" content=\"Participe en el sorteo de la Green Card en 2024. Todos los a\u00f1os se sortea una Green Card.\" \/>\n<meta name=\"robots\" content=\"index, follow, max-snippet:-1, max-image-preview:large, max-video-preview:-1\" \/>\n<link rel=\"canonical\" href=\"https:\/\/us-gc.net\/es\/green-card-loteria-2024\/\" \/>\n<meta property=\"og:locale\" content=\"es_ES\" \/>\n<meta property=\"og:type\" content=\"article\" \/>\n<meta property=\"og:title\" content=\"Loter\u00eda de la Green Card 2024 - USA GC\" \/>\n<meta property=\"og:description\" content=\"Participe en el sorteo de la Green Card en 2024. Todos los a\u00f1os se sortea una Green Card.\" \/>\n<meta property=\"og:url\" content=\"https:\/\/us-gc.net\/es\/green-card-loteria-2024\/\" \/>\n<meta property=\"og:site_name\" content=\"USA GC\" \/>\n<meta property=\"article:modified_time\" content=\"2025-03-31T10:07:59+00:00\" \/>\n<meta name=\"twitter:card\" content=\"summary_large_image\" \/>\n<meta name=\"twitter:label1\" content=\"Tiempo de lectura\" \/>\n\t<meta name=\"twitter:data1\" content=\"2 minutos\" \/>\n<script type=\"application\/ld+json\" class=\"yoast-schema-graph\">{\"@context\":\"https:\/\/schema.org\",\"@graph\":[{\"@type\":\"WebPage\",\"@id\":\"https:\/\/us-gc.net\/es\/green-card-loteria-2024\/\",\"url\":\"https:\/\/us-gc.net\/es\/green-card-loteria-2024\/\",\"name\":\"Loter\u00eda de la Green Card 2024 - USA GC\",\"isPartOf\":{\"@id\":\"https:\/\/us-gc.net\/es\/#website\"},\"datePublished\":\"2024-01-31T15:56:24+00:00\",\"dateModified\":\"2025-03-31T10:07:59+00:00\",\"description\":\"Participe en el sorteo de la Green Card en 2024. Todos los a\u00f1os se sortea una Green Card.\",\"breadcrumb\":{\"@id\":\"https:\/\/us-gc.net\/es\/green-card-loteria-2024\/#breadcrumb\"},\"inLanguage\":\"es\",\"potentialAction\":[{\"@type\":\"ReadAction\",\"target\":[\"https:\/\/us-gc.net\/es\/green-card-loteria-2024\/\"]}]},{\"@type\":\"BreadcrumbList\",\"@id\":\"https:\/\/us-gc.net\/es\/green-card-loteria-2024\/#breadcrumb\",\"itemListElement\":[{\"@type\":\"ListItem\",\"position\":1,\"name\":\"Accueil\",\"item\":\"https:\/\/us-gc.net\/es\/green-card\/\"},{\"@type\":\"ListItem\",\"position\":2,\"name\":\"Loter\u00eda de la Green Card 2024\"}]},{\"@type\":\"WebSite\",\"@id\":\"https:\/\/us-gc.net\/es\/#website\",\"url\":\"https:\/\/us-gc.net\/es\/\",\"name\":\"USA GC\",\"description\":\"\",\"potentialAction\":[{\"@type\":\"SearchAction\",\"target\":{\"@type\":\"EntryPoint\",\"urlTemplate\":\"https:\/\/us-gc.net\/es\/?s={search_term_string}\"},\"query-input\":{\"@type\":\"PropertyValueSpecification\",\"valueRequired\":true,\"valueName\":\"search_term_string\"}}],\"inLanguage\":\"es\"}]}<\/script>\n<!-- \/ Yoast SEO plugin. -->","yoast_head_json":{"title":"Loter\u00eda de la Green Card 2024 - USA GC","description":"Participe en el sorteo de la Green Card en 2024. Todos los a\u00f1os se sortea una Green Card.","robots":{"index":"index","follow":"follow","max-snippet":"max-snippet:-1","max-image-preview":"max-image-preview:large","max-video-preview":"max-video-preview:-1"},"canonical":"https:\/\/us-gc.net\/es\/green-card-loteria-2024\/","og_locale":"es_ES","og_type":"article","og_title":"Loter\u00eda de la Green Card 2024 - USA GC","og_description":"Participe en el sorteo de la Green Card en 2024. Todos los a\u00f1os se sortea una Green Card.","og_url":"https:\/\/us-gc.net\/es\/green-card-loteria-2024\/","og_site_name":"USA GC","article_modified_time":"2025-03-31T10:07:59+00:00","twitter_card":"summary_large_image","twitter_misc":{"Tiempo de lectura":"2 minutos"},"schema":{"@context":"https:\/\/schema.org","@graph":[{"@type":"WebPage","@id":"https:\/\/us-gc.net\/es\/green-card-loteria-2024\/","url":"https:\/\/us-gc.net\/es\/green-card-loteria-2024\/","name":"Loter\u00eda de la Green Card 2024 - USA GC","isPartOf":{"@id":"https:\/\/us-gc.net\/es\/#website"},"datePublished":"2024-01-31T15:56:24+00:00","dateModified":"2025-03-31T10:07:59+00:00","description":"Participe en el sorteo de la Green Card en 2024. Todos los a\u00f1os se sortea una Green Card.","breadcrumb":{"@id":"https:\/\/us-gc.net\/es\/green-card-loteria-2024\/#breadcrumb"},"inLanguage":"es","potentialAction":[{"@type":"ReadAction","target":["https:\/\/us-gc.net\/es\/green-card-loteria-2024\/"]}]},{"@type":"BreadcrumbList","@id":"https:\/\/us-gc.net\/es\/green-card-loteria-2024\/#breadcrumb","itemListElement":[{"@type":"ListItem","position":1,"name":"Accueil","item":"https:\/\/us-gc.net\/es\/green-card\/"},{"@type":"ListItem","position":2,"name":"Loter\u00eda de la Green Card 2024"}]},{"@type":"WebSite","@id":"https:\/\/us-gc.net\/es\/#website","url":"https:\/\/us-gc.net\/es\/","name":"USA GC","description":"","potentialAction":[{"@type":"SearchAction","target":{"@type":"EntryPoint","urlTemplate":"https:\/\/us-gc.net\/es\/?s={search_term_string}"},"query-input":{"@type":"PropertyValueSpecification","valueRequired":true,"valueName":"search_term_string"}}],"inLanguage":"es"}]}},"_links":{"self":[{"href":"https:\/\/us-gc.net\/es\/wp-json\/wp\/v2\/pages\/1065","targetHints":{"allow":["GET"]}}],"collection":[{"href":"https:\/\/us-gc.net\/es\/wp-json\/wp\/v2\/pages"}],"about":[{"href":"https:\/\/us-gc.net\/es\/wp-json\/wp\/v2\/types\/page"}],"author":[{"embeddable":true,"href":"https:\/\/us-gc.net\/es\/wp-json\/wp\/v2\/users\/1"}],"replies":[{"embeddable":true,"href":"https:\/\/us-gc.net\/es\/wp-json\/wp\/v2\/comments?post=1065"}],"version-history":[{"count":3,"href":"https:\/\/us-gc.net\/es\/wp-json\/wp\/v2\/pages\/1065\/revisions"}],"predecessor-version":[{"id":10097,"href":"https:\/\/us-gc.net\/es\/wp-json\/wp\/v2\/pages\/1065\/revisions\/10097"}],"wp:attachment":[{"href":"https:\/\/us-gc.net\/es\/wp-json\/wp\/v2\/media?parent=1065"}],"curies":[{"name":"wp","href":"https:\/\/api.w.org\/{rel}","templated":true}]}}