{"id":1001,"date":"2024-01-31T14:33:04","date_gmt":"2024-01-31T14:33:04","guid":{"rendered":"https:\/\/green-card-usa.net\/green-card-por-matrimonio\/"},"modified":"2024-12-30T09:39:39","modified_gmt":"2024-12-30T09:39:39","slug":"green-card-por-matrimonio","status":"publish","type":"page","link":"https:\/\/us-gc.net\/es\/green-card-por-matrimonio\/","title":{"rendered":"Green Card obtenida por matrimonio"},"content":{"rendered":"\n<h1 class=\"wp-block-heading\" id=\"h-obtenir-une-green-card-par-mariage\">Obtener la Green Card por matrimonio<\/h1>\n\n<p>La Green Card puede obtenerse por matrimonio con un ciudadano estadounidense o con un residente legal permanente (LPR). Por tanto, el matrimonio le permite convertirse en residente permanente en Estados Unidos. He aqu\u00ed las etapas y condiciones esenciales para beneficiarse del r\u00e9gimen.<\/p>\n\n<h2 class=\"wp-block-heading\" id=\"h-eligibilite-a-la-green-card-par-mariage\">Requisitos para obtener la Green Card por matrimonio<\/h2>\n\n<p>Para poder optar a una Green Card por matrimonio, debe estar casado con un ciudadano estadounidense o un residente legal permanente. El matrimonio debe ser legal y basarse en una relaci\u00f3n aut\u00e9ntica. La ambici\u00f3n de convertirse en residente permanente estadounidense no debe ser la raz\u00f3n principal del matrimonio.<\/p>\n\n<h2 class=\"wp-block-heading\" id=\"h-conditions-et-preuves-requises\">Condiciones y pruebas exigidas<\/h2>\n\n<p>Las parejas deben aportar pruebas sustanciales de su matrimonio leg\u00edtimo. Por ejemplo, la pareja puede aportar extractos bancarios conjuntos, contratos de alquiler o hipotecas conjuntos, fotos de la boda y eventos familiares. Cualquier otro documento que acredite su parentesco puede ser pertinente y debe adjuntarse a la solicitud.<\/p>\n\n<p>Si no cumple las condiciones, a\u00fan puede obtener una <a href=\"https:\/\/us-gc.net\/es\/loteria-green-card\/\">Green Card por sorteo<\/a>. <strong>Para participar en el sorteo anual<\/strong>, solo tiene que rellenar el <a href=\"https:\/\/us-gc.net\/es\/formulario-loteria-green-card\/\">formulario en l\u00ednea<\/a>.<\/p>\n\n<div style=\"height:10px\" aria-hidden=\"true\" class=\"wp-block-spacer\"><\/div>\n\n<h2 class=\"wp-block-heading\" id=\"h-processus-de-demande\">Proceso de solicitud<\/h2>\n\n<p>La solicitud de la <a href=\"https:\/\/us-gc.net\/es\/\">Green Card<\/a> por matrimonio consta de varias fases.<\/p>\n\n<ol class=\"wp-block-list\">\n<li><strong>Presentaci\u00f3n de la petici\u00f3n<\/strong>: La pareja ciudadana o RPL debe presentar primero <a href=\"https:\/\/www.uscis.gov\/i-130\">el formulario I-130<\/a>. Se trata de una petici\u00f3n para un progenitor extranjero que debe presentarse al Servicio de Ciudadan\u00eda e Inmigraci\u00f3n de Estados Unidos (USCIS).<\/li>\n\n\n\n<li><strong>Ajuste de estatus o proceso consular<\/strong>: Si el c\u00f3nyuge no ciudadano ya se encuentra en Estados Unidos, puede solicitar un ajuste de estatus mediante el <a href=\"https:\/\/www.uscis.gov\/i-485\">formulario I-485<\/a>. Si el c\u00f3nyuge est\u00e1 fuera de Estados Unidos, debe pasar por el consulado de su pa\u00eds de origen.<\/li>\n\n\n\n<li><strong>Entrevista y aprobaci\u00f3n<\/strong>: Se invitar\u00e1 a ambos c\u00f3nyuges a una <a href=\"https:\/\/us-gc.net\/es\/green-card-entrevista\/\">entrevista sobre la Green Card<\/a> para verificar la autenticidad del matrimonio. Si se aprueba la solicitud, se expedir\u00e1 la Green Card al c\u00f3nyuge no ciudadano.<\/li>\n<\/ol>\n\n<h2 class=\"wp-block-heading\" id=\"h-green-card-conditionnelle\">Green Card condicional<\/h2>\n\n<p>Si el matrimonio tiene menos de dos a\u00f1os en el momento de la aprobaci\u00f3n, el c\u00f3nyuge no ciudadano recibir\u00e1 una Green Card condicional v\u00e1lida durante dos a\u00f1os. Antes de que expire, la pareja tendr\u00e1 que presentar el <a href=\"https:\/\/www.uscis.gov\/sites\/default\/files\/document\/forms\/i-751.pdf\">formulario I-751<\/a> para solicitar la supresi\u00f3n de las condiciones y obtener una Green Card permanente.<\/p>\n\n<h2 class=\"wp-block-heading\" id=\"h-conseils-pour-une-reussir-la-demande-de-green-card\">Consejos para solicitar con \u00e9xito la Green Card<\/h2>\n\n<p>La Green Card da derecho a la residencia permanente en Estados Unidos. El procedimiento para obtener la Green Card por matrimonio es especialmente minucioso y el \u00e9xito no est\u00e1 garantizado. Aqu\u00ed tienes algunos consejos para maximizar tus posibilidades de \u00e9xito:<\/p>\n\n<ul class=\"wp-block-list\">\n<li><strong>Documente minuciosamente su relaci\u00f3n<\/strong>: Guarde un registro de los documentos y fotos que demuestren la continuidad y autenticidad de su relaci\u00f3n.<\/li>\n\n\n\n<li><strong>Prep\u00e1rese para la entrevista<\/strong>: Prep\u00e1rese para responder abierta y honestamente a las preguntas sobre su relaci\u00f3n y su matrimonio.<\/li>\n\n\n\n<li><strong>Respete los plazos<\/strong>: aseg\u00farese de presentar todas las solicitudes y documentos necesarios dentro de los plazos establecidos.<\/li>\n<\/ul>\n\n<p><\/p>\n","protected":false},"excerpt":{"rendered":"<p>Obtener la Green Card por matrimonio La Green Card puede obtenerse por matrimonio con un ciudadano estadounidense o con un residente legal permanente (LPR). Por tanto, el matrimonio le permite convertirse en residente permanente en Estados Unidos. He aqu\u00ed las etapas y condiciones esenciales para beneficiarse del r\u00e9gimen. Requisitos para obtener la Green Card por [&hellip;]<\/p>\n","protected":false},"author":1,"featured_media":0,"parent":0,"menu_order":0,"comment_status":"closed","ping_status":"closed","template":"","meta":{"footnotes":""},"class_list":["post-1001","page","type-page","status-publish","hentry"],"yoast_head":"<!-- This site is optimized with the Yoast SEO plugin v27.4 - https:\/\/yoast.com\/product\/yoast-seo-wordpress\/ -->\n<title>Green Card obtenida por matrimonio - USA GC<\/title>\n<meta name=\"description\" content=\"Obtener la Green Card cas\u00e1ndose con un ciudadano estadounidense o titular de una Green Card estadounidense\" \/>\n<meta name=\"robots\" content=\"index, follow, max-snippet:-1, max-image-preview:large, max-video-preview:-1\" \/>\n<link rel=\"canonical\" href=\"https:\/\/us-gc.net\/es\/green-card-por-matrimonio\/\" \/>\n<meta property=\"og:locale\" content=\"es_ES\" \/>\n<meta property=\"og:type\" content=\"article\" \/>\n<meta property=\"og:title\" content=\"Green Card obtenida por matrimonio - USA GC\" \/>\n<meta property=\"og:description\" content=\"Obtener la Green Card cas\u00e1ndose con un ciudadano estadounidense o titular de una Green Card estadounidense\" \/>\n<meta property=\"og:url\" content=\"https:\/\/us-gc.net\/es\/green-card-por-matrimonio\/\" \/>\n<meta property=\"og:site_name\" content=\"USA GC\" \/>\n<meta property=\"article:modified_time\" content=\"2024-12-30T09:39:39+00:00\" \/>\n<meta name=\"twitter:card\" content=\"summary_large_image\" \/>\n<meta name=\"twitter:label1\" content=\"Tiempo de lectura\" \/>\n\t<meta name=\"twitter:data1\" content=\"3 minutos\" \/>\n<script type=\"application\/ld+json\" class=\"yoast-schema-graph\">{\"@context\":\"https:\\\/\\\/schema.org\",\"@graph\":[{\"@type\":\"WebPage\",\"@id\":\"https:\\\/\\\/us-gc.net\\\/es\\\/green-card-por-matrimonio\\\/\",\"url\":\"https:\\\/\\\/us-gc.net\\\/es\\\/green-card-por-matrimonio\\\/\",\"name\":\"Green Card obtenida por matrimonio - USA GC\",\"isPartOf\":{\"@id\":\"https:\\\/\\\/us-gc.net\\\/es\\\/#website\"},\"datePublished\":\"2024-01-31T14:33:04+00:00\",\"dateModified\":\"2024-12-30T09:39:39+00:00\",\"description\":\"Obtener la Green Card cas\u00e1ndose con un ciudadano estadounidense o titular de una Green Card estadounidense\",\"breadcrumb\":{\"@id\":\"https:\\\/\\\/us-gc.net\\\/es\\\/green-card-por-matrimonio\\\/#breadcrumb\"},\"inLanguage\":\"es\",\"potentialAction\":[{\"@type\":\"ReadAction\",\"target\":[\"https:\\\/\\\/us-gc.net\\\/es\\\/green-card-por-matrimonio\\\/\"]}]},{\"@type\":\"BreadcrumbList\",\"@id\":\"https:\\\/\\\/us-gc.net\\\/es\\\/green-card-por-matrimonio\\\/#breadcrumb\",\"itemListElement\":[{\"@type\":\"ListItem\",\"position\":1,\"name\":\"Accueil\",\"item\":\"https:\\\/\\\/us-gc.net\\\/es\\\/green-card\\\/\"},{\"@type\":\"ListItem\",\"position\":2,\"name\":\"Green Card obtenida por matrimonio\"}]},{\"@type\":\"WebSite\",\"@id\":\"https:\\\/\\\/us-gc.net\\\/es\\\/#website\",\"url\":\"https:\\\/\\\/us-gc.net\\\/es\\\/\",\"name\":\"USA GC\",\"description\":\"\",\"potentialAction\":[{\"@type\":\"SearchAction\",\"target\":{\"@type\":\"EntryPoint\",\"urlTemplate\":\"https:\\\/\\\/us-gc.net\\\/es\\\/?s={search_term_string}\"},\"query-input\":{\"@type\":\"PropertyValueSpecification\",\"valueRequired\":true,\"valueName\":\"search_term_string\"}}],\"inLanguage\":\"es\"}]}<\/script>\n<!-- \/ Yoast SEO plugin. -->","yoast_head_json":{"title":"Green Card obtenida por matrimonio - USA GC","description":"Obtener la Green Card cas\u00e1ndose con un ciudadano estadounidense o titular de una Green Card estadounidense","robots":{"index":"index","follow":"follow","max-snippet":"max-snippet:-1","max-image-preview":"max-image-preview:large","max-video-preview":"max-video-preview:-1"},"canonical":"https:\/\/us-gc.net\/es\/green-card-por-matrimonio\/","og_locale":"es_ES","og_type":"article","og_title":"Green Card obtenida por matrimonio - USA GC","og_description":"Obtener la Green Card cas\u00e1ndose con un ciudadano estadounidense o titular de una Green Card estadounidense","og_url":"https:\/\/us-gc.net\/es\/green-card-por-matrimonio\/","og_site_name":"USA GC","article_modified_time":"2024-12-30T09:39:39+00:00","twitter_card":"summary_large_image","twitter_misc":{"Tiempo de lectura":"3 minutos"},"schema":{"@context":"https:\/\/schema.org","@graph":[{"@type":"WebPage","@id":"https:\/\/us-gc.net\/es\/green-card-por-matrimonio\/","url":"https:\/\/us-gc.net\/es\/green-card-por-matrimonio\/","name":"Green Card obtenida por matrimonio - USA GC","isPartOf":{"@id":"https:\/\/us-gc.net\/es\/#website"},"datePublished":"2024-01-31T14:33:04+00:00","dateModified":"2024-12-30T09:39:39+00:00","description":"Obtener la Green Card cas\u00e1ndose con un ciudadano estadounidense o titular de una Green Card estadounidense","breadcrumb":{"@id":"https:\/\/us-gc.net\/es\/green-card-por-matrimonio\/#breadcrumb"},"inLanguage":"es","potentialAction":[{"@type":"ReadAction","target":["https:\/\/us-gc.net\/es\/green-card-por-matrimonio\/"]}]},{"@type":"BreadcrumbList","@id":"https:\/\/us-gc.net\/es\/green-card-por-matrimonio\/#breadcrumb","itemListElement":[{"@type":"ListItem","position":1,"name":"Accueil","item":"https:\/\/us-gc.net\/es\/green-card\/"},{"@type":"ListItem","position":2,"name":"Green Card obtenida por matrimonio"}]},{"@type":"WebSite","@id":"https:\/\/us-gc.net\/es\/#website","url":"https:\/\/us-gc.net\/es\/","name":"USA GC","description":"","potentialAction":[{"@type":"SearchAction","target":{"@type":"EntryPoint","urlTemplate":"https:\/\/us-gc.net\/es\/?s={search_term_string}"},"query-input":{"@type":"PropertyValueSpecification","valueRequired":true,"valueName":"search_term_string"}}],"inLanguage":"es"}]}},"_links":{"self":[{"href":"https:\/\/us-gc.net\/es\/wp-json\/wp\/v2\/pages\/1001","targetHints":{"allow":["GET"]}}],"collection":[{"href":"https:\/\/us-gc.net\/es\/wp-json\/wp\/v2\/pages"}],"about":[{"href":"https:\/\/us-gc.net\/es\/wp-json\/wp\/v2\/types\/page"}],"author":[{"embeddable":true,"href":"https:\/\/us-gc.net\/es\/wp-json\/wp\/v2\/users\/1"}],"replies":[{"embeddable":true,"href":"https:\/\/us-gc.net\/es\/wp-json\/wp\/v2\/comments?post=1001"}],"version-history":[{"count":1,"href":"https:\/\/us-gc.net\/es\/wp-json\/wp\/v2\/pages\/1001\/revisions"}],"predecessor-version":[{"id":7653,"href":"https:\/\/us-gc.net\/es\/wp-json\/wp\/v2\/pages\/1001\/revisions\/7653"}],"wp:attachment":[{"href":"https:\/\/us-gc.net\/es\/wp-json\/wp\/v2\/media?parent=1001"}],"curies":[{"name":"wp","href":"https:\/\/api.w.org\/{rel}","templated":true}]}}